{"id":1506,"date":"2024-12-23T05:50:37","date_gmt":"2024-12-23T05:50:37","guid":{"rendered":"https:\/\/fmp-components.com\/product\/premium-quality-snow-plow-2-ton-hydraulic-cylinder-small-hydraulic-cylinder\/"},"modified":"2024-12-23T06:28:21","modified_gmt":"2024-12-23T06:28:21","slug":"premium-quality-snow-plow-2-ton-hydraulic-cylinder-small-hydraulic-cylinder","status":"publish","type":"product","link":"https:\/\/fmp-components.com\/pl\/product\/premium-quality-snow-plow-2-ton-hydraulic-cylinder-small-hydraulic-cylinder\/","title":{"rendered":"P\u0142ug do \u015bniegu najwy\u017cszej jako\u015bci, si\u0142ownik hydrauliczny 2 tony, ma\u0142y si\u0142ownik hydrauliczny"},"content":{"rendered":"<p>Najwy\u017cszej jako\u015bci p\u0142ug do \u015bniegu z cylindrem hydraulicznym o ud\u017awigu 2 ton i ma\u0142ym cylindrem hydraulicznym. Przedstawiamy najwy\u017cszej jako\u015bci p\u0142ug do \u015bniegu z cylindrem hydraulicznym o ud\u017awigu 2 ton i ma\u0142ym cylindrem hydraulicznym:<\/p>\n<p>Wysokiej jako\u015bci si\u0142ownik hydrauliczny do p\u0142ugu \u015bnie\u017cnego o ud\u017awigu 2 ton oraz ma\u0142y si\u0142ownik hydrauliczny to produkty najwy\u017cszej klasy, zaprojektowane z my\u015bl\u0105 o zaspokojeniu wszystkich Twoich potrzeb hydraulicznych. Dzi\u0119ki wyj\u0105tkowej wydajno\u015bci i trwa\u0142o\u015bci, si\u0142owniki te idealnie nadaj\u0105 si\u0119 do szerokiego zakresu zastosowa\u0144.<\/p>\n<p>Si\u0142ownik hydrauliczny do p\u0142ugu \u015bnie\u017cnego o ud\u017awigu 2 ton zosta\u0142 zaprojektowany specjalnie do ci\u0119\u017ckich zada\u0144 od\u015bnie\u017cania. Jego wysokiej jako\u015bci konstrukcja gwarantuje niezawodn\u0105 prac\u0119 nawet w trudnych warunkach pogodowych. Si\u0142ownik ten zapewnia du\u017c\u0105 si\u0142\u0119 hydrauliczn\u0105, pozwalaj\u0105c bez wysi\u0142ku usun\u0105\u0107 \u015bnieg i l\u00f3d z podjazdu, parkingu lub dowolnego innego obszaru, kt\u00f3ry wymaga usuni\u0119cia zalegaj\u0105cego \u015bniegu.<\/p>\n<p>Z drugiej strony, ma\u0142y si\u0142ownik hydrauliczny to wszechstronne i kompaktowe rozwi\u0105zanie do r\u00f3\u017cnych zastosowa\u0144. Jego kompaktowe rozmiary sprawiaj\u0105, \u017ce idealnie nadaje si\u0119 do ciasnych przestrzeni, w kt\u00f3rych nie mieszcz\u0105 si\u0119 wi\u0119ksze si\u0142owniki. Pomimo niewielkich rozmiar\u00f3w, ten si\u0142ownik hydrauliczny zapewnia imponuj\u0105c\u0105 wydajno\u015b\u0107, dzi\u0119ki czemu nadaje si\u0119 do zada\u0144 takich jak podnoszenie i pozycjonowanie sprz\u0119tu, zasilanie maszyn, a nawet w zastosowaniach motoryzacyjnych.<\/p>\n<p>Oba cylindry zosta\u0142y zaprojektowane z precyzj\u0105 i zbudowane z my\u015bl\u0105 o trwa\u0142o\u015bci. Wykonane s\u0105 z materia\u0142\u00f3w najwy\u017cszej jako\u015bci, kt\u00f3re zapewniaj\u0105 d\u0142ugotrwa\u0142\u0105 wytrzyma\u0142o\u015b\u0107 i niezawodn\u0105 prac\u0119. Cylindry te zosta\u0142y zaprojektowane tak, aby wytrzymywa\u0107 du\u017ce obci\u0105\u017cenia i ekstremalne warunki pracy, co czyni je niezawodnym wyborem zar\u00f3wno dla profesjonalist\u00f3w, jak i entuzjast\u00f3w.<\/p>\n<p>Podsumowuj\u0105c, si\u0142ownik hydrauliczny p\u0142ugu \u015bnie\u017cnego Premium Quality o ud\u017awigu 2 ton i ma\u0142y si\u0142ownik hydrauliczny to niezb\u0119dne narz\u0119dzia oferuj\u0105ce wyj\u0105tkow\u0105 wydajno\u015b\u0107 i niezawodno\u015b\u0107. Niezale\u017cnie od tego, czy potrzebujesz od\u015bnie\u017carki, czy kompaktowego rozwi\u0105zania hydraulicznego, te si\u0142owniki to idealny wyb\u00f3r. Zainwestuj w te wysokiej jako\u015bci produkty i przekonaj si\u0119 o ich mocy i niezawodno\u015bci.<\/p>\n<h2>Odkryj 2-tonowy si\u0142ownik hydrauliczny p\u0142ugu do \u015bniegu<\/h2>\n<p>Si\u0142ownik hydrauliczny do p\u0142uga \u015bnie\u017cnego o ud\u017awigu 2 ton to wyj\u0105tkowy produkt, kt\u00f3ry jest wytrzyma\u0142y i niezawodny, dzi\u0119ki czemu idealnie nadaje si\u0119 do ci\u0119\u017ckich zastosowa\u0144. Dzi\u0119ki wysokiej jako\u015bci wykonania, obj\u0119ty jest roczn\u0105 gwarancj\u0105, co gwarantuje jego trwa\u0142o\u015b\u0107 i jako\u015b\u0107.<\/p>\n<h2>Cechy produktu<\/h2>\n<p>Ten si\u0142ownik hydrauliczny zosta\u0142 zaprojektowany do wymagaj\u0105cych zastosowa\u0144, zapewniaj\u0105c maksymaln\u0105 si\u0142\u0119 ci\u0105gu 3000 i uci\u0105g 20 ton. Jego korpus wykonany jest z wytrzyma\u0142ej stali, co gwarantuje wytrzyma\u0142o\u015b\u0107 na intensywne u\u017cytkowanie. W\u015br\u00f3d jego godnych uwagi cech znajduj\u0105 si\u0119:<\/p>\n<ul>\n<li>Standardowa konstrukcja t\u0142oka i cylindra<\/li>\n<li>Uk\u0142ad hydrauliczny<\/li>\n<li>Zastosowanie w r\u00f3\u017cnych ga\u0142\u0119ziach przemys\u0142u, takich jak warsztaty naprawcze maszyn, gospodarstwa rolne, energetyka i g\u00f3rnictwo, produkcja maszyn oraz fabryki maszyn<\/li>\n<li>Certyfikat ISO9001:2000<\/li>\n<li>\u015arednica otworu: 2-6 cali<\/li>\n<li>Rozmiar pr\u0119ta: 1,125-4 cale<\/li>\n<li>Rozmiar skoku: 4-100 cali<\/li>\n<li>Rozmiar szpilki: 0,5-2 cale<\/li>\n<li>Dost\u0119pne w kolorze czarnym<\/li>\n<\/ul>\n<p><img decoding=\"async\" title=\"Si\u0142ownik hydrauliczny p\u0142ugu \u015bnie\u017cnego\" src=\"https:\/\/hzpt.com\/wp-content\/uploads\/2023\/11\/Snow-Plow-Hydraulic-Cylinder-1.webp\" alt=\"Si\u0142ownik hydrauliczny p\u0142ugu \u015bnie\u017cnego\" \/><\/p>\n<h2>Konserwacja produktu<\/h2>\n<p>Aby zapewni\u0107 d\u0142ugotrwa\u0142\u0105 wydajno\u015b\u0107 si\u0142ownika hydraulicznego p\u0142uga \u015bnie\u017cnego, niezb\u0119dna jest regularna konserwacja. Kluczowe elementy, czyli \u0142o\u017cysko i si\u0142ownik hydrauliczny, obj\u0119te s\u0105 roczn\u0105 gwarancj\u0105, co \u015bwiadczy o pewno\u015bci co do jako\u015bci wykonania i trwa\u0142o\u015bci.<\/p>\n<h2>Aplikacje<\/h2>\n<p>Si\u0142ownik hydrauliczny do p\u0142uga \u015bnie\u017cnego jest szczeg\u00f3lnie odpowiedni dla warsztat\u00f3w naprawczych maszyn, gospodarstw rolnych, energetyki i g\u00f3rnictwa, zak\u0142ad\u00f3w produkuj\u0105cych maszyny oraz fabryk maszyn. Kompaktowe rozmiary i ud\u017awig 2 ton sprawiaj\u0105, \u017ce jest to idealny wyb\u00f3r do ma\u0142ych i \u015brednich zastosowa\u0144.<\/p>\n<h2>Zalety regulowanych cylindr\u00f3w typu wide\u0142kowego<\/h2>\n<p>Regulowane si\u0142owniki wide\u0142kowe, takie jak wysokiej jako\u015bci si\u0142ownik hydrauliczny do p\u0142ug\u00f3w \u015bnie\u017cnych o ud\u017awigu 2 ton oraz ma\u0142y si\u0142ownik hydrauliczny, oferuj\u0105 szereg korzy\u015bci, dzi\u0119ki kt\u00f3rym ciesz\u0105 si\u0119 popularno\u015bci\u0105 w r\u00f3\u017cnych bran\u017cach. Si\u0142owniki te zosta\u0142y zaprojektowane z my\u015bl\u0105 o precyzji i wydajno\u015bci, zapewniaj\u0105c u\u017cytkownikom zwi\u0119kszon\u0105 wydajno\u015b\u0107 i niezawodno\u015b\u0107. W tym artykule om\u00f3wimy zalety regulowanych si\u0142ownik\u00f3w wide\u0142kowych i wyja\u015bnimy, dlaczego s\u0105 one preferowanym wyborem w wielu zastosowaniach.<\/p>\n<h3>1. Zwi\u0119kszona elastyczno\u015b\u0107<\/h3>\n<p>Jedn\u0105 z kluczowych zalet regulowanych si\u0142ownik\u00f3w wide\u0142kowych jest ich zwi\u0119kszona elastyczno\u015b\u0107. Si\u0142owniki te posiadaj\u0105 mocowanie wide\u0142kowe na ko\u0144cu t\u0142oczyska, co umo\u017cliwia \u0142atw\u0105 regulacj\u0119 i pozycjonowanie. Ta elastyczno\u015b\u0107 pozwala u\u017cytkownikom dostosowa\u0107 d\u0142ugo\u015b\u0107 skoku si\u0142ownika do swoich specyficznych wymaga\u0144, dzi\u0119ki czemu mo\u017cna go dostosowa\u0107 do szerokiego zakresu zastosowa\u0144. Niezale\u017cnie od tego, czy chodzi o budownictwo, rolnictwo, czy prze\u0142adunek materia\u0142\u00f3w, regulowany si\u0142ownik wide\u0142kowy zapewnia wszechstronno\u015b\u0107 niezb\u0119dn\u0105 do efektywnego wykonywania r\u00f3\u017cnorodnych zada\u0144.<\/p>\n<h3>2. Precyzyjna kontrola<\/h3>\n<p>Kolejn\u0105 istotn\u0105 zalet\u0105 regulowanych si\u0142ownik\u00f3w wide\u0142kowych jest ich mo\u017cliwo\u015b\u0107 precyzyjnej kontroli. Si\u0142owniki te zosta\u0142y zaprojektowane tak, aby zapewnia\u0107 precyzyjny i kontrolowany ruch, gwarantuj\u0105c p\u0142ynn\u0105 i wydajn\u0105 prac\u0119. Dzi\u0119ki regulowanej d\u0142ugo\u015bci skoku, u\u017cytkownicy mog\u0105 precyzyjnie dostroi\u0107 ruchy si\u0142ownika, aby osi\u0105gn\u0105\u0107 po\u017c\u0105dany poziom precyzji. Ten poziom kontroli jest szczeg\u00f3lnie istotny w zastosowaniach, w kt\u00f3rych dok\u0142adno\u015b\u0107 jest kluczowa, takich jak robotyka, automatyka i procesy produkcyjne.<\/p>\n<h3>3. Trwa\u0142o\u015b\u0107 i niezawodno\u015b\u0107<\/h3>\n<p>Wysokiej jako\u015bci si\u0142ownik hydrauliczny do p\u0142uga \u015bnie\u017cnego o ud\u017awigu 2 ton oraz ma\u0142y si\u0142ownik hydrauliczny, oba z regulowanym \u0142\u0105cznikiem wide\u0142kowym, zosta\u0142y zaprojektowane tak, aby sprosta\u0107 wymagaj\u0105cym warunkom i intensywnemu u\u017cytkowaniu. Si\u0142owniki te s\u0105 wykonane z wysokiej jako\u015bci materia\u0142\u00f3w, co gwarantuje trwa\u0142o\u015b\u0107 i niezawodno\u015b\u0107 nawet w ekstremalnych warunkach. Zaprojektowano je tak, aby by\u0142y odporne na korozj\u0119, \u015bcieranie i zu\u017cycie, dzi\u0119ki czemu nadaj\u0105 si\u0119 do d\u0142ugotrwa\u0142ego u\u017cytkowania w trudnych warunkach. Regulowane si\u0142owniki wide\u0142kowe zapewniaj\u0105 sta\u0142\u0105 wydajno\u015b\u0107, redukuj\u0105c przestoje i zwi\u0119kszaj\u0105c og\u00f3ln\u0105 wydajno\u015b\u0107.<\/p>\n<h3>4. \u0141atwa konserwacja<\/h3>\n<p>Regulowane si\u0142owniki wide\u0142kowe zosta\u0142y zaprojektowane z my\u015bl\u0105 o \u0142atwej konserwacji. Si\u0142owniki te charakteryzuj\u0105 si\u0119 \u0142atwo dost\u0119pnymi komponentami, co umo\u017cliwia \u0142atw\u0105 kontrol\u0119 i serwisowanie. Przy prawid\u0142owej konserwacji si\u0142owniki mog\u0105 pracowa\u0107 z optymaln\u0105 wydajno\u015bci\u0105 przez d\u0142ugi czas, minimalizuj\u0105c potrzeb\u0119 cz\u0119stych napraw lub wymian. \u0141atwo\u015b\u0107 konserwacji zwi\u0105zana z regulowanymi si\u0142ownikami wide\u0142kowymi sprawia, \u017ce \u200b\u200bs\u0105 one op\u0142acalnym wyborem dla firm, poniewa\u017c zapewniaj\u0105 d\u0142u\u017csz\u0105 \u017cywotno\u015b\u0107 przy minimalnych przestojach.<\/p>\n<h3>5. Szeroki wyb\u00f3r opcji<\/h3>\n<p>Regulowane si\u0142owniki wide\u0142kowe s\u0105 dost\u0119pne w szerokiej gamie rozmiar\u00f3w, konfiguracji i specyfikacji, oferuj\u0105c u\u017cytkownikom szeroki wyb\u00f3r. Niezale\u017cnie od tego, czy chodzi o ma\u0142y si\u0142ownik hydrauliczny do maszyn kompaktowych, czy wi\u0119kszy do maszyn ci\u0119\u017ckich, dost\u0119pny jest odpowiedni si\u0142ownik wide\u0142kowy. Ta r\u00f3\u017cnorodno\u015b\u0107 opcji pozwala u\u017cytkownikom wybra\u0107 si\u0142owniki, kt\u00f3re najlepiej spe\u0142niaj\u0105 ich specyficzne wymagania, zapewniaj\u0105c optymaln\u0105 wydajno\u015b\u0107 i efektywno\u015b\u0107 w ich zastosowaniach.<\/p>\n<p>Podsumowuj\u0105c, regulowane si\u0142owniki wide\u0142kowe, takie jak wysokiej jako\u015bci si\u0142ownik hydrauliczny do p\u0142ug\u00f3w \u015bnie\u017cnych o ud\u017awigu 2 ton oraz ma\u0142y si\u0142ownik hydrauliczny, oferuj\u0105 szereg zalet, kt\u00f3re czyni\u0105 je preferowanym wyborem w r\u00f3\u017cnych bran\u017cach. Dzi\u0119ki zwi\u0119kszonej elastyczno\u015bci, precyzyjnej kontroli, trwa\u0142o\u015bci, \u0142atwo\u015bci konserwacji i szerokiemu wachlarzowi opcji, si\u0142owniki te zapewniaj\u0105 u\u017cytkownikom wydajno\u015b\u0107 i niezawodno\u015b\u0107, kt\u00f3rych potrzebuj\u0105. Niezale\u017cnie od tego, czy chodzi o budownictwo, rolnictwo, czy prze\u0142adunek materia\u0142\u00f3w, regulowane si\u0142owniki wide\u0142kowe okazuj\u0105 si\u0119 niezb\u0119dnymi narz\u0119dziami do wydajnej i efektywnej realizacji zada\u0144.<\/p>\n<h3>O cylindrze hydraulicznym FMP<\/h3>\n<p>Firma FMP specjalizuje si\u0119 w dostarczaniu wysokiej jako\u015bci i niezawodnych cz\u0119\u015bci do maszyn budowlanych oraz kompletnych rozwi\u0105za\u0144. Nasz si\u0142ownik hydrauliczny jest jednym z najpopularniejszych produkt\u00f3w w naszej ofercie. Oto pi\u0119\u0107 powod\u00f3w, dla kt\u00f3rych warto wybra\u0107 si\u0142ownik hydrauliczny FMP:<\/p>\n<ol>\n<li><strong>Najwy\u017csza jako\u015b\u0107:<\/strong> Nasz si\u0142ownik hydrauliczny wykonany jest z wysokiej jako\u015bci materia\u0142\u00f3w, co gwarantuje jego trwa\u0142o\u015b\u0107 i d\u0142ug\u0105 \u017cywotno\u015b\u0107. Zosta\u0142 zaprojektowany i wyprodukowany z precyzj\u0105, zgodnie z surowymi normami jako\u015bciowymi, co gwarantuje jego odporno\u015b\u0107 na trudne warunki pracy.<\/li>\n<li><strong>Mo\u017cliwo\u015b\u0107 dostosowania:<\/strong> Nasze si\u0142owniki hydrauliczne mo\u017cna dostosowa\u0107 do indywidualnych potrzeb. Oferujemy szeroki wyb\u00f3r opcji, w tym \u015brednice cylindr\u00f3w, d\u0142ugo\u015bci skoku t\u0142oka i style monta\u017cu. Nasz zesp\u00f3\u0142 ekspert\u00f3w s\u0142u\u017cy profesjonaln\u0105 porad\u0105 produktow\u0105 i trafnymi sugestiami zakupowymi, aby pom\u00f3c Ci wybra\u0107 odpowiedni si\u0142ownik hydrauliczny do Twoich potrzeb.<\/li>\n<li><strong>\u0141atwa instalacja:<\/strong> Nasz si\u0142ownik hydrauliczny zosta\u0142 zaprojektowany z my\u015bl\u0105 o \u0142atwym monta\u017cu, co skraca przestoje i zwi\u0119ksza wydajno\u015b\u0107. Dost\u0119pny jest w szerokiej gamie opcji monta\u017cu, kt\u00f3re umo\u017cliwiaj\u0105 \u0142atw\u0105 instalacj\u0119 na sprz\u0119cie.<\/li>\n<li><strong>Konkurencyjna cena:<\/strong> Oferujemy konkurencyjne ceny bez utraty jako\u015bci. Dzi\u0119ki nawi\u0105zaniu d\u0142ugoterminowych i stabilnych relacji z wieloma wysokiej jako\u015bci dostawcami w kraju i za granic\u0105, gwarantujemy, \u017ce wszystkie dostarczane cz\u0119\u015bci spe\u0142niaj\u0105 surowe standardy jako\u015bci.<\/li>\n<li><strong>Efektywny system dystrybucji logistycznej:<\/strong> Dysponujemy wydajnym systemem dystrybucji logistycznej, aby zapewni\u0107 klientom terminowe i dok\u0142adne dostawy potrzebnych cz\u0119\u015bci. \u015aci\u015ble wsp\u00f3\u0142pracujemy z naszymi partnerami logistycznymi, aby zapewni\u0107 szybk\u0105 i niezawodn\u0105 dostaw\u0119 do klient\u00f3w na ca\u0142ym \u015bwiecie.<\/li>\n<\/ol>\n<p><img decoding=\"async\" src=\"https:\/\/fmp-components.com\/wp-content\/uploads\/2024\/12\/Adjustable-Clevis-Type-Cylinders-6.webp\" alt=\"Regulowany cylinder typu wide\u0142kowego\" width=\"831\" title=\"\"><\/p>\n<p>Z si\u0142ownikami hydraulicznymi FMP mo\u017cesz by\u0107 pewien najwy\u017cszej jako\u015bci, mo\u017cliwo\u015bci personalizacji, \u0142atwego monta\u017cu, konkurencyjnych cen i sprawnej dystrybucji logistycznej. Skontaktuj si\u0119 z nami ju\u017c dzi\u015b, aby dowiedzie\u0107 si\u0119 wi\u0119cej o naszych produktach i us\u0142ugach. Pomo\u017cemy Ci znale\u017a\u0107 odpowiedni si\u0142ownik hydrauliczny, kt\u00f3ry spe\u0142ni Twoje potrzeby.<\/p>\n<h2>Cz\u0119sto zadawane pytania<\/h2>\n<h3>P: Czy jeste\u015b firm\u0105 handlow\u0105 lub produkcyjn\u0105?<\/h3>\n<p>A: Jeste\u015bmy fabryk\u0105.<\/p>\n<h3>P: Jak d\u0142ugi jest czas dostawy?<\/h3>\n<p>A: Zazwyczaj trwa to 25\u201335 dni.<\/p>\n<h3>P: Czy dostarczacie pr\u00f3bki? Czy s\u0105 darmowe czy dodatkowe?<\/h3>\n<p>A: Tak, mogliby\u015bmy zaoferowa\u0107 pr\u00f3bk\u0119, ale nie jest ona darmowa.<\/p>\n<p><img decoding=\"async\" title=\"Si\u0142ownik hydrauliczny p\u0142ugu \u015bnie\u017cnego\" src=\"https:\/\/hzpt.com\/wp-content\/uploads\/2023\/11\/Snow-Plow-Hydraulic-Cylinder-3.webp\" alt=\"Si\u0142ownik hydrauliczny p\u0142ugu \u015bnie\u017cnego\" \/><\/p>\n<p>Autor: CX<\/p>","protected":false},"excerpt":{"rendered":"<p>Premium Quality Snow Plow 2 Ton Hydraulic Cylinder Small Hydraulic CylinderIntroducing the Premium Quality Snow Plow 2 Ton Hydraulic Cylinder and Small Hydraulic Cylinder: The Premium Quality Snow Plow 2 Ton Hydraulic Cylinder and Small Hydraulic Cylinder are top-of-the-line products designed to meet all your hydraulic needs. With their exceptional performance and durability, these cylinders [&hellip;]<\/p>","protected":false},"featured_media":1507,"comment_status":"closed","ping_status":"closed","template":"","meta":{"_et_pb_use_builder":"","_et_pb_old_content":"","_et_gb_content_width":""},"product_brand":[],"product_cat":[42],"product_tag":[34,44],"class_list":{"0":"post-1506","1":"product","2":"type-product","3":"status-publish","4":"has-post-thumbnail","6":"product_cat-snow-plow-hydraulic-cylinder","7":"product_tag-hydraulic-cylinder","8":"product_tag-snow-plow-hydraulic-cylinder","10":"first","11":"instock","12":"product-type-simple"},"_links":{"self":[{"href":"https:\/\/fmp-components.com\/pl\/wp-json\/wp\/v2\/product\/1506","targetHints":{"allow":["GET"]}}],"collection":[{"href":"https:\/\/fmp-components.com\/pl\/wp-json\/wp\/v2\/product"}],"about":[{"href":"https:\/\/fmp-components.com\/pl\/wp-json\/wp\/v2\/types\/product"}],"replies":[{"embeddable":true,"href":"https:\/\/fmp-components.com\/pl\/wp-json\/wp\/v2\/comments?post=1506"}],"wp:featuredmedia":[{"embeddable":true,"href":"https:\/\/fmp-components.com\/pl\/wp-json\/wp\/v2\/media\/1507"}],"wp:attachment":[{"href":"https:\/\/fmp-components.com\/pl\/wp-json\/wp\/v2\/media?parent=1506"}],"wp:term":[{"taxonomy":"product_brand","embeddable":true,"href":"https:\/\/fmp-components.com\/pl\/wp-json\/wp\/v2\/product_brand?post=1506"},{"taxonomy":"product_cat","embeddable":true,"href":"https:\/\/fmp-components.com\/pl\/wp-json\/wp\/v2\/product_cat?post=1506"},{"taxonomy":"product_tag","embeddable":true,"href":"https:\/\/fmp-components.com\/pl\/wp-json\/wp\/v2\/product_tag?post=1506"}],"curies":[{"name":"wp","href":"https:\/\/api.w.org\/{rel}","templated":true}]}}