{"id":1498,"date":"2024-12-23T05:50:37","date_gmt":"2024-12-23T05:50:37","guid":{"rendered":"https:\/\/fmp-components.com\/product\/factory-provide-customized-hydraulic-ram-cylinder-for-snow-plow\/"},"modified":"2025-03-18T02:09:18","modified_gmt":"2025-03-18T02:09:18","slug":"factory-provide-customized-hydraulic-ram-cylinder-for-snow-plow","status":"publish","type":"product","link":"https:\/\/fmp-components.com\/pl\/product\/factory-provide-customized-hydraulic-ram-cylinder-for-snow-plow\/","title":{"rendered":"Fabryka dostarcza dostosowany si\u0142ownik hydrauliczny do p\u0142uga \u015bnie\u017cnego"},"content":{"rendered":"<h2>Fabryka dostarcza dostosowany si\u0142ownik hydrauliczny do p\u0142uga \u015bnie\u017cnego<\/h2>\n<p>Dostarczany fabrycznie, dostosowany si\u0142ownik hydrauliczny do p\u0142ug\u00f3w \u015bnie\u017cnych to niezwykle wszechstronny i wydajny produkt zaprojektowany w celu zwi\u0119kszenia wydajno\u015bci p\u0142ug\u00f3w \u015bnie\u017cnych. Ten si\u0142ownik hydrauliczny oferuje wyj\u0105tkow\u0105 wytrzyma\u0142o\u015b\u0107 i trwa\u0142o\u015b\u0107, co czyni go idealnym wyborem do ci\u0119\u017ckich zastosowa\u0144 w bran\u017cy zimowego utrzymania dr\u00f3g.<\/p>\n<p>Dzi\u0119ki specjalnej konstrukcji, ten si\u0142ownik hydrauliczny zosta\u0142 specjalnie zaprojektowany, aby sprosta\u0107 unikalnym wymaganiom p\u0142ug\u00f3w \u015bnie\u017cnych. Zosta\u0142 zaprojektowany tak, aby zapewni\u0107 doskona\u0142\u0105 wydajno\u015b\u0107 w trudnych warunkach pogodowych, umo\u017cliwiaj\u0105c efektywne od\u015bnie\u017canie. Odporno\u015b\u0107 si\u0142ownika na ekstremalne temperatury gwarantuje niezawodn\u0105 prac\u0119 nawet w najzimniejszych warunkach.<\/p>\n<p>Dostarczany fabrycznie, dostosowany si\u0142ownik hydrauliczny do p\u0142uga \u015bnie\u017cnego, wykorzystuje zaawansowan\u0105 technologi\u0119 hydrauliczn\u0105, zapewniaj\u0105c\u0105 mocn\u0105 i precyzyjn\u0105 kontrol\u0119 nad ruchami p\u0142uga. Wysokiej jako\u015bci konstrukcja i niezawodne mechanizmy uszczelniaj\u0105ce minimalizuj\u0105 ryzyko wyciek\u00f3w i awarii, gwarantuj\u0105c sta\u0142\u0105 wydajno\u015b\u0107 przez ca\u0142y okres eksploatacji.<\/p>\n<p>Jedn\u0105 z kluczowych zalet tego si\u0142ownika hydraulicznego jest jego wszechstronno\u015b\u0107. Mo\u017cna go \u0142atwo zintegrowa\u0107 z r\u00f3\u017cnymi systemami p\u0142ug\u00f3w od\u015bnie\u017cnych, zapewniaj\u0105c bezproblemowe dopasowanie i kompatybilno\u015b\u0107. Mo\u017cliwo\u015b\u0107 dostosowania produktu pozwala na elastyczne dopasowanie do specyficznych wymaga\u0144, co czyni go niezwykle po\u017c\u0105danym wyborem dla producent\u00f3w i operator\u00f3w p\u0142ug\u00f3w od\u015bnie\u017cnych.<\/p>\n<p>Co wi\u0119cej, ten si\u0142ownik hydrauliczny zosta\u0142 zaprojektowany z my\u015bl\u0105 o \u0142atwo\u015bci konserwacji. Jego solidna konstrukcja ogranicza konieczno\u015b\u0107 cz\u0119stych napraw lub wymian, minimalizuj\u0105c przestoje i maksymalizuj\u0105c wydajno\u015b\u0107. Regularne przegl\u0105dy i konserwacja zapewniaj\u0105 optymaln\u0105 wydajno\u015b\u0107, wyd\u0142u\u017caj\u0105c \u017cywotno\u015b\u0107 si\u0142ownika i og\u00f3ln\u0105 sprawno\u015b\u0107.<\/p>\n<p>Podsumowuj\u0105c, fabrycznie dostarczany, dostosowany si\u0142ownik hydrauliczny do p\u0142ugu od\u015bnie\u017cnego to niezawodne i wydajne rozwi\u0105zanie. Jego wyj\u0105tkowa wytrzyma\u0142o\u015b\u0107, wszechstronno\u015b\u0107 i \u0142atwo\u015b\u0107 konserwacji sprawiaj\u0105, \u017ce jest on niezb\u0119dnym elementem poprawiaj\u0105cym wydajno\u015b\u0107 i niezawodno\u015b\u0107 p\u0142ug\u00f3w \u015bnie\u017cnych podczas zimowych prac konserwacyjnych. Przedstawiamy nasz nowy i innowacyjny si\u0142ownik hydrauliczny do p\u0142ugu od\u015bnie\u017cnego, specjalnie zaprojektowany i wyprodukowany przez FMP Transmission. Produkt ten zosta\u0142 solidnie zaprojektowany do zastosowa\u0144 przemys\u0142owych, zapewniaj\u0105c niezawodno\u015b\u0107, wydajno\u015b\u0107 i wysok\u0105 jako\u015b\u0107. Produkt obj\u0119ty jest roczn\u0105 gwarancj\u0105 na jego g\u0142\u00f3wne komponenty, w tym \u0142o\u017cyska i sam si\u0142ownik hydrauliczny.<\/p>\n<p><img decoding=\"async\" title=\"Si\u0142ownik hydrauliczny p\u0142ugu \u015bnie\u017cnego\" src=\"https:\/\/hzpt.com\/wp-content\/uploads\/2023\/11\/Snow-Plow-Hydraulic-Cylinder-2.webp\" alt=\"Si\u0142ownik hydrauliczny p\u0142ugu \u015bnie\u017cnego\" \/><\/p>\n<h2>Specyfikacja produktu<\/h2>\n<p>Si\u0142ownik hydrauliczny do p\u0142uga \u015bnie\u017cnego jest wykonany ze standardowej konstrukcji cylindra t\u0142okowego, nap\u0119dzanego si\u0142\u0105 hydrauliczn\u0105. Korpus wykonany jest ze stali, co zapewnia wytrzyma\u0142o\u015b\u0107 i trwa\u0142o\u015b\u0107. Maksymalna si\u0142a nacisku wynosi 3000 i uci\u0105g 20 ton. Produkt posiada certyfikat ISO9001:2000, co gwarantuje jego jako\u015b\u0107 i bezpiecze\u0144stwo.<\/p>\n<h3>Wymiary i cechy<\/h3>\n<p><img decoding=\"async\" title=\"Si\u0142ownik hydrauliczny p\u0142ugu \u015bnie\u017cnego\" src=\"https:\/\/hzpt.com\/wp-content\/uploads\/2023\/11\/Snow-Plow-Hydraulic-Cylinder-3.webp\" alt=\"Si\u0142ownik hydrauliczny p\u0142ugu \u015bnie\u017cnego\" \/><\/p>\n<ul>\n<li>\u015arednica otworu: 2-6 cali<\/li>\n<li>Rozmiar pr\u0119ta: 1,125-4 cale<\/li>\n<li>Rozmiar skoku: 4-100 cali<\/li>\n<li>Rozmiar szpilki: 0,5-2 cale<\/li>\n<li>Porty: G\/SAE\/NPT\/M<\/li>\n<\/ul>\n<h2>Zalety regulowanych cylindr\u00f3w typu wide\u0142kowego<\/h2>\n<ul>\n<li style=\"list-style-type: none;\">\n<ul>\n<li>Wi\u0119ksza elastyczno\u015b\u0107 i mo\u017cliwo\u015b\u0107 personalizacji<\/li>\n<\/ul>\n<\/li>\n<\/ul>\n<p>Regulowany si\u0142ownik wide\u0142kowy to si\u0142ownik hydrauliczny, kt\u00f3ry zapewnia wi\u0119ksz\u0105 elastyczno\u015b\u0107 i mo\u017cliwo\u015bci dostosowania w por\u00f3wnaniu z innymi typami si\u0142ownik\u00f3w. Si\u0142ownik jest w du\u017cym stopniu regulowany i mo\u017cna go dostosowa\u0107 do specyficznych wymaga\u0144 r\u00f3\u017cnych zastosowa\u0144. Mo\u017cliwo\u015b\u0107 regulacji tego si\u0142ownika zapewnia jego szerokie zastosowanie, w tym w p\u0142ugach \u015bnie\u017cnych, kt\u00f3re wymagaj\u0105 si\u0142ownik\u00f3w z mo\u017cliwo\u015bci\u0105 \u0142atwej regulacji w celu dostosowania do zmieniaj\u0105cego si\u0119 terenu i warunk\u00f3w.<\/p>\n<ul>\n<li style=\"list-style-type: none;\">\n<ul>\n<li>Poprawiona wydajno\u015b\u0107 i efektywno\u015b\u0107<\/li>\n<\/ul>\n<\/li>\n<\/ul>\n<p>Regulowany si\u0142ownik z wide\u0142kami zosta\u0142 zaprojektowany z my\u015bl\u0105 o zapewnieniu lepszej wydajno\u015bci i osi\u0105g\u00f3w w por\u00f3wnaniu z innymi typami si\u0142ownik\u00f3w. Si\u0142ownik jest wykonany z wysokiej jako\u015bci materia\u0142\u00f3w i charakteryzuje si\u0119 maksymaln\u0105 wytrzyma\u0142o\u015bci\u0105 i trwa\u0142o\u015bci\u0105. Dzi\u0119ki temu si\u0142ownik wytrzymuje trudy ci\u0119\u017ckich warunk\u00f3w pracy i zapewnia d\u0142ugotrwa\u0142\u0105 wydajno\u015b\u0107. Zwi\u0119kszona wydajno\u015b\u0107 i osi\u0105gi regulowanego si\u0142ownika z wide\u0142kami sprawiaj\u0105, \u017ce jest on idealnym wyborem do p\u0142ug\u00f3w \u015bnie\u017cnych, kt\u00f3re wymagaj\u0105 si\u0142ownik\u00f3w odpornych na trudne warunki zimowe i zapewniaj\u0105cych niezawodn\u0105 prac\u0119.<\/p>\n<ul>\n<li style=\"list-style-type: none;\">\n<ul>\n<li>Wy\u017cszy poziom bezpiecze\u0144stwa i niezawodno\u015bci<\/li>\n<\/ul>\n<\/li>\n<\/ul>\n<p>Regulowany si\u0142ownik z wide\u0142kami zosta\u0142 zaprojektowany z my\u015bl\u0105 o bezpiecze\u0144stwie i niezawodno\u015bci. Wyposa\u017cony jest w zaawansowane funkcje bezpiecze\u0144stwa i zapewnia wy\u017cszy poziom niezawodno\u015bci w por\u00f3wnaniu z innymi typami si\u0142ownik\u00f3w. Si\u0142ownik jest rygorystycznie testowany, aby zapewni\u0107 spe\u0142nienie najwy\u017cszych standard\u00f3w bezpiecze\u0144stwa i niezawodno\u015bci. Dzi\u0119ki temu regulowany si\u0142ownik z wide\u0142kami jest idealnym wyborem do p\u0142ug\u00f3w \u015bnie\u017cnych, kt\u00f3re wymagaj\u0105 si\u0142ownik\u00f3w zapewniaj\u0105cych wysoki poziom bezpiecze\u0144stwa i niezawodno\u015bci w ekstremalnych warunkach.<\/p>\n<ul>\n<li style=\"list-style-type: none;\">\n<ul>\n<li>Wi\u0119ksze oszcz\u0119dno\u015bci koszt\u00f3w i mniejsze koszty konserwacji<\/li>\n<\/ul>\n<\/li>\n<\/ul>\n<p>Regulowany si\u0142ownik z wide\u0142kami zosta\u0142 zaprojektowany tak, aby zapewni\u0107 wi\u0119ksze oszcz\u0119dno\u015bci i ograniczy\u0107 konserwacj\u0119 w por\u00f3wnaniu z innymi typami si\u0142ownik\u00f3w. Si\u0142ownik jest bardzo trwa\u0142y i wymaga minimalnej konserwacji przez ca\u0142y okres eksploatacji. To obni\u017ca ca\u0142kowity koszt posiadania i czyni si\u0142ownik ekonomicznym wyborem dla p\u0142ug\u00f3w \u015bnie\u017cnych, kt\u00f3re wymagaj\u0105 si\u0142ownik\u00f3w zapewniaj\u0105cych niezawodn\u0105 prac\u0119 bez wysokich koszt\u00f3w konserwacji.<\/p>\n<ul>\n<li style=\"list-style-type: none;\">\n<ul>\n<li>Fabryka dostarcza dostosowany si\u0142ownik hydrauliczny do p\u0142uga \u015bnie\u017cnego<\/li>\n<\/ul>\n<\/li>\n<\/ul>\n<p>Regulowany si\u0142ownik wide\u0142kowy to jeden z wielu si\u0142ownik\u00f3w hydraulicznych dost\u0119pnych u producent\u00f3w takich jak Factory Provide. Specjalizuj\u0105 si\u0119 oni w dostarczaniu niestandardowych si\u0142ownik\u00f3w hydraulicznych do p\u0142ug\u00f3w \u015bnie\u017cnych i innych ci\u0119\u017ckich zastosowa\u0144. Si\u0142owniki zosta\u0142y zaprojektowane tak, aby zapewni\u0107 najwy\u017cszy poziom wydajno\u015bci i niezawodno\u015bci, a tak\u017ce mog\u0105 by\u0107 dostosowane do specyficznych wymaga\u0144 r\u00f3\u017cnych zastosowa\u0144. Dzi\u0119ki temu p\u0142ugi \u015bnie\u017cne i inny ci\u0119\u017cki sprz\u0119t mog\u0105 pracowa\u0107 optymalnie i niezawodnie w ekstremalnych warunkach.<\/p>\n<h3>O FMP<\/h3>\n<p>FMP to firma specjalizuj\u0105ca si\u0119 w produkcji i sprzeda\u017cy cylindr\u00f3w hydraulicznych. Z siedzib\u0105 we W\u0142oszech, posiadamy wieloletnie do\u015bwiadczenie w bran\u017cy i profesjonalny zesp\u00f3\u0142, kt\u00f3ry dba o dostarczanie klientom wysokiej jako\u015bci i niezawodnych rozwi\u0105za\u0144 w zakresie cylindr\u00f3w hydraulicznych.<\/p>\n<p><img decoding=\"async\" src=\"https:\/\/fmp-components.com\/wp-content\/uploads\/2024\/12\/Adjustable-Clevis-Type-Cylinders-6.webp\" alt=\"Regulowany cylinder typu wide\u0142kowego\" width=\"827\" title=\"\"><\/p>\n<h4>Nasze produkty i zalety firmy:<\/h4>\n<ol>\n<li>Szeroka gama si\u0142ownik\u00f3w hydraulicznych: Oferujemy szerok\u0105 gam\u0119 si\u0142ownik\u00f3w hydraulicznych, w tym si\u0142owniki z regulowanym wide\u0142kiem, si\u0142owniki teleskopowe, si\u0142owniki z dr\u0105\u017ckiem kierowniczym i wiele innych. Nasz bogaty asortyment gwarantuje, \u017ce mamy odpowiedni si\u0142ownik do r\u00f3\u017cnych zastosowa\u0144.<\/li>\n<li>Wysoka jako\u015b\u0107 wykonania: Nasze cylindry hydrauliczne s\u0105 produkowane z najwy\u017cszej jako\u015bci materia\u0142\u00f3w i przy u\u017cyciu zaawansowanych technik produkcji. Gwarantuje to ich trwa\u0142o\u015b\u0107, niezawodno\u015b\u0107 i d\u0142ug\u0105 \u017cywotno\u015b\u0107, nawet w trudnych warunkach pracy.<\/li>\n<li>\u015acis\u0142a kontrola jako\u015bci: W FMP nawi\u0105zali\u015bmy d\u0142ugotrwa\u0142e i stabilne relacje z dostawcami wysokiej jako\u015bci. Dok\u0142adnie sprawdzamy i testujemy wszystkie dostarczane cz\u0119\u015bci, aby upewni\u0107 si\u0119, \u017ce spe\u0142niaj\u0105 nasze surowe standardy jako\u015bci. To gwarantuje, \u017ce nasze si\u0142owniki hydrauliczne niezmiennie zapewniaj\u0105 doskona\u0142\u0105 wydajno\u015b\u0107.<\/li>\n<li>Zesp\u00f3\u0142 ekspert\u00f3w ds. sprzeda\u017cy: Nasz do\u015bwiadczony i wykwalifikowany zesp\u00f3\u0142 sprzeda\u017cy doskonale orientuje si\u0119 w trendach rozwojowych i potrzebach klient\u00f3w bran\u017cy maszyn budowlanych. Zapewniamy profesjonalne doradztwo produktowe i trafne sugestie zakupowe, dzi\u0119ki czemu nasi klienci mog\u0105 podejmowa\u0107 \u015bwiadome decyzje.<\/li>\n<li>Efektywna dystrybucja logistyczna: Dysponujemy efektywnym systemem dystrybucji logistycznej, kt\u00f3ry gwarantuje terminow\u0105 i precyzyjn\u0105 dostaw\u0119 naszych cylindr\u00f3w hydraulicznych. Klienci mog\u0105 liczy\u0107 na nasz\u0105 szybk\u0105 i bezproblemow\u0105 obs\u0142ug\u0119, co pozwala im zminimalizowa\u0107 przestoje i zmaksymalizowa\u0107 wydajno\u015b\u0107.<\/li>\n<\/ol>\n<p>Wybierz FMP jako zaufanego partnera w zakresie wszystkich potrzeb zwi\u0105zanych z si\u0142ownikami hydraulicznymi. Dzi\u0119ki naszej szerokiej ofercie wysokiej jako\u015bci produkt\u00f3w, \u015bcis\u0142ej kontroli jako\u015bci, kompetentnemu zespo\u0142owi sprzeda\u017cy i sprawnej logistyce, jeste\u015bmy gotowi pom\u00f3c Ci osi\u0105gn\u0105\u0107 sukces w Twoich projektach zwi\u0105zanych z maszynami budowlanymi.<\/p>\n<h2>Cz\u0119sto zadawane pytania<\/h2>\n<h3>Czy jeste\u015b firm\u0105 handlow\u0105 lub producentem?<\/h3>\n<p>Jeste\u015bmy producentem, a nasza fabryka mie\u015bci si\u0119 w mie\u015bcie Lin Yi.<\/p>\n<h3>Jak d\u0142ugi jest czas dostawy?<\/h3>\n<p>Dostawa trwa zazwyczaj 25\u201335 dni.<\/p>\n<h3>Czy mo\u017cesz produkowa\u0107 na podstawie pr\u00f3bek?<\/h3>\n<p>Tak, mo\u017cemy wykona\u0107 produkcj\u0119 na podstawie Pa\u0144stwa pr\u00f3bek lub rysunk\u00f3w technicznych. Mo\u017cemy r\u00f3wnie\u017c zbudowa\u0107 formy i oprzyrz\u0105dowanie.<\/p>\n<p>Autor: CX<\/p>","protected":false},"excerpt":{"rendered":"<p>Factory Provide Customized Hydraulic Ram Cylinder for Snow Plow The Factory Provide Customized Hydraulic Ram Cylinder for Snow Plow is a highly versatile and efficient product designed to enhance the performance of snow plows. This hydraulic cylinder offers exceptional strength and durability, making it an ideal choice for heavy-duty applications in the winter maintenance industry. [&hellip;]<\/p>","protected":false},"featured_media":1499,"comment_status":"closed","ping_status":"closed","template":"","meta":{"_et_pb_use_builder":"","_et_pb_old_content":"","_et_gb_content_width":""},"product_brand":[],"product_cat":[42],"product_tag":[34,44],"class_list":{"0":"post-1498","1":"product","2":"type-product","3":"status-publish","4":"has-post-thumbnail","6":"product_cat-snow-plow-hydraulic-cylinder","7":"product_tag-hydraulic-cylinder","8":"product_tag-snow-plow-hydraulic-cylinder","10":"first","11":"instock","12":"product-type-simple"},"_links":{"self":[{"href":"https:\/\/fmp-components.com\/pl\/wp-json\/wp\/v2\/product\/1498","targetHints":{"allow":["GET"]}}],"collection":[{"href":"https:\/\/fmp-components.com\/pl\/wp-json\/wp\/v2\/product"}],"about":[{"href":"https:\/\/fmp-components.com\/pl\/wp-json\/wp\/v2\/types\/product"}],"replies":[{"embeddable":true,"href":"https:\/\/fmp-components.com\/pl\/wp-json\/wp\/v2\/comments?post=1498"}],"wp:featuredmedia":[{"embeddable":true,"href":"https:\/\/fmp-components.com\/pl\/wp-json\/wp\/v2\/media\/1499"}],"wp:attachment":[{"href":"https:\/\/fmp-components.com\/pl\/wp-json\/wp\/v2\/media?parent=1498"}],"wp:term":[{"taxonomy":"product_brand","embeddable":true,"href":"https:\/\/fmp-components.com\/pl\/wp-json\/wp\/v2\/product_brand?post=1498"},{"taxonomy":"product_cat","embeddable":true,"href":"https:\/\/fmp-components.com\/pl\/wp-json\/wp\/v2\/product_cat?post=1498"},{"taxonomy":"product_tag","embeddable":true,"href":"https:\/\/fmp-components.com\/pl\/wp-json\/wp\/v2\/product_tag?post=1498"}],"curies":[{"name":"wp","href":"https:\/\/api.w.org\/{rel}","templated":true}]}}