{"id":1490,"date":"2024-12-23T05:50:37","date_gmt":"2024-12-23T05:50:37","guid":{"rendered":"https:\/\/fmp-components.com\/product\/competitive-price-piston-hydraulic-cylinder-double-acting\/"},"modified":"2024-12-23T06:14:10","modified_gmt":"2024-12-23T06:14:10","slug":"competitive-price-piston-hydraulic-cylinder-double-acting","status":"publish","type":"product","link":"https:\/\/fmp-components.com\/pl\/product\/competitive-price-piston-hydraulic-cylinder-double-acting\/","title":{"rendered":"Konkurencyjna cena, si\u0142ownik hydrauliczny t\u0142okowy dwustronnego dzia\u0142ania"},"content":{"rendered":"<h2>Przedstawiamy konkurencyjne ceny si\u0142ownik\u00f3w hydraulicznych t\u0142okowych dwustronnego dzia\u0142ania:<\/h2>\n<p>Si\u0142ownik hydrauliczny dwustronnego dzia\u0142ania z t\u0142okiem w konkurencyjnej cenie to wysokiej jako\u015bci produkt przeznaczony do r\u00f3\u017cnorodnych zastosowa\u0144 przemys\u0142owych. Ten si\u0142ownik hydrauliczny jest produkowany z wykorzystaniem zaawansowanej technologii i materia\u0142\u00f3w najwy\u017cszej jako\u015bci, co gwarantuje trwa\u0142o\u015b\u0107 i niezawodno\u015b\u0107.<\/p>\n<p>Ten si\u0142ownik hydrauliczny, wyposa\u017cony w konstrukcj\u0119 t\u0142okow\u0105, zapewnia p\u0142ynny i precyzyjny ruch, co przek\u0142ada si\u0119 na wydajn\u0105 i skuteczn\u0105 prac\u0119. Zaprojektowano go z my\u015bl\u0105 o dwustronnym dzia\u0142aniu, co pozwala na wywieranie si\u0142y w obu kierunkach, zwi\u0119kszaj\u0105c wydajno\u015b\u0107 i wszechstronno\u015b\u0107.<\/p>\n<p>Dzi\u0119ki konkurencyjnej cenie ten si\u0142ownik hydrauliczny oferuje doskona\u0142y stosunek jako\u015bci do ceny. Oferuje doskona\u0142\u0105 wydajno\u015b\u0107 i trwa\u0142o\u015b\u0107, co czyni go ekonomicznym wyborem dla firm ka\u017cdej wielko\u015bci. Niezale\u017cnie od tego, czy jest stosowany w budownictwie, rolnictwie, czy produkcji, ten si\u0142ownik hydrauliczny zosta\u0142 zaprojektowany tak, aby sprosta\u0107 trudnym warunkom i zapewni\u0107 wyj\u0105tkowe rezultaty.<\/p>\n<p><img decoding=\"async\" title=\"Si\u0142ownik hydrauliczny p\u0142ugu \u015bnie\u017cnego\" src=\"https:\/\/hzpt.com\/wp-content\/uploads\/2023\/11\/Snow-Plow-Hydraulic-Cylinder-2.webp\" alt=\"Si\u0142ownik hydrauliczny p\u0142ugu \u015bnie\u017cnego\" \/><\/p>\n<p>Si\u0142ownik hydrauliczny dwustronnego dzia\u0142ania z t\u0142okiem w konkurencyjnej cenie jest \u0142atwy w monta\u017cu i konserwacji, minimalizuj\u0105c przestoje i maksymalizuj\u0105c wydajno\u015b\u0107. Jest kompatybilny z r\u00f3\u017cnymi uk\u0142adami hydraulicznymi i mo\u017cna go bezproblemowo zintegrowa\u0107 z istniej\u0105cym sprz\u0119tem.<\/p>\n<p>Podsumowuj\u0105c, si\u0142ownik hydrauliczny dwustronnego dzia\u0142ania w konkurencyjnej cenie (Competitive Price Piston Hydraulic Cylinder Double Action) to niezawodne i wydajne rozwi\u0105zanie zaspokajaj\u0105ce Twoje potrzeby hydrauliczne. Jego konkurencyjna cena, w po\u0142\u0105czeniu z wysok\u0105 jako\u015bci\u0105 wykonania i wydajno\u015bci\u0105, czyni go doskona\u0142ym wyborem dla firm poszukuj\u0105cych usprawnienia swojej dzia\u0142alno\u015bci. Zainwestuj w ten si\u0142ownik hydrauliczny ju\u017c dzi\u015b i ciesz si\u0119 zwi\u0119kszon\u0105 wydajno\u015bci\u0105 i ekonomiczno\u015bci\u0105. Je\u015bli szukasz wytrzyma\u0142ego i wydajnego si\u0142ownika hydraulicznego t\u0142okowego, to w\u0142a\u015bnie go znalaz\u0142e\u015b. Ten si\u0142ownik dwustronnego dzia\u0142ania jest oferowany w konkurencyjnej cenie, co gwarantuje najlepszy stosunek jako\u015bci do ceny. Jego unikalna konstrukcja i wykonanie sprawiaj\u0105, \u017ce nadaje si\u0119 do r\u00f3\u017cnych zastosowa\u0144, takich jak warsztaty naprawcze maszyn, gospodarstwa rolne, energetyka i g\u00f3rnictwo oraz produkcja i fabryki maszyn.<\/p>\n<h2>Specyfikacja produktu<\/h2>\n<p>Ten nowy si\u0142ownik hydrauliczny t\u0142okowy obj\u0119ty jest roczn\u0105 gwarancj\u0105, co gwarantuje niezawodn\u0105 wydajno\u015b\u0107 i trwa\u0142o\u015b\u0107. Si\u0142ownik ma standardow\u0105 konstrukcj\u0119, jest nap\u0119dzany hydraulicznie i wykonany z wytrzyma\u0142ego stalowego korpusu. Dzi\u0119ki temu wytrzymuje intensywne u\u017cytkowanie bez uszczerbku dla jego wydajno\u015bci i trwa\u0142o\u015bci.<\/p>\n<h3>G\u0142\u00f3wne komponenty<\/h3>\n<p>Kluczowe elementy tego si\u0142ownika hydraulicznego obejmuj\u0105 \u0142o\u017cysko i sam si\u0142ownik hydrauliczny. S\u0105 to kluczowe cz\u0119\u015bci, kt\u00f3re odgrywaj\u0105 znacz\u0105c\u0105 rol\u0119 w og\u00f3lnej funkcjonalno\u015bci i wydajno\u015bci urz\u0105dzenia.<\/p>\n<h3>Moc i pojemno\u015b\u0107<\/h3>\n<p>Si\u0142ownik hydrauliczny charakteryzuje si\u0119 maksymaln\u0105 si\u0142\u0105 ci\u0105gu 3000 i ud\u017awigiem 20 ton, co zapewnia \u0142atwo\u015b\u0107 obs\u0142ugi du\u017cych obci\u0105\u017ce\u0144. Nadaje si\u0119 do stosowania jako si\u0142ownik hydrauliczny p\u0142ugu \u015bnie\u017cnego, co czyni go wszechstronnym narz\u0119dziem do szerokiego zakresu zastosowa\u0144.<\/p>\n<h3>Rozmiar i projekt<\/h3>\n<p>Cylinder ma \u015brednic\u0119 cylindra 2-6 cali i \u015brednic\u0119 t\u0142oczyska 1,125-4 cali, skok 4-100 cali i \u015brednic\u0119 sworznia 0,5-2 cale. Jest wyposa\u017cony w porty G\/SAE\/NPT\/M i dost\u0119pny w eleganckim czarnym kolorze.<\/p>\n<h2>Zalety regulowanych cylindr\u00f3w typu wide\u0142kowego<\/h2>\n<p>Regulowane si\u0142owniki wide\u0142kowe, takie jak konkurencyjny cenowo si\u0142ownik hydrauliczny dwustronnego dzia\u0142ania t\u0142okowy, oferuj\u0105 szereg istotnych zalet w r\u00f3\u017cnych zastosowaniach. Si\u0142owniki te zosta\u0142y zaprojektowane z my\u015bl\u0105 o precyzji i wydajno\u015bci, co zapewnia optymaln\u0105 wydajno\u015b\u0107 i wszechstronno\u015b\u0107. Poni\u017cej przedstawiono kilka kluczowych zalet stosowania regulowanych si\u0142ownik\u00f3w wide\u0142kowych:<\/p>\n<h3>1. Zwi\u0119kszona elastyczno\u015b\u0107<\/h3>\n<p>Jedn\u0105 z g\u0142\u00f3wnych zalet si\u0142ownik\u00f3w z regulowanym wide\u0142kiem jest ich zwi\u0119kszona elastyczno\u015b\u0107 w r\u00f3\u017cnych warunkach pracy. Regulowana konstrukcja wide\u0142ek pozwala na \u0142atw\u0105 personalizacj\u0119 i regulacj\u0119 d\u0142ugo\u015bci skoku, co pozwala na dostosowanie si\u0142ownika do konkretnych wymaga\u0144. Ta elastyczno\u015b\u0107 gwarantuje, \u017ce si\u0142ownik mo\u017ce by\u0107 stosowany w szerokim zakresie zastosowa\u0144, co czyni go wszechstronnym wyborem dla r\u00f3\u017cnych bran\u017c.<\/p>\n<h3>2. Wy\u017csza no\u015bno\u015b\u0107<\/h3>\n<p>Kolejn\u0105 godn\u0105 uwagi zalet\u0105 regulowanych si\u0142ownik\u00f3w wide\u0142kowych jest ich doskona\u0142a no\u015bno\u015b\u0107. Si\u0142owniki te zosta\u0142y zaprojektowane do przenoszenia du\u017cych obci\u0105\u017ce\u0144 i zapewniaj\u0105 wyj\u0105tkow\u0105 si\u0142\u0119 wyj\u015bciow\u0105. W szczeg\u00f3lno\u015bci konkurencyjny cenowo si\u0142ownik hydrauliczny t\u0142okowy dwustronnego dzia\u0142ania jest w stanie generowa\u0107 du\u017ce si\u0142y zar\u00f3wno podczas wysuwania, jak i wsuwania, co czyni go idealnym rozwi\u0105zaniem do zastosowa\u0144 wymagaj\u0105cych du\u017cej mocy i wydajno\u015bci.<\/p>\n<h3>3. Precyzyjne pozycjonowanie<\/h3>\n<p>Regulowane si\u0142owniki wide\u0142kowe znane s\u0105 z mo\u017cliwo\u015bci precyzyjnego pozycjonowania. Zastosowanie zaawansowanej technologii hydraulicznej pozwala na precyzyjne i kontrolowane ruchy, gwarantuj\u0105c precyzyjny ruch liniowy si\u0142ownika. Ten poziom precyzji jest kluczowy w zastosowaniach wymagaj\u0105cych precyzyjnego pozycjonowania, takich jak robotyka, automatyka i systemy transportu bliskiego.<\/p>\n<h3>4. Trwa\u0142o\u015b\u0107 i d\u0142ugowieczno\u015b\u0107<\/h3>\n<p>Regulowane si\u0142owniki wide\u0142kowe s\u0105 wykonane z wysokiej jako\u015bci materia\u0142\u00f3w i poddawane rygorystycznym testom, aby zapewni\u0107 trwa\u0142o\u015b\u0107 i d\u0142ugowieczno\u015b\u0107. Ten konkurencyjny cenowo si\u0142ownik hydrauliczny t\u0142okowy dwustronnego dzia\u0142ania zosta\u0142 zaprojektowany tak, aby wytrzyma\u0107 trudne warunki pracy i intensywne zastosowania. Solidna konstrukcja si\u0142ownika i niezawodny system uszczelnie\u0144 przyczyniaj\u0105 si\u0119 do jego d\u0142u\u017cszej \u017cywotno\u015bci, redukuj\u0105c wymagania konserwacyjne i og\u00f3lne koszty.<\/p>\n<h3>5. Efektywne zu\u017cycie energii<\/h3>\n<p>Efektywne zu\u017cycie energii to kluczowa zaleta regulowanych si\u0142ownik\u00f3w wide\u0142kowych. Si\u0142owniki te zosta\u0142y zaprojektowane tak, aby minimalizowa\u0107 straty energii i optymalizowa\u0107 zu\u017cycie energii, co przek\u0142ada si\u0119 na popraw\u0119 og\u00f3lnej wydajno\u015bci. Zaawansowana konstrukcja hydrauliczna i precyzyjne mechanizmy sterowania konkurencyjnego cenowo si\u0142ownika hydraulicznego t\u0142okowego dwustronnego dzia\u0142ania przyczyniaj\u0105 si\u0119 do jego energooszcz\u0119dno\u015bci, czyni\u0105c go op\u0142acalnym wyborem do d\u0142ugotrwa\u0142ego u\u017cytkowania.<\/p>\n<h3>6. \u0141atwa instalacja i konserwacja<\/h3>\n<p>Regulowane si\u0142owniki wide\u0142kowe zosta\u0142y zaprojektowane z my\u015bl\u0105 o \u0142atwej instalacji i konserwacji. Ich kompaktowa konstrukcja i standardowe opcje monta\u017cu upraszczaj\u0105 proces instalacji i skracaj\u0105 czas przestoju. Dodatkowo, modu\u0142owa konstrukcja si\u0142ownika zapewnia \u0142atwy dost\u0119p do podzespo\u0142\u00f3w wewn\u0119trznych, co u\u0142atwia szybk\u0105 i bezproblemow\u0105 konserwacj\u0119.<\/p>\n<p>Podsumowuj\u0105c, regulowane si\u0142owniki wide\u0142kowe, takie jak konkurencyjne cenowo si\u0142owniki hydrauliczne dwustronnego dzia\u0142ania z t\u0142okiem, oferuj\u0105 liczne zalety w szerokim zakresie zastosowa\u0144. Ich zwi\u0119kszona elastyczno\u015b\u0107, doskona\u0142a no\u015bno\u015b\u0107, precyzyjne mo\u017cliwo\u015bci pozycjonowania, trwa\u0142o\u015b\u0107, niskie zu\u017cycie energii oraz \u0142atwo\u015b\u0107 monta\u017cu i konserwacji sprawiaj\u0105, \u017ce s\u0105 one po\u017c\u0105danym wyborem dla bran\u017c poszukuj\u0105cych niezawodnych i wydajnych rozwi\u0105za\u0144 hydraulicznych.<\/p>\n<h3>O cylindrze hydraulicznym FMP<\/h3>\n<p>FMP to wiod\u0105ca firma we W\u0142oszech specjalizuj\u0105ca si\u0119 w sprzeda\u017cy i serwisie cz\u0119\u015bci oraz kompletnych maszyn budowlanych. Nasz si\u0142ownik hydrauliczny jest jednym z naszych najlepiej sprzedaj\u0105cych si\u0119 produkt\u00f3w, a my jeste\u015bmy dumni z jego najwy\u017cszej jako\u015bci i funkcjonalno\u015bci. Oto pi\u0119\u0107 powod\u00f3w, dla kt\u00f3rych warto wybra\u0107 si\u0142ownik hydrauliczny FMP:<\/p>\n<ol>\n<li><strong>Najwy\u017csza jako\u015b\u0107:<\/strong> Si\u0142ownik hydrauliczny FMP jest wykonany z wysokiej jako\u015bci materia\u0142\u00f3w, kt\u00f3re gwarantuj\u0105 trwa\u0142o\u015b\u0107 i niezawodno\u015b\u0107. Materia\u0142y pozyskujemy od zaufanych dostawc\u00f3w, kt\u00f3rzy spe\u0142niaj\u0105 nasze rygorystyczne standardy jako\u015bci, co gwarantuje najwy\u017csz\u0105 jako\u015b\u0107 naszych produkt\u00f3w.<\/li>\n<li><strong>R\u00f3\u017cne specyfikacje:<\/strong> Nasze si\u0142owniki hydrauliczne s\u0105 dost\u0119pne w r\u00f3\u017cnych rozmiarach i specyfikacjach, aby spe\u0142ni\u0107 Pa\u0144stwa indywidualne potrzeby. Oferujemy szerok\u0105 gam\u0119 produkt\u00f3w, w tym si\u0142owniki z regulowanym wide\u0142kiem, si\u0142owniki z dr\u0105\u017ckiem kierowniczym oraz si\u0142owniki hydrauliczne spawane.<\/li>\n<li><strong>Konsultacja profesjonalna:<\/strong> Nasz do\u015bwiadczony zesp\u00f3\u0142 sprzeda\u017cy posiada wiedz\u0119 na temat bran\u017cy maszyn budowlanych i s\u0142u\u017cy profesjonaln\u0105 porad\u0105 w zakresie produkt\u00f3w. Pomo\u017cemy Ci dobra\u0107 odpowiedni si\u0142ownik hydrauliczny do Twojego projektu, zapewniaj\u0105c Ci \u015bwiadom\u0105 decyzj\u0119.<\/li>\n<li><strong>Efektywna logistyka:<\/strong> Rozumiemy, \u017ce czas jest najwa\u017cniejszy, dlatego wdro\u017cyli\u015bmy sprawny system dystrybucji logistycznej. Dbamy o to, aby Pa\u0144stwa si\u0142owniki hydrauliczne zosta\u0142y dostarczone terminowo i dok\u0142adnie.<\/li>\n<li><strong>Doskona\u0142a obs\u0142uga klienta:<\/strong> W FMP cenimy naszych klient\u00f3w i d\u0105\u017cymy do zapewnienia im doskona\u0142ej obs\u0142ugi. Zale\u017cy nam na spe\u0142nianiu, a nawet przekraczaniu Pa\u0144stwa oczekiwa\u0144 i zawsze jeste\u015bmy gotowi pom\u00f3c w przypadku jakichkolwiek pyta\u0144 lub w\u0105tpliwo\u015bci.<\/li>\n<\/ol>\n<p>W FMP z dum\u0105 dostarczamy naszym klientom wysokiej jako\u015bci i niezawodne rozwi\u0105zania w zakresie si\u0142ownik\u00f3w hydraulicznych. Nasze produkty i us\u0142ugi oparte s\u0105 na wieloletnim do\u015bwiadczeniu w bran\u017cy i profesjonalnym zespole. Wybierz si\u0142ownik hydrauliczny FMP do swojego kolejnego projektu i poczuj r\u00f3\u017cnic\u0119.<\/p>\n<p><img decoding=\"async\" src=\"https:\/\/fmp-components.com\/wp-content\/uploads\/2024\/12\/Adjustable-Clevis-Type-Cylinders-6.webp\" alt=\"Regulowany cylinder typu wide\u0142kowego\" width=\"823\" title=\"\"><\/p>\n<h2>Dlaczego warto wybra\u0107 nasz si\u0142ownik hydrauliczny t\u0142okowy?<\/h2>\n<p>Nasze si\u0142owniki hydrauliczne dwustronnego dzia\u0142ania z t\u0142okiem oferuj\u0105 konkurencyjn\u0105 cen\u0119 bez kompromis\u00f3w w zakresie jako\u015bci i niezawodno\u015bci produktu. Zale\u017cy nam na zaspokajaniu potrzeb naszych klient\u00f3w, dostarczaj\u0105c im produkty trwa\u0142e, wydajne i niezawodne.<\/p>\n<p>Zach\u0119camy do zapoznania si\u0119 z naszym produktem i przekonania si\u0119 na w\u0142asnej sk\u00f3rze, jak wielk\u0105 r\u00f3\u017cnic\u0119 mo\u017ce on wnie\u015b\u0107 do Pa\u0144stwa dzia\u0142alno\u015bci. Dzi\u0119ki naszym konkurencyjnym cenom i wysokiej jako\u015bci produktom jeste\u015bmy przekonani, \u017ce znajd\u0105 Pa\u0144stwo warto\u015b\u0107 i wydajno\u015b\u0107, kt\u00f3rych szukacie.<\/p>\n<h2>Cz\u0119sto zadawane pytania<\/h2>\n<h3>P: Jak d\u0142ugi jest czas dostawy?<\/h3>\n<p>A: Typowy czas dostawy wynosi 25\u201335 dni.<\/p>\n<h3>P: Czy dostarczacie pr\u00f3bki? Czy s\u0105 darmowe czy dodatkowe?<\/h3>\n<p>A: Tak, udost\u0119pniamy pr\u00f3bki, ale nie s\u0105 one darmowe.<\/p>\n<h3>P: Czy mo\u017cecie produkowa\u0107 na podstawie pr\u00f3bek?<\/h3>\n<p>O: Tak, mo\u017cemy produkowa\u0107 na podstawie Pa\u0144stwa pr\u00f3bek lub rysunk\u00f3w technicznych. Mamy r\u00f3wnie\u017c mo\u017cliwo\u015b\u0107 budowy form i oprzyrz\u0105dowania.<\/p>\n<p><img decoding=\"async\" title=\"Si\u0142ownik hydrauliczny p\u0142ugu \u015bnie\u017cnego\" src=\"https:\/\/hzpt.com\/wp-content\/uploads\/2023\/11\/Snow-Plow-Hydraulic-Cylinder-3.webp\" alt=\"Si\u0142ownik hydrauliczny p\u0142ugu \u015bnie\u017cnego\" \/><\/p>\n<p>Autor: CX<\/p>","protected":false},"excerpt":{"rendered":"<p>Introducing Competitive Price Piston Hydraulic Cylinder Double Acting: The Competitive Price Piston Hydraulic Cylinder Double Acting is a high-quality product designed for various industrial applications. This hydraulic cylinder is manufactured using advanced technology and premium materials, ensuring durability and reliability. Featuring a piston design, this hydraulic cylinder offers smooth and precise movement, allowing for efficient [&hellip;]<\/p>","protected":false},"featured_media":1491,"comment_status":"closed","ping_status":"closed","template":"","meta":{"_et_pb_use_builder":"","_et_pb_old_content":"","_et_gb_content_width":""},"product_brand":[],"product_cat":[42],"product_tag":[34,44],"class_list":{"0":"post-1490","1":"product","2":"type-product","3":"status-publish","4":"has-post-thumbnail","6":"product_cat-snow-plow-hydraulic-cylinder","7":"product_tag-hydraulic-cylinder","8":"product_tag-snow-plow-hydraulic-cylinder","10":"first","11":"instock","12":"product-type-simple"},"_links":{"self":[{"href":"https:\/\/fmp-components.com\/pl\/wp-json\/wp\/v2\/product\/1490","targetHints":{"allow":["GET"]}}],"collection":[{"href":"https:\/\/fmp-components.com\/pl\/wp-json\/wp\/v2\/product"}],"about":[{"href":"https:\/\/fmp-components.com\/pl\/wp-json\/wp\/v2\/types\/product"}],"replies":[{"embeddable":true,"href":"https:\/\/fmp-components.com\/pl\/wp-json\/wp\/v2\/comments?post=1490"}],"wp:featuredmedia":[{"embeddable":true,"href":"https:\/\/fmp-components.com\/pl\/wp-json\/wp\/v2\/media\/1491"}],"wp:attachment":[{"href":"https:\/\/fmp-components.com\/pl\/wp-json\/wp\/v2\/media?parent=1490"}],"wp:term":[{"taxonomy":"product_brand","embeddable":true,"href":"https:\/\/fmp-components.com\/pl\/wp-json\/wp\/v2\/product_brand?post=1490"},{"taxonomy":"product_cat","embeddable":true,"href":"https:\/\/fmp-components.com\/pl\/wp-json\/wp\/v2\/product_cat?post=1490"},{"taxonomy":"product_tag","embeddable":true,"href":"https:\/\/fmp-components.com\/pl\/wp-json\/wp\/v2\/product_tag?post=1490"}],"curies":[{"name":"wp","href":"https:\/\/api.w.org\/{rel}","templated":true}]}}