{"id":1488,"date":"2024-12-23T05:50:37","date_gmt":"2024-12-23T05:50:37","guid":{"rendered":"https:\/\/fmp-components.com\/product\/customized-double-effect-stainless-steel-hydraulic-ram-cylinder\/"},"modified":"2025-05-10T12:28:50","modified_gmt":"2025-05-10T12:28:50","slug":"customized-double-effect-stainless-steel-hydraulic-ram-cylinder","status":"publish","type":"product","link":"https:\/\/fmp-components.com\/pl\/product\/customized-double-effect-stainless-steel-hydraulic-ram-cylinder\/","title":{"rendered":"Niestandardowy si\u0142ownik hydrauliczny ze stali nierdzewnej o podw\u00f3jnym dzia\u0142aniu"},"content":{"rendered":"<h2>Niestandardowy si\u0142ownik hydrauliczny ze stali nierdzewnej o podw\u00f3jnym dzia\u0142aniu<\/h2>\n<p>Przedstawiamy dostosowany do indywidualnych potrzeb si\u0142ownik hydrauliczny ze stali nierdzewnej o podw\u00f3jnym dzia\u0142aniu:<\/p>\n<p>Niestandardowy si\u0142ownik hydrauliczny z podw\u00f3jnym efektem ze stali nierdzewnej to wysokiej jako\u015bci produkt zaprojektowany z my\u015bl\u0105 o optymalnej wydajno\u015bci w r\u00f3\u017cnych zastosowaniach przemys\u0142owych. Ten si\u0142ownik hydrauliczny jest wykonany z trwa\u0142ej stali nierdzewnej, co zapewnia jego trwa\u0142o\u015b\u0107 i odporno\u015b\u0107 na korozj\u0119.<\/p>\n<p>Dzi\u0119ki dwukierunkowej konstrukcji si\u0142ownik ten zapewnia wydajn\u0105 i niezawodn\u0105 prac\u0119. Funkcja podw\u00f3jnego dzia\u0142ania umo\u017cliwia zar\u00f3wno wysuwanie, jak i wsuwanie t\u0142oka, zwi\u0119kszaj\u0105c wydajno\u015b\u0107 i skracaj\u0105c przestoje. To sprawia, \u017ce \u200b\u200bjest to idealny wyb\u00f3r do wymagaj\u0105cych zada\u0144, wymagaj\u0105cych precyzyjnej kontroli i p\u0142ynnej pracy.<\/p>\n<p>Niestandardowy si\u0142ownik hydrauliczny ze stali nierdzewnej o podw\u00f3jnym dzia\u0142aniu zosta\u0142 zaprojektowany z my\u015bl\u0105 o wyj\u0105tkowej wydajno\u015bci w warunkach wysokiego ci\u015bnienia. Jego solidna konstrukcja i zaawansowana technologia uszczelnienia gwarantuj\u0105 minimalne wycieki i zwi\u0119kszone bezpiecze\u0144stwo podczas pracy.<\/p>\n<p>Ten si\u0142ownik hydrauliczny jest w pe\u0142ni konfigurowalny, aby spe\u0142ni\u0107 specyficzne wymagania. Dost\u0119pny jest w r\u00f3\u017cnych rozmiarach i d\u0142ugo\u015bciach skoku, co pozwala na \u0142atw\u0105 integracj\u0119 z r\u00f3\u017cnymi uk\u0142adami hydraulicznymi. Dodatkowo, mo\u017cna go dostosowa\u0107 do okre\u015blonych zakres\u00f3w ci\u015bnie\u0144 i temperatur, dzi\u0119ki czemu nadaje si\u0119 do szerokiego zakresu zastosowa\u0144 w r\u00f3\u017cnych bran\u017cach.<\/p>\n<p>Podsumowuj\u0105c, dostosowany si\u0142ownik hydrauliczny ze stali nierdzewnej o podw\u00f3jnym dzia\u0142aniu oferuje trwa\u0142o\u015b\u0107, wydajno\u015b\u0107 i wszechstronno\u015b\u0107. Jego doskona\u0142a wydajno\u015b\u0107 i konfigurowalne funkcje sprawiaj\u0105, \u017ce jest to idealny wyb\u00f3r do zastosowa\u0144 przemys\u0142owych, gdzie niezawodno\u015b\u0107 i precyzja s\u0105 najwa\u017cniejsze.<\/p>\n<h2>Niestandardowy si\u0142ownik hydrauliczny ze stali nierdzewnej o podw\u00f3jnym dzia\u0142aniu do maszyn ci\u0119\u017ckich<\/h2>\n<p>Przedstawiamy nowy, zaawansowany, dwukierunkowy si\u0142ownik hydrauliczny ze stali nierdzewnej, idealnie dopasowany do Twoich potrzeb w zakresie maszyn ci\u0119\u017ckich. Ten najnowocze\u015bniejszy si\u0142ownik hydrauliczny zosta\u0142 wykonany z najwy\u017cszej jako\u015bci stali, co zapewnia maksymaln\u0105 trwa\u0142o\u015b\u0107 i wydajno\u015b\u0107. Jego dwukierunkowa funkcjonalno\u015b\u0107 zapewnia p\u0142ynn\u0105 prac\u0119 w warsztatach naprawczych maszyn, gospodarstwach rolnych, sektorach energetycznym i g\u00f3rniczym, w produkcji maszyn oraz w fabrykach.<\/p>\n<h2>Najwa\u017cniejsze cechy produktu<\/h2>\n<ul>\n<li>Stan: Nowy<\/li>\n<li>Gwarancja: 1 rok<\/li>\n<li>Waga: 11 kg<\/li>\n<li>Maksymalny ci\u0105g: 3000<\/li>\n<li>Typ: Si\u0142owniki hydrauliczne do p\u0142ug\u00f3w \u015bnie\u017cnych<\/li>\n<li>Maksymalny uci\u0105g: 20 ton<\/li>\n<li>Certyfikacja: ISO9001:2000<\/li>\n<li>Kolor: czarny<\/li>\n<\/ul>\n<h2>Bezkonkurencyjna jako\u015b\u0107 i wydajno\u015b\u0107<\/h2>\n<p>Nasz niestandardowy si\u0142ownik hydrauliczny ze stali nierdzewnej o podw\u00f3jnym dzia\u0142aniu jest obj\u0119ty imponuj\u0105c\u0105, roczn\u0105 gwarancj\u0105, co gwarantuje najlepszy stosunek jako\u015bci do ceny. Jego g\u0142\u00f3wne elementy to \u0142o\u017cysko i si\u0142ownik hydrauliczny, co czyni go standardow\u0105 konstrukcj\u0105 si\u0142ownika t\u0142okowego. Produkt ten oferuje r\u00f3wnie\u017c maksymaln\u0105 si\u0142\u0119 ci\u0105gu 3000, co czyni go niezawodnym wyborem do ci\u0119\u017ckich zastosowa\u0144.<\/p>\n<h2>Zalety regulowanych cylindr\u00f3w typu wide\u0142kowego<\/h2>\n<p>Regulowane si\u0142owniki wide\u0142kowe, znane r\u00f3wnie\u017c jako si\u0142owniki hydrauliczne, stanowi\u0105 kluczowy element w r\u00f3\u017cnych ga\u0142\u0119ziach przemys\u0142u, w kt\u00f3rych wykorzystuje si\u0119 ci\u0119\u017ckie maszyny i urz\u0105dzenia. Si\u0142owniki te oferuj\u0105 szereg zalet w por\u00f3wnaniu z innymi typami si\u0142ownik\u00f3w, co czyni je popularnym wyborem w wielu zastosowaniach. W tym wpisie na blogu szczeg\u00f3\u0142owo om\u00f3wimy zalety regulowanych si\u0142ownik\u00f3w wide\u0142kowych.<\/p>\n<h3>1. Wi\u0119ksza elastyczno\u015b\u0107 i mo\u017cliwo\u015b\u0107 personalizacji<\/h3>\n<p>Jedn\u0105 z kluczowych zalet regulowanych si\u0142ownik\u00f3w wide\u0142kowych jest ich zwi\u0119kszona elastyczno\u015b\u0107 i mo\u017cliwo\u015bci personalizacji. Si\u0142owniki te s\u0105 zaprojektowane z my\u015bl\u0105 o regulacji, co pozwala na precyzyjne pozycjonowanie i ustawienie w r\u00f3\u017cnych zastosowaniach. Ta funkcja regulacji pozwala operatorom zoptymalizowa\u0107 wydajno\u015b\u0107 i efektywno\u015b\u0107 u\u017cytkowanych maszyn, co przek\u0142ada si\u0119 na wzrost produktywno\u015bci i skr\u00f3cenie przestoj\u00f3w.<\/p>\n<p>Mo\u017cliwo\u015b\u0107 personalizacji to kolejna istotna zaleta regulowanych si\u0142ownik\u00f3w wide\u0142kowych. Si\u0142owniki te mo\u017cna dostosowa\u0107 do konkretnych wymaga\u0144, takich jak rozmiar, d\u0142ugo\u015b\u0107 skoku i opcje monta\u017cu. Mo\u017cliwo\u015b\u0107 personalizacji si\u0142ownika zapewnia kompatybilno\u015b\u0107 z r\u00f3\u017cnymi urz\u0105dzeniami i systemami, co czyni go wszechstronnym wyborem dla r\u00f3\u017cnych bran\u017c.<\/p>\n<h3>2. Konstrukcja o podw\u00f3jnym efekcie zapewniaj\u0105ca wydajn\u0105 prac\u0119<\/h3>\n<p>Regulowane si\u0142owniki wide\u0142kowe s\u0105 zazwyczaj projektowane z mechanizmem dwustronnego dzia\u0142ania, kt\u00f3ry zapewnia wydajn\u0105 prac\u0119 i lepsz\u0105 wydajno\u015b\u0107. Taka konstrukcja umo\u017cliwia zar\u00f3wno wysuwanie, jak i wsuwanie si\u0142ownika, zapewniaj\u0105c zr\u00f3wnowa\u017cony i kontrolowany ruch. Konstrukcja dwustronnego dzia\u0142ania eliminuje potrzeb\u0119 stosowania si\u0142 zewn\u0119trznych lub r\u0119cznej regulacji, dzi\u0119ki czemu si\u0142ownik jest bardziej niezawodny i \u0142atwiejszy w obs\u0142udze.<\/p>\n<p>Dodatkowo, konstrukcja tych cylindr\u00f3w o podw\u00f3jnym dzia\u0142aniu zapewnia wi\u0119ksz\u0105 si\u0142\u0119 wyj\u015bciow\u0105 w por\u00f3wnaniu z cylindrami o pojedynczym dzia\u0142aniu. Dzi\u0119ki temu zwi\u0119kszonej sile, regulowane cylindry wide\u0142kowe nadaj\u0105 si\u0119 do ci\u0119\u017ckich zastosowa\u0144 wymagaj\u0105cych podnoszenia lub pchania du\u017cych \u0142adunk\u00f3w. Wydajna praca tych cylindr\u00f3w zwi\u0119ksza og\u00f3ln\u0105 wydajno\u015b\u0107 i gwarantuje pomy\u015blne wykonanie wymagaj\u0105cych zada\u0144.<\/p>\n<h3>3. Wysokiej jako\u015bci konstrukcja ze stali nierdzewnej<\/h3>\n<p>Regulowane si\u0142owniki wide\u0142kowe s\u0105 wykonane z wysokiej jako\u015bci stali nierdzewnej, kt\u00f3ra oferuje liczne korzy\u015bci w zakresie trwa\u0142o\u015bci i odporno\u015bci na korozj\u0119. Stal nierdzewna znana jest ze swojej wyj\u0105tkowej wytrzyma\u0142o\u015bci i odporno\u015bci na zu\u017cycie, dzi\u0119ki czemu idealnie nadaje si\u0119 do trudnych warunk\u00f3w pracy.<\/p>\n<p>Dzi\u0119ki zastosowaniu stali nierdzewnej w konstrukcji regulowanych cylindr\u00f3w wide\u0142kowych, producenci zapewniaj\u0105, \u017ce cylindry te s\u0105 odporne na trudne warunki, takie jak ekstremalne temperatury, kontakt z chemikaliami i silne wibracje. Taka trwa\u0142o\u015b\u0107 wyd\u0142u\u017ca \u017cywotno\u015b\u0107 cylindr\u00f3w i zmniejsza wymagania konserwacyjne, co przek\u0142ada si\u0119 na oszcz\u0119dno\u015bci dla operator\u00f3w.<\/p>\n<h3>4. Zwi\u0119kszone bezpiecze\u0144stwo i niezawodno\u015b\u0107<\/h3>\n<p>Regulowane si\u0142owniki wide\u0142kowe stawiaj\u0105 na bezpiecze\u0144stwo i niezawodno\u015b\u0107, co czyni je preferowanym wyborem w zastosowaniach krytycznych. Si\u0142owniki te zosta\u0142y zaprojektowane z wykorzystaniem zaawansowanych funkcji bezpiecze\u0144stwa, takich jak zabezpieczenie przed przeci\u0105\u017ceniem i mechanizmy zatrzymania awaryjnego, aby zapobiega\u0107 wypadkom i uszkodzeniom sprz\u0119tu.<\/p>\n<p>Co wi\u0119cej, precyzyjna kontrola i pozycjonowanie oferowane przez regulowane si\u0142owniki wide\u0142kowe przyczyniaj\u0105 si\u0119 do og\u00f3lnego bezpiecze\u0144stwa maszyny. Operatorzy mog\u0105 precyzyjnie regulowa\u0107 d\u0142ugo\u015b\u0107 i pr\u0119dko\u015b\u0107 skoku si\u0142ownika, zapewniaj\u0105c p\u0142ynne i kontrolowane ruchy. Taki poziom kontroli minimalizuje ryzyko nag\u0142ych szarpni\u0119\u0107 lub nieoczekiwanych ruch\u00f3w, kt\u00f3re mog\u0142yby zagrozi\u0107 bezpiecze\u0144stwu operator\u00f3w i os\u00f3b w pobli\u017cu.<\/p>\n<p>Podsumowuj\u0105c, zalety regulowanych si\u0142ownik\u00f3w wide\u0142kowych sprawiaj\u0105, \u017ce stanowi\u0105 one doskona\u0142y wyb\u00f3r dla r\u00f3\u017cnych bran\u017c. Elastyczno\u015b\u0107, mo\u017cliwo\u015bci personalizacji, wydajna praca, wysoka jako\u015b\u0107 konstrukcji i zwi\u0119kszone bezpiecze\u0144stwo, jakie oferuj\u0105, przyczyniaj\u0105 si\u0119 do poprawy wydajno\u015bci sprz\u0119tu, produktywno\u015bci i og\u00f3lnej efektywno\u015bci operacyjnej. Dzi\u0119ki swoim unikalnym cechom i mo\u017cliwo\u015bciom, regulowane si\u0142owniki wide\u0142kowe stanowi\u0105 cenny element nowoczesnego krajobrazu przemys\u0142owego.<\/p>\n<h3>O cylindrze hydraulicznym FMP<\/h3>\n<p>FMP to wiod\u0105cy dostawca wysokiej jako\u015bci si\u0142ownik\u00f3w hydraulicznych do maszyn budowlanych. Nasze produkty charakteryzuj\u0105 si\u0119 trwa\u0142o\u015bci\u0105, niezawodno\u015bci\u0105 i doskona\u0142\u0105 wydajno\u015bci\u0105. Oto kilka powod\u00f3w, dla kt\u00f3rych warto wybra\u0107 si\u0142owniki hydrauliczne FMP do maszyn budowlanych:<\/p>\n<p>1. Jako\u015b\u0107: Nasze cylindry hydrauliczne wykonane s\u0105 z materia\u0142\u00f3w najwy\u017cszej jako\u015bci, co zapewnia ich d\u0142ugotrwa\u0142\u0105 wytrzyma\u0142o\u015b\u0107 i doskona\u0142\u0105 wydajno\u015b\u0107.<\/p>\n<p>2. Szeroka gama produkt\u00f3w: FMP oferuje r\u00f3\u017cnorodne si\u0142owniki hydrauliczne do r\u00f3\u017cnych typ\u00f3w maszyn budowlanych, w tym si\u0142owniki z regulowanym wide\u0142kiem (patrz ilustracja poni\u017cej), si\u0142owniki z dr\u0105\u017ckiem \u015bci\u0105gaj\u0105cym, si\u0142owniki spawane i wiele innych.<\/p>\n<p><img decoding=\"async\" src=\"https:\/\/fmp-components.com\/wp-content\/uploads\/2024\/12\/Adjustable-Clevis-Type-Cylinders-6.webp\" alt=\"Regulowany cylinder typu wide\u0142kowego\" width=\"822\" title=\"\"><\/p>\n<p>3. Konkurencyjne ceny: FMP oferuje swoje produkty w bardzo konkurencyjnych cenach, dzi\u0119ki czemu s\u0105 one dost\u0119pne dla szerokiego grona klient\u00f3w.<\/p>\n<p>4. Zesp\u00f3\u0142 profesjonalist\u00f3w: Nasz do\u015bwiadczony zesp\u00f3\u0142 sprzeda\u017cy posiada wiedz\u0119 na temat bran\u017cy maszyn budowlanych i mo\u017ce zapewni\u0107 klientom fachowe doradztwo i wsparcie.<\/p>\n<p>5. Efektywna logistyka: Posiadamy dobrze rozwini\u0119ty system dystrybucji logistycznej, kt\u00f3ry gwarantuje terminow\u0105 i dok\u0142adn\u0105 dostaw\u0119 produkt\u00f3w do klient\u00f3w.<\/p>\n<p>Podsumowuj\u0105c, si\u0142ownik hydrauliczny FMP to niezawodny i godny zaufania wyb\u00f3r dla wszystkich Twoich potrzeb w zakresie maszyn budowlanych. Skontaktuj si\u0119 z nami ju\u017c dzi\u015b, aby dowiedzie\u0107 si\u0119 wi\u0119cej o naszych produktach i us\u0142ugach.<\/p>\n<h2>Cz\u0119sto zadawane pytania<\/h2>\n<h3>P: Czy jeste\u015b firm\u0105 handlow\u0105 lub produkcyjn\u0105?<\/h3>\n<p>A: Jeste\u015bmy fabryk\u0105 specjalizuj\u0105c\u0105 si\u0119 w produkcji cylindr\u00f3w hydraulicznych i cz\u0119\u015bci maszyn rolniczych.<\/p>\n<h3>P: Jak d\u0142ugi jest czas dostawy?<\/h3>\n<p>A: Zazwyczaj czas dostawy wynosi od 25 do 35 dni.<\/p>\n<h3>P: Czy dostarczacie pr\u00f3bki?<\/h3>\n<p>A: Tak, udost\u0119pniamy pr\u00f3bki, ale nie s\u0105 one bezp\u0142atne.<\/p>\n<p>Autor: CX<\/p>","protected":false},"excerpt":{"rendered":"<p>Customized Double Effect Stainless Steel Hydraulic Ram Cylinder Introducing the Customized Double Effect Stainless Steel Hydraulic Ram Cylinder: The Customized Double Effect Stainless Steel Hydraulic Ram Cylinder is a high-quality product designed for optimal performance in various industrial applications. This hydraulic ram cylinder is manufactured using durable stainless steel, ensuring its longevity and resistance to [&hellip;]<\/p>","protected":false},"featured_media":1489,"comment_status":"closed","ping_status":"closed","template":"","meta":{"_et_pb_use_builder":"","_et_pb_old_content":"","_et_gb_content_width":""},"product_brand":[],"product_cat":[42],"product_tag":[34,44],"class_list":{"0":"post-1488","1":"product","2":"type-product","3":"status-publish","4":"has-post-thumbnail","6":"product_cat-snow-plow-hydraulic-cylinder","7":"product_tag-hydraulic-cylinder","8":"product_tag-snow-plow-hydraulic-cylinder","10":"first","11":"instock","12":"product-type-simple"},"_links":{"self":[{"href":"https:\/\/fmp-components.com\/pl\/wp-json\/wp\/v2\/product\/1488","targetHints":{"allow":["GET"]}}],"collection":[{"href":"https:\/\/fmp-components.com\/pl\/wp-json\/wp\/v2\/product"}],"about":[{"href":"https:\/\/fmp-components.com\/pl\/wp-json\/wp\/v2\/types\/product"}],"replies":[{"embeddable":true,"href":"https:\/\/fmp-components.com\/pl\/wp-json\/wp\/v2\/comments?post=1488"}],"wp:featuredmedia":[{"embeddable":true,"href":"https:\/\/fmp-components.com\/pl\/wp-json\/wp\/v2\/media\/1489"}],"wp:attachment":[{"href":"https:\/\/fmp-components.com\/pl\/wp-json\/wp\/v2\/media?parent=1488"}],"wp:term":[{"taxonomy":"product_brand","embeddable":true,"href":"https:\/\/fmp-components.com\/pl\/wp-json\/wp\/v2\/product_brand?post=1488"},{"taxonomy":"product_cat","embeddable":true,"href":"https:\/\/fmp-components.com\/pl\/wp-json\/wp\/v2\/product_cat?post=1488"},{"taxonomy":"product_tag","embeddable":true,"href":"https:\/\/fmp-components.com\/pl\/wp-json\/wp\/v2\/product_tag?post=1488"}],"curies":[{"name":"wp","href":"https:\/\/api.w.org\/{rel}","templated":true}]}}