{"id":1486,"date":"2024-12-23T05:50:37","date_gmt":"2024-12-23T05:50:37","guid":{"rendered":"https:\/\/fmp-components.com\/product\/good-quality-snow-plow-customized-double-acting-hydraulic-cylinder\/"},"modified":"2024-12-23T06:15:03","modified_gmt":"2024-12-23T06:15:03","slug":"good-quality-snow-plow-customized-double-acting-hydraulic-cylinder","status":"publish","type":"product","link":"https:\/\/fmp-components.com\/pl\/product\/good-quality-snow-plow-customized-double-acting-hydraulic-cylinder\/","title":{"rendered":"Dobrej jako\u015bci p\u0142ug do od\u015bnie\u017cania, dostosowany si\u0142ownik hydrauliczny dwustronnego dzia\u0142ania"},"content":{"rendered":"<p>Dobrej jako\u015bci p\u0142ug do \u015bniegu, dostosowany si\u0142ownik hydrauliczny dwustronnego dzia\u0142ania. Dobrej jako\u015bci p\u0142ug do \u015bniegu, dostosowany si\u0142ownik hydrauliczny dwustronnego dzia\u0142ania.<\/p>\n<p>Je\u015bli szukasz niezawodnego i wydajnego si\u0142ownika hydraulicznego do swojego p\u0142uga \u015bnie\u017cnego, to w\u0142a\u015bnie go znalaz\u0142e\u015b \u2013 nasz wysokiej jako\u015bci, spersonalizowany si\u0142ownik hydrauliczny dwustronnego dzia\u0142ania do p\u0142uga \u015bnie\u017cnego. Ten wysokiej jako\u015bci si\u0142ownik zosta\u0142 zaprojektowany i dostosowany do indywidualnych potrzeb i specyfikacji Twojego p\u0142uga \u015bnie\u017cnego, zapewniaj\u0105c optymaln\u0105 wydajno\u015b\u0107 i trwa\u0142o\u015b\u0107.<\/p>\n<p>Dzi\u0119ki dwustronnemu dzia\u0142aniu, nasz si\u0142ownik hydrauliczny zapewnia p\u0142ynn\u0105 i r\u00f3wnomiern\u0105 prac\u0119, pozwalaj\u0105c z \u0142atwo\u015bci\u0105 przejecha\u0107 nawet przez najtrudniejszy \u015bnieg. Wykonany z trwa\u0142ych i wysokiej jako\u015bci materia\u0142\u00f3w, nasz si\u0142ownik zosta\u0142 zaprojektowany tak, aby wytrzyma\u0107 trudne warunki pogodowe i intensywne u\u017cytkowanie, gwarantuj\u0105c niezawodn\u0105 prac\u0119 przez ca\u0142y sezon.<\/p>\n<p><img decoding=\"async\" title=\"Si\u0142ownik hydrauliczny p\u0142ugu \u015bnie\u017cnego\" src=\"https:\/\/hzpt.com\/wp-content\/uploads\/2023\/11\/Snow-Plow-Hydraulic-Cylinder-3.webp\" alt=\"Si\u0142ownik hydrauliczny p\u0142ugu \u015bnie\u017cnego\" \/><\/p>\n<p>Ponadto, nasz wysokiej jako\u015bci, dostosowywany si\u0142ownik hydrauliczny dwustronnego dzia\u0142ania do p\u0142ug\u00f3w \u015bnie\u017cnych jest \u0142atwy w monta\u017cu i konserwacji, co czyni go doskona\u0142ym wyborem zar\u00f3wno dla operator\u00f3w p\u0142ug\u00f3w \u015bnie\u017cnych, jak i specjalist\u00f3w ds. konserwacji. Je\u015bli wi\u0119c potrzebujesz wysokiej jako\u015bci si\u0142ownika hydraulicznego do swojego p\u0142uga \u015bnie\u017cnego, zaufaj naszemu zespo\u0142owi \u2013 zapewnimy Ci wydajno\u015b\u0107 i niezawodno\u015b\u0107 niezb\u0119dne do prawid\u0142owego wykonania zadania. Przedstawiamy najwy\u017cszej klasy, dostosowywany si\u0142ownik hydrauliczny dwustronnego dzia\u0142ania, zaprojektowany specjalnie do p\u0142ug\u00f3w \u015bnie\u017cnych. Ten produkt gwarantuje doskona\u0142\u0105 wydajno\u015b\u0107, trwa\u0142o\u015b\u0107 i rezultaty nawet w najbardziej ekstremalnych warunkach pogodowych. To nie tylko produkt, to inwestycja w jako\u015b\u0107 i wydajno\u015b\u0107.<\/p>\n<h2>Przegl\u0105d produktu<\/h2>\n<p>Nasz si\u0142ownik hydrauliczny do p\u0142uga \u015bnie\u017cnego to nowy i ulepszony model z 2023 roku, oferuj\u0105cy trwa\u0142o\u015b\u0107 stalowego korpusu i moc funkcji hydraulicznych. Jest to standardowy si\u0142ownik t\u0142okowy o maksymalnej sile ci\u0105gu 3000 i uci\u0105gu 20 ton. \u015arednica otworu waha si\u0119 od 2 do 6 cali, \u015brednica t\u0142oczyska od 1,125 do 4 cali, a skok t\u0142oczyska od 4 do 100 cali. \u015arednica sworznia waha si\u0119 od 0,5 do 2 cali, a si\u0142ownik jest dost\u0119pny w eleganckim czarnym kolorze.<\/p>\n<h3>Personalizacja i wszechstronno\u015b\u0107<\/h3>\n<p>Si\u0142ownik mo\u017cna dostosowa\u0107 do port\u00f3w G\/SAE\/NPT\/M, co czyni go wszechstronnym i kompatybilnym z r\u00f3\u017cnymi modelami i markami p\u0142ug\u00f3w do od\u015bnie\u017cania. To nie tylko si\u0142ownik, to rozwi\u0105zanie dopasowane do Twoich indywidualnych potrzeb.<\/p>\n<h3>Konserwacja i gwarancja<\/h3>\n<p>Gwarantujemy jako\u015b\u0107 naszych produkt\u00f3w. Dlatego oferujemy roczn\u0105 gwarancj\u0119 nie tylko na produkt, ale tak\u017ce na jego kluczowe elementy \u2013 \u0142o\u017cysko i si\u0142ownik hydrauliczny. Dla Pa\u0144stwa spokoju zapewniamy r\u00f3wnie\u017c wideokontrole i raporty z test\u00f3w maszyn.<\/p>\n<h2>Zalety regulowanych cylindr\u00f3w typu wide\u0142kowego<\/h2>\n<p>Regulowane si\u0142owniki wide\u0142kowe oferuj\u0105 szereg zalet w por\u00f3wnaniu z innymi konstrukcjami si\u0142ownik\u00f3w hydraulicznych. Si\u0142owniki te s\u0105 szeroko stosowane w r\u00f3\u017cnych ga\u0142\u0119ziach przemys\u0142u ze wzgl\u0119du na swoj\u0105 wszechstronno\u015b\u0107 i wydajno\u015b\u0107. W tym artykule szczeg\u00f3\u0142owo om\u00f3wimy kluczowe zalety regulowanych si\u0142ownik\u00f3w wide\u0142kowych.<\/p>\n<p>1. Wi\u0119ksza elastyczno\u015b\u0107: Regulowane cylindry z wide\u0142kami zapewniaj\u0105 wi\u0119ksz\u0105 elastyczno\u015b\u0107 w zakresie opcji monta\u017cu. Mocowanie wide\u0142kowe umo\u017cliwia \u0142atwe i regulowane po\u0142\u0105czenie z r\u00f3\u017cnymi typami urz\u0105dze\u0144 lub maszyn. Ta elastyczno\u015b\u0107 umo\u017cliwia \u0142atw\u0105 integracj\u0119 cylindr\u00f3w z r\u00f3\u017cnymi zastosowaniami, co czyni je niezwykle wszechstronnymi.<\/p>\n<p>2. Wyj\u0105tkowa wytrzyma\u0142o\u015b\u0107 i sztywno\u015b\u0107: Te cylindry zosta\u0142y zaprojektowane z my\u015bl\u0105 o zapewnieniu wyj\u0105tkowej wytrzyma\u0142o\u015bci i sztywno\u015bci. Dzi\u0119ki temu wytrzymuj\u0105 du\u017ce obci\u0105\u017cenia i dzia\u0142aj\u0105 wydajnie w trudnych warunkach. Regulowane mocowanie wide\u0142kowe zwi\u0119ksza og\u00f3ln\u0105 wytrzyma\u0142o\u015b\u0107 i stabilno\u015b\u0107 cylindra, gwarantuj\u0105c niezawodn\u0105 prac\u0119 nawet w wymagaj\u0105cych warunkach.<\/p>\n<p>3. Precyzyjne pozycjonowanie: Regulowane cylindry z wide\u0142kami zapewniaj\u0105 precyzyjne pozycjonowanie. Regulowane mocowanie wide\u0142kowe umo\u017cliwia dok\u0142adne ustawienie i pozycjonowanie cylindra, zapewniaj\u0105c optymaln\u0105 wydajno\u015b\u0107 i efektywno\u015b\u0107. Ta funkcja jest szczeg\u00f3lnie przydatna w zastosowaniach, w kt\u00f3rych precyzyjna kontrola i pozycjonowanie s\u0105 kluczowe, na przyk\u0142ad w transporcie materia\u0142\u00f3w lub sprz\u0119cie budowlanym.<\/p>\n<p>4. Opcje personalizacji: Regulowane si\u0142owniki wide\u0142kowe mo\u017cna dostosowa\u0107 do konkretnych wymaga\u0144. Takie dostosowanie obejmuje opcje d\u0142ugo\u015bci skoku, \u015brednicy cylindra i sposobu monta\u017cu. Dopasowanie si\u0142ownika do potrzeb danego zastosowania pozwala uzyska\u0107 optymaln\u0105 wydajno\u015b\u0107, co przek\u0142ada si\u0119 na wzrost produktywno\u015bci i wydajno\u015bci.<\/p>\n<p>5. Dzia\u0142anie dwustronne: Si\u0142owniki te dzia\u0142aj\u0105 na zasadzie dwustronnego dzia\u0142ania, co oznacza, \u017ce \u200b\u200bzapewniaj\u0105 si\u0142\u0119 w obu kierunkach ruchu. Umo\u017cliwia to wydajn\u0105 obs\u0142ug\u0119 i kontrol\u0119 sprz\u0119tu, poniewa\u017c si\u0142ownik mo\u017ce p\u0142ynnie i precyzyjnie wysuwa\u0107 si\u0119 i chowa\u0107. Dzia\u0142anie dwustronnego dzia\u0142ania sprawia, \u017ce \u200b\u200bregulowane si\u0142owniki wide\u0142kowe nadaj\u0105 si\u0119 do szerokiego zakresu zastosowa\u0144, w tym p\u0142ug\u00f3w \u015bnie\u017cnych.<\/p>\n<p>6. Zastosowanie p\u0142ugu \u015bnie\u017cnego dobrej jako\u015bci: Regulowane si\u0142owniki wide\u0142kowe s\u0105 powszechnie stosowane w p\u0142ugach \u015bnie\u017cnych ze wzgl\u0119du na ich odporno\u015b\u0107 na trudne i wymagaj\u0105ce warunki. Si\u0142owniki zapewniaj\u0105 niezb\u0119dn\u0105 si\u0142\u0119 i kontrol\u0119 dla efektywnego od\u015bnie\u017cania. Ich trwa\u0142o\u015b\u0107 i niezawodno\u015b\u0107 sprawiaj\u0105, \u017ce s\u0105 preferowanym wyborem do zastosowa\u0144 w p\u0142ugach \u015bnie\u017cnych.<\/p>\n<p>Podsumowuj\u0105c, regulowane si\u0142owniki wide\u0142kowe oferuj\u0105 liczne zalety, dzi\u0119ki czemu ciesz\u0105 si\u0119 popularno\u015bci\u0105 w r\u00f3\u017cnych bran\u017cach. Ich elastyczno\u015b\u0107, wytrzyma\u0142o\u015b\u0107, precyzyjne pozycjonowanie, mo\u017cliwo\u015bci personalizacji, funkcjonalno\u015b\u0107 dwustronnego dzia\u0142ania oraz przydatno\u015b\u0107 do zastosowa\u0144 w p\u0142ugach \u015bnie\u017cnych sprawiaj\u0105, \u017ce s\u0105 idealnym rozwi\u0105zaniem w zakresie si\u0142ownik\u00f3w hydraulicznych. Wybieraj\u0105c si\u0142ownik do swojego kolejnego projektu, nale\u017cy wzi\u0105\u0107 pod uwag\u0119 zalety i korzy\u015bci, jakie oferuj\u0105 regulowane si\u0142owniki wide\u0142kowe.<\/p>\n<p>Uwaga: Wysokiej jako\u015bci p\u0142ug \u015bnie\u017cny z podw\u00f3jnym dzia\u0142aniem, dostosowany do indywidualnych potrzeb<\/p>\n<h3>O FMP<\/h3>\n<p>FMP to zaufane \u017ar\u00f3d\u0142o wysokiej jako\u015bci si\u0142ownik\u00f3w hydraulicznych dla bran\u017cy maszyn budowlanych. Dzi\u0119ki wieloletniemu do\u015bwiadczeniu w bran\u017cy i profesjonalnemu zespo\u0142owi, z zaanga\u017cowaniem dostarczamy naszym cenionym klientom najwy\u017cszej jako\u015bci cz\u0119\u015bci do maszyn budowlanych i kompletne rozwi\u0105zania.<\/p>\n<p>Oto pi\u0119\u0107 powod\u00f3w, dla kt\u00f3rych powiniene\u015b wybra\u0107 firm\u0119 FMP w zakresie cylindr\u00f3w hydraulicznych:<\/p>\n<ol>\n<li><strong>Szeroki wyb\u00f3r opcji:<\/strong> Nasza oferta obejmuje szeroki wyb\u00f3r si\u0142ownik\u00f3w hydraulicznych odpowiednich do r\u00f3\u017cnych typ\u00f3w maszyn budowlanych. Niezale\u017cnie od tego, czy potrzebujesz si\u0142ownik\u00f3w jednostronnego czy dwustronnego dzia\u0142ania, si\u0142ownik\u00f3w teleskopowych czy z dr\u0105\u017ckiem kierowniczym, mamy odpowiednie rozwi\u0105zanie, kt\u00f3re spe\u0142ni Twoje wymagania.<\/li>\n<li><strong>Najwy\u017csza jako\u015b\u0107:<\/strong> Nawi\u0105zali\u015bmy d\u0142ugotrwa\u0142e i stabilne relacje z wysokiej jako\u015bci dostawcami, zar\u00f3wno krajowymi, jak i zagranicznymi. Dzi\u0119ki temu wszystkie nasze si\u0142owniki hydrauliczne spe\u0142niaj\u0105 surowe standardy jako\u015bci, dostarczaj\u0105c Pa\u0144stwu niezawodne i trwa\u0142e komponenty, kt\u00f3re sprostaj\u0105 wymaganiom Pa\u0144stwa projekt\u00f3w.<\/li>\n<li><strong>Zesp\u00f3\u0142 ekspert\u00f3w ds. sprzeda\u017cy:<\/strong> Nasz do\u015bwiadczony i kompetentny zesp\u00f3\u0142 sprzeda\u017cy doskonale zna najnowsze trendy i potrzeby klient\u00f3w w bran\u017cy maszyn budowlanych. Jeste\u015bmy gotowi zapewni\u0107 Pa\u0144stwu profesjonalne doradztwo produktowe i trafne sugestie zakupowe, pomagaj\u0105c w podejmowaniu \u015bwiadomych decyzji.<\/li>\n<li><strong>Efektywna logistyka:<\/strong> Rozumiemy, jak wa\u017cna jest terminowa dostawa. Dzi\u0119ki naszemu sprawnemu systemowi dystrybucji logistycznej gwarantujemy terminow\u0105 i precyzyjn\u0105 dostaw\u0119 potrzebnych cylindr\u00f3w hydraulicznych. Mo\u017cesz na nas polega\u0107, \u017ce dotrzymamy termin\u00f3w realizacji Twoich projekt\u00f3w.<\/li>\n<li><strong>Wyj\u0105tkowa obs\u0142uga klienta:<\/strong> W FMP cenimy naszych klient\u00f3w i d\u0105\u017cymy do zapewnienia wyj\u0105tkowej obs\u0142ugi. Nasz oddany zesp\u00f3\u0142 dok\u0142ada wszelkich stara\u0144, aby szybko odpowiada\u0107 na Pa\u0144stwa zapytania i w\u0105tpliwo\u015bci, zapewniaj\u0105c p\u0142ynn\u0105 i satysfakcjonuj\u0105c\u0105 wsp\u00f3\u0142prac\u0119 z nami.<\/li>\n<\/ol>\n<p>Przyjrzyj si\u0119 bli\u017cej naszym regulowanym cylindrom typu wide\u0142kowego:<\/p>\n<p><img decoding=\"async\" src=\"https:\/\/fmp-components.com\/wp-content\/uploads\/2024\/12\/Adjustable-Clevis-Type-Cylinders-6.webp\" alt=\"Regulowany cylinder typu wide\u0142kowego\" width=\"821\" title=\"\"><\/p>\n<h2>Cz\u0119sto zadawane pytania<\/h2>\n<h3>P: Czy jeste\u015b firm\u0105 handlow\u0105 lub produkcyjn\u0105?<\/h3>\n<p>A: Jeste\u015bmy fabryk\u0105 produkuj\u0105c\u0105 najwy\u017cszej jako\u015bci cylindry hydrauliczne i inne cz\u0119\u015bci maszyn.<\/p>\n<h3>P: Jak d\u0142ugi jest czas dostawy?<\/h3>\n<p>A: Zazwyczaj jest to 25\u201335 dni.<\/p>\n<h3>P: Czy dostarczacie pr\u00f3bki? Czy s\u0105 darmowe czy dodatkowe?<\/h3>\n<p>O: Tak, mogliby\u015bmy zaoferowa\u0107 pr\u00f3bk\u0119, ale nie jest ona darmowa.<\/p>\n<p><img decoding=\"async\" title=\"Si\u0142ownik hydrauliczny p\u0142ugu \u015bnie\u017cnego\" src=\"https:\/\/hzpt.com\/wp-content\/uploads\/2023\/11\/Snow-Plow-Hydraulic-Cylinder-1.webp\" alt=\"Si\u0142ownik hydrauliczny p\u0142ugu \u015bnie\u017cnego\" \/><\/p>\n<p>Autor: CX<\/p>","protected":false},"excerpt":{"rendered":"<p>Good Quality Snow Plow Customized Double Acting Hydraulic CylinderGood Quality Snow Plow Customized Double Acting Hydraulic Cylinder If you&#8217;re looking for a reliable and efficient hydraulic cylinder for your snow plow, look no further than our Good Quality Snow Plow Customized Double Acting Hydraulic Cylinder. This high-quality cylinder is custom designed and tailored to meet [&hellip;]<\/p>","protected":false},"featured_media":1487,"comment_status":"closed","ping_status":"closed","template":"","meta":{"_et_pb_use_builder":"","_et_pb_old_content":"","_et_gb_content_width":""},"product_brand":[],"product_cat":[42],"product_tag":[34,44],"class_list":{"0":"post-1486","1":"product","2":"type-product","3":"status-publish","4":"has-post-thumbnail","6":"product_cat-snow-plow-hydraulic-cylinder","7":"product_tag-hydraulic-cylinder","8":"product_tag-snow-plow-hydraulic-cylinder","10":"first","11":"instock","12":"product-type-simple"},"_links":{"self":[{"href":"https:\/\/fmp-components.com\/pl\/wp-json\/wp\/v2\/product\/1486","targetHints":{"allow":["GET"]}}],"collection":[{"href":"https:\/\/fmp-components.com\/pl\/wp-json\/wp\/v2\/product"}],"about":[{"href":"https:\/\/fmp-components.com\/pl\/wp-json\/wp\/v2\/types\/product"}],"replies":[{"embeddable":true,"href":"https:\/\/fmp-components.com\/pl\/wp-json\/wp\/v2\/comments?post=1486"}],"wp:featuredmedia":[{"embeddable":true,"href":"https:\/\/fmp-components.com\/pl\/wp-json\/wp\/v2\/media\/1487"}],"wp:attachment":[{"href":"https:\/\/fmp-components.com\/pl\/wp-json\/wp\/v2\/media?parent=1486"}],"wp:term":[{"taxonomy":"product_brand","embeddable":true,"href":"https:\/\/fmp-components.com\/pl\/wp-json\/wp\/v2\/product_brand?post=1486"},{"taxonomy":"product_cat","embeddable":true,"href":"https:\/\/fmp-components.com\/pl\/wp-json\/wp\/v2\/product_cat?post=1486"},{"taxonomy":"product_tag","embeddable":true,"href":"https:\/\/fmp-components.com\/pl\/wp-json\/wp\/v2\/product_tag?post=1486"}],"curies":[{"name":"wp","href":"https:\/\/api.w.org\/{rel}","templated":true}]}}