{"id":1484,"date":"2024-12-23T05:50:37","date_gmt":"2024-12-23T05:50:37","guid":{"rendered":"https:\/\/fmp-components.com\/product\/factory-price-2-ton-small-double-acting-hydraulic-cylinder\/"},"modified":"2025-03-18T02:09:32","modified_gmt":"2025-03-18T02:09:32","slug":"factory-price-2-ton-small-double-acting-hydraulic-cylinder","status":"publish","type":"product","link":"https:\/\/fmp-components.com\/pl\/product\/factory-price-2-ton-small-double-acting-hydraulic-cylinder\/","title":{"rendered":"Cena fabryczna 2-tonowego ma\u0142ego si\u0142ownika hydraulicznego dwustronnego dzia\u0142ania"},"content":{"rendered":"<h2>Cena fabryczna 2-tonowego ma\u0142ego si\u0142ownika hydraulicznego dwustronnego dzia\u0142ania<\/h2>\n<p>Ma\u0142y si\u0142ownik hydrauliczny dwustronnego dzia\u0142ania o ud\u017awigu 2 ton w cenie fabrycznej to wysokiej jako\u015bci produkt zaprojektowany z my\u015bl\u0105 o potrzebach r\u00f3\u017cnych bran\u017c. Dzi\u0119ki kompaktowym rozmiarom i wydajnej konstrukcji si\u0142ownik ten zapewnia optymaln\u0105 wydajno\u015b\u0107 i niezawodno\u015b\u0107.<\/p>\n<p>Wyposa\u017cony w mechanizm dwustronnego dzia\u0142ania, ten si\u0142ownik hydrauliczny umo\u017cliwia zar\u00f3wno wysuwanie, jak i wsuwanie t\u0142oka, zapewniaj\u0105c precyzyjn\u0105 kontrol\u0119 i p\u0142ynn\u0105 prac\u0119. Niezale\u017cnie od tego, czy podnosisz ci\u0119\u017ckie \u0142adunki, pchasz czy ci\u0105gniesz, si\u0142ownik ten zapewnia sta\u0142\u0105 i du\u017c\u0105 si\u0142\u0119.<\/p>\n<p>Wykonany z trwa\u0142ych materia\u0142\u00f3w, ten si\u0142ownik hydrauliczny oferuje wyj\u0105tkow\u0105 wytrzyma\u0142o\u015b\u0107 i trwa\u0142o\u015b\u0107. Zosta\u0142 zaprojektowany tak, aby wytrzyma\u0107 intensywne u\u017cytkowanie i trudne warunki pracy, gwarantuj\u0105c niezawodn\u0105 wydajno\u015b\u0107 nawet w wymagaj\u0105cych zastosowaniach.<\/p>\n<p>Ma\u0142y si\u0142ownik hydrauliczny dwustronnego dzia\u0142ania o ud\u017awigu 2 ton w cenie fabrycznej jest \u0142atwy w monta\u017cu i konserwacji. Zosta\u0142 zaprojektowany z my\u015bl\u0105 o bezproblemowej obs\u0142udze, skr\u00f3ceniu przestoj\u00f3w i zwi\u0119kszeniu wydajno\u015bci. Kompaktowe rozmiary sprawiaj\u0105, \u017ce nadaje si\u0119 do stosowania w ciasnych przestrzeniach, zapewniaj\u0105c elastyczne opcje instalacji.<\/p>\n<p>Dzi\u0119ki konkurencyjnej cenie fabrycznej, ten si\u0142ownik hydrauliczny oferuje doskona\u0142y stosunek jako\u015bci do ceny. Stanowi ekonomiczne rozwi\u0105zanie bez kompromis\u00f3w w zakresie jako\u015bci i wydajno\u015bci.<\/p>\n<p>Podsumowuj\u0105c, ma\u0142y si\u0142ownik hydrauliczny dwustronnego dzia\u0142ania o ud\u017awigu 2 ton w cenie fabrycznej to idealny wyb\u00f3r dla bran\u017c wymagaj\u0105cych wydajnych i niezawodnych system\u00f3w hydraulicznych. Jego kompaktowe rozmiary, trwa\u0142o\u015b\u0107 i konkurencyjna cena sprawiaj\u0105, \u017ce jest on cennym atutem w r\u00f3\u017cnych zastosowaniach.<img decoding=\"async\" title=\"Si\u0142ownik hydrauliczny p\u0142ugu \u015bnie\u017cnego\" src=\"https:\/\/hzpt.com\/wp-content\/uploads\/2023\/11\/Snow-Plow-Hydraulic-Cylinder-1.webp\" alt=\"Si\u0142ownik hydrauliczny p\u0142ugu \u015bnie\u017cnego\" \/><\/p>\n<h2>Cechy produktu i konserwacja<\/h2>\n<p>Zbudowany ze stalowego korpusu, nasz si\u0142ownik hydrauliczny gwarantuje trwa\u0142o\u015b\u0107 i wytrzyma\u0142o\u015b\u0107. Dzia\u0142a w oparciu o uk\u0142ad hydrauliczny i zosta\u0142 zaprojektowany ze standardow\u0105 konstrukcj\u0105 cylindra t\u0142okowego. Si\u0142ownik posiada certyfikat ISO9001:2000, co gwarantuje zgodno\u015b\u0107 z mi\u0119dzynarodowymi normami jako\u015bci. Zosta\u0142 r\u00f3wnie\u017c zaprojektowany tak, aby wytrzyma\u0107 maksymalny nacisk 3000 i maksymalny uci\u0105g 20 ton.<\/p>\n<p>Nasz si\u0142ownik hydrauliczny jest \u0142atwy w utrzymaniu i obj\u0119ty roczn\u0105 gwarancj\u0105, co gwarantuje najlepszy stosunek jako\u015bci do ceny. Gwarancja obejmuje r\u00f3wnie\u017c g\u0142\u00f3wne elementy, takie jak \u0142o\u017cysko i si\u0142ownik hydrauliczny.<\/p>\n<h3>Typowe zastosowania<\/h3>\n<p>Ten si\u0142ownik hydrauliczny jest wszechstronny i mo\u017ce by\u0107 stosowany w wielu zastosowaniach. Najcz\u0119\u015bciej jest stosowany w uk\u0142adach hydraulicznych p\u0142ug\u00f3w \u015bnie\u017cnych, co czyni go kluczowym elementem w miesi\u0105cach zimowych. Jego przy\u0142\u0105cza s\u0105 kompatybilne z przy\u0142\u0105czami G\/SAE\/NPT\/M, co czyni go wysoce adaptowalnym do r\u00f3\u017cnych system\u00f3w.<\/p>\n<h2>Zalety regulowanych cylindr\u00f3w typu wide\u0142kowego<\/h2>\n<p>Regulowane cylindry wide\u0142kowe, znane r\u00f3wnie\u017c jako cylindry hydrauliczne, s\u0105 kluczowym elementem w r\u00f3\u017cnych ga\u0142\u0119ziach przemys\u0142u ze wzgl\u0119du na swoj\u0105 wszechstronn\u0105 funkcjonalno\u015b\u0107 i liczne zalety. W tym artykule om\u00f3wimy kluczowe zalety tych cylindr\u00f3w oraz ich wp\u0142yw na wydajno\u015b\u0107 i produktywno\u015b\u0107 w r\u00f3\u017cnych zastosowaniach.<\/p>\n<h3>1. Zwi\u0119kszona elastyczno\u015b\u0107<\/h3>\n<p>Jedn\u0105 z g\u0142\u00f3wnych zalet regulowanych si\u0142ownik\u00f3w wide\u0142kowych jest ich zdolno\u015b\u0107 do zapewnienia wi\u0119kszej elastyczno\u015bci w r\u00f3\u017cnych uk\u0142adach hydraulicznych. Si\u0142owniki te s\u0105 zaprojektowane tak, aby by\u0142y regulowane, co pozwala u\u017cytkownikom na modyfikacj\u0119 ich d\u0142ugo\u015bci, skoku i pozycji monta\u017cowej zgodnie z konkretnymi wymaganiami. Ta wszechstronno\u015b\u0107 pozwala im dostosowa\u0107 si\u0119 do r\u00f3\u017cnych warunk\u00f3w pracy i zoptymalizowa\u0107 wydajno\u015b\u0107 w r\u00f3\u017cnorodnych zastosowaniach, zwi\u0119kszaj\u0105c og\u00f3ln\u0105 elastyczno\u015b\u0107 systemu.<\/p>\n<h3>2. Ulepszona obs\u0142uga \u0142adunku<\/h3>\n<p>Regulowane si\u0142owniki wide\u0142kowe zosta\u0142y zaprojektowane tak, aby wytrzymywa\u0107 du\u017ce obci\u0105\u017cenia i zapewnia\u0107 efektywne przenoszenie \u0142adunk\u00f3w. Dzi\u0119ki dwustronnemu dzia\u0142aniu, si\u0142owniki te mog\u0105 wywiera\u0107 si\u0142\u0119 zar\u00f3wno podczas wysuwania, jak i wsuwania, co czyni je niezwykle wydajnymi w przemieszczaniu i manipulowaniu ci\u0119\u017ckimi przedmiotami. Ta doskona\u0142a zdolno\u015b\u0107 do przenoszenia \u0142adunk\u00f3w gwarantuje p\u0142ynn\u0105 i precyzyjn\u0105 prac\u0119, minimalizuj\u0105c przestoje i maksymalizuj\u0105c wydajno\u015b\u0107.<\/p>\n<h3>3. Precyzyjna kontrola<\/h3>\n<p>Dok\u0142adno\u015b\u0107 i precyzyjna kontrola to kluczowe czynniki w wielu procesach przemys\u0142owych. Regulowane si\u0142owniki wide\u0142kowe wyr\u00f3\u017cniaj\u0105 si\u0119 pod tym wzgl\u0119dem, oferuj\u0105c precyzyjn\u0105 kontrol\u0119 nad ruchem i pozycjonowaniem \u0142adunk\u00f3w. Si\u0142owniki te mo\u017cna precyzyjnie regulowa\u0107 w celu uzyskania po\u017c\u0105danej pr\u0119dko\u015bci, si\u0142y i po\u0142o\u017cenia, co zapewnia optymaln\u0105 wydajno\u015b\u0107 w szerokim zakresie zastosowa\u0144. Taki poziom kontroli nie tylko poprawia wydajno\u015b\u0107, ale tak\u017ce zwi\u0119ksza bezpiecze\u0144stwo i zmniejsza ryzyko b\u0142\u0119d\u00f3w lub wypadk\u00f3w.<\/p>\n<h3>4. Trwa\u0142o\u015b\u0107 i niezawodno\u015b\u0107<\/h3>\n<p>Regulowane si\u0142owniki wide\u0142kowe s\u0105 zaprojektowane tak, aby sprosta\u0107 trudnym warunkom pracy i zapewni\u0107 d\u0142ugotrwa\u0142\u0105 trwa\u0142o\u015b\u0107. Wykonane s\u0105 z wysokiej jako\u015bci materia\u0142\u00f3w i poddawane rygorystycznym testom, aby zagwarantowa\u0107 ich niezawodno\u015b\u0107 i wydajno\u015b\u0107. Si\u0142owniki te s\u0105 zaprojektowane tak, aby wytrzymywa\u0142y wysokie ci\u015bnienia, ekstremalne temperatury i trudne warunki \u015brodowiskowe, dzi\u0119ki czemu nadaj\u0105 si\u0119 do stosowania w wymagaj\u0105cych zastosowaniach w r\u00f3\u017cnych bran\u017cach.<\/p>\n<h3>5. Op\u0142acalno\u015b\u0107<\/h3>\n<p>Kolejn\u0105 istotn\u0105 zalet\u0105 regulowanych si\u0142ownik\u00f3w wide\u0142kowych jest ich op\u0142acalno\u015b\u0107. Si\u0142owniki te oferuj\u0105 niezawodne i wydajne rozwi\u0105zanie do r\u00f3\u017cnych zada\u0144, redukuj\u0105c konieczno\u015b\u0107 pracy r\u0119cznej i usprawniaj\u0105c procesy. Maksymalizacja wydajno\u015bci i minimalizacja przestoj\u00f3w mo\u017ce przyczyni\u0107 si\u0119 do znacznych oszcz\u0119dno\u015bci w d\u0142u\u017cszej perspektywie. Ponadto, ich trwa\u0142o\u015b\u0107 i niskie wymagania konserwacyjne dodatkowo zwi\u0119kszaj\u0105 ich op\u0142acalno\u015b\u0107, czyni\u0105c je doskona\u0142\u0105 inwestycj\u0105 dla firm.<\/p>\n<p>Regulowane si\u0142owniki wide\u0142kowe oferuj\u0105 liczne zalety, kt\u00f3re mog\u0105 przynie\u015b\u0107 znaczne korzy\u015bci w r\u00f3\u017cnych bran\u017cach. Dzi\u0119ki zwi\u0119kszonej elastyczno\u015bci, ulepszonym mo\u017cliwo\u015bciom przenoszenia \u0142adunk\u00f3w, precyzyjnej kontroli, trwa\u0142o\u015bci i op\u0142acalno\u015bci, si\u0142owniki te sta\u0142y si\u0119 niezb\u0119dnym elementem uk\u0142ad\u00f3w hydraulicznych. Niezale\u017cnie od tego, czy chodzi o produkcj\u0119, budownictwo, czy jak\u0105kolwiek inn\u0105 bran\u017c\u0119 opart\u0105 na hydraulice, regulowane si\u0142owniki wide\u0142kowe oferuj\u0105 niezawodne i wydajne rozwi\u0105zanie, kt\u00f3re mo\u017ce zwi\u0119kszy\u0107 wydajno\u015b\u0107 i zoptymalizowa\u0107 operacje.<\/p>\n<h3>O FMP \u2013 cylindrze hydraulicznym<\/h3>\n<p>FMP to wiod\u0105ca firma specjalizuj\u0105ca si\u0119 w sprzeda\u017cy i serwisie cz\u0119\u015bci oraz kompletnych maszyn budowlanych. Dostarczamy wysokiej jako\u015bci i niezawodne cz\u0119\u015bci oraz kompletne rozwi\u0105zania maszynowe, bazuj\u0105c na wieloletnim do\u015bwiadczeniu w bran\u017cy i profesjonalnym zespole zlokalizowanym we W\u0142oszech. Nasza firma oferuje szerok\u0105 gam\u0119 produkt\u00f3w, w tym przek\u0142adnie do maszyn rolniczych, przek\u0142adnie planetarne, przek\u0142adnie przemys\u0142owe oraz r\u00f3\u017cnego rodzaju cz\u0119\u015bci do maszyn budowlanych.<\/p>\n<p>Oto niekt\u00f3re zalety i cechy naszego cylindra hydraulicznego:<\/p>\n<p>1. Materia\u0142y wysokiej jako\u015bci: Nasze cylindry hydrauliczne s\u0105 produkowane z wysokiej jako\u015bci materia\u0142\u00f3w, kt\u00f3re s\u0105 wytrzyma\u0142e, trwa\u0142e i d\u0142ugotrwa\u0142e. Dbamy o to, aby nasze produkty spe\u0142nia\u0142y surowe standardy jako\u015bci i by\u0142y projektowane tak, aby zapewni\u0107 klientom optymaln\u0105 wydajno\u015b\u0107.<\/p>\n<p>2. Mo\u017cliwo\u015b\u0107 dostosowania: Oferujemy cylindry hydrauliczne z mo\u017cliwo\u015bci\u0105 dostosowania do indywidualnych potrzeb naszych klient\u00f3w. Mo\u017cesz wybra\u0107 odpowiedni rozmiar, skok i \u015brednic\u0119 otworu do swojego zastosowania.<\/p>\n<p>3. Szeroki zakres zastosowa\u0144: Nasze si\u0142owniki hydrauliczne mo\u017cna stosowa\u0107 w wielu zastosowaniach, m.in. w maszynach rolniczych, maszynach budowlanych i maszynach przemys\u0142owych.<\/p>\n<p>4. M\u0105dre sugestie zakupowe: Nasz do\u015bwiadczony zesp\u00f3\u0142 sprzeda\u017cy zna trendy rozwojowe i potrzeby klient\u00f3w w bran\u017cy maszyn budowlanych. Zapewniamy profesjonalne doradztwo produktowe i trafne sugestie zakupowe.<\/p>\n<p>5. Efektywna logistyka: Dysponujemy efektywnym systemem dystrybucji logistycznej, kt\u00f3ry gwarantuje, \u017ce klienci otrzymaj\u0105 potrzebne cz\u0119\u015bci na czas i w odpowiedni spos\u00f3b.<\/p>\n<p>W FMP dok\u0142adamy wszelkich stara\u0144, aby dostarcza\u0107 wysokiej jako\u015bci, niezawodne i dostosowane do indywidualnych potrzeb cylindry hydrauliczne, spe\u0142niaj\u0105ce specyficzne potrzeby naszych klient\u00f3w. Nasz zesp\u00f3\u0142 jest zawsze gotowy, aby zapewni\u0107 Pa\u0144stwu profesjonaln\u0105 i sprawn\u0105 obs\u0142ug\u0119. Wybierz FMP jako swojego dostawc\u0119 cylindr\u00f3w hydraulicznych, a zapewnimy Ci najlepsze produkty i us\u0142ugi.<\/p>\n<p><img decoding=\"async\" src=\"https:\/\/fmp-components.com\/wp-content\/uploads\/2024\/12\/Adjustable-Clevis-Type-Cylinders-6.webp\" alt=\"Regulowany cylinder typu wide\u0142kowego\" width=\"820\" title=\"\"><\/p>\n<h2>Cz\u0119sto zadawane pytania<\/h2>\n<h3>P: Czy jeste\u015b firm\u0105 handlow\u0105 czy produkcyjn\u0105?<\/h3>\n<p>A: Jeste\u015bmy fabryk\u0105.<\/p>\n<h3>P: Jak d\u0142ugi jest czas dostawy?<\/h3>\n<p>A: Zazwyczaj trwa to 25\u201335 dni.<\/p>\n<h3>P: Czy dostarczacie pr\u00f3bki? Czy s\u0105 darmowe czy dodatkowe?<\/h3>\n<p>O: Tak, mogliby\u015bmy zaoferowa\u0107 pr\u00f3bk\u0119, ale nie jest ona darmowa.<\/p>\n<p>Autor: CX<\/p>","protected":false},"excerpt":{"rendered":"<p>Factory Price 2 Ton Small Double Acting Hydraulic Cylinder The Factory Price 2 Ton Small Double Acting Hydraulic Cylinder is a high-quality product designed to meet the needs of various industries. With its compact size and efficient design, this hydraulic cylinder ensures optimal performance and reliability. Featuring a double-acting mechanism, this hydraulic cylinder allows for [&hellip;]<\/p>","protected":false},"featured_media":1485,"comment_status":"closed","ping_status":"closed","template":"","meta":{"_et_pb_use_builder":"","_et_pb_old_content":"","_et_gb_content_width":""},"product_brand":[],"product_cat":[42],"product_tag":[34,44],"class_list":{"0":"post-1484","1":"product","2":"type-product","3":"status-publish","4":"has-post-thumbnail","6":"product_cat-snow-plow-hydraulic-cylinder","7":"product_tag-hydraulic-cylinder","8":"product_tag-snow-plow-hydraulic-cylinder","10":"first","11":"instock","12":"product-type-simple"},"_links":{"self":[{"href":"https:\/\/fmp-components.com\/pl\/wp-json\/wp\/v2\/product\/1484","targetHints":{"allow":["GET"]}}],"collection":[{"href":"https:\/\/fmp-components.com\/pl\/wp-json\/wp\/v2\/product"}],"about":[{"href":"https:\/\/fmp-components.com\/pl\/wp-json\/wp\/v2\/types\/product"}],"replies":[{"embeddable":true,"href":"https:\/\/fmp-components.com\/pl\/wp-json\/wp\/v2\/comments?post=1484"}],"wp:featuredmedia":[{"embeddable":true,"href":"https:\/\/fmp-components.com\/pl\/wp-json\/wp\/v2\/media\/1485"}],"wp:attachment":[{"href":"https:\/\/fmp-components.com\/pl\/wp-json\/wp\/v2\/media?parent=1484"}],"wp:term":[{"taxonomy":"product_brand","embeddable":true,"href":"https:\/\/fmp-components.com\/pl\/wp-json\/wp\/v2\/product_brand?post=1484"},{"taxonomy":"product_cat","embeddable":true,"href":"https:\/\/fmp-components.com\/pl\/wp-json\/wp\/v2\/product_cat?post=1484"},{"taxonomy":"product_tag","embeddable":true,"href":"https:\/\/fmp-components.com\/pl\/wp-json\/wp\/v2\/product_tag?post=1484"}],"curies":[{"name":"wp","href":"https:\/\/api.w.org\/{rel}","templated":true}]}}