{"id":1482,"date":"2024-12-23T05:49:26","date_gmt":"2024-12-23T05:49:26","guid":{"rendered":"https:\/\/fmp-components.com\/product\/high-quality-mini-customized-welded-hydraulic-cylinder\/"},"modified":"2025-05-10T13:04:29","modified_gmt":"2025-05-10T13:04:29","slug":"high-quality-mini-customized-welded-hydraulic-cylinder","status":"publish","type":"product","link":"https:\/\/fmp-components.com\/pl\/product\/high-quality-mini-customized-welded-hydraulic-cylinder\/","title":{"rendered":"Wysokiej jako\u015bci miniaturowy, spawany cylinder hydrauliczny"},"content":{"rendered":"<h2><span style=\"color: #333333; font-size: 30px;\">Ulepsz swoje maszyny dzi\u0119ki naszym dostosowanym do potrzeb spawanym cylindrom hydraulicznym<\/span><\/h2>\n<div>\n<p>Przekonaj si\u0119 o mocy naszego wysokiej jako\u015bci, miniaturowego, spawanego cylindra hydraulicznego, wyznaczaj\u0105cego nowy standard wydajno\u015bci maszyn. Idealny dla warsztat\u00f3w naprawczych maszyn, gospodarstw rolnych, energetyki i g\u00f3rnictwa, zak\u0142ad\u00f3w produkcji maszyn oraz fabryk maszyn, nasz cylinder hydrauliczny zosta\u0142 zaprojektowany z my\u015bl\u0105 o zapewnieniu optymalnej wydajno\u015bci dzi\u0119ki kompaktowej konstrukcji i solidnej konstrukcji.<\/p>\n<h3>Najwa\u017cniejsze cechy produktu<\/h3>\n<ul>\n<li>Si\u0142a hydrauliczna: Si\u0142ownik hydrauliczny dzia\u0142a dzi\u0119ki sile hydraulicznej, zapewniaj\u0105c ogromn\u0105 si\u0142\u0119 w r\u00f3\u017cnych zastosowaniach.<\/li>\n<li>Trwa\u0142o\u015b\u0107: Korpus wykonany z wysokiej jako\u015bci stali gwarantuje trwa\u0142o\u015b\u0107 i d\u0142ug\u0105 \u017cywotno\u015b\u0107 cylindra.<\/li>\n<li>Dane techniczne: Ten si\u0142ownik hydrauliczny o maksymalnej sile ci\u0105gu 3000 i maksymalnej sile uci\u0105gu 20 ton jest przeznaczony do ci\u0119\u017ckich prac.<\/li>\n<li>Mo\u017cliwo\u015b\u0107 dostosowania: \u015arednica otworu, rozmiar t\u0142oka, rozmiar skoku i rozmiar sworznia mo\u017cna dostosowa\u0107 do swoich potrzeb.<\/li>\n<li>Gwarancja: Produkt obj\u0119ty jest roczn\u0105 gwarancj\u0105, co zapewnia klientowi spok\u00f3j ducha.<\/li>\n<\/ul>\n<\/div>\n<h2>Zalety regulowanych cylindr\u00f3w typu wide\u0142kowego<\/h2>\n<p>Si\u0142owniki hydrauliczne s\u0105 niezb\u0119dnym elementem wielu maszyn i urz\u0105dze\u0144 wykorzystywanych w r\u00f3\u017cnych ga\u0142\u0119ziach przemys\u0142u. Jednym z rodzaj\u00f3w si\u0142ownik\u00f3w hydraulicznych, kt\u00f3ry wyr\u00f3\u017cnia si\u0119 unikaln\u0105 konstrukcj\u0105 i funkcjonalno\u015bci\u0105, jest si\u0142ownik z regulowanym wide\u0142kiem. W tym artykule om\u00f3wimy zalety si\u0142ownik\u00f3w z regulowanym wide\u0142kiem i wyja\u015bnimy, dlaczego s\u0105 one popularnym wyborem w wielu zastosowaniach.<\/p>\n<h3>1. Wszechstronno\u015b\u0107<\/h3>\n<p>Jedn\u0105 z g\u0142\u00f3wnych zalet regulowanych si\u0142ownik\u00f3w wide\u0142kowych jest ich wszechstronno\u015b\u0107. Si\u0142owniki te znajduj\u0105 zastosowanie w szerokim zakresie zastosowa\u0144 dzi\u0119ki mo\u017cliwo\u015bci dopasowania do konkretnych potrzeb. To sprawia, \u017ce \u200b\u200bs\u0105 idealnym wyborem do zastosowa\u0144 wymagaj\u0105cych niestandardowego dopasowania si\u0142ownika hydraulicznego. Ponadto, mog\u0105 by\u0107 stosowane zar\u00f3wno w aplikacjach pchaj\u0105cych, jak i ci\u0105gn\u0105cych, co dodatkowo zwi\u0119ksza ich wszechstronno\u015b\u0107.<\/p>\n<h3>2. Precyzyjne pozycjonowanie<\/h3>\n<p>Regulowane cylindry wide\u0142kowe zosta\u0142y zaprojektowane z my\u015bl\u0105 o precyzyjnym pozycjonowaniu, co jest kluczowe w wielu zastosowaniach. Dzi\u0119ki tym cylindrom mo\u017cna regulowa\u0107 d\u0142ugo\u015b\u0107 skoku cylindra, aby uzyska\u0107 dok\u0142adn\u0105 pozycj\u0119 potrzebn\u0105 do danego zastosowania. To sprawia, \u017ce \u200b\u200bs\u0105 one idealnym wyborem do zastosowa\u0144 wymagaj\u0105cych precyzyjnego pozycjonowania, na przyk\u0142ad w przemy\u015ble wytw\u00f3rczym.<\/p>\n<h3>3. Wysoka jako\u015b\u0107<\/h3>\n<p>Regulowane si\u0142owniki wide\u0142kowe wykonane s\u0105 z wysokiej jako\u015bci materia\u0142\u00f3w, co gwarantuje trwa\u0142o\u015b\u0107 i d\u0142ugowieczno\u015b\u0107. Zaprojektowano je z my\u015bl\u0105 o pracy w trudnych warunkach i wymagaj\u0105cych zastosowaniach, co czyni je popularnym wyborem w bran\u017cach takich jak budownictwo i g\u00f3rnictwo. Co wi\u0119cej, producenci, tacy jak High Quality Mini Customized Welded Hydraulic Cylinder, wytwarzaj\u0105 regulowane si\u0142owniki wide\u0142kowe, kt\u00f3re s\u0105 testowane zgodnie z mi\u0119dzynarodowymi normami, co gwarantuje ich jako\u015b\u0107.<\/p>\n<h3>4. Mo\u017cliwo\u015b\u0107 dostosowania<\/h3>\n<p>Regulowane si\u0142owniki wide\u0142kowe mo\u017cna dostosowa\u0107 do konkretnych potrzeb i zastosowa\u0144. Takie dostosowanie mo\u017ce obejmowa\u0107 r\u00f3\u017cne opcje monta\u017cu, konfiguracje ko\u0144c\u00f3wek t\u0142oczysk oraz d\u0142ugo\u015bci skoku. Dzi\u0119ki temu stanowi\u0105 one idealny wyb\u00f3r do zastosowa\u0144 wymagaj\u0105cych unikalnego si\u0142ownika hydraulicznego, kt\u00f3rego nie mo\u017cna znale\u017a\u0107 w standardowych si\u0142ownikach.<\/p>\n<h3>5. Oszcz\u0119dny<\/h3>\n<p>Regulowane si\u0142owniki wide\u0142kowe to ekonomiczne rozwi\u0105zanie do zastosowa\u0144 wymagaj\u0105cych niestandardowego si\u0142ownika hydraulicznego. Zamiast inwestowa\u0107 w ca\u0142kowicie niestandardowy si\u0142ownik, regulowane si\u0142owniki wide\u0142kowe mo\u017cna dostosowa\u0107 do konkretnych potrzeb, co obni\u017ca koszty i skraca czas realizacji zam\u00f3wienia. Ponadto ich wysoka jako\u015b\u0107 i trwa\u0142o\u015b\u0107 gwarantuj\u0105 d\u0142ugotrwa\u0142\u0105 wydajno\u015b\u0107, redukuj\u0105c og\u00f3lne koszty konserwacji i wymiany.<\/p>\n<p>Podsumowuj\u0105c, regulowane si\u0142owniki wide\u0142kowe oferuj\u0105 wiele zalet w por\u00f3wnaniu ze standardowymi si\u0142ownikami hydraulicznymi. Ich wszechstronno\u015b\u0107, precyzyjne pozycjonowanie, wysoka jako\u015b\u0107, mo\u017cliwo\u015b\u0107 dostosowania do indywidualnych potrzeb i op\u0142acalno\u015b\u0107 sprawiaj\u0105, \u017ce s\u0105 popularnym wyborem w r\u00f3\u017cnych bran\u017cach. Niezale\u017cnie od tego, czy potrzebujesz si\u0142ownika hydraulicznego do standardowego, czy niestandardowego zastosowania, warto rozwa\u017cy\u0107 si\u0142owniki wide\u0142kowe.<\/p>\n<h3>O FMP<\/h3>\n<p><img decoding=\"async\" class=\"aligncenter\" src=\"https:\/\/fmp-components.com\/wp-content\/uploads\/2024\/12\/Adjustable-Clevis-Type-Cylinders-6.webp\" alt=\"Regulowany cylinder typu wide\u0142kowego\" width=\"819\" title=\"\"><\/p>\n<p>FMP to wiod\u0105ca firma specjalizuj\u0105ca si\u0119 w produkcji i sprzeda\u017cy si\u0142ownik\u00f3w hydraulicznych. Dzi\u0119ki naszemu bogatemu do\u015bwiadczeniu w bran\u017cy i profesjonalnemu zespo\u0142owi, jeste\u015bmy w stanie dostarcza\u0107 naszym klientom wysokiej jako\u015bci i niezawodne si\u0142owniki hydrauliczne do r\u00f3\u017cnorodnych zastosowa\u0144 w maszynach budowlanych.<\/p>\n<p>1. Szeroki asortyment produkt\u00f3w:<br \/>\nOferujemy szerok\u0105 gam\u0119 si\u0142ownik\u00f3w hydraulicznych, kt\u00f3re zaspokoj\u0105 zr\u00f3\u017cnicowane potrzeby maszyn budowlanych. Nasza oferta obejmuje si\u0142owniki z regulowanym wide\u0142kiem, si\u0142owniki spawane, si\u0142owniki teleskopowe i wiele innych. Ta szeroka gama produkt\u00f3w gwarantuje, \u017ce znajdziemy odpowiedni si\u0142ownik hydrauliczny, kt\u00f3ry spe\u0142ni Pa\u0144stwa indywidualne wymagania.<\/p>\n<p>2. Najwy\u017csza jako\u015b\u0107:<br \/>\nW FMP priorytetowo traktujemy jako\u015b\u0107 i dbamy o to, aby wszystkie nasze cylindry hydrauliczne spe\u0142nia\u0142y surowe standardy jako\u015bci. Nawi\u0105zali\u015bmy d\u0142ugotrwa\u0142e i stabilne relacje z wysokiej jako\u015bci dostawcami, zar\u00f3wno krajowymi, jak i zagranicznymi. Dzi\u0119ki temu pozyskujemy najwy\u017cszej jako\u015bci materia\u0142y i komponenty, co przek\u0142ada si\u0119 na trwa\u0142o\u015b\u0107, wydajno\u015b\u0107 i niezawodno\u015b\u0107 cylindr\u00f3w hydraulicznych.<\/p>\n<p>3. Profesjonalny zesp\u00f3\u0142 sprzeda\u017cy:<br \/>\nNasz do\u015bwiadczony i wykwalifikowany zesp\u00f3\u0142 sprzeda\u017cy posiada dog\u0142\u0119bn\u0105 wiedz\u0119 na temat bran\u017cy maszyn budowlanych. S\u0105 na bie\u017c\u0105co z najnowszymi trendami w bran\u017cy i rozumiej\u0105 specyficzne potrzeby naszych klient\u00f3w. Dzi\u0119ki swojej wiedzy i do\u015bwiadczeniu zapewniaj\u0105 profesjonalne doradztwo produktowe, pomagaj\u0105c w wyborze si\u0142ownika hydraulicznego, kt\u00f3ry najlepiej odpowiada Pa\u0144stwa potrzebom.<\/p>\n<p>4. M\u0105dre sugestie zakupowe:<br \/>\nRozumiej\u0105c, \u017ce ka\u017cdy klient ma unikalne potrzeby, nasz zesp\u00f3\u0142 sprzeda\u017cy dok\u0142ada wszelkich stara\u0144, aby oferowa\u0107 przemy\u015blane sugestie zakupowe. Uwzgl\u0119dniaj\u0105 oni takie czynniki, jak wymagania dotycz\u0105ce zastosowania, ograniczenia bud\u017cetowe i wymagania projektu, aby zarekomendowa\u0107 najbardziej odpowiedni si\u0142ownik hydrauliczny. To spersonalizowane podej\u015bcie gwarantuje podj\u0119cie \u015bwiadomej decyzji i znalezienie odpowiedniego rozwi\u0105zania.<\/p>\n<p>5. Efektywna dystrybucja logistyczna:<br \/>\nJeste\u015bmy dumni z naszego sprawnego systemu dystrybucji logistycznej, kt\u00f3ry zapewnia terminow\u0105 i precyzyjn\u0105 dostaw\u0119 cylindr\u00f3w hydraulicznych do naszych klient\u00f3w. Dzi\u0119ki naszemu dobrze zorganizowanemu \u0142a\u0144cuchowi dostaw gwarantujemy szybk\u0105 dostaw\u0119 potrzebnych cylindr\u00f3w hydraulicznych, minimalizuj\u0105c wszelkie op\u00f3\u017anienia i zak\u0142\u00f3cenia w realizacji Pa\u0144stwa projekt\u00f3w budowlanych.<\/p>\n<p>Wsp\u00f3\u0142pracuj z FMP, aby uzyska\u0107 najwy\u017cszej jako\u015bci si\u0142owniki hydrauliczne, kt\u00f3re s\u0105 wspierane przez bran\u017cowe do\u015bwiadczenie, najwy\u017csz\u0105 jako\u015b\u0107 i sprawn\u0105 obs\u0142ug\u0119. Skontaktuj si\u0119 z nami ju\u017c dzi\u015b, aby om\u00f3wi\u0107 swoje potrzeby w zakresie maszyn budowlanych i przekona\u0107 si\u0119, jaka jest r\u00f3\u017cnica mi\u0119dzy FMP a innymi.<\/p>\n<h2>Cz\u0119sto zadawane pytania<\/h2>\n<h3>P: Czy jeste\u015b firm\u0105 handlow\u0105 czy produkcyjn\u0105?<\/h3>\n<p>A: Jeste\u015bmy fabryk\u0105 produkuj\u0105c\u0105 produkty.<\/p>\n<h3>P: Jaki jest czas dostawy?<\/h3>\n<p>A: Zazwyczaj czas dostawy wynosi 25\u201335 dni.<\/p>\n<h3>P: Czy udost\u0119pniacie pr\u00f3bki? Czy s\u0105 one bezp\u0142atne, czy dodatkowo p\u0142atne?<\/h3>\n<p>A: Tak, oferujemy pr\u00f3bki, ale nie s\u0105 one darmowe.<\/p>\n<p><img decoding=\"async\" class=\"aligncenter\" title=\"Si\u0142ownik hydrauliczny p\u0142ugu \u015bnie\u017cnego\" src=\"https:\/\/hzpt.com\/wp-content\/uploads\/2023\/11\/Snow-Plow-Hydraulic-Cylinder-3.webp\" alt=\"Si\u0142ownik hydrauliczny p\u0142ugu \u015bnie\u017cnego\" \/><\/p>\n<p>Autor: CX<\/p>","protected":false},"excerpt":{"rendered":"<p>Upgrade Your Machinery with Our Customized Welded Hydraulic Cylinder Experience the power of our High Quality Mini Customized Welded Hydraulic Cylinder, the new standard in machinery efficiency. Perfect for Machinery Repair Shops, Farms, Energy &amp; Mining, Machinery Manufacturing, and Machinery Factory, our hydraulic cylinder is designed to deliver optimal performance with a compact structure and [&hellip;]<\/p>","protected":false},"featured_media":1483,"comment_status":"closed","ping_status":"closed","template":"","meta":{"_et_pb_use_builder":"","_et_pb_old_content":"","_et_gb_content_width":""},"product_brand":[],"product_cat":[42],"product_tag":[34,44],"class_list":{"0":"post-1482","1":"product","2":"type-product","3":"status-publish","4":"has-post-thumbnail","6":"product_cat-snow-plow-hydraulic-cylinder","7":"product_tag-hydraulic-cylinder","8":"product_tag-snow-plow-hydraulic-cylinder","10":"first","11":"instock","12":"product-type-simple"},"_links":{"self":[{"href":"https:\/\/fmp-components.com\/pl\/wp-json\/wp\/v2\/product\/1482","targetHints":{"allow":["GET"]}}],"collection":[{"href":"https:\/\/fmp-components.com\/pl\/wp-json\/wp\/v2\/product"}],"about":[{"href":"https:\/\/fmp-components.com\/pl\/wp-json\/wp\/v2\/types\/product"}],"replies":[{"embeddable":true,"href":"https:\/\/fmp-components.com\/pl\/wp-json\/wp\/v2\/comments?post=1482"}],"wp:featuredmedia":[{"embeddable":true,"href":"https:\/\/fmp-components.com\/pl\/wp-json\/wp\/v2\/media\/1483"}],"wp:attachment":[{"href":"https:\/\/fmp-components.com\/pl\/wp-json\/wp\/v2\/media?parent=1482"}],"wp:term":[{"taxonomy":"product_brand","embeddable":true,"href":"https:\/\/fmp-components.com\/pl\/wp-json\/wp\/v2\/product_brand?post=1482"},{"taxonomy":"product_cat","embeddable":true,"href":"https:\/\/fmp-components.com\/pl\/wp-json\/wp\/v2\/product_cat?post=1482"},{"taxonomy":"product_tag","embeddable":true,"href":"https:\/\/fmp-components.com\/pl\/wp-json\/wp\/v2\/product_tag?post=1482"}],"curies":[{"name":"wp","href":"https:\/\/api.w.org\/{rel}","templated":true}]}}