{"id":1478,"date":"2024-12-23T05:49:26","date_gmt":"2024-12-23T05:49:26","guid":{"rendered":"https:\/\/fmp-components.com\/product\/competitive-price-2-ton-double-effect-small-hydraulic-cylinder\/"},"modified":"2024-12-23T06:39:58","modified_gmt":"2024-12-23T06:39:58","slug":"competitive-price-2-ton-double-effect-small-hydraulic-cylinder","status":"publish","type":"product","link":"https:\/\/fmp-components.com\/pl\/product\/competitive-price-2-ton-double-effect-small-hydraulic-cylinder\/","title":{"rendered":"Konkurencyjna cena 2-tonowego ma\u0142ego si\u0142ownika hydraulicznego o podw\u00f3jnym dzia\u0142aniu"},"content":{"rendered":"<h2>Konkurencyjna cena 2-tonowego ma\u0142ego si\u0142ownika hydraulicznego o podw\u00f3jnym dzia\u0142aniu<\/h2>\n<p>Wprowadzenie produktu: Konkurencyjna cena 2-tonowego ma\u0142ego si\u0142ownika hydraulicznego o podw\u00f3jnym dzia\u0142aniu<\/p>\n<p>Ma\u0142y si\u0142ownik hydrauliczny o podw\u00f3jnym dzia\u0142aniu, o ud\u017awigu 2 ton, w konkurencyjnej cenie, to wysoce wydajny i niezawodny si\u0142ownik hydrauliczny, zaprojektowany z my\u015bl\u0105 o zapewnieniu doskona\u0142ej wydajno\u015bci w szerokim zakresie zastosowa\u0144 przemys\u0142owych. Ten si\u0142ownik hydrauliczny charakteryzuje si\u0119 konstrukcj\u0105 dwustronnego dzia\u0142ania, kt\u00f3ra zapewnia p\u0142ynny i precyzyjny ruch, dzi\u0119ki czemu idealnie nadaje si\u0119 do zastosowa\u0144, w kt\u00f3rych precyzja i dok\u0142adno\u015b\u0107 s\u0105 kluczowe.<\/p>\n<p>Ten si\u0142ownik hydrauliczny jest wykonany z wysokiej jako\u015bci materia\u0142\u00f3w i zaprojektowany tak, aby sprosta\u0107 najbardziej wymagaj\u0105cym warunkom przemys\u0142owym. Charakteryzuje si\u0119 kompaktow\u0105 i lekk\u0105 konstrukcj\u0105, kt\u00f3ra u\u0142atwia monta\u017c i obs\u0142ug\u0119, a jednocze\u015bnie zapewnia minimaln\u0105 ilo\u015b\u0107 zajmowanego miejsca.<\/p>\n<p>Ma\u0142y si\u0142ownik hydrauliczny o ud\u017awigu 2 ton i podw\u00f3jnym dzia\u0142aniu, oferowany w konkurencyjnej cenie, zosta\u0142 zaprojektowany z my\u015bl\u0105 o wysokiej wytrzyma\u0142o\u015bci i trwa\u0142o\u015bci. Charakteryzuje si\u0119 solidn\u0105 konstrukcj\u0105 odporn\u0105 na zu\u017cycie, co gwarantuje wieloletnie, intensywne u\u017cytkowanie bez konieczno\u015bci cz\u0119stej konserwacji lub napraw.<\/p>\n<p>Niezale\u017cnie od tego, czy szukasz si\u0142ownika hydraulicznego do zastosowa\u0144 w produkcji, budownictwie czy innych zastosowaniach przemys\u0142owych, ma\u0142y si\u0142ownik hydrauliczny o ud\u017awigu 2 ton i podw\u00f3jnym dzia\u0142aniu w konkurencyjnej cenie to idealny wyb\u00f3r. Dzi\u0119ki doskona\u0142ej wydajno\u015bci, niezawodno\u015bci i trwa\u0142o\u015bci, ten si\u0142ownik hydrauliczny z pewno\u015bci\u0105 zapewni Ci rezultaty niezb\u0119dne do p\u0142ynnego i wydajnego dzia\u0142ania Twojej dzia\u0142alno\u015bci.<\/p>\n<p>Przedstawiamy nasz konkurencyjny cenowo, dwufunkcyjny, ma\u0142y si\u0142ownik hydrauliczny o ud\u017awigu 2 ton. Ten nowy, standardowy model si\u0142ownika t\u0142okowego oferuje mocn\u0105 prac\u0119 hydrauliczn\u0105, dzi\u0119ki czemu idealnie nadaje si\u0119 do r\u00f3\u017cnych bran\u017c, w tym warsztat\u00f3w naprawczych maszyn, gospodarstw rolnych, energetyki i g\u00f3rnictwa, produkcji maszyn i fabryk maszyn.<\/p>\n<h2>Cechy i specyfikacje produktu<\/h2>\n<p>Nasz si\u0142ownik hydrauliczny s\u0142ynie z solidno\u015bci i trwa\u0142o\u015bci, a jego stalowy korpus sprawdza si\u0119 w najtrudniejszych warunkach. Maksymalna si\u0142a ci\u0105gu wynosi 3000 i uci\u0105g 20 ton, co zapewnia imponuj\u0105c\u0105 moc w stosunku do rozmiaru. Ten si\u0142ownik hydrauliczny jest przeznaczony do stosowania z uk\u0142adami hydraulicznymi p\u0142ug\u00f3w \u015bnie\u017cnych, ale mo\u017ce by\u0107 r\u00f3wnie\u017c stosowany w wielu innych zastosowaniach.<\/p>\n<ul>\n<li><b>Tworzywo:<\/b> Stal<\/li>\n<li><b>Typ:<\/b> Si\u0142owniki hydrauliczne p\u0142ug\u00f3w \u015bnie\u017cnych<\/li>\n<li><b>Maksymalny ci\u0105g:<\/b> 3000<\/li>\n<li><b>Maksymalne poci\u0105gni\u0119cie:<\/b> 20 ton<\/li>\n<li><b>\u015arednica otworu:<\/b> 2-6 cali<\/li>\n<li><b>Rozmiar pr\u0119ta:<\/b> 1,125-4 cale<\/li>\n<li><b>Rozmiar kreski:<\/b> 4-100 cali<\/li>\n<li><b>Rozmiar szpilki:<\/b> 0,5-2 cale<\/li>\n<li><b>Kolor:<\/b> Czarny<\/li>\n<\/ul>\n<p><img decoding=\"async\" title=\"Si\u0142ownik hydrauliczny p\u0142ugu \u015bnie\u017cnego\" src=\"https:\/\/hzpt.com\/wp-content\/uploads\/2023\/11\/Snow-Plow-Hydraulic-Cylinder-2.webp\" alt=\"Si\u0142ownik hydrauliczny p\u0142ugu \u015bnie\u017cnego\" \/><\/p>\n<h2>Zalety regulowanych cylindr\u00f3w typu wide\u0142kowego<\/h2>\n<ul>\n<li><b>Wi\u0119ksza wszechstronno\u015b\u0107:<\/b> Regulowane si\u0142owniki wide\u0142kowe oferuj\u0105 wi\u0119kszy zakres ruchu i elastyczno\u015b\u0107 w por\u00f3wnaniu z si\u0142ownikami o sta\u0142ym mocowaniu. Mo\u017cna je dostosowa\u0107 do r\u00f3\u017cnorodnych zastosowa\u0144, co czyni je popularnym wyborem w bran\u017cach od budowlanej po produkcyjn\u0105. Wszechstronno\u015b\u0107 tych si\u0142ownik\u00f3w pozwala zmniejszy\u0107 zapotrzebowanie na wiele si\u0142ownik\u00f3w i obni\u017cy\u0107 koszty.<\/li>\n<li><b>Lepsza kontrola obci\u0105\u017cenia:<\/b> Regulowane si\u0142owniki wide\u0142kowe zapewniaj\u0105 lepsz\u0105 kontrol\u0119 \u0142adunku, umo\u017cliwiaj\u0105c precyzyjne przemieszczanie i pozycjonowanie ci\u0119\u017ckiego sprz\u0119tu lub materia\u0142\u00f3w. Jest to szczeg\u00f3lnie wa\u017cne w zastosowaniach wymagaj\u0105cych precyzyjnego i kontrolowanego ruchu, na przyk\u0142ad w produkcji lub na liniach monta\u017cowych. Mo\u017cliwo\u015b\u0107 kontrolowania ruchu \u0142adunku zapewnia r\u00f3wnie\u017c bezpiecze\u0144stwo pracownik\u00f3w i zmniejsza ryzyko wypadk\u00f3w lub uszkodzenia sprz\u0119tu.<\/li>\n<li><b>Poprawa efektywno\u015bci:<\/b> Dzi\u0119ki mo\u017cliwo\u015bci regulacji i precyzyjnego dostrojenia d\u0142ugo\u015bci skoku cylindra, regulowane cylindry wide\u0142kowe mog\u0105 poprawi\u0107 og\u00f3ln\u0105 wydajno\u015b\u0107. Zmniejszaj\u0105c ilo\u015b\u0107 ruchu zb\u0119dnego, cylindry te mog\u0105 przyczyni\u0107 si\u0119 do zwi\u0119kszenia wydajno\u015bci produkcji i obni\u017cenia koszt\u00f3w operacyjnych. Jest to szczeg\u00f3lnie korzystne w zastosowaniach wymagaj\u0105cych wysokiego stopnia precyzji i powtarzalno\u015bci.<\/li>\n<li><b>D\u0142u\u017csza \u017cywotno\u015b\u0107:<\/b> Regulowane si\u0142owniki wide\u0142kowe s\u0105 zaprojektowane tak, aby wytrzyma\u0107 intensywne u\u017cytkowanie i trudne warunki. Wykonane s\u0105 z wysokiej jako\u015bci materia\u0142\u00f3w i odporne na zu\u017cycie. Przy odpowiedniej konserwacji i piel\u0119gnacji, si\u0142owniki te mog\u0105 s\u0142u\u017cy\u0107 przez wiele lat, stanowi\u0105c niezawodne i ekonomiczne rozwi\u0105zanie dla szerokiego zakresu zastosowa\u0144. Konkurencyjna cena ma\u0142ego si\u0142ownika hydraulicznego o podw\u00f3jnym dzia\u0142aniu o ud\u017awigu 2 ton sprawia, \u017ce \u200b\u200bjest on popularnym wyborem dla os\u00f3b poszukuj\u0105cych niezawodnego i ekonomicznego rozwi\u0105zania.<\/li>\n<li><b>Kr\u00f3tszy czas przestoju:<\/b> W przypadku awarii lub uszkodzenia, regulowane si\u0142owniki wide\u0142kowe mo\u017cna \u0142atwo naprawi\u0107 lub wymieni\u0107. Modu\u0142owa konstrukcja tych si\u0142ownik\u00f3w pozwala na szybk\u0105 i \u0142atw\u0105 konserwacj\u0119, skracaj\u0105c przestoje i zapewniaj\u0105c jak najszybsze przywr\u00f3cenie sprawno\u015bci sprz\u0119tu. Jest to szczeg\u00f3lnie wa\u017cne w bran\u017cach, w kt\u00f3rych przestoje mog\u0105 prowadzi\u0107 do znacznych strat finansowych.<\/li>\n<\/ul>\n<p>Og\u00f3lnie rzecz bior\u0105c, regulowane si\u0142owniki wide\u0142kowe oferuj\u0105 szereg zalet w por\u00f3wnaniu z si\u0142ownikami o sta\u0142ym mocowaniu. Zapewniaj\u0105 wi\u0119ksz\u0105 wszechstronno\u015b\u0107, lepsz\u0105 kontrol\u0119 obci\u0105\u017cenia, wy\u017csz\u0105 wydajno\u015b\u0107, d\u0142u\u017csz\u0105 \u017cywotno\u015b\u0107 i kr\u00f3tszy czas przestoju. Konkurencyjna cena ma\u0142ego si\u0142ownika hydraulicznego o podw\u00f3jnym dzia\u0142aniu o ud\u017awigu 2 ton sprawia, \u017ce \u200b\u200bjest on popularnym wyborem dla os\u00f3b poszukuj\u0105cych niezawodnego i ekonomicznego rozwi\u0105zania.<\/p>\n<h3>O FMP<\/h3>\n<p>FMP to firma specjalizuj\u0105ca si\u0119 w produkcji i sprzeda\u017cy cylindr\u00f3w hydraulicznych. Z siedzib\u0105 we W\u0142oszech, oferujemy wysokiej jako\u015bci i niezawodne cylindry hydrauliczne, bazuj\u0105c na naszym wieloletnim do\u015bwiadczeniu w bran\u017cy i profesjonalnym zespole.<\/p>\n<p><img decoding=\"async\" src=\"https:\/\/fmp-components.com\/wp-content\/uploads\/2024\/12\/Adjustable-Clevis-Type-Cylinders-6.webp\" alt=\"Regulowany cylinder typu wide\u0142kowego\" width=\"817\" title=\"\"><\/p>\n<ol>\n<li>Szeroka gama produkt\u00f3w: Oferujemy szerok\u0105 gam\u0119 si\u0142ownik\u00f3w hydraulicznych przeznaczonych do r\u00f3\u017cnych zastosowa\u0144 w przemy\u015ble maszyn budowlanych.<\/li>\n<li>Najwy\u017csza jako\u015b\u0107: Wszystkie nasze cylindry hydrauliczne s\u0105 produkowane z materia\u0142\u00f3w najwy\u017cszej jako\u015bci i przechodz\u0105 rygorystyczne kontrole jako\u015bci, aby zagwarantowa\u0107 ich trwa\u0142o\u015b\u0107 i wydajno\u015b\u0107.<\/li>\n<li>Opcje dostosowywania: Oferujemy us\u0142ugi dostosowywania, aby spe\u0142ni\u0107 szczeg\u00f3lne wymagania naszych klient\u00f3w, dostarczaj\u0105c rozwi\u0105zania dostosowane do ich potrzeb w zakresie maszyn budowlanych.<\/li>\n<li>Zesp\u00f3\u0142 ekspert\u00f3w ds. sprzeda\u017cy: Nasz do\u015bwiadczony zesp\u00f3\u0142 ds. sprzeda\u017cy posiada dog\u0142\u0119bn\u0105 wiedz\u0119 na temat bran\u017cy maszyn budowlanych i mo\u017ce zapewni\u0107 profesjonalne konsultacje produktowe, aby pom\u00f3c klientom w podejmowaniu \u015bwiadomych decyzji zakupowych.<\/li>\n<li>Efektywna logistyka: Dzi\u0119ki naszemu efektywnemu systemowi dystrybucji i logistyki gwarantujemy terminow\u0105 i dok\u0142adn\u0105 dostaw\u0119 cylindr\u00f3w hydraulicznych do naszych klient\u00f3w, zapewniaj\u0105c p\u0142ynn\u0105 realizacj\u0119 ich projekt\u00f3w bez op\u00f3\u017anie\u0144.<\/li>\n<\/ol>\n<p>Nawi\u0105\u017c wsp\u00f3\u0142prac\u0119 z FMP w zakresie wszystkich potrzeb zwi\u0105zanych z si\u0142ownikami hydraulicznymi i przekonaj si\u0119 o niezawodno\u015bci, jako\u015bci i profesjonalizmie, kt\u00f3re wyr\u00f3\u017cniaj\u0105 nas w bran\u017cy maszyn budowlanych.<\/p>\n<p>Autor: CX<\/p>","protected":false},"excerpt":{"rendered":"<p>Competitive Price 2 Ton Double Effect Small Hydraulic Cylinder Product Introduction: Competitive Price 2 Ton Double Effect Small Hydraulic Cylinder The Competitive Price 2 Ton Double Effect Small Hydraulic Cylinder is a highly efficient and reliable hydraulic cylinder that is designed to deliver superior performance for a wide range of industrial applications. This hydraulic cylinder [&hellip;]<\/p>","protected":false},"featured_media":1479,"comment_status":"closed","ping_status":"closed","template":"","meta":{"_et_pb_use_builder":"","_et_pb_old_content":"","_et_gb_content_width":""},"product_brand":[],"product_cat":[42],"product_tag":[34,44],"class_list":{"0":"post-1478","1":"product","2":"type-product","3":"status-publish","4":"has-post-thumbnail","6":"product_cat-snow-plow-hydraulic-cylinder","7":"product_tag-hydraulic-cylinder","8":"product_tag-snow-plow-hydraulic-cylinder","10":"first","11":"instock","12":"product-type-simple"},"_links":{"self":[{"href":"https:\/\/fmp-components.com\/pl\/wp-json\/wp\/v2\/product\/1478","targetHints":{"allow":["GET"]}}],"collection":[{"href":"https:\/\/fmp-components.com\/pl\/wp-json\/wp\/v2\/product"}],"about":[{"href":"https:\/\/fmp-components.com\/pl\/wp-json\/wp\/v2\/types\/product"}],"replies":[{"embeddable":true,"href":"https:\/\/fmp-components.com\/pl\/wp-json\/wp\/v2\/comments?post=1478"}],"wp:featuredmedia":[{"embeddable":true,"href":"https:\/\/fmp-components.com\/pl\/wp-json\/wp\/v2\/media\/1479"}],"wp:attachment":[{"href":"https:\/\/fmp-components.com\/pl\/wp-json\/wp\/v2\/media?parent=1478"}],"wp:term":[{"taxonomy":"product_brand","embeddable":true,"href":"https:\/\/fmp-components.com\/pl\/wp-json\/wp\/v2\/product_brand?post=1478"},{"taxonomy":"product_cat","embeddable":true,"href":"https:\/\/fmp-components.com\/pl\/wp-json\/wp\/v2\/product_cat?post=1478"},{"taxonomy":"product_tag","embeddable":true,"href":"https:\/\/fmp-components.com\/pl\/wp-json\/wp\/v2\/product_tag?post=1478"}],"curies":[{"name":"wp","href":"https:\/\/api.w.org\/{rel}","templated":true}]}}