{"id":1474,"date":"2024-12-23T05:49:26","date_gmt":"2024-12-23T05:49:26","guid":{"rendered":"https:\/\/fmp-components.com\/product\/new-model-double-acting-small-hydraulic-piston-cylinder\/"},"modified":"2024-12-23T06:33:50","modified_gmt":"2024-12-23T06:33:50","slug":"new-model-double-acting-small-hydraulic-piston-cylinder","status":"publish","type":"product","link":"https:\/\/fmp-components.com\/pl\/product\/new-model-double-acting-small-hydraulic-piston-cylinder\/","title":{"rendered":"Nowy model ma\u0142ego si\u0142ownika hydraulicznego z podw\u00f3jnym dzia\u0142aniem"},"content":{"rendered":"<h2>Nowy model ma\u0142ego si\u0142ownika hydraulicznego z podw\u00f3jnym dzia\u0142aniem<\/h2>\n<p>Przedstawiamy nowy model ma\u0142ego si\u0142ownika hydraulicznego dwustronnego dzia\u0142ania:<\/p>\n<p>Nowy model ma\u0142ego si\u0142ownika hydraulicznego dwustronnego dzia\u0142ania z t\u0142okiem to rewolucyjny produkt zaprojektowany z my\u015bl\u0105 o zapewnieniu wydajnego i niezawodnego zasilania hydraulicznego. Dzi\u0119ki kompaktowym rozmiarom i wyj\u0105tkowej wydajno\u015bci si\u0142ownik ten idealnie nadaje si\u0119 do szerokiego zakresu zastosowa\u0144 przemys\u0142owych.<\/p>\n<p>Ten hydrauliczny si\u0142ownik t\u0142okowy o podw\u00f3jnym dzia\u0142aniu mo\u017ce si\u0119 zar\u00f3wno wysuwa\u0107, jak i wsuwa\u0107, co zapewnia precyzyjn\u0105 kontrol\u0119 i elastyczno\u015b\u0107 w r\u00f3\u017cnych zastosowaniach. Jego niewielkie rozmiary sprawiaj\u0105, \u017ce idealnie nadaje si\u0119 do stosowania w ciasnych przestrzeniach, gdzie wi\u0119ksze si\u0142owniki mog\u0105 by\u0107 nieodpowiednie.<\/p>\n<p>Wykonany z materia\u0142\u00f3w najwy\u017cszej jako\u015bci, ten cylinder t\u0142okowy zosta\u0142 zaprojektowany tak, aby wytrzyma\u0107 intensywne u\u017cytkowanie i zapewni\u0107 sta\u0142\u0105 wydajno\u015b\u0107. Jego solidna konstrukcja gwarantuje d\u0142ugotrwa\u0142\u0105 trwa\u0142o\u015b\u0107, minimalizuj\u0105c konserwacj\u0119 i przestoje.<\/p>\n<p>Wyposa\u017cony w zaawansowan\u0105 technologi\u0119 hydrauliczn\u0105, ten si\u0142ownik zapewnia p\u0142ynn\u0105 i niezawodn\u0105 prac\u0119, z precyzyjn\u0105 kontrol\u0105 pr\u0119dko\u015bci i si\u0142y. Gwarantuje to optymaln\u0105 wydajno\u015b\u0107 i zwi\u0119kszon\u0105 produktywno\u015b\u0107 w ka\u017cdym zastosowaniu.<\/p>\n<p>Nowy model ma\u0142ego si\u0142ownika hydraulicznego dwustronnego dzia\u0142ania jest \u0142atwy w monta\u017cu i kompatybilny z wi\u0119kszo\u015bci\u0105 uk\u0142ad\u00f3w hydraulicznych. Jego uniwersalna konstrukcja pozwala na bezproblemow\u0105 integracj\u0119 z istniej\u0105cymi systemami, stanowi\u0105c ekonomiczne rozwi\u0105zanie w zakresie modernizacji lub rozbudowy system\u00f3w hydraulicznych.<\/p>\n<p>Niezale\u017cnie od tego, czy potrzebujesz nap\u0119dza\u0107 maszyny, sterowa\u0107 du\u017cymi \u0142adunkami, czy wykonywa\u0107 precyzyjne ruchy, nowy model ma\u0142ego si\u0142ownika hydraulicznego dwustronnego dzia\u0142ania to najlepszy wyb\u00f3r. Zaufaj jego wyj\u0105tkowej wydajno\u015bci i trwa\u0142o\u015bci, aby z \u0142atwo\u015bci\u0105 zaspokoi\u0107 swoje potrzeby w zakresie zasilania hydraulicznego.<\/p>\n<p>Wybierz nowy model ma\u0142ego si\u0142ownika hydraulicznego dwustronnego dzia\u0142ania i poznaj moc technologii hydraulicznej w najlepszym wydaniu. Ulepsz sw\u00f3j sprz\u0119t i odkryj nowe mo\u017cliwo\u015bci dzi\u0119ki temu innowacyjnemu produktowi. Przedstawiamy nowy model ma\u0142ego si\u0142ownika hydraulicznego dwustronnego dzia\u0142ania, cud wsp\u00f3\u0142czesnej in\u017cynierii maszyn. Produkt ten zosta\u0142 wykonany z wykorzystaniem innowacyjnych technologii i wysokiej jako\u015bci materia\u0142\u00f3w, aby zapewni\u0107 optymaln\u0105 wydajno\u015b\u0107 i trwa\u0142o\u015b\u0107. Idealny dla warsztat\u00f3w naprawczych maszyn, gospodarstw rolnych, przemys\u0142u energetycznego i g\u00f3rniczego oraz fabryk maszyn, ten si\u0142ownik hydrauliczny to niezb\u0119dny element wyposa\u017cenia do ci\u0119\u017ckich zada\u0144.<\/p>\n<p><img decoding=\"async\" title=\"Si\u0142ownik hydrauliczny p\u0142ugu \u015bnie\u017cnego\" src=\"https:\/\/hzpt.com\/wp-content\/uploads\/2023\/11\/Snow-Plow-Hydraulic-Cylinder-2.webp\" alt=\"Si\u0142ownik hydrauliczny p\u0142ugu \u015bnie\u017cnego\" \/><\/p>\n<h2>Pod\u015bwietlone funkcje<\/h2>\n<p>Si\u0142ownik hydrauliczny jest obj\u0119ty roczn\u0105 gwarancj\u0105, co zapewnia naszym klientom spok\u00f3j ducha. Posiada standardow\u0105 konstrukcj\u0119 i jest zasilany energi\u0105 hydrauliczn\u0105. Korpus wykonany jest z wytrzyma\u0142ej stali, odpornej na ekstremalne warunki. Dzi\u0119ki maksymalnej sile ci\u0105gu 3000 i uci\u0105gowi 20 ton, maszyna ta jest naprawd\u0119 mocna. Jest to si\u0142ownik hydrauliczny do p\u0142ug\u00f3w \u015bnie\u017cnych z przy\u0142\u0105czami G\/SAE\/NPT\/M. Posiada certyfikat ISO9001:2000, co gwarantuje jego jako\u015b\u0107 i niezawodno\u015b\u0107.<\/p>\n<p><img decoding=\"async\" title=\"Si\u0142ownik hydrauliczny p\u0142ugu \u015bnie\u017cnego\" src=\"https:\/\/hzpt.com\/wp-content\/uploads\/2023\/11\/Snow-Plow-Hydraulic-Cylinder-3.webp\" alt=\"Si\u0142ownik hydrauliczny p\u0142ugu \u015bnie\u017cnego\" \/><\/p>\n<h3>Dodatkowe specyfikacje<\/h3>\n<ul>\n<li>\u015arednica otworu: 2-6 cali<\/li>\n<li>Rozmiar pr\u0119ta: 1,125-4 cale<\/li>\n<li>Rozmiar skoku: 4-100 cali<\/li>\n<li>Rozmiar szpilki: 0,5-2 cale<\/li>\n<li>Kolor: czarny<\/li>\n<\/ul>\n<p><img decoding=\"async\" src=\"https:\/\/hzpt.com\/wp-content\/uploads\/2023\/11\/Snow-Plow-Hydraulic-Cylinder-4Factory.webp\" alt=\"Obraz fabryczny\" title=\"\"><\/p>\n<h2>Zalety regulowanych cylindr\u00f3w typu wide\u0142kowego<\/h2>\n<p>Cylindry z regulowanym wide\u0142kiem s\u0105 popularnym wyborem w wielu zastosowaniach przemys\u0142owych i budowlanych. Cylindry te oferuj\u0105 szereg zalet w por\u00f3wnaniu z innymi typami cylindr\u00f3w. W tym artykule om\u00f3wimy niekt\u00f3re z zalet cylindr\u00f3w z regulowanym wide\u0142kiem, w tym ich trwa\u0142o\u015b\u0107, wszechstronno\u015b\u0107 i wydajno\u015b\u0107.<\/p>\n<h3>Trwa\u0142o\u015b\u0107<\/h3>\n<p>Jedn\u0105 z g\u0142\u00f3wnych zalet regulowanych si\u0142ownik\u00f3w wide\u0142kowych jest ich trwa\u0142o\u015b\u0107. Si\u0142owniki te s\u0105 zaprojektowane tak, aby wytrzymywa\u0107 du\u017ce obci\u0105\u017cenia i ekstremalne warunki pracy. Zastosowanie wysokiej jako\u015bci materia\u0142\u00f3w, takich jak stal i stopy aluminium, gwarantuje, \u017ce si\u0142owniki te s\u0105 odporne na zu\u017cycie i uszkodzenia wynikaj\u0105ce z codziennego u\u017cytkowania.<\/p>\n<p>Dodatkowo, regulowane cylindry wide\u0142kowe s\u0105 zaprojektowane tak, aby by\u0142y odporne na korozj\u0119 i inne uszkodzenia, kt\u00f3re mog\u0105 wynika\u0107 z nara\u017cenia na trudne warunki \u015brodowiskowe. Dzi\u0119ki temu idealnie nadaj\u0105 si\u0119 do zastosowa\u0144 zewn\u0119trznych, gdzie cylindry mog\u0105 by\u0107 nara\u017cone na dzia\u0142anie wilgoci, soli i innych substancji \u017cr\u0105cych.<\/p>\n<h3>Wszechstronno\u015b\u0107<\/h3>\n<p>Kolejn\u0105 zalet\u0105 regulowanych si\u0142ownik\u00f3w wide\u0142kowych jest ich wszechstronno\u015b\u0107. Si\u0142owniki te znajduj\u0105 zastosowanie w szerokim zakresie zastosowa\u0144, mi\u0119dzy innymi w rolnictwie, budownictwie, g\u00f3rnictwie i przemy\u015ble. Mo\u017cna je dostosowa\u0107 do r\u00f3\u017cnych typ\u00f3w maszyn i urz\u0105dze\u0144, co czyni je niezwykle wszechstronnymi.<\/p>\n<p>Regulowana konstrukcja wide\u0142ek tych cylindr\u00f3w umo\u017cliwia \u0142atw\u0105 instalacj\u0119 i regulacj\u0119, co czyni je wygodnym wyborem w wielu zastosowaniach. Dodatkowo, mo\u017cliwo\u015b\u0107 regulacji d\u0142ugo\u015bci cylindra zapewnia wi\u0119ksz\u0105 elastyczno\u015b\u0107 w projektowaniu i obs\u0142udze sprz\u0119tu.<\/p>\n<h3>Efektywno\u015b\u0107<\/h3>\n<p>Regulowane si\u0142owniki wide\u0142kowe s\u0105 r\u00f3wnie\u017c bardzo wydajne. Zastosowanie zaawansowanych uk\u0142ad\u00f3w hydraulicznych, takich jak nowy model ma\u0142ego si\u0142ownika hydraulicznego z podw\u00f3jnym dzia\u0142aniem, gwarantuje, \u017ce si\u0142owniki te mog\u0105 pracowa\u0107 z maksymaln\u0105 wydajno\u015bci\u0105.<\/p>\n<p>Dwustronne dzia\u0142anie tych si\u0142ownik\u00f3w zapewnia wi\u0119ksz\u0105 kontrol\u0119 nad ruchem urz\u0105dzenia, co przek\u0142ada si\u0119 na p\u0142ynniejsz\u0105 i bardziej precyzyjn\u0105 prac\u0119. Dodatkowo, regulowana konstrukcja wide\u0142ek tych si\u0142ownik\u00f3w zapewnia wi\u0119ksz\u0105 kontrol\u0119 nad pr\u0119dko\u015bci\u0105 urz\u0105dzenia, co przek\u0142ada si\u0119 na wi\u0119ksz\u0105 wydajno\u015b\u0107 i produktywno\u015b\u0107.<\/p>\n<p>Podsumowuj\u0105c, regulowane si\u0142owniki wide\u0142kowe oferuj\u0105 szereg zalet w por\u00f3wnaniu z innymi typami si\u0142ownik\u00f3w. Ich trwa\u0142o\u015b\u0107, wszechstronno\u015b\u0107 i wydajno\u015b\u0107 czyni\u0105 je idealnym wyborem do wielu zastosowa\u0144 przemys\u0142owych i budowlanych. Dzi\u0119ki zaawansowanym uk\u0142adom hydraulicznym i innowacyjnym konstrukcjom, si\u0142owniki te z pewno\u015bci\u0105 b\u0119d\u0105 odgrywa\u0107 istotn\u0105 rol\u0119 w obs\u0142udze maszyn i urz\u0105dze\u0144 przez wiele lat.<\/p>\n<h3>O FMP<\/h3>\n<p>FMP to wiod\u0105ca firma specjalizuj\u0105ca si\u0119 w produkcji i sprzeda\u017cy cylindr\u00f3w hydraulicznych. Z siedzib\u0105 g\u0142\u00f3wn\u0105 we W\u0142oszech, oferujemy klientom szerok\u0105 gam\u0119 wysokiej jako\u015bci i niezawodnych rozwi\u0105za\u0144 w zakresie cylindr\u00f3w hydraulicznych, wspartych naszym bogatym do\u015bwiadczeniem w bran\u017cy i profesjonalnym zespo\u0142em.<\/p>\n<p><strong>1. R\u00f3\u017cnorodna gama produkt\u00f3w:<\/strong> W naszej ofercie znajduj\u0105 si\u0119 r\u00f3\u017cnorodne si\u0142owniki hydrauliczne przeznaczone do r\u00f3\u017cnych zastosowa\u0144, co pozwala nam sprosta\u0107 szczeg\u00f3lnym potrzebom naszych klient\u00f3w.<\/p>\n<p><strong>2. Najwy\u017csza jako\u015b\u0107:<\/strong> W FMP priorytetowo traktujemy jako\u015b\u0107 i dbamy o to, aby wszystkie nasze si\u0142owniki hydrauliczne spe\u0142nia\u0142y surowe standardy jako\u015bci. Nawi\u0105zali\u015bmy d\u0142ugotrwa\u0142e i stabilne relacje z wysokiej jako\u015bci dostawcami, zar\u00f3wno krajowymi, jak i zagranicznymi, aby zagwarantowa\u0107 doskona\u0142o\u015b\u0107 naszych produkt\u00f3w.<\/p>\n<p><strong>3. Zesp\u00f3\u0142 ekspert\u00f3w ds. sprzeda\u017cy:<\/strong> Nasz do\u015bwiadczony i wykwalifikowany zesp\u00f3\u0142 sprzeda\u017cy posiada dog\u0142\u0119bn\u0105 wiedz\u0119 na temat bran\u017cy maszyn budowlanych. \u015aledz\u0105 najnowsze trendy i rozumiej\u0105 potrzeby klient\u00f3w, co pozwala im na profesjonalne doradztwo produktowe i trafne sugestie zakupowe.<\/p>\n<p><strong>4. Efektywna dystrybucja logistyczna:<\/strong> Wdro\u017cyli\u015bmy wydajny system dystrybucji i logistyki, aby zagwarantowa\u0107 terminow\u0105 i dok\u0142adn\u0105 dostaw\u0119 niezb\u0119dnych cylindr\u00f3w hydraulicznych do naszych klient\u00f3w, co pozwala ograniczy\u0107 przestoje i zwi\u0119kszy\u0107 wydajno\u015b\u0107.<\/p>\n<p><strong>5. Zaanga\u017cowanie w zadowolenie klienta:<\/strong> W FMP priorytetowo traktujemy zadowolenie klienta. D\u0105\u017cymy do budowania d\u0142ugoterminowych relacji z naszymi klientami, dostarczaj\u0105c wyj\u0105tkowe produkty i zapewniaj\u0105c doskona\u0142e wsparcie posprzeda\u017cowe.<\/p>\n<p><img decoding=\"async\" src=\"https:\/\/fmp-components.com\/wp-content\/uploads\/2024\/12\/Adjustable-Clevis-Type-Cylinders-6.webp\" alt=\"Regulowany cylinder typu wide\u0142kowego\" width=\"815\" title=\"\"><\/p>\n<h2>Cz\u0119sto zadawane pytania<\/h2>\n<ol>\n<li style=\"list-style-type: none;\">\n<ol>\n<li>P: Czy jeste\u015b firm\u0105 handlow\u0105 czy producentem? O: Jeste\u015bmy fabryk\u0105.<\/li>\n<li>P: Jak d\u0142ugi jest czas dostawy? O: Zazwyczaj wynosi on 25\u201335 dni.<\/li>\n<li>P: Czy udost\u0119pniacie pr\u00f3bki? Czy s\u0105 one bezp\u0142atne, czy dodatkowo p\u0142atne? O: Tak, mogliby\u015bmy zaoferowa\u0107 pr\u00f3bk\u0119, ale nie jest ona bezp\u0142atna.<\/li>\n<\/ol>\n<\/li>\n<\/ol>\n<p>Autor: CX<\/p>","protected":false},"excerpt":{"rendered":"<p>New Model Double Acting Small Hydraulic Piston Cylinder Introducing the New Model Double Acting Small Hydraulic Piston Cylinder: The New Model Double Acting Small Hydraulic Piston Cylinder is a revolutionary product designed to provide efficient and reliable hydraulic power. With its compact size and exceptional performance, this cylinder is perfect for a wide range of [&hellip;]<\/p>","protected":false},"featured_media":1475,"comment_status":"closed","ping_status":"closed","template":"","meta":{"_et_pb_use_builder":"","_et_pb_old_content":"","_et_gb_content_width":""},"product_brand":[],"product_cat":[42],"product_tag":[34,44],"class_list":{"0":"post-1474","1":"product","2":"type-product","3":"status-publish","4":"has-post-thumbnail","6":"product_cat-snow-plow-hydraulic-cylinder","7":"product_tag-hydraulic-cylinder","8":"product_tag-snow-plow-hydraulic-cylinder","10":"first","11":"instock","12":"product-type-simple"},"_links":{"self":[{"href":"https:\/\/fmp-components.com\/pl\/wp-json\/wp\/v2\/product\/1474","targetHints":{"allow":["GET"]}}],"collection":[{"href":"https:\/\/fmp-components.com\/pl\/wp-json\/wp\/v2\/product"}],"about":[{"href":"https:\/\/fmp-components.com\/pl\/wp-json\/wp\/v2\/types\/product"}],"replies":[{"embeddable":true,"href":"https:\/\/fmp-components.com\/pl\/wp-json\/wp\/v2\/comments?post=1474"}],"wp:featuredmedia":[{"embeddable":true,"href":"https:\/\/fmp-components.com\/pl\/wp-json\/wp\/v2\/media\/1475"}],"wp:attachment":[{"href":"https:\/\/fmp-components.com\/pl\/wp-json\/wp\/v2\/media?parent=1474"}],"wp:term":[{"taxonomy":"product_brand","embeddable":true,"href":"https:\/\/fmp-components.com\/pl\/wp-json\/wp\/v2\/product_brand?post=1474"},{"taxonomy":"product_cat","embeddable":true,"href":"https:\/\/fmp-components.com\/pl\/wp-json\/wp\/v2\/product_cat?post=1474"},{"taxonomy":"product_tag","embeddable":true,"href":"https:\/\/fmp-components.com\/pl\/wp-json\/wp\/v2\/product_tag?post=1474"}],"curies":[{"name":"wp","href":"https:\/\/api.w.org\/{rel}","templated":true}]}}