{"id":1472,"date":"2024-12-23T05:49:26","date_gmt":"2024-12-23T05:49:26","guid":{"rendered":"https:\/\/fmp-components.com\/product\/quality-assurance-small-welded-snow-plow-hydraulic-cylinder\/"},"modified":"2024-12-23T06:44:32","modified_gmt":"2024-12-23T06:44:32","slug":"quality-assurance-small-welded-snow-plow-hydraulic-cylinder","status":"publish","type":"product","link":"https:\/\/fmp-components.com\/pl\/product\/quality-assurance-small-welded-snow-plow-hydraulic-cylinder\/","title":{"rendered":"Zapewnienie jako\u015bci Ma\u0142y spawany si\u0142ownik hydrauliczny p\u0142ugu \u015bnie\u017cnego"},"content":{"rendered":"<h2>Zapewnienie jako\u015bci Ma\u0142y spawany si\u0142ownik hydrauliczny p\u0142ugu \u015bnie\u017cnego<\/h2>\n<p>Ma\u0142y spawany si\u0142ownik hydrauliczny do p\u0142uga \u015bnie\u017cnego z gwarancj\u0105 jako\u015bci to produkt o wysokiej wydajno\u015bci, zaprojektowany do efektywnego od\u015bnie\u017cania. Dzi\u0119ki kompaktowym rozmiarom i spawanej konstrukcji, ten si\u0142ownik hydrauliczny zapewnia trwa\u0142o\u015b\u0107 i niezawodno\u015b\u0107 w wymagaj\u0105cych warunkach.<\/p>\n<p>Wyposa\u017cony w zaawansowane technologie kontroli jako\u015bci, ten cylinder przechodzi rygorystyczne testy, aby zagwarantowa\u0107, \u017ce jego wydajno\u015b\u0107 spe\u0142nia najwy\u017csze standardy. Niewielkie rozmiary cylindra sprawiaj\u0105, \u017ce nadaje si\u0119 on do r\u00f3\u017cnych zastosowa\u0144 p\u0142ug\u00f3w \u015bnie\u017cnych, zapewniaj\u0105c doskona\u0142\u0105 kontrol\u0119 i precyzj\u0119.<\/p>\n<p>Uk\u0142ad hydrauliczny tego cylindra zapewnia p\u0142ynn\u0105 i wydajn\u0105 prac\u0119, umo\u017cliwiaj\u0105c \u0142atwe manewrowanie i zwi\u0119kszon\u0105 wydajno\u015b\u0107. Jego solidna konstrukcja gwarantuje d\u0142ugotrwa\u0142\u0105 wydajno\u015b\u0107, nawet w trudnych warunkach pogodowych.<\/p>\n<p><img decoding=\"async\" title=\"Si\u0142ownik hydrauliczny p\u0142ugu \u015bnie\u017cnego\" src=\"https:\/\/hzpt.com\/wp-content\/uploads\/2023\/11\/Snow-Plow-Hydraulic-Cylinder-3.webp\" alt=\"Si\u0142ownik hydrauliczny p\u0142ugu \u015bnie\u017cnego\" \/><\/p>\n<p>Dzi\u0119ki najwy\u017cszej jako\u015bci i niezawodnej pracy, ma\u0142y spawany si\u0142ownik hydrauliczny do p\u0142uga \u015bnie\u017cnego Quality Assurance to idealny wyb\u00f3r dla profesjonalist\u00f3w z bran\u017cy od\u015bnie\u017cania. Oferuje doskona\u0142y stosunek jako\u015bci do ceny, stanowi\u0105c niezawodne rozwi\u0105zanie dla wszystkich Twoich potrzeb w zakresie od\u015bnie\u017cania.<\/p>\n<h2>Przedstawiamy nasz ma\u0142y spawany si\u0142ownik hydrauliczny do p\u0142ugu \u015bnie\u017cnego z gwarancj\u0105 jako\u015bci<\/h2>\n<p>Nasz nowy si\u0142ownik hydrauliczny do p\u0142uga \u015bnie\u017cnego to standardowy si\u0142ownik t\u0142okowy zaprojektowany specjalnie do ci\u0119\u017ckich zastosowa\u0144 zwi\u0105zanych z od\u015bnie\u017caniem. Wykonany jest z mocnej stali, dzi\u0119ki czemu jest zar\u00f3wno wytrzyma\u0142y, jak i niezwykle wydajny.<\/p>\n<h2>Cechy i specyfikacje produktu<\/h2>\n<p>Nasz si\u0142ownik hydrauliczny do p\u0142uga \u015bnie\u017cnego obj\u0119ty jest roczn\u0105 gwarancj\u0105 i wa\u017cy zaledwie 5 kilogram\u00f3w, co u\u0142atwia monta\u017c i obs\u0142ug\u0119. Idealnie nadaje si\u0119 do r\u00f3\u017cnych bran\u017c, w tym warsztat\u00f3w naprawczych maszyn, gospodarstw rolnych, energetyki, g\u00f3rnictwa, produkcji maszyn i fabryk. G\u0142\u00f3wne elementy tego si\u0142ownika hydraulicznego to \u0142o\u017cysko i si\u0142ownik hydrauliczny. Korpus wykonany jest z wytrzyma\u0142ej stali, co zapewnia d\u0142ugotrwa\u0142\u0105 wydajno\u015b\u0107 i trwa\u0142o\u015b\u0107.<\/p>\n<ul>\n<li>Maksymalny ci\u0105g: 3000<\/li>\n<li>Maksymalny uci\u0105g: 20 ton<\/li>\n<li>\u015arednica otworu: 2-6 cali<\/li>\n<li>Rozmiar pr\u0119ta: 1,125-4 cale<\/li>\n<li>Rozmiar skoku: 4-100 cali<\/li>\n<li>Rozmiar szpilki: 0,5-2 cale<\/li>\n<li>Kolor: czarny<\/li>\n<\/ul>\n<h2>Konserwacja i piel\u0119gnacja<\/h2>\n<p>Aby zapewni\u0107 optymaln\u0105 wydajno\u015b\u0107 i trwa\u0142o\u015b\u0107, niezb\u0119dna jest prawid\u0142owa konserwacja i dba\u0142o\u015b\u0107 o si\u0142ownik hydrauliczny. Regularne kontrole, czyszczenie i smarowanie mog\u0105 znacznie wyd\u0142u\u017cy\u0107 \u017cywotno\u015b\u0107 produktu i utrzyma\u0107 jego optymalne funkcjonowanie.<\/p>\n<h2>Scenariusze zastosowa\u0144<\/h2>\n<p>Si\u0142ownik hydrauliczny p\u0142uga \u015bnie\u017cnego jest szeroko stosowany w r\u00f3\u017cnych ga\u0142\u0119ziach przemys\u0142u, w tym w warsztatach naprawczych maszyn, gospodarstwach rolnych, energetyce i g\u00f3rnictwie, produkcji maszyn oraz fabrykach maszyn. Jego kompaktowe rozmiary, moc i trwa\u0142o\u015b\u0107 sprawiaj\u0105, \u017ce jest to idealny wyb\u00f3r do intensywnego od\u015bnie\u017cania.<\/p>\n<p><img decoding=\"async\" title=\"Si\u0142ownik hydrauliczny p\u0142ugu \u015bnie\u017cnego\" src=\"https:\/\/hzpt.com\/wp-content\/uploads\/2023\/11\/Snow-Plow-Hydraulic-Cylinder-1.webp\" alt=\"Si\u0142ownik hydrauliczny p\u0142ugu \u015bnie\u017cnego\" \/><\/p>\n<h2>Zalety regulowanych cylindr\u00f3w typu wide\u0142kowego<\/h2>\n<p>Regulowane si\u0142owniki wide\u0142kowe oferuj\u0105 szereg zalet w por\u00f3wnaniu z tradycyjnymi si\u0142ownikami hydraulicznymi. Te innowacyjne si\u0142owniki zosta\u0142y zaprojektowane z precyzj\u0105 i wyposa\u017cone w zaawansowane funkcje, kt\u00f3re zwi\u0119kszaj\u0105 ich wydajno\u015b\u0107 i wszechstronno\u015b\u0107. W tym artykule szczeg\u00f3\u0142owo om\u00f3wimy zalety regulowanych si\u0142ownik\u00f3w wide\u0142kowych.<\/p>\n<h3>Zwi\u0119kszona elastyczno\u015b\u0107<\/h3>\n<p>Jedn\u0105 z kluczowych zalet si\u0142ownik\u00f3w z regulowanym wide\u0142kiem jest ich zwi\u0119kszona elastyczno\u015b\u0107. Si\u0142owniki te zosta\u0142y zaprojektowane z my\u015bl\u0105 o zapewnieniu regulowanych opcji monta\u017cu, co pozwala na \u0142atw\u0105 personalizacj\u0119 i adaptacj\u0119 do r\u00f3\u017cnych zastosowa\u0144. Regulowany wide\u0142ek umo\u017cliwia monta\u017c si\u0142ownika pod r\u00f3\u017cnymi k\u0105tami, zapewniaj\u0105c wi\u0119ksz\u0105 elastyczno\u015b\u0107 instalacji i obs\u0142ugi. Ta wszechstronno\u015b\u0107 pozwala na zastosowanie si\u0142ownika w wielu bran\u017cach, takich jak rolnictwo, budownictwo i produkcja.<\/p>\n<h3>Poprawiona wydajno\u015b\u0107<\/h3>\n<p>Regulowane cylindry wide\u0142kowe zosta\u0142y zaprojektowane tak, aby zapewni\u0107 wi\u0119ksz\u0105 wydajno\u015b\u0107 w por\u00f3wnaniu z cylindrami konwencjonalnymi. Zastosowanie zaawansowanej technologii hydraulicznej zapewnia efektywne przenoszenie mocy, co przek\u0142ada si\u0119 na zwi\u0119kszon\u0105 wydajno\u015b\u0107 i mniejsze zu\u017cycie energii. Cylindry te zosta\u0142y zaprojektowane z my\u015bl\u0105 o precyzyjnej kontroli ruchu i si\u0142y, umo\u017cliwiaj\u0105c operatorom osi\u0105gni\u0119cie optymalnej wydajno\u015bci w r\u00f3\u017cnych zastosowaniach. Regulowana konstrukcja wide\u0142kowa pomaga r\u00f3wnie\u017c zminimalizowa\u0107 zu\u017cycie, wyd\u0142u\u017caj\u0105c \u017cywotno\u015b\u0107 cylindra i redukuj\u0105c koszty konserwacji.<\/p>\n<h3>Zwi\u0119kszona trwa\u0142o\u015b\u0107<\/h3>\n<p>Zapewnienie jako\u015bci jest kluczowym czynnikiem w produkcji regulowanych si\u0142ownik\u00f3w wide\u0142kowych. Si\u0142owniki te s\u0105 zaprojektowane tak, aby wytrzymywa\u0142y trudne warunki pracy i zapewnia\u0142y d\u0142ugotrwa\u0142\u0105 wydajno\u015b\u0107. Zastosowanie wysokiej jako\u015bci materia\u0142\u00f3w, takich jak hartowana stal i trwa\u0142e uszczelki, gwarantuje odporno\u015b\u0107 si\u0142ownik\u00f3w na du\u017ce obci\u0105\u017cenia, ekstremalne temperatury i trudne warunki. Dodatkowo, ma\u0142e, spawane si\u0142owniki hydrauliczne do p\u0142ug\u00f3w \u015bnie\u017cnych s\u0105 odporne na korozj\u0119, dzi\u0119ki czemu idealnie nadaj\u0105 si\u0119 do zastosowa\u0144 zewn\u0119trznych, gdzie nara\u017cenie na wilgo\u0107 i inne czynniki \u015brodowiskowe jest powszechne.<\/p>\n<h3>Zwi\u0119kszone bezpiecze\u0144stwo<\/h3>\n<p>Regulowane si\u0142owniki wide\u0142kowe stawiaj\u0105 bezpiecze\u0144stwo na pierwszym miejscu. Si\u0142owniki te s\u0105 wyposa\u017cone w zaawansowane funkcje bezpiecze\u0144stwa, takie jak zawory bezpiecze\u0144stwa i systemy zabezpieczaj\u0105ce przed przeci\u0105\u017ceniem, aby zapobiega\u0107 wypadkom i uszkodzeniom sprz\u0119tu. Regulowane opcje monta\u017cu umo\u017cliwiaj\u0105 r\u00f3wnie\u017c precyzyjne pozycjonowanie, zmniejszaj\u0105c ryzyko nieprawid\u0142owego ustawienia lub instalacji. Co wi\u0119cej, si\u0142owniki przechodz\u0105 rygorystyczne testy i kontrol\u0119 jako\u015bci, aby zapewni\u0107 zgodno\u015b\u0107 z normami i przepisami bran\u017cowymi, zapewniaj\u0105c operatorom spok\u00f3j ducha.<\/p>\n<h3>Wszechstronne zastosowania<\/h3>\n<p>Dzi\u0119ki regulowanym mo\u017cliwo\u015bciom monta\u017cu i zaawansowanym funkcjom, regulowane si\u0142owniki wide\u0142kowe znajduj\u0105 zastosowanie w r\u00f3\u017cnych ga\u0142\u0119ziach przemys\u0142u. Si\u0142owniki te s\u0105 powszechnie stosowane w maszynach rolniczych do zada\u0144 takich jak podnoszenie i przechylanie ci\u0119\u017ckich \u0142adunk\u00f3w. S\u0105 r\u00f3wnie\u017c wykorzystywane w sprz\u0119cie budowlanym do zada\u0144 takich jak roboty ziemne i prze\u0142adunek materia\u0142\u00f3w. Ponadto, regulowane si\u0142owniki wide\u0142kowe s\u0105 wykorzystywane w procesach produkcyjnych wymagaj\u0105cych precyzyjnej kontroli si\u0142y i ruchu. Wszechstronno\u015b\u0107 tych si\u0142ownik\u00f3w sprawia, \u017ce \u200b\u200bs\u0105 one cennym atutem w wielu zastosowaniach, zwi\u0119kszaj\u0105c produktywno\u015b\u0107 i wydajno\u015b\u0107.<\/p>\n<p>Podsumowuj\u0105c, regulowane cylindry wide\u0142kowe oferuj\u0105 liczne zalety, kt\u00f3re czyni\u0105 je preferowanym wyborem w r\u00f3\u017cnych bran\u017cach. Ich zwi\u0119kszona elastyczno\u015b\u0107, poprawiona wydajno\u015b\u0107, trwa\u0142o\u015b\u0107, funkcje bezpiecze\u0144stwa i wszechstronno\u015b\u0107 zastosowa\u0144 wyr\u00f3\u017cniaj\u0105 je na tle konwencjonalnych cylindr\u00f3w hydraulicznych. Zastosowanie zaawansowanej technologii i \u015brodk\u00f3w kontroli jako\u015bci gwarantuje niezawodn\u0105 prac\u0119 i d\u0142ugowieczno\u015b\u0107 tych cylindr\u00f3w. Podsumowuj\u0105c, regulowane cylindry wide\u0142kowe stanowi\u0105 cenne uzupe\u0142nienie ka\u017cdego uk\u0142adu hydraulicznego, zapewniaj\u0105c optymaln\u0105 wydajno\u015b\u0107 i wszechstronno\u015b\u0107.<\/p>\n<h3>O cylindrze hydraulicznym FMP<\/h3>\n<p>FMP to zaufana firma specjalizuj\u0105ca si\u0119 w sprzeda\u017cy i serwisie cz\u0119\u015bci oraz kompletnych maszyn budowlanych. Nasze si\u0142owniki hydrauliczne s\u0105 projektowane i produkowane tak, aby sprosta\u0107 wysokim wymaganiom bran\u017cy budowlanej. Oferujemy szeroki asortyment produkt\u00f3w, obejmuj\u0105cy r\u00f3\u017cne typy si\u0142ownik\u00f3w hydraulicznych, takie jak si\u0142owniki z regulowanym wide\u0142kiem, si\u0142owniki spawane, si\u0142owniki teleskopowe i wiele innych.<\/p>\n<p>Oto kilka powod\u00f3w, dla kt\u00f3rych warto wybra\u0107 si\u0142ownik hydrauliczny FMP:<\/p>\n<ol>\n<li><strong>Wysokiej jako\u015bci komponenty:<\/strong> Nasze cylindry hydrauliczne s\u0105 produkowane z najwy\u017cszej jako\u015bci komponent\u00f3w, spe\u0142niaj\u0105cych rygorystyczne standardy jako\u015bci. Materia\u0142y pozyskujemy od sprawdzonych dostawc\u00f3w krajowych i zagranicznych, aby zapewni\u0107 najwy\u017csz\u0105 jako\u015b\u0107 naszych produkt\u00f3w.<\/li>\n<li><strong>Niezawodna wydajno\u015b\u0107:<\/strong> Stosujemy najnowocze\u015bniejsze techniki i technologie produkcyjne, aby mie\u0107 pewno\u015b\u0107, \u017ce nasze si\u0142owniki hydrauliczne cechuj\u0105 si\u0119 niezawodn\u0105 prac\u0105 nawet w najtrudniejszych warunkach.<\/li>\n<li><strong>Personalizacja:<\/strong> Oferujemy us\u0142ugi personalizacji, aby sprosta\u0107 indywidualnym potrzebom naszych klient\u00f3w. Nasz zesp\u00f3\u0142 wykwalifikowanych in\u017cynier\u00f3w zaprojektuje i wyprodukuje cylindry hydrauliczne, kt\u00f3re dok\u0142adnie spe\u0142ni\u0105 Pa\u0144stwa wymagania.<\/li>\n<li><strong>Konkurencyjne ceny:<\/strong> Oferujemy nasze produkty w konkurencyjnych cenach, nie rezygnuj\u0105c z jako\u015bci. Naszym celem jest dostarczanie naszym klientom op\u0142acalnych rozwi\u0105za\u0144.<\/li>\n<li><strong>Doskona\u0142a obs\u0142uga klienta:<\/strong> Nasz zesp\u00f3\u0142 sprzeda\u017cy posiada wiedz\u0119 i do\u015bwiadczenie w bran\u017cy maszyn budowlanych. Zapewniamy profesjonalne doradztwo produktowe i trafne sugestie zakupowe. Dysponujemy r\u00f3wnie\u017c sprawnym systemem dystrybucji logistycznej, dzi\u0119ki czemu klienci otrzymuj\u0105 potrzebne im cz\u0119\u015bci terminowo i bezb\u0142\u0119dnie.<\/li>\n<\/ol>\n<p>Skontaktuj si\u0119 z nami ju\u017c dzi\u015b, aby dowiedzie\u0107 si\u0119 wi\u0119cej o naszych produktach z kategorii cylindr\u00f3w hydraulicznych i o tym, jak mo\u017cemy pom\u00f3c Ci w zakresie maszyn budowlanych.<\/p>\n<p><img decoding=\"async\" src=\"https:\/\/fmp-components.com\/wp-content\/uploads\/2024\/12\/Adjustable-Clevis-Type-Cylinders-6.webp\" alt=\"Regulowany cylinder typu wide\u0142kowego\" width=\"814\" title=\"\"><\/p>\n<p>Autor: CX<\/p>","protected":false},"excerpt":{"rendered":"<p>Quality Assurance Small Welded Snow Plow Hydraulic Cylinder The Quality Assurance Small Welded Snow Plow Hydraulic Cylinder is a high-performance product designed for efficient snow plowing operations. With its compact size and welded construction, this hydraulic cylinder offers durability and reliability in demanding environments. Equipped with advanced quality assurance technologies, this cylinder undergoes rigorous testing [&hellip;]<\/p>","protected":false},"featured_media":1473,"comment_status":"closed","ping_status":"closed","template":"","meta":{"_et_pb_use_builder":"","_et_pb_old_content":"","_et_gb_content_width":""},"product_brand":[],"product_cat":[42],"product_tag":[34,44],"class_list":{"0":"post-1472","1":"product","2":"type-product","3":"status-publish","4":"has-post-thumbnail","6":"product_cat-snow-plow-hydraulic-cylinder","7":"product_tag-hydraulic-cylinder","8":"product_tag-snow-plow-hydraulic-cylinder","10":"first","11":"instock","12":"product-type-simple"},"_links":{"self":[{"href":"https:\/\/fmp-components.com\/pl\/wp-json\/wp\/v2\/product\/1472","targetHints":{"allow":["GET"]}}],"collection":[{"href":"https:\/\/fmp-components.com\/pl\/wp-json\/wp\/v2\/product"}],"about":[{"href":"https:\/\/fmp-components.com\/pl\/wp-json\/wp\/v2\/types\/product"}],"replies":[{"embeddable":true,"href":"https:\/\/fmp-components.com\/pl\/wp-json\/wp\/v2\/comments?post=1472"}],"wp:featuredmedia":[{"embeddable":true,"href":"https:\/\/fmp-components.com\/pl\/wp-json\/wp\/v2\/media\/1473"}],"wp:attachment":[{"href":"https:\/\/fmp-components.com\/pl\/wp-json\/wp\/v2\/media?parent=1472"}],"wp:term":[{"taxonomy":"product_brand","embeddable":true,"href":"https:\/\/fmp-components.com\/pl\/wp-json\/wp\/v2\/product_brand?post=1472"},{"taxonomy":"product_cat","embeddable":true,"href":"https:\/\/fmp-components.com\/pl\/wp-json\/wp\/v2\/product_cat?post=1472"},{"taxonomy":"product_tag","embeddable":true,"href":"https:\/\/fmp-components.com\/pl\/wp-json\/wp\/v2\/product_tag?post=1472"}],"curies":[{"name":"wp","href":"https:\/\/api.w.org\/{rel}","templated":true}]}}