{"id":1466,"date":"2024-12-23T05:49:26","date_gmt":"2024-12-23T05:49:26","guid":{"rendered":"https:\/\/fmp-components.com\/product\/customized-mini-two-way-hydraulic-piston-cylinder-for-snow-plow\/"},"modified":"2024-12-23T06:31:54","modified_gmt":"2024-12-23T06:31:54","slug":"customized-mini-two-way-hydraulic-piston-cylinder-for-snow-plow","status":"publish","type":"product","link":"https:\/\/fmp-components.com\/pl\/product\/customized-mini-two-way-hydraulic-piston-cylinder-for-snow-plow\/","title":{"rendered":"Niestandardowy miniaturowy dwukierunkowy si\u0142ownik hydrauliczny do p\u0142uga \u015bnie\u017cnego"},"content":{"rendered":"<h2>Niestandardowy miniaturowy dwukierunkowy si\u0142ownik hydrauliczny do p\u0142uga \u015bnie\u017cnego<\/h2>\n<p>Niestandardowy miniaturowy dwukierunkowy si\u0142ownik hydrauliczny z t\u0142okiem do p\u0142uga \u015bnie\u017cnego to produkt najwy\u017cszej klasy, zaprojektowany z my\u015bl\u0105 o wydajnym od\u015bnie\u017caniu. Ten wysokiej jako\u015bci si\u0142ownik hydrauliczny z t\u0142okiem oferuje wyj\u0105tkow\u0105 wydajno\u015b\u0107 i niezawodno\u015b\u0107, co czyni go idealnym wyborem do zastosowa\u0144 z p\u0142ugiem \u015bnie\u017cnym.<\/p>\n<p>Dzi\u0119ki kompaktowym rozmiarom i mo\u017cliwo\u015bciom personalizacji, ten hydrauliczny si\u0142ownik t\u0142okowy zosta\u0142 zaprojektowany specjalnie z my\u015bl\u0105 o spe\u0142nieniu specyficznych wymaga\u0144 system\u00f3w od\u015bnie\u017cania. Zosta\u0142 precyzyjnie zaprojektowany, aby zapewni\u0107 mocn\u0105 i responsywn\u0105 prac\u0119 uk\u0142adu hydraulicznego, gwarantuj\u0105c p\u0142ynn\u0105 i efektywn\u0105 prac\u0119 w trudnych warunkach od\u015bnie\u017cania.<\/p>\n<p>Dwukierunkowa funkcjonalno\u015b\u0107 tego si\u0142ownika t\u0142okowego umo\u017cliwia p\u0142ynny ruch w obu kierunkach, umo\u017cliwiaj\u0105c efektywne sterowanie lemieszem p\u0142uga \u015bnie\u017cnego. Niezale\u017cnie od tego, czy chcesz przesuwa\u0107 \u015bnieg do przodu, czy ustawi\u0107 lemiesz pod k\u0105tem, aby uzyska\u0107 precyzyjne manewrowanie, ten si\u0142ownik hydrauliczny zapewnia wyj\u0105tkow\u0105 kontrol\u0119 i moc.<\/p>\n<p>Zaprojektowany z my\u015bl\u0105 o trudnych warunkach zimowych, miniaturowy si\u0142ownik hydrauliczny dwukierunkowy do p\u0142uga \u015bnie\u017cnego zosta\u0142 wykonany z trwa\u0142ych materia\u0142\u00f3w, kt\u00f3re zapewniaj\u0105 d\u0142ugotrwa\u0142\u0105 wydajno\u015b\u0107. Jego solidna konstrukcja gwarantuje niezawodno\u015b\u0107 i trwa\u0142o\u015b\u0107, minimalizuj\u0105c przestoje i maksymalizuj\u0105c wydajno\u015b\u0107 podczas od\u015bnie\u017cania.<\/p>\n<p>Opr\u00f3cz wyj\u0105tkowej funkcjonalno\u015bci, ten hydrauliczny si\u0142ownik t\u0142okowy oferuje r\u00f3wnie\u017c \u0142atwe opcje personalizacji. Mo\u017cna go dostosowa\u0107 do konkretnych wymaga\u0144 p\u0142uga od\u015bnie\u017cnego, w tym d\u0142ugo\u015bci skoku, opcji monta\u017cu i ci\u015bnienia znamionowego. Pozwala to na bezproblemow\u0105 integracj\u0119 z r\u00f3\u017cnymi systemami p\u0142ug\u00f3w od\u015bnie\u017cnych, zwi\u0119kszaj\u0105c og\u00f3ln\u0105 wydajno\u015b\u0107 i osi\u0105gi.<\/p>\n<p>Podsumowuj\u0105c, miniaturowy si\u0142ownik hydrauliczny dwukierunkowy do p\u0142uga \u015bnie\u017cnego to produkt o wysokiej wydajno\u015bci, oferuj\u0105cy wyj\u0105tkow\u0105 funkcjonalno\u015b\u0107, trwa\u0142o\u015b\u0107 i mo\u017cliwo\u015bci personalizacji. Dzi\u0119ki niezawodnej wydajno\u015bci hydraulicznej i solidnej konstrukcji, stanowi doskona\u0142y wyb\u00f3r do zastosowa\u0144 z p\u0142ugiem \u015bnie\u017cnym, zapewniaj\u0105c optymaln\u0105 kontrol\u0119 i wydajno\u015b\u0107 w trudnych warunkach zimowych.<\/p>\n<p>\u015awiat maszyn jest rozleg\u0142y i zr\u00f3\u017cnicowany, a jednym z kluczowych element\u00f3w zapewniaj\u0105cych sprawne funkcjonowanie wielu maszyn jest <strong>Niestandardowy miniaturowy dwukierunkowy si\u0142ownik hydrauliczny t\u0142okowy<\/strong> Zaprojektowane specjalnie do p\u0142ug\u00f3w \u015bnie\u017cnych.<\/p>\n<h2>Cechy produktu<\/h2>\n<p>Miniaturowy dwukierunkowy si\u0142ownik hydrauliczny t\u0142okowy to nie jest zwyk\u0142y element. Zosta\u0142 zaprojektowany i wyprodukowany z precyzj\u0105 i dba\u0142o\u015bci\u0105 o szczeg\u00f3\u0142y. Produkt jest nowy i obj\u0119ty roczn\u0105 gwarancj\u0105. Jego g\u0142\u00f3wne komponenty to \u0142o\u017cysko i si\u0142ownik hydrauliczny, oba najwy\u017cszej jako\u015bci.<\/p>\n<p>Cylinder ma standardow\u0105 konstrukcj\u0119 i imponuj\u0105c\u0105 si\u0142\u0119 ci\u0105gu 3000. Wa\u017cy zaledwie 5,9 kg, dzi\u0119ki czemu jest lekki i \u0142atwy w monta\u017cu. Produkt posiada r\u00f3wnie\u017c certyfikat ISO9001:2000, co gwarantuje jego jako\u015b\u0107 i niezawodno\u015b\u0107.<\/p>\n<p><img decoding=\"async\" title=\"Si\u0142ownik hydrauliczny p\u0142ugu \u015bnie\u017cnego\" src=\"https:\/\/hzpt.com\/wp-content\/uploads\/2023\/11\/Snow-Plow-Hydraulic-Cylinder-3.webp\" alt=\"Si\u0142ownik hydrauliczny p\u0142ugu \u015bnie\u017cnego\" \/><\/p>\n<h2>Zastosowania i bran\u017ce<\/h2>\n<p>Ten hydrauliczny si\u0142ownik t\u0142okowy nie ogranicza si\u0119 do jednej bran\u017cy. Znajduje zastosowanie w wielu bran\u017cach, takich jak warsztaty naprawcze maszyn, gospodarstwa rolne, energetyka i g\u00f3rnictwo oraz produkcja maszyn. Jego wszechstronno\u015b\u0107 i wysoka wydajno\u015b\u0107 sprawiaj\u0105, \u017ce jest idealnym wyborem do r\u00f3\u017cnorodnych zastosowa\u0144.<\/p>\n<h2>Konserwacja i piel\u0119gnacja<\/h2>\n<p>Jak ka\u017cdy inny element mechaniczny, miniaturowy dwukierunkowy si\u0142ownik hydrauliczny wymaga regularnej konserwacji, aby zapewni\u0107 jego d\u0142ugowieczno\u015b\u0107. Zaleca si\u0119 okresowe sprawdzanie si\u0142ownika pod k\u0105tem oznak zu\u017cycia i natychmiastow\u0105 wymian\u0119 uszkodzonych cz\u0119\u015bci, aby zapobiec powa\u017cnym awariom.<\/p>\n<h2>Zalety regulowanych cylindr\u00f3w typu wide\u0142kowego<\/h2>\n<p>Regulowane si\u0142owniki wide\u0142kowe, takie jak miniaturowy dwukierunkowy si\u0142ownik hydrauliczny z t\u0142okiem do p\u0142ug\u00f3w \u015bnie\u017cnych, oferuj\u0105 szereg korzy\u015bci i funkcji, dzi\u0119ki kt\u00f3rym doskonale nadaj\u0105 si\u0119 do r\u00f3\u017cnych zastosowa\u0144. W tym wpisie na blogu szczeg\u00f3\u0142owo om\u00f3wimy zalety tych si\u0142ownik\u00f3w.<\/p>\n<h3>1. Wi\u0119ksza elastyczno\u015b\u0107 i zdolno\u015b\u0107 adaptacji<\/h3>\n<p>Regulowane cylindry z wide\u0142kami zapewniaj\u0105 zwi\u0119kszon\u0105 elastyczno\u015b\u0107 i adaptowalno\u015b\u0107 dzi\u0119ki regulowanym mocowaniom wide\u0142kowym. Funkcja ta umo\u017cliwia \u0142atw\u0105 personalizacj\u0119 i precyzyjne dostrojenie pozycji monta\u017cowej cylindra do konkretnych wymaga\u0144. Regulacja wide\u0142ek umo\u017cliwia precyzyjne ustawienie cylindra, zapewniaj\u0105c optymaln\u0105 wydajno\u015b\u0107 i sprawno\u015b\u0107 w r\u00f3\u017cnych zastosowaniach.<\/p>\n<h3>2. Lepsza zdolno\u015b\u0107 obs\u0142ugi \u0142adunku<\/h3>\n<p>Te cylindry oferuj\u0105 doskona\u0142\u0105 zdolno\u015b\u0107 przenoszenia obci\u0105\u017ce\u0144 dzi\u0119ki zaawansowanej konstrukcji t\u0142oka i mocy hydraulicznej. Precyzyjna konstrukcja t\u0142oka zapewnia p\u0142ynny i kontrolowany ruch, gwarantuj\u0105c wydajne przenoszenie du\u017cych ci\u0119\u017car\u00f3w. Moc hydrauliczna dodatkowo zwi\u0119ksza wytrzyma\u0142o\u015b\u0107 cylindra, umo\u017cliwiaj\u0105c mu \u0142atwe wykonywanie wymagaj\u0105cych zada\u0144.<\/p>\n<h3>3. Wyj\u0105tkowa trwa\u0142o\u015b\u0107 i d\u0142ugowieczno\u015b\u0107<\/h3>\n<p>Zaprojektowane z wysokiej jako\u015bci materia\u0142\u00f3w i przy u\u017cyciu precyzyjnych technik produkcyjnych, regulowane si\u0142owniki wide\u0142kowe charakteryzuj\u0105 si\u0119 wyj\u0105tkow\u0105 trwa\u0142o\u015bci\u0105 i d\u0142ugowieczno\u015bci\u0105. Si\u0142owniki te s\u0105 zaprojektowane tak, aby wytrzyma\u0107 trudne warunki pracy, takie jak ekstremalne temperatury, silne wibracje i \u015brodowiska korozyjne. Ich solidna konstrukcja gwarantuje niezawodn\u0105 prac\u0119 i minimalizuje potrzeb\u0119 cz\u0119stej konserwacji lub wymiany.<\/p>\n<h3>4. Optymalna kontrola i precyzja<\/h3>\n<p>Jedn\u0105 z istotnych zalet regulowanych si\u0142ownik\u00f3w wide\u0142kowych jest ich zdolno\u015b\u0107 do zapewnienia optymalnej kontroli i precyzji. Dzi\u0119ki precyzyjnie zaprojektowanym komponentom i uk\u0142adom hydraulicznym, si\u0142owniki te oferuj\u0105 precyzyjn\u0105 kontrol\u0119 nad ruchem i pozycjonowaniem \u0142adunk\u00f3w. Taki poziom kontroli pozwala na precyzyjn\u0105 i wydajn\u0105 prac\u0119, dzi\u0119ki czemu idealnie nadaj\u0105 si\u0119 do zastosowa\u0144 wymagaj\u0105cych precyzyjnych ruch\u00f3w, takich jak p\u0142ugi \u015bnie\u017cne.<\/p>\n<h3>5. Zwi\u0119kszona produktywno\u015b\u0107 i wydajno\u015b\u0107<\/h3>\n<p>Dzi\u0119ki zastosowaniu w sprz\u0119cie lub maszynach regulowanych si\u0142ownik\u00f3w wide\u0142kowych, mo\u017cna znacz\u0105co zwi\u0119kszy\u0107 produktywno\u015b\u0107 i wydajno\u015b\u0107. Si\u0142owniki te zapewniaj\u0105 p\u0142ynn\u0105 i wydajn\u0105 prac\u0119, redukuj\u0105c przestoje i zwi\u0119kszaj\u0105c og\u00f3ln\u0105 wydajno\u015b\u0107. Dzi\u0119ki mo\u017cliwo\u015bci obs\u0142ugi du\u017cych obci\u0105\u017ce\u0144 i precyzyjnej kontroli, przyczyniaj\u0105 si\u0119 do szybszej realizacji zada\u0144 i poprawy wydajno\u015bci operacyjnej.<\/p>\n<h3>6. Wszechstronne zastosowania<\/h3>\n<p>Regulowane si\u0142owniki wide\u0142kowe znajduj\u0105 zastosowanie w r\u00f3\u017cnych bran\u017cach i sektorach. Ich wszechstronno\u015b\u0107 sprawia, \u017ce \u200b\u200bnadaj\u0105 si\u0119 do szerokiego zakresu zada\u0144, w tym mi\u0119dzy innymi do p\u0142ug\u00f3w \u015bnie\u017cnych, sprz\u0119tu rolniczego, maszyn budowlanych, system\u00f3w transportu bliskiego i innych. Niezale\u017cnie od konkretnego zastosowania, si\u0142owniki te zapewniaj\u0105 wyj\u0105tkow\u0105 wydajno\u015b\u0107 i niezawodno\u015b\u0107.<\/p>\n<h3>Wniosek<\/h3>\n<p>Podsumowuj\u0105c, zalety regulowanych si\u0142ownik\u00f3w wide\u0142kowych, takich jak miniaturowy dwukierunkowy si\u0142ownik hydrauliczny z t\u0142okiem do p\u0142ug\u00f3w \u015bnie\u017cnych, s\u0105 liczne. Zwi\u0119kszona elastyczno\u015b\u0107, lepsza obs\u0142uga \u0142adunku, wyj\u0105tkowa trwa\u0142o\u015b\u0107, optymalna kontrola, zwi\u0119kszona wydajno\u015b\u0107 i wszechstronne zastosowania sprawiaj\u0105, \u017ce si\u0142owniki te s\u0105 cennym wyborem dla r\u00f3\u017cnych bran\u017c. Inwestycja w regulowane si\u0142owniki wide\u0142kowe mo\u017ce przynie\u015b\u0107 znaczne korzy\u015bci Twojemu sprz\u0119towi lub maszynom, zapewniaj\u0105c niezawodn\u0105 prac\u0119 i wydajno\u015b\u0107.<\/p>\n<h3>O FMP<\/h3>\n<p>FMP to firma specjalizuj\u0105ca si\u0119 w produkcji i sprzeda\u017cy si\u0142ownik\u00f3w hydraulicznych. Naszym celem jest dostarczanie klientom wysokiej jako\u015bci i niezawodnych si\u0142ownik\u00f3w hydraulicznych do r\u00f3\u017cnych typ\u00f3w maszyn budowlanych. Dzi\u0119ki wieloletniemu do\u015bwiadczeniu w bran\u017cy i profesjonalnemu zespo\u0142owi oferujemy wyj\u0105tkowe produkty i us\u0142ugi, aby sprosta\u0107 potrzebom naszych klient\u00f3w.<\/p>\n<p><strong>1. Szeroki wyb\u00f3r si\u0142ownik\u00f3w hydraulicznych:<\/strong> Nasza oferta produkt\u00f3w obejmuje szerok\u0105 gam\u0119 si\u0142ownik\u00f3w hydraulicznych, takich jak si\u0142owniki wide\u0142kowe z regulacj\u0105, si\u0142owniki teleskopowe oraz si\u0142owniki dwustronnego dzia\u0142ania. Oferujemy rozwi\u0105zania dla r\u00f3\u017cnych typ\u00f3w maszyn budowlanych, zapewniaj\u0105c kompatybilno\u015b\u0107 i wydajno\u015b\u0107 w r\u00f3\u017cnorodnych zastosowaniach.<\/p>\n<p><strong>2. Najwy\u017csza jako\u015b\u0107:<\/strong> W FMP priorytetowo traktujemy jako\u015b\u0107 naszych produkt\u00f3w. Nawi\u0105zujemy d\u0142ugoterminowe i stabilne relacje z wysokiej jako\u015bci dostawcami, aby zapewni\u0107, \u017ce wszystkie dostarczane przez nas si\u0142owniki hydrauliczne spe\u0142niaj\u0105 surowe standardy jako\u015bci. Nasze zaanga\u017cowanie w jako\u015b\u0107 gwarantuje trwa\u0142o\u015b\u0107, niezawodno\u015b\u0107 i optymaln\u0105 wydajno\u015b\u0107.<\/p>\n<p><strong>3. Profesjonalny zesp\u00f3\u0142 sprzeda\u017cy:<\/strong> Dysponujemy do\u015bwiadczonym i wykwalifikowanym zespo\u0142em sprzeda\u017cy, kt\u00f3ry doskonale orientuje si\u0119 w trendach rozwojowych i potrzebach klient\u00f3w bran\u017cy maszyn budowlanych. Zapewniamy profesjonalne doradztwo produktowe i trafne sugestie zakupowe, pomagaj\u0105c naszym klientom w podejmowaniu \u015bwiadomych decyzji.<\/p>\n<p><strong>4. Efektywna dystrybucja logistyczna:<\/strong> Rozumiemy wag\u0119 terminowej dostawy. FMP posiada sprawny system dystrybucji logistycznej, aby zapewni\u0107 naszym klientom terminowe i dok\u0142adne dostawy potrzebnych cylindr\u00f3w hydraulicznych. Priorytetem jest dla nas zadowolenie klienta i dok\u0142adamy wszelkich stara\u0144, aby sprosta\u0107 jego oczekiwaniom w zakresie dostaw.<\/p>\n<p><strong>5. Zaanga\u017cowanie w sukces klienta:<\/strong> W FMP wierzymy w budowanie d\u0142ugoterminowych partnerstw z naszymi klientami. Zale\u017cy nam na ich sukcesie i satysfakcji. Nasz zesp\u00f3\u0142 dok\u0142ada wszelkich stara\u0144, aby zapewni\u0107 wyj\u0105tkow\u0105 obs\u0142ug\u0119 klienta, szybko odpowiada\u0107 na wszelkie w\u0105tpliwo\u015bci i zapytania oraz zapewni\u0107 p\u0142ynny i przyjemny proces zakupu.<\/p>\n<p><img decoding=\"async\" src=\"https:\/\/fmp-components.com\/wp-content\/uploads\/2024\/12\/Adjustable-Clevis-Type-Cylinders-6.webp\" alt=\"Regulowany cylinder typu wide\u0142kowego\" width=\"811\" title=\"\"><\/p>\n<h2>Cz\u0119sto zadawane pytania<\/h2>\n<h3>P: Czy jeste\u015b firm\u0105 handlow\u0105 lub produkcyjn\u0105?<\/h3>\n<p>A: Jeste\u015bmy fabryk\u0105.<\/p>\n<h3>P: Jak d\u0142ugi jest czas dostawy?<\/h3>\n<p>A: Zazwyczaj trwa to 25\u201335 dni.<\/p>\n<h3>P: Czy udost\u0119pniacie pr\u00f3bki? Czy s\u0105 one bezp\u0142atne, czy dodatkowo p\u0142atne?<\/h3>\n<p>O: Tak, mogliby\u015bmy zaoferowa\u0107 pr\u00f3bk\u0119, ale nie jest ona darmowa.<\/p>\n<p>Autor: CX<\/p>","protected":false},"excerpt":{"rendered":"<p>Customized Mini Two Way Hydraulic Piston Cylinder for Snow Plow The Customized Mini Two Way Hydraulic Piston Cylinder for Snow Plow is a top-of-the-line product designed for efficient snow plowing operations. This high-quality hydraulic piston cylinder offers exceptional performance and reliability, making it an ideal choice for snow plow applications. With its compact size and [&hellip;]<\/p>","protected":false},"featured_media":1467,"comment_status":"closed","ping_status":"closed","template":"","meta":{"_et_pb_use_builder":"","_et_pb_old_content":"","_et_gb_content_width":""},"product_brand":[],"product_cat":[42],"product_tag":[34,44],"class_list":{"0":"post-1466","1":"product","2":"type-product","3":"status-publish","4":"has-post-thumbnail","6":"product_cat-snow-plow-hydraulic-cylinder","7":"product_tag-hydraulic-cylinder","8":"product_tag-snow-plow-hydraulic-cylinder","10":"first","11":"instock","12":"product-type-simple"},"_links":{"self":[{"href":"https:\/\/fmp-components.com\/pl\/wp-json\/wp\/v2\/product\/1466","targetHints":{"allow":["GET"]}}],"collection":[{"href":"https:\/\/fmp-components.com\/pl\/wp-json\/wp\/v2\/product"}],"about":[{"href":"https:\/\/fmp-components.com\/pl\/wp-json\/wp\/v2\/types\/product"}],"replies":[{"embeddable":true,"href":"https:\/\/fmp-components.com\/pl\/wp-json\/wp\/v2\/comments?post=1466"}],"wp:featuredmedia":[{"embeddable":true,"href":"https:\/\/fmp-components.com\/pl\/wp-json\/wp\/v2\/media\/1467"}],"wp:attachment":[{"href":"https:\/\/fmp-components.com\/pl\/wp-json\/wp\/v2\/media?parent=1466"}],"wp:term":[{"taxonomy":"product_brand","embeddable":true,"href":"https:\/\/fmp-components.com\/pl\/wp-json\/wp\/v2\/product_brand?post=1466"},{"taxonomy":"product_cat","embeddable":true,"href":"https:\/\/fmp-components.com\/pl\/wp-json\/wp\/v2\/product_cat?post=1466"},{"taxonomy":"product_tag","embeddable":true,"href":"https:\/\/fmp-components.com\/pl\/wp-json\/wp\/v2\/product_tag?post=1466"}],"curies":[{"name":"wp","href":"https:\/\/api.w.org\/{rel}","templated":true}]}}