{"id":1464,"date":"2024-12-23T05:49:26","date_gmt":"2024-12-23T05:49:26","guid":{"rendered":"https:\/\/fmp-components.com\/product\/superior-quality-mini-two-way-hydraulic-piston-cylinder\/"},"modified":"2024-12-23T06:29:50","modified_gmt":"2024-12-23T06:29:50","slug":"superior-quality-mini-two-way-hydraulic-piston-cylinder","status":"publish","type":"product","link":"https:\/\/fmp-components.com\/pl\/product\/superior-quality-mini-two-way-hydraulic-piston-cylinder\/","title":{"rendered":"Miniaturowy dwukierunkowy si\u0142ownik hydrauliczny t\u0142okowy najwy\u017cszej jako\u015bci"},"content":{"rendered":"<p>Dwukierunkowy si\u0142ownik hydrauliczny z t\u0142okiem miniaturowym najwy\u017cszej jako\u015bci. Dwukierunkowy si\u0142ownik hydrauliczny z t\u0142okiem miniaturowym najwy\u017cszej jako\u015bci to produkt najwy\u017cszej klasy, zaprojektowany z my\u015bl\u0105 o optymalnej wydajno\u015bci i trwa\u0142o\u015bci. Ten si\u0142ownik hydrauliczny zosta\u0142 wykonany z wysokiej jako\u015bci materia\u0142\u00f3w i z precyzj\u0105 wykonania, aby zapewni\u0107 niezawodn\u0105 i stabiln\u0105 prac\u0119 nawet w najbardziej wymagaj\u0105cych zastosowaniach.<\/p>\n<p>Cylinder t\u0142okowy charakteryzuje si\u0119 kompaktow\u0105 konstrukcj\u0105, kt\u00f3ra umo\u017cliwia \u0142atw\u0105 instalacj\u0119 i efektywne wykorzystanie przestrzeni. Dwukierunkowy mechanizm zapewnia wyj\u0105tkow\u0105 kontrol\u0119 i precyzj\u0119, dzi\u0119ki czemu idealnie nadaje si\u0119 do szerokiego zakresu zastosowa\u0144 przemys\u0142owych i komercyjnych.<\/p>\n<p>Opr\u00f3cz doskona\u0142ej wydajno\u015bci, ten wysokiej jako\u015bci miniaturowy dwukierunkowy si\u0142ownik hydrauliczny z t\u0142okiem hydraulicznym zosta\u0142 r\u00f3wnie\u017c zaprojektowany z my\u015bl\u0105 o bezpiecze\u0144stwie. Jego zaawansowane funkcje i solidna konstrukcja gwarantuj\u0105, \u017ce wytrzyma nawet najtrudniejsze warunki i zachowa optymaln\u0105 wydajno\u015b\u0107 przez d\u0142ugi czas.<\/p>\n<p>Podsumowuj\u0105c, wysokiej jako\u015bci miniaturowy dwukierunkowy si\u0142ownik hydrauliczny z t\u0142okiem oferuje niezr\u00f3wnan\u0105 warto\u015b\u0107 i wydajno\u015b\u0107 w ka\u017cdym zastosowaniu wymagaj\u0105cym niezawodnego i wydajnego uk\u0142adu hydraulicznego. Niezale\u017cnie od tego, czy pracujesz w przemy\u015ble wytw\u00f3rczym, budowlanym, czy w innej bran\u017cy wymagaj\u0105cej wysokiej jako\u015bci sprz\u0119tu hydraulicznego, ten si\u0142ownik t\u0142okowy to idealny wyb\u00f3r. Do\u015bwiadcz najwy\u017cszej jako\u015bci dzia\u0142ania z naszym nowym miniaturowym dwukierunkowym si\u0142ownikiem hydraulicznym z t\u0142okiem. Ten najwy\u017cszej klasy produkt oferuje niezr\u00f3wnan\u0105 jako\u015b\u0107 i zosta\u0142 zaprojektowany z my\u015bl\u0105 o r\u00f3\u017cnorodnych wymaganiach przemys\u0142owych. Nasz si\u0142ownik hydrauliczny z t\u0142okiem zosta\u0142 zaprojektowany z my\u015bl\u0105 o niezawodnej pracy i wyj\u0105tkowej trwa\u0142o\u015bci, co czyni go niezb\u0119dnym elementem dla warsztat\u00f3w naprawczych maszyn, gospodarstw rolnych, przemys\u0142u energetycznego i g\u00f3rniczego, produkcji maszyn i fabryk maszyn.<\/p>\n<h2>Cechy produktu<\/h2>\n<h3>Wysoka jako\u015b\u0107 i trwa\u0142o\u015b\u0107<\/h3>\n<p>Nasz hydrauliczny si\u0142ownik t\u0142okowy wykonany jest z najwy\u017cszej jako\u015bci stali, co gwarantuje trwa\u0142o\u015b\u0107 i solidn\u0105 wydajno\u015b\u0107. Maksymalna si\u0142a ci\u0105gu i uci\u0105gu wynosi odpowiednio 3000 i 20 ton, co czyni go wydajnym i mocnym narz\u0119dziem do ci\u0119\u017ckich prac.<\/p>\n<h3>Specyfikacje standardowe<\/h3>\n<p>Produkt zosta\u0142 zaprojektowany zgodnie ze standardowymi specyfikacjami, co zapewnia \u0142atw\u0105 kompatybilno\u015b\u0107 z r\u00f3\u017cnymi zastosowaniami. Oferuje \u015brednic\u0119 otworu od 2 do 6 cali, rozmiar t\u0142oczyska od 1,125 do 4 cali, skok t\u0142oka od 4 do 100 cali oraz rozmiar sworznia od 0,5 do 2 cali. Produkt jest dost\u0119pny w eleganckim czarnym kolorze, co opr\u00f3cz doskona\u0142ej funkcjonalno\u015bci czyni go atrakcyjnym wizualnie.<\/p>\n<h3>Zapewnienie jako\u015bci<\/h3>\n<p>Nasz hydrauliczny si\u0142ownik t\u0142okowy posiada certyfikat ISO9001:2000, co gwarantuje jego najwy\u017csz\u0105 jako\u015b\u0107 i niezawodno\u015b\u0107. Udzielamy rocznej gwarancji na produkt i jego g\u0142\u00f3wne komponenty, zapewniaj\u0105c naszym klientom spok\u00f3j ducha.<\/p>\n<p><img decoding=\"async\" title=\"Si\u0142ownik hydrauliczny p\u0142ugu \u015bnie\u017cnego\" src=\"https:\/\/hzpt.com\/wp-content\/uploads\/2023\/11\/Snow-Plow-Hydraulic-Cylinder-2.webp\" alt=\"Si\u0142ownik hydrauliczny p\u0142ugu \u015bnie\u017cnego\" \/><\/p>\n<h2>Zalety regulowanych cylindr\u00f3w typu wide\u0142kowego<\/h2>\n<p>Regulowane cylindry wide\u0142kowe, takie jak miniaturowy dwukierunkowy si\u0142ownik hydrauliczny Superior Quality, oferuj\u0105 szereg wyj\u0105tkowych zalet w r\u00f3\u017cnych zastosowaniach. Cylindry te charakteryzuj\u0105 si\u0119 unikaln\u0105 konstrukcj\u0105 i funkcjonalno\u015bci\u0105, kt\u00f3ra wyr\u00f3\u017cnia je na tle konwencjonalnych cylindr\u00f3w hydraulicznych. W tym artykule szczeg\u00f3\u0142owo om\u00f3wimy te zalety, podkre\u015blaj\u0105c korzy\u015bci, jakie przynosz\u0105 one w r\u00f3\u017cnych bran\u017cach i zastosowaniach.<\/p>\n<h3>1. Wi\u0119ksza elastyczno\u015b\u0107 i mo\u017cliwo\u015b\u0107 personalizacji<\/h3>\n<p>Jedn\u0105 z kluczowych zalet regulowanych si\u0142ownik\u00f3w z wide\u0142kami jest ich zwi\u0119kszona elastyczno\u015b\u0107 i mo\u017cliwo\u015bci personalizacji. W przeciwie\u0144stwie do standardowych si\u0142ownik\u00f3w, si\u0142owniki te oferuj\u0105 regulowane mocowania wide\u0142kowe, umo\u017cliwiaj\u0105ce \u0142atwy monta\u017c i demonta\u017c. Funkcja ta umo\u017cliwia szybk\u0105 i \u0142atw\u0105 regulacj\u0119 po\u0142o\u017cenia, d\u0142ugo\u015bci i orientacji si\u0142ownika, zapewniaj\u0105c wi\u0119ksz\u0105 elastyczno\u015b\u0107 w r\u00f3\u017cnych zastosowaniach.<\/p>\n<p>Dzi\u0119ki wysokiej jako\u015bci miniaturowemu dwukierunkowemu si\u0142ownikowi hydraulicznemu z t\u0142okiem hydraulicznym u\u017cytkownicy mog\u0105 \u0142atwo dostosowa\u0107 mocowanie wide\u0142kowe do konkretnych wymaga\u0144. Ta elastyczno\u015b\u0107 sprawia, \u017ce \u200b\u200bsi\u0142owniki te nadaj\u0105 si\u0119 do szerokiego zakresu zastosowa\u0144, w tym do maszyn przemys\u0142owych, sprz\u0119tu rolniczego i pojazd\u00f3w budowlanych.<\/p>\n<h3>2. Ulepszona zdolno\u015b\u0107 obs\u0142ugi \u0142adunku<\/h3>\n<p>Regulowane cylindry wide\u0142kowe oferuj\u0105 r\u00f3wnie\u017c lepsz\u0105 obs\u0142ug\u0119 \u0142adunku w por\u00f3wnaniu z tradycyjnymi cylindrami. Konstrukcja tych cylindr\u00f3w zapewnia efektywne przenoszenie si\u0142y, umo\u017cliwiaj\u0105c efektywne podnoszenie ci\u0119\u017ckich \u0142adunk\u00f3w. T\u0142ok wewn\u0105trz cylindra zapewnia p\u0142ynny ruch, gwarantuj\u0105c precyzyjn\u0105 kontrol\u0119 i stabilno\u015b\u0107 podczas pracy.<\/p>\n<p>Dwukierunkowy si\u0142ownik hydrauliczny z t\u0142okiem miniaturowym o najwy\u017cszej jako\u015bci zosta\u0142 zaprojektowany z wysokiej jako\u015bci materia\u0142\u00f3w i przy u\u017cyciu zaawansowanych technik in\u017cynieryjnych, co pozwoli\u0142o na stworzenie wytrzyma\u0142ego i trwa\u0142ego si\u0142ownika, kt\u00f3ry z \u0142atwo\u015bci\u0105 poradzi sobie z du\u017cymi obci\u0105\u017ceniami. To sprawia, \u017ce \u200b\u200bjest to idealny wyb\u00f3r do zastosowa\u0144 wymagaj\u0105cych niezawodnego i wydajnego przenoszenia \u0142adunk\u00f3w, takich jak urz\u0105dzenia do transportu materia\u0142\u00f3w i systemy podnoszenia.<\/p>\n<h3>3. Optymalna wydajno\u015b\u0107 i efektywno\u015b\u0107<\/h3>\n<p>Kolejn\u0105 istotn\u0105 zalet\u0105 regulowanych si\u0142ownik\u00f3w wide\u0142kowych jest ich zdolno\u015b\u0107 do zapewnienia optymalnej wydajno\u015bci i sprawno\u015bci. Si\u0142owniki te zosta\u0142y zaprojektowane tak, aby zminimalizowa\u0107 straty energii i zmaksymalizowa\u0107 moc wyj\u015bciow\u0105, zapewniaj\u0105c wydajn\u0105 prac\u0119 i ni\u017csze koszty eksploatacji.<\/p>\n<p>Wysokiej jako\u015bci miniaturowy dwukierunkowy si\u0142ownik hydrauliczny z t\u0142okiem hydraulicznym wykorzystuje zaawansowan\u0105 technologi\u0119 hydrauliczn\u0105, w tym precyzyjne sterowanie zaworami i efektywne zarz\u0105dzanie przep\u0142ywem cieczy. Efektem jest poprawa og\u00f3lnej wydajno\u015bci systemu, zmniejszenie tarcia i zwi\u0119kszenie efektywno\u015bci energetycznej. W rezultacie si\u0142owniki te s\u0105 szeroko stosowane w zastosowaniach wymagaj\u0105cych wysokowydajnych i energooszcz\u0119dnych uk\u0142ad\u00f3w hydraulicznych, takich jak automatyzacja produkcji i maszyny przemys\u0142owe.<\/p>\n<h3>4. Wszechstronno\u015b\u0107 opcji monta\u017cu<\/h3>\n<p>Regulowane si\u0142owniki wide\u0142kowe oferuj\u0105 wszechstronno\u015b\u0107 opcji monta\u017cu, umo\u017cliwiaj\u0105c bezproblemow\u0105 integracj\u0119 z r\u00f3\u017cnymi systemami i konstrukcjami. Si\u0142owniki te mo\u017cna montowa\u0107 pionowo, poziomo lub pod dowolnym k\u0105tem, w zale\u017cno\u015bci od konkretnych wymaga\u0144 zastosowania.<\/p>\n<p>Wysokiej jako\u015bci miniaturowy dwukierunkowy si\u0142ownik hydrauliczny z t\u0142okiem jest dost\u0119pny z szeregiem akcesori\u00f3w i opcji monta\u017cowych, co zapewnia \u0142atwo\u015b\u0107 instalacji i kompatybilno\u015b\u0107 z r\u00f3\u017cnymi systemami. Ta wszechstronno\u015b\u0107 sprawia, \u017ce \u200b\u200bsi\u0142owniki te nadaj\u0105 si\u0119 do szerokiego spektrum bran\u017c, w tym motoryzacyjnej, lotniczej i morskiej.<\/p>\n<p>Podsumowuj\u0105c, regulowane si\u0142owniki wide\u0142kowe, takie jak wysokiej jako\u015bci miniaturowy dwukierunkowy si\u0142ownik hydrauliczny z t\u0142okiem, oferuj\u0105 liczne zalety pod wzgl\u0119dem elastyczno\u015bci, mo\u017cliwo\u015bci przenoszenia \u0142adunk\u00f3w, wydajno\u015bci i wszechstronno\u015bci. Si\u0142owniki te s\u0105 bardzo poszukiwane w r\u00f3\u017cnych bran\u017cach ze wzgl\u0119du na swoj\u0105 unikaln\u0105 konstrukcj\u0119 i funkcjonalno\u015b\u0107. Niezale\u017cnie od tego, czy chodzi o maszyny przemys\u0142owe, urz\u0105dzenia do transportu materia\u0142\u00f3w, czy inne zastosowania wymagaj\u0105ce niezawodnych i wydajnych uk\u0142ad\u00f3w hydraulicznych, regulowane si\u0142owniki wide\u0142kowe okazuj\u0105 si\u0119 doskona\u0142ym wyborem.<\/p>\n<h3>O firmie FMP \u2013 Wysokiej jako\u015bci si\u0142owniki hydrauliczne do maszyn budowlanych<\/h3>\n<p>Szukasz wysokiej jako\u015bci si\u0142ownik\u00f3w hydraulicznych do maszyn budowlanych? Nie szukaj dalej ni\u017c FMP, wiod\u0105ca firma z siedzib\u0105 we W\u0142oszech, kt\u00f3ra specjalizuje si\u0119 w sprzeda\u017cy i serwisie cz\u0119\u015bci maszyn budowlanych i kompletnych maszyn.<\/p>\n<p>W FMP jeste\u015bmy zobowi\u0105zani do dostarczania naszym klientom niezawodnych i wydajnych rozwi\u0105za\u0144 dla ich potrzeb w zakresie maszyn budowlanych. Nasza oferta obejmuje szerok\u0105 gam\u0119 maszyn budowlanych, przek\u0142adni maszyn rolniczych, przek\u0142adni planetarnych, przek\u0142adni przemys\u0142owych i najwy\u017cszej klasy akcesori\u00f3w, kt\u00f3re do nich pasuj\u0105.<\/p>\n<p>Oto niekt\u00f3re zalety wyboru FMP w zakresie cylindr\u00f3w hydraulicznych:<\/p>\n<p>1. Produkty wysokiej jako\u015bci: Wszystkie nasze produkty pochodz\u0105 od sprawdzonych dostawc\u00f3w, co gwarantuje, \u017ce nasi klienci otrzymuj\u0105 wy\u0142\u0105cznie produkty najwy\u017cszej jako\u015bci, spe\u0142niaj\u0105ce rygorystyczne standardy jako\u015bci.<\/p>\n<p>2. Zesp\u00f3\u0142 profesjonalist\u00f3w: Nasz do\u015bwiadczony i profesjonalny zesp\u00f3\u0142 sprzeda\u017cy zna trendy rozwojowe i potrzeby klient\u00f3w w bran\u017cy maszyn budowlanych i mo\u017ce zapewni\u0107 kompleksowe doradztwo w zakresie produkt\u00f3w oraz udzieli\u0107 przemy\u015blanych sugestii dotycz\u0105cych zakup\u00f3w.<\/p>\n<p>3. Wydajny system dystrybucji logistycznej: Posiadamy wydajny system dystrybucji logistycznej, kt\u00f3ry gwarantuje terminow\u0105 i dok\u0142adn\u0105 dostaw\u0119 produkt\u00f3w do naszych klient\u00f3w.<\/p>\n<p>4. Konkurencyjne ceny: Oferujemy konkurencyjne ceny naszych produkt\u00f3w, nie rezygnuj\u0105c przy tym z jako\u015bci.<\/p>\n<p>5. Personalizacja: Oferujemy opcje personalizacji naszych cylindr\u00f3w hydraulicznych, aby spe\u0142ni\u0107 wyj\u0105tkowe potrzeby naszych klient\u00f3w.<\/p>\n<p>Nasze cylindry hydrauliczne, takie jak Adjustable Clevis Type Cylinder (przedstawiony poni\u017cej), s\u0105 idealne do szerokiej gamy zastosowa\u0144 w maszynach budowlanych. Dzi\u0119ki naszemu zaanga\u017cowaniu w jako\u015b\u0107 i zadowolenie klienta mo\u017cesz zaufa\u0107 FMP w zakresie wszystkich potrzeb zwi\u0105zanych z cylindrami hydraulicznymi.<\/p>\n<p><img decoding=\"async\" src=\"https:\/\/fmp-components.com\/wp-content\/uploads\/2024\/12\/Adjustable-Clevis-Type-Cylinders-6.webp\" alt=\"Regulowany cylinder typu wide\u0142kowego\" width=\"810\" title=\"\"><\/p>\n<h2>Cz\u0119sto zadawane pytania<\/h2>\n<ol>\n<li style=\"list-style-type: none;\">\n<ol>\n<li>P: Czy jeste\u015b firm\u0105 handlow\u0105 czy producentem? O: Jeste\u015bmy fabryk\u0105.<\/li>\n<li>P: Jak d\u0142ugi jest czas dostawy? O: Zazwyczaj wynosi on 25\u201335 dni.<\/li>\n<li>P: Czy udost\u0119pniacie pr\u00f3bki? Czy s\u0105 one bezp\u0142atne, czy dodatkowo p\u0142atne? O: Tak, mogliby\u015bmy zaoferowa\u0107 pr\u00f3bk\u0119, ale nie jest ona bezp\u0142atna.<\/li>\n<\/ol>\n<\/li>\n<\/ol>\n<ol>\n<li><img decoding=\"async\" title=\"Si\u0142ownik hydrauliczny p\u0142ugu \u015bnie\u017cnego\" src=\"https:\/\/hzpt.com\/wp-content\/uploads\/2023\/11\/Snow-Plow-Hydraulic-Cylinder-1.webp\" alt=\"Si\u0142ownik hydrauliczny p\u0142ugu \u015bnie\u017cnego\" \/><\/li>\n<\/ol>\n<p>Autor: CX<\/p>","protected":false},"excerpt":{"rendered":"<p>Superior Quality Mini Two Way Hydraulic Piston CylinderThe Superior Quality Mini Two Way Hydraulic Piston Cylinder is a top-of-the-line product designed for optimal performance and durability. This hydraulic cylinder is built with high-quality materials and precision engineering to ensure reliable and consistent operation in even the most demanding applications. The piston cylinder features a compact [&hellip;]<\/p>","protected":false},"featured_media":1465,"comment_status":"closed","ping_status":"closed","template":"","meta":{"_et_pb_use_builder":"","_et_pb_old_content":"","_et_gb_content_width":""},"product_brand":[],"product_cat":[42],"product_tag":[34,44],"class_list":{"0":"post-1464","1":"product","2":"type-product","3":"status-publish","4":"has-post-thumbnail","6":"product_cat-snow-plow-hydraulic-cylinder","7":"product_tag-hydraulic-cylinder","8":"product_tag-snow-plow-hydraulic-cylinder","10":"first","11":"instock","12":"product-type-simple"},"_links":{"self":[{"href":"https:\/\/fmp-components.com\/pl\/wp-json\/wp\/v2\/product\/1464","targetHints":{"allow":["GET"]}}],"collection":[{"href":"https:\/\/fmp-components.com\/pl\/wp-json\/wp\/v2\/product"}],"about":[{"href":"https:\/\/fmp-components.com\/pl\/wp-json\/wp\/v2\/types\/product"}],"replies":[{"embeddable":true,"href":"https:\/\/fmp-components.com\/pl\/wp-json\/wp\/v2\/comments?post=1464"}],"wp:featuredmedia":[{"embeddable":true,"href":"https:\/\/fmp-components.com\/pl\/wp-json\/wp\/v2\/media\/1465"}],"wp:attachment":[{"href":"https:\/\/fmp-components.com\/pl\/wp-json\/wp\/v2\/media?parent=1464"}],"wp:term":[{"taxonomy":"product_brand","embeddable":true,"href":"https:\/\/fmp-components.com\/pl\/wp-json\/wp\/v2\/product_brand?post=1464"},{"taxonomy":"product_cat","embeddable":true,"href":"https:\/\/fmp-components.com\/pl\/wp-json\/wp\/v2\/product_cat?post=1464"},{"taxonomy":"product_tag","embeddable":true,"href":"https:\/\/fmp-components.com\/pl\/wp-json\/wp\/v2\/product_tag?post=1464"}],"curies":[{"name":"wp","href":"https:\/\/api.w.org\/{rel}","templated":true}]}}