{"id":1462,"date":"2024-12-23T05:49:26","date_gmt":"2024-12-23T05:49:26","guid":{"rendered":"https:\/\/fmp-components.com\/product\/premium-quality-mini-two-way-hydraulic-piston-cylinder-for-snow-plow\/"},"modified":"2024-12-23T06:45:59","modified_gmt":"2024-12-23T06:45:59","slug":"premium-quality-mini-two-way-hydraulic-piston-cylinder-for-snow-plow","status":"publish","type":"product","link":"https:\/\/fmp-components.com\/pl\/product\/premium-quality-mini-two-way-hydraulic-piston-cylinder-for-snow-plow\/","title":{"rendered":"Wysokiej jako\u015bci miniaturowy dwukierunkowy si\u0142ownik hydrauliczny do p\u0142uga \u015bnie\u017cnego"},"content":{"rendered":"<h2>Wysokiej jako\u015bci miniaturowy dwukierunkowy si\u0142ownik hydrauliczny do p\u0142uga \u015bnie\u017cnego<\/h2>\n<p>Wysokiej jako\u015bci miniaturowy si\u0142ownik hydrauliczny dwukierunkowy do p\u0142uga \u015bnie\u017cnego to niezb\u0119dne narz\u0119dzie do wszelkich prac zwi\u0105zanych z od\u015bnie\u017caniem. Ten wysokiej jako\u015bci si\u0142ownik hydrauliczny zosta\u0142 specjalnie zaprojektowany, aby zapewni\u0107 doskona\u0142\u0105 wydajno\u015b\u0107 w trudnych warunkach zimowych.<\/p>\n<p>Wykonany z materia\u0142\u00f3w najwy\u017cszej jako\u015bci, ten si\u0142ownik hydrauliczny zosta\u0142 zaprojektowany tak, aby wytrzyma\u0107 najtrudniejsze warunki pogodowe, zapewniaj\u0105c maksymaln\u0105 trwa\u0142o\u015b\u0107 i niezawodno\u015b\u0107. Dwukierunkowa konstrukcja si\u0142ownika zapewnia p\u0142ynn\u0105 i wydajn\u0105 prac\u0119, dzi\u0119ki czemu jest \u0142atwy w u\u017cyciu zar\u00f3wno do od\u015bnie\u017cania komercyjnego, jak i prywatnego.<\/p>\n<p>Cylinder t\u0142okowy zosta\u0142 zaprojektowany tak, aby zapewni\u0107 maksymaln\u0105 moc i wydajno\u015b\u0107, umo\u017cliwiaj\u0105c szybkie i wydajne od\u015bnie\u017canie. Dzi\u0119ki kompaktowym rozmiarom i lekkiej konstrukcji urz\u0105dzenie jest \u0142atwe w transporcie i przechowywaniu, dzi\u0119ki czemu jest to wygodne narz\u0119dzie, kt\u00f3re zawsze warto mie\u0107 pod r\u0119k\u0105.<\/p>\n<p>Podsumowuj\u0105c, wysokiej jako\u015bci miniaturowy si\u0142ownik hydrauliczny dwukierunkowy do p\u0142uga \u015bnie\u017cnego to doskona\u0142a inwestycja dla ka\u017cdego, kto potrzebuje niezawodnego i trwa\u0142ego narz\u0119dzia do od\u015bnie\u017cania. Jego wysoka jako\u015b\u0107 wykonania, wydajna praca i doskona\u0142e osi\u0105gi sprawiaj\u0105, \u017ce jest to idealny wyb\u00f3r dla ka\u017cdego, kto potrzebuje od\u015bnie\u017carki.<\/p>\n<h2>Przedstawiamy miniaturowy dwukierunkowy si\u0142ownik hydrauliczny t\u0142okowy do p\u0142ug\u00f3w \u015bnie\u017cnych<\/h2>\n<p>Przedstawiamy nasz doskonale zaprojektowany, miniaturowy, dwukierunkowy hydrauliczny si\u0142ownik t\u0142okowy do p\u0142ug\u00f3w \u015bnie\u017cnych. Ten produkt najwy\u017cszej jako\u015bci zosta\u0142 zaprojektowany i opracowany z najwy\u017csz\u0105 precyzj\u0105, aby zapewni\u0107 wysok\u0105 niezawodno\u015b\u0107 i doskona\u0142\u0105 wydajno\u015b\u0107. Dzi\u0119ki solidnej konstrukcji i hydraulicznemu uk\u0142adowi nap\u0119dowemu, ten si\u0142ownik t\u0142okowy idealnie nadaje si\u0119 do ci\u0119\u017ckich prac od\u015bnie\u017cania w najtrudniejszych warunkach klimatycznych.<\/p>\n<h2>Cechy produktu<\/h2>\n<p>Miniaturowy dwukierunkowy si\u0142ownik hydrauliczny z t\u0142okiem ma stalowy korpus i standardow\u0105 konstrukcj\u0119, oferuj\u0105c maksymalny nacisk 3000 i maksymalny uci\u0105g 20 ton. \u015arednica cylindra wynosi od 2 do 6 cali, \u015brednica t\u0142oczyska od 1,125 do 4 cali, skok t\u0142oka od 4 do 100 cali, a \u015brednica sworznia od 0,5 do 2 cali. Produkt posiada certyfikat ISO 9001:2000, co gwarantuje jako\u015b\u0107 i niezawodno\u015b\u0107. Premiera nowego produktu planowana jest na 2023 rok.<\/p>\n<h2>Konserwacja i piel\u0119gnacja<\/h2>\n<p>Ten hydrauliczny si\u0142ownik t\u0142okowy zosta\u0142 zaprojektowany tak, aby wymaga\u0142 minimalnej konserwacji. Zaleca si\u0119 jednak regularne przegl\u0105dy w celu zapewnienia optymalnej wydajno\u015bci. G\u0142\u00f3wne komponenty tego produktu, w tym \u0142o\u017cysko i si\u0142ownik hydrauliczny, obj\u0119te s\u0105 roczn\u0105 gwarancj\u0105. Produkt jest r\u00f3wnie\u017c dostarczany z raportem z test\u00f3w maszynowych oraz wideo z inspekcji wyj\u015bciowej w celu zapewnienia jako\u015bci.<\/p>\n<h2>Zalety regulowanych cylindr\u00f3w typu wide\u0142kowego<\/h2>\n<p>Regulowane si\u0142owniki wide\u0142kowe, takie jak wysokiej jako\u015bci miniaturowy dwukierunkowy si\u0142ownik hydrauliczny z t\u0142okiem do p\u0142ug\u00f3w \u015bnie\u017cnych, oferuj\u0105 szereg istotnych zalet w r\u00f3\u017cnych zastosowaniach. Si\u0142owniki te zosta\u0142y zaprojektowane z precyzj\u0105 i zaawansowan\u0105 technologi\u0105, aby zapewni\u0107 doskona\u0142\u0105 wydajno\u015b\u0107 i trwa\u0142o\u015b\u0107. W tym artykule przyjrzymy si\u0119 zaletom regulowanych si\u0142ownik\u00f3w wide\u0142kowych i om\u00f3wimy ich unikalne cechy, kt\u00f3re czyni\u0105 je preferowanym wyborem w wielu bran\u017cach.<\/p>\n<h3>1. Wi\u0119ksza elastyczno\u015b\u0107 i zdolno\u015b\u0107 adaptacji<\/h3>\n<p>Jedn\u0105 z g\u0142\u00f3wnych zalet regulowanych si\u0142ownik\u00f3w wide\u0142kowych jest ich zwi\u0119kszona elastyczno\u015b\u0107 i zdolno\u015b\u0107 adaptacji. Si\u0142owniki te posiadaj\u0105 mocowanie wide\u0142kowe, kt\u00f3re umo\u017cliwia \u0142atw\u0105 regulacj\u0119 i monta\u017c na r\u00f3\u017cnych urz\u0105dzeniach lub maszynach. Ta wszechstronno\u015b\u0107 pozwala na ich wykorzystanie w szerokim zakresie zastosowa\u0144, takich jak p\u0142ugi \u015bnie\u017cne, maszyny rolnicze, maszyny budowlane i inne.<\/p>\n<h3>2. Precyzyjna i niezawodna kontrola<\/h3>\n<p>Regulowane si\u0142owniki wide\u0142kowe znane s\u0105 z wyj\u0105tkowej kontroli i precyzji. Dzi\u0119ki zaawansowanemu uk\u0142adowi hydraulicznemu i precyzyjnej konstrukcji, si\u0142owniki te oferuj\u0105 niezawodn\u0105 i precyzyjn\u0105 kontrol\u0119 nad ruchem i wywieran\u0105 si\u0142\u0105. Ten poziom kontroli jest kluczowy w zastosowaniach wymagaj\u0105cych precyzji, takich jak prace rolnicze, takie jak sadzenie czy zbiory, gdzie g\u0142\u0119boko\u015b\u0107 i po\u0142o\u017cenie musz\u0105 by\u0107 precyzyjnie kontrolowane.<\/p>\n<h3>3. Wysoka trwa\u0142o\u015b\u0107 i d\u0142ugowieczno\u015b\u0107<\/h3>\n<p>Zaprojektowane z najwy\u017cszej jako\u015bci materia\u0142\u00f3w i przy u\u017cyciu zaawansowanych technik produkcyjnych, regulowane si\u0142owniki wide\u0142kowe charakteryzuj\u0105 si\u0119 wyj\u0105tkow\u0105 trwa\u0142o\u015bci\u0105 i d\u0142ugowieczno\u015bci\u0105. Si\u0142owniki te wytrzymuj\u0105 du\u017ce obci\u0105\u017cenia, ekstremalne temperatury i trudne warunki pracy bez uszczerbku dla ich wydajno\u015bci. Zastosowanie wysokiej jako\u015bci uszczelnie\u0144 i komponent\u00f3w gwarantuje minimalne zu\u017cycie, redukuj\u0105c potrzeb\u0119 cz\u0119stej konserwacji lub wymiany.<\/p>\n<p><img decoding=\"async\" title=\"Si\u0142ownik hydrauliczny p\u0142ugu \u015bnie\u017cnego\" src=\"https:\/\/hzpt.com\/wp-content\/uploads\/2023\/11\/Snow-Plow-Hydraulic-Cylinder-1.webp\" alt=\"Si\u0142ownik hydrauliczny p\u0142ugu \u015bnie\u017cnego\" \/><\/p>\n<h3>4. Optymalna wydajno\u015b\u0107 i efektywno\u015b\u0107<\/h3>\n<p>Regulowane si\u0142owniki wide\u0142kowe zosta\u0142y zaprojektowane tak, aby zapewni\u0107 optymaln\u0105 wydajno\u015b\u0107 i efektywno\u015b\u0107. Uk\u0142ad hydrauliczny zapewnia p\u0142ynn\u0105 i wydajn\u0105 prac\u0119, minimalizuj\u0105c straty energii i maksymalizuj\u0105c wydajno\u015b\u0107. Precyzyjna kontrola nad ruchem i si\u0142\u0105 wywieran\u0105 przez si\u0142owniki pozwala na efektywne wykorzystanie zasob\u00f3w, co przek\u0142ada si\u0119 na oszcz\u0119dno\u015bci i popraw\u0119 og\u00f3lnej wydajno\u015bci.<\/p>\n<h3>5. Bezpiecze\u0144stwo i niezawodno\u015b\u0107<\/h3>\n<p>Zapewnienie bezpiecze\u0144stwa i niezawodno\u015bci jest niezwykle wa\u017cne w ka\u017cdym zastosowaniu przemys\u0142owym. Regulowane cylindry wide\u0142kowe s\u0105 wyposa\u017cone w takie zabezpieczenia, jak zawory bezpiecze\u0144stwa i mechanizmy zabezpieczaj\u0105ce przed przeci\u0105\u017ceniem. Cylindry te przechodz\u0105 rygorystyczne testy i kontrole jako\u015bci, aby zagwarantowa\u0107 ich niezawodno\u015b\u0107 i zgodno\u015b\u0107 z normami bran\u017cowymi, zapewniaj\u0105c u\u017cytkownikom spok\u00f3j ducha.<\/p>\n<p>Podsumowuj\u0105c, regulowane si\u0142owniki wide\u0142kowe, takie jak wysokiej jako\u015bci miniaturowy si\u0142ownik hydrauliczny dwukierunkowy z t\u0142okiem do p\u0142ug\u00f3w \u015bnie\u017cnych, oferuj\u0105 liczne korzy\u015bci pod wzgl\u0119dem elastyczno\u015bci, kontroli, trwa\u0142o\u015bci, wydajno\u015bci i bezpiecze\u0144stwa. Ich unikalna konstrukcja i zaawansowane funkcje sprawiaj\u0105, \u017ce s\u0105 one preferowanym wyborem w r\u00f3\u017cnych bran\u017cach. Niezale\u017cnie od tego, czy chodzi o p\u0142ugi \u015bnie\u017cne, maszyny rolnicze, czy sprz\u0119t budowlany, si\u0142owniki te zapewniaj\u0105 doskona\u0142\u0105 wydajno\u015b\u0107, trwa\u0142o\u015b\u0107 i wszechstronno\u015b\u0107, co czyni je idealnym wyborem do wymagaj\u0105cych zastosowa\u0144.<\/p>\n<h3>O firmie FMP \u2013 Profesjonalna sprzeda\u017c i serwis cz\u0119\u015bci do maszyn budowlanych i maszyn kompletnych<\/h3>\n<p>FMP to wiod\u0105ca firma z siedzib\u0105 we W\u0142oszech, specjalizuj\u0105ca si\u0119 w sprzeda\u017cy i serwisie cz\u0119\u015bci oraz kompletnych maszyn budowlanych. Dzi\u0119ki wieloletniemu do\u015bwiadczeniu w bran\u017cy i profesjonalnemu zespo\u0142owi, zapewniamy klientom wysokiej jako\u015bci i niezawodne rozwi\u0105zania.<\/p>\n<h3>Si\u0142ownik hydrauliczny \u2013 nasz produkt najwy\u017cszej jako\u015bci<\/h3>\n<p>Jednym z naszych najwy\u017cszej jako\u015bci produkt\u00f3w jest si\u0142ownik hydrauliczny. Oto kilka powod\u00f3w, dla kt\u00f3rych warto wybra\u0107 FMP do swoich potrzeb w zakresie si\u0142ownik\u00f3w hydraulicznych:<\/p>\n<ol>\n<li><strong>Materia\u0142y wysokiej jako\u015bci<\/strong>Nasze cylindry hydrauliczne wykonane s\u0105 z materia\u0142\u00f3w najwy\u017cszej jako\u015bci, co gwarantuje trwa\u0142o\u015b\u0107 i niezawodno\u015b\u0107.<\/li>\n<li><strong>Opcje dostosowywania<\/strong>:Oferujemy szereg opcji dostosowywanych do Twoich konkretnych potrzeb, w tym regulowane cylindry typu wide\u0142kowego, takie jak ten poni\u017cej.<\/li>\n<li><strong>Konsultacja ekspercka<\/strong>Nasz do\u015bwiadczony zesp\u00f3\u0142 sprzeda\u017cy zna trendy rozwojowe i potrzeby klient\u00f3w w bran\u017cy maszyn budowlanych. Zapewniamy profesjonalne doradztwo produktowe i trafne sugestie zakupowe.<\/li>\n<li><strong>Wydajny system dystrybucji logistycznej<\/strong>:Posiadamy wydajny system dystrybucji logistycznej, aby mie\u0107 pewno\u015b\u0107, \u017ce klienci otrzymaj\u0105 potrzebne cz\u0119\u015bci na czas i w odpowiedni spos\u00f3b.<\/li>\n<li><strong>Surowe standardy jako\u015bci<\/strong>:Nawi\u0105zuj\u0105c d\u0142ugotrwa\u0142e i stabilne relacje wsp\u00f3\u0142pracy z wieloma wysokiej jako\u015bci dostawcami w kraju i za granic\u0105, zapewniamy, \u017ce wszystkie dostarczane cz\u0119\u015bci spe\u0142niaj\u0105 rygorystyczne standardy jako\u015bci.<\/li>\n<\/ol>\n<p>Je\u015bli potrzebujesz cylindr\u00f3w hydraulicznych, wybierz FMP i przekonaj si\u0119 o r\u00f3\u017cnicy w jako\u015bci i obs\u0142udze.<\/p>\n<p><img decoding=\"async\" src=\"https:\/\/fmp-components.com\/wp-content\/uploads\/2024\/12\/Adjustable-Clevis-Type-Cylinders-6.webp\" alt=\"Regulowany cylinder typu wide\u0142kowego\" width=\"809\" title=\"\"><\/p>\n<h2>Cz\u0119sto zadawane pytania<\/h2>\n<h3>P: Czy jeste\u015b firm\u0105 handlow\u0105 lub produkcyjn\u0105?<\/h3>\n<p>A: Jeste\u015bmy fabryk\u0105. Wszystkie nasze produkty s\u0105 wytwarzane na miejscu, co gwarantuje jako\u015b\u0107 i niezawodno\u015b\u0107.<\/p>\n<h3>P: Jak d\u0142ugi jest czas dostawy?<\/h3>\n<p>A: Nasz standardowy czas dostawy wynosi 25\u201335 dni. Mo\u017ce si\u0119 on jednak r\u00f3\u017cni\u0107 w zale\u017cno\u015bci od produktu i ilo\u015bci zam\u00f3wienia.<\/p>\n<h3>P: Czy dostarczacie pr\u00f3bki?<\/h3>\n<p>A: Tak, udost\u0119pniamy pr\u00f3bki, ale nie s\u0105 one darmowe. Wierzymy w jako\u015b\u0107 naszych produkt\u00f3w i jeste\u015bmy pewni, \u017ce Ty r\u00f3wnie\u017c je polubisz, gdy ju\u017c ich spr\u00f3bujesz.<\/p>\n<p>Autor: CX<\/p>","protected":false},"excerpt":{"rendered":"<p>Wysokiej jako\u015bci miniaturowy si\u0142ownik hydrauliczny dwukierunkowy do p\u0142uga \u015bnie\u017cnego. Wysokiej jako\u015bci miniaturowy si\u0142ownik hydrauliczny dwukierunkowy do p\u0142uga \u015bnie\u017cnego to niezb\u0119dne narz\u0119dzie do wszelkich prac od\u015bnie\u017caj\u0105cych. Ten wysokiej jako\u015bci si\u0142ownik hydrauliczny zosta\u0142 specjalnie zaprojektowany, aby zapewni\u0107 doskona\u0142\u0105 wydajno\u015b\u0107 w trudnych warunkach zimowych. Wykonany z materia\u0142\u00f3w najwy\u017cszej jako\u015bci, si\u0142ownik hydrauliczny [\u2026]<\/p>","protected":false},"featured_media":1463,"comment_status":"closed","ping_status":"closed","template":"","meta":{"_et_pb_use_builder":"","_et_pb_old_content":"","_et_gb_content_width":""},"product_brand":[],"product_cat":[42],"product_tag":[34,44],"class_list":{"0":"post-1462","1":"product","2":"type-product","3":"status-publish","4":"has-post-thumbnail","6":"product_cat-snow-plow-hydraulic-cylinder","7":"product_tag-hydraulic-cylinder","8":"product_tag-snow-plow-hydraulic-cylinder","10":"first","11":"instock","12":"product-type-simple"},"_links":{"self":[{"href":"https:\/\/fmp-components.com\/pl\/wp-json\/wp\/v2\/product\/1462","targetHints":{"allow":["GET"]}}],"collection":[{"href":"https:\/\/fmp-components.com\/pl\/wp-json\/wp\/v2\/product"}],"about":[{"href":"https:\/\/fmp-components.com\/pl\/wp-json\/wp\/v2\/types\/product"}],"replies":[{"embeddable":true,"href":"https:\/\/fmp-components.com\/pl\/wp-json\/wp\/v2\/comments?post=1462"}],"wp:featuredmedia":[{"embeddable":true,"href":"https:\/\/fmp-components.com\/pl\/wp-json\/wp\/v2\/media\/1463"}],"wp:attachment":[{"href":"https:\/\/fmp-components.com\/pl\/wp-json\/wp\/v2\/media?parent=1462"}],"wp:term":[{"taxonomy":"product_brand","embeddable":true,"href":"https:\/\/fmp-components.com\/pl\/wp-json\/wp\/v2\/product_brand?post=1462"},{"taxonomy":"product_cat","embeddable":true,"href":"https:\/\/fmp-components.com\/pl\/wp-json\/wp\/v2\/product_cat?post=1462"},{"taxonomy":"product_tag","embeddable":true,"href":"https:\/\/fmp-components.com\/pl\/wp-json\/wp\/v2\/product_tag?post=1462"}],"curies":[{"name":"wp","href":"https:\/\/api.w.org\/{rel}","templated":true}]}}