{"id":1460,"date":"2024-12-23T05:49:26","date_gmt":"2024-12-23T05:49:26","guid":{"rendered":"https:\/\/fmp-components.com\/product\/guaranteed-quality-hydraulic-piston-cylinder-welded-snow-plow-hydraulic-cylinder\/"},"modified":"2024-12-23T06:43:05","modified_gmt":"2024-12-23T06:43:05","slug":"guaranteed-quality-hydraulic-piston-cylinder-welded-snow-plow-hydraulic-cylinder","status":"publish","type":"product","link":"https:\/\/fmp-components.com\/pl\/product\/guaranteed-quality-hydraulic-piston-cylinder-welded-snow-plow-hydraulic-cylinder\/","title":{"rendered":"Gwarantowana jako\u015b\u0107, spawany si\u0142ownik hydrauliczny do p\u0142uga \u015bnie\u017cnego"},"content":{"rendered":"<h2>Gwarantowana jako\u015b\u0107, spawany si\u0142ownik hydrauliczny do p\u0142uga \u015bnie\u017cnego<\/h2>\n<p>Przedstawiamy gwarantowan\u0105 jako\u015b\u0107 spawanego cylindra hydraulicznego do p\u0142ug\u00f3w \u015bnie\u017cnych z t\u0142okiem hydraulicznym:<\/p>\n<p>Gwarantowana jako\u015b\u0107, spawany si\u0142ownik hydrauliczny do p\u0142ug\u00f3w \u015bnie\u017cnych z cylindrem t\u0142okowym to produkt o wysokiej wydajno\u015bci, zaprojektowany specjalnie do p\u0142ug\u00f3w \u015bnie\u017cnych. Wykonany z precyzj\u0105, ten si\u0142ownik hydrauliczny gwarantuje doskona\u0142\u0105 trwa\u0142o\u015b\u0107 i niezawodno\u015b\u0107.<\/p>\n<p>Dzi\u0119ki spawanej konstrukcji, ten cylinder oferuje wyj\u0105tkow\u0105 wytrzyma\u0142o\u015b\u0107 i odporno\u015b\u0107 na du\u017ce obci\u0105\u017cenia i ekstremalne warunki pogodowe. Gwarantuje p\u0142ynn\u0105 prac\u0119 i precyzyjn\u0105 kontrol\u0119, umo\u017cliwiaj\u0105c wydajne i efektywne od\u015bnie\u017canie.<\/p>\n<p>Hydrauliczny t\u0142ok w tym cylindrze zapewnia du\u017c\u0105 si\u0142\u0119, dzi\u0119ki czemu p\u0142ug \u015bnie\u017cny radzi sobie nawet w najtrudniejszych warunkach. Jego zaawansowana konstrukcja gwarantuje optymaln\u0105 wydajno\u015b\u0107 i trwa\u0142o\u015b\u0107, co czyni go niezawodnym wyborem dla profesjonalist\u00f3w zajmuj\u0105cych si\u0119 od\u015bnie\u017caniem.<\/p>\n<p><img decoding=\"async\" title=\"Si\u0142ownik hydrauliczny p\u0142ugu \u015bnie\u017cnego\" src=\"https:\/\/hzpt.com\/wp-content\/uploads\/2023\/11\/Snow-Plow-Hydraulic-Cylinder-2.webp\" alt=\"Si\u0142ownik hydrauliczny p\u0142ugu \u015bnie\u017cnego\" \/><\/p>\n<p>Ten si\u0142ownik hydrauliczny nie tylko wyr\u00f3\u017cnia si\u0119 wydajno\u015bci\u0105, ale r\u00f3wnie\u017c priorytetowo traktuje bezpiecze\u0144stwo. Zosta\u0142 zaprojektowany zgodnie z surowymi normami jako\u015bci, aby zapewni\u0107 niezawodn\u0105 prac\u0119 i zapobiec potencjalnym zagro\u017ceniom.<\/p>\n<p>Gwarantowana jako\u015b\u0107, spawany si\u0142ownik hydrauliczny do p\u0142uga \u015bnie\u017cnego z cylindrem t\u0142okowym to doskona\u0142y wyb\u00f3r dla os\u00f3b poszukuj\u0105cych niezawodnego i wysokiej jako\u015bci rozwi\u0105zania do swojego sprz\u0119tu do od\u015bnie\u017cania. Jego wyj\u0105tkowa wydajno\u015b\u0107 i trwa\u0142o\u015b\u0107 sprawiaj\u0105, \u017ce jest to niezb\u0119dny element zapewniaj\u0105cy wydajne i skuteczne od\u015bnie\u017canie.<\/p>\n<h2>Przedstawiamy hydrauliczny cylinder t\u0142okowy spawany do p\u0142uga \u015bnie\u017cnego<\/h2>\n<p>Przedstawiamy spawany si\u0142ownik hydrauliczny do p\u0142ug\u00f3w \u015bnie\u017cnych z si\u0142ownikiem t\u0142okowym \u2013 najnowszy produkt w \u015bwiecie uk\u0142ad\u00f3w hydraulicznych. Ten najwy\u017cszej klasy produkt gwarantuje jako\u015b\u0107, trwa\u0142o\u015b\u0107 i wydajno\u015b\u0107, co czyni go prze\u0142omowym w bran\u017cy si\u0142ownik\u00f3w hydraulicznych.<\/p>\n<h2>Cechy produktu i konserwacja<\/h2>\n<p>Hydrauliczny si\u0142ownik t\u0142okowy zosta\u0142 zaprojektowany z my\u015bl\u0105 o najwy\u017cszej jako\u015bci. Jest to standardowy si\u0142ownik t\u0142okowy z korpusem wykonanym ze stali, zapewniaj\u0105cy wysok\u0105 odporno\u015b\u0107 na zu\u017cycie i d\u0142ug\u0105 \u017cywotno\u015b\u0107. Oferuje maksymaln\u0105 si\u0142\u0119 ci\u0105gu 3000 i maksymaln\u0105 si\u0142\u0119 uci\u0105gu 20 ton, dzi\u0119ki czemu idealnie nadaje si\u0119 do ci\u0119\u017ckich zada\u0144, takich jak od\u015bnie\u017canie.<\/p>\n<p>Ten mocny si\u0142ownik hydrauliczny jest wszechstronny i nadaje si\u0119 do r\u00f3\u017cnych zastosowa\u0144, ze \u015brednic\u0105 otworu 2-6 cali, rozmiarem t\u0142oczyska 1,125-4 cali, skokiem 4-100 cali i rozmiarem sworznia 0,5-2 cali. Czarny kolor nadaje mu elegancki i profesjonalny wygl\u0105d.<\/p>\n<p>Konserwacja tego si\u0142ownika hydraulicznego jest prosta. Jest on obj\u0119ty roczn\u0105 gwarancj\u0105 na g\u0142\u00f3wne elementy, takie jak \u0142o\u017cysko i sam si\u0142ownik hydrauliczny. Regularne przegl\u0105dy i terminowa wymiana tych g\u0142\u00f3wnych element\u00f3w zapewni\u0105 optymaln\u0105 wydajno\u015b\u0107 produktu przez d\u0142ugi czas.<\/p>\n<p><img decoding=\"async\" src=\"https:\/\/hzpt.com\/wp-content\/uploads\/2023\/11\/Snow-Plow-Hydraulic-Cylinder-4Factory.webp\" alt=\"Obraz fabryczny\" title=\"\"><\/p>\n<h2>Zalety regulowanych cylindr\u00f3w typu wide\u0142kowego<\/h2>\n<p>Regulowane cylindry wide\u0142kowe, takie jak spawany cylinder hydrauliczny do p\u0142ug\u00f3w \u015bnie\u017cnych z gwarantowan\u0105 jako\u015bci\u0105, oferuj\u0105 szereg wyj\u0105tkowych zalet w r\u00f3\u017cnych zastosowaniach. Cylindry te zosta\u0142y zaprojektowane z precyzj\u0105 i wiedz\u0105 specjalistyczn\u0105, aby zapewni\u0107 optymaln\u0105 wydajno\u015b\u0107 i niezawodno\u015b\u0107. W tym artykule szczeg\u00f3\u0142owo om\u00f3wimy unikalne cechy i zalety regulowanych cylindr\u00f3w wide\u0142kowych.<\/p>\n<p><strong>1. Wi\u0119ksza elastyczno\u015b\u0107 i zdolno\u015b\u0107 adaptacji<\/strong><\/p>\n<p>Jedn\u0105 z g\u0142\u00f3wnych zalet regulowanych si\u0142ownik\u00f3w z wide\u0142kami jest ich zwi\u0119kszona elastyczno\u015b\u0107 i zdolno\u015b\u0107 adaptacji do r\u00f3\u017cnych warunk\u00f3w pracy. Si\u0142owniki te s\u0105 wyposa\u017cone w regulowane mocowania wide\u0142kowe, co pozwala na \u0142atw\u0105 personalizacj\u0119 i regulacj\u0119 zgodnie z konkretnymi wymaganiami. Ta cecha umo\u017cliwia \u0142atw\u0105 integracj\u0119 si\u0142ownik\u00f3w z r\u00f3\u017cnymi systemami, co czyni je niezwykle wszechstronnymi i wydajnymi.<\/p>\n<p><strong>2. Optymalna no\u015bno\u015b\u0107<\/strong><\/p>\n<p>Gwarantowana jako\u015b\u0107, spawany si\u0142ownik hydrauliczny do p\u0142ug\u00f3w \u015bnie\u017cnych z cylindrem t\u0142okowym, zosta\u0142 zaprojektowany z my\u015bl\u0105 o wyj\u0105tkowej wydajno\u015bci. Dzi\u0119ki solidnej konstrukcji i zaawansowanej technologii hydraulicznej, si\u0142ownik ten z \u0142atwo\u015bci\u0105 radzi sobie z du\u017cymi obci\u0105\u017ceniami. Niezale\u017cnie od tego, czy jest stosowany w p\u0142ugach \u015bnie\u017cnych, czy w innych ci\u0119\u017ckich maszynach, si\u0142ownik ten jest odporny na wysokie ci\u015bnienia i zapewnia niezawodn\u0105 prac\u0119 nawet w trudnych warunkach.<\/p>\n<p><img decoding=\"async\" title=\"Si\u0142ownik hydrauliczny p\u0142ugu \u015bnie\u017cnego\" src=\"https:\/\/hzpt.com\/wp-content\/uploads\/2023\/11\/Snow-Plow-Hydraulic-Cylinder-1.webp\" alt=\"Si\u0142ownik hydrauliczny p\u0142ugu \u015bnie\u017cnego\" \/><\/p>\n<p><strong>3. Precyzyjna kontrola i p\u0142ynna obs\u0142uga<\/strong><\/p>\n<p>Regulowane si\u0142owniki wide\u0142kowe charakteryzuj\u0105 si\u0119 precyzyjn\u0105 kontrol\u0105 i p\u0142ynn\u0105 prac\u0105. Si\u0142owniki te s\u0105 wyposa\u017cone w zaawansowane uk\u0142ady hydrauliczne, kt\u00f3re zapewniaj\u0105 precyzyjne pozycjonowanie i kontrolowany ruch. Zastosowanie wysokiej jako\u015bci materia\u0142\u00f3w i precyzyjnych technik produkcji dodatkowo zwi\u0119ksza og\u00f3ln\u0105 wydajno\u015b\u0107, zapewniaj\u0105c p\u0142ynn\u0105 i wydajn\u0105 prac\u0119 w r\u00f3\u017cnych zastosowaniach.<\/p>\n<p><strong>4. Zwi\u0119kszona produktywno\u015b\u0107 i wydajno\u015b\u0107<\/strong><\/p>\n<p>Dzi\u0119ki zastosowaniu regulowanych si\u0142ownik\u00f3w wide\u0142kowych, przemys\u0142 mo\u017ce znacz\u0105co zwi\u0119kszy\u0107 produktywno\u015b\u0107 i wydajno\u015b\u0107. Si\u0142owniki te charakteryzuj\u0105 si\u0119 szybk\u0105 i \u0142atw\u0105 instalacj\u0105, co skraca przestoje i maksymalizuje czas sprawno\u015bci. Ich niezawodna wydajno\u015b\u0107 i wszechstronno\u015b\u0107 przyczyniaj\u0105 si\u0119 r\u00f3wnie\u017c do wzrostu wydajno\u015bci w r\u00f3\u017cnych procesach, prowadz\u0105c do poprawy produktywno\u015bci i efektywno\u015bci kosztowej.<\/p>\n<p><strong>5. Trwa\u0142o\u015b\u0107 i d\u0142ugowieczno\u015b\u0107<\/strong><\/p>\n<p>Gwarantowana jako\u015b\u0107. Spawany si\u0142ownik hydrauliczny do p\u0142uga \u015bnie\u017cnego z t\u0142okiem hydraulicznym jest wykonany z wysokiej jako\u015bci materia\u0142\u00f3w i poddawany rygorystycznym testom, aby zapewni\u0107 trwa\u0142o\u015b\u0107 i d\u0142ugowieczno\u015b\u0107. Si\u0142owniki te zosta\u0142y zaprojektowane tak, aby wytrzymywa\u0142y trudne warunki pracy i du\u017ce obci\u0105\u017cenia, dzi\u0119ki czemu s\u0105 niezwykle niezawodne i trwa\u0142e. Ta trwa\u0142o\u015b\u0107 eliminuje konieczno\u015b\u0107 cz\u0119stej wymiany, co obni\u017ca koszty konserwacji i zwi\u0119ksza og\u00f3ln\u0105 rentowno\u015b\u0107.<\/p>\n<p>Podsumowuj\u0105c, zalety regulowanych si\u0142ownik\u00f3w wide\u0142kowych, takich jak spawany si\u0142ownik hydrauliczny do p\u0142ug\u00f3w \u015bnie\u017cnych z gwarantowan\u0105 jako\u015bci\u0105, s\u0105 liczne. Ich zwi\u0119kszona elastyczno\u015b\u0107, optymalna no\u015bno\u015b\u0107, precyzyjna kontrola, zwi\u0119kszona wydajno\u015b\u0107 i trwa\u0142o\u015b\u0107 sprawiaj\u0105, \u017ce s\u0105 idealnym wyborem dla r\u00f3\u017cnych bran\u017c. W\u0142\u0105czenie tych si\u0142ownik\u00f3w do r\u00f3\u017cnych system\u00f3w mo\u017ce prowadzi\u0107 do poprawy wydajno\u015bci, efektywno\u015bci i ekonomiczno\u015bci. Wybierz regulowane si\u0142owniki wide\u0142kowe do swoich potrzeb hydraulicznych i przekonaj si\u0119 o ich zaletach na w\u0142asnej sk\u00f3rze.<\/p>\n<h3>O FMP<\/h3>\n<p><img decoding=\"async\" src=\"https:\/\/fmp-components.com\/wp-content\/uploads\/2024\/12\/Adjustable-Clevis-Type-Cylinders-6.webp\" alt=\"Regulowany cylinder typu wide\u0142kowego\" width=\"808\" title=\"\"><\/p>\n<p>FMP to wiod\u0105ca firma specjalizuj\u0105ca si\u0119 w produkcji i sprzeda\u017cy si\u0142ownik\u00f3w hydraulicznych. Dzi\u0119ki wieloletniemu do\u015bwiadczeniu w bran\u017cy i profesjonalnemu zespo\u0142owi, jeste\u015bmy w stanie dostarcza\u0107 naszym klientom wysokiej jako\u015bci i niezawodne si\u0142owniki hydrauliczne do r\u00f3\u017cnorodnych zastosowa\u0144 w przemy\u015ble maszyn budowlanych.<\/p>\n<p>1. Szeroka gama produkt\u00f3w: Oferujemy szerok\u0105 gam\u0119 si\u0142ownik\u00f3w hydraulicznych, w tym si\u0142owniki z regulowanym wide\u0142kiem, si\u0142owniki teleskopowe, si\u0142owniki spawane, si\u0142owniki z dr\u0105\u017ckiem \u015bci\u0105gaj\u0105cym i wiele innych. Niezale\u017cnie od Twoich indywidualnych potrzeb, mamy dla Ciebie odpowiednie rozwi\u0105zanie w zakresie si\u0142ownik\u00f3w hydraulicznych.<\/p>\n<p>2. Najwy\u017csza jako\u015b\u0107: W FMP priorytetowo traktujemy jako\u015b\u0107 i dbamy o to, aby wszystkie nasze si\u0142owniki hydrauliczne spe\u0142nia\u0142y surowe standardy jako\u015bci. Nawi\u0105zali\u015bmy d\u0142ugotrwa\u0142e i stabilne relacje z wysokiej jako\u015bci dostawcami, zar\u00f3wno krajowymi, jak i mi\u0119dzynarodowymi, aby zagwarantowa\u0107 trwa\u0142o\u015b\u0107 i wydajno\u015b\u0107 naszych produkt\u00f3w.<\/p>\n<p>3. Zesp\u00f3\u0142 ekspert\u00f3w ds. sprzeda\u017cy: Nasz do\u015bwiadczony i wykwalifikowany zesp\u00f3\u0142 sprzeda\u017cy doskonale zna najnowsze trendy bran\u017cowe i potrzeby klient\u00f3w. Ch\u0119tnie udzielimy profesjonalnej konsultacji produktowej i doradzimy w wyborze, aby pom\u00f3c Pa\u0144stwu dokona\u0107 najlepszego wyboru w zakresie maszyn budowlanych.<\/p>\n<p>4. Efektywna dystrybucja logistyczna: Rozumiemy wag\u0119 terminowych dostaw. Dzi\u0119ki naszemu efektywnemu systemowi dystrybucji logistycznej zapewniamy klientom terminowe i dok\u0142adne dostawy wymaganych cylindr\u00f3w hydraulicznych. Mo\u017cesz liczy\u0107 na nasz\u0105 szybk\u0105 i niezawodn\u0105 obs\u0142ug\u0119.<\/p>\n<p>5. Rozwi\u0105zania dostosowane do indywidualnych potrzeb: Rozumiemy, \u017ce ka\u017cdy projekt zwi\u0105zany z maszynami budowlanymi jest wyj\u0105tkowy. Dlatego oferujemy rozwi\u0105zania z zakresu si\u0142ownik\u00f3w hydraulicznych, kt\u00f3re mo\u017cna dostosowa\u0107 do indywidualnych potrzeb. Niezale\u017cnie od tego, czy potrzebujesz si\u0142ownika o okre\u015blonej d\u0142ugo\u015bci skoku, rodzaju mocowania, czy innych indywidualnych potrzeb, mo\u017cemy dostarczy\u0107 Ci rozwi\u0105zania dostosowane do Twoich potrzeb.<\/p>\n<p>Wsp\u00f3\u0142praca z FMP oznacza dost\u0119p do wysokiej jako\u015bci si\u0142ownik\u00f3w hydraulicznych, do\u015bwiadczonego zespo\u0142u sprzeda\u017cy, sprawnej logistyki i rozwi\u0105za\u0144 dostosowanych do indywidualnych potrzeb. Zaufaj nam \u2013 dostarczymy niezawodne i trwa\u0142e si\u0142owniki hydrauliczne, kt\u00f3rych potrzebujesz do swoich projekt\u00f3w zwi\u0105zanych z maszynami budowlanymi. Autor: CX<\/p>","protected":false},"excerpt":{"rendered":"<p>Guaranteed Quality Hydraulic Piston Cylinder Welded Snow Plow Hydraulic Cylinder Introducing Guaranteed Quality Hydraulic Piston Cylinder Welded Snow Plow Hydraulic Cylinder: The Guaranteed Quality Hydraulic Piston Cylinder Welded Snow Plow Hydraulic Cylinder is a high-performance product designed specifically for snow plows. Crafted with precision, this hydraulic cylinder ensures superior durability and reliability. With its welded [&hellip;]<\/p>","protected":false},"featured_media":1461,"comment_status":"closed","ping_status":"closed","template":"","meta":{"_et_pb_use_builder":"","_et_pb_old_content":"","_et_gb_content_width":""},"product_brand":[],"product_cat":[42],"product_tag":[34,44],"class_list":{"0":"post-1460","1":"product","2":"type-product","3":"status-publish","4":"has-post-thumbnail","6":"product_cat-snow-plow-hydraulic-cylinder","7":"product_tag-hydraulic-cylinder","8":"product_tag-snow-plow-hydraulic-cylinder","10":"first","11":"instock","12":"product-type-simple"},"_links":{"self":[{"href":"https:\/\/fmp-components.com\/pl\/wp-json\/wp\/v2\/product\/1460","targetHints":{"allow":["GET"]}}],"collection":[{"href":"https:\/\/fmp-components.com\/pl\/wp-json\/wp\/v2\/product"}],"about":[{"href":"https:\/\/fmp-components.com\/pl\/wp-json\/wp\/v2\/types\/product"}],"replies":[{"embeddable":true,"href":"https:\/\/fmp-components.com\/pl\/wp-json\/wp\/v2\/comments?post=1460"}],"wp:featuredmedia":[{"embeddable":true,"href":"https:\/\/fmp-components.com\/pl\/wp-json\/wp\/v2\/media\/1461"}],"wp:attachment":[{"href":"https:\/\/fmp-components.com\/pl\/wp-json\/wp\/v2\/media?parent=1460"}],"wp:term":[{"taxonomy":"product_brand","embeddable":true,"href":"https:\/\/fmp-components.com\/pl\/wp-json\/wp\/v2\/product_brand?post=1460"},{"taxonomy":"product_cat","embeddable":true,"href":"https:\/\/fmp-components.com\/pl\/wp-json\/wp\/v2\/product_cat?post=1460"},{"taxonomy":"product_tag","embeddable":true,"href":"https:\/\/fmp-components.com\/pl\/wp-json\/wp\/v2\/product_tag?post=1460"}],"curies":[{"name":"wp","href":"https:\/\/api.w.org\/{rel}","templated":true}]}}