{"id":1458,"date":"2024-12-23T05:49:26","date_gmt":"2024-12-23T05:49:26","guid":{"rendered":"https:\/\/fmp-components.com\/product\/factory-serving-small-hydraulic-cylinder-double-acting-hydraulic-cylinder-for-snow-plow\/"},"modified":"2024-12-23T06:39:29","modified_gmt":"2024-12-23T06:39:29","slug":"factory-serving-small-hydraulic-cylinder-double-acting-hydraulic-cylinder-for-snow-plow","status":"publish","type":"product","link":"https:\/\/fmp-components.com\/pl\/product\/factory-serving-small-hydraulic-cylinder-double-acting-hydraulic-cylinder-for-snow-plow\/","title":{"rendered":"Fabryka obs\u0142uguje ma\u0142y si\u0142ownik hydrauliczny Si\u0142ownik hydrauliczny dwustronnego dzia\u0142ania do p\u0142uga \u015bnie\u017cnego"},"content":{"rendered":"<h2>Fabryka obs\u0142uguje ma\u0142y si\u0142ownik hydrauliczny Si\u0142ownik hydrauliczny dwustronnego dzia\u0142ania do p\u0142uga \u015bnie\u017cnego<\/h2>\n<p>Ma\u0142y si\u0142ownik hydrauliczny dwustronnego dzia\u0142ania do p\u0142ug\u00f3w \u015bnie\u017cnych to wysokiej jako\u015bci si\u0142ownik hydrauliczny zaprojektowany specjalnie do stosowania w p\u0142ugach \u015bnie\u017cnych. Dzi\u0119ki dwustronnemu dzia\u0142aniu si\u0142ownik ten zapewnia moc i niezawodno\u015b\u0107, pomagaj\u0105c szybko i skutecznie usuwa\u0107 \u015bnieg i l\u00f3d.<\/p>\n<p>Wykonany z najwy\u017cszej jako\u015bci materia\u0142\u00f3w, ten si\u0142ownik hydrauliczny jest niezwykle trwa\u0142y. Jego kompaktowe rozmiary sprawiaj\u0105, \u017ce idealnie nadaje si\u0119 do mniejszych modeli p\u0142ug\u00f3w od\u015bnie\u017cnych, oferuj\u0105c rozwi\u0105zanie oszcz\u0119dzaj\u0105ce miejsce bez kompromis\u00f3w w zakresie wydajno\u015bci. Konstrukcja dwustronnego dzia\u0142ania zapewnia p\u0142ynn\u0105 i r\u00f3wnomiern\u0105 prac\u0119, umo\u017cliwiaj\u0105c precyzyjn\u0105 kontrol\u0119 i maksymaln\u0105 wydajno\u015b\u0107.<\/p>\n<p><img decoding=\"async\" title=\"Si\u0142ownik hydrauliczny p\u0142ugu \u015bnie\u017cnego\" src=\"https:\/\/hzpt.com\/wp-content\/uploads\/2023\/11\/Snow-Plow-Hydraulic-Cylinder-1.webp\" alt=\"Si\u0142ownik hydrauliczny p\u0142ugu \u015bnie\u017cnego\" \/><\/p>\n<p>Niezale\u017cnie od tego, czy jeste\u015b profesjonalnym dostawc\u0105 us\u0142ug od\u015bnie\u017cania, czy w\u0142a\u015bcicielem domu poszukuj\u0105cym skutecznego sposobu na od\u015bnie\u017cenie podjazdu, ma\u0142y si\u0142ownik hydrauliczny dwustronnego dzia\u0142ania Factory Serving do p\u0142ugu \u015bnie\u017cnego to niezawodne i skuteczne rozwi\u0105zanie. Dzi\u0119ki trwa\u0142ej konstrukcji i zaawansowanym funkcjom, ten si\u0142ownik hydrauliczny z pewno\u015bci\u0105 sprosta najtrudniejszym zimowym wymaganiom.<\/p>\n<div>\n<h2>Odkryj wydajny si\u0142ownik hydrauliczny dwustronnego dzia\u0142ania do Twojego p\u0142uga \u015bnie\u017cnego<\/h2>\n<p>Szukasz niezawodnego i wydajnego si\u0142ownika hydraulicznego do swojego p\u0142uga do od\u015bnie\u017cania? Zaufaj naszej fabryce! Oferujemy nowy i trwa\u0142y si\u0142ownik hydrauliczny z roczn\u0105 gwarancj\u0105, odpowiedni dla r\u00f3\u017cnych bran\u017c, w tym warsztat\u00f3w naprawczych maszyn, gospodarstw rolnych, energetyki i g\u00f3rnictwa, produkcji maszyn i fabryk maszyn.<\/p>\n<h2>Cechy produktu<\/h2>\n<ul>\n<li>Waga: 5,4 kg<\/li>\n<li>Wykonany z trwa\u0142ej stali<\/li>\n<li>Nap\u0119dzany hydraulicznie dla lepszej wydajno\u015bci i niezawodno\u015bci<\/li>\n<li>Maksymalny ci\u0105g: 3000<\/li>\n<li>Maksymalny uci\u0105g: 20 ton<\/li>\n<li>\u015arednica otworu: 2-6 cali<\/li>\n<li>Rozmiar pr\u0119ta: 1,125-4 cale<\/li>\n<li>Rozmiar skoku: 4-100 cali<\/li>\n<li>Rozmiar szpilki: 0,5-2 cale<\/li>\n<li>Kolor: czarny<\/li>\n<li>Certyfikacja: ISO9001:2000<\/li>\n<li>Opakowanie: skrzynia \u017celazna, skrzynia ze sklejki lub pude\u0142ko kartonowe<\/li>\n<\/ul>\n<p><img decoding=\"async\" src=\"https:\/\/hzpt.com\/wp-content\/uploads\/2023\/11\/Snow-Plow-Hydraulic-Cylinder-4Factory.webp\" alt=\"Zdj\u0119cie fabryczne\" title=\"\"><\/p>\n<\/div>\n<h2>Zalety regulowanych cylindr\u00f3w typu wide\u0142kowego<\/h2>\n<p>Regulowane cylindry wide\u0142kowe s\u0105 szeroko stosowane w r\u00f3\u017cnych ga\u0142\u0119ziach przemys\u0142u ze wzgl\u0119du na swoj\u0105 wszechstronno\u015b\u0107 i zalety. Oto kilka kluczowych zalet regulowanych cylindr\u00f3w wide\u0142kowych:<\/p>\n<h3>1. Wszechstronno\u015b\u0107<\/h3>\n<p>Jedn\u0105 z kluczowych zalet regulowanych si\u0142ownik\u00f3w wide\u0142kowych jest ich wszechstronno\u015b\u0107. Si\u0142owniki te mog\u0105 by\u0107 stosowane w szerokim zakresie zastosowa\u0144, co czyni je idealnym wyborem dla wielu bran\u017c. S\u0105 one powszechnie stosowane w takich zastosowaniach jak transport materia\u0142\u00f3w, sprz\u0119t budowlany i maszyny rolnicze.<\/p>\n<h3>2. Regulowana d\u0142ugo\u015b\u0107 skoku<\/h3>\n<p>Kolejn\u0105 istotn\u0105 zalet\u0105 regulowanych si\u0142ownik\u00f3w wide\u0142kowych jest ich regulowana d\u0142ugo\u015b\u0107 skoku. Oznacza to, \u017ce d\u0142ugo\u015b\u0107 skoku si\u0142ownika mo\u017cna \u0142atwo dostosowa\u0107 do konkretnych potrzeb danego zastosowania. Jest to szczeg\u00f3lnie korzystne w sytuacjach, gdy si\u0142ownik jest u\u017cywany w r\u00f3\u017cnych zastosowaniach o zr\u00f3\u017cnicowanych wymaganiach.<\/p>\n<h3>3. Wysoka \u0142adowno\u015b\u0107<\/h3>\n<p>Regulowane si\u0142owniki wide\u0142kowe zosta\u0142y zaprojektowane z my\u015bl\u0105 o du\u017cej no\u015bno\u015bci, dzi\u0119ki czemu nadaj\u0105 si\u0119 do zastosowa\u0144 wymagaj\u0105cych du\u017cej si\u0142y i ci\u015bnienia, na przyk\u0142ad w budowie ci\u0119\u017ckich maszyn.<\/p>\n<h3>4. Dwustronnego dzia\u0142ania lub jednostronnego dzia\u0142ania<\/h3>\n<p>Regulowane si\u0142owniki wide\u0142kowe mog\u0105 by\u0107 zaprojektowane jako si\u0142owniki dwustronnego dzia\u0142ania lub jednostronnego dzia\u0142ania, w zale\u017cno\u015bci od wymaga\u0144 zastosowania. Si\u0142owniki dwustronnego dzia\u0142ania s\u0105 powszechnie stosowane w zastosowaniach wymagaj\u0105cych zar\u00f3wno si\u0142y pchaj\u0105cej, jak i ci\u0105gn\u0105cej, natomiast si\u0142owniki jednostronnego dzia\u0142ania \u2013 w zastosowaniach wymagaj\u0105cych si\u0142y tylko w jednym kierunku.<\/p>\n<h3>5. Fabryka obs\u0142uguj\u0105ca ma\u0142e cylindry hydrauliczne<\/h3>\n<p>Regulowane si\u0142owniki wide\u0142kowe mog\u0105 by\u0107 produkowane w r\u00f3\u017cnych rozmiarach, dzi\u0119ki czemu nadaj\u0105 si\u0119 do r\u00f3\u017cnych zastosowa\u0144, w tym tych wymagaj\u0105cych ma\u0142ych si\u0142ownik\u00f3w hydraulicznych. S\u0105 one powszechnie stosowane w zastosowaniach wymagaj\u0105cych wysokiej precyzji i dok\u0142adno\u015bci, takich jak sprz\u0119t medyczny i instrumenty laboratoryjne.<\/p>\n<h3>6. Si\u0142ownik hydrauliczny dwustronnego dzia\u0142ania do p\u0142uga \u015bnie\u017cnego<\/h3>\n<p>Regulowane si\u0142owniki wide\u0142kowe s\u0105 powszechnie stosowane w p\u0142ugach \u015bnie\u017cnych ze wzgl\u0119du na ich zdolno\u015b\u0107 do zapewnienia du\u017cej si\u0142y i ci\u015bnienia. Si\u0142owniki hydrauliczne dwustronnego dzia\u0142ania s\u0105 stosowane w p\u0142ugach \u015bnie\u017cnych do podnoszenia i opuszczania lemiesza p\u0142uga, a jednocze\u015bnie zapewniaj\u0105 si\u0142\u0119 potrzebn\u0105 do jego przesuwania na boki.<\/p>\n<p>Podsumowuj\u0105c, regulowane si\u0142owniki wide\u0142kowe oferuj\u0105 szereg zalet, kt\u00f3re czyni\u0105 je idealnym wyborem do wielu zastosowa\u0144. Ich wszechstronno\u015b\u0107, regulowana d\u0142ugo\u015b\u0107 skoku, wysoka no\u015bno\u015b\u0107 oraz mo\u017cliwo\u015b\u0107 projektowania jako si\u0142owniki dwustronnego lub jednostronnego dzia\u0142ania sprawiaj\u0105, \u017ce nadaj\u0105 si\u0119 do szerokiej gamy bran\u017c i zastosowa\u0144. Dodatkowo, mo\u017cliwo\u015b\u0107 produkcji w r\u00f3\u017cnych rozmiarach, w tym ma\u0142ych si\u0142ownik\u00f3w hydraulicznych, sprawia, \u017ce \u200b\u200bs\u0105 popularnym wyborem do zastosowa\u0144 precyzyjnych.<\/p>\n<h3>O FMP \u2013 cylindrze hydraulicznym<\/h3>\n<p>FMP to wiod\u0105ca firma w sprzeda\u017cy i serwisie cz\u0119\u015bci oraz kompletnych maszyn budowlanych. Posiadamy wieloletnie do\u015bwiadczenie w bran\u017cy i zesp\u00f3\u0142 profesjonalnych ekspert\u00f3w, kt\u00f3rzy zapewniaj\u0105 wysokiej jako\u015bci i niezawodne cz\u0119\u015bci oraz kompletne rozwi\u0105zania do maszyn budowlanych. Nasza szeroka oferta produkt\u00f3w obejmuje przek\u0142adnie do maszyn rolniczych, przek\u0142adnie planetarne, przek\u0142adnie przemys\u0142owe, cz\u0119\u015bci do maszyn rolniczych oraz szereg wysokiej jako\u015bci akcesori\u00f3w do nich. Zale\u017cy nam na dostarczaniu klientom najlepszych produkt\u00f3w i us\u0142ug. Oto kilka powod\u00f3w, dla kt\u00f3rych warto wybra\u0107 si\u0142owniki hydrauliczne FMP:<\/p>\n<ol>\n<li><strong>Produkty wysokiej jako\u015bci i niezawodne:<\/strong> W FMP priorytetowo traktujemy jako\u015b\u0107 naszych produkt\u00f3w. Nawi\u0105zujemy d\u0142ugoterminowe i stabilne relacje z wysokiej jako\u015bci dostawcami z ca\u0142ego \u015bwiata. Wszystkie dostarczane przez nas cz\u0119\u015bci spe\u0142niaj\u0105 surowe standardy jako\u015bci.<\/li>\n<li><strong>Szeroka gama produkt\u00f3w:<\/strong> Oferujemy szerok\u0105 gam\u0119 si\u0142ownik\u00f3w hydraulicznych, zar\u00f3wno standardowych, jak i niestandardowych. Nasz regulowany si\u0142ownik wide\u0142kowy to popularny produkt, charakteryzuj\u0105cy si\u0119 wysok\u0105 wytrzyma\u0142o\u015bci\u0105 i mo\u017cliwo\u015bci\u0105 regulacji, co pozwala na dostosowanie go do r\u00f3\u017cnych potrzeb.<\/li>\n<li><strong>Profesjonalny zesp\u00f3\u0142 sprzeda\u017cy:<\/strong> Nasz zesp\u00f3\u0142 sprzeda\u017cy to do\u015bwiadczeni i wykwalifikowani specjali\u015bci w bran\u017cy maszyn budowlanych. Znaj\u0105 najnowsze trendy rozwojowe i potrzeby klient\u00f3w, oferuj\u0105c profesjonalne doradztwo produktowe i trafne sugestie zakupowe.<\/li>\n<li><strong>Efektywna dystrybucja logistyczna:<\/strong> Rozumiemy, \u017ce terminowa dostawa jest kluczowa dla naszych klient\u00f3w. Dlatego stworzyli\u015bmy wydajny system dystrybucji logistycznej, aby zapewni\u0107 klientom terminowe i dok\u0142adne dostawy potrzebnych cz\u0119\u015bci.<\/li>\n<li><strong>Konkurencyjne ceny:<\/strong> W FMP oferujemy konkurencyjne ceny bez kompromis\u00f3w w kwestii jako\u015bci. Dok\u0142adamy wszelkich stara\u0144, aby zapewni\u0107 klientom najlepszy stosunek jako\u015bci do ceny.<\/li>\n<\/ol>\n<p><img decoding=\"async\" src=\"https:\/\/fmp-components.com\/wp-content\/uploads\/2024\/12\/Adjustable-Clevis-Type-Cylinders-6.webp\" alt=\"Regulowany cylinder typu wide\u0142kowego\" width=\"807\" title=\"\"><\/p>\n<p>Zale\u017cy nam na dostarczaniu naszym klientom wysokiej jako\u015bci produkt\u00f3w i us\u0142ug. Jeste\u015bmy przekonani, \u017ce mo\u017cemy sprosta\u0107 Pa\u0144stwa potrzebom w zakresie cylindr\u00f3w hydraulicznych. Zach\u0119camy do kontaktu w celu uzyskania dalszych informacji lub z\u0142o\u017cenia zam\u00f3wienia.<\/p>\n<p>Autor: CX<\/p>","protected":false},"excerpt":{"rendered":"<p>Factory Serving Small Hydraulic Cylinder Double Acting Hydraulic Cylinder For Snow Plow Factory Serving Small Hydraulic Cylinder Double Acting Hydraulic Cylinder For Snow Plow is a high-quality hydraulic cylinder designed specifically for use in snow plows. With its double acting capability, this cylinder delivers powerful and reliable performance, helping to clear snow and ice quickly [&hellip;]<\/p>","protected":false},"featured_media":1459,"comment_status":"closed","ping_status":"closed","template":"","meta":{"_et_pb_use_builder":"","_et_pb_old_content":"","_et_gb_content_width":""},"product_brand":[],"product_cat":[42],"product_tag":[34,44],"class_list":{"0":"post-1458","1":"product","2":"type-product","3":"status-publish","4":"has-post-thumbnail","6":"product_cat-snow-plow-hydraulic-cylinder","7":"product_tag-hydraulic-cylinder","8":"product_tag-snow-plow-hydraulic-cylinder","10":"first","11":"instock","12":"product-type-simple"},"_links":{"self":[{"href":"https:\/\/fmp-components.com\/pl\/wp-json\/wp\/v2\/product\/1458","targetHints":{"allow":["GET"]}}],"collection":[{"href":"https:\/\/fmp-components.com\/pl\/wp-json\/wp\/v2\/product"}],"about":[{"href":"https:\/\/fmp-components.com\/pl\/wp-json\/wp\/v2\/types\/product"}],"replies":[{"embeddable":true,"href":"https:\/\/fmp-components.com\/pl\/wp-json\/wp\/v2\/comments?post=1458"}],"wp:featuredmedia":[{"embeddable":true,"href":"https:\/\/fmp-components.com\/pl\/wp-json\/wp\/v2\/media\/1459"}],"wp:attachment":[{"href":"https:\/\/fmp-components.com\/pl\/wp-json\/wp\/v2\/media?parent=1458"}],"wp:term":[{"taxonomy":"product_brand","embeddable":true,"href":"https:\/\/fmp-components.com\/pl\/wp-json\/wp\/v2\/product_brand?post=1458"},{"taxonomy":"product_cat","embeddable":true,"href":"https:\/\/fmp-components.com\/pl\/wp-json\/wp\/v2\/product_cat?post=1458"},{"taxonomy":"product_tag","embeddable":true,"href":"https:\/\/fmp-components.com\/pl\/wp-json\/wp\/v2\/product_tag?post=1458"}],"curies":[{"name":"wp","href":"https:\/\/api.w.org\/{rel}","templated":true}]}}