{"id":1456,"date":"2024-12-23T05:49:26","date_gmt":"2024-12-23T05:49:26","guid":{"rendered":"https:\/\/fmp-components.com\/product\/factory-price-small-hydraulic-piston-cylinder-hydraulic-cylinder-double-acting-for-snow-plow\/"},"modified":"2024-12-23T06:41:55","modified_gmt":"2024-12-23T06:41:55","slug":"factory-price-small-hydraulic-piston-cylinder-hydraulic-cylinder-double-acting-for-snow-plow","status":"publish","type":"product","link":"https:\/\/fmp-components.com\/pl\/product\/factory-price-small-hydraulic-piston-cylinder-hydraulic-cylinder-double-acting-for-snow-plow\/","title":{"rendered":"Cena fabryczna Ma\u0142y si\u0142ownik hydrauliczny Si\u0142ownik hydrauliczny dwustronnego dzia\u0142ania do p\u0142uga \u015bnie\u017cnego"},"content":{"rendered":"<p>Ma\u0142y si\u0142ownik hydrauliczny z t\u0142okiem w cenie fabrycznej, dwustronnego dzia\u0142ania do p\u0142ug\u00f3w \u015bnie\u017cnych. Ma\u0142y si\u0142ownik hydrauliczny z t\u0142okiem w cenie fabrycznej, dwustronnego dzia\u0142ania do p\u0142ug\u00f3w \u015bnie\u017cnych to wysokiej jako\u015bci si\u0142ownik hydrauliczny zaprojektowany specjalnie do stosowania w p\u0142ugach \u015bnie\u017cnych. Ten si\u0142ownik jest dwustronnego dzia\u0142ania, co oznacza, \u017ce \u200b\u200bzapewnia si\u0142\u0119 w obu kierunkach, dzi\u0119ki czemu idealnie nadaje si\u0119 do zastosowa\u0144, w kt\u00f3rych wymagana jest zar\u00f3wno si\u0142a pchania, jak i ci\u0105gni\u0119cia.<\/p>\n<p><img decoding=\"async\" title=\"Si\u0142ownik hydrauliczny p\u0142ugu \u015bnie\u017cnego\" src=\"https:\/\/hzpt.com\/wp-content\/uploads\/2023\/11\/Snow-Plow-Hydraulic-Cylinder-2.webp\" alt=\"Si\u0142ownik hydrauliczny p\u0142ugu \u015bnie\u017cnego\" \/><\/p>\n<p>Wykonany z trwa\u0142ych materia\u0142\u00f3w si\u0142ownik hydrauliczny jest odporny na trudne warunki panuj\u0105ce podczas od\u015bnie\u017cania. Jego kompaktowa konstrukcja u\u0142atwia monta\u017c i obs\u0142ug\u0119. Si\u0142ownik charakteryzuje si\u0119 r\u00f3wnie\u017c p\u0142ynn\u0105 prac\u0105, co gwarantuje wysok\u0105 wydajno\u015b\u0107.<\/p>\n<p>Jedn\u0105 z kluczowych zalet tego si\u0142ownika hydraulicznego jest jego cena fabryczna. Pomimo wysokiej jako\u015bci konstrukcji, jego cena jest konkurencyjna, co czyni go op\u0142acaln\u0105 opcj\u0105 dla producent\u00f3w i operator\u00f3w p\u0142ug\u00f3w \u015bnie\u017cnych.<\/p>\n<p>Podsumowuj\u0105c, ma\u0142y si\u0142ownik hydrauliczny dwustronnego dzia\u0142ania Factory Price z t\u0142okiem hydraulicznym do p\u0142ug\u00f3w \u015bnie\u017cnych to niezawodny, wydajny i ekonomiczny si\u0142ownik hydrauliczny, idealny do zastosowa\u0144 w p\u0142ugach \u015bnie\u017cnych. Jego solidna konstrukcja, p\u0142ynna praca i konkurencyjna cena sprawiaj\u0105, \u017ce jest on popularnym wyborem w\u015br\u00f3d producent\u00f3w i operator\u00f3w p\u0142ug\u00f3w \u015bnie\u017cnych. Przedstawiamy produkt, kt\u00f3ry idealnie \u0142\u0105czy wydajno\u015b\u0107, trwa\u0142o\u015b\u0107 i przyst\u0119pn\u0105 cen\u0119. Nasz ma\u0142y si\u0142ownik hydrauliczny zosta\u0142 zaprojektowany specjalnie do p\u0142ug\u00f3w \u015bnie\u017cnych, zapewniaj\u0105c p\u0142ynn\u0105 prac\u0119 nawet w najtrudniejszych warunkach pogodowych.<\/p>\n<h2>G\u0142\u00f3wne cechy<\/h2>\n<p>Ten dwustronnego dzia\u0142ania si\u0142ownik hydrauliczny oferuje szereg imponuj\u0105cych funkcji:<\/p>\n<ul>\n<li><strong>Moc:<\/strong> Hydrauliczny<\/li>\n<li><strong>Materia\u0142 korpusu:<\/strong> Stal<\/li>\n<li><strong>Maksymalny ci\u0105g:<\/strong> 3000<\/li>\n<li><strong>Porty:<\/strong> G\/SAE\/NPT\/M<\/li>\n<li><strong>Maksymalne poci\u0105gni\u0119cie:<\/strong> 20 ton<\/li>\n<li><strong>Orzecznictwo:<\/strong> Certyfikat ISO9001:2000<\/li>\n<\/ul>\n<p><img decoding=\"async\" src=\"https:\/\/hzpt.com\/wp-content\/uploads\/2023\/11\/Snow-Plow-Hydraulic-Cylinder-4Factory.webp\" alt=\"\" title=\"\"><\/p>\n<h2>Zalety regulowanych cylindr\u00f3w typu wide\u0142kowego<\/h2>\n<p>W \u015bwiecie uk\u0142ad\u00f3w hydraulicznych, regulowane si\u0142owniki wide\u0142kowe zyskuj\u0105 na popularno\u015bci ze wzgl\u0119du na swoje unikalne cechy i zalety. Si\u0142owniki te zosta\u0142y zaprojektowane z precyzj\u0105 i doskona\u0142o\u015bci\u0105 in\u017cyniersk\u0105, co czyni je idealnym wyborem do r\u00f3\u017cnych zastosowa\u0144. W tym wpisie na blogu przyjrzymy si\u0119 zaletom regulowanych si\u0142ownik\u00f3w wide\u0142kowych i zag\u0142\u0119bimy si\u0119 w ich zawi\u0142o\u015bci.<\/p>\n<p><strong>1. Wi\u0119ksza elastyczno\u015b\u0107:<\/strong> Jedn\u0105 z istotnych zalet regulowanych si\u0142ownik\u00f3w wide\u0142kowych jest ich zdolno\u015b\u0107 do zapewnienia wi\u0119kszej elastyczno\u015bci w uk\u0142adach hydraulicznych. Si\u0142owniki te zosta\u0142y zaprojektowane tak, aby umo\u017cliwi\u0107 \u0142atw\u0105 regulacj\u0119 po\u0142o\u017cenia wide\u0142ek, co pozwala na precyzyjne ustawienie i pozycjonowanie si\u0142ownika.<\/p>\n<p><strong>2. Optymalna wydajno\u015b\u0107:<\/strong> Regulowane si\u0142owniki wide\u0142kowe zapewniaj\u0105 optymaln\u0105 wydajno\u015b\u0107 dzi\u0119ki zaawansowanej konstrukcji. Si\u0142owniki te s\u0105 odporne na wysokie ci\u015bnienie i du\u017ce obci\u0105\u017cenia, zapewniaj\u0105c p\u0142ynn\u0105 i wydajn\u0105 prac\u0119 w r\u00f3\u017cnorodnych zastosowaniach. Niezale\u017cnie od tego, czy chodzi o podnoszenie ci\u0119\u017ckiego sprz\u0119tu, czy obs\u0142ug\u0119 p\u0142uga \u015bnie\u017cnego, si\u0142owniki te zapewniaj\u0105 wyj\u0105tkow\u0105 wydajno\u015b\u0107.<\/p>\n<p><strong>3. Wszechstronno\u015b\u0107:<\/strong> Kolejn\u0105 godn\u0105 uwagi zalet\u0105 regulowanych si\u0142ownik\u00f3w wide\u0142kowych jest ich wszechstronno\u015b\u0107. Znajduj\u0105 one zastosowanie w wielu ga\u0142\u0119ziach przemys\u0142u, w tym w budownictwie, rolnictwie i przemy\u015ble. Niezale\u017cnie od tego, czy potrzebujesz si\u0142ownika hydraulicznego do ma\u0142ego projektu, czy do du\u017cego zastosowania przemys\u0142owego, regulowane si\u0142owniki wide\u0142kowe spe\u0142ni\u0105 Twoje wymagania.<\/p>\n<p><strong>4. Trwa\u0142o\u015b\u0107:<\/strong> W przypadku uk\u0142ad\u00f3w hydraulicznych trwa\u0142o\u015b\u0107 ma kluczowe znaczenie. Regulowane si\u0142owniki wide\u0142kowe znane s\u0105 ze swojej wyj\u0105tkowej trwa\u0142o\u015bci i d\u0142ugowieczno\u015bci. Si\u0142owniki te s\u0105 wykonane z wysokiej jako\u015bci materia\u0142\u00f3w i poddawane rygorystycznym testom, aby zapewni\u0107 ich odporno\u015b\u0107 na trudne warunki \u015brodowiskowe i intensywne u\u017cytkowanie.<\/p>\n<p><strong>5. \u0141atwa konserwacja:<\/strong> Konserwacja uk\u0142ad\u00f3w hydraulicznych mo\u017ce by\u0107 skomplikowanym zadaniem, ale regulowane si\u0142owniki wide\u0142kowe upraszczaj\u0105 ten proces. Si\u0142owniki te zosta\u0142y zaprojektowane z my\u015bl\u0105 o \u0142atwej konserwacji, z takimi funkcjami jak \u0142atwo dost\u0119pne smarowniczki i zestawy uszczelnie\u0144. Dzi\u0119ki temu rutynowe przegl\u0105dy i naprawy s\u0105 bezproblemowe, oszcz\u0119dzaj\u0105c czas i wysi\u0142ek.<\/p>\n<p><strong>6. Oszcz\u0119dno\u015b\u0107:<\/strong> Wreszcie, co nie mniej wa\u017cne, regulowane si\u0142owniki wide\u0142kowe oferuj\u0105 ekonomiczne rozwi\u0105zanie do zastosowa\u0144 hydraulicznych. Si\u0142owniki te charakteryzuj\u0105 si\u0119 nisk\u0105 cen\u0105 fabryczn\u0105, co czyni je przyst\u0119pnym cenowo wyborem bez kompromis\u00f3w w zakresie jako\u015bci i wydajno\u015bci. Ich d\u0142uga \u017cywotno\u015b\u0107 i niskie wymagania konserwacyjne r\u00f3wnie\u017c przyczyniaj\u0105 si\u0119 do ich op\u0142acalno\u015bci.<\/p>\n<p>Podsumowuj\u0105c, regulowane si\u0142owniki wide\u0142kowe oferuj\u0105 liczne korzy\u015bci w uk\u0142adach hydraulicznych. Ich elastyczno\u015b\u0107, optymalna wydajno\u015b\u0107, wszechstronno\u015b\u0107, trwa\u0142o\u015b\u0107, \u0142atwo\u015b\u0107 konserwacji i op\u0142acalno\u015b\u0107 sprawiaj\u0105, \u017ce s\u0105 one doskona\u0142ym wyborem dla r\u00f3\u017cnych bran\u017c. Niezale\u017cnie od tego, czy potrzebujesz ma\u0142ego si\u0142ownika hydraulicznego z t\u0142okiem, czy si\u0142ownika dwustronnego dzia\u0142ania do p\u0142uga \u015bnie\u017cnego, regulowane si\u0142owniki wide\u0142kowe to rozwi\u0105zanie, na kt\u00f3re mo\u017cesz liczy\u0107.<\/p>\n<h3>O firmie FMP \u2013 Twoje rozwi\u0105zanie w zakresie wysokiej jako\u015bci cylindr\u00f3w hydraulicznych<\/h3>\n<p>Szukasz niezawodnych i wysokiej jako\u015bci si\u0142ownik\u00f3w hydraulicznych, kt\u00f3re sprawdz\u0105 si\u0119 nawet w najtrudniejszych warunkach? FMP to strza\u0142 w dziesi\u0105tk\u0119! Jako wiod\u0105cy dostawca cz\u0119\u015bci i kompletnych maszyn budowlanych, specjalizujemy si\u0119 w produkcji najwy\u017cszej klasy si\u0142ownik\u00f3w hydraulicznych, spe\u0142niaj\u0105cych wszelkie potrzeby budowlane.<\/p>\n<p>Oto kilka powod\u00f3w, dla kt\u00f3rych warto wybra\u0107 firm\u0119 FMP w zakresie cylindr\u00f3w hydraulicznych:<\/p>\n<p>1. <strong>Bezkonkurencyjna jako\u015b\u0107:<\/strong> W FMP traktujemy jako\u015b\u0107 powa\u017cnie. Pozyskujemy materia\u0142y wy\u0142\u0105cznie od renomowanych dostawc\u00f3w i dbamy o to, aby ka\u017cda butla opuszczaj\u0105ca nasz magazyn spe\u0142nia\u0142a nasze surowe standardy jako\u015bci.<\/p>\n<p>2. <strong>Szeroka gama produkt\u00f3w:<\/strong> Nasza oferta produkt\u00f3w jest szeroka i zr\u00f3\u017cnicowana, obejmuj\u0105c regulowane si\u0142owniki wide\u0142kowe, si\u0142owniki jednostronnego dzia\u0142ania, si\u0142owniki teleskopowe i wiele innych. Niezale\u017cnie od Twoich konkretnych potrzeb, mamy si\u0142ownik hydrauliczny, kt\u00f3ry spe\u0142ni Twoje oczekiwania.<\/p>\n<p>3. <strong>Zesp\u00f3\u0142 Profesjonalny:<\/strong> Nasz zesp\u00f3\u0142 ekspert\u00f3w ma du\u017ce do\u015bwiadczenie w bran\u017cy maszyn budowlanych i mo\u017ce zaoferowa\u0107 dostosowane do indywidualnych potrzeb konsultacje dotycz\u0105ce produkt\u00f3w oraz sugestie dotycz\u0105ce zakupu, aby mie\u0107 pewno\u015b\u0107, \u017ce otrzymasz odpowiedni si\u0142ownik hydrauliczny do swojego projektu.<\/p>\n<p>4. <strong>Efektywna logistyka:<\/strong> Rozumiemy, \u017ce w bran\u017cy budowlanej czas to pieni\u0105dz. Dlatego wdro\u017cyli\u015bmy wydajny system dystrybucji logistycznej, aby zapewni\u0107 terminow\u0105 i dok\u0142adn\u0105 dostaw\u0119 cylindr\u00f3w hydraulicznych.<\/p>\n<p>5. <strong>Konkurencyjne ceny:<\/strong> W FMP wierzymy, \u017ce jako\u015b\u0107 nie powinna by\u0107 na wag\u0119 z\u0142ota. Oferujemy konkurencyjne ceny wszystkich naszych cylindr\u00f3w hydraulicznych, nie rezygnuj\u0105c z jako\u015bci ani niezawodno\u015bci.<\/p>\n<p>Niezale\u017cnie od tego, czy szukasz regulowanych si\u0142ownik\u00f3w wide\u0142kowych, czy innych si\u0142ownik\u00f3w hydraulicznych do swoich potrzeb budowlanych, zaufaj FMP \u2013 dostarczymy Ci najlepsze produkty i us\u0142ugi w bran\u017cy. Skontaktuj si\u0119 z nami ju\u017c dzi\u015b, aby dowiedzie\u0107 si\u0119 wi\u0119cej i rozpocz\u0105\u0107!<\/p>\n<p><img decoding=\"async\" src=\"https:\/\/fmp-components.com\/wp-content\/uploads\/2024\/12\/Adjustable-Clevis-Type-Cylinders-6.webp\" alt=\"Regulowany cylinder typu wide\u0142kowego\" width=\"806\" title=\"\">Autor: CX<\/p>","protected":false},"excerpt":{"rendered":"<p>Factory Price Small Hydraulic Piston Cylinder Hydraulic Cylinder Double Acting For Snow PlowFactory Price Small Hydraulic Piston Cylinder Hydraulic Cylinder Double Acting For Snow Plow is a high-quality hydraulic cylinder designed specifically for use in snow plows. This cylinder is double-acting, which means it provides force in both directions, making it ideal for plow applications [&hellip;]<\/p>","protected":false},"featured_media":1457,"comment_status":"closed","ping_status":"closed","template":"","meta":{"_et_pb_use_builder":"","_et_pb_old_content":"","_et_gb_content_width":""},"product_brand":[],"product_cat":[42],"product_tag":[34,44],"class_list":{"0":"post-1456","1":"product","2":"type-product","3":"status-publish","4":"has-post-thumbnail","6":"product_cat-snow-plow-hydraulic-cylinder","7":"product_tag-hydraulic-cylinder","8":"product_tag-snow-plow-hydraulic-cylinder","10":"first","11":"instock","12":"product-type-simple"},"_links":{"self":[{"href":"https:\/\/fmp-components.com\/pl\/wp-json\/wp\/v2\/product\/1456","targetHints":{"allow":["GET"]}}],"collection":[{"href":"https:\/\/fmp-components.com\/pl\/wp-json\/wp\/v2\/product"}],"about":[{"href":"https:\/\/fmp-components.com\/pl\/wp-json\/wp\/v2\/types\/product"}],"replies":[{"embeddable":true,"href":"https:\/\/fmp-components.com\/pl\/wp-json\/wp\/v2\/comments?post=1456"}],"wp:featuredmedia":[{"embeddable":true,"href":"https:\/\/fmp-components.com\/pl\/wp-json\/wp\/v2\/media\/1457"}],"wp:attachment":[{"href":"https:\/\/fmp-components.com\/pl\/wp-json\/wp\/v2\/media?parent=1456"}],"wp:term":[{"taxonomy":"product_brand","embeddable":true,"href":"https:\/\/fmp-components.com\/pl\/wp-json\/wp\/v2\/product_brand?post=1456"},{"taxonomy":"product_cat","embeddable":true,"href":"https:\/\/fmp-components.com\/pl\/wp-json\/wp\/v2\/product_cat?post=1456"},{"taxonomy":"product_tag","embeddable":true,"href":"https:\/\/fmp-components.com\/pl\/wp-json\/wp\/v2\/product_tag?post=1456"}],"curies":[{"name":"wp","href":"https:\/\/api.w.org\/{rel}","templated":true}]}}