{"id":1454,"date":"2024-12-23T05:49:26","date_gmt":"2024-12-23T05:49:26","guid":{"rendered":"https:\/\/fmp-components.com\/product\/good-quality-double-effect-small-2-ton-snow-plow-hydraulic-cylinder-double-acting\/"},"modified":"2024-12-23T06:37:14","modified_gmt":"2024-12-23T06:37:14","slug":"good-quality-double-effect-small-2-ton-snow-plow-hydraulic-cylinder-double-acting","status":"publish","type":"product","link":"https:\/\/fmp-components.com\/pl\/product\/good-quality-double-effect-small-2-ton-snow-plow-hydraulic-cylinder-double-acting\/","title":{"rendered":"Dobrej jako\u015bci, dwufunkcyjny, ma\u0142y, 2-tonowy si\u0142ownik hydrauliczny do p\u0142uga \u015bnie\u017cnego, dwustronnego dzia\u0142ania"},"content":{"rendered":"<h2>Dobrej jako\u015bci, dwufunkcyjny, ma\u0142y, 2-tonowy si\u0142ownik hydrauliczny do p\u0142uga \u015bnie\u017cnego, dwustronnego dzia\u0142ania<\/h2>\n<p>Wysokiej jako\u015bci, dwukierunkowy, ma\u0142y, 2-tonowy si\u0142ownik hydrauliczny do p\u0142uga \u015bnie\u017cnego o podw\u00f3jnym dzia\u0142aniu to produkt najwy\u017cszej jako\u015bci, zaprojektowany z my\u015bl\u0105 o bezproblemowym od\u015bnie\u017caniu. Ten si\u0142ownik hydrauliczny charakteryzuje si\u0119 niewielkimi rozmiarami i konstrukcj\u0105 dwukierunkowego dzia\u0142ania, zapewniaj\u0105c doskona\u0142\u0105 wydajno\u015b\u0107 i sprawno\u015b\u0107.<\/p>\n<p>Wykonany z wysokiej jako\u015bci materia\u0142\u00f3w, ten si\u0142ownik hydrauliczny jest niezwykle trwa\u0142y. Jego dwukierunkowa konstrukcja zapewnia p\u0142ynn\u0105 i precyzyjn\u0105 prac\u0119, dzi\u0119ki czemu p\u0142ug \u015bnie\u017cny z \u0142atwo\u015bci\u0105 poradzi sobie z ka\u017cdym terenem. Si\u0142ownik posiada r\u00f3wnie\u017c trwa\u0142\u0105 pow\u0142ok\u0119 zewn\u0119trzn\u0105, kt\u00f3ra zapewnia ochron\u0119 przed trudnymi warunkami atmosferycznymi i korozj\u0105.<\/p>\n<p>Dzi\u0119ki ud\u017awigowi 2 ton ten si\u0142ownik hydrauliczny idealnie nadaje si\u0119 do ma\u0142ych i \u015brednich p\u0142ug\u00f3w \u015bnie\u017cnych. Jego kompaktowa konstrukcja sprawia, \u017ce \u200b\u200bz \u0142atwo\u015bci\u0105 zmie\u015bci si\u0119 w ciasnych przestrzeniach, dzi\u0119ki czemu idealnie nadaje si\u0119 do stosowania na terenach mieszkalnych i mniejszych obiektach komercyjnych.<\/p>\n<p>Je\u015bli szukasz niezawodnego i wydajnego si\u0142ownika hydraulicznego do swojego p\u0142uga \u015bnie\u017cnego, to w\u0142a\u015bnie go znalaz\u0142e\u015b \u2013 wysokiej jako\u015bci, dwukierunkowy si\u0142ownik hydrauliczny do ma\u0142ego, dwutonowego p\u0142uga \u015bnie\u017cnego o ud\u017awigu 2 ton. Dzi\u0119ki doskona\u0142ej konstrukcji i wykonaniu mo\u017cesz mie\u0107 pewno\u015b\u0107, \u017ce ten produkt zapewni wyj\u0105tkow\u0105 wydajno\u015b\u0107 i trwa\u0142o\u015b\u0107 przez wiele lat.<\/p>\n<div>\n<h2>Przedstawiamy nasz najwy\u017cszej klasy, dwufunkcyjny, ma\u0142y, 2-tonowy si\u0142ownik hydrauliczny do p\u0142ugu \u015bnie\u017cnego<\/h2>\n<p>Nasz si\u0142ownik hydrauliczny do p\u0142uga \u015bnie\u017cnego zosta\u0142 zaprojektowany z my\u015bl\u0105 o zwi\u0119kszeniu wydajno\u015bci i efektywno\u015bci w energetyce i g\u00f3rnictwie, produkcji maszyn oraz warsztatach naprawczych. Wykonany ze stali si\u0142ownik jest trwa\u0142y i niezawodny, a jego jako\u015b\u0107 jest potwierdzona roczn\u0105 gwarancj\u0105.<\/p>\n<h2>Cechy produktu<\/h2>\n<h3>Wysoka jako\u015b\u0107 i niezawodno\u015b\u0107<\/h3>\n<p>Nasz si\u0142ownik hydrauliczny do p\u0142uga \u015bnie\u017cnego jest wykonany ze stali, co gwarantuje jego trwa\u0142o\u015b\u0107 i d\u0142ugowieczno\u015b\u0107. Posiada konstrukcj\u0119 t\u0142okow\u0105 nap\u0119dzan\u0105 uk\u0142adem hydraulicznym, zapewniaj\u0105c\u0105 maksymaln\u0105 si\u0142\u0119 ci\u0105gu 3000 i uci\u0105g 20 ton. Produkt posiada r\u00f3wnie\u017c certyfikat ISO9001:2000, co gwarantuje wysok\u0105 jako\u015b\u0107 i niezawodno\u015b\u0107.<\/p>\n<h3>Wydajno\u015b\u0107 i wydajno\u015b\u0107<\/h3>\n<p>Nasz si\u0142ownik hydrauliczny do p\u0142uga \u015bnie\u017cnego, o \u015brednicy otworu od 2 do 6 cali, \u015brednicy t\u0142oczyska od 1,125 do 4 cali i skoku od 4 do 100 cali, zosta\u0142 zaprojektowany z my\u015bl\u0105 o zapewnieniu doskona\u0142ej wydajno\u015bci i efektywno\u015bci. Posiada sworze\u0144 o \u015brednicy od 0,5 do 2 cali i jest wyposa\u017cony w gniazda G\/SAE\/NPT\/M, co zapewnia wszechstronno\u015b\u0107 i kompatybilno\u015b\u0107.<\/p>\n<h3>Bezpiecze\u0144stwo i stabilno\u015b\u0107<\/h3>\n<p>Bezpiecze\u0144stwo i stabilno\u015b\u0107 naszego si\u0142ownika hydraulicznego do p\u0142uga \u015bnie\u017cnego gwarantuj\u0105 jego standardowa konstrukcja i kluczowe komponenty, w tym \u0142o\u017cysko i sam si\u0142ownik hydrauliczny. Ponadto, dzi\u0119ki nowemu typowi produktu z 2023 roku, masz pewno\u015b\u0107, \u017ce spe\u0142nia on aktualne standardy bran\u017cowe.<\/p>\n<p><img decoding=\"async\" title=\"Si\u0142ownik hydrauliczny p\u0142ugu \u015bnie\u017cnego\" src=\"https:\/\/hzpt.com\/wp-content\/uploads\/2023\/11\/Snow-Plow-Hydraulic-Cylinder-1.webp\" alt=\"Si\u0142ownik hydrauliczny p\u0142ugu \u015bnie\u017cnego\" \/><\/p>\n<\/div>\n<h2>Zalety regulowanych cylindr\u00f3w typu wide\u0142kowego<\/h2>\n<p>Cylindry hydrauliczne z regulowanym wide\u0142kiem, znane r\u00f3wnie\u017c jako cylindry hydrauliczne, s\u0105 szeroko stosowane w r\u00f3\u017cnych ga\u0142\u0119ziach przemys\u0142u ze wzgl\u0119du na swoj\u0105 wszechstronno\u015b\u0107 i wydajno\u015b\u0107. Cylindry te oferuj\u0105 szereg zalet, kt\u00f3re czyni\u0105 je popularnym wyborem w\u015br\u00f3d profesjonalist\u00f3w. W tym artykule szczeg\u00f3\u0142owo om\u00f3wimy zalety cylindr\u00f3w hydraulicznych z regulowanym wide\u0142kiem.<\/p>\n<p>1. <strong>Wi\u0119ksza elastyczno\u015b\u0107: <\/strong>Regulowane cylindry wide\u0142kowe zapewniaj\u0105 wi\u0119ksz\u0105 elastyczno\u015b\u0107 w zakresie konstrukcji i dzia\u0142ania. Cylindry te mo\u017cna \u0142atwo dostosowa\u0107 do r\u00f3\u017cnych zastosowa\u0144 i wymaga\u0144, dzi\u0119ki czemu nadaj\u0105 si\u0119 do szerokiego zakresu zada\u0144. Niezale\u017cnie od tego, czy chodzi o podnoszenie ci\u0119\u017ckich maszyn, czy obs\u0142ug\u0119 z\u0142o\u017conych system\u00f3w, regulowane cylindry wide\u0142kowe zapewniaj\u0105 elastyczno\u015b\u0107 niezb\u0119dn\u0105 do wydajnego wykonywania zada\u0144.<\/p>\n<p>2. <strong>Zwi\u0119kszona trwa\u0142o\u015b\u0107: <\/strong>Jedn\u0105 z g\u0142\u00f3wnych zalet regulowanych cylindr\u00f3w wide\u0142kowych jest ich trwa\u0142o\u015b\u0107. Cylindry te zosta\u0142y zaprojektowane tak, aby wytrzymywa\u0107 wysokie ci\u015bnienie i du\u017ce obci\u0105\u017cenia, co czyni je niezawodnym wyborem do wymagaj\u0105cych zastosowa\u0144. Materia\u0142y u\u017cyte do ich konstrukcji, takie jak wysokiej jako\u015bci stal i zaawansowane uszczelnienia, zapewniaj\u0105 d\u0142ugotrwa\u0142\u0105 wydajno\u015b\u0107 nawet w trudnych warunkach.<\/p>\n<p>3. <strong>Zoptymalizowana wydajno\u015b\u0107: <\/strong>Regulowane cylindry wide\u0142kowe zosta\u0142y zaprojektowane z my\u015bl\u0105 o zapewnieniu optymalnej wydajno\u015bci w r\u00f3\u017cnych zastosowaniach. Ich dwustronne dzia\u0142anie pozwala na uzyskanie zar\u00f3wno si\u0142y pchaj\u0105cej, jak i ci\u0105gn\u0105cej, co czyni je niezwykle wydajnymi w zadaniach wymagaj\u0105cych precyzyjnej kontroli i p\u0142ynnej pracy. Ta wszechstronno\u015b\u0107 gwarantuje, \u017ce cylindry te mog\u0105 by\u0107 stosowane w wielu bran\u017cach, w tym w budownictwie, przemy\u015ble wytw\u00f3rczym i rolnictwie.<\/p>\n<p>4. <strong>Zaawansowane funkcje bezpiecze\u0144stwa: <\/strong>Regulowane cylindry wide\u0142kowe s\u0105 wyposa\u017cone w zaawansowane funkcje bezpiecze\u0144stwa, kt\u00f3re zapewniaj\u0105 bezpiecze\u0144stwo operatora i sprz\u0119tu. Cylindry te zosta\u0142y zaprojektowane tak, aby zapobiega\u0107 przeci\u0105\u017ceniom i zapewnia\u0107 niezawodne hamowanie, zmniejszaj\u0105c ryzyko wypadk\u00f3w i uszkodze\u0144. Ponadto, regulowana konstrukcja wide\u0142kowa umo\u017cliwia \u0142atw\u0105 instalacj\u0119 i bezpieczne mocowanie, dodatkowo zwi\u0119kszaj\u0105c bezpiecze\u0144stwo systemu.<\/p>\n<p>5. <strong>Zwi\u0119kszona produktywno\u015b\u0107: <\/strong>Dzi\u0119ki swojej doskona\u0142ej wydajno\u015bci i niezawodno\u015bci, cylindry z regulowanym wide\u0142kiem przyczyniaj\u0105 si\u0119 do wzrostu wydajno\u015bci w r\u00f3\u017cnych bran\u017cach. Precyzyjna kontrola i wydajna praca tych cylindr\u00f3w umo\u017cliwiaj\u0105 szybsz\u0105 realizacj\u0119 zada\u0144, skracaj\u0105c przestoje i poprawiaj\u0105c og\u00f3ln\u0105 wydajno\u015b\u0107. Ich zdolno\u015b\u0107 do przenoszenia du\u017cych ci\u0119\u017car\u00f3w pozwala r\u00f3wnie\u017c na zwi\u0119kszenie wydajno\u015bci w operacjach podnoszenia i przemieszczania.<\/p>\n<p>Podsumowuj\u0105c, cylindry z regulowanym wide\u0142kiem oferuj\u0105 liczne zalety, kt\u00f3re czyni\u0105 je preferowanym wyborem w wielu bran\u017cach. Od zwi\u0119kszonej elastyczno\u015bci i trwa\u0142o\u015bci, po zoptymalizowan\u0105 wydajno\u015b\u0107 i zaawansowane funkcje bezpiecze\u0144stwa, cylindry te zosta\u0142y zaprojektowane tak, aby sprosta\u0107 wymaganiom wymagaj\u0105cych zastosowa\u0144. Ich zdolno\u015b\u0107 do zwi\u0119kszania wydajno\u015bci i obs\u0142ugi du\u017cych obci\u0105\u017ce\u0144 dodatkowo umacnia ich pozycj\u0119 jako uniwersalnego rozwi\u0105zania na rynku uk\u0142ad\u00f3w hydraulicznych. Niezale\u017cnie od tego, czy chodzi o budownictwo, produkcj\u0119, czy jak\u0105kolwiek inn\u0105 bran\u017c\u0119, cylindry z regulowanym wide\u0142kiem okazuj\u0105 si\u0119 cennym atutem.<\/p>\n<h3>O FMP<\/h3>\n<p>FMP to firma specjalizuj\u0105ca si\u0119 w produkcji i sprzeda\u017cy cylindr\u00f3w hydraulicznych. Dzi\u0119ki wieloletniemu do\u015bwiadczeniu w bran\u017cy i profesjonalnemu zespo\u0142owi, jeste\u015bmy w stanie dostarcza\u0107 klientom wysokiej jako\u015bci i niezawodne cylindry hydrauliczne.<\/p>\n<p>Nasze cylindry hydrauliczne s\u0105 projektowane i produkowane zgodnie z najwy\u017cszymi standardami bran\u017cowymi. Oto pi\u0119\u0107 kluczowych zalet naszych produkt\u00f3w i firmy:<\/p>\n<p><strong>1. Szeroki wyb\u00f3r opcji:<\/strong> Oferujemy szerok\u0105 gam\u0119 si\u0142ownik\u00f3w hydraulicznych, dostosowanych do r\u00f3\u017cnych potrzeb. Niezale\u017cnie od tego, czy potrzebujesz si\u0142ownik\u00f3w standardowych, czy rozwi\u0105za\u0144 niestandardowych, posiadamy wiedz\u0119 i do\u015bwiadczenie, aby dostarczy\u0107 rozwi\u0105zanie idealnie dopasowane do Twojego zastosowania.<\/p>\n<p><strong>2. Wyj\u0105tkowa jako\u015b\u0107:<\/strong> W FMP priorytetowo traktujemy jako\u015b\u0107 w ka\u017cdym aspekcie procesu produkcyjnego. Nasze cylindry hydrauliczne s\u0105 wykonane z najwy\u017cszej jako\u015bci materia\u0142\u00f3w i poddawane rygorystycznym testom, aby zapewni\u0107 trwa\u0142o\u015b\u0107 i niezawodno\u015b\u0107.<\/p>\n<p><strong>3. Zaawansowana technologia:<\/strong> Wykorzystujemy najnowsze osi\u0105gni\u0119cia technologiczne w naszych procesach produkcyjnych. Dzi\u0119ki temu mo\u017cemy dostarcza\u0107 cylindry hydrauliczne b\u0119d\u0105ce w czo\u0142\u00f3wce innowacji, charakteryzuj\u0105ce si\u0119 zwi\u0119kszon\u0105 wydajno\u015bci\u0105 i efektywno\u015bci\u0105.<\/p>\n<p><strong>4. Konsultacja ekspercka:<\/strong> Nasz do\u015bwiadczony zesp\u00f3\u0142 sprzeda\u017cy doskonale zna bran\u017c\u0119 maszyn budowlanych. S\u0142u\u017cymy profesjonaln\u0105 porad\u0105 produktow\u0105, pomagaj\u0105c w doborze odpowiedniego si\u0142ownika hydraulicznego do Pa\u0144stwa specyficznych potrzeb.<\/p>\n<p><strong>5. Efektywna logistyka:<\/strong> Rozumiemy, jak wa\u017cna jest terminowa dostawa. Nasz wydajny system dystrybucji logistycznej gwarantuje terminow\u0105 i precyzyjn\u0105 dostaw\u0119 potrzebnych cylindr\u00f3w hydraulicznych, minimalizuj\u0105c przestoje i maksymalizuj\u0105c wydajno\u015b\u0107.<\/p>\n<p><img decoding=\"async\" src=\"https:\/\/fmp-components.com\/wp-content\/uploads\/2024\/12\/Adjustable-Clevis-Type-Cylinders-6.webp\" alt=\"Regulowany cylinder typu wide\u0142kowego\" width=\"805\" title=\"\"><\/p>\n<p>Autor: CX<\/p>","protected":false},"excerpt":{"rendered":"<p>Good Quality Double Effect Small 2 Ton Snow Plow Hydraulic Cylinder Double Acting Good Quality Double Effect Small 2 Ton Snow Plow Hydraulic Cylinder Double Acting is a top-of-the-line product designed to make snow removal a breeze. This hydraulic cylinder boasts a small form factor and a dual-acting design, providing superior performance and efficiency. Constructed [&hellip;]<\/p>","protected":false},"featured_media":1455,"comment_status":"closed","ping_status":"closed","template":"","meta":{"_et_pb_use_builder":"","_et_pb_old_content":"","_et_gb_content_width":""},"product_brand":[],"product_cat":[42],"product_tag":[34,44],"class_list":{"0":"post-1454","1":"product","2":"type-product","3":"status-publish","4":"has-post-thumbnail","6":"product_cat-snow-plow-hydraulic-cylinder","7":"product_tag-hydraulic-cylinder","8":"product_tag-snow-plow-hydraulic-cylinder","10":"first","11":"instock","12":"product-type-simple"},"_links":{"self":[{"href":"https:\/\/fmp-components.com\/pl\/wp-json\/wp\/v2\/product\/1454","targetHints":{"allow":["GET"]}}],"collection":[{"href":"https:\/\/fmp-components.com\/pl\/wp-json\/wp\/v2\/product"}],"about":[{"href":"https:\/\/fmp-components.com\/pl\/wp-json\/wp\/v2\/types\/product"}],"replies":[{"embeddable":true,"href":"https:\/\/fmp-components.com\/pl\/wp-json\/wp\/v2\/comments?post=1454"}],"wp:featuredmedia":[{"embeddable":true,"href":"https:\/\/fmp-components.com\/pl\/wp-json\/wp\/v2\/media\/1455"}],"wp:attachment":[{"href":"https:\/\/fmp-components.com\/pl\/wp-json\/wp\/v2\/media?parent=1454"}],"wp:term":[{"taxonomy":"product_brand","embeddable":true,"href":"https:\/\/fmp-components.com\/pl\/wp-json\/wp\/v2\/product_brand?post=1454"},{"taxonomy":"product_cat","embeddable":true,"href":"https:\/\/fmp-components.com\/pl\/wp-json\/wp\/v2\/product_cat?post=1454"},{"taxonomy":"product_tag","embeddable":true,"href":"https:\/\/fmp-components.com\/pl\/wp-json\/wp\/v2\/product_tag?post=1454"}],"curies":[{"name":"wp","href":"https:\/\/api.w.org\/{rel}","templated":true}]}}