{"id":1450,"date":"2024-12-23T05:49:26","date_gmt":"2024-12-23T05:49:26","guid":{"rendered":"https:\/\/fmp-components.com\/product\/chinese-factory-20-ton-hydraulic-piston-cylinder-snow-plow-hydraulic-cylinder\/"},"modified":"2025-03-18T02:15:00","modified_gmt":"2025-03-18T02:15:00","slug":"italian-factory-20-ton-hydraulic-piston-cylinder-snow-plow-hydraulic-cylinder","status":"publish","type":"product","link":"https:\/\/fmp-components.com\/pl\/product\/italian-factory-20-ton-hydraulic-piston-cylinder-snow-plow-hydraulic-cylinder\/","title":{"rendered":"W\u0142oski fabryczny 20-tonowy si\u0142ownik hydrauliczny do p\u0142uga \u015bnie\u017cnego z t\u0142okiem hydraulicznym"},"content":{"rendered":"<h2>W\u0142oski fabryczny 20-tonowy si\u0142ownik hydrauliczny do p\u0142uga \u015bnie\u017cnego z t\u0142okiem hydraulicznym<\/h2>\n<p>W\u0142oski, fabryczny, 20-tonowy si\u0142ownik hydrauliczny do p\u0142uga \u015bnie\u017cnego z si\u0142ownikiem hydraulicznym to najnowocze\u015bniejszy produkt przeznaczony do ci\u0119\u017ckich zastosowa\u0144. Dzi\u0119ki wyj\u0105tkowej mocy hydraulicznej si\u0142ownik ten zapewnia niezb\u0119dn\u0105 si\u0142\u0119 do skutecznego od\u015bnie\u017cania dr\u00f3g, parking\u00f3w i innych du\u017cych powierzchni.<\/p>\n<p>Wykonany z wysokiej jako\u015bci materia\u0142\u00f3w i najwy\u017cszej jako\u015bci wykonania, w\u0142oski fabryczny si\u0142ownik hydrauliczny z t\u0142okiem hydraulicznym do p\u0142uga \u015bnie\u017cnego oferuje niezr\u00f3wnan\u0105 trwa\u0142o\u015b\u0107 i niezawodno\u015b\u0107. Jego solidna konstrukcja gwarantuje optymaln\u0105 wydajno\u015b\u0107 nawet w najtrudniejszych warunkach zimowych.<\/p>\n<p>Wyposa\u017cony w 20-tonowy ud\u017awig, ten si\u0142ownik hydrauliczny zapewnia niesamowit\u0105 wytrzyma\u0142o\u015b\u0107 i stabilno\u015b\u0107. Umo\u017cliwia wydajne od\u015bnie\u017canie, zapewniaj\u0105c si\u0142\u0119 niezb\u0119dn\u0105 do podnoszenia i pochylania lemiesza p\u0142uga, co pozwala na precyzyjne i skuteczne od\u015bnie\u017canie.<\/p>\n<p><img decoding=\"async\" title=\"Si\u0142ownik hydrauliczny p\u0142ugu \u015bnie\u017cnego\" src=\"https:\/\/hzpt.com\/wp-content\/uploads\/2023\/11\/Snow-Plow-Hydraulic-Cylinder-3.webp\" alt=\"Si\u0142ownik hydrauliczny p\u0142ugu \u015bnie\u017cnego\" \/><\/p>\n<p>W\u0142oski, fabryczny, 20-tonowy si\u0142ownik hydrauliczny do p\u0142uga \u015bnie\u017cnego z si\u0142ownikiem hydraulicznym i t\u0142okiem hydraulicznym wykorzystuje zaawansowan\u0105 technologi\u0119 hydrauliczn\u0105, zapewniaj\u0105c\u0105 p\u0142ynn\u0105 i precyzyjn\u0105 prac\u0119. Konstrukcja t\u0142oka umo\u017cliwia p\u0142ynny ruch i responsywne sterowanie, zapewniaj\u0105c operatorowi maksymaln\u0105 wydajno\u015b\u0107 i \u0142atwo\u015b\u0107 obs\u0142ugi.<\/p>\n<p>Opr\u00f3cz imponuj\u0105cej mocy i wydajno\u015bci, ten si\u0142ownik hydrauliczny jest r\u00f3wnie\u017c niezwykle wszechstronny. Mo\u017cna go \u0142atwo zintegrowa\u0107 z r\u00f3\u017cnymi systemami od\u015bnie\u017cania, dzi\u0119ki czemu nadaje si\u0119 do szerokiej gamy pojazd\u00f3w i zastosowa\u0144.<\/p>\n<p>Niezale\u017cnie od tego, czy jeste\u015b profesjonalnym wykonawc\u0105 od\u015bnie\u017cania, czy gmin\u0105 potrzebuj\u0105c\u0105 wydajnego sprz\u0119tu do od\u015bnie\u017cania, w\u0142oski p\u0142ug \u015bnie\u017cny z cylindrem hydraulicznym i t\u0142okiem o ud\u017awigu 20 ton to idealny wyb\u00f3r. Jego wyj\u0105tkowa wydajno\u015b\u0107, trwa\u0142o\u015b\u0107 i wszechstronno\u015b\u0107 sprawiaj\u0105, \u017ce jest to niezast\u0105pione narz\u0119dzie do radzenia sobie nawet w najtrudniejszych warunkach zimowych.<\/p>\n<h2>Wst\u0119p<\/h2>\n<p>Odkryj moc i wydajno\u015b\u0107 w\u0142oskiego, fabrycznego, 20-tonowego si\u0142ownika hydraulicznego do p\u0142ug\u00f3w \u015bnie\u017cnych. Zaprojektowany z dba\u0142o\u015bci\u0105 o szczeg\u00f3\u0142y, ten si\u0142ownik hydrauliczny jest \u015bwiadectwem wysokiej jako\u015bci i niezawodno\u015bci maszyn. Ten niezb\u0119dny element wyposa\u017cenia warsztat\u00f3w naprawczych maszyn, gospodarstw rolnych, energetyki i g\u00f3rnictwa oraz przemys\u0142u maszynowego gwarantuje wydajno\u015b\u0107, bezpiecze\u0144stwo i kompatybilno\u015b\u0107, oferuj\u0105c d\u0142ugoterminow\u0105 warto\u015b\u0107 inwestycji.<\/p>\n<p><img decoding=\"async\" title=\"Si\u0142ownik hydrauliczny p\u0142ugu \u015bnie\u017cnego\" src=\"https:\/\/hzpt.com\/wp-content\/uploads\/2023\/11\/Snow-Plow-Hydraulic-Cylinder-2.webp\" alt=\"Si\u0142ownik hydrauliczny p\u0142ugu \u015bnie\u017cnego\" \/><\/p>\n<h2>Cechy produktu<\/h2>\n<h3>Jako\u015b\u0107 i niezawodno\u015b\u0107<\/h3>\n<p>Nasz hydrauliczny si\u0142ownik t\u0142okowy do p\u0142uga \u015bnie\u017cnego jest wykonany z najwy\u017cszej jako\u015bci komponent\u00f3w, w tym \u0142o\u017cysk i wytrzyma\u0142ego si\u0142ownika hydraulicznego. Posiada certyfikat ISO9001:2000, co gwarantuje jego jako\u015b\u0107 i niezawodno\u015b\u0107. Si\u0142ownik jest fabrycznie nowy i obj\u0119ty roczn\u0105 gwarancj\u0105, gwarantuj\u0105c\u0105 jego wydajno\u015b\u0107 i niezawodno\u015b\u0107.<\/p>\n<h3>Wydajno\u015b\u0107 i wydajno\u015b\u0107<\/h3>\n<p>Ten si\u0142ownik hydrauliczny o maksymalnej sile ci\u0105gu 3000 i uci\u0105gu 20 ton zosta\u0142 zaprojektowany z my\u015bl\u0105 o wysokiej wydajno\u015bci. Niezale\u017cnie od tego, czy pracujesz w warsztatach naprawczych maszyn, gospodarstwach rolnych, energetyce i g\u00f3rnictwie, czy w przemy\u015ble maszynowym, ten si\u0142ownik hydrauliczny zapewnia wydajn\u0105 i p\u0142ynn\u0105 prac\u0119.<\/p>\n<h3>Bezpiecze\u0144stwo i stabilno\u015b\u0107<\/h3>\n<p>Nasz hydrauliczny si\u0142ownik t\u0142okowy zosta\u0142 zaprojektowany z my\u015bl\u0105 o bezpiecze\u0144stwie i stabilno\u015bci. Wytrzyma\u0142y stalowy korpus gwarantuje, \u017ce si\u0142ownik wytrzymuje intensywne u\u017cytkowanie, zapewniaj\u0105c bezpieczne i stabilne \u015brodowisko pracy.<\/p>\n<h3>Zgodno\u015b\u0107 i d\u0142ugoterminowa warto\u015b\u0107 inwestycji<\/h3>\n<p>Ten si\u0142ownik hydrauliczny charakteryzuje si\u0119 standardow\u0105 konstrukcj\u0105, zapewniaj\u0105c\u0105 wysok\u0105 kompatybilno\u015b\u0107 z r\u00f3\u017cnymi systemami. Dzi\u0119ki solidnej konstrukcji i najwy\u017cszej wydajno\u015bci, si\u0142ownik ten stanowi warto\u015bciow\u0105, d\u0142ugoterminow\u0105 inwestycj\u0119 w Twoje maszyny.<\/p>\n<h2>Zalety regulowanych cylindr\u00f3w typu wide\u0142kowego<\/h2>\n<p>Si\u0142ownik hydrauliczny z regulowanym wide\u0142kiem to rodzaj si\u0142ownika hydraulicznego, kt\u00f3ry jest szeroko stosowany w r\u00f3\u017cnych ga\u0142\u0119ziach przemys\u0142u. Ten typ si\u0142ownika charakteryzuje si\u0119 regulowanym mocowaniem wide\u0142kowym, co zapewnia \u0142atw\u0105 instalacj\u0119 i elastyczno\u015b\u0107 u\u017cytkowania. W tym artykule przyjrzymy si\u0119 zaletom si\u0142ownik\u00f3w z regulowanym wide\u0142kiem.<\/p>\n<h3>1. Mo\u017cliwo\u015b\u0107 dostosowania opcji monta\u017cu<\/h3>\n<p>Jedn\u0105 z najwi\u0119kszych zalet regulowanych si\u0142ownik\u00f3w z wide\u0142kami s\u0105 mo\u017cliwo\u015bci personalizacji monta\u017cu. Mocowanie wide\u0142kowe umo\u017cliwia \u0142atw\u0105 instalacj\u0119 i regulacj\u0119, dzi\u0119ki czemu idealnie nadaje si\u0119 do r\u00f3\u017cnych zastosowa\u0144. Regulowane mocowanie wide\u0142kowe pomaga r\u00f3wnie\u017c zmniejszy\u0107 przestrze\u0144 potrzebn\u0105 do instalacji, co czyni si\u0142owniki idealnymi do kompaktowych konstrukcji.<\/p>\n<h3>2. Wysokiej jako\u015bci projekt<\/h3>\n<p>Kolejn\u0105 zalet\u0105 regulowanych si\u0142ownik\u00f3w wide\u0142kowych jest ich wysoka jako\u015b\u0107 wykonania. Si\u0142owniki te s\u0105 precyzyjnie zaprojektowane i wykonane z wysokiej jako\u015bci materia\u0142\u00f3w, co zapewnia trwa\u0142o\u015b\u0107 i d\u0142ugowieczno\u015b\u0107. W\u0142oski, fabryczny si\u0142ownik hydrauliczny z t\u0142okiem hydraulicznym o ud\u017awigu 20 ton do p\u0142uga \u015bnie\u017cnego jest doskona\u0142ym przyk\u0142adem regulowanego si\u0142ownika wide\u0142kowego, wykonanego z wysokiej jako\u015bci materia\u0142\u00f3w.<\/p>\n<h3>3. Szeroki zakres zastosowa\u0144<\/h3>\n<p>Regulowane si\u0142owniki wide\u0142kowe idealnie nadaj\u0105 si\u0119 do szerokiego zakresu zastosowa\u0144. S\u0105 powszechnie stosowane w maszynach ci\u0119\u017ckich, sprz\u0119cie budowlanym i maszynach rolniczych. Elastyczno\u015b\u0107 monta\u017cu i regulacji sprawia, \u017ce \u200b\u200bregulowane si\u0142owniki wide\u0142kowe nadaj\u0105 si\u0119 do r\u00f3\u017cnych zastosowa\u0144.<\/p>\n<h3>4. Efektywna wydajno\u015b\u0107<\/h3>\n<p>Regulowane si\u0142owniki wide\u0142kowe zosta\u0142y zaprojektowane z my\u015bl\u0105 o zapewnieniu wydajnej pracy. Zaprojektowano je tak, aby zapewnia\u0142y du\u017c\u0105 si\u0142\u0119 przy minimalnym zu\u017cyciu energii, co czyni je ekonomicznymi i energooszcz\u0119dnymi. Ta cecha sprawia, \u017ce \u200b\u200bidealnie nadaj\u0105 si\u0119 do zastosowa\u0144 wymagaj\u0105cych du\u017cej si\u0142y i wydajno\u015bci.<\/p>\n<h3>5. \u0141atwa konserwacja<\/h3>\n<p>Wreszcie, regulowane si\u0142owniki wide\u0142kowe s\u0105 \u0142atwe w utrzymaniu. Wymagaj\u0105 minimalnej konserwacji i mo\u017cna je \u0142atwo naprawi\u0107 lub wymieni\u0107 w razie potrzeby. Ta cecha sprawia, \u017ce \u200b\u200bidealnie nadaj\u0105 si\u0119 do zastosowa\u0144 wymagaj\u0105cych minimalnego przestoju i konserwacji.<\/p>\n<p>Podsumowuj\u0105c, regulowane si\u0142owniki wide\u0142kowe to doskona\u0142y wyb\u00f3r do r\u00f3\u017cnych zastosowa\u0144. Ich konfigurowalne opcje monta\u017cu, wysoka jako\u015b\u0107 wykonania, szeroki zakres zastosowa\u0144, wysoka wydajno\u015b\u0107 i \u0142atwo\u015b\u0107 konserwacji sprawiaj\u0105, \u017ce idealnie nadaj\u0105 si\u0119 do ci\u0119\u017ckich maszyn, sprz\u0119tu budowlanego i rolniczego. W\u0142oski, fabryczny, 20-tonowy si\u0142ownik hydrauliczny do p\u0142uga \u015bnie\u017cnego to doskona\u0142y przyk\u0142ad regulowanego si\u0142ownika wide\u0142kowego, kt\u00f3ry \u0142\u0105czy wszystkie te cechy w jednym, wydajnym i niezawodnym elemencie.<\/p>\n<h3>O FMP \u2013 cylindrze hydraulicznym<\/h3>\n<p><img decoding=\"async\" src=\"https:\/\/fmp-components.com\/wp-content\/uploads\/2024\/12\/Adjustable-Clevis-Type-Cylinders-6.webp\" alt=\"Regulowany cylinder typu wide\u0142kowego\" width=\"803\" title=\"\"><\/p>\n<p>W FMP specjalizujemy si\u0119 w produkcji i sprzeda\u017cy cylindr\u00f3w hydraulicznych. Dzi\u0119ki naszemu bogatemu do\u015bwiadczeniu w bran\u017cy i profesjonalnemu zespo\u0142owi, dok\u0142adamy wszelkich stara\u0144, aby dostarcza\u0107 naszym klientom wysokiej jako\u015bci i niezawodne produkty. Oto pi\u0119\u0107 kluczowych zalet wyboru naszych cylindr\u00f3w hydraulicznych:<\/p>\n<p>1. Najwy\u017csza jako\u015b\u0107: Nasze cylindry hydrauliczne s\u0105 produkowane z wykorzystaniem najwy\u017cszej jako\u015bci materia\u0142\u00f3w i zaawansowanych technologii, co gwarantuje wyj\u0105tkow\u0105 wydajno\u015b\u0107 i trwa\u0142o\u015b\u0107. Jako\u015b\u0107 jest dla nas priorytetem, aby spe\u0142nia\u0107 najwy\u017csze standardy i przekracza\u0107 oczekiwania klient\u00f3w.<\/p>\n<p>2. Szeroki wyb\u00f3r opcji: Oferujemy szerok\u0105 gam\u0119 si\u0142ownik\u00f3w hydraulicznych, aby sprosta\u0107 zr\u00f3\u017cnicowanym potrzebom. Niezale\u017cnie od tego, czy potrzebujesz si\u0142ownik\u00f3w jednostronnego lub dwustronnego dzia\u0142ania, si\u0142ownik\u00f3w teleskopowych, czy te\u017c konstrukcji niestandardowych, mamy idealne rozwi\u0105zanie dla Twoich specyficznych potrzeb.<\/p>\n<p>3. Konsultacje eksperckie: Nasz do\u015bwiadczony zesp\u00f3\u0142 sprzeda\u017cy posiada dog\u0142\u0119bn\u0105 wiedz\u0119 na temat bran\u017cy maszyn budowlanych. Doskonale orientuje si\u0119 w najnowszych trendach rozwojowych i potrzebach klient\u00f3w, co pozwala mu na zapewnienie profesjonalnego doradztwa produktowego. Zale\u017cy nam na tym, aby pom\u00f3c Pa\u0144stwu w podejmowaniu \u015bwiadomych decyzji i doborze odpowiedniego si\u0142ownika hydraulicznego do Pa\u0144stwa zastosowa\u0144.<\/p>\n<p>4. Efektywna logistyka: Rozumiemy wag\u0119 terminowej dostawy. Dzi\u0119ki naszemu wydajnemu systemowi dystrybucji logistycznej gwarantujemy szybk\u0105 dostaw\u0119 zam\u00f3wionych cylindr\u00f3w hydraulicznych. Nasz niezawodny i precyzyjny proces dostaw gwarantuje, \u017ce otrzymasz potrzebne cz\u0119\u015bci dok\u0142adnie wtedy, gdy ich potrzebujesz.<\/p>\n<p>5. Niezawodne partnerstwa: FMP nawi\u0105za\u0142o d\u0142ugotrwa\u0142e i stabilne relacje z wysokiej jako\u015bci dostawcami, zar\u00f3wno w kraju, jak i za granic\u0105. Dzi\u0119ki temu pozyskujemy wy\u0142\u0105cznie najlepsze komponenty do naszych si\u0142ownik\u00f3w hydraulicznych, gwarantuj\u0105c, \u017ce ka\u017cda cz\u0119\u015b\u0107 spe\u0142nia surowe standardy jako\u015bci. Priorytetem w naszych partnerstwach jest niezawodno\u015b\u0107, aby zapewni\u0107 Pa\u0144stwu najwy\u017cszy poziom satysfakcji.<\/p>\n<p>Wybierz FMP, je\u015bli potrzebujesz si\u0142ownik\u00f3w hydraulicznych i przekonaj si\u0119 o naszej doskona\u0142o\u015bci. Skontaktuj si\u0119 z nami ju\u017c dzi\u015b, aby om\u00f3wi\u0107 swoje potrzeby i rozpocz\u0105\u0107 owocn\u0105 wsp\u00f3\u0142prac\u0119. Autor: CX<\/p>","protected":false},"excerpt":{"rendered":"<p>Italian Factory 20 Ton Hydraulic Piston Cylinder Snow Plow Hydraulic Cylinder The Italian Factory 20 Ton Hydraulic Piston Cylinder Snow Plow Hydraulic Cylinder is a cutting-edge product designed for heavy-duty snow plow applications. With its exceptional hydraulic power, this cylinder provides the necessary force to efficiently clear snow from roads, parking lots, and other large [&hellip;]<\/p>","protected":false},"featured_media":1451,"comment_status":"closed","ping_status":"closed","template":"","meta":{"_et_pb_use_builder":"","_et_pb_old_content":"","_et_gb_content_width":""},"product_brand":[],"product_cat":[42],"product_tag":[34,44],"class_list":{"0":"post-1450","1":"product","2":"type-product","3":"status-publish","4":"has-post-thumbnail","6":"product_cat-snow-plow-hydraulic-cylinder","7":"product_tag-hydraulic-cylinder","8":"product_tag-snow-plow-hydraulic-cylinder","10":"first","11":"instock","12":"product-type-simple"},"_links":{"self":[{"href":"https:\/\/fmp-components.com\/pl\/wp-json\/wp\/v2\/product\/1450","targetHints":{"allow":["GET"]}}],"collection":[{"href":"https:\/\/fmp-components.com\/pl\/wp-json\/wp\/v2\/product"}],"about":[{"href":"https:\/\/fmp-components.com\/pl\/wp-json\/wp\/v2\/types\/product"}],"replies":[{"embeddable":true,"href":"https:\/\/fmp-components.com\/pl\/wp-json\/wp\/v2\/comments?post=1450"}],"wp:featuredmedia":[{"embeddable":true,"href":"https:\/\/fmp-components.com\/pl\/wp-json\/wp\/v2\/media\/1451"}],"wp:attachment":[{"href":"https:\/\/fmp-components.com\/pl\/wp-json\/wp\/v2\/media?parent=1450"}],"wp:term":[{"taxonomy":"product_brand","embeddable":true,"href":"https:\/\/fmp-components.com\/pl\/wp-json\/wp\/v2\/product_brand?post=1450"},{"taxonomy":"product_cat","embeddable":true,"href":"https:\/\/fmp-components.com\/pl\/wp-json\/wp\/v2\/product_cat?post=1450"},{"taxonomy":"product_tag","embeddable":true,"href":"https:\/\/fmp-components.com\/pl\/wp-json\/wp\/v2\/product_tag?post=1450"}],"curies":[{"name":"wp","href":"https:\/\/api.w.org\/{rel}","templated":true}]}}