{"id":1388,"date":"2024-12-23T02:19:41","date_gmt":"2024-12-23T02:19:41","guid":{"rendered":"https:\/\/fmp-components.com\/product\/quality-assurance-double-acting-cylinder-welded-hydraulic-cylinder-for-tractor\/"},"modified":"2024-12-23T02:48:34","modified_gmt":"2024-12-23T02:48:34","slug":"quality-assurance-double-acting-cylinder-welded-hydraulic-cylinder-for-tractor","status":"publish","type":"product","link":"https:\/\/fmp-components.com\/pl\/product\/quality-assurance-double-acting-cylinder-welded-hydraulic-cylinder-for-tractor\/","title":{"rendered":"Zapewnienie jako\u015bci, dwustronnego dzia\u0142ania, spawany si\u0142ownik hydrauliczny do ci\u0105gnika"},"content":{"rendered":"<p>Si\u0142ownik hydrauliczny dwustronnego dzia\u0142ania spawany do ci\u0105gnik\u00f3w to wysokiej jako\u015bci si\u0142ownik hydrauliczny przeznaczony do stosowania w ci\u0105gnikach. Si\u0142ownik ten charakteryzuje si\u0119 konstrukcj\u0105 dwustronnego dzia\u0142ania, kt\u00f3ra umo\u017cliwia wydajn\u0105 prac\u0119 w obu kierunkach. Si\u0142ownik jest r\u00f3wnie\u017c spawany dla zwi\u0119kszenia trwa\u0142o\u015bci i wytrzyma\u0142o\u015bci, gwarantuj\u0105c d\u0142ug\u0105 \u017cywotno\u015b\u0107 nawet w trudnych warunkach pracy.<\/p>\n<p>Jedn\u0105 z kluczowych zalet tego si\u0142ownika hydraulicznego jest gwarancja jako\u015bci. Si\u0142ownik zosta\u0142 poddany rygorystycznym testom, aby zagwarantowa\u0107 zgodno\u015b\u0107 ze wszystkimi odpowiednimi normami bran\u017cowymi dotycz\u0105cymi wydajno\u015bci, bezpiecze\u0144stwa i niezawodno\u015bci. Oznacza to, \u017ce mo\u017cesz mie\u0107 pewno\u015b\u0107, \u017ce ten si\u0142ownik b\u0119dzie dzia\u0142a\u0142 na wysokim poziomie i zapewni p\u0142ynn\u0105 prac\u0119 Twojego ci\u0105gnika.<\/p>\n<p>Kolejn\u0105 wa\u017cn\u0105 cech\u0105 tego si\u0142ownika hydraulicznego jest \u0142atwo\u015b\u0107 monta\u017cu. Si\u0142ownik zosta\u0142 zaprojektowany tak, aby idealnie pasowa\u0142 do wi\u0119kszo\u015bci modeli ci\u0105gnik\u00f3w, przy minimalnych wymaganiach dotycz\u0105cych modyfikacji. Dzi\u0119ki temu mo\u017cna \u0142atwo zmodernizowa\u0107 uk\u0142ad hydrauliczny ci\u0105gnika i wykorzysta\u0107 zalety tego wysokiej jako\u015bci si\u0142ownika.<\/p>\n<p><img loading=\"lazy\" decoding=\"async\" class=\"alignnone size-full wp-image-1334\" src=\"https:\/\/fmp-components.com\/wp-content\/uploads\/2024\/12\/Adjustable-Clevis-Type-Cylinders-4.webp\" alt=\"Cylindry typu wide\u0142kowego regulowanego\" width=\"800\" height=\"800\" title=\"\" srcset=\"https:\/\/fmp-components.com\/wp-content\/uploads\/2024\/12\/Adjustable-Clevis-Type-Cylinders-4.webp 800w, https:\/\/fmp-components.com\/wp-content\/uploads\/2024\/12\/Adjustable-Clevis-Type-Cylinders-4-480x480.webp 480w\" sizes=\"(min-width: 0px) and (max-width: 480px) 480px, (min-width: 481px) 800px, 100vw\" \/><\/p>\n<p>Og\u00f3lnie rzecz bior\u0105c, spawany si\u0142ownik hydrauliczny dwustronnego dzia\u0142ania z gwarancj\u0105 jako\u015bci do ci\u0105gnika to doskona\u0142y wyb\u00f3r dla ka\u017cdego, kto chce zmodernizowa\u0107 uk\u0142ad hydrauliczny swojego ci\u0105gnika. Dzi\u0119ki dwustronnemu dzia\u0142aniu, spawanej konstrukcji i rygorystycznej kontroli jako\u015bci, si\u0142ownik ten oferuje niezawodn\u0105 wydajno\u015b\u0107 i d\u0142ugotrwa\u0142\u0105 trwa\u0142o\u015b\u0107.<\/p>\n<table style=\"width: 100%;\" border=\"1\" width=\"100%\" cellspacing=\"0\" cellpadding=\"0\">\n<tbody>\n<tr>\n<th>Nazwa produktu<\/th>\n<td>Zapewnienie jako\u015bci Si\u0142ownik dwustronnego dzia\u0142ania<\/td>\n<\/tr>\n<tr>\n<th>Typ<\/th>\n<td>Spawany cylinder hydrauliczny<\/td>\n<\/tr>\n<tr>\n<th>Aplikacja<\/th>\n<td>Ci\u0105gniki<\/td>\n<\/tr>\n<tr>\n<th>Stan<\/th>\n<td>Nowy<\/td>\n<\/tr>\n<tr>\n<th>Gwarancja<\/th>\n<td>1 rok<\/td>\n<\/tr>\n<tr>\n<th>Zastosowane bran\u017ce<\/th>\n<td>Warsztaty naprawy maszyn, gospodarstwa rolne, energetyka i g\u00f3rnictwo, produkcja maszyn, fabryki<\/td>\n<\/tr>\n<tr>\n<th>Waga (kg)<\/th>\n<td>47<\/td>\n<\/tr>\n<tr>\n<th>Kontrola wideo wychodz\u0105ca<\/th>\n<td>Pod warunkiem, \u017ce<\/td>\n<\/tr>\n<tr>\n<th>Raport z bada\u0144 maszyn<\/th>\n<td>Pod warunkiem, \u017ce<\/td>\n<\/tr>\n<tr>\n<th>Rodzaj cylindra<\/th>\n<td>Standardowy cylinder t\u0142okowy<\/td>\n<\/tr>\n<tr>\n<th>Materia\u0142 korpusu<\/th>\n<td>Stal<\/td>\n<\/tr>\n<tr>\n<th>Maksymalny ci\u0105g<\/th>\n<td>3000<\/td>\n<\/tr>\n<tr>\n<th>Typ<\/th>\n<td>Regulowany typ wide\u0142ek<\/td>\n<\/tr>\n<tr>\n<th>Porty<\/th>\n<td>G\/SAE\/NPT\/M<\/td>\n<\/tr>\n<tr>\n<th>Maksymalna \u0142adowno\u015b\u0107<\/th>\n<td>20 ton<\/td>\n<\/tr>\n<tr>\n<th>Orzecznictwo<\/th>\n<td>Certyfikat ISO9001:2000<\/td>\n<\/tr>\n<tr>\n<th>Rozmiar otworu<\/th>\n<td>2-6 cali<\/td>\n<\/tr>\n<tr>\n<th>Rozmiar pr\u0119ta<\/th>\n<td>1,125-4 cale<\/td>\n<\/tr>\n<tr>\n<th>Rozmiar poci\u0105gni\u0119cia<\/th>\n<td>4-100 cali<\/td>\n<\/tr>\n<tr>\n<th>Rozmiar szpilki<\/th>\n<td>0,5-2 cale<\/td>\n<\/tr>\n<tr>\n<th>Kolor<\/th>\n<td>Czarny<\/td>\n<\/tr>\n<tr>\n<th>Szczeg\u00f3\u0142y opakowania<\/th>\n<td>Skrzynia \u017celazna, skrzynia ze sklejki lub pude\u0142ko kartonowe<\/td>\n<\/tr>\n<tr>\n<th><\/th>\n<td><\/td>\n<\/tr>\n<\/tbody>\n<\/table>\n<p><span style=\"color: #333333; font-size: 26px;\">Opcje dostosowywania i wskaz\u00f3wki dotycz\u0105ce konserwacji<\/span><\/p>\n<div>\n<p>Rozumiemy, \u017ce ka\u017cdy klient mo\u017ce mie\u0107 unikalne wymagania, dlatego oferujemy opcje personalizacji naszych cylindr\u00f3w hydraulicznych. Klienci mog\u0105 okre\u015bli\u0107 swoje wymagania, a my mo\u017cemy idealnie dopasowa\u0107 produkty do ich potrzeb. Je\u015bli chodzi o konserwacj\u0119, nasze cylindry hydrauliczne s\u0105 zaprojektowane z my\u015bl\u0105 o \u0142atwej obs\u0142udze. Regularna kontrola uszczelnie\u0144 i szczelno\u015bci gwarantuje d\u0142ug\u0105 \u017cywotno\u015b\u0107 produktu. Dodatkowo, regularne smarowanie zapewni optymalne dzia\u0142anie cylindra.<\/p>\n<p><img decoding=\"async\" src=\"https:\/\/img.jiansujichilun.com\/img\/hydrauliccylinders\/B_hydrauliccylinders-1.webp\" alt=\"si\u0142ownik hydrauliczny\" width=\"800\" title=\"\"><\/p>\n<\/div>\n<h2>Zalety regulowanych cylindr\u00f3w typu wide\u0142kowego<\/h2>\n<p>Regulowane cylindry wide\u0142kowe to komponenty hydrauliczne s\u0142u\u017c\u0105ce do przekszta\u0142cania si\u0142y hydraulicznej w ruch liniowy i si\u0142\u0119. S\u0105 szeroko stosowane w r\u00f3\u017cnych ga\u0142\u0119ziach przemys\u0142u, w tym w budownictwie, rolnictwie i przemy\u015ble. W tym artykule om\u00f3wimy zalety regulowanych cylindr\u00f3w wide\u0142kowych i powody, dla kt\u00f3rych s\u0105 one popularnym wyborem w wielu zastosowaniach.<\/p>\n<h3>1. Wszechstronno\u015b\u0107<\/h3>\n<p>Jedn\u0105 z g\u0142\u00f3wnych zalet regulowanych si\u0142ownik\u00f3w wide\u0142kowych jest ich wszechstronno\u015b\u0107. Si\u0142owniki te mog\u0105 by\u0107 stosowane w szerokim zakresie zastosowa\u0144, od lekkich do ci\u0119\u017ckich zada\u0144. Dost\u0119pne s\u0105 w r\u00f3\u017cnych rozmiarach, skokach i konfiguracjach monta\u017cowych, aby spe\u0142ni\u0107 specyficzne wymagania. Co wi\u0119cej, regulowane si\u0142owniki wide\u0142kowe mog\u0105 by\u0107 stosowane zar\u00f3wno w uk\u0142adach jednostronnego, jak i dwustronnego dzia\u0142ania, dzi\u0119ki czemu nadaj\u0105 si\u0119 do r\u00f3\u017cnych uk\u0142ad\u00f3w hydraulicznych.<\/p>\n<h3>2. Precyzja<\/h3>\n<p>Regulowane si\u0142owniki wide\u0142kowe zapewniaj\u0105 precyzj\u0119 sterowania i wydajno\u015b\u0107. Si\u0142owniki te zosta\u0142y zaprojektowane z my\u015bl\u0105 o zapewnieniu precyzyjnej i powtarzalnej kontroli ruchu, co jest niezb\u0119dne w wielu zastosowaniach. Funkcja regulacji tych si\u0142ownik\u00f3w umo\u017cliwia precyzyjne pozycjonowanie \u0142adunk\u00f3w, dzi\u0119ki czemu idealnie nadaj\u0105 si\u0119 do zastosowa\u0144 wymagaj\u0105cych precyzyjnego przenoszenia.<\/p>\n<h3>3. Trwa\u0142o\u015b\u0107<\/h3>\n<p>Kolejn\u0105 zalet\u0105 regulowanych si\u0142ownik\u00f3w wide\u0142kowych jest ich trwa\u0142o\u015b\u0107. Si\u0142owniki te s\u0105 zbudowane tak, aby wytrzyma\u0107 trudne warunki i du\u017ce obci\u0105\u017cenia. Wykonane s\u0105 z wysokiej jako\u015bci materia\u0142\u00f3w, takich jak stal i aluminium, i zaprojektowane tak, aby wytrzymywa\u0142y wysokie ci\u015bnienia i temperatury. Kontrola jako\u015bci jest kluczowa w produkcji tych si\u0142ownik\u00f3w, gwarantuj\u0105c niezawodno\u015b\u0107 i d\u0142ugotrwa\u0142\u0105 prac\u0119.<\/p>\n<h3>4. \u0141atwa konserwacja<\/h3>\n<p>Regulowane si\u0142owniki z wide\u0142kami zosta\u0142y zaprojektowane z my\u015bl\u0105 o \u0142atwej konserwacji. Si\u0142owniki te charakteryzuj\u0105 si\u0119 prost\u0105 konstrukcj\u0105, co u\u0142atwia ich demonta\u017c i ponowny monta\u017c. Co wi\u0119cej, sk\u0142adaj\u0105 si\u0119 z mniejszej liczby element\u00f3w, co oznacza mniejsze wymagania konserwacyjne. Co wi\u0119cej, si\u0142owniki te mo\u017cna naprawia\u0107 na miejscu, co skraca przestoje i zwi\u0119ksza wydajno\u015b\u0107.<\/p>\n<h3>5. Oszcz\u0119dny<\/h3>\n<p>Wreszcie, regulowane si\u0142owniki wide\u0142kowe s\u0105 ekonomiczne. S\u0105 one niedrogie w por\u00f3wnaniu z innymi komponentami hydraulicznymi, co czyni je popularnym wyborem w wielu zastosowaniach. S\u0105 r\u00f3wnie\u017c energooszcz\u0119dne, co oznacza, \u017ce \u200b\u200bz czasem pozwalaj\u0105 obni\u017cy\u0107 koszty eksploatacji.<\/p>\n<p>Podsumowuj\u0105c, regulowane si\u0142owniki wide\u0142kowe oferuj\u0105 szereg zalet, kt\u00f3re czyni\u0105 je popularnym wyborem w wielu zastosowaniach. Ich wszechstronno\u015b\u0107, precyzja, trwa\u0142o\u015b\u0107, \u0142atwo\u015b\u0107 konserwacji i op\u0142acalno\u015b\u0107 \u2013 to wszystko przyczynia si\u0119 do ich popularno\u015bci. Kontrola jako\u015bci, kt\u00f3ra jest stosowana przy produkcji tych si\u0142ownik\u00f3w, takich jak si\u0142owniki dwustronnego dzia\u0142ania i spawane si\u0142owniki hydrauliczne do ci\u0105gnik\u00f3w, gwarantuje ich niezawodno\u015b\u0107 i d\u0142ugotrwa\u0142\u0105 prac\u0119.<img decoding=\"async\" src=\"https:\/\/fmp-components.com\/wp-content\/uploads\/2024\/12\/Adjustable-Clevis-Type-Cylinders5.webp\" alt=\"Regulowany cylinder typu wide\u0142kowego\" width=\"800\" title=\"\"><\/p>\n<h2>Zastosowanie regulowanych cylindr\u00f3w typu wide\u0142kowego<\/h2>\n<p>Cylindry z regulowanym wide\u0142kiem to wszechstronne cylindry hydrauliczne, kt\u00f3re znajduj\u0105 szerokie zastosowanie w r\u00f3\u017cnych ga\u0142\u0119ziach przemys\u0142u. Cylindry te oferuj\u0105 unikalne cechy i korzy\u015bci, dzi\u0119ki czemu s\u0105 preferowanym wyborem w wielu zastosowaniach. W tym wpisie na blogu przyjrzymy si\u0119 r\u00f3\u017cnym zastosowaniom cylindr\u00f3w z regulowanym wide\u0142kiem i szczeg\u00f3\u0142owo om\u00f3wimy ich zalety.<\/p>\n<h3>1. Maszyny przemys\u0142owe<\/h3>\n<p>Regulowane si\u0142owniki wide\u0142kowe s\u0105 szeroko stosowane w maszynach przemys\u0142owych do r\u00f3\u017cnych cel\u00f3w. Si\u0142owniki te zapewniaj\u0105 precyzyjny i kontrolowany ruch liniowy, dzi\u0119ki czemu nadaj\u0105 si\u0119 do zastosowa\u0144 takich jak transport materia\u0142\u00f3w, pozycjonowanie urz\u0105dze\u0144 i automatyzacja linii monta\u017cowych. Solidna konstrukcja i wysokiej jako\u015bci materia\u0142y zastosowane w tych si\u0142ownikach gwarantuj\u0105 niezawodn\u0105 prac\u0119 i d\u0142ug\u0105 \u017cywotno\u015b\u0107, nawet w wymagaj\u0105cych warunkach przemys\u0142owych.<\/p>\n<h3>2. Sprz\u0119t rolniczy<\/h3>\n<p>Regulowane si\u0142owniki wide\u0142kowe s\u0105 szeroko stosowane w sprz\u0119cie rolniczym, szczeg\u00f3lnie w osprz\u0119tach ci\u0105gnikowych. Si\u0142owniki te odgrywaj\u0105 kluczow\u0105 rol\u0119 w r\u00f3\u017cnych pracach rolniczych, takich jak orka, uprawa roli, zbiory i podnoszenie ci\u0119\u017ckich \u0142adunk\u00f3w. Dzi\u0119ki dwustronnemu dzia\u0142aniu, si\u0142owniki te oferuj\u0105 wyj\u0105tkow\u0105 wytrzyma\u0142o\u015b\u0107 i moc, umo\u017cliwiaj\u0105c wydajn\u0105 i efektywn\u0105 prac\u0119 maszyn rolniczych.<\/p>\n<h3>3. Maszyny budowlane<\/h3>\n<p>Regulowane si\u0142owniki wide\u0142kowe s\u0105 r\u00f3wnie\u017c szeroko stosowane w maszynach budowlanych. Si\u0142owniki te s\u0105 powszechnie spotykane w sprz\u0119cie takim jak koparki, spychacze i d\u017awigi. Ich odporno\u015b\u0107 na du\u017ce obci\u0105\u017cenia i trudne warunki pracy sprawia, \u017ce \u200b\u200bidealnie nadaj\u0105 si\u0119 do zastosowa\u0144 takich jak kopanie, podnoszenie, pchanie i ci\u0105gni\u0119cie. Wyj\u0105tkowa gwarancja jako\u015bci oferowana przez te si\u0142owniki gwarantuje optymaln\u0105 wydajno\u015b\u0107 i bezpiecze\u0144stwo na placach budowy.<\/p>\n<h3>4. Przemys\u0142 motoryzacyjny<\/h3>\n<p>Bran\u017ca motoryzacyjna korzysta z zastosowania regulowanych si\u0142ownik\u00f3w wide\u0142kowych w r\u00f3\u017cnych zastosowaniach. Si\u0142owniki te s\u0105 wykorzystywane w podno\u015bnikach samochodowych, rampach podjazdowych i innych samochodowych systemach podnoszenia. Zapewniaj\u0105 one niezawodny i precyzyjny ruch pionowy, u\u0142atwiaj\u0105c konserwacj\u0119, naprawy i przegl\u0105dy pojazd\u00f3w. Spawana konstrukcja hydrauliczna tych si\u0142ownik\u00f3w gwarantuje trwa\u0142o\u015b\u0107 i wysok\u0105 no\u015bno\u015b\u0107, dzi\u0119ki czemu nadaj\u0105 si\u0119 one do ci\u0119\u017ckich zada\u0144 w motoryzacji.<\/p>\n<h3>5. Zastosowania morskie i offshore<\/h3>\n<p>W przemy\u015ble morskim i offshore, cylindry z regulowanym wide\u0142kiem s\u0105 szeroko stosowane w urz\u0105dzeniach takich jak d\u017awigi, wci\u0105garki i systemy hydrauliczne. Cylindry te s\u0105 zaprojektowane tak, aby by\u0142y odporne na korozj\u0119 w \u015brodowisku s\u0142onej wody i zapewnia\u0142y niezawodn\u0105 prac\u0119 w warunkach morskich. Ich regulowana konstrukcja wide\u0142ek umo\u017cliwia \u0142atw\u0105 instalacj\u0119 i integracj\u0119 z r\u00f3\u017cnymi systemami morskimi, zwi\u0119kszaj\u0105c wydajno\u015b\u0107 operacyjn\u0105 i bezpiecze\u0144stwo.<\/p>\n<p>Podsumowuj\u0105c, regulowane cylindry wide\u0142kowe znajduj\u0105 szerokie zastosowanie w r\u00f3\u017cnych bran\u017cach, w tym w maszynach przemys\u0142owych, sprz\u0119cie rolniczym, maszynach budowlanych, przemy\u015ble motoryzacyjnym oraz w zastosowaniach morskich i offshore. Cylindry te oferuj\u0105 wyj\u0105tkow\u0105 gwarancj\u0119 jako\u015bci, dwustronne dzia\u0142anie oraz spawan\u0105 konstrukcj\u0119 hydrauliczn\u0105, co czyni je niezawodnymi, trwa\u0142ymi i wydajnymi w swoich zastosowaniach. Niezale\u017cnie od tego, czy chodzi o precyzyjny ruch liniowy, podnoszenie ci\u0119\u017ckich \u0142adunk\u00f3w, czy prac\u0119 w trudnych warunkach, regulowane cylindry wide\u0142kowe okazuj\u0105 si\u0119 doskona\u0142ym wyborem dla r\u00f3\u017cnorodnych wymaga\u0144 uk\u0142ad\u00f3w hydraulicznych.<img decoding=\"async\" src=\"https:\/\/fmp-components.com\/wp-content\/uploads\/2024\/12\/Application-of-Adjustable-Clevis-Type-Cylinders.webp\" alt=\"Regulowany cylinder typu wide\u0142kowego\" width=\"800\" title=\"\"><\/p>\n<h3>O FMP<\/h3>\n<p>FMP to renomowana firma specjalizuj\u0105ca si\u0119 w produkcji i sprzeda\u017cy si\u0142ownik\u00f3w hydraulicznych. Naszym celem jest dostarczanie naszym klientom wysokiej jako\u015bci i niezawodnych si\u0142ownik\u00f3w hydraulicznych do maszyn budowlanych. Dzi\u0119ki wieloletniemu do\u015bwiadczeniu w bran\u017cy i profesjonalnemu zespo\u0142owi, FMP jest Twoim zaufanym partnerem w zakresie wszystkich potrzeb zwi\u0105zanych z si\u0142ownikami hydraulicznymi.<\/p>\n<p><img decoding=\"async\" src=\"https:\/\/fmp-components.com\/wp-content\/uploads\/2024\/12\/Adjustable-Clevis-Type-Cylinders-6.webp\" alt=\"Regulowany cylinder typu wide\u0142kowego\" width=\"850\" title=\"\"><\/p>\n<p>Oto 5 powod\u00f3w, dla kt\u00f3rych warto wybra\u0107 FMP do produkcji cylindr\u00f3w hydraulicznych:<\/p>\n<p>1. Szeroka gama produkt\u00f3w: FMP oferuje szerok\u0105 gam\u0119 si\u0142ownik\u00f3w hydraulicznych, kt\u00f3re zaspokajaj\u0105 zr\u00f3\u017cnicowane potrzeby maszyn budowlanych. Od si\u0142ownik\u00f3w standardowych po rozwi\u0105zania na zam\u00f3wienie \u2013 mamy odpowiedni produkt, kt\u00f3ry spe\u0142ni Twoje specyficzne wymagania.<\/p>\n<p>2. Najwy\u017csza jako\u015b\u0107: Jako\u015b\u0107 jest dla nas priorytetem we wszystkim, co robimy. Wszystkie nasze cylindry hydrauliczne s\u0105 produkowane z najwy\u017cszej jako\u015bci materia\u0142\u00f3w i spe\u0142niaj\u0105 surowe standardy jako\u015bci. Dzi\u0119ki temu nasze produkty s\u0105 trwa\u0142e, niezawodne i dzia\u0142aj\u0105 optymalnie w wymagaj\u0105cych warunkach.<\/p>\n<p>3. Wiedza specjalistyczna i do\u015bwiadczenie: Dzi\u0119ki naszej rozleg\u0142ej wiedzy bran\u017cowej i do\u015bwiadczeniu rozumiemy wyj\u0105tkowe wyzwania i wymagania sektora maszyn budowlanych. Nasz zesp\u00f3\u0142 ekspert\u00f3w jest doskonale przygotowany do zapewnienia profesjonalnego doradztwa i rozwi\u0105za\u0144 dostosowanych do Pa\u0144stwa indywidualnych potrzeb.<\/p>\n<p>4. Silne relacje z dostawcami: FMP nawi\u0105za\u0142o d\u0142ugotrwa\u0142e i stabilne partnerstwa z renomowanymi dostawcami zar\u00f3wno w kraju, jak i za granic\u0105. Pozwala nam to na pozyskiwanie wysokiej jako\u015bci komponent\u00f3w i materia\u0142\u00f3w, gwarantuj\u0105c niezawodno\u015b\u0107 i wydajno\u015b\u0107 naszych cylindr\u00f3w hydraulicznych.<\/p>\n<p>5. Sprawna logistyka i terminowa dostawa: Zdajemy sobie spraw\u0119, jak wa\u017cna jest terminowa dostawa dla p\u0142ynnej realizacji Pa\u0144stwa projekt\u00f3w. FMP posiada sprawny system dystrybucji logistycznej, kt\u00f3ry gwarantuje terminow\u0105 i dok\u0142adn\u0105 dostaw\u0119 wymaganych cylindr\u00f3w hydraulicznych, minimalizuj\u0105c przestoje i maksymalizuj\u0105c wydajno\u015b\u0107.<\/p>\n<p>Wybierz FMP, je\u015bli potrzebujesz cylindr\u00f3w hydraulicznych i przekonaj si\u0119 o r\u00f3\u017cnicy w jako\u015bci, niezawodno\u015bci i zadowoleniu klienta. Zosta\u0144 naszym partnerem ju\u017c dzi\u015b, aby zapewni\u0107 sobie bezproblemow\u0105 obs\u0142ug\u0119 maszyn budowlanych.<\/p>\n<h2>Cz\u0119sto zadawane pytania<\/h2>\n<p><b>P: Jaki jest czas dostawy si\u0142ownika dwustronnego dzia\u0142ania?<\/b><br \/>\nA: Og\u00f3lny czas dostawy wynosi 25\u201335 dni.<\/p>\n<p><b>P: Czy s\u0105 dost\u0119pne pr\u00f3bki cylindra dwustronnego dzia\u0142ania?<\/b><br \/>\nA: Tak, oferujemy pr\u00f3bki, ale nie s\u0105 one darmowe.<\/p>\n<p><b>P: Czy si\u0142ownik dwustronnego dzia\u0142ania mo\u017cna dostosowa\u0107 do konkretnych wymaga\u0144?<\/b><br \/>\nA: Tak, mo\u017cemy wyprodukowa\u0107 produkt na podstawie dostarczonych pr\u00f3bek lub rysunk\u00f3w technicznych.<\/p>\n<p>&nbsp;<\/p>\n<p>Autor: CX<\/p>","protected":false},"excerpt":{"rendered":"<p>The Quality Assurance Double Acting Cylinder Welded Hydraulic Cylinder For Tractor is a high-quality hydraulic cylinder designed for use in tractors. This cylinder features a double-acting design, which allows for efficient operation in both directions. The cylinder is also welded for added durability and strength, ensuring a long service life even in rough operating conditions. [&hellip;]<\/p>","protected":false},"featured_media":1340,"comment_status":"closed","ping_status":"closed","template":"","meta":{"_et_pb_use_builder":"","_et_pb_old_content":"","_et_gb_content_width":""},"product_brand":[],"product_cat":[39],"product_tag":[41,34],"class_list":{"0":"post-1388","1":"product","2":"type-product","3":"status-publish","4":"has-post-thumbnail","6":"product_cat-adjustable-clevis-type-cylinders","7":"product_tag-adjustable-clevis-type-cylinders","8":"product_tag-hydraulic-cylinder","10":"first","11":"instock","12":"product-type-simple"},"_links":{"self":[{"href":"https:\/\/fmp-components.com\/pl\/wp-json\/wp\/v2\/product\/1388","targetHints":{"allow":["GET"]}}],"collection":[{"href":"https:\/\/fmp-components.com\/pl\/wp-json\/wp\/v2\/product"}],"about":[{"href":"https:\/\/fmp-components.com\/pl\/wp-json\/wp\/v2\/types\/product"}],"replies":[{"embeddable":true,"href":"https:\/\/fmp-components.com\/pl\/wp-json\/wp\/v2\/comments?post=1388"}],"wp:featuredmedia":[{"embeddable":true,"href":"https:\/\/fmp-components.com\/pl\/wp-json\/wp\/v2\/media\/1340"}],"wp:attachment":[{"href":"https:\/\/fmp-components.com\/pl\/wp-json\/wp\/v2\/media?parent=1388"}],"wp:term":[{"taxonomy":"product_brand","embeddable":true,"href":"https:\/\/fmp-components.com\/pl\/wp-json\/wp\/v2\/product_brand?post=1388"},{"taxonomy":"product_cat","embeddable":true,"href":"https:\/\/fmp-components.com\/pl\/wp-json\/wp\/v2\/product_cat?post=1388"},{"taxonomy":"product_tag","embeddable":true,"href":"https:\/\/fmp-components.com\/pl\/wp-json\/wp\/v2\/product_tag?post=1388"}],"curies":[{"name":"wp","href":"https:\/\/api.w.org\/{rel}","templated":true}]}}