{"id":1387,"date":"2024-12-23T02:19:41","date_gmt":"2024-12-23T02:19:41","guid":{"rendered":"https:\/\/fmp-components.com\/product\/china-supplier-piston-double-acting-hydraulic-ram-cylinder-for-trailer\/"},"modified":"2024-12-23T08:51:38","modified_gmt":"2024-12-23T08:51:38","slug":"italy-supplier-piston-double-acting-hydraulic-ram-cylinder-for-trailer","status":"publish","type":"product","link":"https:\/\/fmp-components.com\/pl\/product\/italy-supplier-piston-double-acting-hydraulic-ram-cylinder-for-trailer\/","title":{"rendered":"W\u0142ochy Dostawca T\u0142ok Dwustronnego dzia\u0142ania Si\u0142ownik hydrauliczny do przyczepy"},"content":{"rendered":"<p>W\u0142oski dostawca si\u0142ownik\u00f3w hydraulicznych dwustronnego dzia\u0142ania z t\u0142okiem do przyczep to produkt najwy\u017cszej jako\u015bci, zaprojektowany z my\u015bl\u0105 o wyj\u0105tkowej wydajno\u015bci i niezawodno\u015bci. Si\u0142ownik ten jest produkowany przez renomowanego dostawc\u0119 z W\u0142och, znanego ze swojego do\u015bwiadczenia w uk\u0142adach hydraulicznych.<\/p>\n<p>Ten si\u0142ownik hydrauliczny z t\u0142okiem zapewnia wydajn\u0105 prac\u0119 w obu kierunkach. Zapewnia p\u0142ynny i precyzyjny ruch, dzi\u0119ki czemu idealnie nadaje si\u0119 do r\u00f3\u017cnych zastosowa\u0144 w przyczepach. Niezale\u017cnie od tego, czy chodzi o podnoszenie ci\u0119\u017ckich \u0142adunk\u00f3w, czy zapewnienie stabilno\u015bci podczas transportu, ten si\u0142ownik sprawdzi si\u0119 doskonale.<\/p>\n<p>Zaprojektowany z my\u015bl\u0105 o trwa\u0142o\u015bci, ten si\u0142ownik hydrauliczny jest odporny na intensywne u\u017cytkowanie w wymagaj\u0105cych warunkach. Wykonany jest z wysokiej jako\u015bci materia\u0142\u00f3w, kt\u00f3re gwarantuj\u0105 d\u0142ugotrwa\u0142\u0105 wydajno\u015b\u0107 i odporno\u015b\u0107 na zu\u017cycie. Dzi\u0119ki temu si\u0142ownik b\u0119dzie zapewnia\u0142 optymalne rezultaty nawet w trudnych warunkach.<\/p>\n<p>Dzi\u0119ki dwustronnemu dzia\u0142aniu ten si\u0142ownik hydrauliczny oferuje wszechstronno\u015b\u0107 i wygod\u0119. Mo\u017ce wywiera\u0107 si\u0142\u0119 zar\u00f3wno w kierunku wysuwania, jak i wsuwania, zapewniaj\u0105c wi\u0119ksz\u0105 kontrol\u0119 i elastyczno\u015b\u0107 podczas obs\u0142ugi przyczep. Funkcja ta umo\u017cliwia wydajne i precyzyjne ruchy, co przek\u0142ada si\u0119 na zwi\u0119kszon\u0105 wydajno\u015b\u0107 i efektywno\u015b\u0107.<\/p>\n<p><img loading=\"lazy\" decoding=\"async\" class=\"alignnone size-full wp-image-1334\" src=\"https:\/\/fmp-components.com\/wp-content\/uploads\/2024\/12\/Adjustable-Clevis-Type-Cylinders-4.webp\" alt=\"Cylindry typu wide\u0142kowego regulowanego\" width=\"800\" height=\"800\" title=\"\" srcset=\"https:\/\/fmp-components.com\/wp-content\/uploads\/2024\/12\/Adjustable-Clevis-Type-Cylinders-4.webp 800w, https:\/\/fmp-components.com\/wp-content\/uploads\/2024\/12\/Adjustable-Clevis-Type-Cylinders-4-480x480.webp 480w\" sizes=\"(min-width: 0px) and (max-width: 480px) 480px, (min-width: 481px) 800px, 100vw\" \/><\/p>\n<p>Opr\u00f3cz walor\u00f3w funkcjonalnych, ten si\u0142ownik hydrauliczny zosta\u0142 zaprojektowany z my\u015bl\u0105 o bezpiecze\u0144stwie. Wyposa\u017cony jest w niezawodne uszczelki i inne zabezpieczenia, kt\u00f3re zapobiegaj\u0105 wyciekom i zapewniaj\u0105 p\u0142ynn\u0105 prac\u0119. Gwarantuje to bezpieczn\u0105 i niezawodn\u0105 prac\u0119, na kt\u00f3rej mo\u017cesz polega\u0107.<\/p>\n<p>Podsumowuj\u0105c, w\u0142oski si\u0142ownik hydrauliczny dwustronnego dzia\u0142ania do przyczep to produkt wysokiej jako\u015bci, \u0142\u0105cz\u0105cy wydajno\u015b\u0107, trwa\u0142o\u015b\u0107 i bezpiecze\u0144stwo. Jego wyj\u0105tkowa konstrukcja i funkcjonalno\u015b\u0107 sprawiaj\u0105, \u017ce jest to doskona\u0142y wyb\u00f3r do r\u00f3\u017cnych zastosowa\u0144 w przyczepach. Zaufaj temu si\u0142ownikowi, aby zapewni\u0107 niezawodno\u015b\u0107 i wydajno\u015b\u0107 niezb\u0119dn\u0105 do obs\u0142ugi przyczep.<\/p>\n<p>Si\u0142ownik hydrauliczny dwustronnego dzia\u0142ania z t\u0142okiem to wszechstronny si\u0142ownik hydrauliczny renomowanego w\u0142oskiego dostawcy, zoptymalizowany do u\u017cytku w przyczepach. Z roczn\u0105 gwarancj\u0105 doskonale nadaje si\u0119 do zastosowa\u0144 w takich bran\u017cach jak warsztaty naprawcze maszyn, gospodarstwa rolne, energetyka i g\u00f3rnictwo, produkcja maszyn oraz fabryki maszyn. Ten nowy produkt z 2023 roku, wa\u017c\u0105cy 47 kg, jest dostarczany z wideokontrol\u0105 wyj\u015bciow\u0105, raportem z test\u00f3w maszyn, a jego g\u0142\u00f3wnymi komponentami s\u0105 \u0142o\u017cysko i si\u0142ownik hydrauliczny. Ten standardowy si\u0142ownik t\u0142okowy dzia\u0142a z wykorzystaniem si\u0142y hydraulicznej i jest wykonany z wytrzyma\u0142ej stali. Posiada maksymalny nacisk 3000 Nm, regulowany wide\u0142ek i jest wyposa\u017cony w przy\u0142\u0105cza G\/SAE\/NPT\/M. Si\u0142ownik mo\u017ce wywiera\u0107 maksymalny uci\u0105g 20 ton i posiada certyfikat ISO9001:2000. \u015arednica cylindra, t\u0142oczysko, skok i rozmiary sworznia s\u0105 zr\u00f3\u017cnicowane i jest dost\u0119pny w eleganckim czarnym kolorze.<\/p>\n<table style=\"width: 100%;\" border=\"1\" width=\"100%\" cellspacing=\"0\" cellpadding=\"0\">\n<tbody>\n<tr>\n<th>Nazwa produktu<\/th>\n<td>T\u0142ok z podw\u00f3jnym dzia\u0142aniem cylindra<\/td>\n<\/tr>\n<tr>\n<th>Typ<\/th>\n<td>Si\u0142ownik hydrauliczny<\/td>\n<\/tr>\n<tr>\n<th>Funkcjonowa\u0107<\/th>\n<td>Wysuwanie i chowanie za pomoc\u0105 si\u0142y hydraulicznej<\/td>\n<\/tr>\n<tr>\n<th>Rodzaj cylindra<\/th>\n<td>Regulowany typ wide\u0142ek<\/td>\n<\/tr>\n<tr>\n<th>Rozmiar otworu<\/th>\n<td>2-6 cali<\/td>\n<\/tr>\n<tr>\n<th>Rozmiar pr\u0119ta<\/th>\n<td>1,125-4 cale<\/td>\n<\/tr>\n<tr>\n<th>Rozmiar poci\u0105gni\u0119cia<\/th>\n<td>4-100 cali<\/td>\n<\/tr>\n<tr>\n<th>Rozmiar szpilki<\/th>\n<td>0,5-2 cale<\/td>\n<\/tr>\n<tr>\n<th>Maksymalny ci\u0105g<\/th>\n<td>3000<\/td>\n<\/tr>\n<tr>\n<th>Maksymalna \u0142adowno\u015b\u0107<\/th>\n<td>20 ton<\/td>\n<\/tr>\n<tr>\n<th>Materia\u0142 korpusu<\/th>\n<td>Stal<\/td>\n<\/tr>\n<tr>\n<th>Trwa\u0142o\u015b\u0107<\/th>\n<td>Wysoka wytrzyma\u0142o\u015b\u0107 i odporno\u015b\u0107 na zu\u017cycie<\/td>\n<\/tr>\n<\/tbody>\n<\/table>\n<h2>Zalety regulowanych cylindr\u00f3w typu wide\u0142kowego<\/h2>\n<p>Regulowane si\u0142owniki wide\u0142kowe ciesz\u0105 si\u0119 popularno\u015bci\u0105 w bran\u017cy hydraulicznej ze wzgl\u0119du na swoje liczne zalety i wszechstronno\u015b\u0107. Si\u0142owniki te, takie jak w\u0142oski dostawca si\u0142ownik\u00f3w hydraulicznych dwustronnego dzia\u0142ania do przyczep, oferuj\u0105 unikalne cechy, kt\u00f3re czyni\u0105 je wysoce wydajnymi i niezawodnymi w r\u00f3\u017cnych zastosowaniach. W tym artykule om\u00f3wimy zalety stosowania regulowanych si\u0142ownik\u00f3w wide\u0142kowych w uk\u0142adach hydraulicznych.<\/p>\n<h3>1. Wi\u0119ksza elastyczno\u015b\u0107 i zdolno\u015b\u0107 adaptacji<\/h3>\n<p>Jedn\u0105 z istotnych zalet regulowanych si\u0142ownik\u00f3w wide\u0142kowych jest ich zdolno\u015b\u0107 do zapewnienia wi\u0119kszej elastyczno\u015bci i adaptacji w uk\u0142adach hydraulicznych. Si\u0142owniki te umo\u017cliwiaj\u0105 \u0142atw\u0105 regulacj\u0119 po\u0142o\u017cenia sworznia wide\u0142kowego, co pozwala na precyzyjne dostrojenie d\u0142ugo\u015bci skoku si\u0142ownika. Ta mo\u017cliwo\u015b\u0107 regulacji umo\u017cliwia dostosowanie do r\u00f3\u017cnych warunk\u00f3w pracy i zmiennych wymaga\u0144 obci\u0105\u017ceniowych, zapewniaj\u0105c optymaln\u0105 wydajno\u015b\u0107.<\/p>\n<h3>2. Precyzyjne pozycjonowanie i kontrola<\/h3>\n<p>Regulowane si\u0142owniki wide\u0142kowe zapewniaj\u0105 precyzyjne pozycjonowanie i sterowanie, dzi\u0119ki czemu idealnie nadaj\u0105 si\u0119 do zastosowa\u0144 wymagaj\u0105cych precyzyjnych i kontrolowanych ruch\u00f3w. Mo\u017cliwo\u015b\u0107 precyzyjnej regulacji d\u0142ugo\u015bci skoku pozwala na precyzyjn\u0105 kontrol\u0119 wysuwania i wsuwania si\u0142ownika, umo\u017cliwiaj\u0105c precyzyjne pozycjonowanie \u0142adunk\u00f3w lub element\u00f3w maszyn. Taki poziom kontroli zwi\u0119ksza wydajno\u015b\u0107 operacyjn\u0105, minimalizuj\u0105c jednocze\u015bnie ryzyko uszkodze\u0144 lub wypadk\u00f3w.<\/p>\n<h3>3. Zwi\u0119kszona wydajno\u015b\u0107 operacyjna<\/h3>\n<p>Umo\u017cliwiaj\u0105c regulacj\u0119 d\u0142ugo\u015bci skoku, si\u0142owniki z regulowanym skokiem wide\u0142kowym przyczyniaj\u0105 si\u0119 do zwi\u0119kszenia wydajno\u015bci operacyjnej. Si\u0142owniki te mo\u017cna zoptymalizowa\u0107 pod k\u0105tem specyficznych wymaga\u0144 danego zadania, eliminuj\u0105c zb\u0119dne ruchy i zmniejszaj\u0105c zu\u017cycie energii. Mo\u017cliwo\u015b\u0107 precyzyjnej regulacji skoku si\u0142ownika pomaga r\u00f3wnie\u017c zminimalizowa\u0107 zu\u017cycie, wyd\u0142u\u017caj\u0105c jego \u017cywotno\u015b\u0107 i redukuj\u0105c koszty konserwacji.<\/p>\n<h3>4. Zwi\u0119kszone bezpiecze\u0144stwo i niezawodno\u015b\u0107<\/h3>\n<p>Regulowane si\u0142owniki wide\u0142kowe zapewniaj\u0105 wi\u0119ksze bezpiecze\u0144stwo i niezawodno\u015b\u0107 w por\u00f3wnaniu z si\u0142ownikami o sta\u0142ym skoku. Dzi\u0119ki mo\u017cliwo\u015bci regulacji d\u0142ugo\u015bci skoku operatorzy mog\u0105 zapewni\u0107, \u017ce si\u0142ownik pracuje w bezpiecznym zakresie roboczym. Pomaga to zapobiec nadmiernemu wysuni\u0119ciu lub cofni\u0119ciu, co mog\u0142oby prowadzi\u0107 do uszkodzenia sprz\u0119tu lub wypadk\u00f3w. Regulowany charakter tych si\u0142ownik\u00f3w pozwala r\u00f3wnie\u017c na szybk\u0105 adaptacj\u0119 do zmieniaj\u0105cych si\u0119 wymaga\u0144 obci\u0105\u017ceniowych, zwi\u0119kszaj\u0105c og\u00f3ln\u0105 niezawodno\u015b\u0107 systemu.<\/p>\n<h3>5. Wszechstronne zastosowania<\/h3>\n<p>Dzi\u0119ki swojej elastyczno\u015bci i mo\u017cliwo\u015bci adaptacji, regulowane si\u0142owniki wide\u0142kowe znajduj\u0105 zastosowanie w wielu bran\u017cach i sektorach. Niezale\u017cnie od tego, czy chodzi o maszyny przemys\u0142owe, sprz\u0119t budowlany, czy narz\u0119dzia rolnicze, si\u0142owniki te doskonale sprawdzaj\u0105 si\u0119 w r\u00f3\u017cnorodnych zadaniach. Ich zdolno\u015b\u0107 do dostosowywania si\u0119 do zr\u00f3\u017cnicowanych wymaga\u0144 obci\u0105\u017ceniowych i warunk\u00f3w pracy sprawia, \u017ce \u200b\u200bs\u0105 wszechstronnym wyborem do wielu zastosowa\u0144 w uk\u0142adach hydraulicznych.<\/p>\n<p>Podsumowuj\u0105c, regulowane si\u0142owniki wide\u0142kowe, takie jak w\u0142oski dostawca si\u0142ownik\u00f3w hydraulicznych dwustronnego dzia\u0142ania Piston Hydraulic Ram Cylinder for Trailer, oferuj\u0105 znacz\u0105ce korzy\u015bci w uk\u0142adach hydraulicznych. Ich zwi\u0119kszona elastyczno\u015b\u0107, precyzyjne pozycjonowanie, zwi\u0119kszona wydajno\u015b\u0107 operacyjna, zwi\u0119kszone bezpiecze\u0144stwo i wszechstronno\u015b\u0107 sprawiaj\u0105, \u017ce s\u0105 popularnym wyborem w\u015br\u00f3d specjalist\u00f3w od hydrauliki. Wykorzystuj\u0105c te si\u0142owniki, specjali\u015bci mog\u0105 zoptymalizowa\u0107 swoje uk\u0142ady hydrauliczne, aby uzyska\u0107 maksymaln\u0105 wydajno\u015b\u0107 i niezawodno\u015b\u0107.<\/p>\n<p><img decoding=\"async\" src=\"https:\/\/fmp-components.com\/wp-content\/uploads\/2024\/12\/Adjustable-Clevis-Type-Cylinders5.webp\" alt=\"Regulowany cylinder typu wide\u0142kowego\" width=\"800\" title=\"\"><\/p>\n<h2>Zastosowanie regulowanych cylindr\u00f3w typu wide\u0142kowego<\/h2>\n<p>Regulowane si\u0142owniki wide\u0142kowe s\u0105 szeroko stosowane w r\u00f3\u017cnych ga\u0142\u0119ziach przemys\u0142u ze wzgl\u0119du na swoj\u0105 wszechstronno\u015b\u0107 i adaptowalno\u015b\u0107. Do najcz\u0119stszych zastosowa\u0144 tych si\u0142ownik\u00f3w nale\u017c\u0105:<\/p>\n<h3>1. Sprz\u0119t rolniczy<\/h3>\n<p>Regulowane si\u0142owniki wide\u0142kowe odgrywaj\u0105 kluczow\u0105 rol\u0119 w nowoczesnym sprz\u0119cie rolniczym. Si\u0142owniki te s\u0105 powszechnie stosowane w ci\u0105gnikach i innych ci\u0119\u017ckich maszynach do podnoszenia i przenoszenia du\u017cych \u0142adunk\u00f3w. Na przyk\u0142ad, si\u0142ownik hydrauliczny dwustronnego dzia\u0142ania z t\u0142okiem od w\u0142oskiego dostawcy do przyczep mo\u017ce by\u0107 u\u017cywany do podnoszenia p\u0142uga lub brony, u\u0142atwiaj\u0105c upraw\u0119 gleby i przygotowanie jej do zasiewu. Si\u0142owniki te mog\u0105 by\u0107 r\u00f3wnie\u017c u\u017cywane do podnoszenia i przemieszczania innego ci\u0119\u017ckiego sprz\u0119tu rolniczego, takiego jak systemy nawadniaj\u0105ce i silosy zbo\u017cowe.<\/p>\n<h3>2. Sprz\u0119t budowlany<\/h3>\n<p>Regulowane si\u0142owniki wide\u0142kowe s\u0105 r\u00f3wnie\u017c powszechnie stosowane w sprz\u0119cie budowlanym, takim jak d\u017awigi, koparki i spychacze. S\u0142u\u017c\u0105 one do podnoszenia i przenoszenia ci\u0119\u017ckich \u0142adunk\u00f3w, takich jak bloczki betonowe, belki stalowe i inne materia\u0142y budowlane. Si\u0142ownik hydrauliczny dwustronnego dzia\u0142ania z t\u0142okiem od w\u0142oskiego dostawcy do przyczep mo\u017ce by\u0107 u\u017cywany do podnoszenia i przesuwania \u0142y\u017cki \u0142adowarki czo\u0142owej, u\u0142atwiaj\u0105c kopanie i transport gleby i innych materia\u0142\u00f3w. Si\u0142owniki te mog\u0105 by\u0107 r\u00f3wnie\u017c u\u017cywane do podnoszenia i przemieszczania innego ci\u0119\u017ckiego sprz\u0119tu budowlanego, takiego jak rusztowania i szalunki betonowe.<\/p>\n<h3>3. Maszyny przemys\u0142owe<\/h3>\n<p>Regulowane si\u0142owniki wide\u0142kowe s\u0105 r\u00f3wnie\u017c stosowane w r\u00f3\u017cnych zastosowaniach maszyn przemys\u0142owych, takich jak prasy hydrauliczne, maszyny do t\u0142oczenia i wtryskarki. Si\u0142owniki te s\u0142u\u017c\u0105 do wywierania si\u0142y na materia\u0142y, takie jak metal lub tworzywo sztuczne, w celu ich ukszta\u0142towania lub uformowania. Si\u0142ownik hydrauliczny dwustronnego dzia\u0142ania z t\u0142okiem, dostarczany przez w\u0142oskiego dostawc\u0119, mo\u017ce by\u0107 u\u017cywany do wywierania si\u0142y na matryc\u0119 w maszynie do t\u0142oczenia, u\u0142atwiaj\u0105c tworzenie z\u0142o\u017conych kszta\u0142t\u00f3w i wzor\u00f3w. Si\u0142owniki te mog\u0105 by\u0107 r\u00f3wnie\u017c u\u017cywane do wywierania si\u0142y na form\u0119 we wtryskarce, u\u0142atwiaj\u0105c produkcj\u0119 cz\u0119\u015bci i komponent\u00f3w z tworzyw sztucznych.<\/p>\n<h3>4. Zastosowania morskie i offshore<\/h3>\n<p>Regulowane si\u0142owniki wide\u0142kowe s\u0105 r\u00f3wnie\u017c stosowane w zastosowaniach morskich i offshore, takich jak platformy wiertnicze, statki i okr\u0119ty podwodne. Si\u0142owniki te s\u0142u\u017c\u0105 do r\u00f3\u017cnych cel\u00f3w, takich jak otwieranie i zamykanie drzwi i w\u0142az\u00f3w, podnoszenie i opuszczanie sprz\u0119tu oraz sterowanie ruchem pojazd\u00f3w podwodnych. W\u0142oski dostawca si\u0142ownik\u00f3w hydraulicznych dwustronnego dzia\u0142ania z t\u0142okiem do przyczep mo\u017ce by\u0107 u\u017cywany do sterowania ruchem pojazdu podwodnego, u\u0142atwiaj\u0105c nawigacj\u0119 w \u015brodowisku podwodnym. Si\u0142owniki te mog\u0105 by\u0107 r\u00f3wnie\u017c u\u017cywane do podnoszenia i opuszczania sprz\u0119tu na platformie wiertniczej, u\u0142atwiaj\u0105c konserwacj\u0119 i naprawy.<\/p>\n<p>Regulowane si\u0142owniki wide\u0142kowe s\u0105 wszechstronne i \u0142atwe w adaptacji, dzi\u0119ki czemu sprawdzaj\u0105 si\u0119 w szerokim zakresie zastosowa\u0144. Niezale\u017cnie od tego, czy pracujesz w rolnictwie, budownictwie, maszynach przemys\u0142owych, czy w zastosowaniach morskich i offshore, te si\u0142owniki pomog\u0105 Ci wykona\u0107 prac\u0119 wydajniej i skuteczniej. Z odpowiednim w\u0142oskim dostawc\u0105 si\u0142ownik\u00f3w hydraulicznych dwustronnego dzia\u0142ania z t\u0142okiem do przyczep mo\u017cesz poprawi\u0107 wydajno\u015b\u0107 swojego sprz\u0119tu i osi\u0105gn\u0105\u0107 wi\u0119kszy sukces w pracy.<\/p>\n<p><img decoding=\"async\" src=\"https:\/\/fmp-components.com\/wp-content\/uploads\/2024\/12\/Application-of-Adjustable-Clevis-Type-Cylinders.webp\" alt=\"Regulowany cylinder typu wide\u0142kowego\" width=\"800\" title=\"\"><\/p>\n<h3>O FMP<\/h3>\n<p>FMP to firma specjalizuj\u0105ca si\u0119 w produkcji i sprzeda\u017cy si\u0142ownik\u00f3w hydraulicznych. Koncentruj\u0105c si\u0119 na dostarczaniu wysokiej jako\u015bci cz\u0119\u015bci do maszyn budowlanych i kompletnych rozwi\u0105za\u0144 maszynowych, stali\u015bmy si\u0119 wiarygodnym partnerem w bran\u017cy. Z siedzib\u0105 we W\u0142oszech, nasze wieloletnie do\u015bwiadczenie i profesjonalny zesp\u00f3\u0142 gwarantuj\u0105 klientom produkty i us\u0142ugi najwy\u017cszej jako\u015bci.<\/p>\n<p><strong>Nasza oferta produkt\u00f3w:<\/strong><\/p>\n<ol>\n<li><strong>Przek\u0142adnie maszyn rolniczych:<\/strong> Oferujemy szerok\u0105 gam\u0119 przek\u0142adni zaprojektowanych specjalnie do maszyn rolniczych. Przek\u0142adnie te s\u0105 trwa\u0142e i wydajne, zapewniaj\u0105c p\u0142ynn\u0105 i niezawodn\u0105 prac\u0119.<\/li>\n<li><strong>Si\u0142owniki hydrauliczne:<\/strong> Nasze cylindry hydrauliczne s\u0105 produkowane zgodnie z najwy\u017cszymi standardami, aby zapewni\u0107 doskona\u0142\u0105 wydajno\u015b\u0107 i trwa\u0142o\u015b\u0107. Zaprojektowano je tak, aby wytrzymywa\u0142y du\u017ce obci\u0105\u017cenia i trudne warunki pracy, gwarantuj\u0105c optymaln\u0105 wydajno\u015b\u0107 i niezawodno\u015b\u0107.<\/li>\n<li><strong>Przek\u0142adnie planetarne:<\/strong> Oferujemy przek\u0142adnie planetarne zaprojektowane z my\u015bl\u0105 o precyzji i trwa\u0142o\u015bci. Przek\u0142adnie te charakteryzuj\u0105 si\u0119 wysokim momentem obrotowym i p\u0142ynn\u0105 prac\u0105, dzi\u0119ki czemu idealnie nadaj\u0105 si\u0119 do r\u00f3\u017cnych zastosowa\u0144 w przemy\u015ble maszyn budowlanych.<\/li>\n<li><strong>Przek\u0142adnie przemys\u0142owe:<\/strong> Nasza oferta przek\u0142adni przemys\u0142owych zosta\u0142a zaprojektowana tak, aby sprosta\u0107 zr\u00f3\u017cnicowanym potrzebom r\u00f3\u017cnych bran\u017c. Przek\u0142adnie te charakteryzuj\u0105 si\u0119 niezawodno\u015bci\u0105, wydajno\u015bci\u0105 i d\u0142ug\u0105 \u017cywotno\u015bci\u0105.<\/li>\n<li><strong>Cz\u0119\u015bci i akcesoria do maszyn rolniczych:<\/strong> Opr\u00f3cz przek\u0142adni i si\u0142ownik\u00f3w hydraulicznych oferujemy r\u00f3wnie\u017c szerok\u0105 gam\u0119 cz\u0119\u015bci i akcesori\u00f3w do maszyn rolniczych. Komponenty te s\u0105 starannie dobierane, aby zapewni\u0107 kompatybilno\u015b\u0107 i optymaln\u0105 wydajno\u015b\u0107.<\/li>\n<\/ol>\n<p><strong>Zalety naszej firmy:<\/strong><\/p>\n<ol>\n<li><strong>Surowe standardy jako\u015bci:<\/strong> Nawi\u0105zali\u015bmy d\u0142ugotrwa\u0142e i stabilne relacje z wysokiej jako\u015bci dostawcami zar\u00f3wno w kraju, jak i za granic\u0105. Dzi\u0119ki temu mo\u017cemy zagwarantowa\u0107, \u017ce wszystkie dostarczane przez nas cz\u0119\u015bci spe\u0142niaj\u0105 rygorystyczne standardy jako\u015bci.<\/li>\n<li><strong>Do\u015bwiadczony zesp\u00f3\u0142 sprzeda\u017cy:<\/strong> Nasz zesp\u00f3\u0142 sprzeda\u017cy posiada doskona\u0142\u0105 wiedz\u0119 na temat trend\u00f3w rozwojowych i potrzeb klient\u00f3w w bran\u017cy maszyn budowlanych. Zapewniamy profesjonalne konsultacje produktowe i trafne sugestie zakupowe, aby pom\u00f3c klientom w podejmowaniu \u015bwiadomych decyzji.<\/li>\n<li><strong>Efektywna dystrybucja logistyczna:<\/strong> Dysponujemy wydajnym systemem dystrybucji logistycznej, kt\u00f3ry gwarantuje, \u017ce klienci otrzymuj\u0105 potrzebne cz\u0119\u015bci terminowo i dok\u0142adnie. Pozwala to na minimalizacj\u0119 przestoj\u00f3w i maksymaln\u0105 wydajno\u015b\u0107.<\/li>\n<li><strong>Niezawodna obs\u0142uga:<\/strong> Priorytetem jest dla nas zadowolenie klienta i dok\u0142adamy wszelkich stara\u0144, aby zapewni\u0107 doskona\u0142\u0105 obs\u0142ug\u0119 przez ca\u0142y czas. Nasz zaanga\u017cowany zesp\u00f3\u0142 jest zawsze gotowy odpowiedzie\u0107 na wszelkie pytania i w\u0105tpliwo\u015bci, zapewniaj\u0105c naszym klientom p\u0142ynn\u0105 i bezproblemow\u0105 obs\u0142ug\u0119.<\/li>\n<li><strong>Ci\u0105g\u0142e doskonalenie:<\/strong> D\u0105\u017cymy do ci\u0105g\u0142ego doskonalenia i pod\u0105\u017cania za najnowszymi osi\u0105gni\u0119ciami w bran\u017cy. Dzi\u0119ki temu mo\u017cemy oferowa\u0107 innowacyjne rozwi\u0105zania i utrzymywa\u0107 pozycj\u0119 zaufanego dostawcy cz\u0119\u015bci do maszyn budowlanych i kompletnych maszyn.<\/li>\n<\/ol>\n<p><img decoding=\"async\" src=\"https:\/\/fmp-components.com\/wp-content\/uploads\/2024\/12\/Adjustable-Clevis-Type-Cylinders-6.webp\" alt=\"Regulowany cylinder typu wide\u0142kowego\" width=\"849\" title=\"\"><\/p>\n<h4>Cz\u0119sto zadawane pytania<\/h4>\n<p><b>P: Czy jeste\u015b firm\u0105 handlow\u0105 czy produkcyjn\u0105?<\/b><br \/>\nA: Jeste\u015bmy fabryk\u0105, produkuj\u0105c\u0105 i eksportuj\u0105c\u0105 cylindry hydrauliczne.<\/p>\n<p><b>P: Jaki jest czas dostawy cylindra t\u0142okowego dwustronnego dzia\u0142ania?<\/b><br \/>\nA: Zazwyczaj czas dostawy wynosi 25\u201335 dni.<\/p>\n<p><b>P: Czy udost\u0119pniacie pr\u00f3bki? Je\u015bli tak, to czy s\u0105 one bezp\u0142atne, czy p\u0142atne?<\/b><br \/>\nO: Tak, udost\u0119pniamy pr\u00f3bki. Nie s\u0105 one jednak bezp\u0142atne.<\/p>\n<p><img decoding=\"async\" src=\"https:\/\/img.jiansujichilun.com\/img\/hydrauliccylinders\/C_hydrauliccylinders-4.webp\" alt=\"si\u0142ownik hydrauliczny\" width=\"800\" title=\"\"><\/p>\n<p>Autor: CX<\/p>","protected":false},"excerpt":{"rendered":"<p>Italy Supplier Piston Double Acting Hydraulic Ram Cylinder For Trailer is a top-notch product that is designed to provide exceptional performance and reliability. This cylinder is manufactured by a reputable supplier in Italy, known for their expertise in hydraulic systems. Featuring a piston design, this hydraulic ram cylinder ensures efficient operation in both directions. It [&hellip;]<\/p>","protected":false},"featured_media":1338,"comment_status":"closed","ping_status":"closed","template":"","meta":{"_et_pb_use_builder":"","_et_pb_old_content":"","_et_gb_content_width":""},"product_brand":[],"product_cat":[39],"product_tag":[41,34],"class_list":{"0":"post-1387","1":"product","2":"type-product","3":"status-publish","4":"has-post-thumbnail","6":"product_cat-adjustable-clevis-type-cylinders","7":"product_tag-adjustable-clevis-type-cylinders","8":"product_tag-hydraulic-cylinder","10":"first","11":"instock","12":"product-type-simple"},"_links":{"self":[{"href":"https:\/\/fmp-components.com\/pl\/wp-json\/wp\/v2\/product\/1387","targetHints":{"allow":["GET"]}}],"collection":[{"href":"https:\/\/fmp-components.com\/pl\/wp-json\/wp\/v2\/product"}],"about":[{"href":"https:\/\/fmp-components.com\/pl\/wp-json\/wp\/v2\/types\/product"}],"replies":[{"embeddable":true,"href":"https:\/\/fmp-components.com\/pl\/wp-json\/wp\/v2\/comments?post=1387"}],"wp:featuredmedia":[{"embeddable":true,"href":"https:\/\/fmp-components.com\/pl\/wp-json\/wp\/v2\/media\/1338"}],"wp:attachment":[{"href":"https:\/\/fmp-components.com\/pl\/wp-json\/wp\/v2\/media?parent=1387"}],"wp:term":[{"taxonomy":"product_brand","embeddable":true,"href":"https:\/\/fmp-components.com\/pl\/wp-json\/wp\/v2\/product_brand?post=1387"},{"taxonomy":"product_cat","embeddable":true,"href":"https:\/\/fmp-components.com\/pl\/wp-json\/wp\/v2\/product_cat?post=1387"},{"taxonomy":"product_tag","embeddable":true,"href":"https:\/\/fmp-components.com\/pl\/wp-json\/wp\/v2\/product_tag?post=1387"}],"curies":[{"name":"wp","href":"https:\/\/api.w.org\/{rel}","templated":true}]}}