{"id":1386,"date":"2024-12-23T02:19:41","date_gmt":"2024-12-23T02:19:41","guid":{"rendered":"https:\/\/fmp-components.com\/product\/customized-stainless-steel-hydraulic-cylinder-for-trailer\/"},"modified":"2024-12-23T02:48:23","modified_gmt":"2024-12-23T02:48:23","slug":"customized-stainless-steel-hydraulic-cylinder-for-trailer","status":"publish","type":"product","link":"https:\/\/fmp-components.com\/pl\/product\/customized-stainless-steel-hydraulic-cylinder-for-trailer\/","title":{"rendered":"Niestandardowy si\u0142ownik hydrauliczny ze stali nierdzewnej do przyczep"},"content":{"rendered":"<h2>Przedstawiamy dostosowany do indywidualnych potrzeb si\u0142ownik hydrauliczny ze stali nierdzewnej do przyczep:<\/h2>\n<p>Niestandardowy si\u0142ownik hydrauliczny ze stali nierdzewnej to wysokiej jako\u015bci produkt zaprojektowany specjalnie do przyczep. Ten si\u0142ownik hydrauliczny jest wykonany z wytrzyma\u0142ej stali nierdzewnej, co zapewnia jego trwa\u0142o\u015b\u0107 oraz odporno\u015b\u0107 na rdz\u0119 i korozj\u0119.<\/p>\n<p>Dzi\u0119ki specjalnej konstrukcji, ten si\u0142ownik hydrauliczny nadaje si\u0119 do r\u00f3\u017cnorodnych zastosowa\u0144 w przyczepach. Zosta\u0142 specjalnie zaprojektowany, aby zapewni\u0107 p\u0142ynn\u0105 i wydajn\u0105 prac\u0119, umo\u017cliwiaj\u0105c precyzyjn\u0105 kontrol\u0119 i stabilno\u015b\u0107 podczas transportu.<\/p>\n<p>Konstrukcja ze stali nierdzewnej zwi\u0119ksza wytrzyma\u0142o\u015b\u0107 i trwa\u0142o\u015b\u0107 cylindra, dzi\u0119ki czemu jest on w stanie wytrzyma\u0107 du\u017ce obci\u0105\u017cenia i trudne warunki. Gwarantuje to, \u017ce cylinder b\u0119dzie dzia\u0142a\u0142 niezawodnie i efektywnie przez ca\u0142y okres u\u017cytkowania.<\/p>\n<p><img loading=\"lazy\" decoding=\"async\" class=\"alignnone size-full wp-image-1334\" src=\"https:\/\/fmp-components.com\/wp-content\/uploads\/2024\/12\/Adjustable-Clevis-Type-Cylinders-4.webp\" alt=\"Cylindry typu wide\u0142kowego regulowanego\" width=\"800\" height=\"800\" title=\"\" srcset=\"https:\/\/fmp-components.com\/wp-content\/uploads\/2024\/12\/Adjustable-Clevis-Type-Cylinders-4.webp 800w, https:\/\/fmp-components.com\/wp-content\/uploads\/2024\/12\/Adjustable-Clevis-Type-Cylinders-4-480x480.webp 480w\" sizes=\"(min-width: 0px) and (max-width: 480px) 480px, (min-width: 481px) 800px, 100vw\" \/><\/p>\n<p>Dostosowany si\u0142ownik hydrauliczny ze stali nierdzewnej jest wyposa\u017cony w zaawansowane funkcje, kt\u00f3re zwi\u0119kszaj\u0105 jego wydajno\u015b\u0107. Zawiera uk\u0142ad hydrauliczny, kt\u00f3ry umo\u017cliwia \u0142atw\u0105 i wygodn\u0105 regulacj\u0119 skoku i ci\u015bnienia si\u0142ownika, zapewniaj\u0105c optymaln\u0105 funkcjonalno\u015b\u0107 dla r\u00f3\u017cnych wymaga\u0144 przyczepy.<\/p>\n<p>Co wi\u0119cej, ten si\u0142ownik hydrauliczny zosta\u0142 zaprojektowany z my\u015bl\u0105 o \u0142atwo\u015bci monta\u017cu i konserwacji. Zosta\u0142 zaprojektowany z my\u015bl\u0105 o obs\u0142udze, co pozwala na szybki i bezproblemowy monta\u017c na przyczepach. Jego konstrukcja, wymagaj\u0105ca niewielkiej konserwacji, ogranicza konieczno\u015b\u0107 cz\u0119stego serwisowania, oszcz\u0119dzaj\u0105c czas i zasoby.<\/p>\n<p>Podsumowuj\u0105c, spersonalizowany si\u0142ownik hydrauliczny ze stali nierdzewnej do przyczep to produkt najwy\u017cszej klasy, oferuj\u0105cy wyj\u0105tkow\u0105 wydajno\u015b\u0107 i niezawodno\u015b\u0107. Jego doskona\u0142a konstrukcja, zaawansowane funkcje i \u0142atwo\u015b\u0107 obs\u0142ugi sprawiaj\u0105, \u017ce jest to idealny wyb\u00f3r do ka\u017cdego zastosowania w przyczepie. Zainwestuj w ten si\u0142ownik hydrauliczny, aby zapewni\u0107 p\u0142ynn\u0105 i wydajn\u0105 prac\u0119 swojej przyczepy, zwi\u0119kszaj\u0105c wydajno\u015b\u0107 i wygod\u0119.<\/p>\n<table style=\"width: 100%;\" border=\"1\" width=\"100%\" cellspacing=\"0\" cellpadding=\"0\">\n<tbody>\n<tr>\n<th>Opis produktu<\/th>\n<td>Niestandardowy si\u0142ownik hydrauliczny ze stali nierdzewnej do przyczep<\/td>\n<\/tr>\n<tr>\n<th>Stan<\/th>\n<td>Nowy<\/td>\n<\/tr>\n<tr>\n<th>Gwarancja<\/th>\n<td>1 rok<\/td>\n<\/tr>\n<tr>\n<th>Zastosowane bran\u017ce<\/th>\n<td>Warsztaty naprawy maszyn, gospodarstwa rolne, energetyka i g\u00f3rnictwo, produkcja maszyn, fabryki maszyn<\/td>\n<\/tr>\n<tr>\n<th>Waga (kg)<\/th>\n<td>47<\/td>\n<\/tr>\n<tr>\n<th>Tworzywo<\/th>\n<td>Stal nierdzewna<\/td>\n<\/tr>\n<tr>\n<th>Maksymalny ci\u0105g<\/th>\n<td>3000<\/td>\n<\/tr>\n<tr>\n<th>Typ<\/th>\n<td>Regulowany cylinder typu wide\u0142kowego<\/td>\n<\/tr>\n<tr>\n<th>Porty<\/th>\n<td>G\/SAE\/NPT\/M<\/td>\n<\/tr>\n<tr>\n<th>Maksymalna \u0142adowno\u015b\u0107<\/th>\n<td>20 ton<\/td>\n<\/tr>\n<tr>\n<th>Orzecznictwo<\/th>\n<td>Certyfikat ISO9001:2000<\/td>\n<\/tr>\n<tr>\n<th>Kolor<\/th>\n<td>Czarny<\/td>\n<\/tr>\n<tr>\n<th>Rozmiar otworu<\/th>\n<td>2-6 cali<\/td>\n<\/tr>\n<tr>\n<th>Rozmiar pr\u0119ta<\/th>\n<td>1,125-4 cale<\/td>\n<\/tr>\n<tr>\n<th>Rozmiar poci\u0105gni\u0119cia<\/th>\n<td>4-100 cali<\/td>\n<\/tr>\n<tr>\n<th>Rozmiar szpilki<\/th>\n<td>0,5-2 cale<\/td>\n<\/tr>\n<\/tbody>\n<\/table>\n<p>&nbsp;<\/p>\n<h2>Szczeg\u00f3\u0142owe informacje na temat cylindra hydraulicznego<\/h2>\n<p>Nasz niestandardowy si\u0142ownik hydrauliczny ze stali nierdzewnej to jeden z unikatowych produkt\u00f3w w naszej ofercie. Dost\u0119pny jest w wersji z regulowanym wide\u0142kiem, znanej ze swojej wszechstronno\u015bci i stabilno\u015bci. \u015arednica cylindra waha si\u0119 od 2 do 6 cali (5,8 cm), oferuj\u0105c szerokie spektrum zastosowa\u0144. Skok t\u0142oka, b\u0119d\u0105cy miar\u0105 ca\u0142kowitego ruchu t\u0142oka w si\u0142owniku, waha si\u0119 od 4 do 100 cali (10,4 cm). Zapewnia to szeroki zakres ruchu, dzi\u0119ki czemu si\u0142ownik nadaje si\u0119 do ci\u0119\u017ckich zastosowa\u0144. Rozmiar t\u0142oczyska waha si\u0119 od 1,125 do 4 cali (2,8 cm) do 4 cali (1,25 cm), a rozmiar sworznia od 0,5 do 2 cali (2,4 cm). Ten si\u0142ownik hydrauliczny mo\u017ce wytworzy\u0107 maksymaln\u0105 si\u0142\u0119 ci\u0105gu 3000 i ud\u017awig do 20 ton, co \u015bwiadczy o jego imponuj\u0105cej mocy.<\/p>\n<p>Si\u0142ownik hydrauliczny wykonany jest z wysokiej jako\u015bci stali nierdzewnej, co gwarantuje trwa\u0142o\u015b\u0107 i niezawodno\u015b\u0107. Korpus wykonany jest ze stali, dzi\u0119ki czemu jest odporny na korozj\u0119 i wytrzymuje trudne warunki, co czyni go idealnym do ci\u0119\u017ckich maszyn i zastosowa\u0144 przemys\u0142owych. Czarny kolor nadaje mu profesjonalny wygl\u0105d, a stalowy korpus gwarantuje wytrzyma\u0142o\u015b\u0107.<\/p>\n<p>Nasze si\u0142owniki hydrauliczne znajduj\u0105 zastosowanie w wielu ga\u0142\u0119ziach przemys\u0142u. Znajduj\u0105 zastosowanie w warsztatach naprawczych maszyn, gospodarstwach rolnych, przemy\u015ble energetycznym i g\u00f3rniczym, produkcji maszyn oraz fabrykach maszyn. Wszechstronno\u015b\u0107 i moc naszych si\u0142ownik\u00f3w hydraulicznych sprawia, \u017ce \u200b\u200bnadaj\u0105 si\u0119 one do ci\u0119\u017ckich zada\u0144 w tych sektorach.<\/p>\n<h2>Zalety regulowanych cylindr\u00f3w typu wide\u0142kowego<\/h2>\n<p>Regulowane si\u0142owniki wide\u0142kowe to kluczowe elementy uk\u0142ad\u00f3w hydraulicznych ci\u0119\u017ckich maszyn, w tym maszyn rolniczych, budowlanych i ci\u0119\u017car\u00f3wek. Oto niekt\u00f3re z zalet stosowania regulowanych si\u0142ownik\u00f3w wide\u0142kowych w tych zastosowaniach:<\/p>\n<h3>1. Zwi\u0119kszona wydajno\u015b\u0107<\/h3>\n<p>Regulowane cylindry wide\u0142kowe zosta\u0142y zaprojektowane z my\u015bl\u0105 o zapewnieniu wysokiej wydajno\u015bci w wymagaj\u0105cych warunkach. Cylindry te wykonane s\u0105 z trwa\u0142ych materia\u0142\u00f3w, w tym specjalnie dobranej stali nierdzewnej, kt\u00f3ra zapewnia wysoki stopie\u0144 wytrzyma\u0142o\u015bci, odporno\u015bci na korozj\u0119 i trwa\u0142o\u015bci. Dzi\u0119ki swoim wysokim mo\u017cliwo\u015bciom, regulowane cylindry wide\u0142kowe pomagaj\u0105 maszynom o du\u017cej wytrzyma\u0142o\u015bci pracowa\u0107 wydajnie i efektywnie.<\/p>\n<h3>2. Opcje projektowania na zam\u00f3wienie<\/h3>\n<p>Istotn\u0105 zalet\u0105 regulowanych si\u0142ownik\u00f3w wide\u0142kowych jest mo\u017cliwo\u015b\u0107 ich dostosowania do konkretnych zastosowa\u0144. Dostosowanie to obejmuje dob\u00f3r materia\u0142\u00f3w, rozmiar\u00f3w si\u0142ownika oraz konfiguracj\u0119 opcji monta\u017cu. Ta elastyczno\u015b\u0107 konstrukcji gwarantuje idealne dopasowanie si\u0142ownika do maszyny, u\u0142atwiaj\u0105c jego u\u017cytkowanie i obs\u0142ug\u0119.<\/p>\n<h3>3. Poprawa bezpiecze\u0144stwa<\/h3>\n<p>Kolejn\u0105 zalet\u0105 regulowanych si\u0142ownik\u00f3w wide\u0142kowych jest ich wk\u0142ad w bezpiecze\u0144stwo w maszynach ci\u0119\u017ckich. Si\u0142owniki te s\u0105 zaprojektowane do przenoszenia du\u017cych obci\u0105\u017ce\u0144 i ci\u015bnie\u0144, co czyni je idealnymi do stosowania w maszynach, w kt\u00f3rych bezpiecze\u0144stwo jest szczeg\u00f3lnie wa\u017cne. Dzi\u0119ki wysokiej wytrzyma\u0142o\u015bci i trwa\u0142o\u015bci pomagaj\u0105 zmniejszy\u0107 ryzyko awarii maszyn, kt\u00f3re mog\u0142yby prowadzi\u0107 do wypadk\u00f3w lub obra\u017ce\u0144.<\/p>\n<h3>4. Ni\u017csze koszty utrzymania<\/h3>\n<p>Regulowane si\u0142owniki wide\u0142kowe zosta\u0142y zaprojektowane tak, aby by\u0142y elementami o niskich wymaganiach konserwacyjnych. Dzi\u0119ki trwa\u0142ym materia\u0142om i solidnej konstrukcji, si\u0142owniki te wymagaj\u0105 minimalnej konserwacji, co redukuje koszty konserwacji i przestoje. Ta cecha sprawia, \u017ce \u200b\u200bidealnie nadaj\u0105 si\u0119 do stosowania w odleg\u0142ych lub trudnych warunkach, gdzie konserwacja jest trudna lub kosztowna.<\/p>\n<h3>5. Zwi\u0119kszona wydajno\u015b\u0107<\/h3>\n<p>Regulowany charakter si\u0142ownik\u00f3w wide\u0142kowych pozwala na precyzyjn\u0105 kontrol\u0119 maszyn, w kt\u00f3rych s\u0105 zamontowane. Ta cecha u\u0142atwia efektywne wykorzystanie sprz\u0119tu, zmniejszaj\u0105c zu\u017cycie paliwa i poprawiaj\u0105c og\u00f3ln\u0105 wydajno\u015b\u0107. Mo\u017cliwo\u015b\u0107 kontrolowania ruch\u00f3w maszyn oznacza r\u00f3wnie\u017c mniejsze prawdopodobie\u0144stwo ich uszkodzenia spowodowanego przeci\u0105\u017ceniem lub nadmiern\u0105 prac\u0105.<\/p>\n<p>Podsumowuj\u0105c, regulowane si\u0142owniki wide\u0142kowe oferuj\u0105 wiele korzy\u015bci dla maszyn ci\u0119\u017ckich, w tym zwi\u0119kszon\u0105 wydajno\u015b\u0107, mo\u017cliwo\u015b\u0107 dostosowania konstrukcji, wi\u0119ksze bezpiecze\u0144stwo, ni\u017csze koszty konserwacji i zwi\u0119kszon\u0105 wydajno\u015b\u0107. Dzi\u0119ki wysokiej wytrzyma\u0142o\u015bci i trwa\u0142o\u015bci si\u0142owniki te idealnie nadaj\u0105 si\u0119 do stosowania w wymagaj\u0105cych warunkach, zapewniaj\u0105c niezawodn\u0105 i wydajn\u0105 prac\u0119.<img decoding=\"async\" src=\"https:\/\/fmp-components.com\/wp-content\/uploads\/2024\/12\/Adjustable-Clevis-Type-Cylinders5.webp\" alt=\"Regulowany cylinder typu wide\u0142kowego\" width=\"800\" title=\"\"><\/p>\n<h2>Zastosowanie regulowanych cylindr\u00f3w typu wide\u0142kowego<\/h2>\n<p>Regulowane cylindry wide\u0142kowe s\u0105 szeroko stosowane w r\u00f3\u017cnych ga\u0142\u0119ziach przemys\u0142u ze wzgl\u0119du na mo\u017cliwo\u015b\u0107 podnoszenia du\u017cych ci\u0119\u017car\u00f3w i utrzymywania sta\u0142ego ci\u015bnienia. Cylindry te s\u0105 szczeg\u00f3lnie przydatne w zastosowaniach wymagaj\u0105cych precyzji i kontroli, takich jak budownictwo, motoryzacja i przemys\u0142 wytw\u00f3rczy.<\/p>\n<p>Oto niekt\u00f3re z typowych zastosowa\u0144 regulowanych cylindr\u00f3w wide\u0142kowych:<\/p>\n<h3>1. Ci\u0119\u017cki sprz\u0119t<\/h3>\n<p>Regulowane si\u0142owniki wide\u0142kowe s\u0105 cz\u0119sto stosowane w ci\u0119\u017ckich maszynach, takich jak koparki, d\u017awigi i \u0142adowarki. Maszyny te wymagaj\u0105 du\u017cej mocy do podnoszenia ci\u0119\u017ckich przedmiot\u00f3w i wykonywania r\u00f3\u017cnych zada\u0144. Regulowane si\u0142owniki wide\u0142kowe zapewniaj\u0105 niezb\u0119dn\u0105 moc i kontrol\u0119, aby skutecznie porusza\u0107 maszyn\u0105. Niestandardowy si\u0142ownik hydrauliczny ze stali nierdzewnej do przyczep jest jednym z przyk\u0142ad\u00f3w regulowanych si\u0142ownik\u00f3w wide\u0142kowych stosowanych w ci\u0119\u017ckich maszynach.<\/p>\n<h3>2. Budowa<\/h3>\n<p>Bran\u017ca budowlana w du\u017cym stopniu opiera si\u0119 na regulowanych si\u0142ownikach wide\u0142kowych do r\u00f3\u017cnych zastosowa\u0144, takich jak wiercenie, rozbi\u00f3rka i wykopy. Si\u0142owniki te s\u0142u\u017c\u0105 do zapewnienia si\u0142y niezb\u0119dnej do przebicia betonu i innych materia\u0142\u00f3w budowlanych. S\u0142u\u017c\u0105 r\u00f3wnie\u017c do podnoszenia ci\u0119\u017ckich \u0142adunk\u00f3w, takich jak belki stalowe i inne materia\u0142y budowlane.<\/p>\n<h3>3. Motoryzacja<\/h3>\n<p>Regulowane si\u0142owniki wide\u0142kowe s\u0105 szeroko stosowane w przemy\u015ble motoryzacyjnym do r\u00f3\u017cnych zastosowa\u0144, takich jak podnoszenie ci\u0119\u017ckich pojazd\u00f3w i przenoszenie ci\u0119\u017ckich element\u00f3w. S\u0105 r\u00f3wnie\u017c wykorzystywane w procesach produkcyjnych do monta\u017cu cz\u0119\u015bci i wykonywania innych zada\u0144. Si\u0142owniki te zosta\u0142y zaprojektowane z my\u015bl\u0105 o trwa\u0142o\u015bci i odporno\u015bci na trudne warunki panuj\u0105ce w przemy\u015ble motoryzacyjnym.<\/p>\n<h3>4. Produkcja<\/h3>\n<p>Regulowane si\u0142owniki wide\u0142kowe s\u0105 szeroko stosowane w przemy\u015ble wytw\u00f3rczym do r\u00f3\u017cnych zastosowa\u0144, takich jak prasowanie, zaciskanie i formowanie. S\u0142u\u017c\u0105 one do wywierania sta\u0142ego nacisku na materia\u0142y w celu uzyskania precyzyjnych kszta\u0142t\u00f3w i form. S\u0142u\u017c\u0105 r\u00f3wnie\u017c do podnoszenia ci\u0119\u017ckich \u0142adunk\u00f3w i przemieszczania materia\u0142\u00f3w na hali produkcyjnej.<\/p>\n<p>Podsumowuj\u0105c, regulowane si\u0142owniki wide\u0142kowe to wszechstronne i u\u017cyteczne narz\u0119dzia, szeroko stosowane w r\u00f3\u017cnych bran\u017cach. Zapewniaj\u0105 one niezb\u0119dn\u0105 moc i kontrol\u0119 do wykonywania r\u00f3\u017cnorodnych zada\u0144, takich jak podnoszenie ci\u0119\u017ckich \u0142adunk\u00f3w, przebijanie betonu i formowanie precyzyjnych kszta\u0142t\u00f3w. Niestandardowy si\u0142ownik hydrauliczny ze stali nierdzewnej do przyczep to jeden z przyk\u0142ad\u00f3w takich si\u0142ownik\u00f3w stosowanych w ci\u0119\u017ckim sprz\u0119cie. Niezale\u017cnie od tego, czy dzia\u0142asz w bran\u017cy budowlanej, motoryzacyjnej, czy produkcyjnej, regulowane si\u0142owniki wide\u0142kowe pomog\u0105 Ci wykonywa\u0107 zadania efektywniej i wydajniej.<img decoding=\"async\" src=\"https:\/\/fmp-components.com\/wp-content\/uploads\/2024\/12\/Application-of-Adjustable-Clevis-Type-Cylinders.webp\" alt=\"Regulowany cylinder typu wide\u0142kowego\" width=\"800\" title=\"\"><\/p>\n<h3>O FMP \u2013 cylindrze hydraulicznym<\/h3>\n<p>Je\u015bli szukasz niezawodnych i wysokiej jako\u015bci si\u0142ownik\u00f3w hydraulicznych, to trafi\u0142e\u015b we w\u0142a\u015bciwe miejsce. FMP to renomowana firma specjalizuj\u0105ca si\u0119 w sprzeda\u017cy i serwisie cz\u0119\u015bci oraz kompletnych maszyn budowlanych. Dzi\u0119ki wieloletniemu do\u015bwiadczeniu w bran\u017cy i profesjonalnemu zespo\u0142owi, dostarczamy naszym klientom si\u0142owniki hydrauliczne najwy\u017cszej jako\u015bci, zaprojektowane z my\u015bl\u0105 o ich indywidualnych potrzebach.<\/p>\n<p>Oto pi\u0119\u0107 powod\u00f3w, dla kt\u00f3rych warto wybra\u0107 FMP do produkcji cylindr\u00f3w hydraulicznych:<\/p>\n<p>1. Szeroka gama produkt\u00f3w: W FMP oferujemy szerok\u0105 gam\u0119 si\u0142ownik\u00f3w hydraulicznych, w tym si\u0142owniki z regulowanym wide\u0142kiem, si\u0142owniki z wide\u0142kiem spawanym i wiele innych. Nasze produkty nadaj\u0105 si\u0119 do r\u00f3\u017cnych typ\u00f3w maszyn budowlanych, w tym maszyn rolniczych, przemys\u0142owych i innych.<\/p>\n<p>2. Materia\u0142y najwy\u017cszej jako\u015bci: W naszych produktach u\u017cywamy wy\u0142\u0105cznie materia\u0142\u00f3w najwy\u017cszej jako\u015bci, co gwarantuje spe\u0142nienie rygorystycznych norm jako\u015bciowych. Nasze cylindry hydrauliczne wykonane s\u0105 z wysokiej jako\u015bci stali, co zapewnia trwa\u0142o\u015b\u0107 i d\u0142ugotrwa\u0142\u0105 wydajno\u015b\u0107.<\/p>\n<p>3. Profesjonalne konsultacje: Nasz do\u015bwiadczony zesp\u00f3\u0142 sprzeda\u017cy jest zawsze gotowy do udzielenia profesjonalnych konsultacji i porad. Rozumiemy trendy rozwojowe i potrzeby klient\u00f3w w bran\u017cy maszyn budowlanych i pomo\u017cemy Ci dobra\u0107 odpowiedni si\u0142ownik hydrauliczny do Twoich potrzeb.<\/p>\n<p>4. Sprawny system dystrybucji logistycznej: Dysponujemy sprawnym systemem dystrybucji logistycznej, kt\u00f3ry gwarantuje, \u017ce nasi klienci otrzymuj\u0105 potrzebne im cz\u0119\u015bci terminowo i dok\u0142adnie. Oznacza to, \u017ce mo\u017cesz na nas liczy\u0107, \u017ce dostarczymy Ci si\u0142ownik hydrauliczny, kiedy go potrzebujesz.<\/p>\n<p>5. Konkurencyjne ceny: W FMP oferujemy nasze produkty w konkurencyjnych cenach, bez kompromis\u00f3w w zakresie jako\u015bci. Wierzymy, \u017ce ka\u017cdy powinien mie\u0107 dost\u0119p do wysokiej jako\u015bci cylindr\u00f3w hydraulicznych w przyst\u0119pnej cenie.<\/p>\n<p>Je\u015bli szukasz niezawodnego i profesjonalnego dostawcy si\u0142ownik\u00f3w hydraulicznych, FMP jest w\u0142a\u015bnie dla Ciebie. Skontaktuj si\u0119 z nami ju\u017c dzi\u015b, aby dowiedzie\u0107 si\u0119 wi\u0119cej o naszych produktach i us\u0142ugach.<\/p>\n<p><img decoding=\"async\" src=\"https:\/\/fmp-components.com\/wp-content\/uploads\/2024\/12\/Adjustable-Clevis-Type-Cylinders-6.webp\" alt=\"Regulowany cylinder typu wide\u0142kowego\" width=\"848\" title=\"\"><\/p>\n<h2>Cz\u0119sto zadawane pytania<\/h2>\n<p><b>P: Jaka jest maksymalna \u0142adowno\u015b\u0107 si\u0142ownika hydraulicznego?<\/b><br \/>\nA: Si\u0142ownik hydrauliczny mo\u017ce ud\u017awign\u0105\u0107 ci\u0119\u017car o maksymalnej wadze 20 ton.<\/p>\n<p><b>P: Jaki jest okres gwarancji na si\u0142ownik hydrauliczny?<\/b><br \/>\nA: Si\u0142ownik hydrauliczny obj\u0119ty jest roczn\u0105 gwarancj\u0105.<\/p>\n<p><b>P: Czy si\u0142ownik hydrauliczny mo\u017cna dostosowa\u0107 do konkretnych wymaga\u0144?<\/b><br \/>\nA: Tak, oferujemy opcje dostosowywania do Twoich konkretnych potrzeb.<\/p>\n<p><img decoding=\"async\" src=\"https:\/\/img.jiansujichilun.com\/img\/hydrauliccylinders\/T_hydrauliccylinders-3.webp\" alt=\"si\u0142ownik hydrauliczny\" width=\"800\" title=\"\"><\/p>\n<p>Autor: CX<\/p>","protected":false},"excerpt":{"rendered":"<p>Introducing the Customized Stainless Steel Hydraulic Cylinder For Trailer: The Customized Stainless Steel Hydraulic Cylinder is a high-quality product designed specifically for trailers. This hydraulic cylinder is made from durable stainless steel, ensuring its longevity and resistance to rust and corrosion. With its customized design, this hydraulic cylinder is suitable for a variety of trailer [&hellip;]<\/p>","protected":false},"featured_media":1336,"comment_status":"closed","ping_status":"closed","template":"","meta":{"_et_pb_use_builder":"","_et_pb_old_content":"","_et_gb_content_width":""},"product_brand":[],"product_cat":[39],"product_tag":[41,34],"class_list":{"0":"post-1386","1":"product","2":"type-product","3":"status-publish","4":"has-post-thumbnail","6":"product_cat-adjustable-clevis-type-cylinders","7":"product_tag-adjustable-clevis-type-cylinders","8":"product_tag-hydraulic-cylinder","10":"first","11":"instock","12":"product-type-simple"},"_links":{"self":[{"href":"https:\/\/fmp-components.com\/pl\/wp-json\/wp\/v2\/product\/1386","targetHints":{"allow":["GET"]}}],"collection":[{"href":"https:\/\/fmp-components.com\/pl\/wp-json\/wp\/v2\/product"}],"about":[{"href":"https:\/\/fmp-components.com\/pl\/wp-json\/wp\/v2\/types\/product"}],"replies":[{"embeddable":true,"href":"https:\/\/fmp-components.com\/pl\/wp-json\/wp\/v2\/comments?post=1386"}],"wp:featuredmedia":[{"embeddable":true,"href":"https:\/\/fmp-components.com\/pl\/wp-json\/wp\/v2\/media\/1336"}],"wp:attachment":[{"href":"https:\/\/fmp-components.com\/pl\/wp-json\/wp\/v2\/media?parent=1386"}],"wp:term":[{"taxonomy":"product_brand","embeddable":true,"href":"https:\/\/fmp-components.com\/pl\/wp-json\/wp\/v2\/product_brand?post=1386"},{"taxonomy":"product_cat","embeddable":true,"href":"https:\/\/fmp-components.com\/pl\/wp-json\/wp\/v2\/product_cat?post=1386"},{"taxonomy":"product_tag","embeddable":true,"href":"https:\/\/fmp-components.com\/pl\/wp-json\/wp\/v2\/product_tag?post=1386"}],"curies":[{"name":"wp","href":"https:\/\/api.w.org\/{rel}","templated":true}]}}