{"id":1385,"date":"2024-12-23T02:19:41","date_gmt":"2024-12-23T02:19:41","guid":{"rendered":"https:\/\/fmp-components.com\/product\/china-factory-supply-welded-double-acting-hydraulic-cylinders-for-agriculture\/"},"modified":"2024-12-23T08:52:55","modified_gmt":"2024-12-23T08:52:55","slug":"italy-factory-supply-welded-double-acting-hydraulic-cylinders-for-agriculture","status":"publish","type":"product","link":"https:\/\/fmp-components.com\/pl\/product\/italy-factory-supply-welded-double-acting-hydraulic-cylinders-for-agriculture\/","title":{"rendered":"W\u0142ochy Dostawa fabrycznie spawanych dwustronnego dzia\u0142ania si\u0142ownik\u00f3w hydraulicznych do rolnictwa"},"content":{"rendered":"<p>Dostarczane fabrycznie we W\u0142oszech, spawane, dwustronne cylindry hydrauliczne do rolnictwa to wysokiej jako\u015bci cylindry hydrauliczne zaprojektowane specjalnie do maszyn rolniczych. Cylindry te s\u0105 produkowane we W\u0142oszech i s\u0142yn\u0105 z trwa\u0142o\u015bci, niezawodno\u015bci i doskona\u0142ej wydajno\u015bci w r\u00f3\u017cnorodnych zastosowaniach rolniczych.<\/p>\n<p>Te si\u0142owniki hydrauliczne zosta\u0142y zaprojektowane specjalnie do pracy w uk\u0142adzie dwustronnego dzia\u0142ania, co oznacza, \u017ce \u200b\u200bmo\u017cna je wysuwa\u0107 i wsuwa\u0107 za pomoc\u0105 ci\u015bnienia hydraulicznego. Ta funkcja zapewnia precyzyjn\u0105 kontrol\u0119 i wydajn\u0105 prac\u0119, dzi\u0119ki czemu idealnie nadaj\u0105 si\u0119 do maszyn rolniczych wymagaj\u0105cych precyzyjnych i p\u0142ynnych ruch\u00f3w.<\/p>\n<p>Cylindry s\u0105 wykonane z wysokiej jako\u015bci materia\u0142\u00f3w i zaawansowanych technik spawalniczych, co zapewnia ich wytrzyma\u0142o\u015b\u0107 i odporno\u015b\u0107 na du\u017ce obci\u0105\u017cenia i trudne warunki \u015brodowiskowe. Dzi\u0119ki temu nadaj\u0105 si\u0119 do stosowania w wymagaj\u0105cych zastosowaniach rolniczych, takich jak orka, zbi\u00f3r, podnoszenie i wysypywanie.<\/p>\n<p><img loading=\"lazy\" decoding=\"async\" class=\"alignnone size-full wp-image-1334\" src=\"https:\/\/fmp-components.com\/wp-content\/uploads\/2024\/12\/Adjustable-Clevis-Type-Cylinders-4.webp\" alt=\"Cylindry typu wide\u0142kowego regulowanego\" width=\"800\" height=\"800\" title=\"\" srcset=\"https:\/\/fmp-components.com\/wp-content\/uploads\/2024\/12\/Adjustable-Clevis-Type-Cylinders-4.webp 800w, https:\/\/fmp-components.com\/wp-content\/uploads\/2024\/12\/Adjustable-Clevis-Type-Cylinders-4-480x480.webp 480w\" sizes=\"(min-width: 0px) and (max-width: 480px) 480px, (min-width: 481px) 800px, 100vw\" \/><\/p>\n<p>Dostarczane fabrycznie we W\u0142oszech, spawane, dwustronnego dzia\u0142ania si\u0142owniki hydrauliczne do rolnictwa s\u0105 dost\u0119pne w r\u00f3\u017cnych rozmiarach i specyfikacjach, aby spe\u0142ni\u0107 specyficzne wymagania r\u00f3\u017cnych maszyn rolniczych. Mo\u017cna je \u0142atwo zamontowa\u0107 i zintegrowa\u0107 z r\u00f3\u017cnymi maszynami rolniczymi, zapewniaj\u0105c niezawodn\u0105 i wydajn\u0105 moc hydrauliczn\u0105.<\/p>\n<p>Dzi\u0119ki swojej najwy\u017cszej jako\u015bci i wydajno\u015bci, te si\u0142owniki hydrauliczne przyczyniaj\u0105 si\u0119 do poprawy wydajno\u015bci i efektywno\u015bci operacji rolniczych. Zosta\u0142y zaprojektowane tak, aby sprosta\u0107 surowym wymaganiom bran\u017cy rolniczej, zapewniaj\u0105c d\u0142ugotrwa\u0142\u0105 wydajno\u015b\u0107 i minimalizuj\u0105c przestoje.<\/p>\n<p>Podsumowuj\u0105c, spawane, dwustronnego dzia\u0142ania si\u0142owniki hydrauliczne do maszyn rolniczych, dostarczane przez fabryk\u0119 we W\u0142oszech, to niezawodne i wydajne rozwi\u0105zanie hydrauliczne dla maszyn rolniczych. Dzi\u0119ki swojej trwa\u0142o\u015bci, precyzji i wszechstronno\u015bci, si\u0142owniki te odgrywaj\u0105 kluczow\u0105 rol\u0119 w zwi\u0119kszaniu wydajno\u015bci i produktywno\u015bci gospodarstw rolnych.<\/p>\n<p>Nowo wyprodukowane spawane dwustronnego dzia\u0142ania si\u0142owniki hydrauliczne przeznaczone do zastosowa\u0144 rolniczych s\u0105 ju\u017c dost\u0119pne. Si\u0142owniki te wa\u017c\u0105 30 kg i s\u0105 dostarczane z wideokontrol\u0105 wyj\u015bciow\u0105 oraz raportem z test\u00f3w maszyn. Posiadaj\u0105 certyfikat ISO9001:2000. Cechy tych si\u0142ownik\u00f3w hydraulicznych obejmuj\u0105 hydrauliczne \u017ar\u00f3d\u0142o zasilania, stalowy korpus, maksymalny nacisk 3000 oraz regulowan\u0105 konstrukcj\u0119 wide\u0142kow\u0105. Dodatkowo, si\u0142owniki te obj\u0119te s\u0105 roczn\u0105 gwarancj\u0105 zar\u00f3wno na produkt, jak i na g\u0142\u00f3wne komponenty, w tym \u0142o\u017cysko i si\u0142ownik hydrauliczny.<\/p>\n<h2>Zalety regulowanych cylindr\u00f3w typu wide\u0142kowego<\/h2>\n<p>Regulowane si\u0142owniki wide\u0142kowe, takie jak spawane dwustronnego dzia\u0142ania si\u0142owniki hydrauliczne do rolnictwa produkowane we W\u0142oszech, oferuj\u0105 szereg zalet w por\u00f3wnaniu z innymi typami si\u0142ownik\u00f3w hydraulicznych. W tym artykule om\u00f3wimy je szczeg\u00f3\u0142owo.<\/p>\n<h3>1. Wi\u0119ksza elastyczno\u015b\u0107 i mo\u017cliwo\u015b\u0107 personalizacji<\/h3>\n<p>Jedn\u0105 z kluczowych zalet regulowanych si\u0142ownik\u00f3w z wide\u0142kami jest ich zwi\u0119kszona elastyczno\u015b\u0107 i mo\u017cliwo\u015b\u0107 dostosowania do indywidualnych potrzeb. Si\u0142owniki te posiadaj\u0105 opcj\u0119 monta\u017cu wide\u0142kowego, kt\u00f3ra umo\u017cliwia \u0142atw\u0105 regulacj\u0119 d\u0142ugo\u015bci skoku si\u0142ownika. Oznacza to, \u017ce si\u0142ownik mo\u017cna \u0142atwo dostosowa\u0107 do konkretnych wymaga\u0144 i zastosowa\u0144.<\/p>\n<p>Regulacja po\u0142o\u017cenia wide\u0142ek pozwala na zwi\u0119kszenie lub zmniejszenie d\u0142ugo\u015bci skoku, co zapewnia wi\u0119ksz\u0105 kontrol\u0119 nad ruchem uk\u0142adu hydraulicznego. Ta elastyczno\u015b\u0107 umo\u017cliwia si\u0142ownikowi dostosowanie si\u0119 do r\u00f3\u017cnych warunk\u00f3w pracy i optymalizacj\u0119 jego wydajno\u015bci.<\/p>\n<p>Co wi\u0119cej, regulowany wide\u0142ek u\u0142atwia instalacj\u0119 i konserwacj\u0119. Upraszcza proces wyr\u00f3wnywania i \u0142\u0105czenia si\u0142ownika z innymi komponentami, oszcz\u0119dzaj\u0105c czas i wysi\u0142ek podczas konfiguracji.<\/p>\n<h3>2. Poprawa wydajno\u015bci i produktywno\u015bci<\/h3>\n<p>Kolejn\u0105 zalet\u0105 regulowanych si\u0142ownik\u00f3w wide\u0142kowych jest ich zdolno\u015b\u0107 do zwi\u0119kszania efektywno\u015bci i produktywno\u015bci w r\u00f3\u017cnych zastosowaniach, szczeg\u00f3lnie w rolnictwie.<\/p>\n<p>Te si\u0142owniki zapewniaj\u0105 precyzyjn\u0105 kontrol\u0119 i p\u0142ynn\u0105 prac\u0119, umo\u017cliwiaj\u0105c precyzyjne pozycjonowanie narz\u0119dzi i sprz\u0119tu rolniczego. Niezale\u017cnie od tego, czy chodzi o regulacj\u0119 wysoko\u015bci narz\u0119dzia uprawowego, czy kontrol\u0119 k\u0105ta nachylenia osprz\u0119tu \u017cniwnego, regulowany si\u0142ownik wide\u0142kowy zapewnia niezb\u0119dn\u0105 si\u0142\u0119 i precyzj\u0119, gwarantuj\u0105c optymaln\u0105 wydajno\u015b\u0107.<\/p>\n<p>Co wi\u0119cej, regulowana d\u0142ugo\u015b\u0107 skoku umo\u017cliwia operatorom precyzyjne dostrojenie ruchu cylindra, co przek\u0142ada si\u0119 na wi\u0119ksz\u0105 wydajno\u015b\u0107 i mniejsze zu\u017cycie energii. Przek\u0142ada si\u0119 to na oszcz\u0119dno\u015bci i wzrost wydajno\u015bci w rolnictwie.<\/p>\n<h3>3. Zwi\u0119kszona trwa\u0142o\u015b\u0107 i wydajno\u015b\u0107<\/h3>\n<p>Regulowane si\u0142owniki wide\u0142kowe zosta\u0142y zaprojektowane tak, aby wytrzyma\u0107 trudne warunki pracy i zapewni\u0107 d\u0142ugotrwa\u0142\u0105 wydajno\u015b\u0107. Si\u0142owniki te s\u0105 wykonane z wysokiej jako\u015bci materia\u0142\u00f3w i poddawane rygorystycznym testom w celu zapewnienia trwa\u0142o\u015bci i niezawodno\u015bci.<\/p>\n<p>Dzi\u0119ki takim cechom jak hartowane chromowane t\u0142oczyska i konstrukcja ze stali o wysokiej wytrzyma\u0142o\u015bci, si\u0142owniki te oferuj\u0105 wyj\u0105tkow\u0105 odporno\u015b\u0107 na zu\u017cycie, korozj\u0119 i uderzenia. Dzi\u0119ki temu nadaj\u0105 si\u0119 do wymagaj\u0105cych zastosowa\u0144 w rolnictwie, gdzie nara\u017cenie na trudne warunki i du\u017ce obci\u0105\u017cenia jest powszechne.<\/p>\n<p>Dodatkowo, regulowane si\u0142owniki wide\u0142kowe s\u0105 wyposa\u017cone w zaawansowan\u0105 technologi\u0119 uszczelniania, kt\u00f3ra zapobiega wyciekom i utrzymuje optymaln\u0105 wydajno\u015b\u0107 przez d\u0142ugi czas. Zapewnia to niezawodn\u0105 prac\u0119 i minimalizuje przestoje zwi\u0105zane z naprawami i konserwacj\u0105.<\/p>\n<p>Podsumowuj\u0105c, regulowane si\u0142owniki wide\u0142kowe, takie jak spawane dwustronnego dzia\u0142ania si\u0142owniki hydrauliczne do rolnictwa z W\u0142och, oferuj\u0105 szereg zalet, kt\u00f3re zwi\u0119kszaj\u0105 elastyczno\u015b\u0107, wydajno\u015b\u0107 i trwa\u0142o\u015b\u0107. Mo\u017cliwo\u015b\u0107 dostosowania d\u0142ugo\u015bci skoku, precyzyjna kontrola i solidna konstrukcja sprawiaj\u0105, \u017ce si\u0142owniki te idealnie nadaj\u0105 si\u0119 do zastosowa\u0144 rolniczych. Zastosowanie regulowanych si\u0142ownik\u00f3w wide\u0142kowych w uk\u0142adach hydraulicznych mo\u017ce prowadzi\u0107 do wzrostu wydajno\u015bci, obni\u017cenia koszt\u00f3w i poprawy og\u00f3lnej wydajno\u015bci.<\/p>\n<p><img decoding=\"async\" src=\"https:\/\/fmp-components.com\/wp-content\/uploads\/2024\/12\/Adjustable-Clevis-Type-Cylinders5.webp\" alt=\"Regulowany cylinder typu wide\u0142kowego\" width=\"800\" title=\"\"><\/p>\n<h2>Zastosowanie regulowanych cylindr\u00f3w typu wide\u0142kowego<\/h2>\n<p>Regulowane si\u0142owniki wide\u0142kowe s\u0105 wszechstronne i szeroko stosowane w r\u00f3\u017cnych ga\u0142\u0119ziach przemys\u0142u, w tym w rolnictwie, budownictwie i przemy\u015ble. W tym artykule skupimy si\u0119 na zastosowaniu regulowanych si\u0142ownik\u00f3w wide\u0142kowych w rolnictwie.<\/p>\n<p>1. Wdra\u017canie kontroli<\/p>\n<p>Jednym z najcz\u0119stszych zastosowa\u0144 regulowanych si\u0142ownik\u00f3w wide\u0142kowych w rolnictwie jest sterowanie narz\u0119dziami. Si\u0142owniki te s\u0142u\u017c\u0105 do sterowania i regulacji wysoko\u015bci i k\u0105ta nachylenia r\u00f3\u017cnych narz\u0119dzi, takich jak p\u0142ugi, kultywatory i sadzarki. Dzi\u0119ki regulowanym si\u0142ownikom wide\u0142kowym rolnicy mog\u0105 \u0142atwo regulowa\u0107 wysoko\u015b\u0107 i k\u0105t nachylenia narz\u0119dzi, aby zoptymalizowa\u0107 penetracj\u0119 gleby, zmniejszy\u0107 jej zag\u0119szczenie i zwi\u0119kszy\u0107 plony.<\/p>\n<p>Dostarczane fabrycznie we W\u0142oszech spawane dwustronne cylindry hydrauliczne do rolnictwa zosta\u0142y zaprojektowane specjalnie dla przemys\u0142u rolnego. Cylindry te s\u0105 wykonane z wysokiej jako\u015bci materia\u0142\u00f3w i zaprojektowane tak, aby wytrzyma\u0107 trudne warunki \u015brodowiskowe, takie jak kurz, zanieczyszczenia i ekstremalne warunki pogodowe.<\/p>\n<p>2. Sprz\u0119t do zbioru<\/p>\n<p>Regulowane si\u0142owniki wide\u0142kowe s\u0105 r\u00f3wnie\u017c stosowane w r\u00f3\u017cnych typach maszyn \u017cniwnych, takich jak kombajny zbo\u017cowe i sieczkarnie samojezdne. S\u0142u\u017c\u0105 one do regulacji wysoko\u015bci i k\u0105ta nachylenia g\u0142owicy \u017cniwnej, umo\u017cliwiaj\u0105c rolnikom optymalizacj\u0119 procesu zbioru i zwi\u0119kszenie plon\u00f3w.<\/p>\n<p>Ponadto dostarczane fabrycznie we W\u0142oszech spawane dwustronne si\u0142owniki hydrauliczne do rolnictwa zosta\u0142y zaprojektowane tak, aby zapewnia\u0107 maksymaln\u0105 moc i trwa\u0142o\u015b\u0107, dzi\u0119ki czemu idealnie nadaj\u0105 si\u0119 do stosowania w ci\u0119\u017ckim sprz\u0119cie do zbior\u00f3w.<\/p>\n<p>3. Systemy nawadniaj\u0105ce<\/p>\n<p>Systemy nawadniaj\u0105ce s\u0105 niezb\u0119dne dla wzrostu i plon\u00f3w upraw. W systemach nawadniaj\u0105cych stosuje si\u0119 regulowane cylindry z wide\u0142kami, kt\u00f3re kontroluj\u0105 k\u0105t i przep\u0142yw wody, zapewniaj\u0105c uprawom optymaln\u0105 ilo\u015b\u0107 wody dla wzrostu i rozwoju.<\/p>\n<p>Dostarczane fabrycznie we W\u0142oszech spawane dwustronne si\u0142owniki hydrauliczne do rolnictwa s\u0105 zaprojektowane tak, aby zapewni\u0107 precyzyjn\u0105 kontrol\u0119 przep\u0142ywu wody, dzi\u0119ki czemu idealnie nadaj\u0105 si\u0119 do stosowania w systemach nawadniaj\u0105cych.<\/p>\n<p>4. Sprz\u0119t do hodowli zwierz\u0105t<\/p>\n<p>Regulowane si\u0142owniki wide\u0142kowe s\u0105 r\u00f3wnie\u017c stosowane w r\u00f3\u017cnego rodzaju sprz\u0119cie dla zwierz\u0105t gospodarskich, takim jak systemy karmienia i urz\u0105dzenia do obs\u0142ugi zwierz\u0105t. S\u0142u\u017c\u0105 one do regulacji wysoko\u015bci i k\u0105ta nachylenia sprz\u0119tu, umo\u017cliwiaj\u0105c rolnikom optymalizacj\u0119 procesu karmienia oraz popraw\u0119 zdrowia i dobrostanu zwierz\u0105t gospodarskich.<\/p>\n<p>Dostarczane fabrycznie we W\u0142oszech spawane dwustronnego dzia\u0142ania si\u0142owniki hydrauliczne dla rolnictwa zosta\u0142y zaprojektowane tak, aby zapewnia\u0107 maksymaln\u0105 moc i precyzyjn\u0105 kontrol\u0119, dzi\u0119ki czemu idealnie nadaj\u0105 si\u0119 do stosowania w sprz\u0119cie do hodowli zwierz\u0105t.<\/p>\n<p>Podsumowuj\u0105c, regulowane si\u0142owniki wide\u0142kowe s\u0105 niezb\u0119dnymi elementami w r\u00f3\u017cnych zastosowaniach rolniczych. Dostarczane fabrycznie we W\u0142oszech spawane si\u0142owniki hydrauliczne dwustronnego dzia\u0142ania do rolnictwa zosta\u0142y zaprojektowane z my\u015bl\u0105 o zapewnieniu maksymalnej mocy, trwa\u0142o\u015bci i precyzyjnej kontroli, co czyni je idealnymi do zastosowa\u0144 w rolnictwie.<img decoding=\"async\" src=\"https:\/\/fmp-components.com\/wp-content\/uploads\/2024\/12\/Application-of-Adjustable-Clevis-Type-Cylinders.webp\" alt=\"Regulowany cylinder typu wide\u0142kowego\" width=\"800\" title=\"\"><\/p>\n<h3>O FMP<\/h3>\n<p>FMP to firma specjalizuj\u0105ca si\u0119 w produkcji i sprzeda\u017cy si\u0142ownik\u00f3w hydraulicznych. Jako niezawodny i do\u015bwiadczony dostawca cz\u0119\u015bci do maszyn budowlanych i kompletnych rozwi\u0105za\u0144 maszynowych, dok\u0142adamy wszelkich stara\u0144, aby oferowa\u0107 naszym klientom wysokiej jako\u015bci produkty i doskona\u0142\u0105 obs\u0142ug\u0119.<\/p>\n<p><img decoding=\"async\" src=\"https:\/\/fmp-components.com\/wp-content\/uploads\/2024\/12\/Adjustable-Clevis-Type-Cylinders-6.webp\" alt=\"Regulowany cylinder typu wide\u0142kowego\" width=\"847\" title=\"\"><\/p>\n<h4>1. Szeroki asortyment produkt\u00f3w<\/h4>\n<p>W FMP oferujemy szerok\u0105 gam\u0119 si\u0142ownik\u00f3w hydraulicznych odpowiednich do r\u00f3\u017cnych zastosowa\u0144 w bran\u017cy maszyn budowlanych. Nasza oferta obejmuje si\u0142owniki z regulowanym wide\u0142kiem, si\u0142owniki teleskopowe, si\u0142owniki spawane i wiele innych. Niezale\u017cnie od Pa\u0144stwa indywidualnych potrzeb, mamy odpowiedni si\u0142ownik hydrauliczny, kt\u00f3ry je spe\u0142ni.<\/p>\n<h4>2. Najwy\u017csza jako\u015b\u0107<\/h4>\n<p>Rozumiemy, jak wa\u017cne s\u0105 niezawodne i trwa\u0142e cz\u0119\u015bci do maszyn budowlanych. Dlatego wszystkie nasze si\u0142owniki hydrauliczne s\u0105 produkowane z wysokiej jako\u015bci materia\u0142\u00f3w i poddawane rygorystycznym procesom kontroli jako\u015bci. Dzi\u0119ki temu nasze produkty wytrzymuj\u0105 trudne warunki panuj\u0105ce na placach budowy i zapewniaj\u0105 d\u0142ugotrwa\u0142\u0105 wydajno\u015b\u0107.<\/p>\n<h4>3. Opcje personalizacji<\/h4>\n<p>Zdajemy sobie spraw\u0119, \u017ce r\u00f3\u017cne projekty mog\u0105 wymaga\u0107 unikalnych specyfikacji dla cylindr\u00f3w hydraulicznych. Dlatego oferujemy opcje personalizacji, aby dopasowa\u0107 nasze produkty do Pa\u0144stwa specyficznych wymaga\u0144. Nasz do\u015bwiadczony zesp\u00f3\u0142 b\u0119dzie \u015bci\u015ble z Pa\u0144stwem wsp\u00f3\u0142pracowa\u0107, aby zaprojektowa\u0107 i wyprodukowa\u0107 cylindry hydrauliczne idealnie odpowiadaj\u0105ce Pa\u0144stwa potrzebom.<\/p>\n<h4>4. Zesp\u00f3\u0142 sprzeda\u017cy z du\u017c\u0105 wiedz\u0105<\/h4>\n<p>Nasz zesp\u00f3\u0142 sprzeda\u017cy sk\u0142ada si\u0119 z profesjonalist\u00f3w, kt\u00f3rzy doskonale znaj\u0105 bran\u017c\u0119 maszyn budowlanych. Posiadaj\u0105 oni dog\u0142\u0119bn\u0105 wiedz\u0119 na temat najnowszych trend\u00f3w i potrzeb klient\u00f3w na rynku. Wybieraj\u0105c FMP, mo\u017cesz liczy\u0107 na fachowe doradztwo produktowe i inteligentne sugestie zakupowe, kt\u00f3re pomog\u0105 Ci podj\u0105\u0107 \u015bwiadom\u0105 decyzj\u0119.<\/p>\n<h4>5. Efektywna dystrybucja logistyczna<\/h4>\n<p>Terminowa dostawa ma kluczowe znaczenie w bran\u017cy maszyn budowlanych, dlatego priorytetem jest dla nas sprawna dystrybucja logistyczna. Dzi\u0119ki naszemu sprawdzonemu systemowi gwarantujemy szybk\u0105 i precyzyjn\u0105 dostaw\u0119 potrzebnych cylindr\u00f3w hydraulicznych. Pozwala to zminimalizowa\u0107 przestoje i zapewni\u0107 p\u0142ynn\u0105 realizacj\u0119 projekt\u00f3w.<\/p>\n<h2>Cz\u0119sto zadawane pytania<\/h2>\n<p><b>P: Jakiego typu si\u0142owniki hydrauliczne oferujecie?<\/b><br \/>\nA: Oferujemy cylindry z pr\u0119tem \u015bci\u0105gaj\u0105cym, spawane, teleskopowe oraz cylindry pojedynczego lub dwustronnego dzia\u0142ania.<\/p>\n<p><b>P: Czy oferujecie opcje personalizacji?<\/b><br \/>\nO: Tak, mo\u017cemy dostosowa\u0107 nasze cylindry hydrauliczne do Twoich konkretnych wymaga\u0144.<\/p>\n<p><b>P: Jak mog\u0119 przed\u0142u\u017cy\u0107 \u017cywotno\u015b\u0107 mojego cylindra hydraulicznego?<\/b><br \/>\nA: Regularne kontrole, dbanie o czysto\u015b\u0107 p\u0142ynu hydraulicznego i terminowa wymiana zu\u017cytych cz\u0119\u015bci mog\u0105 zapewni\u0107 d\u0142ug\u0105 \u017cywotno\u015b\u0107 cylindra hydraulicznego.<\/p>\n<p><img decoding=\"async\" src=\"https:\/\/img.jiansujichilun.com\/img\/hydrauliccylinders\/C_hydrauliccylinders-4.webp\" alt=\"si\u0142ownik hydrauliczny\" width=\"800\" title=\"\"><\/p>\n<p>Autor: CX<\/p>","protected":false},"excerpt":{"rendered":"<p>Italy Factory Supply Welded Double Acting Hydraulic Cylinders For Agriculture are high-quality hydraulic cylinders designed specifically for agricultural machinery. These cylinders are manufactured in Italy and are known for their durability, reliability, and excellent performance in various agricultural applications. These hydraulic cylinders are specifically designed for double-acting operation, which means they can extend and retract [&hellip;]<\/p>","protected":false},"featured_media":1340,"comment_status":"closed","ping_status":"closed","template":"","meta":{"_et_pb_use_builder":"","_et_pb_old_content":"","_et_gb_content_width":""},"product_brand":[],"product_cat":[39],"product_tag":[41,34],"class_list":{"0":"post-1385","1":"product","2":"type-product","3":"status-publish","4":"has-post-thumbnail","6":"product_cat-adjustable-clevis-type-cylinders","7":"product_tag-adjustable-clevis-type-cylinders","8":"product_tag-hydraulic-cylinder","10":"first","11":"instock","12":"product-type-simple"},"_links":{"self":[{"href":"https:\/\/fmp-components.com\/pl\/wp-json\/wp\/v2\/product\/1385","targetHints":{"allow":["GET"]}}],"collection":[{"href":"https:\/\/fmp-components.com\/pl\/wp-json\/wp\/v2\/product"}],"about":[{"href":"https:\/\/fmp-components.com\/pl\/wp-json\/wp\/v2\/types\/product"}],"replies":[{"embeddable":true,"href":"https:\/\/fmp-components.com\/pl\/wp-json\/wp\/v2\/comments?post=1385"}],"wp:featuredmedia":[{"embeddable":true,"href":"https:\/\/fmp-components.com\/pl\/wp-json\/wp\/v2\/media\/1340"}],"wp:attachment":[{"href":"https:\/\/fmp-components.com\/pl\/wp-json\/wp\/v2\/media?parent=1385"}],"wp:term":[{"taxonomy":"product_brand","embeddable":true,"href":"https:\/\/fmp-components.com\/pl\/wp-json\/wp\/v2\/product_brand?post=1385"},{"taxonomy":"product_cat","embeddable":true,"href":"https:\/\/fmp-components.com\/pl\/wp-json\/wp\/v2\/product_cat?post=1385"},{"taxonomy":"product_tag","embeddable":true,"href":"https:\/\/fmp-components.com\/pl\/wp-json\/wp\/v2\/product_tag?post=1385"}],"curies":[{"name":"wp","href":"https:\/\/api.w.org\/{rel}","templated":true}]}}