{"id":1377,"date":"2024-12-23T02:18:57","date_gmt":"2024-12-23T02:18:57","guid":{"rendered":"https:\/\/fmp-components.com\/product\/cost-effective-hydraulic-piston-cylinder-adjustable-hydraulic-cylinder-for-tractor\/"},"modified":"2025-03-18T00:56:01","modified_gmt":"2025-03-18T00:56:01","slug":"cost-effective-hydraulic-piston-cylinder-adjustable-hydraulic-cylinder-for-tractor","status":"publish","type":"product","link":"https:\/\/fmp-components.com\/pl\/product\/cost-effective-hydraulic-piston-cylinder-adjustable-hydraulic-cylinder-for-tractor\/","title":{"rendered":"Ekonomiczny si\u0142ownik hydrauliczny z regulowanym si\u0142ownikiem hydraulicznym do ci\u0105gnika"},"content":{"rendered":"<h2>Przedstawiamy ekonomiczny, regulowany si\u0142ownik hydrauliczny z t\u0142okiem hydraulicznym do ci\u0105gnika<\/h2>\n<p>Ekonomiczny, regulowany si\u0142ownik hydrauliczny z t\u0142okiem hydraulicznym do ci\u0105gnik\u00f3w to produkt najwy\u017cszej klasy, kt\u00f3ry zapewnia optymaln\u0105 wydajno\u015b\u0107 i trwa\u0142o\u015b\u0107. Ten mocny si\u0142ownik hydrauliczny zosta\u0142 zaprojektowany z my\u015bl\u0105 o bezproblemowej wsp\u00f3\u0142pracy z ci\u0105gnikami i innym ci\u0119\u017ckim sprz\u0119tem, zapewniaj\u0105c niezawodn\u0105 i wydajn\u0105 prac\u0119 nawet w najtrudniejszych warunkach.<\/p>\n<p>Wykonany z wysokiej jako\u015bci materia\u0142\u00f3w, ten si\u0142ownik hydrauliczny zosta\u0142 zaprojektowany z my\u015bl\u0105 o trwa\u0142o\u015bci i utrzymaniu optymalnej wydajno\u015bci przez d\u0142ugi czas. Dzi\u0119ki regulowanej konstrukcji mo\u017cna go \u0142atwo i precyzyjnie dopasowa\u0107 do specyficznych potrzeb ci\u0105gnika, zapewniaj\u0105c maksymaln\u0105 wydajno\u015b\u0107 i produktywno\u015b\u0107.<\/p>\n<p>Niezale\u017cnie od tego, czy pracujesz w rolnictwie, budownictwie, czy w innej bran\u017cy wymagaj\u0105cej niezawodnego i wydajnego ci\u0119\u017ckiego sprz\u0119tu, ekonomiczny, regulowany si\u0142ownik hydrauliczny z t\u0142okiem hydraulicznym do ci\u0105gnika to idealny wyb\u00f3r. Po co wi\u0119c czeka\u0107? Zainwestuj w ten mocny si\u0142ownik hydrauliczny ju\u017c dzi\u015b i przekonaj si\u0119, jak bardzo mo\u017ce on wp\u0142yn\u0105\u0107 na Twoj\u0105 firm\u0119.<\/p>\n<p><img loading=\"lazy\" decoding=\"async\" class=\"alignnone size-full wp-image-1334\" src=\"https:\/\/fmp-components.com\/wp-content\/uploads\/2024\/12\/Adjustable-Clevis-Type-Cylinders-4.webp\" alt=\"Cylindry typu wide\u0142kowego regulowanego\" width=\"800\" height=\"800\" title=\"\" srcset=\"https:\/\/fmp-components.com\/wp-content\/uploads\/2024\/12\/Adjustable-Clevis-Type-Cylinders-4.webp 800w, https:\/\/fmp-components.com\/wp-content\/uploads\/2024\/12\/Adjustable-Clevis-Type-Cylinders-4-480x480.webp 480w\" sizes=\"(min-width: 0px) and (max-width: 480px) 480px, (min-width: 481px) 800px, 100vw\" \/><\/p>\n<table style=\"width: 100%;\" border=\"1\" width=\"100%\" cellspacing=\"0\" cellpadding=\"0\">\n<tbody>\n<tr>\n<th>Nazwa produktu<\/th>\n<td>Si\u0142ownik t\u0142okowy hydrauliczny do ci\u0105gnik\u00f3w<\/td>\n<\/tr>\n<tr>\n<th>Op\u0142acalno\u015b\u0107<\/th>\n<td>Bardzo ekonomiczne rozwi\u0105zanie<\/td>\n<\/tr>\n<tr>\n<th>Zastosowane bran\u017ce<\/th>\n<td>Warsztaty naprawy maszyn, gospodarstwa rolne, energetyka i g\u00f3rnictwo, produkcja maszyn, fabryki maszyn<\/td>\n<\/tr>\n<tr>\n<th>Gwarancja<\/th>\n<td>1 rok<\/td>\n<\/tr>\n<tr>\n<th>Waga (kg)<\/th>\n<td>30<\/td>\n<\/tr>\n<tr>\n<th>Kontrola wideo wychodz\u0105ca<\/th>\n<td>Pod warunkiem, \u017ce<\/td>\n<\/tr>\n<tr>\n<th>Raport z bada\u0144 maszyn<\/th>\n<td>Pod warunkiem, \u017ce<\/td>\n<\/tr>\n<tr>\n<th>G\u0142\u00f3wne komponenty<\/th>\n<td>\u0141o\u017cysko, si\u0142ownik hydrauliczny<\/td>\n<\/tr>\n<tr>\n<th>Standardowe czy niestandardowe<\/th>\n<td>Standard<\/td>\n<\/tr>\n<tr>\n<th>Moc<\/th>\n<td>Hydrauliczny<\/td>\n<\/tr>\n<tr>\n<th>Materia\u0142 korpusu<\/th>\n<td>Wytrzyma\u0142a stal<\/td>\n<\/tr>\n<tr>\n<th>Maksymalny ci\u0105g<\/th>\n<td>3000<\/td>\n<\/tr>\n<tr>\n<th>Typ<\/th>\n<td>Regulowany cylinder typu wide\u0142kowego<\/td>\n<\/tr>\n<tr>\n<th>Orzecznictwo<\/th>\n<td>ISO 9001:2000<\/td>\n<\/tr>\n<tr>\n<th>Rozmiar otworu<\/th>\n<td>2 \u2013 6 cali<\/td>\n<\/tr>\n<tr>\n<th>Rozmiar pr\u0119ta<\/th>\n<td>1,125 \u2013 4 cale<\/td>\n<\/tr>\n<tr>\n<th>Rozmiar poci\u0105gni\u0119cia<\/th>\n<td>4 \u2013 100 cali<\/td>\n<\/tr>\n<tr>\n<th>Rozmiar szpilki<\/th>\n<td>0,5 \u2013 2 cale<\/td>\n<\/tr>\n<tr>\n<th>Kolor<\/th>\n<td>Czarny<\/td>\n<\/tr>\n<tr>\n<th>Szczeg\u00f3\u0142y opakowania<\/th>\n<td>Skrzynia \u017celazna, skrzynia ze sklejki lub pude\u0142ko kartonowe<\/td>\n<\/tr>\n<tr>\n<th><\/th>\n<td><\/td>\n<\/tr>\n<\/tbody>\n<\/table>\n<h2>Zalety regulowanych cylindr\u00f3w typu wide\u0142kowego<\/h2>\n<p>Regulowane si\u0142owniki wide\u0142kowe oferuj\u0105 liczne korzy\u015bci i zalety w r\u00f3\u017cnych zastosowaniach. Te hydrauliczne si\u0142owniki t\u0142okowe zosta\u0142y zaprojektowane z my\u015bl\u0105 o oszcz\u0119dno\u015bci i wyj\u0105tkowej wydajno\u015bci w r\u00f3\u017cnych bran\u017cach, takich jak rolnictwo i budownictwo. W tym artykule przyjrzymy si\u0119 bli\u017cej zaletom regulowanych si\u0142ownik\u00f3w wide\u0142kowych i wyja\u015bnimy, dlaczego s\u0105 one popularnym wyborem w ci\u0105gnikach i innych ci\u0119\u017ckich maszynach.<\/p>\n<p><strong>1. Wi\u0119ksza elastyczno\u015b\u0107:<\/strong> Jedn\u0105 z kluczowych zalet regulowanych si\u0142ownik\u00f3w z wide\u0142kami jest ich elastyczno\u015b\u0107. Si\u0142owniki te s\u0105 wyposa\u017cone w mocowanie wide\u0142kowe, co umo\u017cliwia \u0142atw\u0105 regulacj\u0119 d\u0142ugo\u015bci si\u0142ownika. Ta regulacja pozwala si\u0142ownikowi dostosowa\u0107 si\u0119 do r\u00f3\u017cnych warunk\u00f3w pracy i wymaga\u0144, co czyni go niezwykle wszechstronnym w r\u00f3\u017cnych zastosowaniach. Niezale\u017cnie od tego, czy chodzi o osprz\u0119t ci\u0105gnika, czy maszyn\u0119 przemys\u0142ow\u0105, regulowany si\u0142ownik z wide\u0142kami mo\u017cna precyzyjnie dopasowa\u0107, zapewniaj\u0105c optymaln\u0105 wydajno\u015b\u0107.<\/p>\n<p><strong>2. Poprawa efektywno\u015bci:<\/strong> Regulowane si\u0142owniki wide\u0142kowe przyczyniaj\u0105 si\u0119 do poprawy wydajno\u015bci operacyjnej. Dzi\u0119ki mo\u017cliwo\u015bci regulacji, si\u0142owniki te mo\u017cna precyzyjnie dostroi\u0107, aby zapewni\u0107 maksymaln\u0105 si\u0142\u0119 i precyzj\u0119 w okre\u015blonych zadaniach. Optymalizuj\u0105c d\u0142ugo\u015b\u0107 skoku si\u0142ownika i ci\u015bnienie robocze, operatorzy mog\u0105 uzyska\u0107 lepsz\u0105 kontrol\u0119 nad maszyn\u0105, co przek\u0142ada si\u0119 na wzrost wydajno\u015bci i mniejsze zu\u017cycie energii.<\/p>\n<p><strong>3. Trwa\u0142o\u015b\u0107 i niezawodno\u015b\u0107:<\/strong> Regulowane si\u0142owniki wide\u0142kowe zosta\u0142y zaprojektowane tak, aby wytrzyma\u0107 du\u017ce obci\u0105\u017cenia i trudne warunki pracy. Wykonane s\u0105 z wysokiej jako\u015bci materia\u0142\u00f3w, takich jak hartowana stal, co gwarantuje ich trwa\u0142o\u015b\u0107 i d\u0142ugowieczno\u015b\u0107. Si\u0142owniki te wytrzymuj\u0105 ekstremalne ci\u015bnienia, wahania temperatury i intensywne u\u017cytkowanie, co czyni je niezawodnymi komponentami do ci\u0119\u017ckich zastosowa\u0144.<\/p>\n<p><strong>4. \u0141atwa instalacja:<\/strong> Kolejn\u0105 zalet\u0105 regulowanych si\u0142ownik\u00f3w z wide\u0142kami jest \u0142atwo\u015b\u0107 monta\u017cu. Si\u0142owniki te zosta\u0142y zaprojektowane z my\u015bl\u0105 o prostym monta\u017cu, a wide\u0142ki zapewniaj\u0105 bezpieczny punkt mocowania. Prostota monta\u017cu skraca przestoje i umo\u017cliwia szybk\u0105 i bezproblemow\u0105 wymian\u0119 lub konserwacj\u0119 w razie potrzeby.<\/p>\n<p><strong>5. Efektywno\u015b\u0107 kosztowa:<\/strong> Regulowane si\u0142owniki wide\u0142kowe oferuj\u0105 ekonomiczne rozwi\u0105zanie w por\u00f3wnaniu z innymi opcjami si\u0142ownik\u00f3w hydraulicznych. Ich mo\u017cliwo\u015b\u0107 regulacji eliminuje potrzeb\u0119 stosowania si\u0142ownik\u00f3w na zam\u00f3wienie do konkretnych zastosowa\u0144, co obni\u017ca koszty og\u00f3lne. Dodatkowo, ich trwa\u0142o\u015b\u0107 i niezawodno\u015b\u0107 minimalizuj\u0105 konieczno\u015b\u0107 cz\u0119stych wymian lub napraw, co dodatkowo obni\u017ca koszty konserwacji.<\/p>\n<p>Og\u00f3lnie rzecz bior\u0105c, regulowane si\u0142owniki wide\u0142kowe zapewniaj\u0105 znacz\u0105ce korzy\u015bci pod wzgl\u0119dem elastyczno\u015bci, wydajno\u015bci, trwa\u0142o\u015bci, \u0142atwo\u015bci monta\u017cu i op\u0142acalno\u015bci. Ich mo\u017cliwo\u015b\u0107 regulacji w po\u0142\u0105czeniu z wyj\u0105tkow\u0105 wydajno\u015bci\u0105 sprawia, \u017ce \u200b\u200bs\u0105 idealnym wyborem do ci\u0105gnik\u00f3w i innych zastosowa\u0144 ci\u0119\u017ckiego sprz\u0119tu. Niezale\u017cnie od tego, czy chodzi o dostosowanie do r\u00f3\u017cnych warunk\u00f3w pracy, czy uzyskanie precyzyjnej kontroli, si\u0142owniki te zapewniaj\u0105 niezawodn\u0105 i ekonomiczn\u0105 moc hydrauliczn\u0105.<\/p>\n<p><img decoding=\"async\" src=\"https:\/\/fmp-components.com\/wp-content\/uploads\/2024\/12\/Adjustable-Clevis-Type-Cylinders5.webp\" alt=\"Regulowany cylinder typu wide\u0142kowego\" width=\"800\" title=\"\"><\/p>\n<h2>Zastosowanie regulowanych cylindr\u00f3w typu wide\u0142kowego<\/h2>\n<p>Regulowane si\u0142owniki wide\u0142kowe, takie jak ekonomiczny si\u0142ownik hydrauliczny z t\u0142okiem i regulowany si\u0142ownik hydrauliczny do ci\u0105gnik\u00f3w, znajduj\u0105 zastosowanie w r\u00f3\u017cnych bran\u017cach. Si\u0142owniki te zapewniaj\u0105 wszechstronne i niezawodne rozwi\u0105zania dla szerokiej gamy uk\u0142ad\u00f3w mechanicznych. W tym artykule szczeg\u00f3\u0142owo om\u00f3wimy zastosowania regulowanych si\u0142ownik\u00f3w wide\u0142kowych i ich zalety.<\/p>\n<h3>1. Automatyka przemys\u0142owa<\/h3>\n<p>Jednym z g\u0142\u00f3wnych zastosowa\u0144 regulowanych si\u0142ownik\u00f3w wide\u0142kowych jest automatyka przemys\u0142owa. Si\u0142owniki te odgrywaj\u0105 kluczow\u0105 rol\u0119 w p\u0142ynnej pracy zautomatyzowanych maszyn i urz\u0105dze\u0144. Dzi\u0119ki regulowanej konstrukcji wide\u0142kowej mo\u017cna je \u0142atwo zintegrowa\u0107 z r\u00f3\u017cnymi systemami automatyki, zapewniaj\u0105c precyzyjny i kontrolowany ruch liniowy. Ekonomiczny si\u0142ownik hydrauliczny z t\u0142okiem oraz regulowany si\u0142ownik hydrauliczny do ci\u0105gnik\u00f3w s\u0105 szczeg\u00f3lnie odpowiednie do zastosowa\u0144 wymagaj\u0105cych du\u017cej si\u0142y i trwa\u0142o\u015bci.<\/p>\n<h3>2. Obs\u0142uga materia\u0142\u00f3w<\/h3>\n<p>Regulowane si\u0142owniki wide\u0142kowe s\u0105 szeroko stosowane w systemach transportu bliskiego. Si\u0142owniki te umo\u017cliwiaj\u0105 \u0142atwe podnoszenie i przemieszczanie ci\u0119\u017ckich \u0142adunk\u00f3w. Funkcja regulacji pozwala na precyzyjne pozycjonowanie \u0142adunku, zapewniaj\u0105c wydajne i bezpieczne operacje transportu bliskiego. Ekonomiczny si\u0142ownik hydrauliczny z t\u0142okiem i regulowany si\u0142ownik hydrauliczny do ci\u0105gnik\u00f3w s\u0105 powszechnie stosowane w w\u00f3zkach wid\u0142owych, d\u017awigach i innych urz\u0105dzeniach do transportu bliskiego.<\/p>\n<h3>3. Maszyny rolnicze<\/h3>\n<p>Maszyny rolnicze w du\u017cym stopniu wykorzystuj\u0105 regulowane si\u0142owniki wide\u0142kowe do r\u00f3\u017cnych zastosowa\u0144. Od orki i uprawy roli, po zbiory i za\u0142adunek, si\u0142owniki te zapewniaj\u0105 niezb\u0119dn\u0105 moc i kontrol\u0119, umo\u017cliwiaj\u0105c wydajne prace rolnicze. Regulowany si\u0142ownik hydrauliczny do ci\u0105gnik\u00f3w zosta\u0142 zaprojektowany tak, aby sprosta\u0107 trudnym warunkom panuj\u0105cym w rolnictwie, zapewniaj\u0105c jednocze\u015bnie optymaln\u0105 wydajno\u015b\u0107. Rolnicy i profesjonali\u015bci z bran\u017cy rolniczej mog\u0105 skorzysta\u0107 z ekonomicznego rozwi\u0105zania oferowanego przez te si\u0142owniki.<\/p>\n<h3>4. Sprz\u0119t budowlany<\/h3>\n<p>Regulowane si\u0142owniki wide\u0142kowe znajduj\u0105 szerokie zastosowanie w sprz\u0119cie budowlanym. Od koparek i \u0142adowarek, po d\u017awigi i spychacze, si\u0142owniki te s\u0105 niezb\u0119dne do precyzyjnego przemieszczania i pozycjonowania ci\u0119\u017ckiego sprz\u0119tu. Mo\u017cliwo\u015b\u0107 regulacji tych si\u0142ownik\u00f3w zapewnia elastyczno\u015b\u0107 w r\u00f3\u017cnych zastosowaniach budowlanych, gwarantuj\u0105c precyzj\u0119 i wydajno\u015b\u0107 pracy. Ekonomiczny si\u0142ownik hydrauliczny z t\u0142okiem, wraz z regulowanym si\u0142ownikiem hydraulicznym do ci\u0105gnik\u00f3w, oferuje ekonomiczne rozwi\u0105zania dla firm budowlanych, bez kompromis\u00f3w w zakresie wydajno\u015bci i trwa\u0142o\u015bci.<\/p>\n<h3>5. Procesy produkcyjne<\/h3>\n<p>W procesach produkcyjnych regulowane si\u0142owniki wide\u0142kowe s\u0105 wykorzystywane do szerokiego zakresu zada\u0144. Si\u0142owniki te s\u0105 stosowane na liniach monta\u017cowych, w prasach i innych urz\u0105dzeniach produkcyjnych, aby zapewni\u0107 kontrolowany ruch liniowy. Regulowana funkcja tych si\u0142ownik\u00f3w pozwala na ich dostosowanie do r\u00f3\u017cnych wymaga\u0144 produkcyjnych. Ekonomiczny si\u0142ownik hydrauliczny z t\u0142okiem i regulowany si\u0142ownik hydrauliczny do ci\u0105gnik\u00f3w zapewniaj\u0105 niezawodn\u0105 i wydajn\u0105 prac\u0119 w zr\u00f3\u017cnicowanych \u015brodowiskach produkcyjnych.<\/p>\n<p>Podsumowuj\u0105c, regulowane si\u0142owniki wide\u0142kowe, w tym ekonomiczny si\u0142ownik hydrauliczny t\u0142okowy oraz regulowany si\u0142ownik hydrauliczny do ci\u0105gnik\u00f3w, znajduj\u0105 szerokie zastosowanie w r\u00f3\u017cnych bran\u017cach. Ich wszechstronno\u015b\u0107, mo\u017cliwo\u015b\u0107 regulacji i trwa\u0142o\u015b\u0107 sprawiaj\u0105, \u017ce s\u0105 one niezast\u0105pione w automatyce przemys\u0142owej, transporcie materia\u0142\u00f3w, maszynach rolniczych, sprz\u0119cie budowlanym i procesach produkcyjnych. Si\u0142owniki te zapewniaj\u0105 ekonomiczne rozwi\u0105zania bez uszczerbku dla wydajno\u015bci, co czyni je preferowanym wyborem dla wielu firm.<\/p>\n<p><img decoding=\"async\" src=\"https:\/\/fmp-components.com\/wp-content\/uploads\/2024\/12\/Application-of-Adjustable-Clevis-Type-Cylinders.webp\" alt=\"Regulowany cylinder typu wide\u0142kowego\" width=\"800\" title=\"\"><\/p>\n<h3>O FMP \u2013 cylindrze hydraulicznym<\/h3>\n<p>FMP to wiod\u0105ca firma specjalizuj\u0105ca si\u0119 w produkcji i sprzeda\u017cy cz\u0119\u015bci oraz kompletnych maszyn budowlanych. Dzi\u0119ki wieloletniemu do\u015bwiadczeniu w bran\u017cy i profesjonalnemu zespo\u0142owi, zapewniamy klientom wysokiej jako\u015bci i niezawodne rozwi\u0105zania w zakresie maszyn budowlanych. W FMP oferujemy szerok\u0105 gam\u0119 produkt\u00f3w, w tym si\u0142owniki hydrauliczne, przek\u0142adnie do maszyn rolniczych, przek\u0142adnie planetarne, przek\u0142adnie przemys\u0142owe, cz\u0119\u015bci do maszyn rolniczych oraz szereg wysokiej jako\u015bci akcesori\u00f3w do nich.<\/p>\n<p>Oto kilka powod\u00f3w, dla kt\u00f3rych warto wybra\u0107 oferowane przez nas produkty z kategorii Si\u0142owniki hydrauliczne:<\/p>\n<p>1. Wysoka jako\u015b\u0107: Wsp\u00f3\u0142pracujemy z wysokiej jako\u015bci dostawcami, zar\u00f3wno lokalnymi, jak i mi\u0119dzynarodowymi, aby zapewni\u0107 dostaw\u0119 wy\u0142\u0105cznie cz\u0119\u015bci spe\u0142niaj\u0105cych surowe standardy jako\u015bci. Nasze cylindry hydrauliczne s\u0105 trwa\u0142e, niezawodne i zaprojektowane tak, aby zapewni\u0107 optymaln\u0105 wydajno\u015b\u0107 w najbardziej wymagaj\u0105cych warunkach.<\/p>\n<p>2. Profesjonalny zesp\u00f3\u0142 sprzeda\u017cy: Nasz zesp\u00f3\u0142 sprzeda\u017cy sk\u0142ada si\u0119 z do\u015bwiadczonych i wykwalifikowanych specjalist\u00f3w, posiadaj\u0105cych dog\u0142\u0119bn\u0105 wiedz\u0119 na temat bran\u017cy maszyn budowlanych. Zawsze s\u0105 gotowi zapewni\u0107 klientom profesjonalne doradztwo produktowe i trafne sugestie zakupowe.<\/p>\n<p>3. Efektywna dystrybucja logistyczna: Dysponujemy efektywnym systemem dystrybucji logistycznej, kt\u00f3ry gwarantuje, \u017ce klienci otrzymuj\u0105 potrzebne im cz\u0119\u015bci terminowo i dok\u0142adnie. Po z\u0142o\u017ceniu zam\u00f3wienia dopilnujemy, aby zosta\u0142o ono dostarczone tak szybko, jak to mo\u017cliwe.<\/p>\n<p>4. Mo\u017cliwo\u015b\u0107 personalizacji: Nasze cylindry hydrauliczne s\u0105 w pe\u0142ni konfigurowalne i mo\u017cemy je dostosowa\u0107 do indywidualnych potrzeb i wymaga\u0144 naszych klient\u00f3w. Oferujemy r\u00f3\u017cne opcje, takie jak cylindry z regulowanym wide\u0142kiem, cylindry z dr\u0105\u017ckiem kierowniczym, cylindry spawane i inne.<\/p>\n<p>5. Konkurencyjne ceny: W FMP oferujemy nasze produkty w konkurencyjnych cenach. Wierzymy, \u017ce produkty wysokiej jako\u015bci nie powinny mie\u0107 wyg\u00f3rowanych cen. Naszym celem jest zapewnienie klientom najlepszej relacji jako\u015bci do ceny.<\/p>\n<p>Podsumowuj\u0105c, je\u015bli szukasz niezawodnych i wysokiej jako\u015bci si\u0142ownik\u00f3w hydraulicznych, FMP to najlepszy wyb\u00f3r. Nasze produkty s\u0105 trwa\u0142e, niezawodne i zaprojektowane tak, aby zapewni\u0107 optymaln\u0105 wydajno\u015b\u0107 w najbardziej wymagaj\u0105cych warunkach. Skontaktuj si\u0119 z nami ju\u017c dzi\u015b, aby dowiedzie\u0107 si\u0119 wi\u0119cej o naszych produktach i us\u0142ugach.<\/p>\n<p><img decoding=\"async\" src=\"https:\/\/fmp-components.com\/wp-content\/uploads\/2024\/12\/Adjustable-Clevis-Type-Cylinders-6.webp\" alt=\"Regulowany cylinder typu wide\u0142kowego\" width=\"839\" title=\"\"><\/p>\n<h3>Cz\u0119sto zadawane pytania<\/h3>\n<p><strong>P: Jaka jest maksymalna si\u0142a ci\u0105gu cylindra t\u0142okowego hydraulicznego?<\/strong><br \/>\nA: Si\u0142ownik hydrauliczny zapewnia maksymaln\u0105 si\u0142\u0119 ci\u0105gu 3000.<\/p>\n<p><strong>P: W jakich ga\u0142\u0119ziach przemys\u0142u stosuje si\u0119 si\u0142owniki hydrauliczne?<\/strong><br \/>\nA: Si\u0142ownik t\u0142okowy hydrauliczny nadaje si\u0119 do stosowania w r\u00f3\u017cnych ga\u0142\u0119ziach przemys\u0142u, m.in. w warsztatach naprawczych maszyn, gospodarstwach rolnych, energetyce i g\u00f3rnictwie, produkcji maszyn oraz fabrykach maszyn.<\/p>\n<p><strong>P: Jak\u0105 gwarancj\u0119 ma cylinder t\u0142okowy hydrauliczny?<\/strong><br \/>\nA: Nasz si\u0142ownik t\u0142okowy hydrauliczny obj\u0119ty jest roczn\u0105 gwarancj\u0105, co zapewnia jego jako\u015b\u0107 i trwa\u0142o\u015b\u0107.<\/p>\n<p><img decoding=\"async\" src=\"https:\/\/img.jiansujichilun.com\/img\/hydrauliccylinders\/T_hydrauliccylinders-5.webp\" alt=\"si\u0142ownik hydrauliczny\" width=\"800\" title=\"\"><\/p>\n<p>Autor: CX<\/p>","protected":false},"excerpt":{"rendered":"<p>Introducing the Cost Effective Hydraulic Piston Cylinder Adjustable Hydraulic Cylinder For Tractor The Cost Effective Hydraulic Piston Cylinder Adjustable Hydraulic Cylinder For Tractor is a top-of-the-line product that delivers optimum performance and durability. This powerful hydraulic cylinder is designed to work seamlessly with tractors and other heavy-duty equipment, providing reliable and efficient operation even in [&hellip;]<\/p>","protected":false},"featured_media":1336,"comment_status":"closed","ping_status":"closed","template":"","meta":{"_et_pb_use_builder":"","_et_pb_old_content":"","_et_gb_content_width":""},"product_brand":[],"product_cat":[39],"product_tag":[41,34],"class_list":{"0":"post-1377","1":"product","2":"type-product","3":"status-publish","4":"has-post-thumbnail","6":"product_cat-adjustable-clevis-type-cylinders","7":"product_tag-adjustable-clevis-type-cylinders","8":"product_tag-hydraulic-cylinder","10":"first","11":"instock","12":"product-type-simple"},"_links":{"self":[{"href":"https:\/\/fmp-components.com\/pl\/wp-json\/wp\/v2\/product\/1377","targetHints":{"allow":["GET"]}}],"collection":[{"href":"https:\/\/fmp-components.com\/pl\/wp-json\/wp\/v2\/product"}],"about":[{"href":"https:\/\/fmp-components.com\/pl\/wp-json\/wp\/v2\/types\/product"}],"replies":[{"embeddable":true,"href":"https:\/\/fmp-components.com\/pl\/wp-json\/wp\/v2\/comments?post=1377"}],"wp:featuredmedia":[{"embeddable":true,"href":"https:\/\/fmp-components.com\/pl\/wp-json\/wp\/v2\/media\/1336"}],"wp:attachment":[{"href":"https:\/\/fmp-components.com\/pl\/wp-json\/wp\/v2\/media?parent=1377"}],"wp:term":[{"taxonomy":"product_brand","embeddable":true,"href":"https:\/\/fmp-components.com\/pl\/wp-json\/wp\/v2\/product_brand?post=1377"},{"taxonomy":"product_cat","embeddable":true,"href":"https:\/\/fmp-components.com\/pl\/wp-json\/wp\/v2\/product_cat?post=1377"},{"taxonomy":"product_tag","embeddable":true,"href":"https:\/\/fmp-components.com\/pl\/wp-json\/wp\/v2\/product_tag?post=1377"}],"curies":[{"name":"wp","href":"https:\/\/api.w.org\/{rel}","templated":true}]}}