{"id":1375,"date":"2024-12-23T02:18:57","date_gmt":"2024-12-23T02:18:57","guid":{"rendered":"https:\/\/fmp-components.com\/product\/customized-adjustable-stainless-steel-hydraulic-cylinder-for-tractor\/"},"modified":"2024-12-23T03:25:05","modified_gmt":"2024-12-23T03:25:05","slug":"customized-adjustable-stainless-steel-hydraulic-cylinder-for-tractor","status":"publish","type":"product","link":"https:\/\/fmp-components.com\/pl\/product\/customized-adjustable-stainless-steel-hydraulic-cylinder-for-tractor\/","title":{"rendered":"Dostosowany, regulowany si\u0142ownik hydrauliczny ze stali nierdzewnej do ci\u0105gnika"},"content":{"rendered":"<h2>Przedstawiamy dostosowany, regulowany si\u0142ownik hydrauliczny ze stali nierdzewnej do ci\u0105gnika<\/h2>\n<p>Dostosowany, regulowany si\u0142ownik hydrauliczny ze stali nierdzewnej do ci\u0105gnika to produkt najwy\u017cszej klasy, zaprojektowany z my\u015bl\u0105 o specyficznych potrzebach operator\u00f3w ci\u0105gnik\u00f3w. Ten si\u0142ownik hydrauliczny zosta\u0142 zaprojektowany z my\u015bl\u0105 o zapewnieniu niezr\u00f3wnanej wydajno\u015bci i efektywno\u015bci, co czyni go niezb\u0119dnym elementem ka\u017cdego ci\u0105gnika.<\/p>\n<p>Jedn\u0105 z kluczowych cech tego produktu jest jego regulacja. Dzi\u0119ki mo\u017cliwo\u015bci dostosowania d\u0142ugo\u015bci skoku cylindra i zakresu ci\u015bnienia, ten si\u0142ownik hydrauliczny mo\u017cna dostosowa\u0107 do specyficznych wymaga\u0144 ka\u017cdego ci\u0105gnika. Ta elastyczno\u015b\u0107 sprawia, \u017ce \u200b\u200bjest to wszechstronne i praktyczne rozwi\u0105zanie dla rolnik\u00f3w i operator\u00f3w ci\u0105gnik\u00f3w w szerokim zakresie zastosowa\u0144.<\/p>\n<p>Sam cylinder wykonany jest z wysokiej jako\u015bci stali nierdzewnej, kt\u00f3ra zapewnia wyj\u0105tkow\u0105 trwa\u0142o\u015b\u0107 oraz odporno\u015b\u0107 na korozj\u0119 i zu\u017cycie. Oznacza to, \u017ce cylinder mo\u017ce wytrzyma\u0107 trudne warunki panuj\u0105ce w rolnictwie bez utraty skuteczno\u015bci i wydajno\u015bci.<\/p>\n<p>Dodatkowo, dostosowywany, regulowany si\u0142ownik hydrauliczny ze stali nierdzewnej do ci\u0105gnika wykorzystuje zaawansowan\u0105 technologi\u0119 hydrauliczn\u0105, kt\u00f3ra zapewnia precyzyjn\u0105 i stabiln\u0105 prac\u0119. Gwarantuje to p\u0142ynn\u0105 i wydajn\u0105 prac\u0119 si\u0142ownika, zmniejszaj\u0105c zu\u017cycie pozosta\u0142ych podzespo\u0142\u00f3w ci\u0105gnika i zwi\u0119kszaj\u0105c og\u00f3ln\u0105 wydajno\u015b\u0107.<\/p>\n<p><img loading=\"lazy\" decoding=\"async\" class=\"alignnone size-full wp-image-1334\" src=\"https:\/\/fmp-components.com\/wp-content\/uploads\/2024\/12\/Adjustable-Clevis-Type-Cylinders-4.webp\" alt=\"Cylindry typu wide\u0142kowego regulowanego\" width=\"800\" height=\"800\" title=\"\" srcset=\"https:\/\/fmp-components.com\/wp-content\/uploads\/2024\/12\/Adjustable-Clevis-Type-Cylinders-4.webp 800w, https:\/\/fmp-components.com\/wp-content\/uploads\/2024\/12\/Adjustable-Clevis-Type-Cylinders-4-480x480.webp 480w\" sizes=\"(min-width: 0px) and (max-width: 480px) 480px, (min-width: 481px) 800px, 100vw\" \/><\/p>\n<p>Podsumowuj\u0105c, regulowany si\u0142ownik hydrauliczny ze stali nierdzewnej do ci\u0105gnika to wysokiej jako\u015bci, niezawodny produkt, zaprojektowany z my\u015bl\u0105 o wymaganiach nowoczesnego rolnictwa. Niezale\u017cnie od tego, czy potrzebujesz podnosi\u0107 ci\u0119\u017ckie \u0142adunki, ora\u0107 pola, czy wykonywa\u0107 inne zadania zwi\u0105zane z ci\u0105gnikiem, ten si\u0142ownik hydrauliczny b\u0119dzie dla Ciebie idealnym wyborem.<\/p>\n<h2>Zalety regulowanych cylindr\u00f3w typu wide\u0142kowego<\/h2>\n<p>Regulowane si\u0142owniki wide\u0142kowe, takie jak regulowany si\u0142ownik hydrauliczny ze stali nierdzewnej do ci\u0105gnik\u00f3w, oferuj\u0105 szereg zalet w por\u00f3wnaniu z tradycyjnymi si\u0142ownikami hydraulicznymi. W tym wpisie na blogu om\u00f3wimy je szczeg\u00f3\u0142owo.<\/p>\n<h3>1. Zwi\u0119kszona elastyczno\u015b\u0107<\/h3>\n<p>Jedn\u0105 z kluczowych zalet regulowanych si\u0142ownik\u00f3w wide\u0142kowych jest ich zwi\u0119kszona elastyczno\u015b\u0107. Dzi\u0119ki mo\u017cliwo\u015bci regulacji po\u0142o\u017cenia wide\u0142ek, si\u0142owniki te oferuj\u0105 wi\u0119ksz\u0105 wszechstronno\u015b\u0107 w r\u00f3\u017cnych zastosowaniach. Niezale\u017cnie od tego, czy chodzi o ci\u0105gniki, maszyny rolnicze, czy inny sprz\u0119t przemys\u0142owy, funkcja regulacji pozwala na precyzyjne dopasowanie do konkretnych wymaga\u0144.<\/p>\n<p>Dzi\u0119ki zastosowaniu dostosowanego, regulowanego si\u0142ownika hydraulicznego ze stali nierdzewnej do ci\u0105gnik\u00f3w, operatorzy mog\u0105 \u0142atwo dostosowa\u0107 d\u0142ugo\u015b\u0107 i skok si\u0142ownika do r\u00f3\u017cnych zada\u0144. Ta elastyczno\u015b\u0107 poprawia og\u00f3ln\u0105 wydajno\u015b\u0107 i produktywno\u015b\u0107 w zr\u00f3\u017cnicowanych \u015brodowiskach pracy.<\/p>\n<h3>2. Optymalna wydajno\u015b\u0107<\/h3>\n<p>Regulowane si\u0142owniki wide\u0142kowe zosta\u0142y zaprojektowane z my\u015bl\u0105 o zapewnieniu optymalnej wydajno\u015bci w wymagaj\u0105cych warunkach. Dzi\u0119ki solidnej konstrukcji i wysokiej jako\u015bci materia\u0142om, takim jak stal nierdzewna, si\u0142owniki te charakteryzuj\u0105 si\u0119 wyj\u0105tkow\u0105 wytrzyma\u0142o\u015bci\u0105 i trwa\u0142o\u015bci\u0105. Gwarantuje to niezawodn\u0105 prac\u0119 nawet w trudnych warunkach i przy du\u017cych obci\u0105\u017ceniach.<\/p>\n<p>Co wi\u0119cej, regulowana konstrukcja pozwala na precyzyjne dostrojenie charakterystyki pracy cylindra. Operatorzy mog\u0105 regulowa\u0107 takie czynniki, jak pr\u0119dko\u015b\u0107, si\u0142a i d\u0142ugo\u015b\u0107 skoku, aby uzyska\u0107 po\u017c\u0105dan\u0105 wydajno\u015b\u0107. Ten poziom kontroli optymalizuje og\u00f3ln\u0105 wydajno\u015b\u0107 uk\u0142adu hydraulicznego, co przek\u0142ada si\u0119 na popraw\u0119 wydajno\u015bci i efektywno\u015bci.<\/p>\n<h3>3. Kr\u00f3tszy czas przestoju<\/h3>\n<p>Kolejn\u0105 zalet\u0105 regulowanych si\u0142ownik\u00f3w wide\u0142kowych jest mo\u017cliwo\u015b\u0107 skr\u00f3cenia przestoj\u00f3w. Dzi\u0119ki mo\u017cliwo\u015bci dostosowania do indywidualnych potrzeb, si\u0142owniki te mo\u017cna \u0142atwo wyregulowa\u0107 lub wymieni\u0107 w razie potrzeby, minimalizuj\u0105c czas potrzebny na konserwacj\u0119 lub naprawy.<\/p>\n<p>W przypadku niestandardowego, regulowanego si\u0142ownika hydraulicznego ze stali nierdzewnej do ci\u0105gnik\u00f3w, jego konstrukcja umo\u017cliwia szybk\u0105 regulacj\u0119 lub wymian\u0119 wide\u0142ek, minimalizuj\u0105c przestoje. Ta funkcja jest szczeg\u00f3lnie przydatna w bran\u017cach, w kt\u00f3rych kluczowe znaczenie ma czas operacji, takich jak rolnictwo czy budownictwo.<\/p>\n<h3>4. Zwi\u0119kszone bezpiecze\u0144stwo<\/h3>\n<p>Regulowane si\u0142owniki z wide\u0142kami stawiaj\u0105 na bezpiecze\u0144stwo, oferuj\u0105c precyzyjn\u0105 kontrol\u0119 i stabilno\u015b\u0107. Mo\u017cliwo\u015b\u0107 regulacji po\u0142o\u017cenia wide\u0142ek zapewnia prawid\u0142owe ustawienie i zapobiega niepotrzebnemu obci\u0105\u017caniu si\u0142ownika i innych podzespo\u0142\u00f3w. Zmniejsza to ryzyko awarii mechanicznych, zwi\u0119kszaj\u0105c og\u00f3lne bezpiecze\u0144stwo operator\u00f3w i otoczenia.<\/p>\n<p>Dodatkowo, zastosowanie stali nierdzewnej w konstrukcji tych cylindr\u00f3w zapewnia doskona\u0142\u0105 odporno\u015b\u0107 na korozj\u0119, co dodatkowo zwi\u0119ksza ich bezpiecze\u0144stwo i \u017cywotno\u015b\u0107. Ta odporno\u015b\u0107 na korozj\u0119 eliminuje ryzyko wycieku lub awarii systemu spowodowanej rdz\u0105 lub innymi czynnikami \u015brodowiskowymi.<\/p>\n<h3>Wniosek<\/h3>\n<p>Podsumowuj\u0105c, regulowane si\u0142owniki wide\u0142kowe, takie jak regulowany si\u0142ownik hydrauliczny ze stali nierdzewnej do ci\u0105gnik\u00f3w, oferuj\u0105 liczne korzy\u015bci pod wzgl\u0119dem elastyczno\u015bci, wydajno\u015bci, redukcji przestoj\u00f3w i bezpiecze\u0144stwa. Ich regulowana konstrukcja pozwala na precyzyjne dopasowanie, optymalizuj\u0105c wydajno\u015b\u0107 i efektywno\u015b\u0107. Dzi\u0119ki solidnej konstrukcji i odporno\u015bci na korozj\u0119, si\u0142owniki te zapewniaj\u0105 d\u0142ugotrwa\u0142\u0105 niezawodno\u015b\u0107 w r\u00f3\u017cnych zastosowaniach przemys\u0142owych.<\/p>\n<p><img decoding=\"async\" src=\"https:\/\/fmp-components.com\/wp-content\/uploads\/2024\/12\/Adjustable-Clevis-Type-Cylinders5.webp\" alt=\"Regulowany cylinder typu wide\u0142kowego\" width=\"800\" title=\"\"><\/p>\n<h2>Zastosowanie regulowanych cylindr\u00f3w typu wide\u0142kowego<\/h2>\n<p>Regulowane cylindry wide\u0142kowe to uniwersalne cylindry hydrauliczne, kt\u00f3re mo\u017cna dostosowa\u0107 do r\u00f3\u017cnych zastosowa\u0144. Oto niekt\u00f3re z zastosowa\u0144 tych cylindr\u00f3w:<\/p>\n<h3>1. Maszyny rolnicze<\/h3>\n<p>Maszyny rolnicze wymagaj\u0105 trwa\u0142ych i wydajnych si\u0142ownik\u00f3w hydraulicznych do zasilania r\u00f3\u017cnego sprz\u0119tu i maszyn. Dostosowywany, regulowany si\u0142ownik hydrauliczny ze stali nierdzewnej do ci\u0105gnik\u00f3w jest doskona\u0142ym przyk\u0142adem si\u0142ownika hydraulicznego zaprojektowanego specjalnie do maszyn rolniczych. Si\u0142ownik mo\u017cna dostosowa\u0107 do specyficznych potrzeb r\u00f3\u017cnych maszyn i urz\u0105dze\u0144, co czyni go idealnym wyborem do zastosowa\u0144 rolniczych.<\/p>\n<h3>2. Sprz\u0119t budowlany<\/h3>\n<p>Sprz\u0119t budowlany, taki jak buldo\u017cery, koparki i d\u017awigi, wymaga mocnych i niezawodnych si\u0142ownik\u00f3w hydraulicznych do wykonywania r\u00f3\u017cnorodnych zada\u0144. W tych zastosowaniach cz\u0119sto stosuje si\u0119 si\u0142owniki z regulowanym wide\u0142kiem, ze wzgl\u0119du na mo\u017cliwo\u015b\u0107 \u0142atwej regulacji w celu dopasowania do r\u00f3\u017cnych uk\u0142ad\u00f3w hydraulicznych. Si\u0142owniki te wytrzymuj\u0105 du\u017ce obci\u0105\u017cenia i ekstremalne warunki pracy, co czyni je popularnym wyborem w sprz\u0119cie budowlanym.<\/p>\n<h3>3. Przemys\u0142 motoryzacyjny<\/h3>\n<p>Regulowane si\u0142owniki wide\u0142kowe s\u0105 powszechnie stosowane w przemy\u015ble motoryzacyjnym w r\u00f3\u017cnych zastosowaniach, takich jak uk\u0142ady kierownicze, hamulcowe i zawieszenia. Si\u0142owniki mo\u017cna dostosowa\u0107 do r\u00f3\u017cnych modeli i specyfikacji pojazd\u00f3w, co czyni je idealnym wyborem do zastosowa\u0144 motoryzacyjnych.<\/p>\n<h3>4. Przemys\u0142 morski<\/h3>\n<p>Bran\u017ca morska wymaga trwa\u0142ych cylindr\u00f3w hydraulicznych, kt\u00f3re s\u0105 odporne na trudne warunki panuj\u0105ce na morzu. Regulowane cylindry wide\u0142kowe s\u0105 cz\u0119sto stosowane w zastosowaniach morskich ze wzgl\u0119du na ich odporno\u015b\u0107 na korozj\u0119 oraz odporno\u015b\u0107 na ekstremalne zmiany ci\u015bnienia i temperatury.<\/p>\n<h3>5. Przemys\u0142 lotniczy i kosmiczny<\/h3>\n<p>Przemys\u0142 lotniczy i kosmiczny wymaga cylindr\u00f3w hydraulicznych, kt\u00f3re s\u0105 lekkie, trwa\u0142e i odporne na ekstremalne warunki pracy. Regulowane cylindry wide\u0142kowe s\u0105 cz\u0119sto stosowane w zastosowaniach lotniczych ze wzgl\u0119du na mo\u017cliwo\u015b\u0107 dostosowania do konkretnych wymaga\u0144 oraz wysoki stosunek wytrzyma\u0142o\u015bci do masy.<\/p>\n<p>Podsumowuj\u0105c, regulowane si\u0142owniki wide\u0142kowe to wszechstronne si\u0142owniki hydrauliczne, kt\u00f3re mo\u017cna dostosowa\u0107 do r\u00f3\u017cnych zastosowa\u0144 w r\u00f3\u017cnych bran\u017cach. Regulowany si\u0142ownik hydrauliczny ze stali nierdzewnej do ci\u0105gnika to doskona\u0142y przyk\u0142ad si\u0142ownika hydraulicznego, kt\u00f3ry mo\u017cna dostosowa\u0107 do maszyn rolniczych. Si\u0142owniki te s\u0105 trwa\u0142e, niezawodne i odporne na ekstremalne warunki pracy, co czyni je idealnym wyborem do r\u00f3\u017cnych zastosowa\u0144.<img decoding=\"async\" src=\"https:\/\/fmp-components.com\/wp-content\/uploads\/2024\/12\/Application-of-Adjustable-Clevis-Type-Cylinders.webp\" alt=\"Regulowany cylinder typu wide\u0142kowego\" width=\"800\" title=\"\"><\/p>\n<h3>O FMP<\/h3>\n<p>FMP to wiod\u0105ca firma specjalizuj\u0105ca si\u0119 w produkcji i sprzeda\u017cy cylindr\u00f3w hydraulicznych. Dzi\u0119ki wieloletniemu do\u015bwiadczeniu w bran\u017cy i profesjonalnemu zespo\u0142owi, jeste\u015bmy w stanie dostarcza\u0107 klientom wysokiej jako\u015bci i niezawodne cylindry hydrauliczne oraz kompletne rozwi\u0105zania maszynowe.<\/p>\n<p><img decoding=\"async\" src=\"https:\/\/fmp-components.com\/wp-content\/uploads\/2024\/12\/Adjustable-Clevis-Type-Cylinders-6.webp\" alt=\"Regulowany cylinder typu wide\u0142kowego\" width=\"837\" title=\"\"><\/p>\n<p>Oto pi\u0119\u0107 kluczowych zalet naszych produkt\u00f3w i firmy:<\/p>\n<ol>\n<li>Szeroki wyb\u00f3r opcji: Oferujemy szerok\u0105 gam\u0119 si\u0142ownik\u00f3w hydraulicznych odpowiednich do r\u00f3\u017cnych zastosowa\u0144 w bran\u017cy maszyn budowlanych. Od si\u0142ownik\u00f3w z regulowanym wide\u0142kiem po inne specjalistyczne typy, mamy idealne rozwi\u0105zanie, kt\u00f3re spe\u0142ni Twoje indywidualne wymagania.<\/li>\n<li>Najwy\u017csza jako\u015b\u0107: W FMP priorytetowo traktujemy jako\u015b\u0107 i dbamy o to, aby wszystkie nasze cylindry hydrauliczne spe\u0142nia\u0142y surowe standardy jako\u015bci. Nasze produkty s\u0105 wytwarzane z najwy\u017cszej jako\u015bci materia\u0142\u00f3w i poddawane rygorystycznym testom, aby zagwarantowa\u0107 ich trwa\u0142o\u015b\u0107 i wydajno\u015b\u0107.<\/li>\n<li>Zesp\u00f3\u0142 Sprzeda\u017cy Ekspert\u00f3w: Nasz do\u015bwiadczony zesp\u00f3\u0142 sprzeda\u017cy posiada dog\u0142\u0119bn\u0105 wiedz\u0119 na temat bran\u017cy maszyn budowlanych, \u015bledzi najnowsze trendy i rozumie potrzeby klient\u00f3w. Jeste\u015bmy gotowi zapewni\u0107 profesjonalne doradztwo produktowe i przedstawi\u0107 przemy\u015blane sugestie zakupowe, aby pom\u00f3c Pa\u0144stwu w podejmowaniu \u015bwiadomych decyzji.<\/li>\n<li>Efektywna logistyka: Rozumiemy wag\u0119 terminowych dostaw, dlatego stworzyli\u015bmy efektywny system dystrybucji logistycznej. Dzi\u0119ki temu klienci otrzymuj\u0105 niezb\u0119dne cylindry hydrauliczne szybko i dok\u0142adnie, minimalizuj\u0105c wszelkie potencjalne op\u00f3\u017anienia lub zak\u0142\u00f3cenia.<\/li>\n<li>Silne relacje z dostawcami: Dzi\u0119ki d\u0142ugotrwa\u0142ym i stabilnym relacjom z wysokiej jako\u015bci dostawcami, zar\u00f3wno krajowymi, jak i mi\u0119dzynarodowymi, mo\u017cemy pozyskiwa\u0107 najlepsze komponenty i materia\u0142y do \u200b\u200bnaszych cylindr\u00f3w hydraulicznych. Pozwala nam to utrzyma\u0107 sta\u0142\u0105 jako\u015b\u0107 i wydajno\u015b\u0107 w ca\u0142ym asortymencie.<\/li>\n<\/ol>\n<p>Wybierz FMP, je\u015bli potrzebujesz cylindr\u00f3w hydraulicznych i przekonaj si\u0119 o naszej niezawodno\u015bci i doskona\u0142o\u015bci. Skontaktuj si\u0119 z nami ju\u017c dzi\u015b, aby om\u00f3wi\u0107 swoje potrzeby i rozpocz\u0105\u0107 udan\u0105 wsp\u00f3\u0142prac\u0119.<\/p>\n<h2>Cz\u0119sto zadawane pytania<\/h2>\n<p><b>P: Jaki jest czas dostawy niestandardowego, regulowanego cylindra hydraulicznego ze stali nierdzewnej?<\/b><br \/>\nA: Og\u00f3lny czas dostawy wynosi 25\u201335 dni.<\/p>\n<p><b>P: Czy dost\u0119pne s\u0105 pr\u00f3bki si\u0142ownika hydraulicznego?<\/b><br \/>\nA: Tak, udost\u0119pniamy pr\u00f3bki, ale nie s\u0105 one bezp\u0142atne.<\/p>\n<p><b>P: Czy cylindry hydrauliczne mo\u017cna dostosowa\u0107 do pr\u00f3bek lub rysunk\u00f3w technicznych?<\/b><br \/>\nO: Tak, mo\u017cemy wyprodukowa\u0107 cylindry wed\u0142ug Pa\u0144stwa pr\u00f3bek lub rysunk\u00f3w technicznych. Mo\u017cemy r\u00f3wnie\u017c zbudowa\u0107 formy i oprzyrz\u0105dowanie.<\/p>\n<p><img decoding=\"async\" src=\"https:\/\/img.jiansujichilun.com\/img\/hydrauliccylinders\/C_hydrauliccylinders-5.webp\" alt=\"si\u0142ownik hydrauliczny\" width=\"800\" title=\"\"><\/p>\n<p>Autor: CX<\/p>","protected":false},"excerpt":{"rendered":"<p>Introducing Customized Adjustable Stainless Steel Hydraulic Cylinder For Tractor Customized Adjustable Stainless Steel Hydraulic Cylinder For Tractor is a top-of-the-line product that is designed to meet the specific needs of tractor operators. This hydraulic cylinder has been engineered to provide unparalleled performance and efficiency, making it an indispensable component of any tractor. One of the [&hellip;]<\/p>","protected":false},"featured_media":1338,"comment_status":"closed","ping_status":"closed","template":"","meta":{"_et_pb_use_builder":"","_et_pb_old_content":"","_et_gb_content_width":""},"product_brand":[],"product_cat":[39],"product_tag":[41,34],"class_list":{"0":"post-1375","1":"product","2":"type-product","3":"status-publish","4":"has-post-thumbnail","6":"product_cat-adjustable-clevis-type-cylinders","7":"product_tag-adjustable-clevis-type-cylinders","8":"product_tag-hydraulic-cylinder","10":"first","11":"instock","12":"product-type-simple"},"_links":{"self":[{"href":"https:\/\/fmp-components.com\/pl\/wp-json\/wp\/v2\/product\/1375","targetHints":{"allow":["GET"]}}],"collection":[{"href":"https:\/\/fmp-components.com\/pl\/wp-json\/wp\/v2\/product"}],"about":[{"href":"https:\/\/fmp-components.com\/pl\/wp-json\/wp\/v2\/types\/product"}],"replies":[{"embeddable":true,"href":"https:\/\/fmp-components.com\/pl\/wp-json\/wp\/v2\/comments?post=1375"}],"wp:featuredmedia":[{"embeddable":true,"href":"https:\/\/fmp-components.com\/pl\/wp-json\/wp\/v2\/media\/1338"}],"wp:attachment":[{"href":"https:\/\/fmp-components.com\/pl\/wp-json\/wp\/v2\/media?parent=1375"}],"wp:term":[{"taxonomy":"product_brand","embeddable":true,"href":"https:\/\/fmp-components.com\/pl\/wp-json\/wp\/v2\/product_brand?post=1375"},{"taxonomy":"product_cat","embeddable":true,"href":"https:\/\/fmp-components.com\/pl\/wp-json\/wp\/v2\/product_cat?post=1375"},{"taxonomy":"product_tag","embeddable":true,"href":"https:\/\/fmp-components.com\/pl\/wp-json\/wp\/v2\/product_tag?post=1375"}],"curies":[{"name":"wp","href":"https:\/\/api.w.org\/{rel}","templated":true}]}}