{"id":1373,"date":"2024-12-23T02:18:57","date_gmt":"2024-12-23T02:18:57","guid":{"rendered":"https:\/\/fmp-components.com\/product\/new-arrival-micro-hydraulic-piston-cylinder-for-tractor\/"},"modified":"2024-12-23T03:24:36","modified_gmt":"2024-12-23T03:24:36","slug":"new-arrival-micro-hydraulic-piston-cylinder-for-tractor","status":"publish","type":"product","link":"https:\/\/fmp-components.com\/pl\/product\/new-arrival-micro-hydraulic-piston-cylinder-for-tractor\/","title":{"rendered":"Nowo\u015b\u0107 - mikrosi\u0142ownik hydrauliczny do ci\u0105gnika"},"content":{"rendered":"<h2>Przedstawiamy nowy mikrosi\u0142ownik hydrauliczny z t\u0142okiem do ci\u0105gnika:<\/h2>\n<p>Nowo\u015b\u0107: Mikrosi\u0142ownik hydrauliczny z t\u0142okiem do ci\u0105gnika to innowacyjny i wysokiej jako\u015bci produkt zaprojektowany w celu zwi\u0119kszenia wydajno\u015bci i funkcjonalno\u015bci ci\u0105gnik\u00f3w. Ten hydrauliczny si\u0142ownik t\u0142okowy zosta\u0142 specjalnie zaprojektowany, aby zapewni\u0107 niezawodne i wydajne przenoszenie mocy, co czyni go niezb\u0119dnym elementem w wielu zastosowaniach ci\u0105gnik\u00f3w.<\/p>\n<p>Wyposa\u017cony w zaawansowan\u0105 technologi\u0119 hydrauliczn\u0105, ten si\u0142ownik t\u0142okowy zapewnia wyj\u0105tkow\u0105 trwa\u0142o\u015b\u0107 i precyzj\u0119. Kompaktowe rozmiary umo\u017cliwiaj\u0105 \u0142atwy monta\u017c, dzi\u0119ki czemu nadaje si\u0119 zar\u00f3wno do ma\u0142ych, jak i du\u017cych ci\u0105gnik\u00f3w. Mikrokonstrukcja zapewnia p\u0142ynn\u0105 prac\u0119 i redukuje tarcie, co przek\u0142ada si\u0119 na wi\u0119ksz\u0105 wydajno\u015b\u0107 i mniejsze wymagania konserwacyjne.<\/p>\n<p>Ten hydrauliczny si\u0142ownik t\u0142okowy o solidnej konstrukcji zosta\u0142 stworzony z my\u015bl\u0105 o trudnych warunkach pracy. Jego wysokie ci\u015bnienie robocze zapewnia optymaln\u0105 wydajno\u015b\u0107 nawet w wymagaj\u0105cych pracach rolniczych. Dzi\u0119ki precyzyjnej kontroli i szybkiej reakcji, umo\u017cliwia operatorom efektywne zarz\u0105dzanie r\u00f3\u017cnymi funkcjami ci\u0105gnika, takimi jak podnoszenie ci\u0119\u017ckich \u0142adunk\u00f3w czy obs\u0142uga osprz\u0119tu.<\/p>\n<p><img loading=\"lazy\" decoding=\"async\" class=\"alignnone size-full wp-image-1334\" src=\"https:\/\/fmp-components.com\/wp-content\/uploads\/2024\/12\/Adjustable-Clevis-Type-Cylinders-4.webp\" alt=\"Cylindry typu wide\u0142kowego regulowanego\" width=\"800\" height=\"800\" title=\"\" srcset=\"https:\/\/fmp-components.com\/wp-content\/uploads\/2024\/12\/Adjustable-Clevis-Type-Cylinders-4.webp 800w, https:\/\/fmp-components.com\/wp-content\/uploads\/2024\/12\/Adjustable-Clevis-Type-Cylinders-4-480x480.webp 480w\" sizes=\"(min-width: 0px) and (max-width: 480px) 480px, (min-width: 481px) 800px, 100vw\" \/><\/p>\n<p>Nowo\u015b\u0107 \u2013 mikrosi\u0142ownik hydrauliczny do ci\u0105gnika zosta\u0142 zaprojektowany z my\u015bl\u0105 o bezpiecze\u0144stwie. Wyposa\u017cony jest w niezawodne uszczelki i zawory, kt\u00f3re zapobiegaj\u0105 wyciekom i zapewniaj\u0105 p\u0142ynn\u0105 prac\u0119 przez ca\u0142y czas. Co wi\u0119cej, materia\u0142y odporne na korozj\u0119 zapewniaj\u0105 d\u0142ugotrwa\u0142\u0105 ochron\u0119 przed czynnikami \u015brodowiskowymi, wyd\u0142u\u017caj\u0105c jego \u017cywotno\u015b\u0107.<\/p>\n<p>Podsumowuj\u0105c, nowy mikrosi\u0142ownik hydrauliczny do ci\u0105gnik\u00f3w to prze\u0142om w bran\u017cy rolniczej. Dzi\u0119ki doskona\u0142ej wydajno\u015bci, trwa\u0142o\u015bci i funkcjom bezpiecze\u0144stwa, jest to doskona\u0142y wyb\u00f3r dla w\u0142a\u015bcicieli i operator\u00f3w ci\u0105gnik\u00f3w, kt\u00f3rzy chc\u0105 zwi\u0119kszy\u0107 wydajno\u015b\u0107 i efektywno\u015b\u0107.<\/p>\n<p>Przedstawiamy nowy mikrosi\u0142ownik hydrauliczny z t\u0142okiem, dost\u0119pny w 2023 roku, idealny do ci\u0105gnik\u00f3w i r\u00f3\u017cnych ga\u0142\u0119zi przemys\u0142u, w tym warsztat\u00f3w naprawczych maszyn, gospodarstw rolnych, energetyki i g\u00f3rnictwa, produkcji maszyn i fabryk maszyn. Si\u0142ownik ten jest wykonany zgodnie ze standardowymi specyfikacjami, ma konstrukcj\u0119 t\u0142okow\u0105 i jest zasilany hydraulicznie. Wa\u017cy 60 kg i jest wykonany ze stali, co zapewnia jego trwa\u0142o\u015b\u0107 i odporno\u015b\u0107 na trudne warunki.<\/p>\n<table style=\"width: 100%;\" border=\"1\" width=\"100%\" cellspacing=\"0\" cellpadding=\"0\">\n<tbody>\n<tr>\n<th>Nazwa produktu<\/th>\n<td>Mikrohydrauliczny cylinder t\u0142okowy<\/td>\n<\/tr>\n<tr>\n<th>Typ<\/th>\n<td>Regulowany typ wide\u0142ek<\/td>\n<\/tr>\n<tr>\n<th>Maksymalny ci\u0105g<\/th>\n<td>3000<\/td>\n<\/tr>\n<tr>\n<th>Maksymalne poci\u0105gni\u0119cie<\/th>\n<td>20 ton<\/td>\n<\/tr>\n<tr>\n<th>Orzecznictwo<\/th>\n<td>ISO 9001:2000<\/td>\n<\/tr>\n<tr>\n<th>Rozmiar otworu<\/th>\n<td>2 \u2013 6 cali<\/td>\n<\/tr>\n<tr>\n<th>Rozmiar pr\u0119ta<\/th>\n<td>1,125 \u2013 4 cale<\/td>\n<\/tr>\n<tr>\n<th>Rozmiar poci\u0105gni\u0119cia<\/th>\n<td>4 \u2013 100 cali<\/td>\n<\/tr>\n<tr>\n<th>Rozmiar szpilki<\/th>\n<td>0,5 \u2013 2 cale<\/td>\n<\/tr>\n<tr>\n<th>Kolor<\/th>\n<td>Czarny<\/td>\n<\/tr>\n<tr>\n<th>Szczeg\u00f3\u0142y opakowania<\/th>\n<td>Skrzynia \u017celazna, skrzynia ze sklejki lub pude\u0142ko kartonowe<\/td>\n<\/tr>\n<\/tbody>\n<\/table>\n<p>&nbsp;<\/p>\n<p><img decoding=\"async\" src=\"https:\/\/img.jiansujichilun.com\/img\/hydrauliccylinders\/T_hydrauliccylinders-2.webp\" alt=\"si\u0142ownik hydrauliczny\" width=\"800\" title=\"\"><\/p>\n<h2>Zalety regulowanych cylindr\u00f3w typu wide\u0142kowego<\/h2>\n<p>Regulowane si\u0142owniki wide\u0142kowe to rewolucyjne rozwi\u0105zanie w dziedzinie uk\u0142ad\u00f3w hydraulicznych. Si\u0142owniki te oferuj\u0105 szereg istotnych zalet w por\u00f3wnaniu z tradycyjnymi si\u0142ownikami, co czyni je preferowanym wyborem w r\u00f3\u017cnych zastosowaniach. W tym artykule szczeg\u00f3\u0142owo om\u00f3wimy te zalety, podkre\u015blaj\u0105c ich unikalne cechy i korzy\u015bci.<\/p>\n<h3>1. Wi\u0119ksza elastyczno\u015b\u0107 i zdolno\u015b\u0107 adaptacji<\/h3>\n<p>Jedn\u0105 z kluczowych zalet si\u0142ownik\u00f3w z regulowanym wide\u0142kiem jest mo\u017cliwo\u015b\u0107 dostosowania ich do r\u00f3\u017cnych pozycji i k\u0105t\u00f3w monta\u017cu. Regulowana konstrukcja wide\u0142ek pozwala na \u0142atw\u0105 personalizacj\u0119, umo\u017cliwiaj\u0105c pod\u0142\u0105czenie si\u0142ownika w r\u00f3\u017cnych punktach urz\u0105dzenia lub maszyny. Ta elastyczno\u015b\u0107 zwi\u0119ksza og\u00f3ln\u0105 funkcjonalno\u015b\u0107 i wydajno\u015b\u0107 uk\u0142adu hydraulicznego, poniewa\u017c mo\u017cna go dostosowa\u0107 do konkretnych wymaga\u0144.<\/p>\n<h3>2. Optymalna wydajno\u015b\u0107 i rozk\u0142ad obci\u0105\u017cenia<\/h3>\n<p>Regulowane si\u0142owniki z wide\u0142kami zapewniaj\u0105 optymaln\u0105 wydajno\u015b\u0107 i rozk\u0142ad obci\u0105\u017cenia. Konstrukcja wide\u0142ek zapewnia r\u00f3wnomierne roz\u0142o\u017cenie obci\u0105\u017cenia na si\u0142owniku, redukuj\u0105c napr\u0119\u017cenia i minimalizuj\u0105c ryzyko przedwczesnego zu\u017cycia. Efektem jest poprawa og\u00f3lnej wydajno\u015bci i \u017cywotno\u015bci uk\u0142adu hydraulicznego, co czyni go ekonomicznym rozwi\u0105zaniem do d\u0142ugotrwa\u0142ego u\u017cytkowania.<\/p>\n<h3>3. Precyzyjne pozycjonowanie i kontrola<\/h3>\n<p>Dzi\u0119ki regulowanym si\u0142ownikom wide\u0142kowym precyzyjne pozycjonowanie i kontrola s\u0105 \u0142atwe do osi\u0105gni\u0119cia. Mo\u017cliwo\u015b\u0107 precyzyjnego dostrojenia pozycji i k\u0105ta monta\u017cu pozwala na precyzyjny ruch i kontrol\u0119 si\u0142ownika, umo\u017cliwiaj\u0105c operatorom wykonywanie zada\u0144 z wysok\u0105 precyzj\u0105. Ten poziom kontroli jest szczeg\u00f3lnie korzystny w zastosowaniach wymagaj\u0105cych delikatnej obs\u0142ugi lub precyzyjnego manewrowania.<\/p>\n<h3>4. Zwi\u0119kszone bezpiecze\u0144stwo i niezawodno\u015b\u0107<\/h3>\n<p>Regulowane si\u0142owniki wide\u0142kowe stawiaj\u0105 na bezpiecze\u0144stwo i niezawodno\u015b\u0107. Zwi\u0119kszona elastyczno\u015b\u0107 i wszechstronno\u015b\u0107 tych si\u0142ownik\u00f3w przyczyniaj\u0105 si\u0119 do bezpieczniejszej pracy, poniewa\u017c mo\u017cna je bezpiecznie zamontowa\u0107 w najdogodniejszych pozycjach. Dodatkowo, solidna konstrukcja i wysokiej jako\u015bci materia\u0142y zastosowane w ich konstrukcji gwarantuj\u0105 trwa\u0142o\u015b\u0107 i niezawodno\u015b\u0107, minimalizuj\u0105c ryzyko nieoczekiwanych awarii.<\/p>\n<h3>5. Efektywno\u015b\u0107 kosztowa i czasowa<\/h3>\n<p>Oferuj\u0105c doskona\u0142\u0105 wydajno\u015b\u0107, wszechstronno\u015b\u0107 i niezawodno\u015b\u0107, regulowane si\u0142owniki wide\u0142kowe okazuj\u0105 si\u0119 ekonomiczne i efektywne czasowo. Zoptymalizowany rozk\u0142ad obci\u0105\u017cenia i precyzyjna kontrola minimalizuj\u0105 straty energii i zasob\u00f3w, co przek\u0142ada si\u0119 na ni\u017csze koszty operacyjne. Co wi\u0119cej, \u0142atwo\u015b\u0107 monta\u017cu i regulacji oszcz\u0119dza cenny czas podczas konfiguracji i konserwacji, co czyni je idealnym wyborem w przypadku projekt\u00f3w wymagaj\u0105cych kr\u00f3tkiego czasu.<\/p>\n<p>Podsumowuj\u0105c, regulowane si\u0142owniki wide\u0142kowe oferuj\u0105 liczne zalety w por\u00f3wnaniu z tradycyjnymi si\u0142ownikami. Ich zwi\u0119kszona elastyczno\u015b\u0107, optymalna wydajno\u015b\u0107, precyzyjne pozycjonowanie, zwi\u0119kszone bezpiecze\u0144stwo i op\u0142acalno\u015b\u0107 czyni\u0105 je cennym atutem w uk\u0142adach hydraulicznych. Zastosowanie tych si\u0142ownik\u00f3w mo\u017ce znacznie zwi\u0119kszy\u0107 og\u00f3ln\u0105 wydajno\u015b\u0107 i produktywno\u015b\u0107 sprz\u0119tu lub maszyn, zapewniaj\u0105c znacz\u0105c\u0105 przewag\u0119 konkurencyjn\u0105 w r\u00f3\u017cnych bran\u017cach.<\/p>\n<p><img decoding=\"async\" src=\"https:\/\/fmp-components.com\/wp-content\/uploads\/2024\/12\/Adjustable-Clevis-Type-Cylinders5.webp\" alt=\"Regulowany cylinder typu wide\u0142kowego\" width=\"800\" title=\"\"><\/p>\n<h2>Zastosowanie regulowanych cylindr\u00f3w typu wide\u0142kowego<\/h2>\n<p>Regulowane si\u0142owniki wide\u0142kowe, takie jak nowy mikrosi\u0142ownik hydrauliczny z t\u0142okiem do ci\u0105gnik\u00f3w, s\u0105 niezb\u0119dnym elementem w wielu ga\u0142\u0119ziach przemys\u0142u. Si\u0142owniki te zapewniaj\u0105 precyzyjn\u0105 kontrol\u0119 i doskona\u0142\u0105 wytrzyma\u0142o\u015b\u0107, dzi\u0119ki czemu nadaj\u0105 si\u0119 do szerokiego zakresu zastosowa\u0144. W tym artykule om\u00f3wimy r\u00f3\u017cne obszary, w kt\u00f3rych te si\u0142owniki znajduj\u0105 szerokie zastosowanie.<\/p>\n<h3>1. Maszyny rolnicze<\/h3>\n<p>Regulowane si\u0142owniki wide\u0142kowe odgrywaj\u0105 kluczow\u0105 rol\u0119 w maszynach rolniczych, a zw\u0142aszcza w ci\u0105gnikach. S\u0105 one stosowane w r\u00f3\u017cnych osprz\u0119tach i narz\u0119dziach ci\u0105gnik\u00f3w, aby zapewni\u0107 moc hydrauliczn\u0105 do wykonywania r\u00f3\u017cnych zada\u0144. Jednym z takich zastosowa\u0144 jest hydrauliczny uk\u0142ad podnoszenia ci\u0105gnika, kt\u00f3ry umo\u017cliwia p\u0142ynny i kontrolowany ruch pod\u0142\u0105czonego sprz\u0119tu, takiego jak p\u0142ugi, kombajny i \u0142adowarki. Nowo\u015b\u0107 \u2013 mikrosi\u0142ownik hydrauliczny z t\u0142okiem do ci\u0105gnik\u00f3w \u2013 oferuje zwi\u0119kszon\u0105 regulacj\u0119 i wydajno\u015b\u0107, gwarantuj\u0105c optymaln\u0105 wydajno\u015b\u0107 w pracach rolniczych.<\/p>\n<h3>2. Sprz\u0119t budowlany<\/h3>\n<p>Inn\u0105 bran\u017c\u0105, w kt\u00f3rej regulowane si\u0142owniki wide\u0142kowe znajduj\u0105 szerokie zastosowanie, jest budownictwo. Si\u0142owniki te s\u0105 stosowane w r\u00f3\u017cnych maszynach budowlanych, takich jak koparki, spychacze i koparko-\u0142adowarki. Si\u0142owniki umo\u017cliwiaj\u0105 precyzyjn\u0105 kontrol\u0119 ruchu cz\u0119\u015bci maszyn, u\u0142atwiaj\u0105c takie zadania, jak kopanie, podnoszenie i pchanie ci\u0119\u017ckich \u0142adunk\u00f3w. Nowy mikrosi\u0142ownik hydrauliczny z t\u0142okiem do ci\u0105gnik\u00f3w oferuje doskona\u0142\u0105 wytrzyma\u0142o\u015b\u0107 i trwa\u0142o\u015b\u0107, dzi\u0119ki czemu nadaje si\u0119 do wymagaj\u0105cych zastosowa\u0144 budowlanych.<\/p>\n<h3>3. Systemy transportu materia\u0142\u00f3w<\/h3>\n<p>Regulowane si\u0142owniki wide\u0142kowe s\u0105 r\u00f3wnie\u017c szeroko stosowane w systemach transportu bliskiego. Systemy te obejmuj\u0105 przeno\u015bniki ta\u015bmowe, platformy podnosz\u0105ce i zautomatyzowane urz\u0105dzenia magazynowe. Si\u0142owniki zapewniaj\u0105 niezb\u0119dn\u0105 si\u0142\u0119 i kontrol\u0119, umo\u017cliwiaj\u0105c \u0142atwe i precyzyjne przemieszczanie ci\u0119\u017ckich przedmiot\u00f3w. W zastosowaniach transportu bliskiego, nowy mikrosi\u0142ownik hydrauliczny z t\u0142okiem do ci\u0105gnik\u00f3w okazuje si\u0119 niezwykle niezawodny i wydajny, gwarantuj\u0105c p\u0142ynn\u0105 prac\u0119 i zwi\u0119kszon\u0105 wydajno\u015b\u0107.<\/p>\n<h3>4. Automatyka przemys\u0142owa<\/h3>\n<p>Automatyka przemys\u0142owa w du\u017cym stopniu opiera si\u0119 na regulowanych si\u0142ownikach wide\u0142kowych do r\u00f3\u017cnych zada\u0144. Si\u0142owniki te s\u0105 stosowane w systemach robotycznych, liniach monta\u017cowych i innych zautomatyzowanych procesach, aby umo\u017cliwi\u0107 precyzyjne i kontrolowane ruchy. Nowy mikrosi\u0142ownik hydrauliczny t\u0142okowy do ci\u0105gnik\u00f3w oferuje zaawansowane funkcje, takie jak regulowana d\u0142ugo\u015b\u0107 skoku i wysoka no\u015bno\u015b\u0107, co czyni go doskona\u0142ym wyborem do zastosowa\u0144 w automatyce przemys\u0142owej.<\/p>\n<h3>5. Zastosowania morskie i offshore<\/h3>\n<p>Regulowane si\u0142owniki wide\u0142kowe znajduj\u0105 r\u00f3wnie\u017c zastosowanie w przemy\u015ble morskim i offshore. S\u0105 one wykorzystywane w sprz\u0119cie morskim, takim jak d\u017awigi, wci\u0105garki oraz uk\u0142ady hydrauliczne statk\u00f3w i platform offshore. Odporno\u015b\u0107 tych si\u0142ownik\u00f3w na trudne warunki \u015brodowiskowe, takie jak korozja spowodowana s\u0142on\u0105 wod\u0105, sprawia, \u017ce \u200b\u200bdoskonale nadaj\u0105 si\u0119 do zastosowa\u0144 morskich. Nowo\u015b\u0107 \u2013 mikrosi\u0142ownik hydrauliczny z t\u0142okiem do ci\u0105gnik\u00f3w \u2013 gwarantuje niezawodn\u0105 prac\u0119 w wymagaj\u0105cych warunkach morskich i offshore.<\/p>\n<p>Podsumowuj\u0105c, zastosowanie regulowanych si\u0142ownik\u00f3w wide\u0142kowych, a w szczeg\u00f3lno\u015bci nowego mikrosi\u0142ownika hydraulicznego z t\u0142okiem do ci\u0105gnik\u00f3w, obejmuje wiele bran\u017c. Od rolnictwa i budownictwa, przez systemy transportu bliskiego, automatyk\u0119 przemys\u0142ow\u0105, po zastosowania morskie \u2013 si\u0142owniki te zapewniaj\u0105 niezawodn\u0105 i precyzyjn\u0105 moc hydrauliczn\u0105. Ich wszechstronno\u015b\u0107, wytrzyma\u0142o\u015b\u0107 i trwa\u0142o\u015b\u0107 sprawiaj\u0105, \u017ce s\u0105 one niezb\u0119dnym elementem wielu urz\u0105dze\u0144 i maszyn.<\/p>\n<p><img decoding=\"async\" src=\"https:\/\/fmp-components.com\/wp-content\/uploads\/2024\/12\/Application-of-Adjustable-Clevis-Type-Cylinders.webp\" alt=\"Regulowany cylinder typu wide\u0142kowego\" width=\"800\" title=\"\"><\/p>\n<h3>O FMP<\/h3>\n<p>FMP to wiod\u0105ca firma specjalizuj\u0105ca si\u0119 w produkcji i sprzeda\u017cy si\u0142ownik\u00f3w hydraulicznych. Dzi\u0119ki bogatemu do\u015bwiadczeniu w bran\u017cy i profesjonalnemu zespo\u0142owi, jeste\u015bmy w stanie dostarcza\u0107 klientom wysokiej jako\u015bci i niezawodne si\u0142owniki hydrauliczne do r\u00f3\u017cnorodnych zastosowa\u0144 w maszynach budowlanych.<\/p>\n<p><img decoding=\"async\" src=\"https:\/\/fmp-components.com\/wp-content\/uploads\/2024\/12\/Adjustable-Clevis-Type-Cylinders-6.webp\" alt=\"Regulowany cylinder typu wide\u0142kowego\" width=\"835\" title=\"\"><\/p>\n<p>Oto pi\u0119\u0107 powod\u00f3w, dla kt\u00f3rych wyb\u00f3r FMP jako dostawcy cylindr\u00f3w hydraulicznych jest w\u0142a\u015bciw\u0105 decyzj\u0105:<\/p>\n<ol>\n<li><strong>Szeroka gama produkt\u00f3w:<\/strong> Oferujemy szerok\u0105 gam\u0119 si\u0142ownik\u00f3w hydraulicznych odpowiednich do r\u00f3\u017cnych zastosowa\u0144 w przemy\u015ble maszyn budowlanych. Niezale\u017cnie od tego, czy potrzebujesz si\u0142ownik\u00f3w do maszyn rolniczych, przek\u0142adni przemys\u0142owych, czy przek\u0142adni planetarnych, mamy dla Ciebie rozwi\u0105zanie.<\/li>\n<li><strong>Surowe standardy jako\u015bci:<\/strong> W FMP priorytetowo traktujemy jako\u015b\u0107 i dbamy o to, aby wszystkie dostarczane przez nas si\u0142owniki hydrauliczne spe\u0142nia\u0142y rygorystyczne standardy jako\u015bci. Dzi\u0119ki d\u0142ugoterminowej i stabilnej wsp\u00f3\u0142pracy z wysokiej jako\u015bci dostawcami gwarantujemy niezawodno\u015b\u0107 i trwa\u0142o\u015b\u0107 naszych produkt\u00f3w.<\/li>\n<li><strong>Do\u015bwiadczony zesp\u00f3\u0142 sprzeda\u017cy:<\/strong> Nasz do\u015bwiadczony zesp\u00f3\u0142 sprzeda\u017cy doskonale zna najnowsze trendy i potrzeby klient\u00f3w w bran\u017cy maszyn budowlanych. S\u0142u\u017cymy profesjonaln\u0105 porad\u0105 produktow\u0105, pomagaj\u0105c w podejmowaniu \u015bwiadomych decyzji i znalezieniu idealnego si\u0142ownika hydraulicznego, dopasowanego do Pa\u0144stwa indywidualnych potrzeb.<\/li>\n<li><strong>Efektywna dystrybucja logistyczna:<\/strong> Rozumiemy, jak wa\u017cna jest terminowa dostawa. Nasz wydajny system dystrybucji logistycznej gwarantuje szybk\u0105 i precyzyjn\u0105 dostaw\u0119 potrzebnych cylindr\u00f3w hydraulicznych, minimalizuj\u0105c przestoje i zapewniaj\u0105c p\u0142ynne funkcjonowanie Twojej dzia\u0142alno\u015bci.<\/li>\n<li><strong>Kompleksowe wsparcie posprzeda\u017cowe:<\/strong> W FMP cenimy zadowolenie klienta. Nasz zaanga\u017cowany zesp\u00f3\u0142 wsparcia jest zawsze gotowy pom\u00f3c w przypadku jakichkolwiek pyta\u0144 lub w\u0105tpliwo\u015bci, zapewniaj\u0105c kompleksowe wsparcie posprzeda\u017cowe, aby zagwarantowa\u0107 Pa\u0144stwu pe\u0142n\u0105 satysfakcj\u0119 z naszych cylindr\u00f3w hydraulicznych.<\/li>\n<\/ol>\n<p>Zosta\u0144 partnerem FMP ju\u017c dzi\u015b i przekonaj si\u0119 o jako\u015bci, niezawodno\u015bci i wyj\u0105tkowej wydajno\u015bci naszych si\u0142ownik\u00f3w hydraulicznych. Skontaktuj si\u0119 z nami ju\u017c dzi\u015b, aby om\u00f3wi\u0107 swoje potrzeby i rozpocz\u0105\u0107 owocn\u0105 wsp\u00f3\u0142prac\u0119.<\/p>\n<h2>Cz\u0119sto zadawane pytania<\/h2>\n<p><b>P: Jaka jest maksymalna si\u0142a ci\u0105gu mikrocylindra t\u0142okowego hydraulicznego?<\/b><br \/>\nA: Maksymalny nacisk mikrocylindra t\u0142okowego hydraulicznego wynosi 3000.<\/p>\n<p><b>P: Jaka jest waga mikrocylindra t\u0142okowego hydraulicznego?<\/b><br \/>\nA: Waga mikrocylindra hydraulicznego wynosi 60 kg.<\/p>\n<p><b>P: Jaki rodzaj gwarancji obejmuje cylinder t\u0142okowy Micro Hydraulic?<\/b><br \/>\nA: Mikrocylinder t\u0142okowy hydrauliczny obj\u0119ty jest roczn\u0105 gwarancj\u0105.<\/p>\n<p>Autor: CX<\/p>","protected":false},"excerpt":{"rendered":"<p>Introducing the New Arrival Micro Hydraulic Piston Cylinder For Tractor: The New Arrival Micro Hydraulic Piston Cylinder For Tractor is an innovative and high-quality product designed to enhance the performance and functionality of tractors. This hydraulic piston cylinder is specifically engineered to provide reliable and efficient power transfer, making it an essential component for various [&hellip;]<\/p>","protected":false},"featured_media":1340,"comment_status":"closed","ping_status":"closed","template":"","meta":{"_et_pb_use_builder":"","_et_pb_old_content":"","_et_gb_content_width":""},"product_brand":[],"product_cat":[39],"product_tag":[41,34],"class_list":{"0":"post-1373","1":"product","2":"type-product","3":"status-publish","4":"has-post-thumbnail","6":"product_cat-adjustable-clevis-type-cylinders","7":"product_tag-adjustable-clevis-type-cylinders","8":"product_tag-hydraulic-cylinder","10":"first","11":"instock","12":"product-type-simple"},"_links":{"self":[{"href":"https:\/\/fmp-components.com\/pl\/wp-json\/wp\/v2\/product\/1373","targetHints":{"allow":["GET"]}}],"collection":[{"href":"https:\/\/fmp-components.com\/pl\/wp-json\/wp\/v2\/product"}],"about":[{"href":"https:\/\/fmp-components.com\/pl\/wp-json\/wp\/v2\/types\/product"}],"replies":[{"embeddable":true,"href":"https:\/\/fmp-components.com\/pl\/wp-json\/wp\/v2\/comments?post=1373"}],"wp:featuredmedia":[{"embeddable":true,"href":"https:\/\/fmp-components.com\/pl\/wp-json\/wp\/v2\/media\/1340"}],"wp:attachment":[{"href":"https:\/\/fmp-components.com\/pl\/wp-json\/wp\/v2\/media?parent=1373"}],"wp:term":[{"taxonomy":"product_brand","embeddable":true,"href":"https:\/\/fmp-components.com\/pl\/wp-json\/wp\/v2\/product_brand?post=1373"},{"taxonomy":"product_cat","embeddable":true,"href":"https:\/\/fmp-components.com\/pl\/wp-json\/wp\/v2\/product_cat?post=1373"},{"taxonomy":"product_tag","embeddable":true,"href":"https:\/\/fmp-components.com\/pl\/wp-json\/wp\/v2\/product_tag?post=1373"}],"curies":[{"name":"wp","href":"https:\/\/api.w.org\/{rel}","templated":true}]}}