{"id":1370,"date":"2024-12-23T02:18:57","date_gmt":"2024-12-23T02:18:57","guid":{"rendered":"https:\/\/fmp-components.com\/product\/hot-sale-double-acting-tractor-welded-hydraulic-cylinder\/"},"modified":"2024-12-23T03:25:00","modified_gmt":"2024-12-23T03:25:00","slug":"hot-sale-double-acting-tractor-welded-hydraulic-cylinder","status":"publish","type":"product","link":"https:\/\/fmp-components.com\/pl\/product\/hot-sale-double-acting-tractor-welded-hydraulic-cylinder\/","title":{"rendered":"Gor\u0105ca sprzeda\u017c dwustronnego dzia\u0142ania spawany cylinder hydrauliczny ci\u0105gnika"},"content":{"rendered":"<h2>Przedstawiamy gor\u0105co sprzedawany, dwustronnego dzia\u0142ania, spawany si\u0142ownik hydrauliczny do ci\u0105gnik\u00f3w<\/h2>\n<p>Si\u0142owniki hydrauliczne to niezb\u0119dne komponenty w r\u00f3\u017cnych ga\u0142\u0119ziach przemys\u0142u, umo\u017cliwiaj\u0105ce maszynom i urz\u0105dzeniom wykonywanie mocnych i precyzyjnych ruch\u00f3w. Gor\u0105co sprzedawany, spawany si\u0142ownik hydrauliczny dwustronnego dzia\u0142ania do ci\u0105gnik\u00f3w to wyj\u0105tkowy produkt, kt\u00f3ry charakteryzuje si\u0119 zar\u00f3wno wydajno\u015bci\u0105, jak i trwa\u0142o\u015bci\u0105.<\/p>\n<p>Zaprojektowany z wykorzystaniem zaawansowanych technologii in\u017cynieryjnych i produkcyjnych, ten si\u0142ownik hydrauliczny oferuje niezr\u00f3wnan\u0105 wytrzyma\u0142o\u015b\u0107 i niezawodno\u015b\u0107. Zosta\u0142 specjalnie dostosowany do ci\u0105gnik\u00f3w, zapewniaj\u0105c moc potrzebn\u0105 do wykonania nawet najbardziej wymagaj\u0105cych zada\u0144 rolniczych.<\/p>\n<p>Dzi\u0119ki funkcji dwustronnego dzia\u0142ania, ten gor\u0105cy, spawany si\u0142ownik hydrauliczny do ci\u0105gnik\u00f3w dwustronnego dzia\u0142ania mo\u017ce generowa\u0107 si\u0142\u0119 w obu kierunkach ruchu, co czyni go wszechstronnym i wydajnym. Niezale\u017cnie od tego, czy potrzebujesz podnosi\u0107 ci\u0119\u017ckie \u0142adunki, pcha\u0107 czy ci\u0105gn\u0105\u0107 przedmioty, ten si\u0142ownik hydrauliczny spe\u0142ni Twoje oczekiwania.<\/p>\n<p>Technika spawania zastosowana w konstrukcji tego cylindra zapewnia doskona\u0142\u0105 integralno\u015b\u0107 strukturaln\u0105 i zapobiega wyciekom, gwarantuj\u0105c d\u0142ugotrwa\u0142\u0105 wydajno\u015b\u0107 w terenie. Solidna konstrukcja w po\u0142\u0105czeniu z wysokiej jako\u015bci materia\u0142ami gwarantuje odporno\u015b\u0107 na zu\u017cycie, korozj\u0119 i ekstremalne warunki.<\/p>\n<p>Gor\u0105co polecamy spawany si\u0142ownik hydrauliczny dwustronnego dzia\u0142ania do ci\u0105gnik\u00f3w, kt\u00f3ry nie tylko charakteryzuje si\u0119 wytrzyma\u0142o\u015bci\u0105 i trwa\u0142o\u015bci\u0105, ale tak\u017ce oferuje precyzyjn\u0105 kontrol\u0119 i p\u0142ynn\u0105 prac\u0119. Jego doskona\u0142a konstrukcja t\u0142oka minimalizuje tarcie, zapewniaj\u0105c sta\u0142\u0105 i niezawodn\u0105 prac\u0119. Si\u0142ownik ten zosta\u0142 zaprojektowany tak, aby zapewni\u0107 wyj\u0105tkow\u0105 stabilno\u015b\u0107, redukcj\u0119 wibracji i optymaln\u0105 wydajno\u015b\u0107.<\/p>\n<p>Opr\u00f3cz wyj\u0105tkowej konstrukcji, oferowany w sprzeda\u017cy, dwustronny spawany si\u0142ownik hydrauliczny do ci\u0105gnik\u00f3w jest wspierany przez zesp\u00f3\u0142 ekspert\u00f3w, kt\u00f3rzy dok\u0142adaj\u0105 wszelkich stara\u0144, aby zapewni\u0107 klientom doskona\u0142\u0105 obs\u0142ug\u0119. S\u0105 oni gotowi odpowiedzie\u0107 na wszelkie pytania i pom\u00f3c w doborze odpowiedniego si\u0142ownika do konkretnych modeli ci\u0105gnik\u00f3w i zastosowa\u0144.<\/p>\n<p><img loading=\"lazy\" decoding=\"async\" class=\"alignnone size-full wp-image-1334\" src=\"https:\/\/fmp-components.com\/wp-content\/uploads\/2024\/12\/Adjustable-Clevis-Type-Cylinders-4.webp\" alt=\"Cylindry typu wide\u0142kowego regulowanego\" width=\"800\" height=\"800\" title=\"\" srcset=\"https:\/\/fmp-components.com\/wp-content\/uploads\/2024\/12\/Adjustable-Clevis-Type-Cylinders-4.webp 800w, https:\/\/fmp-components.com\/wp-content\/uploads\/2024\/12\/Adjustable-Clevis-Type-Cylinders-4-480x480.webp 480w\" sizes=\"(min-width: 0px) and (max-width: 480px) 480px, (min-width: 481px) 800px, 100vw\" \/><\/p>\n<p>Inwestycja w popularny, spawany si\u0142ownik hydrauliczny dwustronnego dzia\u0142ania do ci\u0105gnik\u00f3w oznacza inwestycj\u0119 w niezawodny i wydajny sprz\u0119t, kt\u00f3ry poprawi wydajno\u015b\u0107 Twojego ci\u0105gnika. Niezale\u017cnie od tego, czy jeste\u015b rolnikiem, ogrodnikiem, czy specjalist\u0105 budowlanym, ten si\u0142ownik hydrauliczny zosta\u0142 zaprojektowany tak, aby spe\u0142ni\u0107 Twoje potrzeby i przewy\u017cszy\u0107 Twoje oczekiwania.<\/p>\n<table>\n<tbody>\n<tr>\n<th>Nazwa produktu<\/th>\n<td>Dwustronnego dzia\u0142ania spawany si\u0142ownik hydrauliczny do ci\u0105gnika<\/td>\n<\/tr>\n<tr>\n<th>Gwarancja<\/th>\n<td>1 rok<\/td>\n<\/tr>\n<tr>\n<th>Zastosowane bran\u017ce<\/th>\n<td>Warsztaty naprawy maszyn, rolnictwo, energetyka, g\u00f3rnictwo, produkcja maszyn<\/td>\n<\/tr>\n<tr>\n<th>Waga (kg)<\/th>\n<td>60<\/td>\n<\/tr>\n<tr>\n<th>Kontrola wideo wychodz\u0105ca<\/th>\n<td>Pod warunkiem, \u017ce<\/td>\n<\/tr>\n<tr>\n<th>Raport z bada\u0144 maszyn<\/th>\n<td>Pod warunkiem, \u017ce<\/td>\n<\/tr>\n<tr>\n<th>Nowy produkt<\/th>\n<td>Wpis 2023<\/td>\n<\/tr>\n<tr>\n<th>Gwarancja na g\u0142\u00f3wne komponenty<\/th>\n<td>1 rok<\/td>\n<\/tr>\n<tr>\n<th>G\u0142\u00f3wne komponenty<\/th>\n<td>\u0141o\u017cysko, si\u0142ownik hydrauliczny<\/td>\n<\/tr>\n<tr>\n<th>Struktura<\/th>\n<td>Standardowy cylinder t\u0142okowy<\/td>\n<\/tr>\n<tr>\n<th>Moc<\/th>\n<td>Hydrauliczny<\/td>\n<\/tr>\n<tr>\n<th>Materia\u0142 korpusu<\/th>\n<td>Wytrzyma\u0142a stal<\/td>\n<\/tr>\n<tr>\n<th>Maksymalny ci\u0105g<\/th>\n<td>3000<\/td>\n<\/tr>\n<tr>\n<th>Typ<\/th>\n<td>Regulowany cylinder typu wide\u0142kowego<\/td>\n<\/tr>\n<tr>\n<th>Porty<\/th>\n<td>G\/SAE\/NPT\/M<\/td>\n<\/tr>\n<tr>\n<th>Maksymalne poci\u0105gni\u0119cie<\/th>\n<td>20 ton<\/td>\n<\/tr>\n<tr>\n<th>Orzecznictwo<\/th>\n<td>ISO 9001:2000<\/td>\n<\/tr>\n<tr>\n<th>Rozmiar otworu<\/th>\n<td>2 \u2013 6 cali<\/td>\n<\/tr>\n<tr>\n<th>Rozmiar pr\u0119ta<\/th>\n<td>1,125 \u2013 4 cale<\/td>\n<\/tr>\n<tr>\n<th>Rozmiar poci\u0105gni\u0119cia<\/th>\n<td>4 \u2013 100 cali<\/td>\n<\/tr>\n<tr>\n<th>Rozmiar szpilki<\/th>\n<td>0,5 \u2013 2 cale<\/td>\n<\/tr>\n<tr>\n<th>Kolor<\/th>\n<td>Czarny<\/td>\n<\/tr>\n<\/tbody>\n<\/table>\n<p>&nbsp;<\/p>\n<h2>Zalety regulowanych cylindr\u00f3w typu wide\u0142kowego<\/h2>\n<p>Regulowane si\u0142owniki wide\u0142kowe, takie jak popularny, spawany si\u0142ownik hydrauliczny dwustronnego dzia\u0142ania do ci\u0105gnik\u00f3w, oferuj\u0105 szereg korzy\u015bci i zalet w r\u00f3\u017cnych zastosowaniach. W tym artykule szczeg\u00f3\u0142owo om\u00f3wimy zalety tych si\u0142ownik\u00f3w, podkre\u015blaj\u0105c ich unikalne cechy i mo\u017cliwo\u015bci poprawy wydajno\u015bci w r\u00f3\u017cnych bran\u017cach.<\/p>\n<h3>1. Wi\u0119ksza elastyczno\u015b\u0107 i zdolno\u015b\u0107 adaptacji<\/h3>\n<p>Jedn\u0105 z kluczowych zalet cylindr\u00f3w z regulowanym wide\u0142kiem jest ich zwi\u0119kszona elastyczno\u015b\u0107 i zdolno\u015b\u0107 adaptacji. Cylindry te s\u0105 wyposa\u017cone w regulowany wide\u0142ek, kt\u00f3ry umo\u017cliwia \u0142atw\u0105 regulacj\u0119 i precyzyjne dostrojenie d\u0142ugo\u015bci skoku cylindra. Funkcja ta umo\u017cliwia u\u017cytkownikom dostosowanie dzia\u0142ania cylindra do konkretnych wymaga\u0144, zapewniaj\u0105c optymaln\u0105 wydajno\u015b\u0107 i sprawno\u015b\u0107.<\/p>\n<h3>2. Precyzyjne pozycjonowanie i kontrola<\/h3>\n<p>Dzi\u0119ki regulowanym si\u0142ownikom wide\u0142kowym mo\u017cliwe jest precyzyjne pozycjonowanie i kontrola. Si\u0142owniki oferuj\u0105 precyzyjn\u0105 kontrol\u0119 skoku, umo\u017cliwiaj\u0105c precyzyjn\u0105 regulacj\u0119 wysuwania i wsuwania si\u0142ownika. Ten poziom kontroli jest kluczowy w zastosowaniach, w kt\u00f3rych precyzja jest kluczowa, takich jak robotyka, systemy automatyki i urz\u0105dzenia do transportu materia\u0142\u00f3w. Regulowane si\u0142owniki wide\u0142kowe umo\u017cliwiaj\u0105 p\u0142ynny i precyzyjny ruch, gwarantuj\u0105c precyzyjne pozycjonowanie \u0142adunk\u00f3w lub komponent\u00f3w.<\/p>\n<h3>3. Zwi\u0119kszone bezpiecze\u0144stwo i niezawodno\u015b\u0107<\/h3>\n<p>Regulowane cylindry wide\u0142kowe znane s\u0105 z wysokiego poziomu bezpiecze\u0144stwa i niezawodno\u015bci. Cylindry te zosta\u0142y zaprojektowane tak, aby wytrzymywa\u0107 du\u017ce obci\u0105\u017cenia i trudne warunki pracy, dzi\u0119ki czemu nadaj\u0105 si\u0119 do wymagaj\u0105cych zastosowa\u0144. Regulowany wide\u0142ek wide\u0142kowy zapewnia dodatkow\u0105 stabilno\u015b\u0107 i wsparcie, minimalizuj\u0105c ryzyko awarii cylindra lub nieoczekiwanych ruch\u00f3w. Zwi\u0119ksza to og\u00f3lne bezpiecze\u0144stwo sprz\u0119tu lub maszyn, w kt\u00f3rych stosowane s\u0105 te cylindry.<\/p>\n<h3>4. Poprawa wydajno\u015bci i produktywno\u015bci<\/h3>\n<p>Dzi\u0119ki zastosowaniu regulowanych si\u0142ownik\u00f3w z wide\u0142kami, firmy mog\u0105 zwi\u0119kszy\u0107 wydajno\u015b\u0107 i efektywno\u015b\u0107 swoich operacji. Mo\u017cliwo\u015b\u0107 precyzyjnego dostrojenia d\u0142ugo\u015bci skoku i kontroli ruchu si\u0142ownika pozwala na optymalizacj\u0119 wydajno\u015bci. Ta optymalizacja prowadzi do skr\u00f3cenia czasu cykli, zwi\u0119kszenia wydajno\u015bci produkcji i poprawy og\u00f3lnej efektywno\u015bci. Regulowane si\u0142owniki z wide\u0142kami umo\u017cliwiaj\u0105 maszynom i urz\u0105dzeniom prac\u0119 z pe\u0142nym potencja\u0142em, maksymalizuj\u0105c wydajno\u015b\u0107 w r\u00f3\u017cnych bran\u017cach.<\/p>\n<h3>5. Wszechstronne zastosowania<\/h3>\n<p>Regulowane si\u0142owniki wide\u0142kowe znajduj\u0105 wszechstronne zastosowanie w r\u00f3\u017cnych bran\u017cach. Si\u0142owniki te s\u0105 powszechnie stosowane mi\u0119dzy innymi w maszynach rolniczych, sprz\u0119cie budowlanym, systemach automatyki przemys\u0142owej i prasach hydraulicznych. Ich elastyczno\u015b\u0107 i zdolno\u015b\u0107 adaptacji sprawiaj\u0105, \u017ce nadaj\u0105 si\u0119 do szerokiego zakresu zastosowa\u0144, zapewniaj\u0105c rozwi\u0105zania dla r\u00f3\u017cnorodnych potrzeb hydraulicznych.<\/p>\n<p>Regulowane si\u0142owniki wide\u0142kowe, takie jak popularny, dwustronnego dzia\u0142ania spawany si\u0142ownik hydrauliczny do ci\u0105gnik\u00f3w, oferuj\u0105 liczne korzy\u015bci dla r\u00f3\u017cnych bran\u017c. Dzi\u0119ki zwi\u0119kszonej elastyczno\u015bci, precyzyjnemu pozycjonowaniu, zwi\u0119kszonemu bezpiecze\u0144stwu, lepszej wydajno\u015bci i wszechstronnym zastosowaniom, si\u0142owniki te stanowi\u0105 niezawodne i wydajne rozwi\u0105zania hydrauliczne. Niezale\u017cnie od tego, czy chodzi o precyzyjn\u0105 regulacj\u0119 d\u0142ugo\u015bci skoku, uzyskanie precyzyjnej kontroli, czy zwi\u0119kszenie wydajno\u015bci, regulowane si\u0142owniki wide\u0142kowe s\u0105 cennym atutem w wielu uk\u0142adach hydraulicznych.<\/p>\n<p><img decoding=\"async\" src=\"https:\/\/fmp-components.com\/wp-content\/uploads\/2024\/12\/Adjustable-Clevis-Type-Cylinders5.webp\" alt=\"Regulowany cylinder typu wide\u0142kowego\" width=\"800\" title=\"\"><\/p>\n<h2>Zastosowanie regulowanych cylindr\u00f3w typu wide\u0142kowego<\/h2>\n<p>Regulowane si\u0142owniki wide\u0142kowe s\u0105 niezb\u0119dnym elementem uk\u0142ad\u00f3w hydraulicznych wykorzystywanych w r\u00f3\u017cnych zastosowaniach przemys\u0142owych, takich jak budownictwo, g\u00f3rnictwo i rolnictwo. Si\u0142owniki te oferuj\u0105 unikalne po\u0142\u0105czenie mocy, trwa\u0142o\u015bci i mo\u017cliwo\u015bci regulacji, co czyni je idealnymi do r\u00f3\u017cnorodnych zastosowa\u0144. W tym artykule om\u00f3wimy zastosowania regulowanych si\u0142ownik\u00f3w wide\u0142kowych i ich zalety w r\u00f3\u017cnych bran\u017cach.<\/p>\n<h3>1. Budowa<\/h3>\n<p>Regulowane si\u0142owniki wide\u0142kowe s\u0105 szeroko stosowane w bran\u017cy budowlanej. Na przyk\u0142ad, s\u0105 one stosowane w koparkach, d\u017awigach i innym ci\u0119\u017ckim sprz\u0119cie budowlanym, kt\u00f3ry wymaga precyzyjnego i silnego ruchu. W tych zastosowaniach si\u0142owniki s\u0142u\u017c\u0105 do podnoszenia i przemieszczania ci\u0119\u017ckich \u0142adunk\u00f3w oraz kopania materia\u0142\u00f3w. S\u0105 r\u00f3wnie\u017c stosowane w m\u0142otach hydraulicznych i kruszarkach, kt\u00f3re s\u0142u\u017c\u0105 do rozdrabniania betonu i innych materia\u0142\u00f3w.<\/p>\n<p>Wyprzeda\u017c! Dwustronnego dzia\u0142ania spawane si\u0142owniki hydrauliczne do ci\u0105gnik\u00f3w ciesz\u0105 si\u0119 popularno\u015bci\u0105 w zastosowaniach budowlanych ze wzgl\u0119du na swoj\u0105 trwa\u0142o\u015b\u0107 i niezawodno\u015b\u0107. Dzi\u0119ki dwustronnemu dzia\u0142aniu zapewniaj\u0105 sta\u0142\u0105 moc i wydajno\u015b\u0107 nawet przy du\u017cych obci\u0105\u017ceniach.<\/p>\n<h3>2. G\u00f3rnictwo<\/h3>\n<p>W g\u00f3rnictwie regulowane si\u0142owniki wide\u0142kowe znajduj\u0105 zastosowanie na wiele sposob\u00f3w. Na przyk\u0142ad, s\u0105 one stosowane w sprz\u0119cie g\u00f3rniczym, takim jak spychacze, \u0142adowarki i wozy wywrotne. S\u0105 r\u00f3wnie\u017c stosowane w sprz\u0119cie wiertniczym i koparkach hydraulicznych. Si\u0142owniki te s\u0142u\u017c\u0105 do podnoszenia i przemieszczania ci\u0119\u017ckich \u0142adunk\u00f3w, a tak\u017ce do rozdrabniania i wykopywania materia\u0142\u00f3w.<\/p>\n<p>Wyprzeda\u017c! Dwustronnego dzia\u0142ania, spawany si\u0142ownik hydrauliczny do ci\u0105gnik\u00f3w jest szczeg\u00f3lnie przydatny w g\u00f3rnictwie ze wzgl\u0119du na mo\u017cliwo\u015b\u0107 przenoszenia du\u017cych obci\u0105\u017ce\u0144 i odporno\u015b\u0107 na trudne warunki. Jego spawana konstrukcja zapewnia maksymaln\u0105 trwa\u0142o\u015b\u0107 i niezawodno\u015b\u0107, nawet w najtrudniejszych warunkach.<\/p>\n<h3>3. Rolnictwo<\/h3>\n<p>Regulowane si\u0142owniki wide\u0142kowe s\u0105 r\u00f3wnie\u017c szeroko stosowane w rolnictwie. Na przyk\u0142ad, s\u0105 one stosowane w ci\u0105gnikach i innych maszynach rolniczych wymagaj\u0105cych du\u017cej mocy i precyzji ruchu. W tych zastosowaniach si\u0142owniki s\u0142u\u017c\u0105 do podnoszenia i przemieszczania ci\u0119\u017ckich \u0142adunk\u00f3w, a tak\u017ce do obs\u0142ugi osprz\u0119tu, takiego jak p\u0142ugi, kultywatory i kombajny.<\/p>\n<p>Wyprzeda\u017c! Dwustronnego dzia\u0142ania, spawany si\u0142ownik hydrauliczny do ci\u0105gnik\u00f3w to doskona\u0142y wyb\u00f3r do zastosowa\u0144 rolniczych ze wzgl\u0119du na jego zdolno\u015b\u0107 do zapewniania sta\u0142ej mocy i wydajno\u015bci. Dzi\u0119ki regulowanej konstrukcji mo\u017cna go dostosowa\u0107 do specyficznych potrzeb r\u00f3\u017cnych zastosowa\u0144 rolniczych.<\/p>\n<p>Regulowane si\u0142owniki wide\u0142kowe to wszechstronny i niezb\u0119dny element uk\u0142ad\u00f3w hydraulicznych stosowanych w budownictwie, g\u00f3rnictwie i rolnictwie. Dzi\u0119ki swojej trwa\u0142o\u015bci, mocy i mo\u017cliwo\u015bci regulacji, znajduj\u0105 zastosowanie w wielu zastosowaniach, zapewniaj\u0105c precyzj\u0119 i niezawodno\u015b\u0107. Wyprzeda\u017cowy, spawany si\u0142ownik hydrauliczny dwustronnego dzia\u0142ania do ci\u0105gnik\u00f3w jest popularnym wyborem w tych zastosowaniach ze wzgl\u0119du na mo\u017cliwo\u015b\u0107 przenoszenia du\u017cych obci\u0105\u017ce\u0144 i odporno\u015b\u0107 na trudne warunki.<img decoding=\"async\" src=\"https:\/\/fmp-components.com\/wp-content\/uploads\/2024\/12\/Application-of-Adjustable-Clevis-Type-Cylinders.webp\" alt=\"Regulowany cylinder typu wide\u0142kowego\" width=\"800\" title=\"\"><\/p>\n<h3>O FMP<\/h3>\n<p>FMP to wiod\u0105ca firma specjalizuj\u0105ca si\u0119 w produkcji i sprzeda\u017cy cylindr\u00f3w hydraulicznych. Dzi\u0119ki naszemu bogatemu do\u015bwiadczeniu w bran\u017cy i profesjonalnemu zespo\u0142owi, jeste\u015bmy zaanga\u017cowani w dostarczanie naszym klientom wysokiej jako\u015bci i niezawodnych rozwi\u0105za\u0144 w zakresie cylindr\u00f3w hydraulicznych.<\/p>\n<p>Oto 5 najwa\u017cniejszych zalet naszych produkt\u00f3w i firmy:<\/p>\n<p>1. Szeroka gama produkt\u00f3w: Oferujemy szerok\u0105 gam\u0119 cylindr\u00f3w hydraulicznych, w tym cylindry z regulowanym wide\u0142kiem, jak pokazano poni\u017cej:<\/p>\n<p><img decoding=\"async\" src=\"https:\/\/fmp-components.com\/wp-content\/uploads\/2024\/12\/Adjustable-Clevis-Type-Cylinders-6.webp\" alt=\"Regulowany cylinder typu wide\u0142kowego\" width=\"832\" title=\"\"><\/p>\n<p>2. Najwy\u017csza jako\u015b\u0107: Nawi\u0105zali\u015bmy d\u0142ugoterminow\u0105 i stabiln\u0105 wsp\u00f3\u0142prac\u0119 z wysokiej jako\u015bci dostawcami, co gwarantuje, \u017ce wszystkie nasze cylindry hydrauliczne spe\u0142niaj\u0105 surowe standardy jako\u015bci. Nasze zaanga\u017cowanie w jako\u015b\u0107 wyr\u00f3\u017cnia nas na tle konkurencji.<\/p>\n<p>3. Profesjonalny zesp\u00f3\u0142 sprzeda\u017cy: Nasz do\u015bwiadczony i wykwalifikowany zesp\u00f3\u0142 sprzeda\u017cy doskonale orientuje si\u0119 w trendach rozwojowych i potrzebach klient\u00f3w w bran\u017cy cylindr\u00f3w hydraulicznych. Zapewniamy profesjonalne doradztwo produktowe i trafne sugestie zakupowe.<\/p>\n<p>4. Efektywna dystrybucja logistyczna: Rozumiemy, jak wa\u017cna jest terminowo\u015b\u0107 i dok\u0142adno\u015b\u0107 dostaw. Dzi\u0119ki naszemu efektywnemu systemowi dystrybucji logistycznej zapewniamy klientom terminowe dostarczenie potrzebnych cylindr\u00f3w hydraulicznych.<\/p>\n<p>5. Kompleksowe rozwi\u0105zania: Opr\u00f3cz si\u0142ownik\u00f3w hydraulicznych oferujemy szerok\u0105 gam\u0119 cz\u0119\u015bci do maszyn budowlanych i kompletnych rozwi\u0105za\u0144 maszynowych. Dzi\u0119ki temu nasi klienci mog\u0105 znale\u017a\u0107 wszystkie niezb\u0119dne komponenty i akcesoria w jednym miejscu, oszcz\u0119dzaj\u0105c czas i wysi\u0142ek.<\/p>\n<p>Zapraszamy do wsp\u00f3\u0142pracy i poznania doskona\u0142o\u015bci cylindr\u00f3w hydraulicznych FMP. Skontaktuj si\u0119 z nami ju\u017c dzi\u015b, aby om\u00f3wi\u0107 swoje specyficzne wymagania i pozwoli\u0107 naszemu zespo\u0142owi pom\u00f3c Ci znale\u017a\u0107 idealne rozwi\u0105zanie w zakresie cylindr\u00f3w hydraulicznych, dopasowane do Twoich potrzeb.<\/p>\n<h3>Cz\u0119sto zadawane pytania<\/h3>\n<p><strong>P: Jakie ga\u0142\u0119zie przemys\u0142u mog\u0105 skorzysta\u0107 z tego cylindra hydraulicznego?<\/strong><br \/>\nA: Ten si\u0142ownik hydrauliczny doskonale nadaje si\u0119 do warsztat\u00f3w naprawczych maszyn, gospodarstw rolnych, energetyki i g\u00f3rnictwa, produkcji maszyn oraz fabryk maszyn.<\/p>\n<p><strong>P: Czy mo\u017cliwe jest dostosowanie si\u0142ownika hydraulicznego do konkretnych wymaga\u0144?<\/strong><br \/>\nO: Tak, FMP oferuje opcje dostosowywania, aby spe\u0142ni\u0107 Twoje specyficzne potrzeby.<\/p>\n<p><strong>P: W jaki spos\u00f3b mo\u017cna zagwarantowa\u0107 d\u0142ugowieczno\u015b\u0107 tego si\u0142ownika hydraulicznego?<\/strong><br \/>\nA: Przestrzeganie prawid\u0142owych praktyk instalacji i konserwacji, takich jak regularne kontrole i terminowa wymiana zu\u017cytych cz\u0119\u015bci, mo\u017ce zapewni\u0107 d\u0142ugowieczno\u015b\u0107 tego si\u0142ownika hydraulicznego.<\/p>\n<p><strong><img decoding=\"async\" src=\"https:\/\/img.jiansujichilun.com\/img\/hydrauliccylinders\/B_hydrauliccylinders-2.webp\" alt=\"si\u0142ownik hydrauliczny\" width=\"800\" title=\"\"><\/strong><\/p>\n<p>Autor: CX<\/p>","protected":false},"excerpt":{"rendered":"<p>Introducing Hot Sale Double Acting Tractor Welded Hydraulic Cylinder Hydraulic cylinders are essential components in various industries, enabling machinery and equipment to perform powerful and precise movements. The Hot Sale Double Acting Tractor Welded Hydraulic Cylinder is an exceptional product that excels in both performance and durability. Designed with advanced engineering and manufacturing techniques, this [&hellip;]<\/p>","protected":false},"featured_media":1340,"comment_status":"closed","ping_status":"closed","template":"","meta":{"_et_pb_use_builder":"","_et_pb_old_content":"","_et_gb_content_width":""},"product_brand":[],"product_cat":[39],"product_tag":[41,34],"class_list":{"0":"post-1370","1":"product","2":"type-product","3":"status-publish","4":"has-post-thumbnail","6":"product_cat-adjustable-clevis-type-cylinders","7":"product_tag-adjustable-clevis-type-cylinders","8":"product_tag-hydraulic-cylinder","10":"first","11":"instock","12":"product-type-simple"},"_links":{"self":[{"href":"https:\/\/fmp-components.com\/pl\/wp-json\/wp\/v2\/product\/1370","targetHints":{"allow":["GET"]}}],"collection":[{"href":"https:\/\/fmp-components.com\/pl\/wp-json\/wp\/v2\/product"}],"about":[{"href":"https:\/\/fmp-components.com\/pl\/wp-json\/wp\/v2\/types\/product"}],"replies":[{"embeddable":true,"href":"https:\/\/fmp-components.com\/pl\/wp-json\/wp\/v2\/comments?post=1370"}],"wp:featuredmedia":[{"embeddable":true,"href":"https:\/\/fmp-components.com\/pl\/wp-json\/wp\/v2\/media\/1340"}],"wp:attachment":[{"href":"https:\/\/fmp-components.com\/pl\/wp-json\/wp\/v2\/media?parent=1370"}],"wp:term":[{"taxonomy":"product_brand","embeddable":true,"href":"https:\/\/fmp-components.com\/pl\/wp-json\/wp\/v2\/product_brand?post=1370"},{"taxonomy":"product_cat","embeddable":true,"href":"https:\/\/fmp-components.com\/pl\/wp-json\/wp\/v2\/product_cat?post=1370"},{"taxonomy":"product_tag","embeddable":true,"href":"https:\/\/fmp-components.com\/pl\/wp-json\/wp\/v2\/product_tag?post=1370"}],"curies":[{"name":"wp","href":"https:\/\/api.w.org\/{rel}","templated":true}]}}