{"id":1369,"date":"2024-12-23T02:18:57","date_gmt":"2024-12-23T02:18:57","guid":{"rendered":"https:\/\/fmp-components.com\/product\/factory-price-double-acting-hydraulic-piston-cylinder-for-trailer\/"},"modified":"2024-12-23T03:13:57","modified_gmt":"2024-12-23T03:13:57","slug":"factory-price-double-acting-hydraulic-piston-cylinder-for-trailer","status":"publish","type":"product","link":"https:\/\/fmp-components.com\/pl\/product\/factory-price-double-acting-hydraulic-piston-cylinder-for-trailer\/","title":{"rendered":"Cena fabryczna Dwustronnego dzia\u0142ania si\u0142ownika hydraulicznego t\u0142okowego do przyczepy"},"content":{"rendered":"<h2>Cena fabryczna si\u0142ownika hydraulicznego dwustronnego dzia\u0142ania do przyczepy:<\/h2>\n<p>Si\u0142ownik hydrauliczny dwustronnego dzia\u0142ania do przyczep w cenie fabrycznej to niezwykle wytrzyma\u0142y i wydajny produkt przeznaczony do zastosowa\u0144 w transporcie. Produkt ten charakteryzuje si\u0119 wysok\u0105 wydajno\u015bci\u0105 dzi\u0119ki dwustronnemu dzia\u0142aniu t\u0142oka hydraulicznego, kt\u00f3ry zapewnia maksymaln\u0105 moc i niezawodno\u015b\u0107.<\/p>\n<p>Si\u0142ownik wykonany jest z wysokiej jako\u015bci materia\u0142\u00f3w, co gwarantuje jego odporno\u015b\u0107 nawet w najtrudniejszych warunkach. Zosta\u0142 zaprojektowany z my\u015bl\u0105 o zapewnieniu stabilnej i niezawodnej wydajno\u015bci, co czyni go idealnym wyborem dla tych, kt\u00f3rzy potrzebuj\u0105 niezawodnego rozwi\u0105zania hydraulicznego do swoich przyczep.<\/p>\n<p>Dwustronnego dzia\u0142ania hydrauliczny si\u0142ownik t\u0142okowy zosta\u0142 zaprojektowany z my\u015bl\u0105 o doskona\u0142ej wydajno\u015bci i niezawodno\u015bci, dzi\u0119ki czemu idealnie nadaje si\u0119 do r\u00f3\u017cnych zastosowa\u0144. Charakteryzuje si\u0119 p\u0142ynn\u0105 i \u0142atw\u0105 w obs\u0142udze konstrukcj\u0105 oraz szeregiem funkcji u\u0142atwiaj\u0105cych monta\u017c i u\u017cytkowanie.<\/p>\n<p>Niezale\u017cnie od tego, czy przewozisz ci\u0119\u017ckie \u0142adunki, czy potrzebujesz niezawodnego rozwi\u0105zania hydraulicznego do swojej przyczepy, si\u0142ownik hydrauliczny dwustronnego dzia\u0142ania w cenie fabrycznej do przyczepy to doskona\u0142y wyb\u00f3r. Po co wi\u0119c czeka\u0107? Zainwestuj w ten produkt ju\u017c dzi\u015b i przekonaj si\u0119 o zaletach niezawodnego i wydajnego uk\u0142adu hydraulicznego w swojej przyczepie.<\/p>\n<p><img loading=\"lazy\" decoding=\"async\" class=\"alignnone size-full wp-image-1334\" src=\"https:\/\/fmp-components.com\/wp-content\/uploads\/2024\/12\/Adjustable-Clevis-Type-Cylinders-4.webp\" alt=\"Cylindry typu wide\u0142kowego regulowanego\" width=\"800\" height=\"800\" title=\"\" srcset=\"https:\/\/fmp-components.com\/wp-content\/uploads\/2024\/12\/Adjustable-Clevis-Type-Cylinders-4.webp 800w, https:\/\/fmp-components.com\/wp-content\/uploads\/2024\/12\/Adjustable-Clevis-Type-Cylinders-4-480x480.webp 480w\" sizes=\"(min-width: 0px) and (max-width: 480px) 480px, (min-width: 481px) 800px, 100vw\" \/><\/p>\n<table style=\"width: 100%;\" border=\"1\" width=\"100%\" cellspacing=\"0\" cellpadding=\"0\">\n<tbody>\n<tr>\n<th>Nazwa produktu<\/th>\n<td>Si\u0142ownik hydrauliczny dwustronnego dzia\u0142ania do przyczep w cenie fabrycznej<\/td>\n<\/tr>\n<tr>\n<th>Typ marketingu<\/th>\n<td>Nowy produkt 2023<\/td>\n<\/tr>\n<tr>\n<th>Tworzywo<\/th>\n<td>Wysokiej jako\u015bci stal<\/td>\n<\/tr>\n<tr>\n<th>Gwarancja<\/th>\n<td>1 rok<\/td>\n<\/tr>\n<tr>\n<th>Zastosowane bran\u017ce<\/th>\n<td>Warsztaty naprawy maszyn, gospodarstwa rolne, energetyka i g\u00f3rnictwo, produkcja maszyn, fabryki maszyn<\/td>\n<\/tr>\n<tr>\n<th>Maksymalny ci\u0105g<\/th>\n<td>3000<\/td>\n<\/tr>\n<tr>\n<th>Maksymalne poci\u0105gni\u0119cie<\/th>\n<td>20 ton<\/td>\n<\/tr>\n<tr>\n<th>Struktura<\/th>\n<td>Standardowy t\u0142ok<\/td>\n<\/tr>\n<tr>\n<th>Typ<\/th>\n<td>Regulowany cylinder typu wide\u0142kowego<\/td>\n<\/tr>\n<tr>\n<th>Rozmiar otworu<\/th>\n<td>2 \u2013 6 cali<\/td>\n<\/tr>\n<tr>\n<th>Rozmiar pr\u0119ta<\/th>\n<td>1,125 \u2013 4 cale<\/td>\n<\/tr>\n<tr>\n<th>Orzecznictwo<\/th>\n<td>Certyfikat ISO9001:2000<\/td>\n<\/tr>\n<tr>\n<th>Raport z bada\u0144 maszyn<\/th>\n<td>Pod warunkiem, \u017ce<\/td>\n<\/tr>\n<\/tbody>\n<\/table>\n<h2>Zalety regulowanych cylindr\u00f3w typu wide\u0142kowego<\/h2>\n<p>Regulowane si\u0142owniki wide\u0142kowe, takie jak hydrauliczny si\u0142ownik dwustronnego dzia\u0142ania do przyczep w cenie fabrycznej, oferuj\u0105 szereg zalet w r\u00f3\u017cnych zastosowaniach. Oto kilka kluczowych korzy\u015bci:<\/p>\n<ol>\n<li style=\"list-style-type: none;\">\n<ol>\n<li>Wi\u0119ksza elastyczno\u015b\u0107:<\/li>\n<\/ol>\n<\/li>\n<\/ol>\n<p>Regulowane si\u0142owniki wide\u0142kowe zapewniaj\u0105 wysoki stopie\u0144 elastyczno\u015bci dzi\u0119ki swojej regulowanej konstrukcji. Pozwala to na precyzyjne pozycjonowanie i ustawienie, dzi\u0119ki czemu idealnie nadaj\u0105 si\u0119 do zastosowa\u0144 wymagaj\u0105cych precyzyjnej kontroli i precyzyjnego dostrojenia.<\/p>\n<ol>\n<li style=\"list-style-type: none;\">\n<ol>\n<li>Zwi\u0119kszona \u0142adowno\u015b\u0107:<\/li>\n<\/ol>\n<\/li>\n<\/ol>\n<p>Dzi\u0119ki solidnej konstrukcji i konstrukcji, regulowane si\u0142owniki wide\u0142kowe s\u0105 w stanie przenosi\u0107 du\u017ce obci\u0105\u017cenia. Solidny uk\u0142ad t\u0142oka i cylindra gwarantuje niezawodn\u0105 prac\u0119 nawet w ekstremalnych warunkach, dzi\u0119ki czemu nadaj\u0105 si\u0119 do wymagaj\u0105cych zastosowa\u0144.<\/p>\n<ol>\n<li style=\"list-style-type: none;\">\n<ol>\n<li>Zwi\u0119kszona trwa\u0142o\u015b\u0107:<\/li>\n<\/ol>\n<\/li>\n<\/ol>\n<p>Te cylindry zosta\u0142y zaprojektowane tak, aby wytrzyma\u0107 cz\u0119ste u\u017cytkowanie i trudne warunki. Materia\u0142y u\u017cyte do ich budowy, takie jak stal o wysokiej wytrzyma\u0142o\u015bci i pow\u0142oki odporne na korozj\u0119, zapewniaj\u0105 d\u0142ugotrwa\u0142\u0105 trwa\u0142o\u015b\u0107. Dzi\u0119ki temu s\u0105 one niezwykle niezawodne i ekonomiczne w d\u0142u\u017cszej perspektywie.<\/p>\n<ol>\n<li style=\"list-style-type: none;\">\n<ol>\n<li>\u0141atwa konserwacja:<\/li>\n<\/ol>\n<\/li>\n<\/ol>\n<p>Regulowane si\u0142owniki z wide\u0142kami zosta\u0142y zaprojektowane z my\u015bl\u0105 o \u0142atwej konserwacji. Dost\u0119pna konstrukcja umo\u017cliwia szybk\u0105 inspekcj\u0119, smarowanie i wymian\u0119 podzespo\u0142\u00f3w. Skraca to przestoje i zapewnia optymaln\u0105 wydajno\u015b\u0107 przez ca\u0142y okres eksploatacji si\u0142ownika.<\/p>\n<ol>\n<li style=\"list-style-type: none;\">\n<ol>\n<li>Szeroki wyb\u00f3r opcji monta\u017cu:<\/li>\n<\/ol>\n<\/li>\n<\/ol>\n<p>Si\u0142owniki te oferuj\u0105 szeroki zakres opcji monta\u017cu, umo\u017cliwiaj\u0105c \u0142atw\u0105 integracj\u0119 z r\u00f3\u017cnymi systemami i konstrukcjami. Niezale\u017cnie od tego, czy chodzi o przyczep\u0119, maszyn\u0119, czy sprz\u0119t przemys\u0142owy, regulowane si\u0142owniki wide\u0142kowe mo\u017cna dostosowa\u0107 do specyficznych wymaga\u0144 danego zastosowania.<\/p>\n<ol>\n<li style=\"list-style-type: none;\">\n<ol>\n<li>Precyzyjna kontrola:<\/li>\n<\/ol>\n<\/li>\n<\/ol>\n<p>Dzi\u0119ki swojej regulowanej konstrukcji si\u0142owniki te zapewniaj\u0105 precyzyjn\u0105 kontrol\u0119 nad ruchem i po\u0142o\u017ceniem \u0142adunku. Jest to kluczowe w zastosowaniach, w kt\u00f3rych precyzja jest kluczowa, takich jak robotyka, transport materia\u0142\u00f3w i systemy zautomatyzowane. Mo\u017cliwo\u015b\u0107 precyzyjnego dostrojenia skoku i ustawienia si\u0142ownika gwarantuje optymaln\u0105 wydajno\u015b\u0107.<\/p>\n<ol>\n<li style=\"list-style-type: none;\">\n<ol>\n<li>Poprawa efektywno\u015bci:<\/li>\n<\/ol>\n<\/li>\n<\/ol>\n<p>Zastosowanie regulowanych si\u0142ownik\u00f3w wide\u0142kowych mo\u017ce prowadzi\u0107 do poprawy wydajno\u015bci w r\u00f3\u017cnych operacjach. Ich regulowane w\u0142a\u015bciwo\u015bci umo\u017cliwiaj\u0105 precyzyjne dostrojenie si\u0142y, pr\u0119dko\u015bci i skoku, co przek\u0142ada si\u0119 na optymalizacj\u0119 wydajno\u015bci, zmniejszenie zu\u017cycia energii i wzrost produktywno\u015bci.<\/p>\n<p>Podsumowuj\u0105c, regulowane si\u0142owniki wide\u0142kowe, takie jak hydrauliczny si\u0142ownik dwustronnego dzia\u0142ania do przyczep w cenie fabrycznej, oferuj\u0105 liczne korzy\u015bci pod wzgl\u0119dem elastyczno\u015bci, ud\u017awigu, trwa\u0142o\u015bci, konserwacji, mo\u017cliwo\u015bci monta\u017cu, precyzyjnej kontroli i wydajno\u015bci. Ich unikalna konstrukcja i regulowane funkcje sprawiaj\u0105, \u017ce stanowi\u0105 cenny wyb\u00f3r dla szerokiego zakresu zastosowa\u0144, gwarantuj\u0105c optymaln\u0105 wydajno\u015b\u0107 i niezawodno\u015b\u0107.<\/p>\n<p><img decoding=\"async\" src=\"https:\/\/fmp-components.com\/wp-content\/uploads\/2024\/12\/Adjustable-Clevis-Type-Cylinders5.webp\" alt=\"Regulowany cylinder typu wide\u0142kowego\" width=\"800\" title=\"\"><\/p>\n<h2>Zastosowanie regulowanych cylindr\u00f3w typu wide\u0142kowego<\/h2>\n<p>Cylindry z regulowanym wide\u0142kiem to wszechstronne komponenty hydrauliczne wykorzystywane w r\u00f3\u017cnych zastosowaniach w r\u00f3\u017cnych bran\u017cach. Cylindry te charakteryzuj\u0105 si\u0119 unikaln\u0105 konstrukcj\u0105, dzi\u0119ki kt\u00f3rej nadaj\u0105 si\u0119 do stosowania w sytuacjach, w kt\u00f3rych inne typy cylindr\u00f3w mog\u0105 by\u0107 nieodpowiednie. Oto niekt\u00f3re z zastosowa\u0144 cylindr\u00f3w z regulowanym wide\u0142kiem:<\/p>\n<h3>1. Maszyny rolnicze<\/h3>\n<p>Rolnicy i pracownicy rolni wykorzystuj\u0105 regulowane si\u0142owniki wide\u0142kowe na r\u00f3\u017cne sposoby. Jednym z najcz\u0119stszych zastosowa\u0144 jest uprawa ro\u015blin. Si\u0142owniki s\u0142u\u017c\u0105 do obs\u0142ugi p\u0142ug\u00f3w, kultywator\u00f3w i innych maszyn rolniczych. Ponadto s\u0142u\u017c\u0105 do regulacji wysoko\u015bci opryskiwaczy polowych i innych urz\u0105dze\u0144, kt\u00f3re wymagaj\u0105 podnoszenia lub opuszczania podczas pracy. Si\u0142a hydrauliczna tych si\u0142ownik\u00f3w pomaga zminimalizowa\u0107 nak\u0142ad pracy r\u0119cznej i zwi\u0119kszy\u0107 wydajno\u015b\u0107 pracy w polu.<\/p>\n<h3>2. Sprz\u0119t budowlany<\/h3>\n<p>Regulowane si\u0142owniki wide\u0142kowe s\u0105 r\u00f3wnie\u017c powszechne w bran\u017cy budowlanej. S\u0105 stosowane w r\u00f3\u017cnych maszynach, takich jak koparki, buldo\u017cery i d\u017awigi. Zapewniaj\u0105 one moc hydrauliczn\u0105 do podnoszenia ci\u0119\u017ckich \u0142adunk\u00f3w, przemieszczania ziemi i ska\u0142 oraz wykonywania innych zada\u0144 wymagaj\u0105cych znacznej si\u0142y. Firmy budowlane polegaj\u0105 na tych si\u0142ownikach, aby zapewni\u0107 terminow\u0105 realizacj\u0119 swoich projekt\u00f3w w ramach bud\u017cetu.<\/p>\n<h3>3. Sprz\u0119t produkcyjny<\/h3>\n<p>Regulowane si\u0142owniki wide\u0142kowe s\u0105 r\u00f3wnie\u017c niezb\u0119dne w urz\u0105dzeniach produkcyjnych. Stosuje si\u0119 je w prasach, t\u0142oczniach i innych urz\u0105dzeniach wymagaj\u0105cych precyzyjnej kontroli si\u0142y i pr\u0119dko\u015bci. Si\u0142owniki te umo\u017cliwiaj\u0105 producentom sp\u00f3jn\u0105 i wydajn\u0105 produkcj\u0119 wysokiej jako\u015bci produkt\u00f3w. Ponadto s\u0105 one wykorzystywane na liniach monta\u017cowych do przemieszczania komponent\u00f3w i produkt\u00f3w mi\u0119dzy stanowiskami, co usprawnia i zwi\u0119ksza wydajno\u015b\u0107 procesu produkcyjnego.<\/p>\n<h3>4. Sprz\u0119t transportowy<\/h3>\n<p>Regulowane si\u0142owniki wide\u0142kowe s\u0105 r\u00f3wnie\u017c stosowane w r\u00f3\u017cnego rodzaju sprz\u0119cie transportowym. S\u0105 powszechnie stosowane w przyczepach, ci\u0119\u017car\u00f3wkach i autobusach, aby zapewni\u0107 hydrauliczne zasilanie hamulc\u00f3w, zawieszenia i innych uk\u0142ad\u00f3w. S\u0142u\u017c\u0105 r\u00f3wnie\u017c do regulacji wysoko\u015bci przyczep oraz podnoszenia \u0142adunku podczas za\u0142adunku i roz\u0142adunku. Zastosowanie dwustronnego dzia\u0142ania si\u0142ownika hydraulicznego do przyczep w cenie fabrycznej jest przyk\u0142adem zastosowania regulowanych si\u0142ownik\u00f3w wide\u0142kowych w celu poprawy wydajno\u015bci i bezpiecze\u0144stwa sprz\u0119tu transportowego.<\/p>\n<p>Podsumowuj\u0105c, regulowane si\u0142owniki wide\u0142kowe znajduj\u0105 szerokie zastosowanie w r\u00f3\u017cnych ga\u0142\u0119ziach przemys\u0142u. Ich unikalna konstrukcja, w po\u0142\u0105czeniu z zasilaniem hydraulicznym, czyni je niezb\u0119dnymi elementami maszyn i urz\u0105dze\u0144 wymagaj\u0105cych precyzyjnej kontroli si\u0142y i pr\u0119dko\u015bci. W rezultacie regulowane si\u0142owniki wide\u0142kowe sta\u0142y si\u0119 integraln\u0105 cz\u0119\u015bci\u0105 nowoczesnego przemys\u0142u i nadal b\u0119d\u0105 odgrywa\u0107 kluczow\u0105 rol\u0119 w r\u00f3\u017cnych zastosowaniach.<img decoding=\"async\" src=\"https:\/\/fmp-components.com\/wp-content\/uploads\/2024\/12\/Application-of-Adjustable-Clevis-Type-Cylinders.webp\" alt=\"Regulowany cylinder typu wide\u0142kowego\" width=\"800\" title=\"\"><\/p>\n<h3>O cylindrze hydraulicznym FMP<\/h3>\n<p>Firma FMP specjalizuje si\u0119 w dostarczaniu wysokiej jako\u015bci i niezawodnych cz\u0119\u015bci do maszyn budowlanych oraz kompletnych rozwi\u0105za\u0144. Nasz si\u0142ownik hydrauliczny jest jednym z najpopularniejszych produkt\u00f3w w naszej ofercie. Oto pi\u0119\u0107 powod\u00f3w, dla kt\u00f3rych warto wybra\u0107 si\u0142ownik hydrauliczny FMP:<\/p>\n<ol>\n<li><strong>Najwy\u017csza jako\u015b\u0107:<\/strong> Nasz si\u0142ownik hydrauliczny wykonany jest z wysokiej jako\u015bci materia\u0142\u00f3w, co gwarantuje jego trwa\u0142o\u015b\u0107 i d\u0142ug\u0105 \u017cywotno\u015b\u0107. Zosta\u0142 zaprojektowany i wyprodukowany z precyzj\u0105, zgodnie z surowymi normami jako\u015bciowymi, co gwarantuje jego odporno\u015b\u0107 na trudne warunki pracy.<\/li>\n<li><strong>Mo\u017cliwo\u015b\u0107 dostosowania:<\/strong> Nasze si\u0142owniki hydrauliczne mo\u017cna dostosowa\u0107 do indywidualnych potrzeb. Oferujemy szeroki wyb\u00f3r opcji, w tym \u015brednice cylindr\u00f3w, d\u0142ugo\u015bci skoku t\u0142oka i style monta\u017cu. Nasz zesp\u00f3\u0142 ekspert\u00f3w s\u0142u\u017cy profesjonaln\u0105 porad\u0105 produktow\u0105 i trafnymi sugestiami zakupowymi, aby pom\u00f3c Ci wybra\u0107 odpowiedni si\u0142ownik hydrauliczny do Twoich potrzeb.<\/li>\n<li><strong>\u0141atwa instalacja:<\/strong> Nasz si\u0142ownik hydrauliczny zosta\u0142 zaprojektowany z my\u015bl\u0105 o \u0142atwym monta\u017cu, co skraca przestoje i zwi\u0119ksza wydajno\u015b\u0107. Dost\u0119pny jest w szerokiej gamie opcji monta\u017cu, kt\u00f3re umo\u017cliwiaj\u0105 \u0142atw\u0105 instalacj\u0119 na sprz\u0119cie.<\/li>\n<li><strong>Konkurencyjna cena:<\/strong> Oferujemy konkurencyjne ceny bez utraty jako\u015bci. Dzi\u0119ki nawi\u0105zaniu d\u0142ugoterminowych i stabilnych relacji z wieloma wysokiej jako\u015bci dostawcami w kraju i za granic\u0105, gwarantujemy, \u017ce wszystkie dostarczane cz\u0119\u015bci spe\u0142niaj\u0105 surowe standardy jako\u015bci.<\/li>\n<li><strong>Efektywny system dystrybucji logistycznej:<\/strong> Dysponujemy wydajnym systemem dystrybucji logistycznej, aby zapewni\u0107 klientom terminowe i dok\u0142adne dostawy potrzebnych cz\u0119\u015bci. \u015aci\u015ble wsp\u00f3\u0142pracujemy z naszymi partnerami logistycznymi, aby zapewni\u0107 szybk\u0105 i niezawodn\u0105 dostaw\u0119 do klient\u00f3w na ca\u0142ym \u015bwiecie.<\/li>\n<\/ol>\n<p><img decoding=\"async\" src=\"https:\/\/fmp-components.com\/wp-content\/uploads\/2024\/12\/Adjustable-Clevis-Type-Cylinders-6.webp\" alt=\"Regulowany cylinder typu wide\u0142kowego\" width=\"831\" title=\"\"><\/p>\n<p>Z si\u0142ownikami hydraulicznymi FMP mo\u017cesz by\u0107 pewien najwy\u017cszej jako\u015bci, mo\u017cliwo\u015bci personalizacji, \u0142atwego monta\u017cu, konkurencyjnych cen i sprawnej dystrybucji logistycznej. Skontaktuj si\u0119 z nami ju\u017c dzi\u015b, aby dowiedzie\u0107 si\u0119 wi\u0119cej o naszych produktach i us\u0142ugach. Pomo\u017cemy Ci znale\u017a\u0107 odpowiedni si\u0142ownik hydrauliczny, kt\u00f3ry spe\u0142ni Twoje potrzeby.<\/p>\n<p><img decoding=\"async\" src=\"https:\/\/img.jiansujichilun.com\/img\/hydrauliccylinders\/B_hydrauliccylinders-2.webp\" alt=\"si\u0142ownik hydrauliczny\" width=\"800\" title=\"\"><\/p>\n<p><strong>Najcz\u0119\u015bciej zadawane pytania:<\/strong><\/p>\n<p><strong>P: Czy jeste\u015b firm\u0105 handlow\u0105 lub produkcyjn\u0105?<\/strong><br \/>\nA: Jeste\u015bmy fabryk\u0105, produkuj\u0105c\u0105 i eksportuj\u0105c\u0105 cylindry hydrauliczne.<\/p>\n<p><strong>P: Jaki jest czas dostawy si\u0142ownika hydraulicznego dwustronnego dzia\u0142ania?<\/strong><br \/>\nA: Og\u00f3lny czas dostawy wynosi 25\u201335 dni.<\/p>\n<p><strong>P: Czy oferuj\u0105 Pa\u0144stwo pr\u00f3bki cylindra hydraulicznego dwustronnego dzia\u0142ania?<\/strong><br \/>\nA: Tak, oferujemy pr\u00f3bki, ale nie s\u0105 one darmowe.<\/p>\n<p>Autor: CX<\/p>","protected":false},"excerpt":{"rendered":"<p>Factory Price Double Acting Hydraulic Piston Cylinder For Trailer: The Factory Price Double Acting Hydraulic Piston Cylinder For Trailer is a highly durable and efficient product designed for use in the transportation industry. This product boasts a high level of performance, thanks to its double-acting hydraulic piston that provides maximum power and reliability. The cylinder [&hellip;]<\/p>","protected":false},"featured_media":1338,"comment_status":"closed","ping_status":"closed","template":"","meta":{"_et_pb_use_builder":"","_et_pb_old_content":"","_et_gb_content_width":""},"product_brand":[],"product_cat":[39],"product_tag":[41,34],"class_list":{"0":"post-1369","1":"product","2":"type-product","3":"status-publish","4":"has-post-thumbnail","6":"product_cat-adjustable-clevis-type-cylinders","7":"product_tag-adjustable-clevis-type-cylinders","8":"product_tag-hydraulic-cylinder","10":"first","11":"instock","12":"product-type-simple"},"_links":{"self":[{"href":"https:\/\/fmp-components.com\/pl\/wp-json\/wp\/v2\/product\/1369","targetHints":{"allow":["GET"]}}],"collection":[{"href":"https:\/\/fmp-components.com\/pl\/wp-json\/wp\/v2\/product"}],"about":[{"href":"https:\/\/fmp-components.com\/pl\/wp-json\/wp\/v2\/types\/product"}],"replies":[{"embeddable":true,"href":"https:\/\/fmp-components.com\/pl\/wp-json\/wp\/v2\/comments?post=1369"}],"wp:featuredmedia":[{"embeddable":true,"href":"https:\/\/fmp-components.com\/pl\/wp-json\/wp\/v2\/media\/1338"}],"wp:attachment":[{"href":"https:\/\/fmp-components.com\/pl\/wp-json\/wp\/v2\/media?parent=1369"}],"wp:term":[{"taxonomy":"product_brand","embeddable":true,"href":"https:\/\/fmp-components.com\/pl\/wp-json\/wp\/v2\/product_brand?post=1369"},{"taxonomy":"product_cat","embeddable":true,"href":"https:\/\/fmp-components.com\/pl\/wp-json\/wp\/v2\/product_cat?post=1369"},{"taxonomy":"product_tag","embeddable":true,"href":"https:\/\/fmp-components.com\/pl\/wp-json\/wp\/v2\/product_tag?post=1369"}],"curies":[{"name":"wp","href":"https:\/\/api.w.org\/{rel}","templated":true}]}}