{"id":1366,"date":"2024-12-23T02:18:57","date_gmt":"2024-12-23T02:18:57","guid":{"rendered":"https:\/\/fmp-components.com\/product\/premium-quality-double-acting-tow-truck-hydraulic-cylinder-for-trailer\/"},"modified":"2024-12-23T03:02:08","modified_gmt":"2024-12-23T03:02:08","slug":"premium-quality-double-acting-tow-truck-hydraulic-cylinder-for-trailer","status":"publish","type":"product","link":"https:\/\/fmp-components.com\/pl\/product\/premium-quality-double-acting-tow-truck-hydraulic-cylinder-for-trailer\/","title":{"rendered":"Najwy\u017cszej jako\u015bci dwustronny si\u0142ownik hydrauliczny do holownika przyczepy"},"content":{"rendered":"<p>Przedstawiamy najwy\u017cszej jako\u015bci dwustronny si\u0142ownik hydrauliczny do holowania przyczep! Ten najwy\u017cszej klasy produkt zosta\u0142 zaprojektowany z my\u015bl\u0105 o zapewnieniu maksymalnej wytrzyma\u0142o\u015bci i trwa\u0142o\u015bci, spe\u0142niaj\u0105c wszystkie Twoje potrzeby zwi\u0105zane z holowaniem.<\/p>\n<p>Wykonany z precyzj\u0105 i dba\u0142o\u015bci\u0105, ten si\u0142ownik hydrauliczny jest niezwykle trwa\u0142y. Jego dwustronne dzia\u0142anie zapewnia zwi\u0119kszon\u0105 wydajno\u015b\u0107 i efektywno\u015b\u0107, gwarantuj\u0105c szybkie i efektywne wykonanie zadania. Dzi\u0119ki maksymalnemu ci\u015bnieniu roboczemu 3000 PSI i maksymalnemu skokowi t\u0142oka 48 cali (122,7 mm), si\u0142ownik ten poradzi sobie nawet z najtrudniejszymi zadaniami holowniczymi.<\/p>\n<p>Wykonany z wysokiej jako\u015bci materia\u0142\u00f3w, w tym z chromowanym t\u0142oczyskiem, ten si\u0142ownik hydrauliczny jest odporny na korozj\u0119 i zu\u017cycie, co gwarantuje, \u017ce pozostanie w doskona\u0142ym stanie przez wiele lat. Jego solidna konstrukcja pozwala mu r\u00f3wnie\u017c wytrzyma\u0107 du\u017ce obci\u0105\u017cenia i trudny teren, co czyni go idealnym wyborem do wszelkich zastosowa\u0144 zwi\u0105zanych z holowaniem.<\/p>\n<p><img loading=\"lazy\" decoding=\"async\" class=\"alignnone size-full wp-image-1334\" src=\"https:\/\/fmp-components.com\/wp-content\/uploads\/2024\/12\/Adjustable-Clevis-Type-Cylinders-4.webp\" alt=\"Cylindry typu wide\u0142kowego regulowanego\" width=\"800\" height=\"800\" title=\"\" srcset=\"https:\/\/fmp-components.com\/wp-content\/uploads\/2024\/12\/Adjustable-Clevis-Type-Cylinders-4.webp 800w, https:\/\/fmp-components.com\/wp-content\/uploads\/2024\/12\/Adjustable-Clevis-Type-Cylinders-4-480x480.webp 480w\" sizes=\"(min-width: 0px) and (max-width: 480px) 480px, (min-width: 481px) 800px, 100vw\" \/><\/p>\n<p>Je\u015bli szukasz niezawodnego i wydajnego si\u0142ownika hydraulicznego do swojej przyczepy, to w\u0142a\u015bnie go znalaz\u0142e\u015b \u2013 wysokiej jako\u015bci si\u0142ownik hydrauliczny dwustronnego dzia\u0142ania do holownik\u00f3w. Dzi\u0119ki swojej wyj\u0105tkowej wytrzyma\u0142o\u015bci i trwa\u0142o\u015bci, ten produkt z pewno\u015bci\u0105 przekroczy Twoje oczekiwania i zapewni wydajno\u015b\u0107 niezb\u0119dn\u0105 do prawid\u0142owego wykonania zadania.<\/p>\n<table style=\"width: 100%;\" border=\"1\" width=\"100%\" cellspacing=\"0\" cellpadding=\"0\">\n<tbody>\n<tr>\n<th>Stan<\/th>\n<td>Nowy<\/td>\n<\/tr>\n<tr>\n<th>Gwarancja<\/th>\n<td>1 rok<\/td>\n<\/tr>\n<tr>\n<th>Zastosowane bran\u017ce<\/th>\n<td>Warsztaty naprawy maszyn, gospodarstwa rolne, energetyka i g\u00f3rnictwo, produkcja maszyn, fabryki maszyn<\/td>\n<\/tr>\n<tr>\n<th>Waga (kg)<\/th>\n<td>70<\/td>\n<\/tr>\n<tr>\n<th>Kontrola wideo wychodz\u0105ca<\/th>\n<td>Pod warunkiem, \u017ce<\/td>\n<\/tr>\n<tr>\n<th>Raport z bada\u0144 maszyn<\/th>\n<td>Pod warunkiem, \u017ce<\/td>\n<\/tr>\n<tr>\n<th>Typ marketingu<\/th>\n<td>Nowy produkt 2023<\/td>\n<\/tr>\n<tr>\n<th>Gwarancja na g\u0142\u00f3wne komponenty<\/th>\n<td>1 rok<\/td>\n<\/tr>\n<tr>\n<th>G\u0142\u00f3wne komponenty<\/th>\n<td>\u0141o\u017cysko, si\u0142ownik hydrauliczny<\/td>\n<\/tr>\n<tr>\n<th>Standardowe czy niestandardowe<\/th>\n<td>Standard<\/td>\n<\/tr>\n<tr>\n<th>Struktura<\/th>\n<td>T\u0142ok cylindra<\/td>\n<\/tr>\n<tr>\n<th>Moc<\/th>\n<td>Hydrauliczny<\/td>\n<\/tr>\n<tr>\n<th>Materia\u0142 korpusu<\/th>\n<td>Stal<\/td>\n<\/tr>\n<tr>\n<th>Maksymalny ci\u0105g<\/th>\n<td>3000<\/td>\n<\/tr>\n<tr>\n<th>Typ<\/th>\n<td>Cylindry z regulowanym wide\u0142kiem<\/td>\n<\/tr>\n<tr>\n<th>Porty<\/th>\n<td>G\/SAE\/NPT\/M<\/td>\n<\/tr>\n<tr>\n<th>Maksymalne poci\u0105gni\u0119cie<\/th>\n<td>20 ton<\/td>\n<\/tr>\n<tr>\n<th>Orzecznictwo<\/th>\n<td>Certyfikat ISO9001:2000<\/td>\n<\/tr>\n<tr>\n<th>Rozmiar otworu<\/th>\n<td>2-6 cali<\/td>\n<\/tr>\n<tr>\n<th>Rozmiar pr\u0119ta<\/th>\n<td>1,125-4 cale<\/td>\n<\/tr>\n<tr>\n<th>Rozmiar poci\u0105gni\u0119cia<\/th>\n<td>4-100 cali<\/td>\n<\/tr>\n<tr>\n<th>Rozmiar szpilki<\/th>\n<td>0,5-2 cale<\/td>\n<\/tr>\n<tr>\n<th>Kolor<\/th>\n<td>Czarny<\/td>\n<\/tr>\n<tr>\n<th>Szczeg\u00f3\u0142y opakowania<\/th>\n<td>Skrzynia \u017celazna, skrzynia ze sklejki lub pude\u0142ko kartonowe<\/td>\n<\/tr>\n<\/tbody>\n<\/table>\n<h2>Zalety regulowanych cylindr\u00f3w typu wide\u0142kowego<\/h2>\n<p>W\u015br\u00f3d si\u0142ownik\u00f3w hydraulicznych do przyczep, si\u0142owniki z regulowanym wide\u0142kiem wyr\u00f3\u017cniaj\u0105 si\u0119 najwy\u017csz\u0105 jako\u015bci\u0105 i funkcjonalno\u015bci\u0105 dwustronnego dzia\u0142ania. Si\u0142owniki te oferuj\u0105 szereg zalet w por\u00f3wnaniu z innymi typami, co czyni je popularnym wyborem w bran\u017cy. W tym artykule szczeg\u00f3\u0142owo om\u00f3wimy zalety si\u0142ownik\u00f3w z regulowanym wide\u0142kiem.<\/p>\n<h3>1. Wi\u0119ksza elastyczno\u015b\u0107 i mo\u017cliwo\u015b\u0107 personalizacji<\/h3>\n<p>Jedn\u0105 z kluczowych zalet regulowanych si\u0142ownik\u00f3w z wide\u0142kami jest ich zwi\u0119kszona elastyczno\u015b\u0107 i mo\u017cliwo\u015b\u0107 dostosowania do indywidualnych potrzeb. Si\u0142owniki te s\u0105 wyposa\u017cone w regulowane mocowania wide\u0142kowe, kt\u00f3re umo\u017cliwiaj\u0105 \u0142atw\u0105 adaptacj\u0119 do r\u00f3\u017cnych zastosowa\u0144 i pozycji monta\u017cowych. Funkcja regulacji umo\u017cliwia precyzyjne pozycjonowanie, zapewniaj\u0105c optymaln\u0105 wydajno\u015b\u0107 w r\u00f3\u017cnych sytuacjach. Niezale\u017cnie od tego, czy chodzi o holownik, przyczep\u0119, czy inny uk\u0142ad hydrauliczny, si\u0142owniki te oferuj\u0105 wszechstronno\u015b\u0107 niezb\u0119dn\u0105 do spe\u0142nienia specyficznych wymaga\u0144.<\/p>\n<h3>2. Doskona\u0142a zdolno\u015b\u0107 do obs\u0142ugi \u0142adunk\u00f3w<\/h3>\n<p>Regulowane si\u0142owniki wide\u0142kowe charakteryzuj\u0105 si\u0119 doskona\u0142\u0105 zdolno\u015bci\u0105 przenoszenia obci\u0105\u017ce\u0144, co czyni je idealnymi do zastosowa\u0144 wymagaj\u0105cych du\u017cej wytrzyma\u0142o\u015bci. Dzi\u0119ki wysokiej jako\u015bci wykonania i solidnej konstrukcji, si\u0142owniki te wytrzymuj\u0105 wysokie ci\u015bnienia i du\u017ce obci\u0105\u017cenia. To sprawia, \u017ce \u200b\u200bs\u0105 niezawodnym wyborem do wymagaj\u0105cych zada\u0144, takich jak holowanie ci\u0119\u017ckich przyczep czy podnoszenie znacznych ci\u0119\u017car\u00f3w. Dwustronne dzia\u0142anie dodatkowo zwi\u0119ksza ich zdolno\u015b\u0107 przenoszenia obci\u0105\u017ce\u0144, zapewniaj\u0105c si\u0142\u0119 w obu kierunkach, co przek\u0142ada si\u0119 na wzrost wydajno\u015bci i produktywno\u015bci.<\/p>\n<h3>3. Zwi\u0119kszona trwa\u0142o\u015b\u0107 i d\u0142ugowieczno\u015b\u0107<\/h3>\n<p>Kolejn\u0105 istotn\u0105 zalet\u0105 regulowanych si\u0142ownik\u00f3w wide\u0142kowych jest ich wyj\u0105tkowa trwa\u0142o\u015b\u0107 i d\u0142ugowieczno\u015b\u0107. Si\u0142owniki te s\u0105 wykonane z wysokiej jako\u015bci materia\u0142\u00f3w i poddawane rygorystycznym procesom produkcyjnym, aby zapewni\u0107 niezawodno\u015b\u0107 i d\u0142ugowieczno\u015b\u0107. Zastosowanie wysokiej jako\u015bci komponent\u00f3w, takich jak uszczelnienia i t\u0142oczyska, minimalizuje ryzyko wyciek\u00f3w i poprawia og\u00f3ln\u0105 wydajno\u015b\u0107. Ta trwa\u0142o\u015b\u0107 przek\u0142ada si\u0119 na mniejsze wymagania konserwacyjne i zwi\u0119kszon\u0105 wydajno\u015b\u0107 operacyjn\u0105, oszcz\u0119dzaj\u0105c czas i pieni\u0105dze w d\u0142u\u017cszej perspektywie.<\/p>\n<h3>4. Ulepszone funkcje bezpiecze\u0144stwa<\/h3>\n<p>Regulowane si\u0142owniki wide\u0142kowe s\u0105 wyposa\u017cone w szereg zabezpiecze\u0144, kt\u00f3re stanowi\u0105 ich przewag\u0119 nad innymi rozwi\u0105zaniami. Zabezpieczenia te obejmuj\u0105 zintegrowane mechanizmy zabezpieczaj\u0105ce przed przeci\u0105\u017ceniem, zawory bezpiecze\u0144stwa oraz zaawansowane systemy sterowania. Funkcje te nie tylko chroni\u0105 si\u0142ownik przed nadmiernym ci\u015bnieniem lub przeci\u0105\u017ceniem, ale tak\u017ce zapewniaj\u0105 bezpiecze\u0144stwo ca\u0142ego uk\u0142adu hydraulicznego. Dzi\u0119ki temu regulowane si\u0142owniki wide\u0142kowe stanowi\u0105 niezawodny wyb\u00f3r w zastosowaniach, w kt\u00f3rych bezpiecze\u0144stwo jest priorytetem.<\/p>\n<h3>5. Efektywne wykorzystanie energii<\/h3>\n<p>Wydajno\u015b\u0107 jest kluczowym aspektem ka\u017cdego uk\u0142adu hydraulicznego, a regulowane si\u0142owniki wide\u0142kowe wyr\u00f3\u017cniaj\u0105 si\u0119 w tym zakresie. Si\u0142owniki te zosta\u0142y zaprojektowane tak, aby zoptymalizowa\u0107 wykorzystanie energii poprzez zapewnienie minimalnych strat energii podczas pracy. Funkcjonalno\u015b\u0107 dwustronnego dzia\u0142ania umo\u017cliwia efektywny transfer energii w obu kierunkach, maksymalizuj\u0105c wydajno\u015b\u0107 i zmniejszaj\u0105c zu\u017cycie energii. Taka efektywno\u015b\u0107 energetyczna nie tylko obni\u017ca koszty, ale tak\u017ce przyczynia si\u0119 do bardziej zr\u00f3wnowa\u017conej i przyjaznej dla \u015brodowiska eksploatacji.<\/p>\n<p>Podsumowuj\u0105c, zalety regulowanych si\u0142ownik\u00f3w wide\u0142kowych sprawiaj\u0105, \u017ce s\u0105 one popularnym wyborem w r\u00f3\u017cnych zastosowaniach hydraulicznych. Ich elastyczno\u015b\u0107, zdolno\u015b\u0107 do przenoszenia \u0142adunk\u00f3w, trwa\u0142o\u015b\u0107, funkcje bezpiecze\u0144stwa i energooszcz\u0119dno\u015b\u0107 wyr\u00f3\u017cniaj\u0105 je na tle innych rozwi\u0105za\u0144. Je\u015bli chodzi o wysokiej jako\u015bci, dwustronnego dzia\u0142ania si\u0142owniki hydrauliczne do holownik\u00f3w, regulowane si\u0142owniki wide\u0142kowe okazuj\u0105 si\u0119 doskona\u0142\u0105 inwestycj\u0105 w niezawodne i wydajne uk\u0142ady hydrauliczne.<\/p>\n<p><img decoding=\"async\" src=\"https:\/\/fmp-components.com\/wp-content\/uploads\/2024\/12\/Adjustable-Clevis-Type-Cylinders5.webp\" alt=\"Regulowany cylinder typu wide\u0142kowego\" width=\"800\" title=\"\"><\/p>\n<h2>Zastosowanie regulowanych cylindr\u00f3w typu wide\u0142kowego<\/h2>\n<p>Cylindry z regulowanym wide\u0142kiem to cylindry hydrauliczne, kt\u00f3re wykorzystuj\u0105 mocowanie wide\u0142kowe do mocowania do maszyny lub urz\u0105dzenia. Cylindry te s\u0105 wyposa\u017cone w wspornik wide\u0142kowy, kt\u00f3ry umo\u017cliwia obr\u00f3t cylindra, dzi\u0119ki czemu idealnie nadaj\u0105 si\u0119 do zastosowa\u0144 wymagaj\u0105cych wi\u0119kszego zakresu ruchu. Poni\u017cej przedstawiono niekt\u00f3re zastosowania cylindr\u00f3w z regulowanym wide\u0142kiem oraz ich zastosowanie w poszczeg\u00f3lnych zastosowaniach.<\/p>\n<h3>1. Rolnictwo<\/h3>\n<p>W rolnictwie regulowane si\u0142owniki wide\u0142kowe s\u0105 stosowane w r\u00f3\u017cnych zastosowaniach, takich jak kombajny i ci\u0105gniki. Jednym z najcz\u0119stszych zastosowa\u0144 tych si\u0142ownik\u00f3w jest podnoszenie i opuszczanie sprz\u0119tu rolniczego. Wysokiej jako\u015bci si\u0142ownik hydrauliczny dwustronnego dzia\u0142ania do holowania przyczep jest cz\u0119sto u\u017cywany w tym celu, poniewa\u017c zosta\u0142 zaprojektowany tak, aby wytrzymywa\u0107 du\u017ce obci\u0105\u017cenia i zapewnia\u0107 niezawodn\u0105 prac\u0119. Si\u0142owniki te zapewniaj\u0105 r\u00f3wnie\u017c precyzyjn\u0105 kontrol\u0119 nad sprz\u0119tem, umo\u017cliwiaj\u0105c rolnikom regulacj\u0119 jego wysoko\u015bci w zale\u017cno\u015bci od potrzeb.<\/p>\n<h3>2. Budowa<\/h3>\n<p>Regulowane si\u0142owniki wide\u0142kowe s\u0105 r\u00f3wnie\u017c wykorzystywane w bran\u017cy budowlanej do r\u00f3\u017cnych zastosowa\u0144, takich jak koparki podsi\u0119bierne, koparki wielowrzecionowe i \u0142adowarki. Si\u0142owniki te s\u0142u\u017c\u0105 do podnoszenia, pchania i ci\u0105gni\u0119cia ci\u0119\u017ckich \u0142adunk\u00f3w, co czyni je niezb\u0119dnym elementem sprz\u0119tu budowlanego. Wysokiej jako\u015bci si\u0142ownik hydrauliczny dwustronnego dzia\u0142ania do holowania przyczep jest popularnym wyborem w tego typu zastosowaniach, poniewa\u017c zosta\u0142 zaprojektowany tak, aby wytrzyma\u0107 trudy ci\u0119\u017ckich prac budowlanych.<\/p>\n<h3>3. Produkcja<\/h3>\n<p>W produkcji, regulowane si\u0142owniki wide\u0142kowe s\u0105 wykorzystywane w r\u00f3\u017cnych zastosowaniach, takich jak linie monta\u017cowe i robotyka. Si\u0142owniki te s\u0142u\u017c\u0105 do sterowania ruchem maszyn i urz\u0105dze\u0144, zapewniaj\u0105c precyzj\u0119 i dok\u0142adno\u015b\u0107 w procesie produkcyjnym. Wysokiej jako\u015bci, dwustronnego dzia\u0142ania si\u0142ownik hydrauliczny do holownik\u00f3w i przyczep jest cz\u0119sto stosowany w tych zastosowaniach, poniewa\u017c zapewnia precyzyjn\u0105 kontrol\u0119 i niezawodn\u0105 prac\u0119.<\/p>\n<h3>4. G\u00f3rnictwo<\/h3>\n<p>W przemy\u015ble g\u00f3rniczym regulowane si\u0142owniki wide\u0142kowe s\u0105 stosowane w ci\u0119\u017ckich zastosowaniach, takich jak maszyny wiertnicze, koparki i \u0142adowarki. Si\u0142owniki te s\u0142u\u017c\u0105 do podnoszenia ci\u0119\u017ckich \u0142adunk\u00f3w i przemieszczania sprz\u0119tu, co czyni je niezb\u0119dnymi elementami w g\u00f3rnictwie. Wysokiej jako\u015bci, dwustronnego dzia\u0142ania si\u0142ownik hydrauliczny do holownik\u00f3w do przyczep jest powszechnie stosowany w tych zastosowaniach ze wzgl\u0119du na swoj\u0105 wytrzyma\u0142o\u015b\u0107 i trwa\u0142o\u015b\u0107.<\/p>\n<h3>5. Transport<\/h3>\n<p>Regulowane si\u0142owniki wide\u0142kowe s\u0105 stosowane w bran\u017cy transportowej do r\u00f3\u017cnych zastosowa\u0144, takich jak ci\u0119\u017car\u00f3wki i przyczepy. S\u0142u\u017c\u0105 one do podnoszenia i opuszczania skrzyni \u0142adunkowej przyczepy, u\u0142atwiaj\u0105c za\u0142adunek i roz\u0142adunek. Wysokiej jako\u015bci, dwustronnego dzia\u0142ania si\u0142ownik hydrauliczny do holownik\u00f3w do przyczep jest popularnym wyborem w tego typu zastosowaniach, poniewa\u017c zosta\u0142 zaprojektowany tak, aby wytrzyma\u0107 trudy ci\u0119\u017ckich prac transportowych.<\/p>\n<p>Podsumowuj\u0105c, regulowane si\u0142owniki wide\u0142kowe s\u0105 niezb\u0119dnymi elementami w r\u00f3\u017cnych bran\u017cach i maj\u0105 wiele zastosowa\u0144. Niezale\u017cnie od tego, czy chodzi o rolnictwo, budownictwo, g\u00f3rnictwo, produkcj\u0119, czy transport, si\u0142owniki te zapewniaj\u0105 niezawodn\u0105 prac\u0119, precyzyjn\u0105 kontrol\u0119 i trwa\u0142o\u015b\u0107. Wysokiej jako\u015bci, dwustronnego dzia\u0142ania si\u0142ownik hydrauliczny do holownik\u00f3w i przyczep jest popularnym wyborem w wielu z tych zastosowa\u0144 ze wzgl\u0119du na swoj\u0105 wytrzyma\u0142o\u015b\u0107 i wszechstronno\u015b\u0107.<img decoding=\"async\" src=\"https:\/\/fmp-components.com\/wp-content\/uploads\/2024\/12\/Application-of-Adjustable-Clevis-Type-Cylinders.webp\" alt=\"Regulowany cylinder typu wide\u0142kowego\" width=\"800\" title=\"\"><\/p>\n<h3>O firmie FMP \u2013 Profesjonalna sprzeda\u017c i serwis si\u0142ownik\u00f3w hydraulicznych<\/h3>\n<p>FMP to uznana firma z siedzib\u0105 we W\u0142oszech, specjalizuj\u0105ca si\u0119 w sprzeda\u017cy i serwisie cz\u0119\u015bci oraz kompletnych maszyn budowlanych. Dzi\u0119ki wieloletniemu do\u015bwiadczeniu w bran\u017cy i zespo\u0142owi wykwalifikowanych specjalist\u00f3w, zapewniamy naszym klientom wysokiej jako\u015bci i niezawodne si\u0142owniki hydrauliczne oraz kompletne rozwi\u0105zania maszynowe.<\/p>\n<p>Oto pi\u0119\u0107 powod\u00f3w, dla kt\u00f3rych warto wybra\u0107 FMP do produkcji cylindr\u00f3w hydraulicznych:<\/p>\n<p>1. Szeroka gama produkt\u00f3w: FMP oferuje szerok\u0105 gam\u0119 si\u0142ownik\u00f3w hydraulicznych, w tym si\u0142owniki z regulowanym wide\u0142kiem, takie jak <img decoding=\"async\" src=\"https:\/\/fmp-components.com\/wp-content\/uploads\/2024\/12\/Adjustable-Clevis-Type-Cylinders-6.webp\" alt=\"Regulowany cylinder typu wide\u0142kowego\" width=\"828\" title=\"\">, a tak\u017ce dr\u0105\u017cki kierownicze i cylindry spawane. Oferujemy r\u00f3wnie\u017c us\u0142ugi personalizacji, aby spe\u0142ni\u0107 specyficzne potrzeby klient\u00f3w.<\/p>\n<p>2. Cz\u0119\u015bci najwy\u017cszej jako\u015bci: Nawi\u0105zali\u015bmy d\u0142ugoterminow\u0105 i stabiln\u0105 wsp\u00f3\u0142prac\u0119 z wieloma wysokiej jako\u015bci dostawcami zar\u00f3wno krajowymi, jak i zagranicznymi, co gwarantuje, \u017ce wszystkie dostarczane cz\u0119\u015bci spe\u0142niaj\u0105 rygorystyczne standardy jako\u015bci.<\/p>\n<p>3. Do\u015bwiadczony zesp\u00f3\u0142 sprzeda\u017cy: Nasz zesp\u00f3\u0142 sprzeda\u017cy posiada wiedz\u0119 na temat trend\u00f3w rozwojowych i potrzeb klient\u00f3w w bran\u017cy maszyn budowlanych. Zapewniamy profesjonalne doradztwo produktowe i trafne sugestie zakupowe, aby pom\u00f3c Pa\u0144stwu dokona\u0107 najlepszego wyboru.<\/p>\n<p>4. Efektywna logistyka dystrybucji: Dysponujemy efektywnym systemem dystrybucji logistycznej, kt\u00f3ry gwarantuje, \u017ce klienci otrzymaj\u0105 potrzebne cz\u0119\u015bci na czas i w odpowiedni spos\u00f3b.<\/p>\n<p>5. Profesjonalny serwis posprzeda\u017cowy: FMP zapewnia profesjonalny serwis posprzeda\u017cowy, aby zagwarantowa\u0107 naszym klientom bezstresowe korzystanie z naszych produkt\u00f3w.<\/p>\n<p>Wybieraj\u0105c FMP jako dostawc\u0119 cylindr\u00f3w hydraulicznych, mo\u017cesz by\u0107 pewien wysokiej jako\u015bci produkt\u00f3w, profesjonalnej obs\u0142ugi i niezawodnego partnera w Twoim sukcesie. Skontaktuj si\u0119 z nami ju\u017c dzi\u015b, aby dowiedzie\u0107 si\u0119 wi\u0119cej o tym, jak mo\u017cemy pom\u00f3c Ci w zaspokojeniu Twoich potrzeb w zakresie cylindr\u00f3w hydraulicznych.<\/p>\n<p><img decoding=\"async\" src=\"https:\/\/img.jiansujichilun.com\/img\/hydrauliccylinders\/B_hydrauliccylinders-3.webp\" alt=\"si\u0142ownik hydrauliczny\" width=\"800\" title=\"\"><\/p>\n<h2>Cz\u0119sto zadawane pytania<\/h2>\n<p><b>P: Jaki jest okres gwarancji na si\u0142ownik hydrauliczny?<\/b><br \/>\nA: Udzielamy 1-rocznej gwarancji na g\u0142\u00f3wne elementy cylindra hydraulicznego.<\/p>\n<p><b>P: W jakich ga\u0142\u0119ziach przemys\u0142u mo\u017cna stosowa\u0107 ten si\u0142ownik hydrauliczny?<\/b><br \/>\nA: Si\u0142ownik hydrauliczny nadaje si\u0119 do warsztat\u00f3w naprawczych maszyn, gospodarstw rolnych, energetyki i g\u00f3rnictwa, produkcji maszyn i fabryk maszyn.<\/p>\n<p><b>P: Jaka jest maksymalna si\u0142a ci\u0105gu i uci\u0105gu si\u0142ownika hydraulicznego?<\/b><br \/>\nA: Si\u0142ownik hydrauliczny ma maksymaln\u0105 si\u0142\u0119 ci\u0105gu 3000 i maksymaln\u0105 si\u0142\u0119 uci\u0105gu 20 ton.<\/p>\n<p>Autor: CX<\/p>","protected":false},"excerpt":{"rendered":"<p>Przedstawiamy najwy\u017cszej jako\u015bci dwustronny si\u0142ownik hydrauliczny do holowania przyczep! Ten najwy\u017cszej klasy produkt zosta\u0142 zaprojektowany z my\u015bl\u0105 o maksymalnej wytrzyma\u0142o\u015bci i trwa\u0142o\u015bci, spe\u0142niaj\u0105c wszystkie Twoje potrzeby zwi\u0105zane z holowaniem. Wykonany z precyzj\u0105 i staranno\u015bci\u0105, ten si\u0142ownik hydrauliczny jest niezwykle trwa\u0142y. Jego dwustronny mechanizm zapewnia zwi\u0119kszon\u0105 wydajno\u015b\u0107 i efektywno\u015b\u0107, gwarantuj\u0105c [\u2026]<\/p>","protected":false},"featured_media":1338,"comment_status":"closed","ping_status":"closed","template":"","meta":{"_et_pb_use_builder":"","_et_pb_old_content":"","_et_gb_content_width":""},"product_brand":[],"product_cat":[39],"product_tag":[41,34],"class_list":{"0":"post-1366","1":"product","2":"type-product","3":"status-publish","4":"has-post-thumbnail","6":"product_cat-adjustable-clevis-type-cylinders","7":"product_tag-adjustable-clevis-type-cylinders","8":"product_tag-hydraulic-cylinder","10":"first","11":"instock","12":"product-type-simple"},"_links":{"self":[{"href":"https:\/\/fmp-components.com\/pl\/wp-json\/wp\/v2\/product\/1366","targetHints":{"allow":["GET"]}}],"collection":[{"href":"https:\/\/fmp-components.com\/pl\/wp-json\/wp\/v2\/product"}],"about":[{"href":"https:\/\/fmp-components.com\/pl\/wp-json\/wp\/v2\/types\/product"}],"replies":[{"embeddable":true,"href":"https:\/\/fmp-components.com\/pl\/wp-json\/wp\/v2\/comments?post=1366"}],"wp:featuredmedia":[{"embeddable":true,"href":"https:\/\/fmp-components.com\/pl\/wp-json\/wp\/v2\/media\/1338"}],"wp:attachment":[{"href":"https:\/\/fmp-components.com\/pl\/wp-json\/wp\/v2\/media?parent=1366"}],"wp:term":[{"taxonomy":"product_brand","embeddable":true,"href":"https:\/\/fmp-components.com\/pl\/wp-json\/wp\/v2\/product_brand?post=1366"},{"taxonomy":"product_cat","embeddable":true,"href":"https:\/\/fmp-components.com\/pl\/wp-json\/wp\/v2\/product_cat?post=1366"},{"taxonomy":"product_tag","embeddable":true,"href":"https:\/\/fmp-components.com\/pl\/wp-json\/wp\/v2\/product_tag?post=1366"}],"curies":[{"name":"wp","href":"https:\/\/api.w.org\/{rel}","templated":true}]}}