{"id":1364,"date":"2024-12-23T02:18:57","date_gmt":"2024-12-23T02:18:57","guid":{"rendered":"https:\/\/fmp-components.com\/product\/hot-sale-adjustable-hydraulic-cylinder-for-agriculture-trailer\/"},"modified":"2024-12-23T03:02:39","modified_gmt":"2024-12-23T03:02:39","slug":"hot-sale-adjustable-hydraulic-cylinder-for-agriculture-trailer","status":"publish","type":"product","link":"https:\/\/fmp-components.com\/pl\/product\/hot-sale-adjustable-hydraulic-cylinder-for-agriculture-trailer\/","title":{"rendered":"Gor\u0105ca sprzeda\u017c regulowany si\u0142ownik hydrauliczny do przyczepy rolniczej"},"content":{"rendered":"<p>Wyprzeda\u017c! Regulowany si\u0142ownik hydrauliczny do przyczep rolniczych to mocny i wszechstronny produkt zaprojektowany z my\u015bl\u0105 o potrzebach rolnik\u00f3w i innych profesjonalist\u00f3w z bran\u017cy rolniczej. Ten wysokiej jako\u015bci si\u0142ownik hydrauliczny jest regulowany, co pozwala na wsp\u00f3\u0142prac\u0119 z szerok\u0105 gam\u0105 przyczep i narz\u0119dzi. Dzi\u0119ki trwa\u0142ej konstrukcji i zaawansowanym funkcjom idealnie nadaje si\u0119 do r\u00f3\u017cnorodnych zastosowa\u0144, od orki po transport plon\u00f3w.<\/p>\n<p>Jedn\u0105 z kluczowych zalet tego produktu jest mo\u017cliwo\u015b\u0107 dopasowania go do r\u00f3\u017cnych rozmiar\u00f3w i ci\u0119\u017car\u00f3w przyczep. Dzi\u0119ki temu idealnie nadaje si\u0119 dla rolnik\u00f3w, kt\u00f3rzy potrzebuj\u0105 si\u0142ownika do r\u00f3\u017cnych zada\u0144 i zastosowa\u0144. Dodatkowo, ten wyj\u0105tkowo popularny, regulowany si\u0142ownik hydrauliczny do przyczep rolniczych zosta\u0142 zaprojektowany z my\u015bl\u0105 o \u0142atwo\u015bci monta\u017cu i obs\u0142ugi, dzi\u0119ki intuicyjnemu sterowaniu i przejrzystym instrukcjom, kt\u00f3re u\u0142atwiaj\u0105 obs\u0142ug\u0119 nawet pocz\u0105tkuj\u0105cym u\u017cytkownikom.<\/p>\n<p><img loading=\"lazy\" decoding=\"async\" class=\"alignnone size-full wp-image-1334\" src=\"https:\/\/fmp-components.com\/wp-content\/uploads\/2024\/12\/Adjustable-Clevis-Type-Cylinders-4.webp\" alt=\"Cylindry typu wide\u0142kowego regulowanego\" width=\"800\" height=\"800\" title=\"\" srcset=\"https:\/\/fmp-components.com\/wp-content\/uploads\/2024\/12\/Adjustable-Clevis-Type-Cylinders-4.webp 800w, https:\/\/fmp-components.com\/wp-content\/uploads\/2024\/12\/Adjustable-Clevis-Type-Cylinders-4-480x480.webp 480w\" sizes=\"(min-width: 0px) and (max-width: 480px) 480px, (min-width: 481px) 800px, 100vw\" \/><\/p>\n<p>&nbsp;<\/p>\n<table style=\"width: 100%;\" border=\"1\" width=\"100%\" cellspacing=\"0\" cellpadding=\"0\">\n<tbody>\n<tr>\n<th>Nazwa produktu<\/th>\n<td>Regulowany si\u0142ownik hydrauliczny do przyczep rolniczych<\/td>\n<\/tr>\n<tr>\n<th>Status sprzeda\u017cy<\/th>\n<td>Gor\u0105ca wyprzeda\u017c<\/td>\n<\/tr>\n<tr>\n<th>Gwarancja<\/th>\n<td>1 rok<\/td>\n<\/tr>\n<tr>\n<th>Zastosowane bran\u017ce<\/th>\n<td>Warsztaty naprawy maszyn, gospodarstwa rolne, energetyka i g\u00f3rnictwo, produkcja maszyn<\/td>\n<\/tr>\n<tr>\n<th>Moc<\/th>\n<td>Hydrauliczny<\/td>\n<\/tr>\n<tr>\n<th>Struktura<\/th>\n<td>Standard<\/td>\n<\/tr>\n<tr>\n<th>Materia\u0142 korpusu<\/th>\n<td>Wytrzyma\u0142a stal<\/td>\n<\/tr>\n<tr>\n<th>Maksymalny ci\u0105g<\/th>\n<td>3000<\/td>\n<\/tr>\n<tr>\n<th>Typ<\/th>\n<td>Regulowany typ wide\u0142ek<\/td>\n<\/tr>\n<tr>\n<th>Orzecznictwo<\/th>\n<td>Certyfikat ISO9001:2000<\/td>\n<\/tr>\n<tr>\n<th>Rozmiar otworu<\/th>\n<td>2 \u2013 6 cali<\/td>\n<\/tr>\n<tr>\n<th>Rozmiar pr\u0119ta<\/th>\n<td>1,125 \u2013 4 cale<\/td>\n<\/tr>\n<tr>\n<th>Rozmiar poci\u0105gni\u0119cia<\/th>\n<td>4 \u2013 100 cali<\/td>\n<\/tr>\n<tr>\n<th>Rozmiar szpilki<\/th>\n<td>0,5 \u2013 2 cale<\/td>\n<\/tr>\n<tr>\n<th>Kolor<\/th>\n<td>Czarny<\/td>\n<\/tr>\n<tr>\n<th>Szczeg\u00f3\u0142y opakowania<\/th>\n<td>Skrzynia \u017celazna, skrzynia ze sklejki lub pude\u0142ko kartonowe<\/td>\n<\/tr>\n<\/tbody>\n<\/table>\n<h2>Zalety regulowanych cylindr\u00f3w typu wide\u0142kowego<\/h2>\n<p>Regulowane si\u0142owniki wide\u0142kowe s\u0105 popularnym wyborem w bran\u017cy si\u0142ownik\u00f3w hydraulicznych ze wzgl\u0119du na ich liczne zalety w zakresie wydajno\u015bci i wszechstronno\u015bci. Oto kilka kluczowych zalet stosowania regulowanych si\u0142ownik\u00f3w wide\u0142kowych:<\/p>\n<h3>1. Wszechstronno\u015b\u0107<\/h3>\n<p>Jedn\u0105 z najwa\u017cniejszych zalet regulowanych si\u0142ownik\u00f3w wide\u0142kowych jest ich wszechstronno\u015b\u0107. Si\u0142owniki te znajduj\u0105 zastosowanie w szerokim zakresie zastosowa\u0144, mi\u0119dzy innymi w rolnictwie, budownictwie, g\u00f3rnictwie i przemy\u015ble. Nadaj\u0105 si\u0119 do zastosowa\u0144 wymagaj\u0105cych du\u017cej wytrzyma\u0142o\u015bci, wytrzyma\u0142o\u015bci i precyzji.<\/p>\n<p>W rolnictwie regulowane si\u0142owniki wide\u0142kowe s\u0105 szczeg\u00f3lnie przydatne w przyczepach u\u017cywanych do transportu ci\u0119\u017ckich \u0142adunk\u00f3w. Wyprzeda\u017c regulowanych si\u0142ownik\u00f3w hydraulicznych do przyczep rolniczych to doskona\u0142y przyk\u0142ad wykorzystania tych si\u0142ownik\u00f3w do poprawy wydajno\u015bci maszyn rolniczych.<\/p>\n<h3>2. Personalizacja<\/h3>\n<p>Kolejn\u0105 zalet\u0105 regulowanych si\u0142ownik\u00f3w wide\u0142kowych s\u0105 mo\u017cliwo\u015bci ich personalizacji. Si\u0142owniki te mo\u017cna dostosowa\u0107 do konkretnych wymaga\u0144 pod wzgl\u0119dem rozmiaru, ci\u015bnienia i d\u0142ugo\u015bci skoku. Dzi\u0119ki temu idealnie nadaj\u0105 si\u0119 do zastosowa\u0144, w kt\u00f3rych standardowy si\u0142ownik mo\u017ce nie by\u0107 odpowiedni.<\/p>\n<h3>3. Wysoka wydajno\u015b\u0107<\/h3>\n<p>Regulowane si\u0142owniki wide\u0142kowe zosta\u0142y zaprojektowane z my\u015bl\u0105 o zapewnieniu wysokiej wydajno\u015bci pod wzgl\u0119dem pr\u0119dko\u015bci, dok\u0142adno\u015bci i mocy. Zapewniaj\u0105 one sta\u0142\u0105, niezawodn\u0105 prac\u0119 nawet w trudnych warunkach, co czyni je idealnymi do zastosowa\u0144 wymagaj\u0105cych du\u017cej wytrzyma\u0142o\u015bci.<\/p>\n<h3>4. Trwa\u0142o\u015b\u0107<\/h3>\n<p>Regulowane cylindry wide\u0142kowe s\u0105 trwa\u0142e. Wykonane s\u0105 z wysokiej jako\u015bci materia\u0142\u00f3w i zaprojektowane tak, aby wytrzyma\u0107 ekstremalne temperatury, ci\u015bnienie oraz zu\u017cycie. Przy odpowiedniej konserwacji, cylindry te mog\u0105 s\u0142u\u017cy\u0107 przez wiele lat, co czyni je op\u0142acaln\u0105 opcj\u0105.<\/p>\n<h3>5. Niskie koszty utrzymania<\/h3>\n<p>Regulowane si\u0142owniki wide\u0142kowe wymagaj\u0105 minimalnej konserwacji, co czyni je atrakcyjnym rozwi\u0105zaniem dla firm, kt\u00f3re chc\u0105 ograniczy\u0107 przestoje i koszty operacyjne. Dzi\u0119ki regularnym przegl\u0105dom i podstawowej konserwacji si\u0142owniki te mog\u0105 pracowa\u0107 z maksymaln\u0105 wydajno\u015bci\u0105 przez d\u0142u\u017cszy czas.<\/p>\n<p>Podsumowuj\u0105c, regulowane si\u0142owniki hydrauliczne z wide\u0142kami oferuj\u0105 liczne zalety pod wzgl\u0119dem wydajno\u015bci, wszechstronno\u015bci, mo\u017cliwo\u015bci personalizacji, trwa\u0142o\u015bci i niskich koszt\u00f3w konserwacji. Dzi\u0119ki naszej ofercie regulowanych si\u0142ownik\u00f3w hydraulicznych do przyczep rolniczych, si\u0142owniki te mog\u0105 by\u0107 wykorzystywane do poprawy wydajno\u015bci maszyn rolniczych i zwi\u0119kszenia produktywno\u015bci w rolnictwie.<img decoding=\"async\" src=\"https:\/\/fmp-components.com\/wp-content\/uploads\/2024\/12\/Adjustable-Clevis-Type-Cylinders5.webp\" alt=\"Regulowany cylinder typu wide\u0142kowego\" width=\"800\" title=\"\"><\/p>\n<h2>Zastosowanie regulowanych cylindr\u00f3w typu wide\u0142kowego<\/h2>\n<p>Regulowane si\u0142owniki wide\u0142kowe, takie jak popularny regulowany si\u0142ownik hydrauliczny do przyczep rolniczych, znajduj\u0105 szerokie zastosowanie w r\u00f3\u017cnych bran\u017cach. Te wszechstronne si\u0142owniki oferuj\u0105 unikalne cechy i korzy\u015bci, dzi\u0119ki kt\u00f3rym stanowi\u0105 niezb\u0119dny element wielu uk\u0142ad\u00f3w hydraulicznych.<\/p>\n<h3>1. Precyzyjna kontrola<\/h3>\n<p>Jedn\u0105 z kluczowych zalet regulowanych si\u0142ownik\u00f3w wide\u0142kowych jest ich zdolno\u015b\u0107 do precyzyjnej kontroli ruchu i pozycjonowania \u0142adunk\u00f3w. Jest to kluczowe w zastosowaniach wymagaj\u0105cych precyzyjnych ruch\u00f3w, takich jak przyczepy rolnicze. Regulowana konstrukcja pozwala u\u017cytkownikom na precyzyjne dostrojenie d\u0142ugo\u015bci skoku si\u0142ownika, zapewniaj\u0105c wi\u0119ksz\u0105 kontrol\u0119 i dok\u0142adno\u015b\u0107.<\/p>\n<h3>2. Zwi\u0119kszona elastyczno\u015b\u0107<\/h3>\n<p>Regulowane si\u0142owniki wide\u0142kowe zosta\u0142y zaprojektowane z my\u015bl\u0105 o \u0142atwej regulacji, co czyni je niezwykle elastycznymi i dostosowalnymi do r\u00f3\u017cnych warunk\u00f3w pracy. Ta elastyczno\u015b\u0107 pozwala na szybk\u0105 i \u0142atw\u0105 modyfikacj\u0119 d\u0142ugo\u015bci si\u0142ownika, zapewniaj\u0105c ekonomiczne rozwi\u0105zanie dla r\u00f3\u017cnych zastosowa\u0144. Niezale\u017cnie od tego, czy chodzi o dostosowanie do r\u00f3\u017cnych rozmiar\u00f3w obci\u0105\u017cenia, czy o dostosowanie do zmieniaj\u0105cych si\u0119 wymaga\u0144 operacyjnych, si\u0142owniki te oferuj\u0105 niezb\u0119dn\u0105 elastyczno\u015b\u0107.<\/p>\n<h3>3. Zwi\u0119kszona wydajno\u015b\u0107<\/h3>\n<p>Dzi\u0119ki zastosowaniu regulowanych si\u0142ownik\u00f3w wide\u0142kowych u\u017cytkownicy mog\u0105 zoptymalizowa\u0107 wydajno\u015b\u0107 swoich uk\u0142ad\u00f3w hydraulicznych. Mo\u017cliwo\u015b\u0107 regulacji d\u0142ugo\u015bci skoku pozwala na lepsze roz\u0142o\u017cenie obci\u0105\u017cenia i popraw\u0119 og\u00f3lnej wydajno\u015bci uk\u0142adu. Ta zwi\u0119kszona wydajno\u015b\u0107 przek\u0142ada si\u0119 na mniejsze zu\u017cycie energii, ni\u017csze koszty eksploatacji i lepsz\u0105 wydajno\u015b\u0107 w r\u00f3\u017cnych zastosowaniach, w tym w przyczepach rolniczych.<\/p>\n<h3>4. Trwa\u0142o\u015b\u0107 i niezawodno\u015b\u0107<\/h3>\n<p>Regulowane si\u0142owniki wide\u0142kowe s\u0105 zaprojektowane tak, aby sprosta\u0107 trudnym warunkom pracy. Wykonane s\u0105 z wysokiej jako\u015bci materia\u0142\u00f3w, kt\u00f3re zapewniaj\u0105 doskona\u0142\u0105 trwa\u0142o\u015b\u0107 i niezawodno\u015b\u0107, gwarantuj\u0105c ich d\u0142ugowieczno\u015b\u0107 nawet w trudnych warunkach. Dzi\u0119ki temu idealnie nadaj\u0105 si\u0119 do zastosowa\u0144 wymagaj\u0105cych du\u017cej wytrzyma\u0142o\u015bci, w tym do przyczep rolniczych nara\u017conych na ci\u0105g\u0142e u\u017cytkowanie i trudne warunki.<\/p>\n<h3>5. Funkcje bezpiecze\u0144stwa<\/h3>\n<p>Bezpiecze\u0144stwo jest niezwykle wa\u017cne w ka\u017cdym uk\u0142adzie hydraulicznym. Regulowane cylindry wide\u0142kowe s\u0105 wyposa\u017cone w szereg zabezpiecze\u0144, kt\u00f3re zapewniaj\u0105 ochron\u0119 zar\u00f3wno sprz\u0119tu, jak i personelu. Cylindry te cz\u0119sto posiadaj\u0105 wbudowane zawory bezpiecze\u0144stwa, kt\u00f3re zapobiegaj\u0105 przeci\u0105\u017ceniu i potencjalnym uszkodzeniom uk\u0142adu. Dodatkowo, mog\u0105 by\u0107 wyposa\u017cone w mechanizmy blokuj\u0105ce, kt\u00f3re zabezpieczaj\u0105 cylinder w okre\u015blonej pozycji, co dodatkowo zwi\u0119ksza bezpiecze\u0144stwo.<\/p>\n<p>Podsumowuj\u0105c, zastosowanie regulowanych si\u0142ownik\u00f3w wide\u0142kowych, takich jak popularny regulowany si\u0142ownik hydrauliczny do przyczep rolniczych, oferuje liczne korzy\u015bci w zakresie precyzyjnej kontroli, elastyczno\u015bci, wydajno\u015bci, trwa\u0142o\u015bci i bezpiecze\u0144stwa. Si\u0142owniki te stanowi\u0105 niezb\u0119dne rozwi\u0105zanie dla r\u00f3\u017cnych bran\u017c, w tym rolnictwa, gdzie precyzyjna kontrola ruchu i elastyczno\u015b\u0107 maj\u0105 kluczowe znaczenie. W\u0142\u0105czenie tych si\u0142ownik\u00f3w do uk\u0142ad\u00f3w hydraulicznych mo\u017ce zwi\u0119kszy\u0107 wydajno\u015b\u0107, obni\u017cy\u0107 koszty i poprawi\u0107 og\u00f3ln\u0105 produktywno\u015b\u0107.<\/p>\n<p><img decoding=\"async\" src=\"https:\/\/fmp-components.com\/wp-content\/uploads\/2024\/12\/Application-of-Adjustable-Clevis-Type-Cylinders.webp\" alt=\"Regulowany cylinder typu wide\u0142kowego\" width=\"800\" title=\"\"><\/p>\n<h3>O FMP<\/h3>\n<p>FMP to firma specjalizuj\u0105ca si\u0119 w produkcji i sprzeda\u017cy si\u0142ownik\u00f3w hydraulicznych. Jako lider w bran\u017cy maszyn budowlanych, dok\u0142adamy wszelkich stara\u0144, aby dostarcza\u0107 naszym klientom wysokiej jako\u015bci i niezawodne rozwi\u0105zania w zakresie si\u0142ownik\u00f3w hydraulicznych.<\/p>\n<p><img decoding=\"async\" src=\"https:\/\/fmp-components.com\/wp-content\/uploads\/2024\/12\/Adjustable-Clevis-Type-Cylinders-6.webp\" alt=\"Regulowany cylinder typu wide\u0142kowego\" width=\"826\" title=\"\"><\/p>\n<p>Oto pi\u0119\u0107 najwa\u017cniejszych zalet naszych cylindr\u00f3w hydraulicznych:<\/p>\n<ol>\n<li>Trwa\u0142e i solidne: Nasze cylindry hydrauliczne s\u0105 zaprojektowane tak, aby sprosta\u0107 trudnym warunkom pracy i trudnym warunkom. Wykonane s\u0105 z wysokiej jako\u015bci materia\u0142\u00f3w i zaprojektowane tak, aby zapewni\u0107 d\u0142ugotrwa\u0142\u0105 wydajno\u015b\u0107.<\/li>\n<li>Precyzja i wydajno\u015b\u0107: Nasze cylindry hydrauliczne zosta\u0142y zaprojektowane z my\u015bl\u0105 o precyzji i wydajno\u015bci. Zapewniaj\u0105 p\u0142ynny i precyzyjny ruch, umo\u017cliwiaj\u0105c optymaln\u0105 kontrol\u0119 i dzia\u0142anie.<\/li>\n<li>Szeroki wyb\u00f3r opcji: Oferujemy szerok\u0105 gam\u0119 si\u0142ownik\u00f3w hydraulicznych, aby sprosta\u0107 zr\u00f3\u017cnicowanym wymaganiom. Od regulowanych si\u0142ownik\u00f3w wide\u0142kowych po si\u0142owniki teleskopowe dwustronnego dzia\u0142ania, mamy odpowiednie rozwi\u0105zanie do r\u00f3\u017cnych zastosowa\u0144.<\/li>\n<li>Surowe standardy jako\u015bci: W FMP nawi\u0105zali\u015bmy d\u0142ugoterminow\u0105 wsp\u00f3\u0142prac\u0119 z renomowanymi dostawcami, aby zapewni\u0107, \u017ce wszystkie nasze cylindry hydrauliczne spe\u0142niaj\u0105 surowe standardy jako\u015bci. Nasze zaanga\u017cowanie w jako\u015b\u0107 gwarantuje niezawodno\u015b\u0107 i wydajno\u015b\u0107 naszych produkt\u00f3w.<\/li>\n<li>Konsultacje i wsparcie ekspert\u00f3w: Nasz do\u015bwiadczony zesp\u00f3\u0142 sprzeda\u017cy doskonale orientuje si\u0119 w bran\u017cy maszyn budowlanych. Posiada dog\u0142\u0119bn\u0105 wiedz\u0119 na temat si\u0142ownik\u00f3w hydraulicznych i s\u0142u\u017cy fachow\u0105 porad\u0105, pomagaj\u0105c w wyborze odpowiedniego produktu do Pa\u0144stwa potrzeb.<\/li>\n<\/ol>\n<p>Z FMP mo\u017cesz by\u0107 pewien, \u017ce otrzymujesz najwy\u017cszej jako\u015bci si\u0142owniki hydrauliczne, kt\u00f3re zapewniaj\u0105 wyj\u0105tkow\u0105 wydajno\u015b\u0107 i niezawodno\u015b\u0107. Skontaktuj si\u0119 z nami ju\u017c dzi\u015b, aby om\u00f3wi\u0107 swoje potrzeby w zakresie si\u0142ownik\u00f3w hydraulicznych i pozw\u00f3l nam sta\u0107 si\u0119 Twoim zaufanym partnerem w bran\u017cy maszyn budowlanych.<\/p>\n<h2>Cz\u0119sto zadawane pytania<\/h2>\n<p><strong>P: Jakie typy si\u0142ownik\u00f3w hydraulicznych oferuje FMP?<\/strong><br \/>\nA: FMP oferuje r\u00f3\u017cne rodzaje si\u0142ownik\u00f3w hydraulicznych, w tym si\u0142owniki pr\u0119towe, spawane, teleskopowe, jednostronnego i dwustronnego dzia\u0142ania.<\/p>\n<p><img decoding=\"async\" src=\"https:\/\/img.jiansujichilun.com\/img\/hydrauliccylinders\/C_hydrauliccylinders-1.webp\" alt=\"si\u0142ownik hydrauliczny\" width=\"800\" title=\"\"><\/p>\n<p><strong>P: Czy cylindry hydrauliczne mo\u017cna dostosowa\u0107 do konkretnych wymaga\u0144?<\/strong><br \/>\nO: Tak, FMP oferuje opcje personalizacji, dzi\u0119ki kt\u00f3rym klienci mog\u0105 otrzyma\u0107 cylindry dostosowane do ich konkretnych potrzeb.<\/p>\n<p><strong>P: Jakiego rodzaju wsparcie w zakresie instalacji i konserwacji zapewnia FMP?<\/strong><br \/>\nA: FMP oferuje wskaz\u00f3wki dotycz\u0105ce procedur instalacyjnych, porady dotycz\u0105ce konserwacji i najlepsze praktyki, aby zapewni\u0107 d\u0142ugowieczno\u015b\u0107 i optymaln\u0105 wydajno\u015b\u0107 cylindr\u00f3w.<\/p>\n<p>Autor: CX<\/p>","protected":false},"excerpt":{"rendered":"<p>Hot Sale Adjustable Hydraulic Cylinder for Agriculture Trailer is a powerful and versatile product designed to meet the needs of farmers and other agricultural professionals. This high-quality hydraulic cylinder is adjustable, allowing it to work with a range of different trailers and implements. With its durable construction and advanced features, it is perfect for use [&hellip;]<\/p>","protected":false},"featured_media":1340,"comment_status":"closed","ping_status":"closed","template":"","meta":{"_et_pb_use_builder":"","_et_pb_old_content":"","_et_gb_content_width":""},"product_brand":[],"product_cat":[39],"product_tag":[41,34],"class_list":{"0":"post-1364","1":"product","2":"type-product","3":"status-publish","4":"has-post-thumbnail","6":"product_cat-adjustable-clevis-type-cylinders","7":"product_tag-adjustable-clevis-type-cylinders","8":"product_tag-hydraulic-cylinder","10":"first","11":"instock","12":"product-type-simple"},"_links":{"self":[{"href":"https:\/\/fmp-components.com\/pl\/wp-json\/wp\/v2\/product\/1364","targetHints":{"allow":["GET"]}}],"collection":[{"href":"https:\/\/fmp-components.com\/pl\/wp-json\/wp\/v2\/product"}],"about":[{"href":"https:\/\/fmp-components.com\/pl\/wp-json\/wp\/v2\/types\/product"}],"replies":[{"embeddable":true,"href":"https:\/\/fmp-components.com\/pl\/wp-json\/wp\/v2\/comments?post=1364"}],"wp:featuredmedia":[{"embeddable":true,"href":"https:\/\/fmp-components.com\/pl\/wp-json\/wp\/v2\/media\/1340"}],"wp:attachment":[{"href":"https:\/\/fmp-components.com\/pl\/wp-json\/wp\/v2\/media?parent=1364"}],"wp:term":[{"taxonomy":"product_brand","embeddable":true,"href":"https:\/\/fmp-components.com\/pl\/wp-json\/wp\/v2\/product_brand?post=1364"},{"taxonomy":"product_cat","embeddable":true,"href":"https:\/\/fmp-components.com\/pl\/wp-json\/wp\/v2\/product_cat?post=1364"},{"taxonomy":"product_tag","embeddable":true,"href":"https:\/\/fmp-components.com\/pl\/wp-json\/wp\/v2\/product_tag?post=1364"}],"curies":[{"name":"wp","href":"https:\/\/api.w.org\/{rel}","templated":true}]}}