{"id":1362,"date":"2024-12-23T02:18:57","date_gmt":"2024-12-23T02:18:57","guid":{"rendered":"https:\/\/fmp-components.com\/product\/professional-adjustable-double-acting-welded-hydraulic-cylinder-for-sale\/"},"modified":"2024-12-23T03:02:13","modified_gmt":"2024-12-23T03:02:13","slug":"professional-adjustable-double-acting-welded-hydraulic-cylinder-for-sale","status":"publish","type":"product","link":"https:\/\/fmp-components.com\/pl\/product\/professional-adjustable-double-acting-welded-hydraulic-cylinder-for-sale\/","title":{"rendered":"Profesjonalny regulowany spawany si\u0142ownik hydrauliczny dwustronnego dzia\u0142ania na sprzeda\u017c"},"content":{"rendered":"<p>Przedstawiamy profesjonalny, regulowany, spawany si\u0142ownik hydrauliczny dwustronnego dzia\u0142ania, kt\u00f3ry jest dost\u0119pny na sprzeda\u017c \u2013 wszechstronne i trwa\u0142e rozwi\u0105zanie do wszystkich zastosowa\u0144 hydraulicznych. Wykonany z wysokiej jako\u015bci materia\u0142\u00f3w i precyzyjnie zaprojektowany, ten si\u0142ownik hydrauliczny jest w stanie wytrzyma\u0107 nawet najtrudniejsze warunki pracy.<\/p>\n<p>Dzi\u0119ki regulowanemu skokowi i amortyzacji, ten si\u0142ownik dwustronnego dzia\u0142ania zapewnia precyzyjn\u0105 kontrol\u0119 i p\u0142ynn\u0105 prac\u0119, gwarantuj\u0105c maksymaln\u0105 wydajno\u015b\u0107 i produktywno\u015b\u0107. Niezale\u017cnie od tego, czy pracujesz w budownictwie, rolnictwie, czy w innej bran\u017cy wymagaj\u0105cej mocnego sprz\u0119tu hydraulicznego, ten si\u0142ownik to idealny wyb\u00f3r.<\/p>\n<p><img loading=\"lazy\" decoding=\"async\" class=\"alignnone size-full wp-image-1334\" src=\"https:\/\/fmp-components.com\/wp-content\/uploads\/2024\/12\/Adjustable-Clevis-Type-Cylinders-4.webp\" alt=\"Cylindry typu wide\u0142kowego regulowanego\" width=\"800\" height=\"800\" title=\"\" srcset=\"https:\/\/fmp-components.com\/wp-content\/uploads\/2024\/12\/Adjustable-Clevis-Type-Cylinders-4.webp 800w, https:\/\/fmp-components.com\/wp-content\/uploads\/2024\/12\/Adjustable-Clevis-Type-Cylinders-4-480x480.webp 480w\" sizes=\"(min-width: 0px) and (max-width: 480px) 480px, (min-width: 481px) 800px, 100vw\" \/><\/p>\n<p>Dzi\u0119ki spawanej konstrukcji i r\u00f3\u017cnorodnym opcjom monta\u017cu, ten si\u0142ownik hydrauliczny jest \u0142atwy w monta\u017cu i mo\u017cna go dostosowa\u0107 do indywidualnych potrzeb. Dost\u0119pny w szerokiej gamie rozmiar\u00f3w i specyfikacji, z pewno\u015bci\u0105 znajdziesz idealne rozwi\u0105zanie do ka\u017cdego zadania.<\/p>\n<h2>Zalety regulowanych cylindr\u00f3w typu wide\u0142kowego<\/h2>\n<p>Cylindry z regulowanym wide\u0142kiem to rodzaj cylindra hydraulicznego wykorzystywanego w r\u00f3\u017cnych zastosowaniach przemys\u0142owych. Maj\u0105 liczne zalety w por\u00f3wnaniu z innymi typami cylindr\u00f3w, co czyni je popularnym wyborem w wielu bran\u017cach. W tym artykule szczeg\u00f3\u0142owo om\u00f3wimy zalety cylindr\u00f3w z regulowanym wide\u0142kiem.<\/p>\n<h3>1. Wszechstronno\u015b\u0107<\/h3>\n<p>Jedn\u0105 z g\u0142\u00f3wnych zalet regulowanych si\u0142ownik\u00f3w wide\u0142kowych jest ich wszechstronno\u015b\u0107. Si\u0142owniki te znajduj\u0105 zastosowanie w szerokim zakresie zastosowa\u0144, mi\u0119dzy innymi w budownictwie, produkcji, rolnictwie i wielu innych. Dost\u0119pne s\u0105 w r\u00f3\u017cnych rozmiarach i konfiguracjach, co pozwala na dopasowanie ich do niemal ka\u017cdego systemu. Dodatkowo, mo\u017cna je dostosowa\u0107 do konkretnych wymaga\u0144, co czyni je jeszcze bardziej wszechstronnymi.<\/p>\n<p>Profesjonalny, regulowany, spawany si\u0142ownik hydrauliczny dwustronnego dzia\u0142ania na sprzeda\u017c to jeden z najbardziej wszechstronnych si\u0142ownik\u00f3w hydraulicznych z regulowanym wide\u0142kiem dost\u0119pnych na rynku. Zosta\u0142 zaprojektowany z my\u015bl\u0105 o zapewnieniu niezawodnej i wydajnej pracy w r\u00f3\u017cnych warunkach pracy.<\/p>\n<h3>2. Trwa\u0142o\u015b\u0107<\/h3>\n<p>Kolejn\u0105 zalet\u0105 regulowanych si\u0142ownik\u00f3w wide\u0142kowych jest ich trwa\u0142o\u015b\u0107. Si\u0142owniki te s\u0105 zaprojektowane tak, aby wytrzymywa\u0107 du\u017ce napr\u0119\u017cenia i obci\u0105\u017cenia, dzi\u0119ki czemu idealnie nadaj\u0105 si\u0119 do trudnych zastosowa\u0144 przemys\u0142owych. Wykonane s\u0105 z wysokiej jako\u015bci materia\u0142\u00f3w odpornych na zu\u017cycie, co zapewnia ich d\u0142ug\u0105 \u017cywotno\u015b\u0107 bez konieczno\u015bci cz\u0119stej konserwacji.<\/p>\n<p>Profesjonalny, regulowany, spawany si\u0142ownik hydrauliczny dwustronnego dzia\u0142ania na sprzeda\u017c, wykonany z wysokowytrzyma\u0142ej stali, poddanej obr\u00f3bce cieplnej dla zapewnienia maksymalnej trwa\u0142o\u015bci. Zaprojektowano go tak, aby zapewnia\u0142 d\u0142ugotrwa\u0142\u0105 wydajno\u015b\u0107 nawet w ekstremalnych warunkach.<\/p>\n<h3>3. Precyzja<\/h3>\n<p>Regulowane cylindry wide\u0142kowe s\u0105 r\u00f3wnie\u017c znane ze swojej precyzji. Cylindry te zosta\u0142y zaprojektowane z my\u015bl\u0105 o zapewnieniu precyzyjnego i powtarzalnego ruchu, co czyni je idealnymi do zastosowa\u0144 wymagaj\u0105cych precyzyjnego pozycjonowania lub kontroli si\u0142y. Wyposa\u017cone s\u0105 w zaawansowane hydrauliczne uk\u0142ady sterowania, kt\u00f3re umo\u017cliwiaj\u0105 precyzyjn\u0105 regulacj\u0119, gwarantuj\u0105c, \u017ce cylinder dzia\u0142a dok\u0142adnie tak, jak powinien.<\/p>\n<p>Profesjonalny, regulowany, spawany si\u0142ownik hydrauliczny dwustronnego dzia\u0142ania na sprzeda\u017c, wyposa\u017cony w zaawansowane czujniki i systemy sterowania, kt\u00f3re umo\u017cliwiaj\u0105 precyzyjn\u0105 kontrol\u0119 ruchu i si\u0142y. Dzi\u0119ki temu idealnie nadaje si\u0119 do zastosowa\u0144 wymagaj\u0105cych wysokiej precyzji.<\/p>\n<h3>4. Wydajno\u015b\u0107<\/h3>\n<p>Wreszcie, regulowane si\u0142owniki wide\u0142kowe znane s\u0105 ze swojej wydajno\u015bci. Si\u0142owniki te zosta\u0142y zaprojektowane tak, aby zapewnia\u0107 maksymaln\u0105 si\u0142\u0119 przy minimalnym nak\u0142adzie energii, co czyni je idealnymi do zastosowa\u0144 wymagaj\u0105cych wysokiej wydajno\u015bci. Wyposa\u017cone s\u0105 w zaawansowane uk\u0142ady hydrauliczne, kt\u00f3re umo\u017cliwiaj\u0105 efektywn\u0105 konwersj\u0119 energii, gwarantuj\u0105c maksymaln\u0105 wydajno\u015b\u0107 si\u0142ownika.<\/p>\n<p>Profesjonalny, regulowany, spawany si\u0142ownik hydrauliczny dwustronnego dzia\u0142ania na sprzeda\u017c zosta\u0142 zaprojektowany z my\u015bl\u0105 o zapewnieniu maksymalnej wydajno\u015bci przy jednoczesnym zminimalizowaniu zu\u017cycia energii. Wyposa\u017cony jest w zaawansowane uk\u0142ady hydrauliczne, kt\u00f3re zapewniaj\u0105 efektywn\u0105 konwersj\u0119 energii, dzi\u0119ki czemu idealnie nadaje si\u0119 do zastosowa\u0144 wymagaj\u0105cych wysokiej wydajno\u015bci.<\/p>\n<p>Regulowane si\u0142owniki wide\u0142kowe to wszechstronne, trwa\u0142e, precyzyjne i wydajne si\u0142owniki hydrauliczne. Maj\u0105 liczne zalety w por\u00f3wnaniu z innymi typami si\u0142ownik\u00f3w, co czyni je popularnym wyborem w wielu bran\u017cach. Profesjonalny, regulowany, spawany si\u0142ownik hydrauliczny dwustronnego dzia\u0142ania na sprzeda\u017c to jeden z najlepszych regulowanych si\u0142ownik\u00f3w wide\u0142kowych dost\u0119pnych na rynku, oferuj\u0105cy niezawodn\u0105 prac\u0119 i wysok\u0105 sprawno\u015b\u0107 w r\u00f3\u017cnych warunkach pracy.<\/p>\n<p><img decoding=\"async\" src=\"https:\/\/fmp-components.com\/wp-content\/uploads\/2024\/12\/Adjustable-Clevis-Type-Cylinders5.webp\" alt=\"Regulowany cylinder typu wide\u0142kowego\" width=\"800\" title=\"\"><\/p>\n<h2>Zastosowanie regulowanych cylindr\u00f3w typu wide\u0142kowego<\/h2>\n<p>W \u015bwiecie uk\u0142ad\u00f3w hydraulicznych, regulowane si\u0142owniki wide\u0142kowe odgrywaj\u0105 kluczow\u0105 rol\u0119 w r\u00f3\u017cnych zastosowaniach przemys\u0142owych. Si\u0142owniki te znane s\u0105 ze swojej wszechstronno\u015bci i trwa\u0142o\u015bci, co czyni je popularnym wyborem w\u015br\u00f3d profesjonalist\u00f3w. Dzi\u0119ki unikalnej konstrukcji i funkcjom oferuj\u0105 liczne korzy\u015bci i mog\u0105 by\u0107 wykorzystywane w szerokim zakresie zastosowa\u0144.<\/p>\n<p>Jedn\u0105 z kluczowych zalet regulowanych si\u0142ownik\u00f3w wide\u0142kowych jest ich zdolno\u015b\u0107 do zapewnienia precyzyjnego i kontrolowanego ruchu. Si\u0142owniki te s\u0105 wyposa\u017cone w mocowanie wide\u0142kowe na ko\u0144cu t\u0142oczyska, co umo\u017cliwia regulacj\u0119 pozycji monta\u017cowej. Funkcja ta umo\u017cliwia operatorom precyzyjne dostrojenie d\u0142ugo\u015bci skoku si\u0142ownika i optymalizacj\u0119 jego dzia\u0142ania zgodnie z konkretnymi wymaganiami.<\/p>\n<p>Si\u0142owniki te znajduj\u0105 szerokie zastosowanie w maszynach budowlanych. Na przyk\u0142ad w koparkach, regulowane si\u0142owniki wide\u0142kowe s\u0142u\u017c\u0105 do sterowania ruchem wysi\u0119gnika i \u0142y\u017cki. Regulowane pozycje monta\u017cowe pozwalaj\u0105 operatorom uzyska\u0107 po\u017c\u0105dany zasi\u0119g i g\u0142\u0119boko\u015b\u0107 kopania, zwi\u0119kszaj\u0105c wydajno\u015b\u0107 i produktywno\u015b\u0107 maszyny.<\/p>\n<p>Innym godnym uwagi zastosowaniem regulowanych si\u0142ownik\u00f3w wide\u0142kowych jest sprz\u0119t rolniczy. Si\u0142owniki te s\u0105 cz\u0119sto stosowane w uk\u0142adach hydraulicznych ci\u0105gnik\u00f3w, wspomagaj\u0105c obs\u0142ug\u0119 r\u00f3\u017cnego osprz\u0119tu, takiego jak \u0142adowarki, koparki i p\u0142ugi. Regulowane pozycje monta\u017cowe umo\u017cliwiaj\u0105 rolnikom dostosowanie sprz\u0119tu do r\u00f3\u017cnych zada\u0144 i warunk\u00f3w polowych, co przek\u0142ada si\u0119 na lepsz\u0105 wydajno\u015b\u0107 i wszechstronno\u015b\u0107.<\/p>\n<p>Ponadto, regulowane si\u0142owniki wide\u0142kowe znalaz\u0142y zastosowanie w przemy\u015ble wytw\u00f3rczym. S\u0105 one wykorzystywane w zautomatyzowanych liniach produkcyjnych i maszynach, gdzie precyzyjny i kontrolowany ruch jest niezb\u0119dny. Si\u0142owniki te odgrywaj\u0105 kluczow\u0105 rol\u0119 w takich zastosowaniach jak ramiona robotyczne, systemy transportu bliskiego i maszyny monta\u017cowe. Regulowane pozycje monta\u017cowe umo\u017cliwiaj\u0105 \u0142atw\u0105 integracj\u0119 i personalizacj\u0119, zapewniaj\u0105c p\u0142ynne dzia\u0142anie tych proces\u00f3w przemys\u0142owych.<\/p>\n<p>W sektorze g\u00f3rniczym, regulowane si\u0142owniki wide\u0142kowe s\u0105 wysoko cenione za swoj\u0105 wytrzyma\u0142o\u015b\u0107 i niezawodno\u015b\u0107. S\u0105 one powszechnie stosowane w sprz\u0119cie g\u00f3rniczym, takim jak koparki hydrauliczne i \u0142adowarki, gdzie wspomagaj\u0105 przemieszczanie ci\u0119\u017ckich \u0142adunk\u00f3w i zapewniaj\u0105 stabilno\u015b\u0107 w trudnym terenie. Regulowane pozycje monta\u017cowe pozwalaj\u0105 na optymalne ustawienie si\u0142ownik\u00f3w, gwarantuj\u0105c bezpieczn\u0105 i wydajn\u0105 prac\u0119 nawet w trudnych warunkach g\u00f3rniczych.<\/p>\n<p>Podsumowuj\u0105c, regulowane si\u0142owniki wide\u0142kowe oferuj\u0105 szeroki zakres zastosowa\u0144 w r\u00f3\u017cnych bran\u017cach. Ich zdolno\u015b\u0107 do zapewnienia precyzyjnego i kontrolowanego ruchu, w po\u0142\u0105czeniu z regulowanymi pozycjami monta\u017cu, czyni je niezwykle wszechstronnymi i elastycznymi. Niezale\u017cnie od tego, czy chodzi o budownictwo, rolnictwo, produkcj\u0119, czy g\u00f3rnictwo, si\u0142owniki te odgrywaj\u0105 kluczow\u0105 rol\u0119 w zwi\u0119kszaniu wydajno\u015bci, produktywno\u015bci i bezpiecze\u0144stwa. Specjali\u015bci poszukuj\u0105cy wysokiej jako\u015bci regulowanych si\u0142ownik\u00f3w wide\u0142kowych mog\u0105 zapozna\u0107 si\u0119 z szerok\u0105 gam\u0105 opcji, w tym z profesjonalnym regulowanym, spawanym si\u0142ownikiem hydraulicznym dwustronnego dzia\u0142ania, dost\u0119pnym na sprzeda\u017c, aby spe\u0142ni\u0107 swoje specyficzne wymagania.<\/p>\n<p><img decoding=\"async\" src=\"https:\/\/fmp-components.com\/wp-content\/uploads\/2024\/12\/Application-of-Adjustable-Clevis-Type-Cylinders.webp\" alt=\"Regulowany cylinder typu wide\u0142kowego\" width=\"800\" title=\"\"><\/p>\n<h3>O firmie FMP \u2013 profesjonalnym producencie i dostawcy cylindr\u00f3w hydraulicznych<\/h3>\n<p>FMP to firma specjalizuj\u0105ca si\u0119 w produkcji i sprzeda\u017cy wysokiej jako\u015bci i niezawodnych cz\u0119\u015bci oraz kompletnych maszyn budowlanych. Posiadamy wieloletnie do\u015bwiadczenie w bran\u017cy i profesjonalny zesp\u00f3\u0142, kt\u00f3ry zapewnia naszym klientom najlepsze produkty i us\u0142ugi.<\/p>\n<p>Nasz si\u0142ownik hydrauliczny jest jednym z naszych najpopularniejszych produkt\u00f3w i nie bez powodu. Oto kilka powod\u00f3w, dla kt\u00f3rych warto wybra\u0107 FMP jako dostawc\u0119 si\u0142ownik\u00f3w hydraulicznych:<\/p>\n<p>1. Materia\u0142y wysokiej jako\u015bci \u2013 Do produkcji naszych cylindr\u00f3w hydraulicznych u\u017cywamy wy\u0142\u0105cznie materia\u0142\u00f3w najwy\u017cszej jako\u015bci. Dzi\u0119ki temu s\u0105 one trwa\u0142e, niezawodne i d\u0142ugowieczne.<\/p>\n<p>2. R\u00f3\u017cnorodno\u015b\u0107 opcji \u2013 Oferujemy szeroki wyb\u00f3r cylindr\u00f3w hydraulicznych, w tym cylindry z regulowanym wide\u0142kiem, cylindry hydrauliczne dwustronnego dzia\u0142ania oraz cylindry hydrauliczne spawane. Dzi\u0119ki temu klienci mog\u0105 wybra\u0107 cylinder, kt\u00f3ry najlepiej odpowiada ich potrzebom.<\/p>\n<p>3. Personalizacja \u2013 rozumiemy, \u017ce ka\u017cdy klient ma wyj\u0105tkowe wymagania, dlatego oferujemy niestandardowe cylindry hydrauliczne, kt\u00f3re spe\u0142niaj\u0105 konkretne potrzeby.<\/p>\n<p>4. Profesjonalny zesp\u00f3\u0142 sprzeda\u017cy \u2013 Nasz do\u015bwiadczony i wykwalifikowany zesp\u00f3\u0142 sprzeda\u017cy jest zawsze gotowy, aby udzieli\u0107 klientom profesjonalnej konsultacji w zakresie produkt\u00f3w i przedstawi\u0107 im przemy\u015blane sugestie zakupowe.<\/p>\n<p>5. Wydajny system dystrybucji logistycznej \u2013 Posiadamy wydajny system dystrybucji logistycznej, kt\u00f3ry gwarantuje, \u017ce klienci otrzymuj\u0105 potrzebne im cylindry hydrauliczne terminowo i dok\u0142adnie.<\/p>\n<p><img decoding=\"async\" src=\"https:\/\/fmp-components.com\/wp-content\/uploads\/2024\/12\/Adjustable-Clevis-Type-Cylinders-6.webp\" alt=\"Regulowany cylinder typu wide\u0142kowego\" width=\"824\" title=\"\"><\/p>\n<p>Opr\u00f3cz tych korzy\u015bci, FMP anga\u017cuje si\u0119 w budowanie d\u0142ugoterminowych i stabilnych relacji wsp\u00f3\u0142pracy z wysokiej jako\u015bci dostawcami w kraju i za granic\u0105, aby zapewni\u0107, \u017ce wszystkie dostarczane cz\u0119\u015bci spe\u0142niaj\u0105 surowe standardy jako\u015bci. Dlatego gwarantujemy, \u017ce nasze cylindry hydrauliczne s\u0105 najwy\u017cszej jako\u015bci i spe\u0142ni\u0105 Pa\u0144stwa potrzeby.<\/p>\n<p>Wybierz FMP jako producenta i dostawc\u0119 cylindr\u00f3w hydraulicznych. Skontaktuj si\u0119 z nami ju\u017c dzi\u015b, aby dowiedzie\u0107 si\u0119 wi\u0119cej o naszych produktach i us\u0142ugach.<\/p>\n<p><img decoding=\"async\" src=\"https:\/\/img.jiansujichilun.com\/img\/hydrauliccylinders\/T_hydrauliccylinders-5.webp\" alt=\"si\u0142ownik hydrauliczny\" width=\"800\" title=\"\"><\/p>\n<h4>Cz\u0119sto zadawane pytania<\/h4>\n<p><strong>P: Jaka jest maksymalna si\u0142a ci\u0105gu si\u0142ownika hydraulicznego?<\/strong><br \/>\nA: Maksymalny ci\u0105g cylindra wynosi 3000.<\/p>\n<p><strong>P: Jakie ga\u0142\u0119zie przemys\u0142u mog\u0105 odnie\u015b\u0107 korzy\u015bci ze stosowania tego si\u0142ownika hydraulicznego?<\/strong><br \/>\nA: Si\u0142ownik hydrauliczny idealnie nadaje si\u0119 do warsztat\u00f3w naprawczych maszyn, gospodarstw rolnych, u\u017cytku domowego, energetyki i g\u00f3rnictwa, produkcji maszyn oraz fabryk maszyn.<\/p>\n<p><strong>P: Jaki jest okres gwarancji na si\u0142ownik hydrauliczny?<\/strong><br \/>\nA: Si\u0142ownik hydrauliczny obj\u0119ty jest roczn\u0105 gwarancj\u0105.<\/p>\n<p>Autor: CX<\/p>","protected":false},"excerpt":{"rendered":"<p>Introducing the Professional Adjustable Double Acting Welded Hydraulic Cylinder For Sale, a versatile and durable solution for all your heavy-duty hydraulic needs. Constructed with high-quality materials and precision engineering, this hydraulic cylinder is designed to withstand even the toughest working conditions. Featuring adjustable stroke and cushioning, this double-acting cylinder provides precise control and smooth operation, [&hellip;]<\/p>","protected":false},"featured_media":1336,"comment_status":"closed","ping_status":"closed","template":"","meta":{"_et_pb_use_builder":"","_et_pb_old_content":"","_et_gb_content_width":""},"product_brand":[],"product_cat":[39],"product_tag":[41,34],"class_list":{"0":"post-1362","1":"product","2":"type-product","3":"status-publish","4":"has-post-thumbnail","6":"product_cat-adjustable-clevis-type-cylinders","7":"product_tag-adjustable-clevis-type-cylinders","8":"product_tag-hydraulic-cylinder","10":"first","11":"instock","12":"product-type-simple"},"_links":{"self":[{"href":"https:\/\/fmp-components.com\/pl\/wp-json\/wp\/v2\/product\/1362","targetHints":{"allow":["GET"]}}],"collection":[{"href":"https:\/\/fmp-components.com\/pl\/wp-json\/wp\/v2\/product"}],"about":[{"href":"https:\/\/fmp-components.com\/pl\/wp-json\/wp\/v2\/types\/product"}],"replies":[{"embeddable":true,"href":"https:\/\/fmp-components.com\/pl\/wp-json\/wp\/v2\/comments?post=1362"}],"wp:featuredmedia":[{"embeddable":true,"href":"https:\/\/fmp-components.com\/pl\/wp-json\/wp\/v2\/media\/1336"}],"wp:attachment":[{"href":"https:\/\/fmp-components.com\/pl\/wp-json\/wp\/v2\/media?parent=1362"}],"wp:term":[{"taxonomy":"product_brand","embeddable":true,"href":"https:\/\/fmp-components.com\/pl\/wp-json\/wp\/v2\/product_brand?post=1362"},{"taxonomy":"product_cat","embeddable":true,"href":"https:\/\/fmp-components.com\/pl\/wp-json\/wp\/v2\/product_cat?post=1362"},{"taxonomy":"product_tag","embeddable":true,"href":"https:\/\/fmp-components.com\/pl\/wp-json\/wp\/v2\/product_tag?post=1362"}],"curies":[{"name":"wp","href":"https:\/\/api.w.org\/{rel}","templated":true}]}}