{"id":1359,"date":"2024-12-23T02:18:57","date_gmt":"2024-12-23T02:18:57","guid":{"rendered":"https:\/\/fmp-components.com\/product\/wholesale-customized-double-acting-welded-hydraulic-cylinder-for-tractor\/"},"modified":"2025-03-18T00:55:35","modified_gmt":"2025-03-18T00:55:35","slug":"wholesale-customized-double-acting-welded-hydraulic-cylinder-for-tractor","status":"publish","type":"product","link":"https:\/\/fmp-components.com\/pl\/product\/wholesale-customized-double-acting-welded-hydraulic-cylinder-for-tractor\/","title":{"rendered":"Hurtowy, dostosowany, spawany si\u0142ownik hydrauliczny dwustronnego dzia\u0142ania do ci\u0105gnika"},"content":{"rendered":"<p>Hurtowy, dostosowany, spawany si\u0142ownik hydrauliczny dwustronnego dzia\u0142ania do ci\u0105gnik\u00f3w to produkt wysokiej jako\u015bci, zaprojektowany z my\u015bl\u0105 o specyficznych potrzebach ci\u0105gnik\u00f3w. Ten si\u0142ownik hydrauliczny zosta\u0142 wykonany z my\u015bl\u0105 o precyzji i trwa\u0142o\u015bci, co gwarantuje niezawodn\u0105 prac\u0119 nawet w trudnych warunkach.<\/p>\n<p>Jedn\u0105 z kluczowych cech tego si\u0142ownika hydraulicznego jest jego dwustronne dzia\u0142anie. Oznacza to, \u017ce mo\u017ce on generowa\u0107 si\u0142\u0119 w obu kierunkach, co pozwala na wydajn\u0105 i wszechstronn\u0105 prac\u0119. Niezale\u017cnie od tego, czy chodzi o podnoszenie ci\u0119\u017ckich \u0142adunk\u00f3w, czy wykonywanie r\u00f3\u017cnorodnych zada\u0144 w terenie, ten si\u0142ownik hydrauliczny zosta\u0142 zaprojektowany z my\u015bl\u0105 o zapewnieniu optymalnej wydajno\u015bci.<\/p>\n<p>Spawana konstrukcja tego si\u0142ownika hydraulicznego gwarantuje jego wytrzyma\u0142o\u015b\u0107 i trwa\u0142o\u015b\u0107. Zosta\u0142 on zaprojektowany tak, aby wytrzyma\u0107 du\u017ce obci\u0105\u017cenia i ekstremalne ci\u015bnienia, dzi\u0119ki czemu nadaje si\u0119 do stosowania w wymagaj\u0105cych warunkach rolniczych. Solidna konstrukcja minimalizuje r\u00f3wnie\u017c ryzyko wycieku, zapewniaj\u0105c p\u0142ynn\u0105 i wydajn\u0105 prac\u0119 si\u0142ownika hydraulicznego.<\/p>\n<p>Dzi\u0119ki indywidualnej konstrukcji, ten si\u0142ownik hydrauliczny mo\u017cna dostosowa\u0107 do specyficznych wymaga\u0144 r\u00f3\u017cnych modeli ci\u0105gnik\u00f3w. Gwarantuje to idealne dopasowanie i optymaln\u0105 wydajno\u015b\u0107, co przek\u0142ada si\u0119 na zwi\u0119kszon\u0105 wydajno\u015b\u0107 i efektywno\u015b\u0107.<\/p>\n<p><img loading=\"lazy\" decoding=\"async\" class=\"alignnone size-full wp-image-1334\" src=\"https:\/\/fmp-components.com\/wp-content\/uploads\/2024\/12\/Adjustable-Clevis-Type-Cylinders-4.webp\" alt=\"Cylindry typu wide\u0142kowego regulowanego\" width=\"800\" height=\"800\" title=\"\" srcset=\"https:\/\/fmp-components.com\/wp-content\/uploads\/2024\/12\/Adjustable-Clevis-Type-Cylinders-4.webp 800w, https:\/\/fmp-components.com\/wp-content\/uploads\/2024\/12\/Adjustable-Clevis-Type-Cylinders-4-480x480.webp 480w\" sizes=\"(min-width: 0px) and (max-width: 480px) 480px, (min-width: 481px) 800px, 100vw\" \/><\/p>\n<table style=\"width: 100%;\" border=\"1\" width=\"100%\" cellspacing=\"0\" cellpadding=\"0\">\n<tbody>\n<tr>\n<th>Nazwa produktu<\/th>\n<td>Hurtowa sprzeda\u017c dostosowanych, spawanych si\u0142ownik\u00f3w hydraulicznych dwustronnego dzia\u0142ania do ci\u0105gnik\u00f3w<\/td>\n<\/tr>\n<tr>\n<th>Stan<\/th>\n<td>Zupe\u0142nie nowy<\/td>\n<\/tr>\n<tr>\n<th>Gwarancja<\/th>\n<td>1 rok<\/td>\n<\/tr>\n<tr>\n<th>Zastosowane bran\u017ce<\/th>\n<td>Warsztaty naprawy maszyn, gospodarstwa rolne, energetyka i g\u00f3rnictwo, produkcja maszyn, fabryki maszyn<\/td>\n<\/tr>\n<tr>\n<th>Waga (kg)<\/th>\n<td>85<\/td>\n<\/tr>\n<tr>\n<th>Materia\u0142 korpusu<\/th>\n<td>Wysokiej jako\u015bci stal<\/td>\n<\/tr>\n<tr>\n<th>Maksymalny ci\u0105g<\/th>\n<td>3000<\/td>\n<\/tr>\n<tr>\n<th>Typ<\/th>\n<td>Standardowy cylinder t\u0142okowy<\/td>\n<\/tr>\n<tr>\n<th>Moc<\/th>\n<td>Hydrauliczny<\/td>\n<\/tr>\n<tr>\n<th>Regulowany typ<\/th>\n<td>Typ wide\u0142ek<\/td>\n<\/tr>\n<tr>\n<th>Porty<\/th>\n<td>G\/SAE\/NPT\/M<\/td>\n<\/tr>\n<tr>\n<th>Maksymalna \u0142adowno\u015b\u0107<\/th>\n<td>20 ton<\/td>\n<\/tr>\n<tr>\n<th>Orzecznictwo<\/th>\n<td>Certyfikat ISO9001:2000<\/td>\n<\/tr>\n<tr>\n<th>Rozmiar otworu<\/th>\n<td>2 \u2013 6 cali<\/td>\n<\/tr>\n<tr>\n<th>Rozmiar pr\u0119ta<\/th>\n<td>1,125 \u2013 4 cale<\/td>\n<\/tr>\n<tr>\n<th>Rozmiar poci\u0105gni\u0119cia<\/th>\n<td>4 \u2013 100 cali<\/td>\n<\/tr>\n<tr>\n<th>Rozmiar szpilki<\/th>\n<td>0,5 \u2013 2 cale<\/td>\n<\/tr>\n<tr>\n<th>Kolor<\/th>\n<td>Czarny<\/td>\n<\/tr>\n<tr>\n<th>Szczeg\u00f3\u0142y opakowania<\/th>\n<td>Skrzynia \u017celazna, skrzynia ze sklejki lub pude\u0142ko kartonowe<\/td>\n<\/tr>\n<tr>\n<th><\/th>\n<td><\/td>\n<\/tr>\n<\/tbody>\n<\/table>\n<h2>Zalety regulowanych cylindr\u00f3w typu wide\u0142kowego<\/h2>\n<p>Regulowane si\u0142owniki z wide\u0142kami, takie jak hurtowy, spawany si\u0142ownik hydrauliczny dwustronnego dzia\u0142ania do ci\u0105gnik\u00f3w, oferuj\u0105 szereg zalet w r\u00f3\u017cnych zastosowaniach. Si\u0142owniki te s\u0105 zaprojektowane z mocowaniem wide\u0142kowym, co umo\u017cliwia \u0142atw\u0105 regulacj\u0119 i dostosowanie do indywidualnych potrzeb. Poni\u017cej przedstawiono kluczowe zalety stosowania regulowanych si\u0142ownik\u00f3w z wide\u0142kami:<\/p>\n<p>1. Wi\u0119ksza elastyczno\u015b\u0107: Regulowany wide\u0142ek tych si\u0142ownik\u00f3w umo\u017cliwia \u0142atwe dopasowanie i adaptacj\u0119 do r\u00f3\u017cnych pozycji i k\u0105t\u00f3w monta\u017cu. Ta elastyczno\u015b\u0107 zapewnia optymaln\u0105 wydajno\u015b\u0107 i efektywno\u015b\u0107 w r\u00f3\u017cnych zastosowaniach, w tym w maszynach rolniczych, takich jak traktory. Mo\u017cliwo\u015b\u0107 precyzyjnej regulacji pozwala na precyzyjn\u0105 kontrol\u0119 i obs\u0142ug\u0119.<\/p>\n<p>2. Zwi\u0119kszona trwa\u0142o\u015b\u0107: Hurtowy, dostosowany, spawany si\u0142ownik hydrauliczny dwustronnego dzia\u0142ania do ci\u0105gnik\u00f3w zosta\u0142 zaprojektowany z my\u015bl\u0105 o wyj\u0105tkowej trwa\u0142o\u015bci i d\u0142ugowieczno\u015bci. Si\u0142owniki te s\u0105 wykonane z wysokiej jako\u015bci materia\u0142\u00f3w i poddawane rygorystycznym testom, aby zapewni\u0107 ich odporno\u015b\u0107 na trudne warunki. Spawana konstrukcja zwi\u0119ksza wytrzyma\u0142o\u015b\u0107 i odporno\u015b\u0107 na du\u017ce obci\u0105\u017cenia, wibracje i czynniki \u015brodowiskowe, maksymalizuj\u0105c ich \u017cywotno\u015b\u0107.<\/p>\n<p>3. Wi\u0119ksza wydajno\u015b\u0107: Dzi\u0119ki zastosowaniu regulowanych si\u0142ownik\u00f3w wide\u0142kowych operatorzy mog\u0105 zoptymalizowa\u0107 wydajno\u015b\u0107 i efektywno\u015b\u0107 swojego sprz\u0119tu. Precyzyjna regulacja pozwala na precyzyjne dostrojenie w celu uzyskania po\u017c\u0105danej si\u0142y, pr\u0119dko\u015bci i d\u0142ugo\u015bci skoku. Taki poziom kontroli pomaga zminimalizowa\u0107 zu\u017cycie energii, zmniejszy\u0107 zu\u017cycie i poprawi\u0107 og\u00f3ln\u0105 wydajno\u015b\u0107.<\/p>\n<p>4. \u0141atwa instalacja i konserwacja: Konstrukcja mocowania wide\u0142kowego tych si\u0142ownik\u00f3w upraszcza proces instalacji, umo\u017cliwiaj\u0105c szybkie i proste mocowanie do r\u00f3\u017cnych urz\u0105dze\u0144. Dodatkowo, dzi\u0119ki \u0142atwo dost\u0119pnej konstrukcji, procedury konserwacyjne, takie jak kontrola i wymiana uszczelnie\u0144 i innych podzespo\u0142\u00f3w, s\u0105 \u0142atwiejsze. Skraca to przestoje i zapewnia p\u0142ynn\u0105 prac\u0119.<\/p>\n<p>5. Wszechstronne zastosowania: Regulowane si\u0142owniki wide\u0142kowe znajduj\u0105 zastosowanie w wielu bran\u017cach, w tym w rolnictwie, budownictwie i przemy\u015ble. W rolnictwie si\u0142owniki te s\u0105 powszechnie stosowane w ci\u0105gnikach, \u0142adowarkach i innych maszynach rolniczych do zada\u0144 takich jak podnoszenie, pchanie i ci\u0105gni\u0119cie ci\u0119\u017ckich \u0142adunk\u00f3w. Ich wszechstronno\u015b\u0107 sprawia, \u017ce \u200b\u200bnadaj\u0105 si\u0119 do r\u00f3\u017cnych uk\u0142ad\u00f3w hydraulicznych i urz\u0105dze\u0144.<\/p>\n<p>Og\u00f3lnie rzecz bior\u0105c, hurtowy, dostosowany, spawany si\u0142ownik hydrauliczny dwustronnego dzia\u0142ania do ci\u0105gnik\u00f3w, z regulowanym wide\u0142kiem, oferuje liczne korzy\u015bci pod wzgl\u0119dem elastyczno\u015bci, trwa\u0142o\u015bci, wydajno\u015bci, \u0142atwo\u015bci monta\u017cu i konserwacji oraz wszechstronno\u015bci zastosowa\u0144. Si\u0142owniki te zapewniaj\u0105 niezb\u0119dn\u0105 niezawodno\u015b\u0107 i wydajno\u015b\u0107, aby sprosta\u0107 wymaganiom nowoczesnych uk\u0142ad\u00f3w hydraulicznych w rolnictwie i innych sektorach.<\/p>\n<p><img decoding=\"async\" src=\"https:\/\/fmp-components.com\/wp-content\/uploads\/2024\/12\/Adjustable-Clevis-Type-Cylinders5.webp\" alt=\"Regulowany cylinder typu wide\u0142kowego\" width=\"800\" title=\"\"><\/p>\n<h2>Zastosowanie regulowanych cylindr\u00f3w typu wide\u0142kowego<\/h2>\n<p>Regulowane si\u0142owniki wide\u0142kowe, takie jak hurtowy, dostosowany, spawany si\u0142ownik hydrauliczny dwustronnego dzia\u0142ania do ci\u0105gnik\u00f3w, to wszechstronne urz\u0105dzenia hydrauliczne, kt\u00f3re znajduj\u0105 szerokie zastosowanie w r\u00f3\u017cnych ga\u0142\u0119ziach przemys\u0142u. Si\u0142owniki te zosta\u0142y zaprojektowane specjalnie z my\u015bl\u0105 o zapewnieniu precyzyjnej i niezawodnej kontroli ruchu liniowego, co czyni je niezb\u0119dnymi w wielu procesach przemys\u0142owych. W tym artykule om\u00f3wimy r\u00f3\u017cne zastosowania regulowanych si\u0142ownik\u00f3w wide\u0142kowych i przedstawimy ich zalety i zalety.<\/p>\n<h3>1. Maszyny przemys\u0142owe<\/h3>\n<p>Regulowane si\u0142owniki wide\u0142kowe s\u0105 szeroko stosowane w maszynach przemys\u0142owych do precyzyjnego pozycjonowania i sterowania ruchem. Si\u0142owniki te s\u0105 w stanie wywiera\u0107 du\u017ce si\u0142y i zapewnia\u0107 p\u0142ynny, kontrolowany ruch liniowy, dzi\u0119ki czemu idealnie nadaj\u0105 si\u0119 do zastosowa\u0144 takich jak transport materia\u0142\u00f3w, linie monta\u017cowe i maszyny zautomatyzowane. Oferowany hurtowo, dostosowany, spawany si\u0142ownik hydrauliczny dwustronnego dzia\u0142ania do ci\u0105gnik\u00f3w zosta\u0142 zaprojektowany z my\u015bl\u0105 o wytrzymywaniu du\u017cych obci\u0105\u017ce\u0144 i trudnych warunk\u00f3w pracy, zapewniaj\u0105c niezawodn\u0105 wydajno\u015b\u0107 w wymagaj\u0105cych warunkach przemys\u0142owych.<\/p>\n<h3>2. Sprz\u0119t budowlany<\/h3>\n<p>Regulowane si\u0142owniki wide\u0142kowe s\u0105 szeroko stosowane w sprz\u0119cie budowlanym do r\u00f3\u017cnych zada\u0144 wymagaj\u0105cych precyzyjnego i mocnego ruchu liniowego. Od koparek po d\u017awigi, si\u0142owniki te odgrywaj\u0105 kluczow\u0105 rol\u0119 w sterowaniu ruchem wysi\u0119gnik\u00f3w, \u0142y\u017cek i innego osprz\u0119tu hydraulicznego. Dzi\u0119ki regulowanym ko\u0144c\u00f3wkom wide\u0142kowym si\u0142owniki te zapewniaj\u0105 elastyczno\u015b\u0107 monta\u017cu i pozwalaj\u0105 na \u0142atwe dostosowanie do konkretnych wymaga\u0144 sprz\u0119tu. Ta elastyczno\u015b\u0107 zapewnia optymaln\u0105 wydajno\u015b\u0107 i zwi\u0119ksza og\u00f3ln\u0105 sprawno\u015b\u0107 maszyn budowlanych.<\/p>\n<h3>3. Maszyny rolnicze<\/h3>\n<p>Sektor rolniczy czerpie ogromne korzy\u015bci z zastosowania regulowanych si\u0142ownik\u00f3w wide\u0142kowych, takich jak hurtowy, dostosowany, spawany si\u0142ownik hydrauliczny dwustronnego dzia\u0142ania do ci\u0105gnik\u00f3w. Si\u0142owniki te s\u0105 powszechnie stosowane w maszynach rolniczych, takich jak ci\u0105gniki i kombajny, do sterowania r\u00f3\u017cnymi funkcjami hydraulicznymi. Od regulacji wysoko\u015bci narz\u0119dzi po sterowanie ruchem osprz\u0119tu, si\u0142owniki te umo\u017cliwiaj\u0105 precyzyjn\u0105 i wydajn\u0105 prac\u0119 w terenie. Ponadto, ich solidna konstrukcja i odporno\u015b\u0107 na trudne warunki \u015brodowiskowe sprawiaj\u0105, \u017ce doskonale sprawdzaj\u0105 si\u0119 w trudnych warunkach rolniczych.<\/p>\n<h3>4. Obs\u0142uga materia\u0142\u00f3w<\/h3>\n<p>Regulowane si\u0142owniki wide\u0142kowe odgrywaj\u0105 kluczow\u0105 rol\u0119 w systemach transportu bliskiego, gdzie precyzyjna kontrola i niezawodna praca s\u0105 kluczowe. Si\u0142owniki te s\u0105 powszechnie stosowane w systemach przeno\u015bnik\u00f3w, urz\u0105dzeniach d\u017awigowych i zautomatyzowanych magazynach, aby u\u0142atwi\u0107 przemieszczanie towar\u00f3w i materia\u0142\u00f3w. Hurtowy, dostosowany, spawany si\u0142ownik hydrauliczny dwustronnego dzia\u0142ania do ci\u0105gnik\u00f3w, dzi\u0119ki swojej konstrukcji dwustronnego dzia\u0142ania, umo\u017cliwia ruch dwukierunkowy, dzi\u0119ki czemu nadaje si\u0119 zar\u00f3wno do pchania, jak i ci\u0105gni\u0119cia. Ta wszechstronno\u015b\u0107 zapewnia wydajne przenoszenie materia\u0142\u00f3w i przyczynia si\u0119 do wzrostu wydajno\u015bci w r\u00f3\u017cnych bran\u017cach.<\/p>\n<h3>5. Sprz\u0119t mobilny<\/h3>\n<p>Regulowane si\u0142owniki wide\u0142kowe znajduj\u0105 zastosowanie r\u00f3wnie\u017c w r\u00f3\u017cnych urz\u0105dzeniach mobilnych, takich jak ci\u0119\u017car\u00f3wki, przyczepy i pojazdy rolnicze. Si\u0142owniki te zapewniaj\u0105 niezawodny i kontrolowany ruch, np. przy przechylaniu platform, podnoszeniu i opuszczaniu platform oraz regulacji mechanizm\u00f3w kierowniczych. Ich solidna konstrukcja i odporno\u015b\u0107 na du\u017ce obci\u0105\u017cenia sprawiaj\u0105, \u017ce s\u0105 one niezb\u0119dne w zastosowaniach mobilnych, gdzie trwa\u0142o\u015b\u0107 i bezpiecze\u0144stwo s\u0105 priorytetem.<\/p>\n<p>Podsumowuj\u0105c, hurtowy, dostosowany, spawany si\u0142ownik hydrauliczny dwustronnego dzia\u0142ania do ci\u0105gnik\u00f3w, regulowany si\u0142ownik z wide\u0142kami, znajduje szerokie zastosowanie w wielu bran\u017cach. Zar\u00f3wno w maszynach przemys\u0142owych, sprz\u0119cie budowlanym, maszynach rolniczych, transporcie materia\u0142\u00f3w, jak i sprz\u0119cie mobilnym, si\u0142owniki te zapewniaj\u0105 precyzyjn\u0105 kontrol\u0119, niezawodno\u015b\u0107 i trwa\u0142o\u015b\u0107. Dzi\u0119ki integracji hurtowego, dostosowanego, spawanego si\u0142ownika hydraulicznego dwustronnego dzia\u0142ania do ci\u0105gnik\u00f3w z r\u00f3\u017cnymi uk\u0142adami hydraulicznymi, bran\u017ce mog\u0105 zwi\u0119kszy\u0107 wydajno\u015b\u0107, produktywno\u015b\u0107 i og\u00f3ln\u0105 sprawno\u015b\u0107.<\/p>\n<p><img decoding=\"async\" src=\"https:\/\/fmp-components.com\/wp-content\/uploads\/2024\/12\/Application-of-Adjustable-Clevis-Type-Cylinders.webp\" alt=\"Regulowany cylinder typu wide\u0142kowego\" width=\"800\" title=\"\"><\/p>\n<h3>O FMP<\/h3>\n<p>FMP to zaufane \u017ar\u00f3d\u0142o wysokiej jako\u015bci si\u0142ownik\u00f3w hydraulicznych dla bran\u017cy maszyn budowlanych. Dzi\u0119ki wieloletniemu do\u015bwiadczeniu w bran\u017cy i profesjonalnemu zespo\u0142owi, z zaanga\u017cowaniem dostarczamy naszym cenionym klientom najwy\u017cszej jako\u015bci cz\u0119\u015bci do maszyn budowlanych i kompletne rozwi\u0105zania.<\/p>\n<p>Oto pi\u0119\u0107 powod\u00f3w, dla kt\u00f3rych powiniene\u015b wybra\u0107 firm\u0119 FMP w zakresie cylindr\u00f3w hydraulicznych:<\/p>\n<ol>\n<li><strong>Szeroki wyb\u00f3r opcji:<\/strong> Nasza oferta obejmuje szeroki wyb\u00f3r si\u0142ownik\u00f3w hydraulicznych odpowiednich do r\u00f3\u017cnych typ\u00f3w maszyn budowlanych. Niezale\u017cnie od tego, czy potrzebujesz si\u0142ownik\u00f3w jednostronnego czy dwustronnego dzia\u0142ania, si\u0142ownik\u00f3w teleskopowych czy z dr\u0105\u017ckiem kierowniczym, mamy odpowiednie rozwi\u0105zanie, kt\u00f3re spe\u0142ni Twoje wymagania.<\/li>\n<li><strong>Najwy\u017csza jako\u015b\u0107:<\/strong> Nawi\u0105zali\u015bmy d\u0142ugotrwa\u0142e i stabilne relacje z wysokiej jako\u015bci dostawcami, zar\u00f3wno krajowymi, jak i zagranicznymi. Dzi\u0119ki temu wszystkie nasze si\u0142owniki hydrauliczne spe\u0142niaj\u0105 surowe standardy jako\u015bci, dostarczaj\u0105c Pa\u0144stwu niezawodne i trwa\u0142e komponenty, kt\u00f3re sprostaj\u0105 wymaganiom Pa\u0144stwa projekt\u00f3w.<\/li>\n<li><strong>Zesp\u00f3\u0142 ekspert\u00f3w ds. sprzeda\u017cy:<\/strong> Nasz do\u015bwiadczony i kompetentny zesp\u00f3\u0142 sprzeda\u017cy doskonale zna najnowsze trendy i potrzeby klient\u00f3w w bran\u017cy maszyn budowlanych. Jeste\u015bmy gotowi zapewni\u0107 Pa\u0144stwu profesjonalne doradztwo produktowe i trafne sugestie zakupowe, pomagaj\u0105c w podejmowaniu \u015bwiadomych decyzji.<\/li>\n<li><strong>Efektywna logistyka:<\/strong> Rozumiemy, jak wa\u017cna jest terminowa dostawa. Dzi\u0119ki naszemu sprawnemu systemowi dystrybucji logistycznej gwarantujemy terminow\u0105 i precyzyjn\u0105 dostaw\u0119 potrzebnych cylindr\u00f3w hydraulicznych. Mo\u017cesz na nas polega\u0107, \u017ce dotrzymamy termin\u00f3w realizacji Twoich projekt\u00f3w.<\/li>\n<li><strong>Wyj\u0105tkowa obs\u0142uga klienta:<\/strong> W FMP cenimy naszych klient\u00f3w i d\u0105\u017cymy do zapewnienia wyj\u0105tkowej obs\u0142ugi. Nasz oddany zesp\u00f3\u0142 dok\u0142ada wszelkich stara\u0144, aby szybko odpowiada\u0107 na Pa\u0144stwa zapytania i w\u0105tpliwo\u015bci, zapewniaj\u0105c p\u0142ynn\u0105 i satysfakcjonuj\u0105c\u0105 wsp\u00f3\u0142prac\u0119 z nami.<\/li>\n<\/ol>\n<p>Przyjrzyj si\u0119 bli\u017cej naszym regulowanym cylindrom typu wide\u0142kowego:<\/p>\n<p><img decoding=\"async\" src=\"https:\/\/fmp-components.com\/wp-content\/uploads\/2024\/12\/Adjustable-Clevis-Type-Cylinders-6.webp\" alt=\"Regulowany cylinder typu wide\u0142kowego\" width=\"821\" title=\"\"><\/p>\n<h2>Cz\u0119sto zadawane pytania<\/h2>\n<p><b>P: Jakie rodzaje cylindr\u00f3w hydraulicznych macie Pa\u0144stwo w ofercie?<\/b><br \/>\nA: Oferujemy cylindry z pr\u0119tem \u015bci\u0105gaj\u0105cym, spawane, teleskopowe, jednostronnego dzia\u0142ania i dwustronnego dzia\u0142ania.<\/p>\n<p><b>P: Jaka jest no\u015bno\u015b\u0107 si\u0142ownika hydraulicznego?<\/b><br \/>\nA: Nasz si\u0142ownik hydrauliczny ma maksymalny ud\u017awig 20 ton.<\/p>\n<p><b>P: Czy oferuj\u0105 Pa\u0144stwo opcje personalizacji cylindra hydraulicznego?<\/b><br \/>\nO: Tak. Mo\u017cemy dostosowa\u0107 cylindry do Pa\u0144stwa indywidualnych wymaga\u0144.<\/p>\n<p><img decoding=\"async\" src=\"https:\/\/img.jiansujichilun.com\/img\/hydrauliccylinders\/B_hydrauliccylinders-5.webp\" alt=\"si\u0142ownik hydrauliczny\" width=\"800\" title=\"\"><\/p>\n<p>Autor: CX<\/p>","protected":false},"excerpt":{"rendered":"<p>The Wholesale Customized Double Acting Welded Hydraulic Cylinder For Tractor is a high-quality product that is designed to meet the specific needs of tractors. This hydraulic cylinder is built with precision and durability in mind, ensuring its reliable performance even in demanding conditions. One of the key features of this hydraulic cylinder is its double-acting [&hellip;]<\/p>","protected":false},"featured_media":1336,"comment_status":"closed","ping_status":"closed","template":"","meta":{"_et_pb_use_builder":"","_et_pb_old_content":"","_et_gb_content_width":""},"product_brand":[],"product_cat":[39],"product_tag":[41,34],"class_list":{"0":"post-1359","1":"product","2":"type-product","3":"status-publish","4":"has-post-thumbnail","6":"product_cat-adjustable-clevis-type-cylinders","7":"product_tag-adjustable-clevis-type-cylinders","8":"product_tag-hydraulic-cylinder","10":"first","11":"instock","12":"product-type-simple"},"_links":{"self":[{"href":"https:\/\/fmp-components.com\/pl\/wp-json\/wp\/v2\/product\/1359","targetHints":{"allow":["GET"]}}],"collection":[{"href":"https:\/\/fmp-components.com\/pl\/wp-json\/wp\/v2\/product"}],"about":[{"href":"https:\/\/fmp-components.com\/pl\/wp-json\/wp\/v2\/types\/product"}],"replies":[{"embeddable":true,"href":"https:\/\/fmp-components.com\/pl\/wp-json\/wp\/v2\/comments?post=1359"}],"wp:featuredmedia":[{"embeddable":true,"href":"https:\/\/fmp-components.com\/pl\/wp-json\/wp\/v2\/media\/1336"}],"wp:attachment":[{"href":"https:\/\/fmp-components.com\/pl\/wp-json\/wp\/v2\/media?parent=1359"}],"wp:term":[{"taxonomy":"product_brand","embeddable":true,"href":"https:\/\/fmp-components.com\/pl\/wp-json\/wp\/v2\/product_brand?post=1359"},{"taxonomy":"product_cat","embeddable":true,"href":"https:\/\/fmp-components.com\/pl\/wp-json\/wp\/v2\/product_cat?post=1359"},{"taxonomy":"product_tag","embeddable":true,"href":"https:\/\/fmp-components.com\/pl\/wp-json\/wp\/v2\/product_tag?post=1359"}],"curies":[{"name":"wp","href":"https:\/\/api.w.org\/{rel}","templated":true}]}}