{"id":1357,"date":"2024-12-23T02:18:07","date_gmt":"2024-12-23T02:18:07","guid":{"rendered":"https:\/\/fmp-components.com\/product\/customized-tractor-hydraulic-piston-cylinder-hydraulic-cylinder\/"},"modified":"2024-12-23T03:39:19","modified_gmt":"2024-12-23T03:39:19","slug":"customized-tractor-hydraulic-piston-cylinder-hydraulic-cylinder","status":"publish","type":"product","link":"https:\/\/fmp-components.com\/pl\/product\/customized-tractor-hydraulic-piston-cylinder-hydraulic-cylinder\/","title":{"rendered":"Dostosowany si\u0142ownik hydrauliczny ci\u0105gnika Si\u0142ownik hydrauliczny"},"content":{"rendered":"<h2>Przedstawiamy dostosowany do indywidualnych potrzeb si\u0142ownik hydrauliczny z t\u0142okiem hydraulicznym do ci\u0105gnika:<\/h2>\n<p>Dostosowany si\u0142ownik hydrauliczny do ci\u0105gnik\u00f3w to wysokiej jako\u015bci i niezawodny produkt zaprojektowany specjalnie do ci\u0105gnik\u00f3w. Zosta\u0142 wykonany z precyzj\u0105 i wiedz\u0105 specjalistyczn\u0105, co zapewnia optymaln\u0105 wydajno\u015b\u0107 i trwa\u0142o\u015b\u0107.<\/p>\n<p>Ten si\u0142ownik hydrauliczny zosta\u0142 zaprojektowany z my\u015bl\u0105 o efektywnym przenoszeniu mocy i kontroli w r\u00f3\u017cnych zastosowaniach, co czyni go niezb\u0119dnym elementem system\u00f3w ci\u0105gnik\u00f3w. Dzi\u0119ki specjalnej konstrukcji mo\u017cna go dostosowa\u0107 do konkretnych wymaga\u0144 i idealnie dopasowa\u0107 do r\u00f3\u017cnych modeli ci\u0105gnik\u00f3w.<\/p>\n<p>Konstrukcja t\u0142okowa tego si\u0142ownika hydraulicznego zapewnia p\u0142ynn\u0105 prac\u0119 i precyzyjn\u0105 kontrol\u0119 p\u0142ynu hydraulicznego. Oferuje on wyj\u0105tkow\u0105 wytrzyma\u0142o\u015b\u0107 i stabilno\u015b\u0107, umo\u017cliwiaj\u0105c ci\u0105gnikom \u0142atwe wykonywanie ci\u0119\u017ckich zada\u0144. Zaawansowana technologia hydrauliczna zastosowana w jego konstrukcji zapewnia wydajne i r\u00f3wnomierne dostarczanie mocy, zwi\u0119kszaj\u0105c og\u00f3ln\u0105 wydajno\u015b\u0107 ci\u0105gnika.<\/p>\n<p>Niestandardowy si\u0142ownik hydrauliczny do ci\u0105gnik\u00f3w zosta\u0142 zaprojektowany tak, aby sprosta\u0107 trudnym warunkom i trudnym warunkom. Wykonany jest z wysokiej jako\u015bci materia\u0142\u00f3w, odpornych na korozj\u0119 i zu\u017cycie, co zapewnia d\u0142ugotrwa\u0142\u0105 wydajno\u015b\u0107. Jego solidna konstrukcja i niezawodne uszczelnienia sprawiaj\u0105, \u017ce nadaje si\u0119 do ci\u0119\u017ckich zastosowa\u0144 i d\u0142ugotrwa\u0142ego u\u017cytkowania.<\/p>\n<p>Opr\u00f3cz wyj\u0105tkowej funkcjonalno\u015bci, ten si\u0142ownik hydrauliczny zosta\u0142 r\u00f3wnie\u017c zaprojektowany z my\u015bl\u0105 o bezpiecze\u0144stwie. Posiada szereg zabezpiecze\u0144 zapobiegaj\u0105cych wypadkom i zapewniaj\u0105cych ochron\u0119 operatora. Dzi\u0119ki niezawodnej pracy i zastosowanym \u015brodkom bezpiecze\u0144stwa, przyczynia si\u0119 do og\u00f3lnej wydajno\u015bci i niezawodno\u015bci pracy ci\u0105gnika.<\/p>\n<p><img loading=\"lazy\" decoding=\"async\" class=\"alignnone size-full wp-image-1334\" src=\"https:\/\/fmp-components.com\/wp-content\/uploads\/2024\/12\/Adjustable-Clevis-Type-Cylinders-4.webp\" alt=\"Cylindry typu wide\u0142kowego regulowanego\" width=\"800\" height=\"800\" title=\"\" srcset=\"https:\/\/fmp-components.com\/wp-content\/uploads\/2024\/12\/Adjustable-Clevis-Type-Cylinders-4.webp 800w, https:\/\/fmp-components.com\/wp-content\/uploads\/2024\/12\/Adjustable-Clevis-Type-Cylinders-4-480x480.webp 480w\" sizes=\"(min-width: 0px) and (max-width: 480px) 480px, (min-width: 481px) 800px, 100vw\" \/><\/p>\n<p>Podsumowuj\u0105c, dostosowany si\u0142ownik hydrauliczny do ci\u0105gnik\u00f3w to produkt najwy\u017cszej jako\u015bci, oferuj\u0105cy niezawodn\u0105 wydajno\u015b\u0107, trwa\u0142o\u015b\u0107 i bezpiecze\u0144stwo. Jego niestandardowa konstrukcja i zaawansowane funkcje sprawiaj\u0105, \u017ce jest to idealny wyb\u00f3r do ci\u0105gnik\u00f3w o r\u00f3\u017cnych zastosowaniach. Dzi\u0119ki temu si\u0142ownikowi hydraulicznemu operatorzy ci\u0105gnik\u00f3w mog\u0105 oczekiwa\u0107 zwi\u0119kszonej wydajno\u015bci i efektywno\u015bci w codziennych zadaniach.<\/p>\n<table style=\"width: 100%;\" border=\"1\" width=\"100%\" cellspacing=\"0\" cellpadding=\"0\">\n<tbody>\n<tr>\n<th>Nazwa produktu<\/th>\n<td>Dostosowany si\u0142ownik hydrauliczny t\u0142okowy do ci\u0105gnika<\/td>\n<\/tr>\n<tr>\n<th>Gwarancja<\/th>\n<td>1 rok<\/td>\n<\/tr>\n<tr>\n<th>Zastosowane bran\u017ce<\/th>\n<td>Warsztaty naprawy maszyn, gospodarstwa rolne, energetyka i g\u00f3rnictwo, produkcja maszyn, fabryki maszyn<\/td>\n<\/tr>\n<tr>\n<th>Waga (kg)<\/th>\n<td>85<\/td>\n<\/tr>\n<tr>\n<th>Inspekcja wideo<\/th>\n<td>Pod warunkiem, \u017ce<\/td>\n<\/tr>\n<tr>\n<th>Struktura<\/th>\n<td>Standardowy cylinder t\u0142okowy<\/td>\n<\/tr>\n<tr>\n<th>Moc<\/th>\n<td>Hydrauliczny<\/td>\n<\/tr>\n<tr>\n<th>Materia\u0142 korpusu<\/th>\n<td>Trwa\u0142a stal<\/td>\n<\/tr>\n<tr>\n<th>Maksymalny ci\u0105g<\/th>\n<td>3000<\/td>\n<\/tr>\n<tr>\n<th>Typ<\/th>\n<td>Regulowany cylinder typu wide\u0142kowego<\/td>\n<\/tr>\n<tr>\n<th>Porty<\/th>\n<td>G\/SAE\/NPT\/M<\/td>\n<\/tr>\n<tr>\n<th>Maksymalne poci\u0105gni\u0119cie<\/th>\n<td>20 ton<\/td>\n<\/tr>\n<tr>\n<th>Orzecznictwo<\/th>\n<td>ISO 9001:2000<\/td>\n<\/tr>\n<tr>\n<th>Rozmiar otworu<\/th>\n<td>2 \u2013 6 cali<\/td>\n<\/tr>\n<tr>\n<th>Rozmiar pr\u0119ta<\/th>\n<td>1,125 \u2013 4 cale<\/td>\n<\/tr>\n<tr>\n<th>Rozmiar poci\u0105gni\u0119cia<\/th>\n<td>4 \u2013 100 cali<\/td>\n<\/tr>\n<tr>\n<th>Rozmiar szpilki<\/th>\n<td>0,5 \u2013 2 cale<\/td>\n<\/tr>\n<tr>\n<th>Kolor<\/th>\n<td>Elegancka czer\u0144<\/td>\n<\/tr>\n<\/tbody>\n<\/table>\n<p>&nbsp;<\/p>\n<h2>Zalety regulowanych cylindr\u00f3w typu wide\u0142kowego<\/h2>\n<p>Cylindry z regulowanym wide\u0142kiem to cylindry hydrauliczne powszechnie stosowane w r\u00f3\u017cnych zastosowaniach przemys\u0142owych. Cylindry te oferuj\u0105 szereg zalet w por\u00f3wnaniu z innymi typami cylindr\u00f3w, w tym:<\/p>\n<ul>\n<li><strong>Personalizacja:<\/strong> Jedn\u0105 z g\u0142\u00f3wnych zalet regulowanych si\u0142ownik\u00f3w wide\u0142kowych jest mo\u017cliwo\u015b\u0107 ich dostosowania do konkretnych zastosowa\u0144 przemys\u0142owych. Si\u0142owniki mog\u0105 by\u0107 zaprojektowane tak, aby dok\u0142adnie spe\u0142nia\u0142y specyfikacje konkretnego zadania, co zwi\u0119ksza ich wydajno\u015b\u0107 i efektywno\u015b\u0107. To sprawia, \u017ce \u200b\u200bs\u0105 idealnym wyborem dla bran\u017c wymagaj\u0105cych specjalistycznego sprz\u0119tu.<\/li>\n<li><strong>Zastosowania w ci\u0105gnikach:<\/strong> Regulowane si\u0142owniki wide\u0142kowe s\u0105 szeroko stosowane w ci\u0105gnikach i maszynach rolniczych. Odgrywaj\u0105 one kluczow\u0105 rol\u0119 w funkcjonowaniu uk\u0142ad\u00f3w hydraulicznych w ci\u0105gnikach, wykorzystywanych do orki, bronowania, uprawy roli, sadzenia i wielu innych zada\u0144. Si\u0142owniki s\u0105 przeznaczone do pracy w trudnych warunkach i wytrzymuj\u0105 wysokie ci\u015bnienie wyst\u0119puj\u0105ce w ci\u0119\u017ckich zastosowaniach ci\u0105gnik\u00f3w.<\/li>\n<li><strong>Wysoka wydajno\u015b\u0107:<\/strong> Regulowane si\u0142owniki wide\u0142kowe zosta\u0142y zaprojektowane z my\u015bl\u0105 o zapewnieniu wysokiej wydajno\u015bci. Wykonane s\u0105 z wysokiej jako\u015bci materia\u0142\u00f3w, w tym wytrzyma\u0142ej stali, co zapewnia im trwa\u0142o\u015b\u0107 i d\u0142ug\u0105 \u017cywotno\u015b\u0107. Zaprojektowano je r\u00f3wnie\u017c tak, aby zapewnia\u0142y niezb\u0119dn\u0105 moc i pr\u0119dko\u015b\u0107 w r\u00f3\u017cnorodnych zastosowaniach.<\/li>\n<li><strong>Zredukowana konserwacja:<\/strong> Kolejn\u0105 zalet\u0105 regulowanych si\u0142ownik\u00f3w wide\u0142kowych jest ich minimalna konserwacja. Zaprojektowano je z my\u015bl\u0105 o p\u0142ynnej i wydajnej pracy, z minimalnym zu\u017cyciem, co ogranicza konieczno\u015b\u0107 cz\u0119stych napraw lub wymian. To sprawia, \u017ce \u200b\u200bs\u0105 one ekonomiczn\u0105 opcj\u0105 dla bran\u017c wymagaj\u0105cych niezawodnego sprz\u0119tu.<\/li>\n<li><strong>Zwi\u0119kszone bezpiecze\u0144stwo:<\/strong> Regulowane cylindry wide\u0142kowe s\u0105 r\u00f3wnie\u017c projektowane z my\u015bl\u0105 o bezpiecze\u0144stwie. Wyposa\u017cone s\u0105 w zabezpieczenia, takie jak zawory bezpiecze\u0144stwa, kt\u00f3re zapobiegaj\u0105 wypadkom i zapewniaj\u0105 bezpieczne u\u017cytkowanie sprz\u0119tu. Jest to kluczowe w bran\u017cach, w kt\u00f3rych bezpiecze\u0144stwo jest priorytetem.<\/li>\n<li><strong>Moc hydrauliczna:<\/strong> Regulowane si\u0142owniki wide\u0142kowe to si\u0142owniki hydrauliczne zasilane p\u0142ynem hydraulicznym. Dzi\u0119ki temu stanowi\u0105 idealny wyb\u00f3r dla bran\u017c wymagaj\u0105cych sprz\u0119tu o du\u017cej mocy. Si\u0142a hydrauliczna pozwala si\u0142ownikom dostarcza\u0107 niezb\u0119dn\u0105 si\u0142\u0119 i pr\u0119dko\u015b\u0107 do r\u00f3\u017cnorodnych zastosowa\u0144, co czyni je wszechstronnymi i wydajnymi.<\/li>\n<\/ul>\n<p>Podsumowuj\u0105c, regulowane si\u0142owniki wide\u0142kowe stanowi\u0105 niezb\u0119dny element w wielu zastosowaniach przemys\u0142owych. Ich wszechstronno\u015b\u0107, mo\u017cliwo\u015bci personalizacji i wysoka wydajno\u015b\u0107 sprawiaj\u0105, \u017ce s\u0105 popularnym wyborem dla bran\u017c wymagaj\u0105cych niezawodnego i wydajnego sprz\u0119tu. Zastosowanie w ci\u0105gnikach i maszynach rolniczych sprawia, \u017ce \u200b\u200bstanowi\u0105 integraln\u0105 cz\u0119\u015b\u0107 nowoczesnych praktyk rolniczych. Dzi\u0119ki mniejszym wymaganiom konserwacyjnym i zwi\u0119kszonemu bezpiecze\u0144stwu, regulowane si\u0142owniki wide\u0142kowe stanowi\u0105 ekonomiczn\u0105 opcj\u0119 dla bran\u017c wymagaj\u0105cych trwa\u0142ego sprz\u0119tu.<img decoding=\"async\" src=\"https:\/\/fmp-components.com\/wp-content\/uploads\/2024\/12\/Adjustable-Clevis-Type-Cylinders5.webp\" alt=\"Regulowany cylinder typu wide\u0142kowego\" width=\"800\" title=\"\"><\/p>\n<h2>Zastosowanie regulowanych cylindr\u00f3w typu wide\u0142kowego<\/h2>\n<p>Regulowane si\u0142owniki wide\u0142kowe, znane r\u00f3wnie\u017c jako si\u0142owniki hydrauliczne, s\u0105 szeroko stosowane w r\u00f3\u017cnych ga\u0142\u0119ziach przemys\u0142u ze wzgl\u0119du na swoj\u0105 wszechstronno\u015b\u0107 i zdolno\u015b\u0107 do generowania si\u0142y liniowej. Si\u0142owniki te odgrywaj\u0105 kluczow\u0105 rol\u0119 w wielu zastosowaniach, w tym w rolnictwie, gdzie s\u0105 powszechnie stosowane w niestandardowych si\u0142ownikach hydraulicznych do ci\u0105gnik\u00f3w.<\/p>\n<p>1. <strong>Zwi\u0119kszona wydajno\u015b\u0107 i produktywno\u015b\u0107:<\/strong> Dostosowane si\u0142owniki hydrauliczne do ci\u0105gnik\u00f3w, wyposa\u017cone w regulowane si\u0142owniki wide\u0142kowe, zapewniaj\u0105 zwi\u0119kszon\u0105 wydajno\u015b\u0107 i produktywno\u015b\u0107 w pracach rolniczych. Si\u0142owniki te zapewniaj\u0105 niezb\u0119dn\u0105 si\u0142\u0119 do wykonywania zada\u0144 takich jak podnoszenie ci\u0119\u017ckich \u0142adunk\u00f3w, obs\u0142uga narz\u0119dzi rolniczych i sterowanie ruchem r\u00f3\u017cnych podzespo\u0142\u00f3w uk\u0142adu hydraulicznego.<\/p>\n<p>2. <strong>Precyzja i kontrola:<\/strong> Regulowane si\u0142owniki wide\u0142kowe umo\u017cliwiaj\u0105 precyzyjn\u0105 kontrol\u0119 ruchu uk\u0142ad\u00f3w hydraulicznych w ci\u0105gnikach. Hydrauliczny si\u0142ownik t\u0142okowy umo\u017cliwia precyzyjn\u0105 regulacj\u0119, zapewniaj\u0105c precyzyjne pozycjonowanie i kontrol\u0119 podczas r\u00f3\u017cnych prac rolniczych. Ta precyzja przyczynia si\u0119 do poprawy wydajno\u015bci i zmniejsza margines b\u0142\u0119du podczas takich zada\u0144, jak orka, sadzenie i zbiory.<\/p>\n<p>3. <strong>Wszechstronno\u015b\u0107 i zdolno\u015b\u0107 adaptacji:<\/strong> Dostosowane si\u0142owniki hydrauliczne do ci\u0105gnik\u00f3w z regulowanymi cylindrami typu wide\u0142kowego oferuj\u0105 wszechstronno\u015b\u0107 i mo\u017cliwo\u015b\u0107 adaptacji do r\u00f3\u017cnych zada\u0144 i warunk\u00f3w rolniczych. Si\u0142owniki te mo\u017cna dostosowa\u0107 do konkretnych wymaga\u0144, co pozwala rolnikom zoptymalizowa\u0107 sprz\u0119t do r\u00f3\u017cnych zastosowa\u0144. Niezale\u017cnie od tego, czy chodzi o regulacj\u0119 wysoko\u015bci narz\u0119dzia, czy sterowanie pr\u0119dko\u015bci\u0105 i si\u0142\u0105 ruch\u00f3w hydraulicznych, si\u0142owniki te zapewniaj\u0105 niezb\u0119dn\u0105 elastyczno\u015b\u0107.<\/p>\n<p>4. <strong>Niezawodno\u015b\u0107 i trwa\u0142o\u015b\u0107:<\/strong> Zastosowanie regulowanych si\u0142ownik\u00f3w wide\u0142kowych w niestandardowych si\u0142ownikach hydraulicznych ci\u0105gnik\u00f3w gwarantuje niezawodno\u015b\u0107 i trwa\u0142o\u015b\u0107 w wymagaj\u0105cych warunkach rolniczych. Si\u0142owniki te zosta\u0142y zaprojektowane tak, aby wytrzymywa\u0107 wysokie ci\u015bnienie, du\u017ce obci\u0105\u017cenia i ci\u0105g\u0142\u0105 prac\u0119. Ich solidna konstrukcja i wysokiej jako\u015bci materia\u0142y zapewniaj\u0105 d\u0142ug\u0105 \u017cywotno\u015b\u0107, redukuj\u0105c koszty konserwacji i wymiany dla rolnik\u00f3w.<\/p>\n<p>5. <strong>Poprawa bezpiecze\u0144stwa:<\/strong> Bezpiecze\u0144stwo jest kluczowym aspektem dzia\u0142alno\u015bci rolniczej, a regulowane si\u0142owniki wide\u0142kowe przyczyniaj\u0105 si\u0119 do zwi\u0119kszenia bezpiecze\u0144stwa. Si\u0142owniki te zapewniaj\u0105 kontrolowany i przewidywalny ruch, minimalizuj\u0105c ryzyko nag\u0142ych awarii sprz\u0119tu lub wypadk\u00f3w. Precyzyjne pozycjonowanie i kontrola oferowane przez si\u0142ownik hydrauliczny z t\u0142okiem pozwalaj\u0105 operatorom pracowa\u0107 w bezpieczniejszym \u015brodowisku, zmniejszaj\u0105c ryzyko obra\u017ce\u0144.<\/p>\n<p>Podsumowuj\u0105c, zastosowanie regulowanych si\u0142ownik\u00f3w wide\u0142kowych w niestandardowych si\u0142ownikach hydraulicznych ci\u0105gnik\u00f3w przynosi liczne korzy\u015bci dla sektora rolniczego. Zwi\u0119kszona wydajno\u015b\u0107, precyzja, wszechstronno\u015b\u0107, niezawodno\u015b\u0107 i bezpiecze\u0144stwo zapewniane przez te si\u0142owniki przyczyniaj\u0105 si\u0119 do optymalizacji prac rolniczych. Wykorzystuj\u0105c te si\u0142owniki, rolnicy mog\u0105 zmaksymalizowa\u0107 swoj\u0105 wydajno\u015b\u0107, skr\u00f3ci\u0107 przestoje i osi\u0105gn\u0105\u0107 lepsze og\u00f3lne wyniki w swoich przedsi\u0119wzi\u0119ciach rolniczych.<img decoding=\"async\" src=\"https:\/\/fmp-components.com\/wp-content\/uploads\/2024\/12\/Application-of-Adjustable-Clevis-Type-Cylinders.webp\" alt=\"Regulowany cylinder typu wide\u0142kowego\" width=\"800\" title=\"\"><\/p>\n<h3>O FMP<\/h3>\n<p><img decoding=\"async\" src=\"https:\/\/fmp-components.com\/wp-content\/uploads\/2024\/12\/Adjustable-Clevis-Type-Cylinders-6.webp\" alt=\"Regulowany cylinder typu wide\u0142kowego\" width=\"819\" title=\"\"><\/p>\n<p>FMP to wiod\u0105ca firma specjalizuj\u0105ca si\u0119 w produkcji i sprzeda\u017cy si\u0142ownik\u00f3w hydraulicznych. Dzi\u0119ki naszemu bogatemu do\u015bwiadczeniu w bran\u017cy i profesjonalnemu zespo\u0142owi, jeste\u015bmy w stanie dostarcza\u0107 naszym klientom wysokiej jako\u015bci i niezawodne si\u0142owniki hydrauliczne do r\u00f3\u017cnorodnych zastosowa\u0144 w maszynach budowlanych.<\/p>\n<p>1. Szeroki asortyment produkt\u00f3w:<br \/>\nOferujemy szerok\u0105 gam\u0119 si\u0142ownik\u00f3w hydraulicznych, kt\u00f3re zaspokoj\u0105 zr\u00f3\u017cnicowane potrzeby maszyn budowlanych. Nasza oferta obejmuje si\u0142owniki z regulowanym wide\u0142kiem, si\u0142owniki spawane, si\u0142owniki teleskopowe i wiele innych. Ta szeroka gama produkt\u00f3w gwarantuje, \u017ce znajdziemy odpowiedni si\u0142ownik hydrauliczny, kt\u00f3ry spe\u0142ni Pa\u0144stwa indywidualne wymagania.<\/p>\n<p>2. Najwy\u017csza jako\u015b\u0107:<br \/>\nW FMP priorytetowo traktujemy jako\u015b\u0107 i dbamy o to, aby wszystkie nasze cylindry hydrauliczne spe\u0142nia\u0142y surowe standardy jako\u015bci. Nawi\u0105zali\u015bmy d\u0142ugotrwa\u0142e i stabilne relacje z wysokiej jako\u015bci dostawcami, zar\u00f3wno krajowymi, jak i zagranicznymi. Dzi\u0119ki temu pozyskujemy najwy\u017cszej jako\u015bci materia\u0142y i komponenty, co przek\u0142ada si\u0119 na trwa\u0142o\u015b\u0107, wydajno\u015b\u0107 i niezawodno\u015b\u0107 cylindr\u00f3w hydraulicznych.<\/p>\n<p>3. Profesjonalny zesp\u00f3\u0142 sprzeda\u017cy:<br \/>\nNasz do\u015bwiadczony i wykwalifikowany zesp\u00f3\u0142 sprzeda\u017cy posiada dog\u0142\u0119bn\u0105 wiedz\u0119 na temat bran\u017cy maszyn budowlanych. S\u0105 na bie\u017c\u0105co z najnowszymi trendami w bran\u017cy i rozumiej\u0105 specyficzne potrzeby naszych klient\u00f3w. Dzi\u0119ki swojej wiedzy i do\u015bwiadczeniu zapewniaj\u0105 profesjonalne doradztwo produktowe, pomagaj\u0105c w wyborze si\u0142ownika hydraulicznego, kt\u00f3ry najlepiej odpowiada Pa\u0144stwa potrzebom.<\/p>\n<p>4. M\u0105dre sugestie zakupowe:<br \/>\nRozumiej\u0105c, \u017ce ka\u017cdy klient ma unikalne potrzeby, nasz zesp\u00f3\u0142 sprzeda\u017cy dok\u0142ada wszelkich stara\u0144, aby oferowa\u0107 przemy\u015blane sugestie zakupowe. Uwzgl\u0119dniaj\u0105 oni takie czynniki, jak wymagania dotycz\u0105ce zastosowania, ograniczenia bud\u017cetowe i wymagania projektu, aby zarekomendowa\u0107 najbardziej odpowiedni si\u0142ownik hydrauliczny. To spersonalizowane podej\u015bcie gwarantuje podj\u0119cie \u015bwiadomej decyzji i znalezienie odpowiedniego rozwi\u0105zania.<\/p>\n<p>5. Efektywna dystrybucja logistyczna:<br \/>\nJeste\u015bmy dumni z naszego sprawnego systemu dystrybucji logistycznej, kt\u00f3ry zapewnia terminow\u0105 i precyzyjn\u0105 dostaw\u0119 cylindr\u00f3w hydraulicznych do naszych klient\u00f3w. Dzi\u0119ki naszemu dobrze zorganizowanemu \u0142a\u0144cuchowi dostaw gwarantujemy szybk\u0105 dostaw\u0119 potrzebnych cylindr\u00f3w hydraulicznych, minimalizuj\u0105c wszelkie op\u00f3\u017anienia i zak\u0142\u00f3cenia w realizacji Pa\u0144stwa projekt\u00f3w budowlanych.<\/p>\n<p>Wsp\u00f3\u0142pracuj z FMP, aby uzyska\u0107 najwy\u017cszej jako\u015bci si\u0142owniki hydrauliczne, kt\u00f3re s\u0105 wspierane przez bran\u017cowe do\u015bwiadczenie, najwy\u017csz\u0105 jako\u015b\u0107 i sprawn\u0105 obs\u0142ug\u0119. Skontaktuj si\u0119 z nami ju\u017c dzi\u015b, aby om\u00f3wi\u0107 swoje potrzeby w zakresie maszyn budowlanych i przekona\u0107 si\u0119, jaka jest r\u00f3\u017cnica mi\u0119dzy FMP a innymi.<\/p>\n<h2>Cz\u0119sto zadawane pytania<\/h2>\n<p><strong>P: Jakie bran\u017ce mog\u0105 skorzysta\u0107 ze spersonalizowanych cylindr\u00f3w hydraulicznych t\u0142okowych do ci\u0105gnik\u00f3w?<\/strong><br \/>\nA: Nadaje si\u0119 do warsztat\u00f3w naprawczych maszyn, gospodarstw rolnych, energetyki i g\u00f3rnictwa, produkcji maszyn oraz fabryk maszyn.<\/p>\n<p><strong>P: Jaka jest maksymalna si\u0142a ci\u0105gu i uci\u0105gu dostosowanego si\u0142ownika hydraulicznego ci\u0105gnika?<\/strong><br \/>\nA: Maksymalna si\u0142a ci\u0105gu wynosi 3000, a si\u0142a uci\u0105gu 20 ton.<\/p>\n<p><strong>P: Jaki jest rozmiar otworu, rozmiar t\u0142oczyska, rozmiar skoku i rozmiar sworznia niestandardowego si\u0142ownika hydraulicznego t\u0142okowego ci\u0105gnika?<\/strong><br \/>\nA: \u015arednica otworu waha si\u0119 od 2 do 6 cali, wielko\u015b\u0107 pr\u0119ta wynosi 1,125\u20134 cale, wielko\u015b\u0107 skoku wynosi od 4 do 100 cali, a wielko\u015b\u0107 sworznia wynosi od 0,5 do 2 cali.<\/p>\n<p><img decoding=\"async\" src=\"https:\/\/img.jiansujichilun.com\/img\/hydrauliccylinders\/T_hydrauliccylinders-3.webp\" alt=\"si\u0142ownik hydrauliczny\" width=\"800\" title=\"\"><\/p>\n<p>Autor: CX<\/p>","protected":false},"excerpt":{"rendered":"<p>Introducing the Customized Tractor Hydraulic Piston Cylinder Hydraulic Cylinder: The Customized Tractor Hydraulic Piston Cylinder Hydraulic Cylinder is a high-quality and reliable product designed specifically for tractors. It is built with precision and expertise, ensuring optimal performance and durability. This hydraulic cylinder is engineered to provide efficient power transmission and control in various applications, making [&hellip;]<\/p>","protected":false},"featured_media":1338,"comment_status":"closed","ping_status":"closed","template":"","meta":{"_et_pb_use_builder":"","_et_pb_old_content":"","_et_gb_content_width":""},"product_brand":[],"product_cat":[39],"product_tag":[41,34],"class_list":{"0":"post-1357","1":"product","2":"type-product","3":"status-publish","4":"has-post-thumbnail","6":"product_cat-adjustable-clevis-type-cylinders","7":"product_tag-adjustable-clevis-type-cylinders","8":"product_tag-hydraulic-cylinder","10":"first","11":"instock","12":"product-type-simple"},"_links":{"self":[{"href":"https:\/\/fmp-components.com\/pl\/wp-json\/wp\/v2\/product\/1357","targetHints":{"allow":["GET"]}}],"collection":[{"href":"https:\/\/fmp-components.com\/pl\/wp-json\/wp\/v2\/product"}],"about":[{"href":"https:\/\/fmp-components.com\/pl\/wp-json\/wp\/v2\/types\/product"}],"replies":[{"embeddable":true,"href":"https:\/\/fmp-components.com\/pl\/wp-json\/wp\/v2\/comments?post=1357"}],"wp:featuredmedia":[{"embeddable":true,"href":"https:\/\/fmp-components.com\/pl\/wp-json\/wp\/v2\/media\/1338"}],"wp:attachment":[{"href":"https:\/\/fmp-components.com\/pl\/wp-json\/wp\/v2\/media?parent=1357"}],"wp:term":[{"taxonomy":"product_brand","embeddable":true,"href":"https:\/\/fmp-components.com\/pl\/wp-json\/wp\/v2\/product_brand?post=1357"},{"taxonomy":"product_cat","embeddable":true,"href":"https:\/\/fmp-components.com\/pl\/wp-json\/wp\/v2\/product_cat?post=1357"},{"taxonomy":"product_tag","embeddable":true,"href":"https:\/\/fmp-components.com\/pl\/wp-json\/wp\/v2\/product_tag?post=1357"}],"curies":[{"name":"wp","href":"https:\/\/api.w.org\/{rel}","templated":true}]}}