{"id":1356,"date":"2024-12-23T02:18:07","date_gmt":"2024-12-23T02:18:07","guid":{"rendered":"https:\/\/fmp-components.com\/product\/the-latest-design-small-welded-hydraulic-cylinder-hydraulic-piston-cylinder-for-trailer\/"},"modified":"2024-12-23T03:39:19","modified_gmt":"2024-12-23T03:39:19","slug":"the-latest-design-small-welded-hydraulic-cylinder-hydraulic-piston-cylinder-for-trailer","status":"publish","type":"product","link":"https:\/\/fmp-components.com\/pl\/product\/the-latest-design-small-welded-hydraulic-cylinder-hydraulic-piston-cylinder-for-trailer\/","title":{"rendered":"Najnowszy projekt ma\u0142ego spawanego cylindra hydraulicznego, si\u0142ownika hydraulicznego t\u0142okowego do przyczepy"},"content":{"rendered":"<h2>Najnowsza konstrukcja ma\u0142ego spawanego cylindra hydraulicznego, si\u0142ownika hydraulicznego t\u0142okowego do przyczep:<\/h2>\n<p>Najnowszy, ma\u0142y, spawany si\u0142ownik hydrauliczny do przyczep to wysokiej jako\u015bci si\u0142ownik hydrauliczny zaprojektowany specjalnie do przyczep. Dzi\u0119ki innowacyjnej konstrukcji, ten si\u0142ownik hydrauliczny oferuje doskona\u0142\u0105 wydajno\u015b\u0107 i niezawodno\u015b\u0107.<\/p>\n<p>Ten si\u0142ownik hydrauliczny zosta\u0142 wykonany z wykorzystaniem zaawansowanych technik spawalniczych, co gwarantuje jego trwa\u0142o\u015b\u0107 i wytrzyma\u0142o\u015b\u0107. Zosta\u0142 zaprojektowany tak, aby wytrzyma\u0107 du\u017ce obci\u0105\u017cenia i trudne warunki pracy, dzi\u0119ki czemu idealnie nadaje si\u0119 do stosowania w przyczepach.<\/p>\n<p>T\u0142ok w tym si\u0142owniku hydraulicznym zosta\u0142 starannie zaprojektowany, aby zapewni\u0107 p\u0142ynn\u0105 i precyzyjn\u0105 kontrol\u0119 ruchu. Zapewnia doskona\u0142\u0105 si\u0142\u0119 i pr\u0119dko\u015b\u0107, umo\u017cliwiaj\u0105c wydajn\u0105 obs\u0142ug\u0119 przyczepy.<\/p>\n<p><img loading=\"lazy\" decoding=\"async\" class=\"alignnone size-full wp-image-1334\" src=\"https:\/\/fmp-components.com\/wp-content\/uploads\/2024\/12\/Adjustable-Clevis-Type-Cylinders-4.webp\" alt=\"Cylindry typu wide\u0142kowego regulowanego\" width=\"800\" height=\"800\" title=\"\" srcset=\"https:\/\/fmp-components.com\/wp-content\/uploads\/2024\/12\/Adjustable-Clevis-Type-Cylinders-4.webp 800w, https:\/\/fmp-components.com\/wp-content\/uploads\/2024\/12\/Adjustable-Clevis-Type-Cylinders-4-480x480.webp 480w\" sizes=\"(min-width: 0px) and (max-width: 480px) 480px, (min-width: 481px) 800px, 100vw\" \/><\/p>\n<p>Jedn\u0105 z kluczowych cech tego si\u0142ownika hydraulicznego jest jego kompaktowy rozmiar. Niewielkie wymiary pozwalaj\u0105 na \u0142atw\u0105 instalacj\u0119 i integracj\u0119 z systemem przyczepy bez obni\u017cania jego wydajno\u015bci.<\/p>\n<p>Najnowszy, ma\u0142y, spawany si\u0142ownik hydrauliczny do przyczep jest niezwykle wszechstronny i mo\u017ce by\u0107 stosowany w r\u00f3\u017cnych przyczepach, w tym w przyczepach wywrotkach, przyczepach platformowych i przyczepach u\u017cytkowych. Zosta\u0142 zaprojektowany w celu zwi\u0119kszenia og\u00f3lnej funkcjonalno\u015bci i wydajno\u015bci przyczepy.<\/p>\n<p>Podsumowuj\u0105c, najnowszy, ma\u0142y spawany si\u0142ownik hydrauliczny z t\u0142okiem hydraulicznym do przyczep to produkt najwy\u017cszej klasy, oferuj\u0105cy wyj\u0105tkow\u0105 wydajno\u015b\u0107 i niezawodno\u015b\u0107. Jego zaawansowane funkcje i kompaktowa konstrukcja sprawiaj\u0105, \u017ce jest to doskona\u0142y wyb\u00f3r do ka\u017cdego zastosowania w przyczepach.<\/p>\n<table style=\"width: 100%;\" border=\"1\" width=\"100%\" cellspacing=\"0\" cellpadding=\"0\">\n<tbody>\n<tr>\n<th>Nazwa produktu<\/th>\n<td>Ma\u0142y spawany si\u0142ownik hydrauliczny do przyczep<\/td>\n<\/tr>\n<tr>\n<th>Gwarancja<\/th>\n<td>1 rok<\/td>\n<\/tr>\n<tr>\n<th>Zastosowane bran\u017ce<\/th>\n<td>Warsztaty naprawy maszyn, gospodarstwa rolne, energetyka i g\u00f3rnictwo, produkcja maszyn<\/td>\n<\/tr>\n<tr>\n<th>Waga (kg)<\/th>\n<td>85<\/td>\n<\/tr>\n<tr>\n<th>Maksymalny ci\u0105g<\/th>\n<td>3000<\/td>\n<\/tr>\n<tr>\n<th>Maksymalne poci\u0105gni\u0119cie<\/th>\n<td>20 ton<\/td>\n<\/tr>\n<tr>\n<th>Typ<\/th>\n<td>Regulowany cylinder typu wide\u0142kowego<\/td>\n<\/tr>\n<tr>\n<th>Porty<\/th>\n<td>G\/SAE\/NPT\/M<\/td>\n<\/tr>\n<tr>\n<th>Materia\u0142 korpusu<\/th>\n<td>Trwa\u0142a stal<\/td>\n<\/tr>\n<tr>\n<th>Kolor<\/th>\n<td>Elegancka czer\u0144<\/td>\n<\/tr>\n<tr>\n<th>Rozmiar otworu<\/th>\n<td>2 \u2013 6 cali<\/td>\n<\/tr>\n<tr>\n<th>Rozmiar pr\u0119ta<\/th>\n<td>1,125 \u2013 4 cale<\/td>\n<\/tr>\n<tr>\n<th>Rozmiar poci\u0105gni\u0119cia<\/th>\n<td>4 \u2013 100 cali<\/td>\n<\/tr>\n<tr>\n<th>Rozmiar szpilki<\/th>\n<td>0,5 \u2013 2 cale<\/td>\n<\/tr>\n<tr>\n<th>Kontrola wideo wychodz\u0105ca<\/th>\n<td>Pod warunkiem, \u017ce<\/td>\n<\/tr>\n<tr>\n<th>Raport z bada\u0144 maszyn<\/th>\n<td>Pod warunkiem, \u017ce<\/td>\n<\/tr>\n<tr>\n<th>Orzecznictwo<\/th>\n<td>ISO 9001:2000<\/td>\n<\/tr>\n<tr>\n<th>Struktura<\/th>\n<td>Standardowy cylinder t\u0142okowy<\/td>\n<\/tr>\n<tr>\n<th>Moc<\/th>\n<td>Hydrauliczny<\/td>\n<\/tr>\n<\/tbody>\n<\/table>\n<h2>Zalety regulowanych cylindr\u00f3w typu wide\u0142kowego<\/h2>\n<p>Cylindry hydrauliczne z regulowanym wide\u0142kiem to rodzaj cylindra hydraulicznego, kt\u00f3ry oferuje szereg zalet w por\u00f3wnaniu z innymi typami cylindr\u00f3w, takimi jak cylindry z dr\u0105\u017ckiem kierowniczym czy cylindry spawane. Te zalety sprawiaj\u0105, \u017ce s\u0105 one popularnym wyborem w wielu zastosowaniach, mi\u0119dzy innymi w budownictwie, rolnictwie i transporcie. W tym artykule om\u00f3wimy zalety cylindr\u00f3w hydraulicznych z regulowanym wide\u0142kiem i wyja\u015bnimy, dlaczego staj\u0105 si\u0119 one preferowanym wyborem dla wielu profesjonalist\u00f3w.<\/p>\n<h3>1. Najnowsza konstrukcja ma\u0142ego spawanego cylindra hydraulicznego<\/h3>\n<p>Jedn\u0105 z najwi\u0119kszych zalet regulowanych si\u0142ownik\u00f3w hydraulicznych z wide\u0142kami jest to, \u017ce stanowi\u0105 one najnowsz\u0105 konstrukcj\u0119 w\u015br\u00f3d ma\u0142ych spawanych si\u0142ownik\u00f3w hydraulicznych. Oznacza to, \u017ce s\u0105 one wytwarzane przy u\u017cyciu najnowocze\u015bniejszych technik produkcyjnych i materia\u0142\u00f3w, co przek\u0142ada si\u0119 na ich wi\u0119ksz\u0105 wytrzyma\u0142o\u015b\u0107 i niezawodno\u015b\u0107. Nowoczesne ma\u0142e spawane si\u0142owniki hydrauliczne s\u0105 r\u00f3wnie\u017c bardziej wydajne ni\u017c starsze konstrukcje, co pozwala im na lepsz\u0105 prac\u0119 i d\u0142u\u017csz\u0105 \u017cywotno\u015b\u0107 przy du\u017cym obci\u0105\u017ceniu.<\/p>\n<h3>2. Si\u0142ownik hydrauliczny t\u0142okowy do przyczepy<\/h3>\n<p>Kolejn\u0105 zalet\u0105 regulowanych cylindr\u00f3w wide\u0142kowych jest ich du\u017ca mo\u017cliwo\u015b\u0107 dostosowania do indywidualnych potrzeb, co czyni je idealnymi do wielu zastosowa\u0144. Na przyk\u0142ad, jednym z popularnych zastosowa\u0144 tych cylindr\u00f3w jest hydrauliczny si\u0142ownik t\u0142okowy do przyczep. Regulowany wide\u0142ek wide\u0142kowy na cylindrze umo\u017cliwia \u0142atwy monta\u017c i regulacj\u0119, u\u0142atwiaj\u0105c dopasowanie si\u0142ownika do specyficznych potrzeb przyczepy.<\/p>\n<h3>3. Zwi\u0119kszona trwa\u0142o\u015b\u0107<\/h3>\n<p>Regulowane cylindry wide\u0142kowe s\u0105 r\u00f3wnie\u017c niezwykle trwa\u0142e dzi\u0119ki solidnej konstrukcji i materia\u0142om. Wykonane s\u0105 z wysokiej jako\u015bci stali, zabezpieczonej przed korozj\u0105 i zu\u017cyciem, co gwarantuje ich wieloletni\u0105 \u017cywotno\u015b\u0107. Dodatkowo, regulowana konstrukcja cylindra zmniejsza ryzyko uszkodze\u0144 spowodowanych niewsp\u00f3\u0142osiowo\u015bci\u0105 lub nieprawid\u0142owym monta\u017cem.<\/p>\n<h3>4. P\u0142ynna praca<\/h3>\n<p>Kolejn\u0105 zalet\u0105 regulowanych si\u0142ownik\u00f3w hydraulicznych typu wide\u0142kowego jest ich p\u0142ynna praca przy minimalnym tarciu i oporze. Wynika to z ich zaawansowanej konstrukcji, kt\u00f3ra obejmuje takie cechy jak honowane rury, precyzyjna obr\u00f3bka i wysokiej jako\u015bci uszczelnienia. Rezultatem jest si\u0142ownik hydrauliczny, kt\u00f3ry dzia\u0142a p\u0142ynnie i wydajnie, bez szarpni\u0119\u0107 i zaci\u0119\u0107.<\/p>\n<h3>5. Wszechstronno\u015b\u0107<\/h3>\n<p>Wreszcie, jedn\u0105 z najwi\u0119kszych zalet regulowanych si\u0142ownik\u00f3w wide\u0142kowych jest ich wszechstronno\u015b\u0107. Nadaj\u0105 si\u0119 one do szerokiego zakresu zastosowa\u0144, od ci\u0119\u017ckich maszyn, przez sprz\u0119t rolniczy, po pojazdy transportowe. Ich regulowana konstrukcja pozwala na \u0142atwe dopasowanie do specyficznych potrzeb danego zastosowania, co czyni je wszechstronnym i elastycznym wyborem dla ka\u017cdego projektu.<\/p>\n<p>Podsumowuj\u0105c, cylindry z regulowanym wide\u0142kiem oferuj\u0105 szereg zalet w por\u00f3wnaniu z innymi typami cylindr\u00f3w, w tym zwi\u0119kszon\u0105 trwa\u0142o\u015b\u0107, p\u0142ynn\u0105 prac\u0119, wszechstronno\u015b\u0107 oraz najnowsz\u0105 konstrukcj\u0119 ma\u0142ych spawanych cylindr\u00f3w hydraulicznych. Ich regulowana konstrukcja i mo\u017cliwo\u015bci personalizacji sprawiaj\u0105, \u017ce s\u0105 idealnym wyborem do szerokiego zakresu zastosowa\u0144, a zaawansowane techniki produkcji i wysokiej jako\u015bci materia\u0142y gwarantuj\u0105 ich wieloletni\u0105 \u017cywotno\u015b\u0107. Niezale\u017cnie od tego, czy pracujesz w bran\u017cy budowlanej, rolniczej, czy transportowej, cylindry z regulowanym wide\u0142kiem to niezawodny i skuteczny wyb\u00f3r, kt\u00f3ry spe\u0142ni Twoje potrzeby w zakresie cylindr\u00f3w hydraulicznych.<img decoding=\"async\" src=\"https:\/\/fmp-components.com\/wp-content\/uploads\/2024\/12\/Adjustable-Clevis-Type-Cylinders5.webp\" alt=\"Regulowany cylinder typu wide\u0142kowego\" width=\"800\" title=\"\"><\/p>\n<h2>Zastosowanie regulowanych cylindr\u00f3w typu wide\u0142kowego<\/h2>\n<p>Najnowszy projekt ma\u0142ego spawanego cylindra hydraulicznego, si\u0142ownika hydraulicznego t\u0142okowego do przyczepy<\/p>\n<p>Regulowane si\u0142owniki wide\u0142kowe to wszechstronne urz\u0105dzenia hydrauliczne, kt\u00f3re znajduj\u0105 liczne zastosowania w r\u00f3\u017cnych ga\u0142\u0119ziach przemys\u0142u. Te innowacyjne si\u0142owniki hydrauliczne, takie jak najnowszy, ma\u0142y spawany si\u0142ownik hydrauliczny z t\u0142okiem hydraulicznym do przyczep, oferuj\u0105 wyj\u0105tkow\u0105 wydajno\u015b\u0107 i niezawodno\u015b\u0107. W tym artykule przyjrzymy si\u0119 r\u00f3\u017cnym zastosowaniom regulowanych si\u0142ownik\u00f3w wide\u0142kowych i szczeg\u00f3\u0142owo om\u00f3wimy ich funkcjonalno\u015b\u0107 i zalety.<\/p>\n<p><strong>1. Automatyka przemys\u0142owa:<\/strong><\/p>\n<p>Regulowane si\u0142owniki wide\u0142kowe odgrywaj\u0105 kluczow\u0105 rol\u0119 w systemach automatyki przemys\u0142owej. Si\u0142owniki te zapewniaj\u0105 precyzyjny ruch liniowy, co czyni je idealnymi do zastosowa\u0144 wymagaj\u0105cych precyzyjnego pozycjonowania i kontrolowanego ruchu. Dzi\u0119ki regulowanej konstrukcji wide\u0142kowej si\u0142owniki te oferuj\u0105 elastyczno\u015b\u0107 w zakresie opcji monta\u017cu, umo\u017cliwiaj\u0105c bezproblemow\u0105 integracj\u0119 z r\u00f3\u017cnymi procesami zautomatyzowanymi.<\/p>\n<p><strong>2. Sprz\u0119t do transportu materia\u0142\u00f3w:<\/strong><\/p>\n<p>Hydrauliczny si\u0142ownik t\u0142okowy do przyczep jest szeroko stosowany w urz\u0105dzeniach do transportu materia\u0142\u00f3w, takich jak w\u00f3zki wid\u0142owe, d\u017awigi i \u0142adowarki. Si\u0142owniki te zapewniaj\u0105 niezb\u0119dn\u0105 si\u0142\u0119 i stabilno\u015b\u0107, umo\u017cliwiaj\u0105c \u0142atwe podnoszenie i przemieszczanie ci\u0119\u017ckich \u0142adunk\u00f3w. Regulowany wide\u0142ek umo\u017cliwia \u0142atwy monta\u017c i regulacj\u0119, gwarantuj\u0105c optymaln\u0105 wydajno\u015b\u0107 i bezpiecze\u0144stwo podczas transportu materia\u0142\u00f3w.<\/p>\n<p><strong>3. Maszyny budowlane:<\/strong><\/p>\n<p>Maszyny budowlane w du\u017cym stopniu wykorzystuj\u0105 regulowane si\u0142owniki wide\u0142kowe do wykonywania szerokiego zakresu zada\u0144. Od koparek po spychacze, si\u0142owniki te stanowi\u0105 niezb\u0119dne komponenty umo\u017cliwiaj\u0105ce precyzyjn\u0105 kontrol\u0119 i wydajn\u0105 prac\u0119. Najnowszy, ma\u0142y, spawany si\u0142ownik hydrauliczny oferuje zwi\u0119kszon\u0105 wytrzyma\u0142o\u015b\u0107 i trwa\u0142o\u015b\u0107, dzi\u0119ki czemu jest w stanie sprosta\u0107 trudom panuj\u0105cym w trudnych warunkach budowlanych.<\/p>\n<p><strong>4. Sprz\u0119t rolniczy:<\/strong><\/p>\n<p>W sektorze rolniczym, regulowane si\u0142owniki wide\u0142kowe s\u0105 powszechnie stosowane w r\u00f3\u017cnych maszynach rolniczych. Si\u0142owniki te zapewniaj\u0105 niezb\u0119dn\u0105 moc do takich zada\u0144 jak orka, siew i zbi\u00f3r. Hydrauliczny si\u0142ownik t\u0142okowy do przyczep, dzi\u0119ki swojej kompaktowej konstrukcji i wysokiej wydajno\u015bci, zwi\u0119ksza wydajno\u015b\u0107 i produktywno\u015b\u0107 maszyn rolniczych.<\/p>\n<p><strong>5. Aplikacje mobilne:<\/strong><\/p>\n<p>Regulowane si\u0142owniki wide\u0142kowe znajduj\u0105 r\u00f3wnie\u017c zastosowanie w sprz\u0119cie mobilnym, takim jak ci\u0119\u017car\u00f3wki, przyczepy i d\u017awigi samojezdne. Si\u0142owniki te zapewniaj\u0105 p\u0142ynny i kontrolowany ruch r\u00f3\u017cnych cz\u0119\u015bci, takich jak mechanizmy podnosz\u0105ce i uk\u0142ady kierownicze. Najnowszy, ma\u0142y, spawany si\u0142ownik hydrauliczny, charakteryzuj\u0105cy si\u0119 zaawansowanymi funkcjami i niezawodn\u0105 prac\u0105, jest preferowanym wyborem w zastosowaniach mobilnych, gdzie ograniczenia przestrzenne i wagowe maj\u0105 kluczowe znaczenie.<\/p>\n<p>Podsumowuj\u0105c, zastosowanie regulowanych si\u0142ownik\u00f3w wide\u0142kowych, w tym najnowszej konstrukcji ma\u0142ych spawanych si\u0142ownik\u00f3w hydraulicznych i si\u0142ownik\u00f3w t\u0142okowych do przyczep, znajduje zastosowanie w r\u00f3\u017cnych bran\u017cach. Ich wszechstronno\u015b\u0107, precyzyjne sterowanie ruchem i wytrzyma\u0142o\u015b\u0107 sprawiaj\u0105, \u017ce s\u0105 one niezb\u0119dnymi elementami w automatyce przemys\u0142owej, transporcie materia\u0142\u00f3w, maszynach budowlanych, sprz\u0119cie rolniczym i zastosowaniach mobilnych. Dzi\u0119ki zastosowaniu zaawansowanych funkcji i zgodno\u015bci z profesjonalnymi standardami, si\u0142owniki te nieustannie rewolucjonizuj\u0105 uk\u0142ady hydrauliczne i przyczyniaj\u0105 si\u0119 do wzrostu wydajno\u015bci operacyjnej w r\u00f3\u017cnych sektorach.<\/p>\n<p><img decoding=\"async\" src=\"https:\/\/fmp-components.com\/wp-content\/uploads\/2024\/12\/Application-of-Adjustable-Clevis-Type-Cylinders.webp\" alt=\"Regulowany cylinder typu wide\u0142kowego\" width=\"800\" title=\"\"><\/p>\n<h3>O FMP<\/h3>\n<p>FMP to firma specjalizuj\u0105ca si\u0119 w produkcji i sprzeda\u017cy cylindr\u00f3w hydraulicznych. Maj\u0105c siedzib\u0119 we W\u0142oszech, mamy wieloletnie do\u015bwiadczenie w bran\u017cy maszyn budowlanych i profesjonalny zesp\u00f3\u0142 oddany dostarczaniu wysokiej jako\u015bci i niezawodnych produkt\u00f3w i us\u0142ug.<\/p>\n<p><img decoding=\"async\" src=\"https:\/\/fmp-components.com\/wp-content\/uploads\/2024\/12\/Adjustable-Clevis-Type-Cylinders-6.webp\" alt=\"Regulowany cylinder typu wide\u0142kowego\" width=\"818\" title=\"\"><\/p>\n<p>Oto pi\u0119\u0107 powod\u00f3w, dla kt\u00f3rych powiniene\u015b wybra\u0107 firm\u0119 FMP w zakresie cylindr\u00f3w hydraulicznych:<\/p>\n<ol>\n<li>Szeroka gama produkt\u00f3w: Oferujemy kompleksow\u0105 gam\u0119 cylindr\u00f3w hydraulicznych, w tym regulowane cylindry typu wide\u0142kowego, cylindry z dr\u0105\u017ckiem kierowniczym, cylindry spawane i wiele innych. Bez wzgl\u0119du na Twoje szczeg\u00f3lne wymagania, mamy odpowiedni cylinder dla Ciebie.<\/li>\n<li>Wyj\u0105tkowa jako\u015b\u0107: Wszystkie nasze cylindry hydrauliczne s\u0105 produkowane przy u\u017cyciu materia\u0142\u00f3w najwy\u017cszej jako\u015bci i najnowocze\u015bniejszej technologii. Przestrzegamy \u015bcis\u0142ych standard\u00f3w jako\u015bci, aby zapewni\u0107, \u017ce nasze produkty spe\u0142niaj\u0105 lub przekraczaj\u0105 oczekiwania klient\u00f3w.<\/li>\n<li>Niezawodna wydajno\u015b\u0107: Nasze cylindry hydrauliczne s\u0105 zaprojektowane tak, aby zapewnia\u0107 niezawodn\u0105 i sta\u0142\u0105 wydajno\u015b\u0107 nawet w wymagaj\u0105cych warunkach. S\u0105 zbudowane tak, aby wytrzyma\u0107 du\u017ce obci\u0105\u017cenia i zapewni\u0107 p\u0142ynn\u0105 i wydajn\u0105 prac\u0119.<\/li>\n<li>Konsultacje ekspert\u00f3w: Nasz do\u015bwiadczony zesp\u00f3\u0142 sprzeda\u017cy jest dobrze zorientowany w bran\u017cy maszyn budowlanych. Posiada wiedz\u0119 na temat najnowszych trend\u00f3w i potrzeb klient\u00f3w oraz mo\u017ce zapewni\u0107 profesjonalne konsultacje produktowe, aby pom\u00f3c Ci dokona\u0107 w\u0142a\u015bciwego wyboru dla Twoich projekt\u00f3w.<\/li>\n<li>Efektywna dostawa: Rozumiemy znaczenie terminowej dostawy. Dzi\u0119ki naszemu wydajnemu systemowi dystrybucji logistycznej zapewniamy, \u017ce wymagane cylindry hydrauliczne zostan\u0105 dostarczone do Ciebie terminowo i dok\u0142adnie, minimalizuj\u0105c przestoje i utrzymuj\u0105c Twoje projekty na w\u0142a\u015bciwej drodze.<\/li>\n<\/ol>\n<p>Wsp\u00f3\u0142pracuj z FMP w zakresie potrzeb zwi\u0105zanych z si\u0142ownikami hydraulicznymi i poczuj r\u00f3\u017cnic\u0119. Skontaktuj si\u0119 z nami ju\u017c dzi\u015b, aby om\u00f3wi\u0107 swoje wymagania i znale\u017a\u0107 idealne rozwi\u0105zanie dla swoich maszyn budowlanych.<\/p>\n<h2>Cz\u0119sto zadawane pytania<\/h2>\n<p><strong>P: Jakie bran\u017ce mog\u0105 skorzysta\u0107 z najnowszego projektu ma\u0142ego spawanego cylindra hydraulicznego t\u0142okowego do przyczep?<\/strong><br \/>\nA: Nasz hydrauliczny si\u0142ownik t\u0142okowy jest wszechstronny i mo\u017ce by\u0107 stosowany w wielu ga\u0142\u0119ziach przemys\u0142u, w tym w warsztatach naprawczych maszyn, gospodarstwach rolnych, energetyce i g\u00f3rnictwie oraz produkcji maszyn.<\/p>\n<p><strong>P: Jaka jest maksymalna si\u0142a ci\u0105gu i ci\u0105g cylindra?<\/strong><br \/>\nA: Si\u0142ownik zapewnia maksymaln\u0105 si\u0142\u0119 ci\u0105gu 3000 i maksymaln\u0105 si\u0142\u0119 uci\u0105gu 20 ton, co sprawia, \u017ce \u200b\u200bnadaje si\u0119 do ci\u0119\u017ckich prac.<\/p>\n<p><strong>P: Czy mog\u0119 otrzyma\u0107 wsparcie techniczne dotycz\u0105ce instalacji i konserwacji cylindra?<\/strong><br \/>\nO: Tak, zapewniamy kompleksowe wsparcie produktu, obejmuj\u0105ce wskaz\u00f3wki dotycz\u0105ce procedur instalacyjnych, wskaz\u00f3wki dotycz\u0105ce konserwacji i najlepsze praktyki, aby zagwarantowa\u0107 d\u0142ugowieczno\u015b\u0107 i optymaln\u0105 wydajno\u015b\u0107 naszych cylindr\u00f3w.<\/p>\n<p><img decoding=\"async\" src=\"https:\/\/img.jiansujichilun.com\/img\/hydrauliccylinders\/C_hydrauliccylinders-5.webp\" alt=\"si\u0142ownik hydrauliczny\" width=\"800\" title=\"\"><\/p>\n<p>Autor: CX<\/p>","protected":false},"excerpt":{"rendered":"<p>The Latest Design Small Welded Hydraulic Cylinder Hydraulic Piston Cylinder For Trailer: The Latest Design Small Welded Hydraulic Cylinder Hydraulic Piston Cylinder For Trailer is a high-quality hydraulic cylinder designed specifically for trailers. With its innovative design, this hydraulic cylinder offers superior performance and reliability. This hydraulic cylinder is constructed using advanced welding techniques, ensuring [&hellip;]<\/p>","protected":false},"featured_media":1336,"comment_status":"closed","ping_status":"closed","template":"","meta":{"_et_pb_use_builder":"","_et_pb_old_content":"","_et_gb_content_width":""},"product_brand":[],"product_cat":[39],"product_tag":[41,34],"class_list":{"0":"post-1356","1":"product","2":"type-product","3":"status-publish","4":"has-post-thumbnail","6":"product_cat-adjustable-clevis-type-cylinders","7":"product_tag-adjustable-clevis-type-cylinders","8":"product_tag-hydraulic-cylinder","10":"first","11":"instock","12":"product-type-simple"},"_links":{"self":[{"href":"https:\/\/fmp-components.com\/pl\/wp-json\/wp\/v2\/product\/1356","targetHints":{"allow":["GET"]}}],"collection":[{"href":"https:\/\/fmp-components.com\/pl\/wp-json\/wp\/v2\/product"}],"about":[{"href":"https:\/\/fmp-components.com\/pl\/wp-json\/wp\/v2\/types\/product"}],"replies":[{"embeddable":true,"href":"https:\/\/fmp-components.com\/pl\/wp-json\/wp\/v2\/comments?post=1356"}],"wp:featuredmedia":[{"embeddable":true,"href":"https:\/\/fmp-components.com\/pl\/wp-json\/wp\/v2\/media\/1336"}],"wp:attachment":[{"href":"https:\/\/fmp-components.com\/pl\/wp-json\/wp\/v2\/media?parent=1356"}],"wp:term":[{"taxonomy":"product_brand","embeddable":true,"href":"https:\/\/fmp-components.com\/pl\/wp-json\/wp\/v2\/product_brand?post=1356"},{"taxonomy":"product_cat","embeddable":true,"href":"https:\/\/fmp-components.com\/pl\/wp-json\/wp\/v2\/product_cat?post=1356"},{"taxonomy":"product_tag","embeddable":true,"href":"https:\/\/fmp-components.com\/pl\/wp-json\/wp\/v2\/product_tag?post=1356"}],"curies":[{"name":"wp","href":"https:\/\/api.w.org\/{rel}","templated":true}]}}