{"id":1355,"date":"2024-12-23T02:18:07","date_gmt":"2024-12-23T02:18:07","guid":{"rendered":"https:\/\/fmp-components.com\/product\/factory-direct-sale-hydraulic-cylinder-small-trailer-hydraulic-cylinder-for-sale\/"},"modified":"2024-12-23T03:39:26","modified_gmt":"2024-12-23T03:39:26","slug":"factory-direct-sale-hydraulic-cylinder-small-trailer-hydraulic-cylinder-for-sale","status":"publish","type":"product","link":"https:\/\/fmp-components.com\/pl\/product\/factory-direct-sale-hydraulic-cylinder-small-trailer-hydraulic-cylinder-for-sale\/","title":{"rendered":"Si\u0142ownik hydrauliczny do ma\u0142ej przyczepy, sprzeda\u017c bezpo\u015brednia z fabryki"},"content":{"rendered":"<p>Si\u0142ownik hydrauliczny sprzedawany bezpo\u015brednio w fabryce to wysokiej jako\u015bci si\u0142ownik hydrauliczny zaprojektowany specjalnie do ma\u0142ych przyczep. Dzi\u0119ki trwa\u0142ej konstrukcji i niezawodnej pracy, ten si\u0142ownik hydrauliczny doskonale nadaje si\u0119 do r\u00f3\u017cnorodnych zastosowa\u0144 w przemy\u015ble i handlu.<\/p>\n<p>Jedn\u0105 z kluczowych cech tego si\u0142ownika hydraulicznego jest jego imponuj\u0105cy ud\u017awig. Jest on w stanie wygenerowa\u0107 znaczn\u0105 si\u0142\u0119, co pozwala mu z \u0142atwo\u015bci\u0105 podnosi\u0107 i przenosi\u0107 ci\u0119\u017ckie \u0142adunki. Niezale\u017cnie od tego, czy potrzebujesz podnosi\u0107 materia\u0142y budowlane, sprz\u0119t przemys\u0142owy, czy maszyny rolnicze, ten si\u0142ownik hydrauliczny poradzi sobie z tym zadaniem wydajnie.<\/p>\n<p>Kolejn\u0105 godn\u0105 uwagi cech\u0105 tego si\u0142ownika hydraulicznego s\u0105 jego kompaktowe rozmiary. Pomimo niewielkich rozmiar\u00f3w, zapewnia on wyj\u0105tkow\u0105 moc i wydajno\u015b\u0107. To sprawia, \u017ce \u200b\u200bjest to idealny wyb\u00f3r do zastosowa\u0144, w kt\u00f3rych przestrze\u0144 jest ograniczona, a zapotrzebowanie na niezawodne zasilanie hydrauliczne jest kluczowe.<\/p>\n<p><img loading=\"lazy\" decoding=\"async\" class=\"alignnone size-full wp-image-1334\" src=\"https:\/\/fmp-components.com\/wp-content\/uploads\/2024\/12\/Adjustable-Clevis-Type-Cylinders-4.webp\" alt=\"Cylindry typu wide\u0142kowego regulowanego\" width=\"800\" height=\"800\" title=\"\" srcset=\"https:\/\/fmp-components.com\/wp-content\/uploads\/2024\/12\/Adjustable-Clevis-Type-Cylinders-4.webp 800w, https:\/\/fmp-components.com\/wp-content\/uploads\/2024\/12\/Adjustable-Clevis-Type-Cylinders-4-480x480.webp 480w\" sizes=\"(min-width: 0px) and (max-width: 480px) 480px, (min-width: 481px) 800px, 100vw\" \/><\/p>\n<p>Si\u0142ownik hydrauliczny sprzedawany bezpo\u015brednio w fabryce zosta\u0142 zaprojektowany z my\u015bl\u0105 o p\u0142ynnych i precyzyjnych ruchach. Wykorzystuje zaawansowan\u0105 technologi\u0119 hydrauliczn\u0105, gwarantuj\u0105c\u0105 najwy\u017csz\u0105 precyzj\u0119 podnoszenia i opuszczania. To nie tylko zwi\u0119ksza wydajno\u015b\u0107, ale tak\u017ce zmniejsza ryzyko wypadk\u00f3w i uszkodze\u0144 przenoszonego \u0142adunku lub sprz\u0119tu.<\/p>\n<p>Co wi\u0119cej, ten si\u0142ownik hydrauliczny zosta\u0142 zaprojektowany z my\u015bl\u0105 o trwa\u0142o\u015bci i d\u0142ugowieczno\u015bci. Wykonany jest z wysokiej jako\u015bci materia\u0142\u00f3w, kt\u00f3re wytrzymuj\u0105 intensywne u\u017cytkowanie i trudne warunki \u015brodowiskowe. Dzi\u0119ki temu si\u0142ownik pozostaje niezawodny i funkcjonalny przez d\u0142ugi czas, minimalizuj\u0105c koszty konserwacji i wymiany.<\/p>\n<p>Podsumowuj\u0105c, si\u0142ownik hydrauliczny Factory Direct Sale to najwy\u017cszej jako\u015bci si\u0142ownik hydrauliczny, kt\u00f3ry oferuje doskona\u0142y ud\u017awig, kompaktowe rozmiary, p\u0142ynne ruchy i trwa\u0142o\u015b\u0107. Niezale\u017cnie od tego, czy dzia\u0142asz w sektorze budowlanym, przemys\u0142owym czy rolniczym, ten si\u0142ownik hydrauliczny to niezawodny wyb\u00f3r, kt\u00f3ry skutecznie zaspokoi Twoje potrzeby w zakresie mocy hydraulicznej.<\/p>\n<table style=\"width: 100%;\" border=\"1\" width=\"100%\" cellspacing=\"0\" cellpadding=\"0\">\n<tbody>\n<tr>\n<th>Stan<\/th>\n<td>Nowy<\/td>\n<\/tr>\n<tr>\n<th>Gwarancja<\/th>\n<td>1 rok<\/td>\n<\/tr>\n<tr>\n<th>Zastosowane bran\u017ce<\/th>\n<td>Warsztaty naprawy maszyn, gospodarstwa rolne, energetyka i g\u00f3rnictwo, produkcja maszyn, fabryki maszyn<\/td>\n<\/tr>\n<tr>\n<th>Waga (kg)<\/th>\n<td>85<\/td>\n<\/tr>\n<tr>\n<th>Kontrola wideo wychodz\u0105ca<\/th>\n<td>Pod warunkiem, \u017ce<\/td>\n<\/tr>\n<tr>\n<th>Raport z bada\u0144 maszyn<\/th>\n<td>Pod warunkiem, \u017ce<\/td>\n<\/tr>\n<tr>\n<th>Typ marketingu<\/th>\n<td>Nowy produkt 2023<\/td>\n<\/tr>\n<tr>\n<th>Gwarancja na g\u0142\u00f3wne komponenty<\/th>\n<td>1 rok<\/td>\n<\/tr>\n<tr>\n<th>G\u0142\u00f3wne komponenty<\/th>\n<td>\u0141o\u017cysko, si\u0142ownik hydrauliczny<\/td>\n<\/tr>\n<tr>\n<th>Standardowe czy niestandardowe<\/th>\n<td>Standard<\/td>\n<\/tr>\n<tr>\n<th>Struktura<\/th>\n<td>T\u0142ok cylindra<\/td>\n<\/tr>\n<tr>\n<th>Moc<\/th>\n<td>Hydrauliczny<\/td>\n<\/tr>\n<tr>\n<th>Materia\u0142 korpusu<\/th>\n<td>Stal<\/td>\n<\/tr>\n<tr>\n<th>Maksymalny ci\u0105g<\/th>\n<td>3000<\/td>\n<\/tr>\n<tr>\n<th>Typ<\/th>\n<td>Cylindry z regulowanym wide\u0142kiem<\/td>\n<\/tr>\n<tr>\n<th>Porty<\/th>\n<td>G\/SAE\/NPT\/M<\/td>\n<\/tr>\n<tr>\n<th>Maksymalne poci\u0105gni\u0119cie<\/th>\n<td>20 ton<\/td>\n<\/tr>\n<tr>\n<th>Orzecznictwo<\/th>\n<td>ISO 9001:2000<\/td>\n<\/tr>\n<tr>\n<th>Rozmiar otworu<\/th>\n<td>2 \u2013 6 cali<\/td>\n<\/tr>\n<tr>\n<th>Rozmiar pr\u0119ta<\/th>\n<td>1,125 \u2013 4 cale<\/td>\n<\/tr>\n<tr>\n<th>Rozmiar poci\u0105gni\u0119cia<\/th>\n<td>4 \u2013 100 cali<\/td>\n<\/tr>\n<tr>\n<th>Rozmiar szpilki<\/th>\n<td>0,5 \u2013 2 cale<\/td>\n<\/tr>\n<tr>\n<th>Kolor<\/th>\n<td>Czarny<\/td>\n<\/tr>\n<tr>\n<th>Szczeg\u00f3\u0142y opakowania<\/th>\n<td>Skrzynia \u017celazna, skrzynia ze sklejki lub pude\u0142ko kartonowe<\/td>\n<\/tr>\n<\/tbody>\n<\/table>\n<p>&nbsp;<\/p>\n<h2>Zalety regulowanych cylindr\u00f3w typu wide\u0142kowego<\/h2>\n<p>Regulowane cylindry wide\u0142kowe s\u0105 szeroko stosowane w r\u00f3\u017cnych ga\u0142\u0119ziach przemys\u0142u ze wzgl\u0119du na swoj\u0105 elastyczno\u015b\u0107 i trwa\u0142o\u015b\u0107. Cylindry te maj\u0105 szereg zalet w por\u00f3wnaniu z innymi typami cylindr\u00f3w. W tym artykule om\u00f3wimy zalety regulowanych cylindr\u00f3w wide\u0142kowych i wyja\u015bnimy, dlaczego s\u0105 one popularnym wyborem w wielu zastosowaniach.<\/p>\n<h3>1. Wszechstronno\u015b\u0107<\/h3>\n<p>Jedn\u0105 z kluczowych zalet regulowanych si\u0142ownik\u00f3w wide\u0142kowych jest ich wszechstronno\u015b\u0107. Si\u0142owniki te mog\u0105 by\u0107 stosowane w wielu zastosowaniach, od ma\u0142ych si\u0142ownik\u00f3w hydraulicznych przyczep po du\u017ce maszyny przemys\u0142owe. Nadaj\u0105 si\u0119 do pracy w szerokim zakresie warunk\u00f3w, w tym w wysokich temperaturach i ekstremalnych ci\u015bnieniach.<\/p>\n<h3>2. Mo\u017cliwo\u015b\u0107 dostosowania<\/h3>\n<p>Kolejn\u0105 zalet\u0105 regulowanych si\u0142ownik\u00f3w wide\u0142kowych jest ich mo\u017cliwo\u015b\u0107 personalizacji. Si\u0142owniki te mo\u017cna dostosowa\u0107 do specyficznych potrzeb r\u00f3\u017cnych zastosowa\u0144. Producenci oferuj\u0105 szeroki wachlarz opcji, obejmuj\u0105cy r\u00f3\u017cne \u015brednice cylindr\u00f3w, d\u0142ugo\u015bci skoku i style monta\u017cu. Pozwala to u\u017cytkownikom na wyb\u00f3r idealnego si\u0142ownika do ich zastosowa\u0144.<\/p>\n<h3>3. Trwa\u0142o\u015b\u0107<\/h3>\n<p>Regulowane si\u0142owniki wide\u0142kowe znane s\u0105 ze swojej trwa\u0142o\u015bci. Zaprojektowano je tak, aby wytrzymywa\u0142y trudne warunki pracy, w tym wysokie temperatury, ekstremalne ci\u015bnienie i du\u017ce obci\u0105\u017cenia. Si\u0142owniki te wykonane s\u0105 z wysokiej jako\u015bci materia\u0142\u00f3w, takich jak stal, odpornych na zu\u017cycie. Dzi\u0119ki temu charakteryzuj\u0105 si\u0119 d\u0142ug\u0105 \u017cywotno\u015bci\u0105 i minimaln\u0105 konserwacj\u0105.<\/p>\n<h3>4. Efektywna praca<\/h3>\n<p>Regulowane si\u0142owniki wide\u0142kowe s\u0105 r\u00f3wnie\u017c znane ze swojej wydajno\u015bci. Si\u0142owniki te zosta\u0142y zaprojektowane z my\u015bl\u0105 o p\u0142ynnej i precyzyjnej pracy. Wyposa\u017cone s\u0105 w zaawansowane funkcje, takie jak regulowana amortyzacja, kt\u00f3re umo\u017cliwiaj\u0105 precyzyjn\u0105 kontrol\u0119 ruchu si\u0142ownika. Efektem jest zwi\u0119kszona wydajno\u015b\u0107 i mniejsze zu\u017cycie energii.<\/p>\n<h3>5. Oszcz\u0119dny<\/h3>\n<p>Wreszcie, regulowane si\u0142owniki wide\u0142kowe s\u0105 ekonomiczne. S\u0105 dost\u0119pne w cenach sprzeda\u017cy bezpo\u015bredniej u producenta, co czyni je przyst\u0119pnym cenowo wyborem dla wielu zastosowa\u0144. Dodatkowo, ich d\u0142uga \u017cywotno\u015b\u0107 i niskie wymagania konserwacyjne sprawiaj\u0105, \u017ce stanowi\u0105 op\u0142acaln\u0105 inwestycj\u0119 w d\u0142u\u017cszej perspektywie.<\/p>\n<p>Podsumowuj\u0105c, regulowane si\u0142owniki wide\u0142kowe to wszechstronny, konfigurowalny, trwa\u0142y, wydajny i ekonomiczny wyb\u00f3r do wielu zastosowa\u0144. Niezale\u017cnie od tego, czy potrzebujesz ma\u0142ego si\u0142ownika hydraulicznego do przyczep, czy du\u017cego si\u0142ownika do maszyn przemys\u0142owych, regulowane si\u0142owniki wide\u0142kowe to niezawodne i skuteczne rozwi\u0105zanie.<img decoding=\"async\" src=\"https:\/\/fmp-components.com\/wp-content\/uploads\/2024\/12\/Adjustable-Clevis-Type-Cylinders5.webp\" alt=\"Regulowany cylinder typu wide\u0142kowego\" width=\"800\" title=\"\"><\/p>\n<h2>Zastosowanie regulowanych cylindr\u00f3w typu wide\u0142kowego<\/h2>\n<p>Regulowane si\u0142owniki wide\u0142kowe, takie jak si\u0142ownik hydrauliczny Factory Direct Sale i si\u0142ownik hydrauliczny do ma\u0142ych przyczep, to wszechstronne urz\u0105dzenia hydrauliczne, kt\u00f3re znajduj\u0105 zastosowanie w r\u00f3\u017cnych bran\u017cach. Te specjalnie zaprojektowane si\u0142owniki oferuj\u0105 unikalne cechy i zalety, dzi\u0119ki kt\u00f3rym idealnie nadaj\u0105 si\u0119 do konkretnych zada\u0144. Przyjrzyjmy si\u0119 bli\u017cej kluczowym zastosowaniom regulowanych si\u0142ownik\u00f3w wide\u0142kowych:<\/p>\n<h3>1. Automatyka przemys\u0142owa<\/h3>\n<p>W procesach automatyki przemys\u0142owej, regulowane si\u0142owniki wide\u0142kowe odgrywaj\u0105 kluczow\u0105 rol\u0119 w zapewnianiu precyzyjnego i kontrolowanego ruchu liniowego. Si\u0142owniki te s\u0105 powszechnie stosowane w systemach robotycznych, liniach monta\u017cowych i urz\u0105dzeniach do transportu materia\u0142\u00f3w. Unikalna konstrukcja regulowanego si\u0142ownika wide\u0142kowego pozwala na \u0142atw\u0105 instalacj\u0119 i regulacj\u0119, u\u0142atwiaj\u0105c integracj\u0119 z systemami zautomatyzowanymi.<\/p>\n<p>Na przyk\u0142ad, w zrobotyzowanym spawaniu, regulowany si\u0142ownik z wide\u0142kami zapewnia precyzyjne pozycjonowanie narz\u0119dzia spawalniczego, umo\u017cliwiaj\u0105c precyzyjne i powtarzalne spoiny. Mo\u017cliwo\u015b\u0107 regulacji po\u0142o\u017cenia wide\u0142ek przez si\u0142ownik zapewnia elastyczno\u015b\u0107 w dostosowywaniu si\u0119 do r\u00f3\u017cnych wymiar\u00f3w i kszta\u0142t\u00f3w element\u00f3w spawanych.<\/p>\n<h3>2. Budownictwo i maszyny ci\u0119\u017ckie<\/h3>\n<p>Regulowane si\u0142owniki wide\u0142kowe s\u0105 szeroko stosowane w budownictwie i przemy\u015ble ci\u0119\u017ckiego sprz\u0119tu, gdzie przyczyniaj\u0105 si\u0119 do wydajnej pracy sprz\u0119tu. Si\u0142owniki te s\u0105 cz\u0119sto stosowane w koparkach, \u0142adowarkach i spychaczach do sterowania ruchami wysi\u0119gnika, przechylaniem \u0142y\u017cki i innymi zastosowaniami wymagaj\u0105cymi silnego i precyzyjnego ruchu liniowego.<\/p>\n<p>Na przyk\u0142ad w koparce hydraulicznej regulowany si\u0142ownik wide\u0142kowy s\u0142u\u017cy do sterowania wysuwaniem i chowaniem ramienia, a tak\u017ce otwieraniem i zamykaniem \u0142y\u017cki. Mo\u017cliwo\u015b\u0107 regulacji d\u0142ugo\u015bci wide\u0142 za pomoc\u0105 si\u0142ownika pozwala na precyzyjne dostrojenie g\u0142\u0119boko\u015bci kopania i optymalizacj\u0119 wydajno\u015bci maszyny.<\/p>\n<h3>3. Maszyny rolnicze<\/h3>\n<p>Sektor rolniczy korzysta z regulowanych si\u0142ownik\u00f3w wide\u0142kowych w r\u00f3\u017cnych zastosowaniach rolniczych. Si\u0142owniki te s\u0105 powszechnie stosowane w maszynach rolniczych, takich jak ci\u0105gniki, p\u0142ugi i kombajny, gdzie s\u0142u\u017c\u0105 do takich zada\u0144, jak regulacja wysoko\u015bci narz\u0119dzia, regulacja g\u0142\u0119boko\u015bci uprawy czy otwieranie i zamykanie zbiornik\u00f3w na nasiona.<\/p>\n<p>Na przyk\u0142ad w siewniku do nasion regulowany si\u0142ownik z wide\u0142kami s\u0142u\u017cy do kontrolowania g\u0142\u0119boko\u015bci siewu nasion. Pozwala to rolnikom dostosowa\u0107 g\u0142\u0119boko\u015b\u0107 siewu do warunk\u00f3w glebowych, optymalizuj\u0105c kie\u0142kowanie nasion i plony.<\/p>\n<h3>4. Sprz\u0119t mobilny<\/h3>\n<p>Regulowane si\u0142owniki wide\u0142kowe s\u0105 r\u00f3wnie\u017c stosowane w sprz\u0119cie mobilnym, takim jak przyczepy, wywrotki i podno\u015bniki platformowe. Si\u0142owniki te zapewniaj\u0105 niezawodne i precyzyjne podnoszenie, przechylanie i wysuwanie, zwi\u0119kszaj\u0105c og\u00f3ln\u0105 funkcjonalno\u015b\u0107 i bezpiecze\u0144stwo sprz\u0119tu.<\/p>\n<p>Na przyk\u0142ad, w uk\u0142adzie hydraulicznym ma\u0142ej przyczepy, regulowany si\u0142ownik wide\u0142kowy s\u0142u\u017cy do sterowania podnoszeniem i opuszczaniem skrzyni \u0142adunkowej. Pozwala to na sprawny za\u0142adunek i roz\u0142adunek \u0142adunku, zapewniaj\u0105c u\u017cytkownikom wygod\u0119 i oszcz\u0119dno\u015b\u0107 czasu.<\/p>\n<p>Podsumowuj\u0105c, regulowane si\u0142owniki wide\u0142kowe, takie jak si\u0142ownik hydrauliczny Factory Direct Sale i si\u0142ownik hydrauliczny do ma\u0142ych przyczep, znajduj\u0105 szerokie zastosowanie w r\u00f3\u017cnych bran\u017cach. Ich zdolno\u015b\u0107 do zapewnienia precyzyjnego i kontrolowanego ruchu liniowego, w po\u0142\u0105czeniu z wygod\u0105 regulacji, czyni je nieocenionymi w automatyce przemys\u0142owej, budownictwie, rolnictwie i sprz\u0119cie mobilnym. Dzi\u0119ki swojej doskona\u0142ej wydajno\u015bci i wszechstronno\u015bci, si\u0142owniki te przyczyniaj\u0105 si\u0119 do wydajno\u015bci, niezawodno\u015bci i bezpiecze\u0144stwa wielu proces\u00f3w i operacji.<\/p>\n<p><img decoding=\"async\" src=\"https:\/\/fmp-components.com\/wp-content\/uploads\/2024\/12\/Application-of-Adjustable-Clevis-Type-Cylinders.webp\" alt=\"Regulowany cylinder typu wide\u0142kowego\" width=\"800\" title=\"\"><\/p>\n<h3>O FMP<\/h3>\n<p>FMP to firma specjalizuj\u0105ca si\u0119 w produkcji i sprzeda\u017cy cylindr\u00f3w hydraulicznych. Z siedzib\u0105 we W\u0142oszech, oferujemy wysokiej jako\u015bci i niezawodne cylindry hydrauliczne, bazuj\u0105c na naszym wieloletnim do\u015bwiadczeniu w bran\u017cy i profesjonalnym zespole.<\/p>\n<p><img decoding=\"async\" src=\"https:\/\/fmp-components.com\/wp-content\/uploads\/2024\/12\/Adjustable-Clevis-Type-Cylinders-6.webp\" alt=\"Regulowany cylinder typu wide\u0142kowego\" width=\"817\" title=\"\"><\/p>\n<ol>\n<li>Szeroka gama produkt\u00f3w: Oferujemy szerok\u0105 gam\u0119 si\u0142ownik\u00f3w hydraulicznych przeznaczonych do r\u00f3\u017cnych zastosowa\u0144 w przemy\u015ble maszyn budowlanych.<\/li>\n<li>Najwy\u017csza jako\u015b\u0107: Wszystkie nasze cylindry hydrauliczne s\u0105 produkowane z materia\u0142\u00f3w najwy\u017cszej jako\u015bci i przechodz\u0105 rygorystyczne kontrole jako\u015bci, aby zagwarantowa\u0107 ich trwa\u0142o\u015b\u0107 i wydajno\u015b\u0107.<\/li>\n<li>Opcje dostosowywania: Oferujemy us\u0142ugi dostosowywania, aby spe\u0142ni\u0107 szczeg\u00f3lne wymagania naszych klient\u00f3w, dostarczaj\u0105c rozwi\u0105zania dostosowane do ich potrzeb w zakresie maszyn budowlanych.<\/li>\n<li>Zesp\u00f3\u0142 ekspert\u00f3w ds. sprzeda\u017cy: Nasz do\u015bwiadczony zesp\u00f3\u0142 ds. sprzeda\u017cy posiada dog\u0142\u0119bn\u0105 wiedz\u0119 na temat bran\u017cy maszyn budowlanych i mo\u017ce zapewni\u0107 profesjonalne konsultacje produktowe, aby pom\u00f3c klientom w podejmowaniu \u015bwiadomych decyzji zakupowych.<\/li>\n<li>Efektywna logistyka: Dzi\u0119ki naszemu efektywnemu systemowi dystrybucji i logistyki gwarantujemy terminow\u0105 i dok\u0142adn\u0105 dostaw\u0119 cylindr\u00f3w hydraulicznych do naszych klient\u00f3w, zapewniaj\u0105c p\u0142ynn\u0105 realizacj\u0119 ich projekt\u00f3w bez op\u00f3\u017anie\u0144.<\/li>\n<\/ol>\n<p>Nawi\u0105\u017c wsp\u00f3\u0142prac\u0119 z FMP w zakresie wszystkich potrzeb zwi\u0105zanych z si\u0142ownikami hydraulicznymi i przekonaj si\u0119 o niezawodno\u015bci, jako\u015bci i profesjonalizmie, kt\u00f3re wyr\u00f3\u017cniaj\u0105 nas w bran\u017cy maszyn budowlanych.<\/p>\n<p>Autor: CX<\/p>","protected":false},"excerpt":{"rendered":"<p>The Factory Direct Sale Hydraulic Cylinder is a high-quality hydraulic cylinder designed specifically for small trailers. With its durable construction and reliable performance, this hydraulic cylinder is perfect for various applications in the industrial and commercial sectors. One of the key features of this hydraulic cylinder is its impressive lifting capacity. It is capable of [&hellip;]<\/p>","protected":false},"featured_media":1340,"comment_status":"closed","ping_status":"closed","template":"","meta":{"_et_pb_use_builder":"","_et_pb_old_content":"","_et_gb_content_width":""},"product_brand":[],"product_cat":[39],"product_tag":[41,34],"class_list":{"0":"post-1355","1":"product","2":"type-product","3":"status-publish","4":"has-post-thumbnail","6":"product_cat-adjustable-clevis-type-cylinders","7":"product_tag-adjustable-clevis-type-cylinders","8":"product_tag-hydraulic-cylinder","10":"first","11":"instock","12":"product-type-simple"},"_links":{"self":[{"href":"https:\/\/fmp-components.com\/pl\/wp-json\/wp\/v2\/product\/1355","targetHints":{"allow":["GET"]}}],"collection":[{"href":"https:\/\/fmp-components.com\/pl\/wp-json\/wp\/v2\/product"}],"about":[{"href":"https:\/\/fmp-components.com\/pl\/wp-json\/wp\/v2\/types\/product"}],"replies":[{"embeddable":true,"href":"https:\/\/fmp-components.com\/pl\/wp-json\/wp\/v2\/comments?post=1355"}],"wp:featuredmedia":[{"embeddable":true,"href":"https:\/\/fmp-components.com\/pl\/wp-json\/wp\/v2\/media\/1340"}],"wp:attachment":[{"href":"https:\/\/fmp-components.com\/pl\/wp-json\/wp\/v2\/media?parent=1355"}],"wp:term":[{"taxonomy":"product_brand","embeddable":true,"href":"https:\/\/fmp-components.com\/pl\/wp-json\/wp\/v2\/product_brand?post=1355"},{"taxonomy":"product_cat","embeddable":true,"href":"https:\/\/fmp-components.com\/pl\/wp-json\/wp\/v2\/product_cat?post=1355"},{"taxonomy":"product_tag","embeddable":true,"href":"https:\/\/fmp-components.com\/pl\/wp-json\/wp\/v2\/product_tag?post=1355"}],"curies":[{"name":"wp","href":"https:\/\/api.w.org\/{rel}","templated":true}]}}