{"id":1351,"date":"2024-12-23T02:18:07","date_gmt":"2024-12-23T02:18:07","guid":{"rendered":"https:\/\/fmp-components.com\/product\/durable-adjustable-truck-hydraulic-piston-cylinder-for-trailer\/"},"modified":"2025-03-18T00:56:23","modified_gmt":"2025-03-18T00:56:23","slug":"durable-adjustable-truck-hydraulic-piston-cylinder-for-trailer","status":"publish","type":"product","link":"https:\/\/fmp-components.com\/pl\/product\/durable-adjustable-truck-hydraulic-piston-cylinder-for-trailer\/","title":{"rendered":"Wytrzyma\u0142y, regulowany si\u0142ownik hydrauliczny do ci\u0119\u017car\u00f3wki i przyczepy"},"content":{"rendered":"<h2>Przedstawiamy wytrzyma\u0142y, regulowany si\u0142ownik hydrauliczny t\u0142okowy do przyczep:<\/h2>\n<p>Wytrzyma\u0142y, regulowany si\u0142ownik hydrauliczny do przyczep to wysokiej jako\u015bci, niezawodny produkt zaprojektowany z my\u015bl\u0105 o potrzebach bran\u017cy transportu ci\u0119\u017carowego. Si\u0142ownik ten zosta\u0142 specjalnie zaprojektowany, aby zapewni\u0107 p\u0142ynn\u0105 i wydajn\u0105 prac\u0119, gwarantuj\u0105c optymaln\u0105 wydajno\u015b\u0107 w zastosowaniach z przyczepami.<\/p>\n<p>Dzi\u0119ki trwa\u0142ej konstrukcji, ten hydrauliczny si\u0142ownik t\u0142okowy jest niezwykle trwa\u0142y. Wykonany jest z najwy\u017cszej jako\u015bci materia\u0142\u00f3w, odpornych na zu\u017cycie i korozj\u0119, co gwarantuje d\u0142ugowieczno\u015b\u0107 nawet w trudnych warunkach. Si\u0142ownik zosta\u0142 zaprojektowany tak, aby wytrzymywa\u0107 du\u017ce obci\u0105\u017cenia i zapewnia\u0107 sta\u0142\u0105 wydajno\u015b\u0107 przez d\u0142ugi czas.<\/p>\n<p>Jedn\u0105 z kluczowych cech tego produktu jest jego regulacja. Si\u0142ownik mo\u017cna \u0142atwo regulowa\u0107 na r\u00f3\u017cnych wysoko\u015bciach, co pozwala na dostosowanie go do konkretnych wymaga\u0144 przyczepy. Ta elastyczno\u015b\u0107 gwarantuje precyzyjne dopasowanie, maksymalizuj\u0105c wydajno\u015b\u0107 i efektywno\u015b\u0107 uk\u0142adu hydraulicznego.<\/p>\n<p>Wytrzyma\u0142y, regulowany si\u0142ownik hydrauliczny do przyczep i samochod\u00f3w ci\u0119\u017carowych jest r\u00f3wnie\u017c znany ze swojej wyj\u0105tkowej niezawodno\u015bci. Zosta\u0142 zaprojektowany tak, aby zapewni\u0107 p\u0142ynn\u0105 i stabiln\u0105 prac\u0119, minimalizuj\u0105c przestoje i maksymalizuj\u0105c wydajno\u015b\u0107. Ta niezawodno\u015b\u0107 jest kluczowa w wymagaj\u0105cej bran\u017cy transportu ci\u0119\u017carowego, gdzie wydajno\u015b\u0107 i osi\u0105gi s\u0105 priorytetem.<\/p>\n<p><img loading=\"lazy\" decoding=\"async\" class=\"alignnone size-full wp-image-1334\" src=\"https:\/\/fmp-components.com\/wp-content\/uploads\/2024\/12\/Adjustable-Clevis-Type-Cylinders-4.webp\" alt=\"Cylindry typu wide\u0142kowego regulowanego\" width=\"800\" height=\"800\" title=\"\" srcset=\"https:\/\/fmp-components.com\/wp-content\/uploads\/2024\/12\/Adjustable-Clevis-Type-Cylinders-4.webp 800w, https:\/\/fmp-components.com\/wp-content\/uploads\/2024\/12\/Adjustable-Clevis-Type-Cylinders-4-480x480.webp 480w\" sizes=\"(min-width: 0px) and (max-width: 480px) 480px, (min-width: 481px) 800px, 100vw\" \/><\/p>\n<p>Podsumowuj\u0105c, wytrzyma\u0142y, regulowany si\u0142ownik hydrauliczny do przyczep to produkt najwy\u017cszej jako\u015bci, oferuj\u0105cy trwa\u0142o\u015b\u0107, mo\u017cliwo\u015b\u0107 regulacji i niezawodno\u015b\u0107. Zosta\u0142 zaprojektowany, aby sprosta\u0107 unikalnym potrzebom bran\u017cy transportu ci\u0119\u017carowego i zapewni\u0107 wydajn\u0105 i efektywn\u0105 prac\u0119 uk\u0142adu hydraulicznego w przyczepach.<\/p>\n<p>Odkryj wyj\u0105tkow\u0105 moc i trwa\u0142o\u015b\u0107 naszego nowego, wytrzyma\u0142ego, regulowanego si\u0142ownika hydraulicznego do ci\u0119\u017car\u00f3wek i przyczep. Ten produkt idealnie sprawdzi si\u0119 w wielu bran\u017cach, takich jak warsztaty naprawcze maszyn, gospodarstwa rolne, energetyka i g\u00f3rnictwo, produkcja maszyn oraz fabryki maszyn. Dzi\u0119ki standardowej konstrukcji si\u0142ownika t\u0142okowego, ten si\u0142ownik charakteryzuje si\u0119 maksymaln\u0105 si\u0142\u0105 ci\u0105gu 3000 i uci\u0105giem 20 ton, co czyni go idealnym wyborem do ci\u0119\u017ckich zastosowa\u0144. Wykonany z wysokiej jako\u015bci stali, regulowany wide\u0142kowy si\u0142ownik zapewnia wszechstronno\u015b\u0107 i mo\u017cliwo\u015b\u0107 adaptacji, dzi\u0119ki czemu nadaje si\u0119 zar\u00f3wno do standardowych, jak i niestandardowych zastosowa\u0144. Ponadto, produkt posiada certyfikat ISO9001:2000 i charakteryzuje si\u0119 eleganckim, czarnym wyko\u0144czeniem.<\/p>\n<h2>Zalety regulowanych cylindr\u00f3w typu wide\u0142kowego<\/h2>\n<p>Regulowane si\u0142owniki wide\u0142kowe to rodzaj hydraulicznych si\u0142ownik\u00f3w t\u0142okowych stosowanych w r\u00f3\u017cnych zastosowaniach, takich jak ci\u0119\u017car\u00f3wki i przyczepy. Si\u0142owniki te oferuj\u0105 szereg zalet w por\u00f3wnaniu z innymi typami si\u0142ownik\u00f3w hydraulicznych, co czyni je popularnym wyborem w\u015br\u00f3d in\u017cynier\u00f3w i producent\u00f3w. Oto niekt\u00f3re z zalet regulowanych si\u0142ownik\u00f3w wide\u0142kowych:<\/p>\n<h3>Wytrzyma\u0142y<\/h3>\n<p>Wytrzyma\u0142e, regulowane si\u0142owniki hydrauliczne do przyczep i naczep s\u0105 zaprojektowane tak, aby wytrzyma\u0107 trudne warunki pracy. Wykonane s\u0105 z wysokiej jako\u015bci materia\u0142\u00f3w, takich jak stal, co zapewnia im wytrzyma\u0142o\u015b\u0107 i trwa\u0142o\u015b\u0107 niezb\u0119dn\u0105 do wykonywania ci\u0119\u017ckich zada\u0144. Dodatkowo si\u0142owniki te s\u0105 cz\u0119sto pokrywane specjalnymi pow\u0142okami, kt\u00f3re chroni\u0105 je przed korozj\u0105, zu\u017cyciem i innymi uszkodzeniami.<\/p>\n<h3>Elastyczno\u015b\u0107<\/h3>\n<p>Jedn\u0105 z g\u0142\u00f3wnych zalet regulowanych si\u0142ownik\u00f3w wide\u0142kowych jest ich elastyczno\u015b\u0107. Si\u0142owniki te mo\u017cna regulowa\u0107 w zale\u017cno\u015bci od zastosowania, co zapewnia wi\u0119ksz\u0105 precyzj\u0119 i kontrol\u0119. Oznacza to, \u017ce mog\u0105 by\u0107 stosowane w szerokim zakresie zastosowa\u0144, od podnoszenia i pchania ci\u0119\u017ckich \u0142adunk\u00f3w po regulacj\u0119 pr\u0119dko\u015bci maszyn.<\/p>\n<h3>Efektywno\u015b\u0107<\/h3>\n<p>Si\u0142owniki z regulowanym wide\u0142kiem s\u0105 bardzo wydajne, co oznacza, \u017ce \u200b\u200bmog\u0105 pracowa\u0107 na wysokich obrotach przy minimalnym zu\u017cyciu energii. Wynika to z ich unikalnej konstrukcji, kt\u00f3ra pozwala na uzyskanie wi\u0119kszego ci\u015bnienia hydraulicznego i si\u0142y. Ta zwi\u0119kszona wydajno\u015b\u0107 przek\u0142ada si\u0119 na ni\u017csze koszty eksploatacji, dzi\u0119ki czemu si\u0142owniki z regulowanym wide\u0142kiem s\u0105 op\u0142acalnym wyborem w wielu zastosowaniach.<\/p>\n<h3>Personalizacja<\/h3>\n<p>Kolejn\u0105 zalet\u0105 regulowanych si\u0142ownik\u00f3w wide\u0142kowych s\u0105 mo\u017cliwo\u015bci ich personalizacji. Si\u0142owniki te mo\u017cna zaprojektowa\u0107 i wyprodukowa\u0107 tak, aby odpowiada\u0142y konkretnym zastosowaniom, co zapewnia wi\u0119ksz\u0105 elastyczno\u015b\u0107 i mo\u017cliwo\u015b\u0107 personalizacji. Oznacza to, \u017ce producenci mog\u0105 tworzy\u0107 si\u0142owniki dopasowane do swoich specyficznych potrzeb, co przek\u0142ada si\u0119 na lepsz\u0105 wydajno\u015b\u0107 i wi\u0119ksz\u0105 sprawno\u015b\u0107.<\/p>\n<p>Podsumowuj\u0105c, regulowane si\u0142owniki wide\u0142kowe oferuj\u0105 szereg zalet w por\u00f3wnaniu z innymi typami si\u0142ownik\u00f3w hydraulicznych. S\u0105 trwa\u0142e, elastyczne, wydajne i konfigurowalne, co czyni je popularnym wyborem w\u015br\u00f3d in\u017cynier\u00f3w i producent\u00f3w. Wytrzyma\u0142y, regulowany si\u0142ownik hydrauliczny t\u0142okowy do przyczep i ci\u0119\u017car\u00f3wek jest doskona\u0142ym przyk\u0142adem zalet regulowanych si\u0142ownik\u00f3w wide\u0142kowych, oferuj\u0105c doskona\u0142\u0105 wydajno\u015b\u0107 i niezawodno\u015b\u0107 w zastosowaniach wymagaj\u0105cych du\u017cej wytrzyma\u0142o\u015bci.<img decoding=\"async\" src=\"https:\/\/fmp-components.com\/wp-content\/uploads\/2024\/12\/Adjustable-Clevis-Type-Cylinders5.webp\" alt=\"Regulowany cylinder typu wide\u0142kowego\" width=\"800\" title=\"\"><\/p>\n<h2>Zastosowanie regulowanych cylindr\u00f3w typu wide\u0142kowego<\/h2>\n<p>W \u015bwiecie uk\u0142ad\u00f3w hydraulicznych, zastosowanie regulowanych si\u0142ownik\u00f3w wide\u0142kowych zyska\u0142o znaczn\u0105 popularno\u015b\u0107 ze wzgl\u0119du na ich unikalne mo\u017cliwo\u015bci i wszechstronno\u015b\u0107. Te wytrzyma\u0142e, regulowane si\u0142owniki hydrauliczne do samochod\u00f3w ci\u0119\u017carowych znajduj\u0105 szerokie zastosowanie w r\u00f3\u017cnych bran\u017cach, zw\u0142aszcza w sektorze produkcji przyczep. W tym artykule przyjrzymy si\u0119 r\u00f3\u017cnym zastosowaniom tych si\u0142ownik\u00f3w oraz ich niezwyk\u0142ym cechom i zaletom.<\/p>\n<h3>1. Uk\u0142ady zawieszenia przyczepy<\/h3>\n<p>Jednym z g\u0142\u00f3wnych zastosowa\u0144 regulowanych si\u0142ownik\u00f3w wide\u0142kowych s\u0105 uk\u0142ady zawieszenia przyczep. Si\u0142owniki te odgrywaj\u0105 kluczow\u0105 rol\u0119 w utrzymaniu stabilno\u015bci i r\u00f3wnowagi przyczepy, zapewniaj\u0105c p\u0142ynn\u0105 i kontrolowan\u0105 jazd\u0119. Dzi\u0119ki mo\u017cliwo\u015bci regulacji d\u0142ugo\u015bci si\u0142ownika, producenci przyczep mog\u0105 precyzyjnie dostroi\u0107 uk\u0142ad zawieszenia do specyficznych wymaga\u0144 przyczepy. Wytrzyma\u0142y, regulowany si\u0142ownik hydrauliczny z t\u0142okiem do przyczep zapewnia optymaln\u0105 wydajno\u015b\u0107, redukuj\u0105c wibracje i zwi\u0119kszaj\u0105c og\u00f3lne bezpiecze\u0144stwo.<\/p>\n<h3>2. Operacje za\u0142adunku i roz\u0142adunku<\/h3>\n<p>Innym istotnym zastosowaniem regulowanych si\u0142ownik\u00f3w wide\u0142kowych s\u0105 operacje za\u0142adunku i roz\u0142adunku. Si\u0142owniki te s\u0105 stosowane w hydraulicznych systemach podnoszenia, zaprojektowanych do precyzyjnego i wydajnego podnoszenia du\u017cych \u0142adunk\u00f3w. Regulacja d\u0142ugo\u015bci si\u0142ownika pozwala zoptymalizowa\u0107 ud\u017awig i pr\u0119dko\u015b\u0107 podnoszenia, zapewniaj\u0105c bezpieczny i p\u0142ynny za\u0142adunek i roz\u0142adunek. Niezale\u017cnie od tego, czy chodzi o magazyny, centra logistyczne, czy place budowy, wytrzyma\u0142y, regulowany si\u0142ownik hydrauliczny do w\u00f3zk\u00f3w wid\u0142owych okazuje si\u0119 nieocenionym elementem w operacjach transportu bliskiego.<\/p>\n<h3>3. Maszyny rolnicze<\/h3>\n<p>Maszyny rolnicze, takie jak traktory i kombajny, cz\u0119sto wykorzystuj\u0105 regulowane si\u0142owniki wide\u0142kowe do realizacji r\u00f3\u017cnych funkcji. Si\u0142owniki te s\u0105 stosowane w uk\u0142adach hydraulicznych odpowiedzialnych za sterowanie ruchem narz\u0119dzi, takich jak p\u0142ugi, kultywatory i opryskiwacze. Mo\u017cliwo\u015b\u0107 regulacji d\u0142ugo\u015bci si\u0142ownika pozwala rolnikom dostosowa\u0107 maszyn\u0119 do r\u00f3\u017cnych warunk\u00f3w polowych i zada\u0144. Wytrzyma\u0142o\u015b\u0107 regulowanego si\u0142ownika hydraulicznego t\u0142okowego ci\u0119\u017car\u00f3wki wytrzymuje trudne warunki pracy w rolnictwie, zapewniaj\u0105c niezawodn\u0105 prac\u0119 i zwi\u0119kszon\u0105 wydajno\u015b\u0107.<\/p>\n<h3>4. Sprz\u0119t budowlany<\/h3>\n<p>W bran\u017cy budowlanej regulowane si\u0142owniki wide\u0142kowe znajduj\u0105 szerokie zastosowanie w r\u00f3\u017cnego rodzaju sprz\u0119cie, w tym koparkach, spychaczach i d\u017awigach. Si\u0142owniki te s\u0105 wykorzystywane w uk\u0142adach hydraulicznych steruj\u0105cych ruchem wysi\u0119gnik\u00f3w, ramion i osprz\u0119tu, umo\u017cliwiaj\u0105c precyzyjn\u0105 i wydajn\u0105 prac\u0119. Reguluj\u0105c d\u0142ugo\u015b\u0107 si\u0142ownika, pracownicy budowlani mog\u0105 zoptymalizowa\u0107 wydajno\u015b\u0107 sprz\u0119tu do r\u00f3\u017cnych zada\u0144 i warunk\u00f3w pracy. Wytrzyma\u0142y, regulowany si\u0142ownik hydrauliczny t\u0142okowy do ci\u0119\u017car\u00f3wek i przyczep zapewnia trwa\u0142o\u015b\u0107 i niezawodno\u015b\u0107 wymagan\u0105 w wymagaj\u0105cych warunkach budowlanych.<\/p>\n<h3>5. Maszyny przemys\u0142owe<\/h3>\n<p>Regulowane si\u0142owniki wide\u0142kowe znajduj\u0105 r\u00f3wnie\u017c szerokie zastosowanie w maszynach przemys\u0142owych, takich jak prasy, kruszarki i systemy przeno\u015bnik\u00f3w. Si\u0142owniki te s\u0105 niezb\u0119dne w uk\u0142adach hydraulicznych generuj\u0105cych i steruj\u0105cych si\u0142ami nacisku, kruszenia i podnoszenia. Dzi\u0119ki regulowanej d\u0142ugo\u015bci, si\u0142owniki te oferuj\u0105 elastyczno\u015b\u0107 i mo\u017cliwo\u015b\u0107 adaptacji, umo\u017cliwiaj\u0105c producentom dostosowanie maszyn do konkretnych wymaga\u0144 produkcyjnych. Wytrzyma\u0142y, regulowany si\u0142ownik hydrauliczny do w\u00f3zk\u00f3w wid\u0142owych zwi\u0119ksza wydajno\u015b\u0107 i niezawodno\u015b\u0107 proces\u00f3w przemys\u0142owych, przyczyniaj\u0105c si\u0119 do og\u00f3lnej wydajno\u015bci.<\/p>\n<p>Podsumowuj\u0105c, zastosowanie regulowanych si\u0142ownik\u00f3w wide\u0142kowych w r\u00f3\u017cnych bran\u017cach, a w szczeg\u00f3lno\u015bci w sektorze produkcji przyczep, ma kluczowe znaczenie dla osi\u0105gni\u0119cia optymalnej wydajno\u015bci i efektywno\u015bci. Wytrzyma\u0142y, regulowany si\u0142ownik hydrauliczny t\u0142okowy do przyczep stanowi niezawodny i wszechstronny element, umo\u017cliwiaj\u0105cy precyzyjn\u0105 kontrol\u0119 i zwi\u0119kszone bezpiecze\u0144stwo w uk\u0142adach zawieszenia, operacjach za\u0142adunku i roz\u0142adunku, maszynach rolniczych, sprz\u0119cie budowlanym i maszynach przemys\u0142owych. Wykorzystanie tych si\u0142ownik\u00f3w i ich unikalnych cech mo\u017ce prowadzi\u0107 do poprawy wydajno\u015bci i og\u00f3lnego sukcesu w r\u00f3\u017cnorodnych zastosowaniach.<\/p>\n<p><img decoding=\"async\" src=\"https:\/\/fmp-components.com\/wp-content\/uploads\/2024\/12\/Application-of-Adjustable-Clevis-Type-Cylinders.webp\" alt=\"Regulowany cylinder typu wide\u0142kowego\" width=\"800\" title=\"\"><\/p>\n<h3>O FMP<\/h3>\n<p>FMP to firma specjalizuj\u0105ca si\u0119 w produkcji i sprzeda\u017cy si\u0142ownik\u00f3w hydraulicznych. Dzi\u0119ki wieloletniemu do\u015bwiadczeniu w bran\u017cy i profesjonalnemu zespo\u0142owi, jeste\u015bmy w stanie dostarcza\u0107 naszym klientom wysokiej jako\u015bci i niezawodne si\u0142owniki hydrauliczne do maszyn budowlanych.<\/p>\n<p><img decoding=\"async\" src=\"https:\/\/fmp-components.com\/wp-content\/uploads\/2024\/12\/Adjustable-Clevis-Type-Cylinders-6.webp\" alt=\"Regulowany cylinder typu wide\u0142kowego\" width=\"813\" title=\"\"><\/p>\n<p>Oto pi\u0119\u0107 kluczowych zalet naszych produkt\u00f3w i firmy:<\/p>\n<ol>\n<li>Szeroka gama produkt\u00f3w: Oferujemy szerok\u0105 gam\u0119 si\u0142ownik\u00f3w hydraulicznych do r\u00f3\u017cnych typ\u00f3w maszyn budowlanych, w tym przek\u0142adnie do maszyn rolniczych, przek\u0142adnie planetarne, przek\u0142adnie przemys\u0142owe oraz cz\u0119\u015bci do maszyn rolniczych. Dzi\u0119ki temu nasi klienci mog\u0105 znale\u017a\u0107 idealny si\u0142ownik hydrauliczny, kt\u00f3ry spe\u0142ni ich indywidualne potrzeby.<\/li>\n<li>Surowe standardy jako\u015bci: Dzi\u0119ki nawi\u0105zywaniu d\u0142ugoterminowych i stabilnych partnerstw z wysokiej jako\u015bci dostawcami w kraju i za granic\u0105, gwarantujemy, \u017ce wszystkie dostarczane przez nas si\u0142owniki hydrauliczne spe\u0142niaj\u0105 surowe standardy jako\u015bci. Gwarantuje to trwa\u0142o\u015b\u0107, wydajno\u015b\u0107 i niezawodno\u015b\u0107 naszych produkt\u00f3w.<\/li>\n<li>Do\u015bwiadczony Zesp\u00f3\u0142 Sprzeda\u017cy: Nasz do\u015bwiadczony zesp\u00f3\u0142 sprzeda\u017cy doskonale orientuje si\u0119 w trendach rozwojowych i potrzebach klient\u00f3w bran\u017cy maszyn budowlanych. Zapewniamy profesjonalne doradztwo produktowe i oferujemy przemy\u015blane sugestie zakupowe, dopasowane do potrzeb ka\u017cdego klienta.<\/li>\n<li>Efektywna dystrybucja logistyczna: Wdro\u017cyli\u015bmy efektywny system dystrybucji logistycznej, aby zapewni\u0107 naszym klientom terminowe i dok\u0142adne dostawy niezb\u0119dnych cylindr\u00f3w hydraulicznych. Minimalizuje to wszelkie op\u00f3\u017anienia i zak\u0142\u00f3cenia w ich projektach budowlanych.<\/li>\n<li>Satysfakcja klienta: W FMP priorytetowo traktujemy satysfakcj\u0119 klienta. Dok\u0142adamy wszelkich stara\u0144, aby zapewni\u0107 doskona\u0142\u0105 obs\u0142ug\u0119 klienta, oferuj\u0105c niezawodne produkty, szybk\u0105 pomoc i skuteczne rozwi\u0105zania wszelkich pyta\u0144 i w\u0105tpliwo\u015bci naszych klient\u00f3w.<\/li>\n<\/ol>\n<p>Wsp\u00f3\u0142praca z FMP oznacza dost\u0119p do najwy\u017cszej jako\u015bci cylindr\u00f3w hydraulicznych i zaufanego partnera w bran\u017cy maszyn budowlanych. Skontaktuj si\u0119 z nami ju\u017c dzi\u015b, aby om\u00f3wi\u0107 swoje potrzeby w zakresie cylindr\u00f3w hydraulicznych i przekona\u0107 si\u0119 o korzy\u015bciach p\u0142yn\u0105cych ze wsp\u00f3\u0142pracy z FMP.<\/p>\n<p><strong>Cz\u0119sto zadawane pytania (FAQ)<\/strong><\/p>\n<p><strong>P: Jaki jest okres gwarancji na wasze produkty?<\/strong><br \/>\nA: Wszystkie nasze si\u0142owniki hydrauliczne, w tym wytrzyma\u0142y, regulowany si\u0142ownik hydrauliczny t\u0142okowy do przyczep, obj\u0119te s\u0105 roczn\u0105 gwarancj\u0105.<\/p>\n<p><strong>P: Czy oferuj\u0105 Pa\u0144stwo mo\u017cliwo\u015b\u0107 personalizacji swoich cylindr\u00f3w hydraulicznych?<\/strong><br \/>\nO: Tak, oferujemy rozwi\u0105zania szyte na miar\u0119, dostosowane do indywidualnych potrzeb naszych klient\u00f3w. Prosimy o kontakt w celu uzyskania dalszych informacji.<\/p>\n<p><img decoding=\"async\" src=\"https:\/\/img.jiansujichilun.com\/img\/hydrauliccylinders\/C_hydrauliccylinders-1.webp\" alt=\"si\u0142ownik hydrauliczny\" width=\"800\" title=\"\"><\/p>\n<p>Autor: CX<\/p>","protected":false},"excerpt":{"rendered":"<p>Introducing the Durable Adjustable Truck Hydraulic Piston Cylinder for Trailer: The Durable Adjustable Truck Hydraulic Piston Cylinder for Trailer is a high-quality, reliable product designed to meet the needs of the trucking industry. This cylinder is specifically engineered to provide smooth and efficient operation, ensuring optimal performance for trailer applications. With its durable construction, this [&hellip;]<\/p>","protected":false},"featured_media":1338,"comment_status":"closed","ping_status":"closed","template":"","meta":{"_et_pb_use_builder":"","_et_pb_old_content":"","_et_gb_content_width":""},"product_brand":[],"product_cat":[39],"product_tag":[41,34],"class_list":{"0":"post-1351","1":"product","2":"type-product","3":"status-publish","4":"has-post-thumbnail","6":"product_cat-adjustable-clevis-type-cylinders","7":"product_tag-adjustable-clevis-type-cylinders","8":"product_tag-hydraulic-cylinder","10":"first","11":"instock","12":"product-type-simple"},"_links":{"self":[{"href":"https:\/\/fmp-components.com\/pl\/wp-json\/wp\/v2\/product\/1351","targetHints":{"allow":["GET"]}}],"collection":[{"href":"https:\/\/fmp-components.com\/pl\/wp-json\/wp\/v2\/product"}],"about":[{"href":"https:\/\/fmp-components.com\/pl\/wp-json\/wp\/v2\/types\/product"}],"replies":[{"embeddable":true,"href":"https:\/\/fmp-components.com\/pl\/wp-json\/wp\/v2\/comments?post=1351"}],"wp:featuredmedia":[{"embeddable":true,"href":"https:\/\/fmp-components.com\/pl\/wp-json\/wp\/v2\/media\/1338"}],"wp:attachment":[{"href":"https:\/\/fmp-components.com\/pl\/wp-json\/wp\/v2\/media?parent=1351"}],"wp:term":[{"taxonomy":"product_brand","embeddable":true,"href":"https:\/\/fmp-components.com\/pl\/wp-json\/wp\/v2\/product_brand?post=1351"},{"taxonomy":"product_cat","embeddable":true,"href":"https:\/\/fmp-components.com\/pl\/wp-json\/wp\/v2\/product_cat?post=1351"},{"taxonomy":"product_tag","embeddable":true,"href":"https:\/\/fmp-components.com\/pl\/wp-json\/wp\/v2\/product_tag?post=1351"}],"curies":[{"name":"wp","href":"https:\/\/api.w.org\/{rel}","templated":true}]}}