{"id":1345,"date":"2024-12-23T02:18:07","date_gmt":"2024-12-23T02:18:07","guid":{"rendered":"https:\/\/fmp-components.com\/product\/high-quality-double-acting-welded-hydraulic-cylinders-for-sale\/"},"modified":"2024-12-23T03:39:35","modified_gmt":"2024-12-23T03:39:35","slug":"high-quality-double-acting-welded-hydraulic-cylinders-for-sale","status":"publish","type":"product","link":"https:\/\/fmp-components.com\/pl\/product\/high-quality-double-acting-welded-hydraulic-cylinders-for-sale\/","title":{"rendered":"Wysokiej jako\u015bci spawane cylindry hydrauliczne dwustronnego dzia\u0142ania na sprzeda\u017c"},"content":{"rendered":"<h2>Wysokiej jako\u015bci spawane cylindry hydrauliczne dwustronnego dzia\u0142ania na sprzeda\u017c:<\/h2>\n<p>Nasze wysokiej jako\u015bci spawane cylindry hydrauliczne dwustronnego dzia\u0142ania to idealne rozwi\u0105zanie dla wszystkich Twoich potrzeb hydraulicznych. Cylindry te zosta\u0142y zaprojektowane tak, aby zapewni\u0107 wyj\u0105tkow\u0105 wydajno\u015b\u0107 i niezawodno\u015b\u0107 w szerokim zakresie zastosowa\u0144.<\/p>\n<p>Dzi\u0119ki dwustronnemu dzia\u0142aniu nasze cylindry hydrauliczne oferuj\u0105 doskona\u0142\u0105 funkcjonalno\u015b\u0107 i wszechstronno\u015b\u0107. Mog\u0105 wywiera\u0107 si\u0142\u0119 w obu kierunkach, co pozwala na wydajn\u0105 prac\u0119 i precyzyjn\u0105 kontrol\u0119. Niezale\u017cnie od tego, czy potrzebujesz podnosi\u0107 ci\u0119\u017ckie \u0142adunki, przesuwa\u0107 maszyny, czy wspomaga\u0107 uk\u0142ady hydrauliczne, nasze cylindry spe\u0142ni\u0105 Twoje oczekiwania.<\/p>\n<p>Nasze cylindry hydrauliczne, zbudowane z my\u015bl\u0105 o trwa\u0142o\u015bci, s\u0105 wykonane z wysokiej jako\u015bci materia\u0142\u00f3w i poddawane rygorystycznym testom, aby zapewni\u0107 d\u0142ugotrwa\u0142\u0105 wydajno\u015b\u0107. Spawana konstrukcja zapewnia dodatkow\u0105 wytrzyma\u0142o\u015b\u0107 i stabilno\u015b\u0107, dzi\u0119ki czemu s\u0105 odporne na intensywne u\u017cytkowanie i ekstremalne warunki. Mo\u017cesz by\u0107 pewien, \u017ce nasze cylindry zapewni\u0105 sta\u0142\u0105 i niezawodn\u0105 moc hydrauliczn\u0105, gdy najbardziej jej potrzebujesz.<\/p>\n<p><img loading=\"lazy\" decoding=\"async\" class=\"alignnone size-full wp-image-1334\" src=\"https:\/\/fmp-components.com\/wp-content\/uploads\/2024\/12\/Adjustable-Clevis-Type-Cylinders-4.webp\" alt=\"Cylindry typu wide\u0142kowego regulowanego\" width=\"800\" height=\"800\" title=\"\" srcset=\"https:\/\/fmp-components.com\/wp-content\/uploads\/2024\/12\/Adjustable-Clevis-Type-Cylinders-4.webp 800w, https:\/\/fmp-components.com\/wp-content\/uploads\/2024\/12\/Adjustable-Clevis-Type-Cylinders-4-480x480.webp 480w\" sizes=\"(min-width: 0px) and (max-width: 480px) 480px, (min-width: 481px) 800px, 100vw\" \/><\/p>\n<p>Nasze spawane si\u0142owniki hydrauliczne dwustronnego dzia\u0142ania s\u0105 \u0142atwe w monta\u017cu i konserwacji. Dost\u0119pne s\u0105 z r\u00f3\u017cnymi opcjami monta\u017cu, aby spe\u0142ni\u0107 Pa\u0144stwa indywidualne wymagania. Przy odpowiedniej piel\u0119gnacji i regularnej konserwacji si\u0142owniki te zapewni\u0105 lata bezproblemowej pracy.<\/p>\n<p>Niezale\u017cnie od tego, czy dzia\u0142asz w bran\u017cy budowlanej, rolniczej czy produkcyjnej, nasze wysokiej jako\u015bci spawane cylindry hydrauliczne dwustronnego dzia\u0142ania to idealny wyb\u00f3r dla Twoich potrzeb w zakresie zasilania hydraulicznego. Nie zadowalaj si\u0119 niczym gorszym ni\u017c najlepsze. Zainwestuj w nasze cylindry i do\u015bwiadcz wydajno\u015bci i niezawodno\u015bci, na jak\u0105 zas\u0142ugujesz.<\/p>\n<table style=\"width: 100%;\" border=\"1\" width=\"100%\" cellspacing=\"0\" cellpadding=\"0\">\n<tbody>\n<tr>\n<th>Nazwa produktu<\/th>\n<td>Nowe spawane cylindry hydrauliczne dwustronnego dzia\u0142ania<\/td>\n<\/tr>\n<tr>\n<th>Gwarancja<\/th>\n<td>1 rok<\/td>\n<\/tr>\n<tr>\n<th>Zastosowane bran\u017ce<\/th>\n<td>Warsztaty naprawy maszyn, gospodarstwa rolne, energetyka i g\u00f3rnictwo, produkcja maszyn, fabryki maszyn<\/td>\n<\/tr>\n<tr>\n<th>Waga (kg)<\/th>\n<td>30<\/td>\n<\/tr>\n<tr>\n<th>Kontrola wideo wychodz\u0105ca<\/th>\n<td>Pod warunkiem, \u017ce<\/td>\n<\/tr>\n<tr>\n<th>Raport z bada\u0144 maszyn<\/th>\n<td>Pod warunkiem, \u017ce<\/td>\n<\/tr>\n<tr>\n<th>Typ marketingu<\/th>\n<td>Nowy produkt 2023<\/td>\n<\/tr>\n<tr>\n<th>Gwarancja na g\u0142\u00f3wne komponenty<\/th>\n<td>1 rok<\/td>\n<\/tr>\n<tr>\n<th>G\u0142\u00f3wne komponenty<\/th>\n<td>\u0141o\u017cyska, cylindry hydrauliczne<\/td>\n<\/tr>\n<tr>\n<th>Struktura<\/th>\n<td>T\u0142ok cylindra<\/td>\n<\/tr>\n<tr>\n<th>Moc<\/th>\n<td>Hydrauliczny<\/td>\n<\/tr>\n<tr>\n<th>Materia\u0142 korpusu<\/th>\n<td>Wytrzyma\u0142a stal<\/td>\n<\/tr>\n<tr>\n<th>Maksymalny ci\u0105g<\/th>\n<td>3000<\/td>\n<\/tr>\n<tr>\n<th>Typ<\/th>\n<td>Regulowany cylinder typu wide\u0142kowego<\/td>\n<\/tr>\n<tr>\n<th>Porty<\/th>\n<td>G\/SAE\/NPT\/M<\/td>\n<\/tr>\n<tr>\n<th>Maksymalne poci\u0105gni\u0119cie<\/th>\n<td>20 ton<\/td>\n<\/tr>\n<tr>\n<th>Orzecznictwo<\/th>\n<td>ISO 9001:2000<\/td>\n<\/tr>\n<tr>\n<th>Rozmiar otworu<\/th>\n<td>2 \u2013 6 cali<\/td>\n<\/tr>\n<tr>\n<th>Rozmiar pr\u0119ta<\/th>\n<td>1,125 \u2013 4 cale<\/td>\n<\/tr>\n<tr>\n<th>Rozmiar poci\u0105gni\u0119cia<\/th>\n<td>4 \u2013 100 cali<\/td>\n<\/tr>\n<tr>\n<th>Rozmiar szpilki<\/th>\n<td>0,5 \u2013 2 cale<\/td>\n<\/tr>\n<tr>\n<th>Kolor<\/th>\n<td>Czarny<\/td>\n<\/tr>\n<\/tbody>\n<\/table>\n<h2>Eksploracja spawanych cylindr\u00f3w hydraulicznych dwustronnego dzia\u0142ania<\/h2>\n<p>Produkt jest zasadniczo si\u0142ownikiem hydraulicznym dwustronnego dzia\u0142ania, co oznacza, \u017ce \u200b\u200bwykorzystuje on energi\u0119 hydrauliczn\u0105 zar\u00f3wno do wysuwania, jak i wsuwania t\u0142oczyska, umo\u017cliwiaj\u0105c precyzyjny ruch i sterowanie. Tego typu si\u0142owniki s\u0105 powszechnie stosowane w maszynach przemys\u0142owych i hydraulice mobilnej, a tak\u017ce w sprz\u0119cie rolniczym i pojazdach budowlanych ze wzgl\u0119du na ich wysok\u0105 moc i trwa\u0142o\u015b\u0107.<\/p>\n<p>Nasze cylindry charakteryzuj\u0105 si\u0119 imponuj\u0105cymi parametrami technicznymi i wydajno\u015bciowymi. Z \u015brednic\u0105 t\u0142oka od 2 do 6 cali, \u015brednic\u0105 t\u0142oczyska od 1,125 do 4 cali, skokiem t\u0142oka od 4 do 100 cali i \u015brednic\u0105 sworznia od 0,5 do 2 cali, cylindry te s\u0105 zaprojektowane do wykonywania r\u00f3\u017cnorodnych, wymagaj\u0105cych zada\u0144. Si\u0142owniki te osi\u0105gaj\u0105 maksymaln\u0105 si\u0142\u0119 ci\u0105gu 3000 i uci\u0105g do 20 ton, co czyni je pot\u0119\u017cnym uzupe\u0142nieniem ka\u017cdej maszyny.<\/p>\n<p>Si\u0142owniki hydrauliczne dwustronnego dzia\u0142ania wykonane s\u0105 z wysokiej jako\u015bci stali, co gwarantuje trwa\u0142o\u015b\u0107 i d\u0142ugowieczno\u015b\u0107. Ponadto, czarny kolor cylindr\u00f3w zapewnia dodatkow\u0105 warstw\u0119 odporno\u015bci na korozj\u0119, dodatkowo wyd\u0142u\u017caj\u0105c \u017cywotno\u015b\u0107 i wydajno\u015b\u0107 produktu.<\/p>\n<p>Dla klient\u00f3w poszukuj\u0105cych bardziej spersonalizowanego rozwi\u0105zania, oferujemy opcje personalizacji naszych cylindr\u00f3w hydraulicznych. Niezale\u017cnie od tego, czy potrzebujesz konkretnego rozmiaru \u015brednicy cylindra, rozmiaru t\u0142oczyska czy skoku t\u0142oka, dostosujemy si\u0119 do Twoich potrzeb, aby zapewni\u0107 optymaln\u0105 wydajno\u015b\u0107.<\/p>\n<h2>Zalety regulowanych cylindr\u00f3w typu wide\u0142kowego<\/h2>\n<p>Regulowane si\u0142owniki wide\u0142kowe, takie jak wysokiej jako\u015bci spawane si\u0142owniki hydrauliczne dwustronnego dzia\u0142ania dost\u0119pne w sprzeda\u017cy, oferuj\u0105 szereg zalet w r\u00f3\u017cnych zastosowaniach. Si\u0142owniki te zosta\u0142y zaprojektowane z precyzj\u0105 i wiedz\u0105 specjalistyczn\u0105, aby zapewni\u0107 doskona\u0142\u0105 wydajno\u015b\u0107 i niezawodno\u015b\u0107. W tym artykule przyjrzymy si\u0119 unikalnym cechom i zaletom regulowanych si\u0142ownik\u00f3w wide\u0142kowych.<\/p>\n<p>1. Zwi\u0119kszona elastyczno\u015b\u0107 i mo\u017cliwo\u015b\u0107 regulacji<\/p>\n<p>Regulowane si\u0142owniki wide\u0142kowe charakteryzuj\u0105 si\u0119 wyj\u0105tkow\u0105 elastyczno\u015bci\u0105 i mo\u017cliwo\u015bci\u0105 regulacji. Dzi\u0119ki mo\u017cliwo\u015bci modyfikacji d\u0142ugo\u015bci si\u0142ownika i po\u0142o\u017cenia wide\u0142ek, si\u0142owniki te mo\u017cna \u0142atwo dostosowa\u0107 do konkretnych wymaga\u0144. Ta elastyczno\u015b\u0107 pozwala na bezproblemow\u0105 integracj\u0119 z r\u00f3\u017cnymi systemami i gwarantuje optymaln\u0105 wydajno\u015b\u0107 w r\u00f3\u017cnorodnych zastosowaniach.<\/p>\n<p>2. Zwi\u0119kszona \u0142adowno\u015b\u0107<\/p>\n<p>Jedn\u0105 z kluczowych zalet regulowanych si\u0142ownik\u00f3w wide\u0142kowych jest ich zdolno\u015b\u0107 do \u0142atwego przenoszenia du\u017cych obci\u0105\u017ce\u0144. Si\u0142owniki te s\u0105 zaprojektowane tak, aby wytrzymywa\u0107 wysokie ci\u015bnienia i zapewnia\u0107 solidne ud\u017awigi. Zaawansowana konstrukcja i wykonanie tych si\u0142ownik\u00f3w umo\u017cliwiaj\u0105 im przenoszenie ekstremalnych obci\u0105\u017ce\u0144 bez uszczerbku dla wydajno\u015bci i bezpiecze\u0144stwa.<\/p>\n<p>3. Precyzyjne pozycjonowanie i kontrola<\/p>\n<p>Regulowane si\u0142owniki wide\u0142kowe zapewniaj\u0105 precyzyjne pozycjonowanie i kontrol\u0119. Dzi\u0119ki precyzyjnie dostrojonym uk\u0142adom hydraulicznym, si\u0142owniki te oferuj\u0105 precyzyjny i p\u0142ynny ruch, umo\u017cliwiaj\u0105c precyzyjn\u0105 kontrol\u0119 \u0142adunku. Ten poziom kontroli jest kluczowy w zastosowaniach wymagaj\u0105cych precyzyjnego pozycjonowania, takich jak urz\u0105dzenia do transportu materia\u0142\u00f3w czy maszyny przemys\u0142owe.<\/p>\n<p>4. Wyj\u0105tkowa trwa\u0142o\u015b\u0107 i d\u0142ugowieczno\u015b\u0107<\/p>\n<p>Wysokiej jako\u015bci spawane cylindry hydrauliczne dwustronnego dzia\u0142ania, w tym cylindry z regulowanym wide\u0142kiem, s\u0105 trwa\u0142e. Cylindry te s\u0105 wykonane z trwa\u0142ych materia\u0142\u00f3w i przechodz\u0105 rygorystyczne kontrole jako\u015bci, aby zapewni\u0107 ich trwa\u0142o\u015b\u0107 i niezawodno\u015b\u0107. Zaprojektowano je tak, aby wytrzymywa\u0142y trudne warunki pracy, w tym ekstremalne temperatury, du\u017ce obci\u0105\u017cenia i cz\u0119ste u\u017cytkowanie, bez uszczerbku dla ich wydajno\u015bci i integralno\u015bci konstrukcyjnej.<\/p>\n<p>5. Poprawa wydajno\u015bci i efektywno\u015bci<\/p>\n<p>Regulowane si\u0142owniki wide\u0142kowe przyczyniaj\u0105 si\u0119 do poprawy wydajno\u015bci i efektywno\u015bci w r\u00f3\u017cnych systemach i zastosowaniach. Zapewniaj\u0105c precyzyjn\u0105 kontrol\u0119 i niezawodne dzia\u0142anie, si\u0142owniki te usprawniaj\u0105 procesy i optymalizuj\u0105 wydajno\u015b\u0107. Ich zdolno\u015b\u0107 do obs\u0142ugi du\u017cych obci\u0105\u017ce\u0144 i dostosowywania si\u0119 do zr\u00f3\u017cnicowanych wymaga\u0144 gwarantuje p\u0142ynn\u0105 i wydajn\u0105 prac\u0119, oszcz\u0119dzaj\u0105c czas i redukuj\u0105c przestoje.<\/p>\n<p>Podsumowuj\u0105c, regulowane si\u0142owniki wide\u0142kowe, takie jak wysokiej jako\u015bci spawane si\u0142owniki hydrauliczne dwustronnego dzia\u0142ania, dost\u0119pne w sprzeda\u017cy, oferuj\u0105 szereg zalet pod wzgl\u0119dem elastyczno\u015bci, ud\u017awigu, pozycjonowania, trwa\u0142o\u015bci i wydajno\u015bci. Si\u0142owniki te zosta\u0142y zaprojektowane tak, aby spe\u0142nia\u0107 najwy\u017csze standardy wydajno\u015bci i niezawodno\u015bci, co czyni je doskona\u0142ym wyborem do szerokiego zakresu zastosowa\u0144. Niezale\u017cnie od tego, czy chodzi o urz\u0105dzenia do transportu materia\u0142\u00f3w, maszyny przemys\u0142owe, czy inne systemy hydrauliczne, regulowane si\u0142owniki wide\u0142kowe zapewniaj\u0105 wszechstronno\u015b\u0107 i wydajno\u015b\u0107 niezb\u0119dn\u0105 do uzyskania optymalnych rezultat\u00f3w.<img decoding=\"async\" src=\"https:\/\/fmp-components.com\/wp-content\/uploads\/2024\/12\/Adjustable-Clevis-Type-Cylinders5.webp\" alt=\"Regulowany cylinder typu wide\u0142kowego\" width=\"800\" title=\"\"><\/p>\n<h2>Zastosowanie regulowanych cylindr\u00f3w typu wide\u0142kowego<\/h2>\n<p>Regulowane si\u0142owniki wide\u0142kowe to wszechstronne komponenty hydrauliczne, kt\u00f3re znajduj\u0105 zastosowanie w wielu bran\u017cach. Oto niekt\u00f3re z najcz\u0119stszych zastosowa\u0144 tych si\u0142ownik\u00f3w:<\/p>\n<ul>\n<li><strong>Produkcja:<\/strong> Regulowane si\u0142owniki wide\u0142kowe s\u0105 szeroko stosowane w procesach produkcyjnych, takich jak t\u0142oczenie, obr\u00f3bka plastyczna metali i obr\u00f3bka mechaniczna. S\u0142u\u017c\u0105 do wywierania si\u0142y, utrzymywania cz\u0119\u015bci w miejscu i sterowania ruchem. Wysokiej jako\u015bci spawane si\u0142owniki hydrauliczne dwustronnego dzia\u0142ania s\u0105 szczeg\u00f3lnie przydatne w \u015brodowiskach produkcyjnych, poniewa\u017c wytrzymuj\u0105 wysokie ci\u015bnienie i zapewniaj\u0105 sta\u0142\u0105 wydajno\u015b\u0107.<\/li>\n<li><strong>Budowa:<\/strong> Regulowane si\u0142owniki wide\u0142kowe s\u0105 r\u00f3wnie\u017c powszechnie stosowane w sprz\u0119cie budowlanym, takim jak koparki, spychacze i d\u017awigi. Si\u0142owniki te s\u0142u\u017c\u0105 do nap\u0119dzania ci\u0119\u017ckich maszyn, podnoszenia i opuszczania \u0142adunk\u00f3w oraz manipulowania r\u00f3\u017cnego rodzaju osprz\u0119tem. W budownictwie trwa\u0142o\u015b\u0107 ma kluczowe znaczenie, dlatego cz\u0119sto preferowane s\u0105 wysokiej jako\u015bci spawane si\u0142owniki hydrauliczne dwustronnego dzia\u0142ania.<\/li>\n<li><strong>Rolnictwo:<\/strong> Regulowane si\u0142owniki hydrauliczne typu wide\u0142kowego odgrywaj\u0105 kluczow\u0105 rol\u0119 w nowoczesnym sprz\u0119cie rolniczym, takim jak traktory, kombajny i p\u0142ugi. S\u0142u\u017c\u0105 one do sterowania ruchem p\u0142ug\u00f3w i innych urz\u0105dze\u0144, umo\u017cliwiaj\u0105c rolnikom bardziej wydajn\u0105 upraw\u0119 gleby i sadzenie ro\u015blin. Wysokiej jako\u015bci spawane si\u0142owniki hydrauliczne dwustronnego dzia\u0142ania s\u0105 r\u00f3wnie\u017c preferowane w rolnictwie ze wzgl\u0119du na swoj\u0105 niezawodno\u015b\u0107 i trwa\u0142o\u015b\u0107.<\/li>\n<li><strong>G\u00f3rnictwo:<\/strong> Regulowane cylindry hydrauliczne z wide\u0142kami s\u0105 niezb\u0119dne w sprz\u0119cie g\u00f3rniczym, gdzie s\u0142u\u017c\u0105 do zasilania wiertarek, koparek i innych ci\u0119\u017ckich maszyn. Cylindry te musz\u0105 by\u0107 odporne na ekstremalne ci\u015bnienia i dzia\u0142a\u0107 w trudnych warunkach, dlatego wysokiej jako\u015bci spawane cylindry hydrauliczne dwustronnego dzia\u0142ania s\u0105 cz\u0119sto preferowanym wyborem.<\/li>\n<li><strong>Transport:<\/strong> Regulowane si\u0142owniki wide\u0142kowe s\u0105 r\u00f3wnie\u017c stosowane w r\u00f3\u017cnych zastosowaniach transportowych, takich jak samochody ci\u0119\u017carowe, autobusy i samoloty. Si\u0142owniki te s\u0142u\u017c\u0105 do nap\u0119dzania r\u00f3\u017cnych podzespo\u0142\u00f3w, takich jak podwozia, drzwi i rampy, zapewniaj\u0105c p\u0142ynn\u0105 i wydajn\u0105 prac\u0119. Wysokiej jako\u015bci spawane si\u0142owniki hydrauliczne dwustronnego dzia\u0142ania s\u0105 niezb\u0119dne w transporcie, gdzie niezawodno\u015b\u0107 i bezpiecze\u0144stwo maj\u0105 kluczowe znaczenie.<\/li>\n<\/ul>\n<p>Podsumowuj\u0105c, zastosowanie regulowanych si\u0142ownik\u00f3w wide\u0142kowych jest szerokie i zr\u00f3\u017cnicowane, z wykorzystaniem w produkcji, budownictwie, rolnictwie, g\u00f3rnictwie i transporcie. Wybieraj\u0105c te si\u0142owniki, nale\u017cy zwr\u00f3ci\u0107 uwag\u0119 na wysokiej jako\u015bci spawane si\u0142owniki hydrauliczne dwustronnego dzia\u0142ania, aby zapewni\u0107 optymaln\u0105 wydajno\u015b\u0107 i trwa\u0142o\u015b\u0107 w ka\u017cdych warunkach.<img decoding=\"async\" src=\"https:\/\/fmp-components.com\/wp-content\/uploads\/2024\/12\/Application-of-Adjustable-Clevis-Type-Cylinders.webp\" alt=\"Regulowany cylinder typu wide\u0142kowego\" width=\"800\" title=\"\"><\/p>\n<h3>O FMP \u2013 cylindrze hydraulicznym<\/h3>\n<p>FMP to wiod\u0105ca firma w sprzeda\u017cy i serwisie cz\u0119\u015bci oraz kompletnych maszyn budowlanych. Posiadamy wieloletnie do\u015bwiadczenie w bran\u017cy i zesp\u00f3\u0142 profesjonalnych ekspert\u00f3w, kt\u00f3rzy zapewniaj\u0105 wysokiej jako\u015bci i niezawodne cz\u0119\u015bci oraz kompletne rozwi\u0105zania do maszyn budowlanych. Nasza szeroka oferta produkt\u00f3w obejmuje przek\u0142adnie do maszyn rolniczych, przek\u0142adnie planetarne, przek\u0142adnie przemys\u0142owe, cz\u0119\u015bci do maszyn rolniczych oraz szereg wysokiej jako\u015bci akcesori\u00f3w do nich. Zale\u017cy nam na dostarczaniu klientom najlepszych produkt\u00f3w i us\u0142ug. Oto kilka powod\u00f3w, dla kt\u00f3rych warto wybra\u0107 si\u0142owniki hydrauliczne FMP:<\/p>\n<ol>\n<li><strong>Produkty wysokiej jako\u015bci i niezawodne:<\/strong> W FMP priorytetowo traktujemy jako\u015b\u0107 naszych produkt\u00f3w. Nawi\u0105zujemy d\u0142ugoterminowe i stabilne relacje z wysokiej jako\u015bci dostawcami z ca\u0142ego \u015bwiata. Wszystkie dostarczane przez nas cz\u0119\u015bci spe\u0142niaj\u0105 surowe standardy jako\u015bci.<\/li>\n<li><strong>Szeroka gama produkt\u00f3w:<\/strong> Oferujemy szerok\u0105 gam\u0119 si\u0142ownik\u00f3w hydraulicznych, zar\u00f3wno standardowych, jak i niestandardowych. Nasz regulowany si\u0142ownik wide\u0142kowy to popularny produkt, charakteryzuj\u0105cy si\u0119 wysok\u0105 wytrzyma\u0142o\u015bci\u0105 i mo\u017cliwo\u015bci\u0105 regulacji, co pozwala na dostosowanie go do r\u00f3\u017cnych potrzeb.<\/li>\n<li><strong>Profesjonalny zesp\u00f3\u0142 sprzeda\u017cy:<\/strong> Nasz zesp\u00f3\u0142 sprzeda\u017cy to do\u015bwiadczeni i wykwalifikowani specjali\u015bci w bran\u017cy maszyn budowlanych. Znaj\u0105 najnowsze trendy rozwojowe i potrzeby klient\u00f3w, oferuj\u0105c profesjonalne doradztwo produktowe i trafne sugestie zakupowe.<\/li>\n<li><strong>Efektywna dystrybucja logistyczna:<\/strong> Rozumiemy, \u017ce terminowa dostawa jest kluczowa dla naszych klient\u00f3w. Dlatego stworzyli\u015bmy wydajny system dystrybucji logistycznej, aby zapewni\u0107 klientom terminowe i dok\u0142adne dostawy potrzebnych cz\u0119\u015bci.<\/li>\n<li><strong>Konkurencyjne ceny:<\/strong> W FMP oferujemy konkurencyjne ceny bez kompromis\u00f3w w kwestii jako\u015bci. Dok\u0142adamy wszelkich stara\u0144, aby zapewni\u0107 klientom najlepszy stosunek jako\u015bci do ceny.<\/li>\n<\/ol>\n<p><img decoding=\"async\" src=\"https:\/\/fmp-components.com\/wp-content\/uploads\/2024\/12\/Adjustable-Clevis-Type-Cylinders-6.webp\" alt=\"Regulowany cylinder typu wide\u0142kowego\" width=\"807\" title=\"\"><\/p>\n<p>Zale\u017cy nam na dostarczaniu naszym klientom wysokiej jako\u015bci produkt\u00f3w i us\u0142ug. Jeste\u015bmy przekonani, \u017ce mo\u017cemy sprosta\u0107 Pa\u0144stwa potrzebom w zakresie cylindr\u00f3w hydraulicznych. Zach\u0119camy do kontaktu w celu uzyskania dalszych informacji lub z\u0142o\u017cenia zam\u00f3wienia.<\/p>\n<h2>Cz\u0119sto zadawane pytania<\/h2>\n<p><strong>P: Czy cylindry hydrauliczne mo\u017cna dostosowa\u0107 do konkretnych wymaga\u0144?<\/strong><br \/>\nO: Tak, oferujemy mo\u017cliwo\u015b\u0107 dostosowania naszych cylindr\u00f3w hydraulicznych do Pa\u0144stwa indywidualnych potrzeb.<\/p>\n<p><strong>P: Jaki rodzaj gwarancji obejmuje cylindry hydrauliczne?<\/strong><br \/>\nA: Nasze cylindry hydrauliczne obj\u0119te s\u0105 roczn\u0105 gwarancj\u0105 na g\u0142\u00f3wne komponenty \u2013 \u0142o\u017cyska i cylinder hydrauliczny.<\/p>\n<p><strong>P: Jaki jest termin dostawy cylindr\u00f3w hydraulicznych?<\/strong><br \/>\nA: Zazwyczaj czas dostawy wynosi 25\u201335 dni od potwierdzenia zam\u00f3wienia.<\/p>\n<p><img decoding=\"async\" src=\"https:\/\/img.jiansujichilun.com\/img\/hydrauliccylinders\/T_hydrauliccylinders-5.webp\" alt=\"si\u0142ownik hydrauliczny\" width=\"800\" title=\"\"><\/p>\n<p>Autor: CX<\/p>","protected":false},"excerpt":{"rendered":"<p>High Quality Double Acting Welded Hydraulic Cylinders For Sale: Our High Quality Double Acting Welded Hydraulic Cylinders are the perfect solution for all your hydraulic power needs. These cylinders are designed to provide exceptional performance and reliability in a wide range of applications. With their double acting design, our hydraulic cylinders offer superior functionality and [&hellip;]<\/p>","protected":false},"featured_media":1338,"comment_status":"closed","ping_status":"closed","template":"","meta":{"_et_pb_use_builder":"","_et_pb_old_content":"","_et_gb_content_width":""},"product_brand":[],"product_cat":[39],"product_tag":[41,34],"class_list":{"0":"post-1345","1":"product","2":"type-product","3":"status-publish","4":"has-post-thumbnail","6":"product_cat-adjustable-clevis-type-cylinders","7":"product_tag-adjustable-clevis-type-cylinders","8":"product_tag-hydraulic-cylinder","10":"first","11":"instock","12":"product-type-simple"},"_links":{"self":[{"href":"https:\/\/fmp-components.com\/pl\/wp-json\/wp\/v2\/product\/1345","targetHints":{"allow":["GET"]}}],"collection":[{"href":"https:\/\/fmp-components.com\/pl\/wp-json\/wp\/v2\/product"}],"about":[{"href":"https:\/\/fmp-components.com\/pl\/wp-json\/wp\/v2\/types\/product"}],"replies":[{"embeddable":true,"href":"https:\/\/fmp-components.com\/pl\/wp-json\/wp\/v2\/comments?post=1345"}],"wp:featuredmedia":[{"embeddable":true,"href":"https:\/\/fmp-components.com\/pl\/wp-json\/wp\/v2\/media\/1338"}],"wp:attachment":[{"href":"https:\/\/fmp-components.com\/pl\/wp-json\/wp\/v2\/media?parent=1345"}],"wp:term":[{"taxonomy":"product_brand","embeddable":true,"href":"https:\/\/fmp-components.com\/pl\/wp-json\/wp\/v2\/product_brand?post=1345"},{"taxonomy":"product_cat","embeddable":true,"href":"https:\/\/fmp-components.com\/pl\/wp-json\/wp\/v2\/product_cat?post=1345"},{"taxonomy":"product_tag","embeddable":true,"href":"https:\/\/fmp-components.com\/pl\/wp-json\/wp\/v2\/product_tag?post=1345"}],"curies":[{"name":"wp","href":"https:\/\/api.w.org\/{rel}","templated":true}]}}