{"id":1341,"date":"2024-12-23T02:18:07","date_gmt":"2024-12-23T02:18:07","guid":{"rendered":"https:\/\/fmp-components.com\/product\/factory-price-mini-hydraulic-cylinders-piston-mini-hydraulic-cylinders\/"},"modified":"2024-12-23T03:49:52","modified_gmt":"2024-12-23T03:49:52","slug":"factory-price-mini-hydraulic-cylinders-piston-mini-hydraulic-cylinders","status":"publish","type":"product","link":"https:\/\/fmp-components.com\/pl\/product\/factory-price-mini-hydraulic-cylinders-piston-mini-hydraulic-cylinders\/","title":{"rendered":"Cena fabryczna Miniaturowe cylindry hydrauliczne T\u0142okowe Miniaturowe cylindry hydrauliczne"},"content":{"rendered":"<p>Miniaturowe si\u0142owniki hydrauliczne w cenie fabrycznej. Miniaturowe si\u0142owniki hydrauliczne t\u0142okowe stanowi\u0105 ekonomiczne rozwi\u0105zanie dla r\u00f3\u017cnych zastosowa\u0144 przemys\u0142owych. Te si\u0142owniki hydrauliczne s\u0105 kompaktowe, trwa\u0142e i oferuj\u0105 wysok\u0105 wydajno\u015b\u0107.<\/p>\n<p>Miniaturowe si\u0142owniki hydrauliczne t\u0142okowe zosta\u0142y zaprojektowane do generowania si\u0142y i ruchu liniowego pod wp\u0142ywem ci\u015bnienia p\u0142ynu hydraulicznego. Dost\u0119pne s\u0105 w r\u00f3\u017cnych rozmiarach, d\u0142ugo\u015bciach skoku i \u015brednicach t\u0142oka, aby sprosta\u0107 zr\u00f3\u017cnicowanym wymaganiom. Si\u0142owniki te idealnie nadaj\u0105 si\u0119 do stosowania w maszynach budowlanych, sprz\u0119cie rolniczym i innych zastosowaniach przemys\u0142owych.<\/p>\n<p>Miniaturowe si\u0142owniki hydrauliczne t\u0142okowe w cenie fabrycznej s\u0105 produkowane z wysokiej jako\u015bci materia\u0142\u00f3w, co gwarantuje niezawodno\u015b\u0107 i trwa\u0142o\u015b\u0107. Si\u0142owniki zaprojektowano tak, aby wytrzymywa\u0142y wysokie ci\u015bnienie i du\u017ce obci\u0105\u017cenia, dzi\u0119ki czemu idealnie nadaj\u0105 si\u0119 do pracy w wymagaj\u0105cych warunkach.<\/p>\n<p>Podsumowuj\u0105c, je\u015bli szukasz niezawodnego i ekonomicznego rozwi\u0105zania do zastosowa\u0144 przemys\u0142owych, miniaturowe si\u0142owniki hydrauliczne z t\u0142okiem w cenie fabrycznej to doskona\u0142y wyb\u00f3r. Ich kompaktowa konstrukcja, trwa\u0142o\u015b\u0107 i wysoka wydajno\u015b\u0107 sprawiaj\u0105, \u017ce idealnie nadaj\u0105 si\u0119 do szerokiego zakresu zastosowa\u0144.<\/p>\n<p><img loading=\"lazy\" decoding=\"async\" class=\"alignnone size-full wp-image-1334\" src=\"https:\/\/fmp-components.com\/wp-content\/uploads\/2024\/12\/Adjustable-Clevis-Type-Cylinders-4.webp\" alt=\"Cylindry typu wide\u0142kowego regulowanego\" width=\"800\" height=\"800\" title=\"\" srcset=\"https:\/\/fmp-components.com\/wp-content\/uploads\/2024\/12\/Adjustable-Clevis-Type-Cylinders-4.webp 800w, https:\/\/fmp-components.com\/wp-content\/uploads\/2024\/12\/Adjustable-Clevis-Type-Cylinders-4-480x480.webp 480w\" sizes=\"(min-width: 0px) and (max-width: 480px) 480px, (min-width: 481px) 800px, 100vw\" \/><\/p>\n<table style=\"width: 100%;\" border=\"1\" width=\"100%\" cellspacing=\"0\" cellpadding=\"0\">\n<tbody>\n<tr>\n<th>Nazwa produktu<\/th>\n<td>Miniaturowe cylindry hydrauliczne<\/td>\n<\/tr>\n<tr>\n<th>Stan<\/th>\n<td>Nowy<\/td>\n<\/tr>\n<tr>\n<th>Cena<\/th>\n<td>Cena fabryczna<\/td>\n<\/tr>\n<tr>\n<th>\u0179r\u00f3d\u0142o zasilania<\/th>\n<td>Hydrauliczny<\/td>\n<\/tr>\n<tr>\n<th>Materia\u0142 korpusu<\/th>\n<td>Wytrzyma\u0142a stal<\/td>\n<\/tr>\n<tr>\n<th>Maksymalny ci\u0105g<\/th>\n<td>3000<\/td>\n<\/tr>\n<tr>\n<th>Maksymalne poci\u0105gni\u0119cie<\/th>\n<td>20 ton<\/td>\n<\/tr>\n<tr>\n<th>Typ<\/th>\n<td>Regulowany cylinder typu wide\u0142kowego<\/td>\n<\/tr>\n<tr>\n<th>Porty<\/th>\n<td>G\/SAE\/NPT\/M<\/td>\n<\/tr>\n<tr>\n<th>Rozmiar otworu<\/th>\n<td>2 \u2013 6 cali<\/td>\n<\/tr>\n<tr>\n<th>Rozmiar pr\u0119ta<\/th>\n<td>1,125 \u2013 4 cale<\/td>\n<\/tr>\n<tr>\n<th>Rozmiar poci\u0105gni\u0119cia<\/th>\n<td>4 \u2013 100 cali<\/td>\n<\/tr>\n<tr>\n<th>Rozmiar szpilki<\/th>\n<td>0,5 \u2013 2 cale<\/td>\n<\/tr>\n<tr>\n<th>Kolor<\/th>\n<td>Elegancka czer\u0144<\/td>\n<\/tr>\n<tr>\n<th>Orzecznictwo<\/th>\n<td>ISO 9001:2000<\/td>\n<\/tr>\n<tr>\n<th>Opcje pakowania<\/th>\n<td>Skrzynia \u017celazna, skrzynia ze sklejki lub pude\u0142ko kartonowe<\/td>\n<\/tr>\n<tr>\n<th>Zastosowane bran\u017ce<\/th>\n<td>Warsztaty naprawy maszyn, gospodarstwa rolne, energetyka i g\u00f3rnictwo, produkcja maszyn, fabryki maszyn<\/td>\n<\/tr>\n<\/tbody>\n<\/table>\n<p>&nbsp;<\/p>\n<h2>Zalety regulowanych cylindr\u00f3w typu wide\u0142kowego<\/h2>\n<p>Regulowane cylindry wide\u0142kowe, takie jak miniaturowe cylindry hydrauliczne z serii Factory Price Piston, oferuj\u0105 liczne zalety w r\u00f3\u017cnych zastosowaniach dzi\u0119ki swojej unikalnej konstrukcji i funkcjonalno\u015bci. W tym artykule przyjrzymy si\u0119 kluczowym zaletom tych cylindr\u00f3w i zag\u0142\u0119bimy si\u0119 w ich szczeg\u00f3\u0142owy opis.<\/p>\n<h3>1. Wi\u0119ksza elastyczno\u015b\u0107 i mo\u017cliwo\u015b\u0107 personalizacji<\/h3>\n<p>Jedn\u0105 z g\u0142\u00f3wnych zalet regulowanych si\u0142ownik\u00f3w z wide\u0142kami jest ich zwi\u0119kszona elastyczno\u015b\u0107 i mo\u017cliwo\u015bci personalizacji. Si\u0142owniki te s\u0105 wyposa\u017cone w regulowane mocowania wide\u0142kowe, co pozwala u\u017cytkownikom na \u0142atw\u0105 modyfikacj\u0119 pozycji i k\u0105ta monta\u017cu, dostosowuj\u0105c je do indywidualnych potrzeb. Ta elastyczno\u015b\u0107 umo\u017cliwia bezproblemow\u0105 integracj\u0119 si\u0142ownik\u00f3w z szerok\u0105 gam\u0105 zastosowa\u0144, gwarantuj\u0105c optymaln\u0105 wydajno\u015b\u0107 i sprawno\u015b\u0107.<\/p>\n<h3>2. Precyzyjna regulacja skoku<\/h3>\n<p>Cylindry z regulowanym wide\u0142kiem sprawdzaj\u0105 si\u0119 w zastosowaniach wymagaj\u0105cych precyzyjnej regulacji skoku. Cylindry te posiadaj\u0105 gwintowany wide\u0142ek, kt\u00f3ry umo\u017cliwia precyzyjn\u0105 regulacj\u0119 d\u0142ugo\u015bci skoku cylindra. Taki poziom kontroli zapewnia precyzyjny ruch i pozycjonowanie, dzi\u0119ki czemu idealnie nadaj\u0105 si\u0119 do zada\u0144 wymagaj\u0105cych wysokiej precyzji i dok\u0142adno\u015bci.<\/p>\n<h3>3. Zwi\u0119kszona no\u015bno\u015b\u0107<\/h3>\n<p>Dzi\u0119ki solidnej konstrukcji i zaawansowanej konstrukcji, regulowane si\u0142owniki wide\u0142kowe oferuj\u0105 wi\u0119ksz\u0105 no\u015bno\u015b\u0107 w por\u00f3wnaniu z innymi typami si\u0142ownik\u00f3w. Si\u0142owniki te zosta\u0142y zaprojektowane tak, aby wytrzymywa\u0107 du\u017ce obci\u0105\u017cenia i trudne warunki pracy, dzi\u0119ki czemu nadaj\u0105 si\u0119 do wymagaj\u0105cych zastosowa\u0144 wymagaj\u0105cych du\u017cej si\u0142y podnoszenia lub pchania. Ich niezawodna wydajno\u015b\u0107 i trwa\u0142o\u015b\u0107 sprawiaj\u0105, \u017ce s\u0105 preferowanym wyborem w bran\u017cach takich jak budownictwo, produkcja i transport materia\u0142\u00f3w.<\/p>\n<h3>4. Wzmocnione \u015brodki bezpiecze\u0144stwa<\/h3>\n<p>Regulowane cylindry wide\u0142kowe stawiaj\u0105 na bezpiecze\u0144stwo podczas pracy. Cz\u0119sto s\u0105 wyposa\u017cone w zabezpieczenia, takie jak zawory zabezpieczaj\u0105ce przed przeci\u0105\u017ceniem, kt\u00f3re zapobiegaj\u0105 uszkodzeniu cylindra i innych podzespo\u0142\u00f3w w przypadku nadmiernego obci\u0105\u017cenia lub ci\u015bnienia. Ponadto cylindry te charakteryzuj\u0105 si\u0119 doskona\u0142\u0105 stabilno\u015bci\u0105 i odporno\u015bci\u0105 na uderzenia, zmniejszaj\u0105c ryzyko wypadk\u00f3w lub awarii sprz\u0119tu.<\/p>\n<h3>5. Efektywne zu\u017cycie energii<\/h3>\n<p>Kolejn\u0105 istotn\u0105 zalet\u0105 regulowanych si\u0142ownik\u00f3w wide\u0142kowych jest ich niskie zu\u017cycie energii. Si\u0142owniki te zosta\u0142y zaprojektowane tak, aby zminimalizowa\u0107 straty energii poprzez optymalizacj\u0119 wewn\u0119trznych \u015bcie\u017cek przep\u0142ywu i redukcj\u0119 tarcia. Ta energooszcz\u0119dna praca nie tylko obni\u017ca koszty operacyjne, ale tak\u017ce przyczynia si\u0119 do bardziej ekologicznego i zr\u00f3wnowa\u017conego \u015brodowiska.<\/p>\n<p>Regulowane cylindry z wide\u0142kami, takie jak miniaturowe cylindry hydrauliczne Factory Price Piston, oferuj\u0105 szereg zalet, kt\u00f3re czyni\u0105 je cennym wyborem do r\u00f3\u017cnych zastosowa\u0144. Ich zwi\u0119kszona elastyczno\u015b\u0107, precyzyjna regulacja skoku, zwi\u0119kszona no\u015bno\u015b\u0107, ulepszone zabezpieczenia i niskie zu\u017cycie energii wyr\u00f3\u017cniaj\u0105 je na tle innych typ\u00f3w cylindr\u00f3w. W\u0142\u0105czaj\u0105c te cylindry do swoich projekt\u00f3w, mo\u017cesz osi\u0105gn\u0105\u0107 optymaln\u0105 wydajno\u015b\u0107, zwi\u0119kszy\u0107 produktywno\u015b\u0107 i obni\u017cy\u0107 koszty.<\/p>\n<p><img decoding=\"async\" src=\"https:\/\/fmp-components.com\/wp-content\/uploads\/2024\/12\/Adjustable-Clevis-Type-Cylinders5.webp\" alt=\"Regulowany cylinder typu wide\u0142kowego\" width=\"800\" title=\"\"><\/p>\n<h2>Zastosowanie regulowanych cylindr\u00f3w typu wide\u0142kowego<\/h2>\n<p>Cylindry z regulowanym wide\u0142kiem to wszechstronne urz\u0105dzenia hydrauliczne o szerokim zakresie zastosowa\u0144 w r\u00f3\u017cnych ga\u0142\u0119ziach przemys\u0142u. Oto niekt\u00f3re z g\u0142\u00f3wnych zastosowa\u0144 tych cylindr\u00f3w:<\/p>\n<p>1. <strong>Bran\u017ca budowlana<\/strong><br \/>\nCylindry z regulowanym wide\u0142kiem s\u0105 szeroko stosowane w bran\u017cy budowlanej do ci\u0119\u017ckich zastosowa\u0144, takich jak podnoszenie i przemieszczanie ci\u0119\u017ckich \u0142adunk\u00f3w. Cylindry te idealnie nadaj\u0105 si\u0119 do wykonywania prac takich jak kopanie, wiercenie i rozbi\u00f3rka. Ich zdolno\u015b\u0107 do zapewnienia precyzyjnej kontroli i si\u0142y podnoszenia sprawia, \u017ce \u200b\u200bs\u0105 popularnym wyborem w tej bran\u017cy. Ponadto, ich odporno\u015b\u0107 na trudne warunki i zu\u017cycie sprawiaj\u0105, \u017ce s\u0105 bardzo trwa\u0142e, dzi\u0119ki czemu idealnie nadaj\u0105 si\u0119 do trudnych zastosowa\u0144 budowlanych.<\/p>\n<p>2. <strong>Przemys\u0142 wytw\u00f3rczy<\/strong><br \/>\nPrzemys\u0142 wytw\u00f3rczy to kolejny sektor, w kt\u00f3rym si\u0142owniki z regulowanym wide\u0142kiem znajduj\u0105 szerokie zastosowanie. Si\u0142owniki te s\u0142u\u017c\u0105 do zasilania szerokiej gamy urz\u0105dze\u0144 produkcyjnych, w tym przeno\u015bnik\u00f3w ta\u015bmowych, pras i maszyn tn\u0105cych. Mo\u017cliwo\u015b\u0107 regulacji d\u0142ugo\u015bci tych si\u0142ownik\u00f3w sprawia, \u017ce \u200b\u200bidealnie nadaj\u0105 si\u0119 one do stosowania w urz\u0105dzeniach produkcyjnych wymagaj\u0105cych precyzyjnego ruchu i kontroli. Dodatkowo, ich kompaktowe rozmiary u\u0142atwiaj\u0105 monta\u017c w ciasnych przestrzeniach.<\/p>\n<p>3. <strong>Przemys\u0142 rolny<\/strong><br \/>\nBran\u017ca rolnicza jest r\u00f3wnie\u017c wa\u017cnym u\u017cytkownikiem regulowanych si\u0142ownik\u00f3w wide\u0142kowych. Si\u0142owniki te s\u0105 szeroko stosowane w sprz\u0119cie rolniczym, takim jak traktory i kombajny. Mo\u017cliwo\u015b\u0107 precyzyjnej kontroli ruchu i si\u0142y sprawia, \u017ce \u200b\u200bsi\u0142owniki te idealnie nadaj\u0105 si\u0119 do zada\u0144 takich jak orka, sadzenie i zbi\u00f3r. Kompaktowe rozmiary tych si\u0142ownik\u00f3w u\u0142atwiaj\u0105 r\u00f3wnie\u017c ich monta\u017c w sprz\u0119cie rolniczym, co zwi\u0119ksza ich wszechstronno\u015b\u0107 w tej bran\u017cy.<\/p>\n<p>4. <strong>Bran\u017ca transportowa<\/strong><br \/>\nBran\u017ca transportowa r\u00f3wnie\u017c wykorzystuje cylindry wide\u0142kowe z regulacj\u0105 w r\u00f3\u017cnych zastosowaniach. Cylindry te s\u0105 stosowane w uk\u0142adach zawieszenia pojazd\u00f3w, takich jak ci\u0119\u017car\u00f3wki i autobusy, zapewniaj\u0105c pasa\u017cerom p\u0142ynn\u0105 i komfortow\u0105 jazd\u0119. Ponadto, cylindry te s\u0105 stosowane w uk\u0142adach hydraulicznych pojazd\u00f3w ci\u0119\u017carowych, takich jak d\u017awigi i koparki, zapewniaj\u0105c si\u0142\u0119 ud\u017awigu niezb\u0119dn\u0105 do wykonywania ich zada\u0144.<\/p>\n<p>Podsumowuj\u0105c, regulowane cylindry hydrauliczne z wide\u0142kami to wszechstronne urz\u0105dzenia hydrauliczne, kt\u00f3re znajduj\u0105 szerokie zastosowanie w r\u00f3\u017cnych ga\u0142\u0119ziach przemys\u0142u. Ich zdolno\u015b\u0107 do precyzyjnego sterowania i podnoszenia, a tak\u017ce trwa\u0142o\u015b\u0107 i kompaktowe rozmiary sprawiaj\u0105, \u017ce idealnie nadaj\u0105 si\u0119 do ci\u0119\u017ckich zastosowa\u0144, gdzie precyzja i niezawodno\u015b\u0107 s\u0105 kluczowe. Miniaturowe cylindry hydrauliczne t\u0142okowe w cenie fabrycznej oferuj\u0105 niedrogie i skuteczne rozwi\u0105zanie dla szerokiej gamy zastosowa\u0144 hydraulicznych.<img decoding=\"async\" src=\"https:\/\/fmp-components.com\/wp-content\/uploads\/2024\/12\/Application-of-Adjustable-Clevis-Type-Cylinders.webp\" alt=\"Regulowany cylinder typu wide\u0142kowego\" width=\"800\" title=\"\"><\/p>\n<h3>O FMP \u2013 cylindrze hydraulicznym<\/h3>\n<p><img decoding=\"async\" src=\"https:\/\/fmp-components.com\/wp-content\/uploads\/2024\/12\/Adjustable-Clevis-Type-Cylinders-6.webp\" alt=\"Regulowany cylinder typu wide\u0142kowego\" width=\"803\" title=\"\"><\/p>\n<p>W FMP specjalizujemy si\u0119 w produkcji i sprzeda\u017cy cylindr\u00f3w hydraulicznych. Dzi\u0119ki naszemu bogatemu do\u015bwiadczeniu w bran\u017cy i profesjonalnemu zespo\u0142owi, dok\u0142adamy wszelkich stara\u0144, aby dostarcza\u0107 naszym klientom wysokiej jako\u015bci i niezawodne produkty. Oto pi\u0119\u0107 kluczowych zalet wyboru naszych cylindr\u00f3w hydraulicznych:<\/p>\n<p>1. Najwy\u017csza jako\u015b\u0107: Nasze cylindry hydrauliczne s\u0105 produkowane z wykorzystaniem najwy\u017cszej jako\u015bci materia\u0142\u00f3w i zaawansowanych technologii, co gwarantuje wyj\u0105tkow\u0105 wydajno\u015b\u0107 i trwa\u0142o\u015b\u0107. Jako\u015b\u0107 jest dla nas priorytetem, aby spe\u0142nia\u0107 najwy\u017csze standardy i przekracza\u0107 oczekiwania klient\u00f3w.<\/p>\n<p>2. Szeroki wyb\u00f3r opcji: Oferujemy szerok\u0105 gam\u0119 si\u0142ownik\u00f3w hydraulicznych, aby sprosta\u0107 zr\u00f3\u017cnicowanym potrzebom. Niezale\u017cnie od tego, czy potrzebujesz si\u0142ownik\u00f3w jednostronnego lub dwustronnego dzia\u0142ania, si\u0142ownik\u00f3w teleskopowych, czy te\u017c konstrukcji niestandardowych, mamy idealne rozwi\u0105zanie dla Twoich specyficznych potrzeb.<\/p>\n<p>3. Konsultacje eksperckie: Nasz do\u015bwiadczony zesp\u00f3\u0142 sprzeda\u017cy posiada dog\u0142\u0119bn\u0105 wiedz\u0119 na temat bran\u017cy maszyn budowlanych. Doskonale orientuje si\u0119 w najnowszych trendach rozwojowych i potrzebach klient\u00f3w, co pozwala mu na zapewnienie profesjonalnego doradztwa produktowego. Zale\u017cy nam na tym, aby pom\u00f3c Pa\u0144stwu w podejmowaniu \u015bwiadomych decyzji i doborze odpowiedniego si\u0142ownika hydraulicznego do Pa\u0144stwa zastosowa\u0144.<\/p>\n<p>4. Efektywna logistyka: Rozumiemy wag\u0119 terminowej dostawy. Dzi\u0119ki naszemu wydajnemu systemowi dystrybucji logistycznej gwarantujemy szybk\u0105 dostaw\u0119 zam\u00f3wionych cylindr\u00f3w hydraulicznych. Nasz niezawodny i precyzyjny proces dostaw gwarantuje, \u017ce otrzymasz potrzebne cz\u0119\u015bci dok\u0142adnie wtedy, gdy ich potrzebujesz.<\/p>\n<p>5. Niezawodne partnerstwa: FMP nawi\u0105za\u0142o d\u0142ugotrwa\u0142e i stabilne relacje z wysokiej jako\u015bci dostawcami, zar\u00f3wno w kraju, jak i za granic\u0105. Dzi\u0119ki temu pozyskujemy wy\u0142\u0105cznie najlepsze komponenty do naszych si\u0142ownik\u00f3w hydraulicznych, gwarantuj\u0105c, \u017ce ka\u017cda cz\u0119\u015b\u0107 spe\u0142nia surowe standardy jako\u015bci. Priorytetem w naszych partnerstwach jest niezawodno\u015b\u0107, aby zapewni\u0107 Pa\u0144stwu najwy\u017cszy poziom satysfakcji.<\/p>\n<p>Wybierz FMP, je\u015bli potrzebujesz cylindr\u00f3w hydraulicznych i przekonaj si\u0119 o naszej doskona\u0142o\u015bci. Skontaktuj si\u0119 z nami ju\u017c dzi\u015b, aby om\u00f3wi\u0107 swoje potrzeby i rozpocz\u0105\u0107 owocn\u0105 wsp\u00f3\u0142prac\u0119.<\/p>\n<p>Autor: CX<\/p>","protected":false},"excerpt":{"rendered":"<p>Factory Price Mini Hydraulic Cylinders Piston Mini Hydraulic Cylinders provide a cost-effective solution for various industrial applications. These hydraulic cylinders are compact, durable and offer high performance. The piston mini hydraulic cylinders are designed to generate linear force and motion from hydraulic fluid pressure. They are available in various sizes, stroke lengths, and bore diameters [&hellip;]<\/p>","protected":false},"featured_media":1336,"comment_status":"closed","ping_status":"closed","template":"","meta":{"_et_pb_use_builder":"","_et_pb_old_content":"","_et_gb_content_width":""},"product_brand":[],"product_cat":[39],"product_tag":[41,34],"class_list":{"0":"post-1341","1":"product","2":"type-product","3":"status-publish","4":"has-post-thumbnail","6":"product_cat-adjustable-clevis-type-cylinders","7":"product_tag-adjustable-clevis-type-cylinders","8":"product_tag-hydraulic-cylinder","10":"first","11":"instock","12":"product-type-simple"},"_links":{"self":[{"href":"https:\/\/fmp-components.com\/pl\/wp-json\/wp\/v2\/product\/1341","targetHints":{"allow":["GET"]}}],"collection":[{"href":"https:\/\/fmp-components.com\/pl\/wp-json\/wp\/v2\/product"}],"about":[{"href":"https:\/\/fmp-components.com\/pl\/wp-json\/wp\/v2\/types\/product"}],"replies":[{"embeddable":true,"href":"https:\/\/fmp-components.com\/pl\/wp-json\/wp\/v2\/comments?post=1341"}],"wp:featuredmedia":[{"embeddable":true,"href":"https:\/\/fmp-components.com\/pl\/wp-json\/wp\/v2\/media\/1336"}],"wp:attachment":[{"href":"https:\/\/fmp-components.com\/pl\/wp-json\/wp\/v2\/media?parent=1341"}],"wp:term":[{"taxonomy":"product_brand","embeddable":true,"href":"https:\/\/fmp-components.com\/pl\/wp-json\/wp\/v2\/product_brand?post=1341"},{"taxonomy":"product_cat","embeddable":true,"href":"https:\/\/fmp-components.com\/pl\/wp-json\/wp\/v2\/product_cat?post=1341"},{"taxonomy":"product_tag","embeddable":true,"href":"https:\/\/fmp-components.com\/pl\/wp-json\/wp\/v2\/product_tag?post=1341"}],"curies":[{"name":"wp","href":"https:\/\/api.w.org\/{rel}","templated":true}]}}