{"id":1339,"date":"2024-12-23T02:18:07","date_gmt":"2024-12-23T02:18:07","guid":{"rendered":"https:\/\/fmp-components.com\/product\/quality-assurance-10-ton-hydraulic-cylinder-welded-hydraulic-cylinder-for-sale\/"},"modified":"2024-12-23T03:50:08","modified_gmt":"2024-12-23T03:50:08","slug":"quality-assurance-10-ton-hydraulic-cylinder-welded-hydraulic-cylinder-for-sale","status":"publish","type":"product","link":"https:\/\/fmp-components.com\/pl\/product\/quality-assurance-10-ton-hydraulic-cylinder-welded-hydraulic-cylinder-for-sale\/","title":{"rendered":"Zapewnienie jako\u015bci, 10-tonowy cylinder hydrauliczny, spawany cylinder hydrauliczny na sprzeda\u017c"},"content":{"rendered":"<h2>Przedstawiamy 10-tonowy spawany cylinder hydrauliczny na sprzeda\u017c:<\/h2>\n<p>Spawany si\u0142ownik hydrauliczny o ud\u017awigu 10 ton to wysokiej jako\u015bci produkt przeznaczony do r\u00f3\u017cnorodnych zastosowa\u0144 przemys\u0142owych. Ten si\u0142ownik hydrauliczny oferuje wyj\u0105tkow\u0105 wydajno\u015b\u0107 i trwa\u0142o\u015b\u0107, co czyni go niezawodnym wyborem do zada\u0144 wymagaj\u0105cych du\u017cej wytrzyma\u0142o\u015bci.<\/p>\n<p>G\u0142\u00f3wne cechy:<br \/>\n1. Wysokiej jako\u015bci konstrukcja: Si\u0142ownik hydrauliczny zosta\u0142 wykonany z precyzj\u0105 przy u\u017cyciu materia\u0142\u00f3w najwy\u017cszej jako\u015bci, co gwarantuje trwa\u0142o\u015b\u0107 i odporno\u015b\u0107 na zu\u017cycie.<br \/>\n2. Wytrzyma\u0142y i niezawodny: Dzi\u0119ki maksymalnemu ud\u017awigowi wynosz\u0105cemu 10 ton ten si\u0142ownik hydrauliczny bez trudu radzi sobie z du\u017cymi obci\u0105\u017ceniami, zapewniaj\u0105c wydajn\u0105 i niezawodn\u0105 prac\u0119.<br \/>\n3. Konstrukcja spawana: Konstrukcja spawana zwi\u0119ksza integralno\u015b\u0107 strukturaln\u0105 cylindra, gwarantuj\u0105c jego odporno\u015b\u0107 na wysokie ci\u015bnienie i trudne warunki pracy.<br \/>\n4. P\u0142ynna praca: Wyposa\u017cony w zaawansowan\u0105 technologi\u0119 hydrauliczn\u0105, ten cylinder zapewnia p\u0142ynn\u0105 i precyzyjn\u0105 prac\u0119, umo\u017cliwiaj\u0105c dok\u0142adn\u0105 kontrol\u0119 i manewrowanie.<br \/>\n5. Wszechstronne zastosowania: Spawany cylinder hydrauliczny o ud\u017awigu 10 ton nadaje si\u0119 do szerokiej gamy zastosowa\u0144, w tym do urz\u0105dze\u0144 d\u017awigowych, maszyn budowlanych i system\u00f3w automatyki przemys\u0142owej.<\/p>\n<p><img loading=\"lazy\" decoding=\"async\" class=\"alignnone size-full wp-image-1334\" src=\"https:\/\/fmp-components.com\/wp-content\/uploads\/2024\/12\/Adjustable-Clevis-Type-Cylinders-4.webp\" alt=\"Cylindry typu wide\u0142kowego regulowanego\" width=\"800\" height=\"800\" title=\"\" srcset=\"https:\/\/fmp-components.com\/wp-content\/uploads\/2024\/12\/Adjustable-Clevis-Type-Cylinders-4.webp 800w, https:\/\/fmp-components.com\/wp-content\/uploads\/2024\/12\/Adjustable-Clevis-Type-Cylinders-4-480x480.webp 480w\" sizes=\"(min-width: 0px) and (max-width: 480px) 480px, (min-width: 481px) 800px, 100vw\" \/><\/p>\n<p>Dlaczego warto wybra\u0107 spawany cylinder hydrauliczny o ud\u017awigu 10 ton:<br \/>\n1. Najwy\u017csza jako\u015b\u0107: Ten si\u0142ownik hydrauliczny jest produkowany zgodnie z najwy\u017cszymi standardami bran\u017cowymi, co gwarantuje wyj\u0105tkow\u0105 jako\u015b\u0107 i niezawodno\u015b\u0107.<br \/>\n2. Zwi\u0119kszona wydajno\u015b\u0107: Nowoczesna konstrukcja i technologia cylindra optymalizuj\u0105 wydajno\u015b\u0107 i efektywno\u015b\u0107, minimalizuj\u0105c przestoje i maksymalizuj\u0105c produktywno\u015b\u0107.<br \/>\n3. Rozwi\u0105zanie ekonomiczne: Dzi\u0119ki d\u0142ugiej \u017cywotno\u015bci i niskim wymaganiom konserwacyjnym ten si\u0142ownik hydrauliczny stanowi ekonomiczne rozwi\u0105zanie dla r\u00f3\u017cnych ga\u0142\u0119zi przemys\u0142u.<br \/>\n4. Zaufana marka: 10-tonowy spawany cylinder hydrauliczny jest produkowany przez renomowanego producenta znanego z produkcji wysokiej jako\u015bci sprz\u0119tu hydraulicznego.<\/p>\n<p>Podsumowuj\u0105c, spawany si\u0142ownik hydrauliczny o ud\u017awigu 10 ton to produkt najwy\u017cszej jako\u015bci, oferuj\u0105cy niezawodn\u0105 wydajno\u015b\u0107, trwa\u0142o\u015b\u0107 i wszechstronno\u015b\u0107. Niezale\u017cnie od tego, czy potrzebujesz go do podnoszenia ci\u0119\u017car\u00f3w, prac budowlanych, czy automatyki przemys\u0142owej, ten si\u0142ownik hydrauliczny to doskona\u0142y wyb\u00f3r.<\/p>\n<p>Odkryj nasz nowy 10-tonowy si\u0142ownik hydrauliczny, oferuj\u0105cy najwy\u017csze standardy kontroli jako\u015bci. Ten spawany si\u0142ownik hydrauliczny idealnie nadaje si\u0119 do stosowania w wielu bran\u017cach, takich jak warsztaty naprawcze maszyn, gospodarstwa rolne, energetyka i g\u00f3rnictwo oraz produkcja maszyn. Produkt wa\u017cy 30 kg i jest dostarczany z filmem inspekcyjnym oraz raportem z test\u00f3w maszyn. Jest on cz\u0119\u015bci\u0105 naszej nowej linii produkt\u00f3w na rok 2023, gwarantuj\u0105cej najnowocze\u015bniejsz\u0105 technologi\u0119 i design. G\u0142\u00f3wne komponenty obejmuj\u0105 \u0142o\u017cysko i si\u0142ownik hydrauliczny, obj\u0119te roczn\u0105 gwarancj\u0105. Ten standardowy si\u0142ownik t\u0142okowy, zasilany hydraulicznie, jest wykonany ze stali i osi\u0105ga maksymaln\u0105 si\u0142\u0119 ci\u0105gu 3000. Jest to regulowany si\u0142ownik typu wide\u0142kowego z portami G\/SAE\/NPT\/M i maksymalnym uci\u0105giem 20 ton. Si\u0142ownik posiada certyfikat ISO9001:2000 i jest dost\u0119pny w eleganckim czarnym kolorze. Posiada \u015brednic\u0119 otworu od 2 do 6 cali, rozmiar t\u0142oczyska od 1,125 do 4 cali, skok t\u0142oka od 4 do 100 cali i rozmiar sworznia od 0,5 do 2 cali.<\/p>\n<h2>Zalety regulowanych cylindr\u00f3w typu wide\u0142kowego<\/h2>\n<p>Regulowane cylindry wide\u0142kowe, takie jak 10-tonowy si\u0142ownik hydrauliczny Quality Assurance, ciesz\u0105 si\u0119 popularno\u015bci\u0105 w r\u00f3\u017cnych bran\u017cach ze wzgl\u0119du na swoje unikalne cechy i zalety. W tym artykule om\u00f3wimy zalety stosowania tych cylindr\u00f3w i wyja\u015bnimy, dlaczego s\u0105 one preferowane w por\u00f3wnaniu z innymi opcjami.<\/p>\n<h3>1. Wi\u0119ksza elastyczno\u015b\u0107 i zdolno\u015b\u0107 adaptacji<\/h3>\n<p>Jedn\u0105 z kluczowych zalet regulowanych si\u0142ownik\u00f3w wide\u0142kowych jest ich mo\u017cliwo\u015b\u0107 dostosowania do r\u00f3\u017cnych zastosowa\u0144 i wymaga\u0144. Si\u0142owniki te oferuj\u0105 szeroki zakres regulowanych skok\u00f3w, co pozwala na precyzyjne pozycjonowanie i precyzyjn\u0105 regulacj\u0119 wydajno\u015bci si\u0142ownika. Ta elastyczno\u015b\u0107 sprawia, \u017ce \u200b\u200bnadaj\u0105 si\u0119 one do r\u00f3\u017cnorodnych zada\u0144, od podnoszenia ci\u0119\u017ckich \u0142adunk\u00f3w po precyzyjne pozycjonowanie w maszynach przemys\u0142owych.<\/p>\n<h3>2. Zwi\u0119kszona trwa\u0142o\u015b\u0107 i wytrzyma\u0142o\u015b\u0107<\/h3>\n<p>Spawane cylindry hydrauliczne, takie jak 10-tonowy cylinder hydrauliczny z certyfikatem Quality Assurance, znane s\u0105 ze swojej wyj\u0105tkowej trwa\u0142o\u015bci i wytrzyma\u0142o\u015bci. Cylindry te s\u0105 zbudowane tak, aby wytrzymywa\u0142y wysokie ci\u015bnienia i du\u017ce obci\u0105\u017cenia, dzi\u0119ki czemu idealnie nadaj\u0105 si\u0119 do wymagaj\u0105cych zastosowa\u0144. Zastosowany w nich proces spawania gwarantuje solidn\u0105 i szczeln\u0105 konstrukcj\u0119, minimalizuj\u0105c ryzyko awarii i gwarantuj\u0105c niezawodn\u0105 prac\u0119 przez d\u0142ugi czas.<\/p>\n<h3>3. Optymalny rozk\u0142ad obci\u0105\u017cenia<\/h3>\n<p>Regulowane si\u0142owniki wide\u0142kowe zosta\u0142y zaprojektowane tak, aby zapewni\u0107 optymalny rozk\u0142ad obci\u0105\u017cenia, gwarantuj\u0105c r\u00f3wnomierne roz\u0142o\u017cenie masy na si\u0142owniku i jego punktach mocowania. Ta cecha jest szczeg\u00f3lnie wa\u017cna w zastosowaniach, w kt\u00f3rych nier\u00f3wnomierne roz\u0142o\u017cenie obci\u0105\u017cenia mo\u017ce prowadzi\u0107 do przedwczesnego zu\u017cycia sprz\u0119tu. Dzi\u0119ki r\u00f3wnomiernemu roz\u0142o\u017ceniu obci\u0105\u017cenia si\u0142owniki te pomagaj\u0105 poprawi\u0107 og\u00f3ln\u0105 wydajno\u015b\u0107 i wyd\u0142u\u017cy\u0107 \u017cywotno\u015b\u0107 maszyn.<\/p>\n<h3>4. Wszechstronno\u015b\u0107 opcji monta\u017cu<\/h3>\n<p>Kolejn\u0105 zalet\u0105 regulowanych si\u0142ownik\u00f3w z wide\u0142kami jest ich wszechstronno\u015b\u0107 w zakresie opcji monta\u017cu. Dzi\u0119ki regulowanej konstrukcji wide\u0142ek si\u0142owniki te mo\u017cna \u0142atwo montowa\u0107 w r\u00f3\u017cnych orientacjach i pozycjach. Ta elastyczno\u015b\u0107 pozwala na bezproblemow\u0105 integracj\u0119 z r\u00f3\u017cnymi systemami i maszynami, co czyni je preferowanym wyborem w wielu bran\u017cach.<\/p>\n<h3>5. Precyzyjna kontrola i pozycjonowanie<\/h3>\n<p>Dzi\u0119ki regulowanej d\u0142ugo\u015bci skoku, regulowane si\u0142owniki wide\u0142kowe umo\u017cliwiaj\u0105 precyzyjne sterowanie i pozycjonowanie. Ten poziom dok\u0142adno\u015bci jest kluczowy w zastosowaniach wymagaj\u0105cych precyzyjnego ruchu i pozycjonowania. Mo\u017cliwo\u015b\u0107 precyzyjnego dostrojenia d\u0142ugo\u015bci skoku pozwala operatorom osi\u0105gn\u0105\u0107 po\u017c\u0105dany poziom kontroli, zwi\u0119kszaj\u0105c og\u00f3ln\u0105 wydajno\u015b\u0107 i wydajno\u015b\u0107 sprz\u0119tu.<\/p>\n<h3>6. Rozwi\u0105zanie ekonomiczne<\/h3>\n<p>Pomimo zaawansowanych funkcji i zalet, regulowane si\u0142owniki wide\u0142kowe stanowi\u0105 ekonomiczne rozwi\u0105zanie dla r\u00f3\u017cnych bran\u017c. Si\u0142owniki te zosta\u0142y zaprojektowane z my\u015bl\u0105 o wysokiej wydajno\u015bci i trwa\u0142o\u015bci, minimalizuj\u0105c potrzeb\u0119 cz\u0119stych napraw lub wymian. Ich wszechstronno\u015b\u0107 i adaptowalno\u015b\u0107 przyczyniaj\u0105 si\u0119 r\u00f3wnie\u017c do oszcz\u0119dno\u015bci poprzez ograniczenie konieczno\u015bci stosowania wielu typ\u00f3w si\u0142ownik\u00f3w do r\u00f3\u017cnych zastosowa\u0144.<\/p>\n<h3>Wniosek<\/h3>\n<p>Podsumowuj\u0105c, regulowane si\u0142owniki wide\u0142kowe, takie jak si\u0142ownik hydrauliczny Quality Assurance o ud\u017awigu 10 ton, oferuj\u0105 liczne zalety, kt\u00f3re czyni\u0105 je popularnym wyborem w r\u00f3\u017cnych bran\u017cach. Od zwi\u0119kszonej elastyczno\u015bci i adaptacji po zwi\u0119kszon\u0105 trwa\u0142o\u015b\u0107 i wytrzyma\u0142o\u015b\u0107, si\u0142owniki te zapewniaj\u0105 optymalny rozk\u0142ad obci\u0105\u017cenia, wszechstronne opcje monta\u017cu, precyzyjn\u0105 kontrol\u0119 i pozycjonowanie, a wszystko to w przyst\u0119pnej cenie. Rozwa\u017c monta\u017c regulowanych si\u0142ownik\u00f3w wide\u0142kowych w swoich maszynach, aby zmaksymalizowa\u0107 wydajno\u015b\u0107 i efektywno\u015b\u0107.<\/p>\n<p><img decoding=\"async\" src=\"https:\/\/fmp-components.com\/wp-content\/uploads\/2024\/12\/Adjustable-Clevis-Type-Cylinders5.webp\" alt=\"Regulowany cylinder typu wide\u0142kowego\" width=\"800\" title=\"\"><\/p>\n<h2>Zastosowanie regulowanych cylindr\u00f3w typu wide\u0142kowego<\/h2>\n<p>Regulowane si\u0142owniki wide\u0142kowe to si\u0142owniki hydrauliczne zaprojektowane z my\u015bl\u0105 o zapewnieniu niezawodno\u015bci i wysokiej wydajno\u015bci. Si\u0142owniki te s\u0105 szeroko stosowane w wielu bran\u017cach, w tym w rolnictwie, budownictwie i przemy\u015ble. W tym wpisie na blogu om\u00f3wimy r\u00f3\u017cne zastosowania regulowanych si\u0142ownik\u00f3w wide\u0142kowych i ich wp\u0142yw na wydajno\u015b\u0107 r\u00f3\u017cnych maszyn.<\/p>\n<h3>1. Zastosowania rolnicze<\/h3>\n<p>Regulowane si\u0142owniki wide\u0142kowe s\u0105 cz\u0119sto stosowane w maszynach rolniczych, takich jak traktory, kultywatory, p\u0142ugi i kombajny. S\u0142u\u017c\u0105 do podnoszenia, pchania i ci\u0105gni\u0119cia ci\u0119\u017ckiego sprz\u0119tu i mog\u0105 pracowa\u0107 w trudnych warunkach, w obecno\u015bci kurzu, brudu i wilgoci. Si\u0142owniki zosta\u0142y zaprojektowane tak, aby wytrzyma\u0107 trudne warunki, a ich regulowana konstrukcja umo\u017cliwia precyzyjne pozycjonowanie, co jest niezb\u0119dne do precyzyjnego prowadzenia prac rolniczych. 10-tonowy si\u0142ownik hydrauliczny z gwarancj\u0105 jako\u015bci (SPA) to dwa przyk\u0142ady regulowanych si\u0142ownik\u00f3w wide\u0142kowych, powszechnie stosowanych w maszynach rolniczych.<\/p>\n<h3>2. Zastosowania budowlane<\/h3>\n<p>W bran\u017cy budowlanej regulowane si\u0142owniki wide\u0142kowe znajduj\u0105 szerokie zastosowanie, mi\u0119dzy innymi w koparkach, \u0142adowarkach, spychaczach i d\u017awigach. S\u0142u\u017c\u0105 one do podnoszenia i przemieszczania ci\u0119\u017ckich \u0142adunk\u00f3w, przebijania twardych powierzchni i kopania row\u00f3w. S\u0142u\u017c\u0105 r\u00f3wnie\u017c do obs\u0142ugi osprz\u0119tu, takiego jak \u0142y\u017cki, m\u0142oty i \u015bwidry. Regulowana konstrukcja tych si\u0142ownik\u00f3w umo\u017cliwia \u0142atw\u0105 instalacj\u0119 i konserwacj\u0119, co jest niezb\u0119dne w bran\u017cy budowlanej. 10-tonowy si\u0142ownik hydrauliczny z gwarancj\u0105 jako\u015bci (spawany si\u0142ownik hydrauliczny na sprzeda\u017c) to dwa przyk\u0142ady regulowanych si\u0142ownik\u00f3w wide\u0142kowych, powszechnie stosowanych w maszynach budowlanych.<\/p>\n<h3>3. Zastosowania produkcyjne<\/h3>\n<p>Regulowane si\u0142owniki wide\u0142kowe s\u0105 cz\u0119sto stosowane w maszynach produkcyjnych, takich jak prasy, t\u0142oczniki i wtryskarki. S\u0142u\u017c\u0105 do wywierania si\u0142y na r\u00f3\u017cne elementy maszyn, aby zapewni\u0107 precyzj\u0119 i dok\u0142adno\u015b\u0107 w procesie produkcyjnym. Si\u0142owniki te s\u0105 zaprojektowane do pracy pod wysokim ci\u015bnieniem i zapewniaj\u0105 powtarzaln\u0105 wydajno\u015b\u0107, co jest niezb\u0119dne dla sp\u00f3jnych i wydajnych operacji produkcyjnych. 10-tonowy si\u0142ownik hydrauliczny z gwarancj\u0105 jako\u015bci. Spawany si\u0142ownik hydrauliczny na sprzeda\u017c to dwa przyk\u0142ady regulowanych si\u0142ownik\u00f3w wide\u0142kowych, kt\u00f3re s\u0105 powszechnie stosowane w maszynach produkcyjnych.<\/p>\n<p>Podsumowuj\u0105c, regulowane si\u0142owniki wide\u0142kowe s\u0105 niezb\u0119dnymi komponentami w wielu bran\u017cach. Ich regulowana konstrukcja umo\u017cliwia precyzyjne pozycjonowanie, \u0142atwy monta\u017c i konserwacj\u0119. Zaprojektowano je z my\u015bl\u0105 o pracy w trudnych warunkach i pod wysokim ci\u015bnieniem, aby zapewni\u0107 niezawodn\u0105 i stabiln\u0105 wydajno\u015b\u0107. 10-tonowy si\u0142ownik hydrauliczny z gwarancj\u0105 jako\u015bci (SPA) to dwa przyk\u0142ady regulowanych si\u0142ownik\u00f3w wide\u0142kowych, kt\u00f3re s\u0105 cz\u0119sto stosowane w r\u00f3\u017cnych bran\u017cach. Zastosowanie tych si\u0142ownik\u00f3w pozwala znacznie zwi\u0119kszy\u0107 wydajno\u015b\u0107 i efektywno\u015b\u0107 r\u00f3\u017cnych maszyn.<img decoding=\"async\" src=\"https:\/\/fmp-components.com\/wp-content\/uploads\/2024\/12\/Application-of-Adjustable-Clevis-Type-Cylinders.webp\" alt=\"Regulowany cylinder typu wide\u0142kowego\" width=\"800\" title=\"\"><\/p>\n<h3>O cylindrze hydraulicznym FMP<\/h3>\n<p><img decoding=\"async\" src=\"https:\/\/fmp-components.com\/wp-content\/uploads\/2024\/12\/Adjustable-Clevis-Type-Cylinders-6.webp\" alt=\"Regulowany cylinder typu wide\u0142kowego\" width=\"802\" title=\"\"><\/p>\n<p>W FMP specjalizujemy si\u0119 w produkcji i sprzeda\u017cy wysokiej jako\u015bci si\u0142ownik\u00f3w hydraulicznych. Dzi\u0119ki naszemu bogatemu do\u015bwiadczeniu w bran\u017cy i profesjonalnemu zespo\u0142owi, jeste\u015bmy zaanga\u017cowani w dostarczanie naszym klientom niezawodnych i wydajnych rozwi\u0105za\u0144 w zakresie maszyn budowlanych. Oto pi\u0119\u0107 kluczowych zalet naszych produkt\u00f3w i firmy:<\/p>\n<p>1. Szeroki asortyment si\u0142ownik\u00f3w hydraulicznych: Oferujemy szerok\u0105 gam\u0119 si\u0142ownik\u00f3w hydraulicznych, dostosowanych do r\u00f3\u017cnorodnych wymaga\u0144 maszyn budowlanych. Od si\u0142ownik\u00f3w standardowych po rozwi\u0105zania niestandardowe \u2013 posiadamy wiedz\u0119 i do\u015bwiadczenie, aby sprosta\u0107 Pa\u0144stwa specyficznym potrzebom.<\/p>\n<p>2. Najwy\u017csza jako\u015b\u0107: Nasze cylindry hydrauliczne s\u0105 produkowane z wykorzystaniem najwy\u017cszej jako\u015bci materia\u0142\u00f3w i zaawansowanej technologii, co gwarantuje wyj\u0105tkow\u0105 trwa\u0142o\u015b\u0107 i wydajno\u015b\u0107. Ka\u017cdy cylinder przechodzi rygorystyczn\u0105 kontrol\u0119 jako\u015bci, aby spe\u0142nia\u0107 najwy\u017csze standardy bran\u017cowe.<\/p>\n<p>3. Zesp\u00f3\u0142 ekspert\u00f3w ds. sprzeda\u017cy: Nasz do\u015bwiadczony zesp\u00f3\u0142 sprzeda\u017cy doskonale orientuje si\u0119 w najnowszych trendach i wymaganiach klient\u00f3w w bran\u017cy maszyn budowlanych. Zapewniamy profesjonalne konsultacje produktowe i cenne sugestie zakupowe, aby pom\u00f3c Pa\u0144stwu w podejmowaniu \u015bwiadomych decyzji.<\/p>\n<p>4. Efektywna dystrybucja logistyczna: Rozumiemy wag\u0119 terminowych dostaw. Nasz efektywny system dystrybucji logistycznej gwarantuje szybk\u0105 i precyzyjn\u0105 dostaw\u0119 potrzebnych cylindr\u00f3w hydraulicznych, minimalizuj\u0105c przestoje i maksymalizuj\u0105c wydajno\u015b\u0107.<\/p>\n<p>5. Silne partnerstwa z dostawcami: Nawi\u0105zali\u015bmy d\u0142ugotrwa\u0142e i stabilne relacje z wysokiej jako\u015bci dostawcami na ca\u0142ym \u015bwiecie. Dzi\u0119ki temu mo\u017cemy pozyskiwa\u0107 i dostarcza\u0107 cz\u0119\u015bci do maszyn budowlanych spe\u0142niaj\u0105ce surowe standardy jako\u015bci, gwarantuj\u0105c niezawodno\u015b\u0107 i d\u0142ugowieczno\u015b\u0107 naszych cylindr\u00f3w hydraulicznych.<\/p>\n<p>Wybierz si\u0142ownik hydrauliczny FMP, aby cieszy\u0107 si\u0119 wyj\u0105tkow\u0105 jako\u015bci\u0105, niezawodn\u0105 wydajno\u015bci\u0105 i doskona\u0142\u0105 obs\u0142ug\u0105 klienta. Zosta\u0144 naszym partnerem ju\u017c dzi\u015b i poczuj r\u00f3\u017cnic\u0119 w dzia\u0142aniu maszyn budowlanych.<\/p>\n<h2>Cz\u0119sto zadawane pytania<\/h2>\n<p><strong>P: W jakich bran\u017cach sprawdzaj\u0105 si\u0119 si\u0142owniki hydrauliczne o ud\u017awigu 10 ton?<\/strong><br \/>\nA: Si\u0142ownik hydrauliczny o ud\u017awigu 10 ton jest wszechstronny i nadaje si\u0119 do stosowania w wielu ga\u0142\u0119ziach przemys\u0142u, w tym w warsztatach naprawczych maszyn, gospodarstwach rolnych, energetyce i g\u00f3rnictwie oraz produkcji maszyn.<\/p>\n<p><strong>P: Jakie s\u0105 dost\u0119pne opcje personalizacji cylindra hydraulicznego o ud\u017awigu 10 ton?<\/strong><br \/>\nA: W FMP oferujemy opcje personalizacji rozmiaru otworu, d\u0142ugo\u015bci skoku i no\u015bno\u015bci, dostosowuj\u0105c nasze cylindry do dok\u0142adnych specyfikacji klienta.<\/p>\n<p><strong>P: Jaki jest okres gwarancji na si\u0142ownik hydrauliczny o ud\u017awigu 10 ton?<\/strong><\/p>\n<p>A: Si\u0142ownik hydrauliczny o ud\u017awigu 10 ton obj\u0119ty jest roczn\u0105 gwarancj\u0105, co zapewnia ochron\u0119 inwestycji.<\/p>\n<p><img decoding=\"async\" src=\"https:\/\/img.jiansujichilun.com\/img\/hydrauliccylinders\/C_hydrauliccylinders-5.webp\" alt=\"si\u0142ownik hydrauliczny\" width=\"800\" title=\"\"><\/p>\n<p>Autor: CX<\/p>","protected":false},"excerpt":{"rendered":"<p>Introducing the 10 Ton Hydraulic Cylinder Welded Hydraulic Cylinder For Sale: The 10 Ton Hydraulic Cylinder Welded Hydraulic Cylinder is a high-quality product designed for various industrial applications. This hydraulic cylinder offers exceptional performance and durability, making it a reliable choice for heavy-duty tasks. Key Features: 1. High-Quality Construction: The hydraulic cylinder is constructed with [&hellip;]<\/p>","protected":false},"featured_media":1340,"comment_status":"closed","ping_status":"closed","template":"","meta":{"_et_pb_use_builder":"","_et_pb_old_content":"","_et_gb_content_width":""},"product_brand":[],"product_cat":[39],"product_tag":[41,34],"class_list":{"0":"post-1339","1":"product","2":"type-product","3":"status-publish","4":"has-post-thumbnail","6":"product_cat-adjustable-clevis-type-cylinders","7":"product_tag-adjustable-clevis-type-cylinders","8":"product_tag-hydraulic-cylinder","10":"first","11":"instock","12":"product-type-simple"},"_links":{"self":[{"href":"https:\/\/fmp-components.com\/pl\/wp-json\/wp\/v2\/product\/1339","targetHints":{"allow":["GET"]}}],"collection":[{"href":"https:\/\/fmp-components.com\/pl\/wp-json\/wp\/v2\/product"}],"about":[{"href":"https:\/\/fmp-components.com\/pl\/wp-json\/wp\/v2\/types\/product"}],"replies":[{"embeddable":true,"href":"https:\/\/fmp-components.com\/pl\/wp-json\/wp\/v2\/comments?post=1339"}],"wp:featuredmedia":[{"embeddable":true,"href":"https:\/\/fmp-components.com\/pl\/wp-json\/wp\/v2\/media\/1340"}],"wp:attachment":[{"href":"https:\/\/fmp-components.com\/pl\/wp-json\/wp\/v2\/media?parent=1339"}],"wp:term":[{"taxonomy":"product_brand","embeddable":true,"href":"https:\/\/fmp-components.com\/pl\/wp-json\/wp\/v2\/product_brand?post=1339"},{"taxonomy":"product_cat","embeddable":true,"href":"https:\/\/fmp-components.com\/pl\/wp-json\/wp\/v2\/product_cat?post=1339"},{"taxonomy":"product_tag","embeddable":true,"href":"https:\/\/fmp-components.com\/pl\/wp-json\/wp\/v2\/product_tag?post=1339"}],"curies":[{"name":"wp","href":"https:\/\/api.w.org\/{rel}","templated":true}]}}