{"id":1059,"date":"2024-12-19T06:17:44","date_gmt":"2024-12-19T06:17:44","guid":{"rendered":"https:\/\/fmp-components.com\/product\/10051-good-quality-hydraulic-ram-cylinder-hydraulic-piston-cylinder-for-trailer\/"},"modified":"2024-12-23T09:01:10","modified_gmt":"2024-12-23T09:01:10","slug":"10051-good-quality-hydraulic-ram-cylinder-hydraulic-piston-cylinder-for-trailer","status":"publish","type":"product","link":"https:\/\/fmp-components.com\/pl\/product\/10051-good-quality-hydraulic-ram-cylinder-hydraulic-piston-cylinder-for-trailer\/","title":{"rendered":"10051 Dobrej jako\u015bci si\u0142ownik hydrauliczny si\u0142ownik hydrauliczny t\u0142okowy do przyczepy"},"content":{"rendered":"<h2>Wprowadzenie do produktu:<\/h2>\n<p>Wysokiej jako\u015bci si\u0142ownik hydrauliczny 10051 do przyczep to produkt najwy\u017cszej jako\u015bci, zaprojektowany z my\u015bl\u0105 o zaspokojeniu wszystkich potrzeb hydraulicznych. Dzi\u0119ki wyj\u0105tkowej jako\u015bci i niezawodnej pracy, ten si\u0142ownik hydrauliczny idealnie pasuje do przyczep r\u00f3\u017cnego rodzaju.<\/p>\n<p>Ten si\u0142ownik, charakteryzuj\u0105cy si\u0119 solidn\u0105 konstrukcj\u0105 i wytrzyma\u0142o\u015bci\u0105 na du\u017ce obci\u0105\u017cenia, zapewnia p\u0142ynn\u0105 i wydajn\u0105 prac\u0119. Jego hydrauliczny uk\u0142ad si\u0142ownika zapewnia du\u017c\u0105 i r\u00f3wnomiern\u0105 si\u0142\u0119, dzi\u0119ki czemu idealnie nadaje si\u0119 do zastosowa\u0144 wymagaj\u0105cych precyzyjnej kontroli i stabilno\u015bci.<\/p>\n<p>Wykonany z wysokiej jako\u015bci materia\u0142\u00f3w, ten si\u0142ownik hydrauliczny oferuje wyj\u0105tkow\u0105 trwa\u0142o\u015b\u0107 i \u017cywotno\u015b\u0107. Konstrukcja t\u0142oka zapewnia doskona\u0142e uszczelnienie, zapobiegaj\u0105c wyciekom i gwarantuj\u0105c optymaln\u0105 wydajno\u015b\u0107.<\/p>\n<p>Niezale\u017cnie od tego, czy potrzebujesz podnosi\u0107, pcha\u0107, czy ci\u0105gn\u0105\u0107 ci\u0119\u017ckie \u0142adunki, ten si\u0142ownik hydrauliczny zapewnia wyj\u0105tkow\u0105 moc i wydajno\u015b\u0107. Jego wszechstronno\u015b\u0107 i niezawodno\u015b\u0107 sprawiaj\u0105, \u017ce nadaje si\u0119 do szerokiej gamy bran\u017c, w tym budownictwa, rolnictwa i transportu.<\/p>\n<p>Podsumowuj\u0105c, si\u0142ownik hydrauliczny 10051 dobrej jako\u015bci do przyczep to niezawodny i wydajny produkt, kt\u00f3ry przekroczy Twoje oczekiwania. Dzi\u0119ki doskona\u0142ej konstrukcji, wyj\u0105tkowej wytrzyma\u0142o\u015bci i trwa\u0142o\u015bci, ten si\u0142ownik hydrauliczny jest niew\u0105tpliwie cennym dodatkiem do ka\u017cdej przyczepy.<\/p>\n<h2>O cylindrze hydraulicznym FMP<\/h2>\n<p>Si\u0142ownik hydrauliczny FMP, znany r\u00f3wnie\u017c jako si\u0142ownik hydrauliczny t\u0142okowy, to niezb\u0119dne urz\u0105dzenie do przyczep. Si\u0142ownik wykorzystuje ci\u015bnienie hydrauliczne do generowania energii mechanicznej poprzez ruch t\u0142oka. Produkt ten jest szeroko stosowany w r\u00f3\u017cnych ga\u0142\u0119ziach przemys\u0142u, w tym w budownictwie, g\u00f3rnictwie i produkcji przyczep, ze wzgl\u0119du na swoj\u0105 doskona\u0142\u0105 wydajno\u015b\u0107 i sprawno\u015b\u0107.<\/p>\n<h3>Funkcje i znaczenie<\/h3>\n<p><img decoding=\"async\" src=\"https:\/\/hzpt.com\/wp-content\/uploads\/2023\/12\/insert-1.webp\" alt=\"\" title=\"\"><\/p>\n<p>Si\u0142ownik hydrauliczny odgrywa kluczow\u0105 rol\u0119 w wielu ga\u0142\u0119ziach przemys\u0142u. Jest energooszcz\u0119dny i niezwykle skuteczny w podnoszeniu, pchaniu, ci\u0105gni\u0119ciu i utrzymywaniu \u0142adunk\u00f3w. Znaczenie si\u0142ownika jest nie do przecenienia, zw\u0142aszcza w produkcji przyczep, gdzie p\u0142ynna praca jest kluczowa. Unikalne cechy i zalety tego produktu wyr\u00f3\u017cniaj\u0105 go na tle innych, gwarantuj\u0105c bezpiecze\u0144stwo i wydajno\u015b\u0107.<\/p>\n<h3>Specyfikacja produktu<\/h3>\n<p>Wymiary, pojemno\u015b\u0107 i no\u015bno\u015b\u0107 r\u00f3\u017cni\u0105 si\u0119 w zale\u017cno\u015bci od modelu.<\/p>\n<h2>Zrozumienie uk\u0142ad\u00f3w hydraulicznych i zasady ich dzia\u0142ania<\/h2>\n<p>Uk\u0142ady hydrauliczne dzia\u0142aj\u0105 w oparciu o zasad\u0119 prawa Pascala, co oznacza, \u017ce \u200b\u200bci\u015bnienie wywierane na dowoln\u0105 cz\u0119\u015b\u0107 zamkni\u0119tego p\u0142ynu jest r\u00f3wnomiernie rozprowadzane we wszystkich kierunkach. Si\u0142ownik hydrauliczny, b\u0119d\u0105cy cz\u0119\u015bci\u0105 tego uk\u0142adu, wykorzystuje t\u0119 zasad\u0119, aby zapewni\u0107 wysok\u0105 moc wyj\u015bciow\u0105.<\/p>\n<h3>Zastosowanie si\u0142ownika hydraulicznego<\/h3>\n<p>Si\u0142ownik hydrauliczny jest stosowany g\u0142\u00f3wnie w przyczepach do podnoszenia, pchania, ci\u0105gni\u0119cia i przytrzymywania \u0142adunk\u00f3w. Dzi\u0119ki swojej wydajno\u015bci zapewnia p\u0142ynn\u0105 prac\u0119 w przyczepach.<\/p>\n<p>Wybierz si\u0119 na wirtualn\u0105 wycieczk\u0119 po naszej fabryce VR i przekonaj si\u0119, z jak\u0105 precyzj\u0105 i staranno\u015bci\u0105 wytwarzamy nasze produkty.<\/p>\n<h2>Wyb\u00f3r i konserwacja produkt\u00f3w<\/h2>\n<p>Wyb\u00f3r odpowiedniego p\u0142ynu hydraulicznego i uszczelnienia olejowego ma kluczowe znaczenie dla optymalnej pracy si\u0142ownika hydraulicznego. Regularna konserwacja i terminowa wymiana tych podzespo\u0142\u00f3w zapewniaj\u0105 d\u0142ug\u0105 \u017cywotno\u015b\u0107 produktu.<\/p>\n<h3>FMP: Tw\u00f3j niezawodny partner<\/h3>\n<p><img decoding=\"async\" src=\"https:\/\/hzpt.com\/wp-content\/uploads\/2023\/12\/insert-2.webp\" alt=\"\" title=\"\"><\/p>\n<p>FMP jest wiod\u0105cym producentem si\u0142ownik\u00f3w hydraulicznych we W\u0142oszech, szczyc\u0105cym si\u0119 zdolno\u015bci\u0105 produkcyjn\u0105 na poziomie 200 000 zestaw\u00f3w. Dysponuj\u0105c ponad 300 zestawami r\u00f3\u017cnorodnych, w pe\u0142ni zautomatyzowanych urz\u0105dze\u0144 produkcyjnych CNC oraz w pe\u0142ni zautomatyzowanymi urz\u0105dzeniami do monta\u017cu si\u0142ownik\u00f3w hydraulicznych, FMP gwarantuje wyj\u0105tkow\u0105 jako\u015b\u0107 i serwis.<\/p>\n<h3>Inne produkty<\/h3>\n<p>Opr\u00f3cz si\u0142ownik\u00f3w hydraulicznych, FMP oferuje si\u0142owniki do platform roboczych, pojazd\u00f3w przemys\u0142owych, wiertnic obrotowych, d\u017awig\u00f3w samochodowych, maszyn budowlanych, w\u00f3zk\u00f3w wid\u0142owych, wywrotek g\u00f3rniczych oraz maszyn sanitarnych. Oferujemy r\u00f3wnie\u017c mo\u017cliwo\u015b\u0107 personalizacji na podstawie projektu lub pr\u00f3bki.<\/p>\n<p><img decoding=\"async\" src=\"https:\/\/hzpt.com\/wp-content\/uploads\/2023\/12\/insert-5.webp\" alt=\"Fabryka FMP\" title=\"\"><\/p>\n<h2>Cz\u0119sto zadawane pytania<\/h2>\n<h3>P1: Jaka jest \u017cywotno\u015b\u0107 cylindra hydraulicznego?<\/h3>\n<p>A1: Przy prawid\u0142owej konserwacji te cylindry mog\u0105 wytrzyma\u0107 wiele lat.<\/p>\n<h3>P2: Jak cz\u0119sto nale\u017cy wymienia\u0107 p\u0142yn hydrauliczny?<\/h3>\n<p>A2: Zalecana cz\u0119stotliwo\u015b\u0107 wymiany p\u0142ynu hydraulicznego zale\u017cy od intensywno\u015bci u\u017cytkowania, jednak generalnie sugerujemy wymian\u0119 co 1000 godzin u\u017cytkowania.<\/p>\n<h3>P3: Jakiego rodzaju p\u0142ynu hydraulicznego nale\u017cy u\u017cy\u0107?<\/h3>\n<p>A3: Zalecamy stosowanie p\u0142ynu hydraulicznego okre\u015blonego przez producenta.<\/p>\n<h3>P4: Czy istnieje mo\u017cliwo\u015b\u0107 personalizacji?<\/h3>\n<p>A4: Tak, z przyjemno\u015bci\u0105 zajmiemy si\u0119 personalizacj\u0105 na podstawie projektu lub pr\u00f3bki.<\/p>\n<h3>P5: Jak mog\u0119 skontaktowa\u0107 si\u0119 z FMP, aby uzyska\u0107 wi\u0119cej informacji?<\/h3>\n<p>A5: Mo\u017cna si\u0119 z nami skontaktowa\u0107 poprzez nasz\u0105 oficjaln\u0105 stron\u0119 internetow\u0105 lub e-mailem.<\/p>\n<h2>Zalety cylindra spawanego typu wide\u0142kowego<\/h2>\n<p>Spawane cylindry wide\u0142kowe s\u0105 popularnym wyborem w wielu zastosowaniach przemys\u0142owych ze wzgl\u0119du na swoje unikalne zalety i korzy\u015bci. Oto niekt\u00f3re z kluczowych zalet spawanych cylindr\u00f3w wide\u0142kowych:<\/p>\n<h3>1. Zwi\u0119kszona wytrzyma\u0142o\u015b\u0107 i trwa\u0142o\u015b\u0107<\/h3>\n<p>Cylindry z mocowaniem wide\u0142kowym spawane s\u0105 wyposa\u017cone w spawan\u0105 za\u015blepk\u0119, co zapewnia wi\u0119ksz\u0105 wytrzyma\u0142o\u015b\u0107 i trwa\u0142o\u015b\u0107 w por\u00f3wnaniu z innymi typami cylindr\u00f3w. Dzi\u0119ki temu idealnie nadaj\u0105 si\u0119 do zastosowa\u0144 wymagaj\u0105cych du\u017cej wytrzyma\u0142o\u015bci i trwa\u0142o\u015bci.<\/p>\n<p>Dodatkowo spawana konstrukcja tych cylindr\u00f3w zmniejsza ryzyko przeciek\u00f3w lub awarii, co mo\u017ce przyczyni\u0107 si\u0119 do ograniczenia przestoj\u00f3w i koszt\u00f3w konserwacji.<\/p>\n<h3>2. Zdolno\u015b\u0107 do radzenia sobie z wysokim ci\u015bnieniem<\/h3>\n<p>Spawane si\u0142owniki wide\u0142kowe s\u0105 r\u00f3wnie\u017c w stanie wytrzyma\u0107 wysokie ci\u015bnienie, co czyni je popularnym wyborem w takich bran\u017cach jak budownictwo, g\u00f3rnictwo oraz przemys\u0142 naftowo-gazowy. Ich zdolno\u015b\u0107 do pracy w wysokich ci\u015bnieniach gwarantuje niezawodn\u0105 prac\u0119 w wymagaj\u0105cych warunkach.<\/p>\n<h3>3. Mo\u017cliwo\u015b\u0107 dostosowania projektu<\/h3>\n<p>Spawane si\u0142owniki wide\u0142kowe mog\u0105 by\u0107 projektowane na zam\u00f3wienie, aby spe\u0142ni\u0107 specyficzne wymagania danego zastosowania. Oznacza to, \u017ce mo\u017cna je dostosowa\u0107 do konkretnego rozmiaru, kszta\u0142tu lub wymaga\u0144 wydajno\u015bciowych. Mo\u017cliwo\u015b\u0107 dostosowania konstrukcji zapewnia r\u00f3wnie\u017c wi\u0119ksz\u0105 elastyczno\u015b\u0107 w procesie produkcji, co mo\u017ce prowadzi\u0107 do oszcz\u0119dno\u015bci koszt\u00f3w.<\/p>\n<h3>4. \u0141atwa instalacja<\/h3>\n<p>Spawane si\u0142owniki wide\u0142kowe s\u0105 zaprojektowane z my\u015bl\u0105 o \u0142atwej instalacji, co pozwala skr\u00f3ci\u0107 czas konfiguracji i obni\u017cy\u0107 koszty robocizny. Zazwyczaj s\u0105 one wst\u0119pnie zmontowane i gotowe do u\u017cycia od razu po wyj\u0119ciu z opakowania, co minimalizuje potrzeb\u0119 stosowania dodatkowych cz\u0119\u015bci lub podzespo\u0142\u00f3w.<\/p>\n<h3>5. Poprawiona wydajno\u015b\u0107<\/h3>\n<p>Konstrukcja spawanych si\u0142ownik\u00f3w wide\u0142kowych zapewnia lepsz\u0105 wydajno\u015b\u0107 w por\u00f3wnaniu z innymi typami si\u0142ownik\u00f3w. S\u0105 one w stanie wygenerowa\u0107 wi\u0119ksz\u0105 si\u0142\u0119 na jednostk\u0119 ci\u015bnienia, co mo\u017ce przyczyni\u0107 si\u0119 do poprawy wydajno\u015bci i produktywno\u015bci w zastosowaniach przemys\u0142owych.<\/p>\n<p>Og\u00f3lnie rzecz bior\u0105c, spawane si\u0142owniki wide\u0142kowe oferuj\u0105 szereg zalet i korzy\u015bci, kt\u00f3re czyni\u0105 je popularnym wyborem w wielu zastosowaniach przemys\u0142owych. Ich zwi\u0119kszona wytrzyma\u0142o\u015b\u0107 i trwa\u0142o\u015b\u0107, odporno\u015b\u0107 na wysokie ci\u015bnienie, mo\u017cliwo\u015b\u0107 dostosowania konstrukcji, \u0142atwo\u015b\u0107 monta\u017cu i lepsza wydajno\u015b\u0107 sprawiaj\u0105, \u017ce s\u0105 idealnym wyborem w wymagaj\u0105cych \u015brodowiskach, gdzie niezawodno\u015b\u0107 i wydajno\u015b\u0107 s\u0105 kluczowe.<\/p>\n<p><img loading=\"lazy\" decoding=\"async\" class=\"alignnone size-full wp-image-974\" src=\"https:\/\/fmp-components.com\/wp-content\/uploads\/2024\/12\/application-of-Welded-Tee-Type-Cylinder.webp\" alt=\"zastosowanie cylindra spawanego typu tr\u00f3jnika\" width=\"760\" height=\"860\" title=\"\" srcset=\"https:\/\/fmp-components.com\/wp-content\/uploads\/2024\/12\/application-of-Welded-Tee-Type-Cylinder.webp 760w, https:\/\/fmp-components.com\/wp-content\/uploads\/2024\/12\/application-of-Welded-Tee-Type-Cylinder-480x543.webp 480w\" sizes=\"(min-width: 0px) and (max-width: 480px) 480px, (min-width: 481px) 760px, 100vw\" \/><\/p>\n<h2>Zastosowanie cylindra spawanego typu wide\u0142kowego<\/h2>\n<ul>\n<li><strong>Maszyny przemys\u0142owe:<\/strong> Cylindry z mocowaniem wide\u0142kowym spawane s\u0105 szeroko stosowane w r\u00f3\u017cnych maszynach przemys\u0142owych do ci\u0119\u017ckich zastosowa\u0144. Cylindry te s\u0105 w stanie wytwarza\u0107 du\u017c\u0105 si\u0142\u0119 wyj\u015bciow\u0105 do podnoszenia i dociskania element\u00f3w maszyn. Konstrukcja z mocowaniem wide\u0142kowym spawanym zapewnia \u0142atwy monta\u017c i wydajn\u0105 prac\u0119, co czyni je popularnym wyborem w\u015br\u00f3d producent\u00f3w.\n<ul>\n<li>W przemy\u015ble wytw\u00f3rczym cylindry typu wide\u0142kowego spawane stosowane s\u0105 w prasach hydraulicznych, wtryskarkach i urz\u0105dzeniach do t\u0142oczenia metali w celu zapewnienia si\u0142y niezb\u0119dnej do formowania i kszta\u0142towania arkuszy blachy.<\/li>\n<li>W przemy\u015ble motoryzacyjnym cylindry te stosuje si\u0119 w podno\u015bnikach samochodowych, windach i maszynach monta\u017cowych do podnoszenia ci\u0119\u017ckich komponent\u00f3w w trakcie procesu produkcyjnego.<\/li>\n<li>W bran\u017cy budowlanej cylindry typu wide\u0142kowego spawane stosowane s\u0105 w d\u017awigach, koparkach i spycharkach do zasilania uk\u0142ad\u00f3w hydraulicznych podnosz\u0105cych i przemieszczaj\u0105cych ci\u0119\u017ckie \u0142adunki.<\/li>\n<\/ul>\n<\/li>\n<li><strong>Maszyny rolnicze:<\/strong> Maszyny rolnicze to jeden z najwa\u017cniejszych obszar\u00f3w zastosowania cylindr\u00f3w spawanych z wide\u0142kami. Cylindry te s\u0105 stosowane w r\u00f3\u017cnych maszynach rolniczych, w tym w ci\u0105gnikach, kombajnach i p\u0142ugach, aby zapewni\u0107 niezb\u0119dn\u0105 si\u0142\u0119 do przygotowania gleby, sadzenia i zbioru.\n<ul>\n<li>W przemy\u015ble rolniczym cylindry typu wide\u0142kowego spawane stosowane s\u0105 w p\u0142ugach, kultywatorach i siewnikach w celu zapewnienia si\u0142y niezb\u0119dnej do przygotowania gleby i sadzenia nasion.<\/li>\n<li>W przemy\u015ble \u017cniwnym si\u0142owniki te s\u0105 stosowane w maszynach \u017cniwnych, prasach i kosiarkach do zasilania uk\u0142ad\u00f3w hydraulicznych, kt\u00f3re zbieraj\u0105 i transportuj\u0105 plony.<\/li>\n<\/ul>\n<\/li>\n<li><strong>Lotnictwo i obronno\u015b\u0107:<\/strong> Cylindry typu wide\u0142kowego spawane s\u0105 r\u00f3wnie\u017c wykorzystywane w przemy\u015ble lotniczym i obronnym, gdzie wykorzystuje si\u0119 je w szerokim zakresie w samolotach, rakietach, pociskach i systemach obronnych.\n<ul>\n<li>W przemy\u015ble lotniczym cylindry typu wide\u0142kowego spawane stosowane s\u0105 w podwoziach samolot\u00f3w, klapach i hamulcach, aby zapewni\u0107 si\u0142\u0119 potrzebn\u0105 do startu i l\u0105dowania.<\/li>\n<li>W przemy\u015ble obronnym cylindry te stosuje si\u0119 w wyrzutniach rakiet, wie\u017cach dzia\u0142 i systemach czo\u0142gowych do zasilania uk\u0142ad\u00f3w hydraulicznych kontroluj\u0105cych ruch broni i amunicji.<\/li>\n<\/ul>\n<\/li>\n<li><strong>Przemys\u0142 morski:<\/strong> Cylindry typu wide\u0142kowego spawane s\u0105 r\u00f3wnie\u017c szeroko stosowane w przemy\u015ble morskim, gdzie wykorzystuje si\u0119 je w r\u00f3\u017cnych zastosowaniach na statkach, \u0142odziach i pojazdach podwodnych.\n<ul>\n<li>W przemy\u015ble stoczniowym cylindry typu wide\u0142kowego spawane stosowane s\u0105 w d\u017awigach, wyci\u0105garkach i sprz\u0119cie do prze\u0142adunku towar\u00f3w w celu zapewnienia si\u0142y niezb\u0119dnej do za\u0142adunku i roz\u0142adunku towar\u00f3w.<\/li>\n<li>W przemy\u015ble \u017ceglarskim cylindry te stosuje si\u0119 w uk\u0142adach sterowania, \u015brubach nap\u0119dowych i systemach kotwicznych, aby zapewni\u0107 si\u0142\u0119 niezb\u0119dn\u0105 do kontrolowania ruchu \u0142odzi i statk\u00f3w.<\/li>\n<li>W bran\u017cy pojazd\u00f3w podwodnych cylindry typu Welded Clevis s\u0105 stosowane w pojazdach podwodnych, pojazdach zdalnie sterowanych (ROV) i sprz\u0119cie nurkowym w celu zapewnienia si\u0142y niezb\u0119dnej do operacji podwodnych.<\/li>\n<\/ul>\n<\/li>\n<li><strong>Przemys\u0142 g\u00f3rniczy:<\/strong> Cylindry typu wide\u0142kowego spawane s\u0105 r\u00f3wnie\u017c wykorzystywane w przemy\u015ble g\u00f3rniczym, gdzie wykorzystuje si\u0119 je w r\u00f3\u017cnych zastosowaniach zwi\u0105zanych z wydobyciem minera\u0142\u00f3w i transportem materia\u0142\u00f3w.\n<ul>\n<li>W przemy\u015ble g\u00f3rniczym cylindry typu wide\u0142kowego spawane stosowane s\u0105 w systemach przeno\u015bnik\u00f3w ta\u015bmowych, maszynach wiertniczych i koparkach hydraulicznych w celu zapewnienia si\u0142y niezb\u0119dnej do wydobywania minera\u0142\u00f3w i materia\u0142\u00f3w z kopalni i kamienio\u0142om\u00f3w.<\/li>\n<\/ul>\n<\/li>\n<\/ul>\n<p>Autor:CX<\/p>","protected":false},"excerpt":{"rendered":"<p>Product Introduction: The 10051 Good Quality Hydraulic Ram Cylinder Hydraulic Piston Cylinder For Trailer is a top-notch product designed to meet all your hydraulic needs. With its exceptional quality and reliable performance, this hydraulic cylinder is a perfect fit for trailers of various kinds. Featuring a robust design and built to withstand heavy loads, this [&hellip;]<\/p>","protected":false},"featured_media":1127,"comment_status":"closed","ping_status":"closed","template":"","meta":{"_et_pb_use_builder":"","_et_pb_old_content":"","_et_gb_content_width":""},"product_brand":[],"product_cat":[36],"product_tag":[34,38],"class_list":{"0":"post-1059","1":"product","2":"type-product","3":"status-publish","4":"has-post-thumbnail","6":"product_cat-welded-clevis-type-cylinder","7":"product_tag-hydraulic-cylinder","8":"product_tag-welded-clevis-type-cylinder","10":"first","11":"instock","12":"product-type-simple"},"_links":{"self":[{"href":"https:\/\/fmp-components.com\/pl\/wp-json\/wp\/v2\/product\/1059","targetHints":{"allow":["GET"]}}],"collection":[{"href":"https:\/\/fmp-components.com\/pl\/wp-json\/wp\/v2\/product"}],"about":[{"href":"https:\/\/fmp-components.com\/pl\/wp-json\/wp\/v2\/types\/product"}],"replies":[{"embeddable":true,"href":"https:\/\/fmp-components.com\/pl\/wp-json\/wp\/v2\/comments?post=1059"}],"wp:featuredmedia":[{"embeddable":true,"href":"https:\/\/fmp-components.com\/pl\/wp-json\/wp\/v2\/media\/1127"}],"wp:attachment":[{"href":"https:\/\/fmp-components.com\/pl\/wp-json\/wp\/v2\/media?parent=1059"}],"wp:term":[{"taxonomy":"product_brand","embeddable":true,"href":"https:\/\/fmp-components.com\/pl\/wp-json\/wp\/v2\/product_brand?post=1059"},{"taxonomy":"product_cat","embeddable":true,"href":"https:\/\/fmp-components.com\/pl\/wp-json\/wp\/v2\/product_cat?post=1059"},{"taxonomy":"product_tag","embeddable":true,"href":"https:\/\/fmp-components.com\/pl\/wp-json\/wp\/v2\/product_tag?post=1059"}],"curies":[{"name":"wp","href":"https:\/\/api.w.org\/{rel}","templated":true}]}}