{"id":1058,"date":"2024-12-19T06:17:44","date_gmt":"2024-12-19T06:17:44","guid":{"rendered":"https:\/\/fmp-components.com\/product\/10050-factory-price-trailer-hydraulic-ram-cylinder-hydraulic-cylinder-for-sale\/"},"modified":"2024-12-23T09:01:24","modified_gmt":"2024-12-23T09:01:24","slug":"10050-factory-price-trailer-hydraulic-ram-cylinder-hydraulic-cylinder-for-sale","status":"publish","type":"product","link":"https:\/\/fmp-components.com\/pl\/product\/10050-factory-price-trailer-hydraulic-ram-cylinder-hydraulic-cylinder-for-sale\/","title":{"rendered":"10050 Cena fabryczna Si\u0142ownik hydrauliczny do przyczepy Si\u0142ownik hydrauliczny na sprzeda\u017c"},"content":{"rendered":"<h2>Wprowadzenie do produktu:<\/h2>\n<p>Si\u0142ownik hydrauliczny 10050 Factory Price Trailer Hydraulic Ram Cylinder na sprzeda\u017c to niezawodny i wydajny si\u0142ownik hydrauliczny przeznaczony do stosowania w r\u00f3\u017cnych typach przyczep. Dzi\u0119ki solidnej konstrukcji i doskona\u0142ej wydajno\u015bci, ten si\u0142ownik hydrauliczny jest preferowanym wyborem w wielu bran\u017cach.<\/p>\n<h3>Cechy i korzy\u015bci:<\/h3>\n<p>\u2013 Solidna i trwa\u0142a konstrukcja: Si\u0142ownik hydrauliczny 10050 wykonany jest z wysokiej jako\u015bci materia\u0142\u00f3w, kt\u00f3re zapewniaj\u0105 jego wytrzyma\u0142o\u015b\u0107 i trwa\u0142o\u015b\u0107, dzi\u0119ki czemu stanowi d\u0142ugoterminow\u0105 inwestycj\u0119 dla Twojej firmy.<\/p>\n<p>\u2013 Wydajna praca: Ten si\u0142ownik hydrauliczny zaprojektowano tak, aby zapewnia\u0142 niezr\u00f3wnan\u0105 wydajno\u015b\u0107 i efektywno\u015b\u0107, dzi\u0119ki czemu Twoja przyczepa b\u0119dzie dzia\u0142a\u0107 p\u0142ynnie i niezawodnie.<\/p>\n<p>\u2013 \u0141atwy monta\u017c: Cylinder jest \u0142atwy w monta\u017cu, co pozwala zaoszcz\u0119dzi\u0107 czas i pieni\u0105dze na kosztach instalacji.<\/p>\n<p>\u2013 Niskie wymagania konserwacyjne: Cylinder wymaga minimalnej konserwacji, co ogranicza przestoje i gwarantuje p\u0142ynne funkcjonowanie Twojej firmy.<\/p>\n<p><img decoding=\"async\" src=\"https:\/\/hzpt.com\/wp-content\/uploads\/2023\/12\/insert-1.webp\" alt=\"\" title=\"\"><\/p>\n<h3>Zastosowania:<\/h3>\n<p>Si\u0142ownik hydrauliczny 10050 nadaje si\u0119 do szerokiej gamy zastosowa\u0144, w tym:<\/p>\n<p>\u2013 Przyczepy wywrotki<br \/>\n\u2013 Przyczepy platformowe<br \/>\n\u2013 Przyczepy do transportu ci\u0119\u017ckiego sprz\u0119tu<br \/>\n\u2013 Przyczepy do przewozu zwierz\u0105t gospodarskich<br \/>\n\u2013 Przyczepy do transportu drewna<br \/>\n\u2013 I wi\u0119cej<\/p>\n<p>Si\u0142ownik hydrauliczny do przyczep o cenie fabrycznej 10050 to doskona\u0142a inwestycja dla ka\u017cdej firmy, kt\u00f3ra potrzebuje niezawodnych i wydajnych si\u0142ownik\u00f3w hydraulicznych. Dzi\u0119ki solidnej konstrukcji, wydajnej pracy i \u0142atwemu monta\u017cowi, ten si\u0142ownik hydrauliczny jest preferowanym wyborem w wielu bran\u017cach. FMP oferuje szeroki wyb\u00f3r si\u0142ownik\u00f3w hydraulicznych w konkurencyjnych cenach fabrycznych. Si\u0142owniki te zosta\u0142y zaprojektowane z my\u015bl\u0105 o zapewnieniu optymalnej wydajno\u015bci, trwa\u0142o\u015bci i niezawodno\u015bci, gwarantuj\u0105c wyj\u0105tkowe rezultaty we wszystkich zastosowaniach hydraulicznych.<\/p>\n<p>Si\u0142owniki hydrauliczne FMP: czym s\u0105 i jakie maj\u0105 funkcje<br \/>\nSi\u0142owniki hydrauliczne FMP to urz\u0105dzenia mechaniczne, kt\u00f3re przekszta\u0142caj\u0105 energi\u0119 hydrauliczn\u0105 w energi\u0119 mechaniczn\u0105. S\u0105 one bardzo poszukiwane w r\u00f3\u017cnych ga\u0142\u0119ziach przemys\u0142u ze wzgl\u0119du na swoj\u0105 wydajno\u015b\u0107 i skuteczno\u015b\u0107.<\/p>\n<p>Specyfikacja produktu<br \/>\nNasze si\u0142owniki hydrauliczne charakteryzuj\u0105 si\u0119 nast\u0119puj\u0105cymi parametrami technicznymi:<br \/>\n\u2013 Wymiary: Mo\u017cliwo\u015b\u0107 dostosowania do wymaga\u0144 klienta<br \/>\n\u2013 Pojemno\u015b\u0107: r\u00f3\u017cna w zale\u017cno\u015bci od modelu<br \/>\n\u2013 No\u015bno\u015b\u0107: Zaprojektowane do zastosowa\u0144 o du\u017cym ci\u0119\u017carze<\/p>\n<p>Unikalne cechy i zalety<br \/>\nDzi\u0119ki cylindrom hydraulicznym FMP mo\u017cesz cieszy\u0107 si\u0119 nast\u0119puj\u0105cymi funkcjami:<br \/>\n\u2013 Energooszcz\u0119dno\u015b\u0107: Nasze cylindry zaprojektowano tak, aby zu\u017cywa\u0142y mniej energii, dzi\u0119ki czemu s\u0105 ekonomiczne.<br \/>\n\u2013 Wysoka wydajno\u015b\u0107: Zaprojektowane do zastosowa\u0144 o du\u017cej wydajno\u015bci i wysokim ci\u015bnieniu.<br \/>\n\u2013 Bezpiecze\u0144stwo: Wyposa\u017cone w funkcje bezpiecze\u0144stwa zapobiegaj\u0105ce wypadkom podczas pracy.<\/p>\n<p>Zrozumienie uk\u0142adu hydraulicznego i zasady dzia\u0142ania<br \/>\nSi\u0142owniki hydrauliczne FMP dzia\u0142aj\u0105 w oparciu o prost\u0105 zasad\u0119 r\u00f3\u017cnicy ci\u015bnie\u0144. Wysokoci\u015bnieniowy p\u0142yn hydrauliczny wprawia t\u0142ok w ruch, kt\u00f3ry z kolei przesuwa obci\u0105\u017cenie.<\/p>\n<p>Zastosowanie si\u0142ownik\u00f3w hydraulicznych<br \/>\nSi\u0142owniki hydrauliczne FMP znajduj\u0105 szerokie zastosowanie w r\u00f3\u017cnych bran\u017cach, takich jak budownictwo, produkcja i transport. Idealnie nadaj\u0105 si\u0119 do podnoszenia, pchania lub ci\u0105gni\u0119cia ci\u0119\u017ckich \u0142adunk\u00f3w.<\/p>\n<p><img loading=\"lazy\" decoding=\"async\" class=\"alignnone size-full wp-image-1074\" src=\"https:\/\/fmp-components.com\/wp-content\/uploads\/2024\/12\/Welded-Clevis-Type-Cylinder1.webp\" alt=\"Spawany cylinder typu wide\u0142kowego\" width=\"800\" height=\"800\" title=\"\" srcset=\"https:\/\/fmp-components.com\/wp-content\/uploads\/2024\/12\/Welded-Clevis-Type-Cylinder1.webp 800w, https:\/\/fmp-components.com\/wp-content\/uploads\/2024\/12\/Welded-Clevis-Type-Cylinder1-480x480.webp 480w\" sizes=\"(min-width: 0px) and (max-width: 480px) 480px, (min-width: 481px) 800px, 100vw\" \/><\/p>\n<h3>O FMP<\/h3>\n<p>FMP jest wiod\u0105cym graczem na rynku mobilnych cylindr\u00f3w hydraulicznych we W\u0142oszech. Dysponuj\u0105c zdolno\u015bci\u0105 produkcyjn\u0105 na poziomie 200 000 zestaw\u00f3w, dysponujemy 300 w pe\u0142ni zautomatyzowanymi maszynami produkcyjnymi CNC, a tak\u017ce w pe\u0142ni zautomatyzowanymi urz\u0105dzeniami do monta\u017cu cylindr\u00f3w hydraulicznych.<\/p>\n<p>Dlaczego warto wybra\u0107 FMP<br \/>\nWybieraj\u0105c FMP, otrzymujesz nie tylko produkt, ale tak\u017ce jako\u015b\u0107, przyst\u0119pn\u0105 cen\u0119 i niezawodn\u0105 obs\u0142ug\u0119. Oferujemy szerok\u0105 gam\u0119 produkt\u00f3w, w tym si\u0142owniki hydrauliczne do podno\u015bnik\u00f3w koszowych, pojazd\u00f3w przemys\u0142owych, wiertnic obrotowych, \u017curawi samochodowych, maszyn budowlanych, w\u00f3zk\u00f3w wid\u0142owych, wywrotek g\u00f3rniczych i maszyn sanitarnych. Realizujemy r\u00f3wnie\u017c zam\u00f3wienia niestandardowe.<\/p>\n<p>Cz\u0119sto zadawane pytania<br \/>\nP: Jaka jest no\u015bno\u015b\u0107 Pa\u0144stwa cylindr\u00f3w?<br \/>\nA: To zale\u017cy od modelu, ale nasze cylindry s\u0105 zaprojektowane do ci\u0119\u017ckich zastosowa\u0144.<\/p>\n<p>P: Czy mog\u0119 zam\u00f3wi\u0107 niestandardowy cylinder hydrauliczny?<br \/>\nO: Tak, przyjmujemy zam\u00f3wienia niestandardowe. Prosimy o przes\u0142anie specyfikacji lub pr\u00f3bki.<\/p>\n<p>P: Jak konserwowa\u0107 si\u0142ownik hydrauliczny?<br \/>\nA: Regularna kontrola i wymiana oleju hydraulicznego i uszczelek mo\u017ce wyd\u0142u\u017cy\u0107 \u017cywotno\u015b\u0107 cylindra.<\/p>\n<p>P: Jak dzia\u0142a si\u0142ownik hydrauliczny?<br \/>\nA: Dzia\u0142a na zasadzie r\u00f3\u017cnicy ci\u015bnie\u0144. P\u0142yn hydrauliczny pod wysokim ci\u015bnieniem wprawia t\u0142ok w ruch, kt\u00f3ry z kolei przesuwa \u0142adunek.<\/p>\n<p>P: Czy mog\u0119 odwiedzi\u0107 Wasz\u0105 fabryk\u0119?<br \/>\nA: Tak, mo\u017cesz odwiedzi\u0107 nasz\u0105 fabryk\u0119 wirtualnie, klikaj\u0105c powy\u017cszy link do naszej fabryki VR.<\/p>\n<h2>Zalety cylindra spawanego typu wide\u0142kowego<\/h2>\n<p>Spawane cylindry wide\u0142kowe s\u0105 popularnym wyborem w wielu zastosowaniach przemys\u0142owych ze wzgl\u0119du na swoje unikalne zalety i korzy\u015bci. Oto niekt\u00f3re z kluczowych zalet spawanych cylindr\u00f3w wide\u0142kowych:<\/p>\n<h3>1. Zwi\u0119kszona wytrzyma\u0142o\u015b\u0107 i trwa\u0142o\u015b\u0107<\/h3>\n<p>Cylindry z mocowaniem wide\u0142kowym spawane s\u0105 wyposa\u017cone w spawan\u0105 za\u015blepk\u0119, co zapewnia wi\u0119ksz\u0105 wytrzyma\u0142o\u015b\u0107 i trwa\u0142o\u015b\u0107 w por\u00f3wnaniu z innymi typami cylindr\u00f3w. Dzi\u0119ki temu idealnie nadaj\u0105 si\u0119 do zastosowa\u0144 wymagaj\u0105cych du\u017cej wytrzyma\u0142o\u015bci i trwa\u0142o\u015bci.<\/p>\n<p>Dodatkowo spawana konstrukcja tych cylindr\u00f3w zmniejsza ryzyko przeciek\u00f3w lub awarii, co mo\u017ce przyczyni\u0107 si\u0119 do ograniczenia przestoj\u00f3w i koszt\u00f3w konserwacji.<\/p>\n<h3>2. Zdolno\u015b\u0107 do radzenia sobie z wysokim ci\u015bnieniem<\/h3>\n<p>Spawane si\u0142owniki wide\u0142kowe s\u0105 r\u00f3wnie\u017c w stanie wytrzyma\u0107 wysokie ci\u015bnienie, co czyni je popularnym wyborem w takich bran\u017cach jak budownictwo, g\u00f3rnictwo oraz przemys\u0142 naftowo-gazowy. Ich zdolno\u015b\u0107 do pracy w wysokich ci\u015bnieniach gwarantuje niezawodn\u0105 prac\u0119 w wymagaj\u0105cych warunkach.<\/p>\n<h3>3. Mo\u017cliwo\u015b\u0107 dostosowania projektu<\/h3>\n<p>Spawane si\u0142owniki wide\u0142kowe mog\u0105 by\u0107 projektowane na zam\u00f3wienie, aby spe\u0142ni\u0107 specyficzne wymagania danego zastosowania. Oznacza to, \u017ce mo\u017cna je dostosowa\u0107 do konkretnego rozmiaru, kszta\u0142tu lub wymaga\u0144 wydajno\u015bciowych. Mo\u017cliwo\u015b\u0107 dostosowania konstrukcji zapewnia r\u00f3wnie\u017c wi\u0119ksz\u0105 elastyczno\u015b\u0107 w procesie produkcji, co mo\u017ce prowadzi\u0107 do oszcz\u0119dno\u015bci koszt\u00f3w.<\/p>\n<h3>4. \u0141atwa instalacja<\/h3>\n<p>Spawane si\u0142owniki wide\u0142kowe s\u0105 zaprojektowane z my\u015bl\u0105 o \u0142atwej instalacji, co pozwala skr\u00f3ci\u0107 czas konfiguracji i obni\u017cy\u0107 koszty robocizny. Zazwyczaj s\u0105 one wst\u0119pnie zmontowane i gotowe do u\u017cycia od razu po wyj\u0119ciu z opakowania, co minimalizuje potrzeb\u0119 stosowania dodatkowych cz\u0119\u015bci lub podzespo\u0142\u00f3w.<\/p>\n<h3>5. Poprawiona wydajno\u015b\u0107<\/h3>\n<p>Konstrukcja spawanych si\u0142ownik\u00f3w wide\u0142kowych zapewnia lepsz\u0105 wydajno\u015b\u0107 w por\u00f3wnaniu z innymi typami si\u0142ownik\u00f3w. S\u0105 one w stanie wygenerowa\u0107 wi\u0119ksz\u0105 si\u0142\u0119 na jednostk\u0119 ci\u015bnienia, co mo\u017ce przyczyni\u0107 si\u0119 do poprawy wydajno\u015bci i produktywno\u015bci w zastosowaniach przemys\u0142owych.<\/p>\n<p>Og\u00f3lnie rzecz bior\u0105c, spawane si\u0142owniki wide\u0142kowe oferuj\u0105 szereg zalet i korzy\u015bci, kt\u00f3re czyni\u0105 je popularnym wyborem w wielu zastosowaniach przemys\u0142owych. Ich zwi\u0119kszona wytrzyma\u0142o\u015b\u0107 i trwa\u0142o\u015b\u0107, odporno\u015b\u0107 na wysokie ci\u015bnienie, mo\u017cliwo\u015b\u0107 dostosowania konstrukcji, \u0142atwo\u015b\u0107 monta\u017cu i lepsza wydajno\u015b\u0107 sprawiaj\u0105, \u017ce s\u0105 idealnym wyborem w wymagaj\u0105cych \u015brodowiskach, gdzie niezawodno\u015b\u0107 i wydajno\u015b\u0107 s\u0105 kluczowe.<\/p>\n<h2>Zastosowanie cylindra spawanego typu wide\u0142kowego<\/h2>\n<ul>\n<li><strong>Maszyny przemys\u0142owe:<\/strong> Cylindry z mocowaniem wide\u0142kowym spawane s\u0105 szeroko stosowane w r\u00f3\u017cnych maszynach przemys\u0142owych do ci\u0119\u017ckich zastosowa\u0144. Cylindry te s\u0105 w stanie wytwarza\u0107 du\u017c\u0105 si\u0142\u0119 wyj\u015bciow\u0105 do podnoszenia i dociskania element\u00f3w maszyn. Konstrukcja z mocowaniem wide\u0142kowym spawanym zapewnia \u0142atwy monta\u017c i wydajn\u0105 prac\u0119, co czyni je popularnym wyborem w\u015br\u00f3d producent\u00f3w.\n<ul>\n<li>W przemy\u015ble wytw\u00f3rczym cylindry typu wide\u0142kowego spawane stosowane s\u0105 w prasach hydraulicznych, wtryskarkach i urz\u0105dzeniach do t\u0142oczenia metali w celu zapewnienia si\u0142y niezb\u0119dnej do formowania i kszta\u0142towania arkuszy blachy.<\/li>\n<li>W przemy\u015ble motoryzacyjnym cylindry te stosuje si\u0119 w podno\u015bnikach samochodowych, windach i maszynach monta\u017cowych do podnoszenia ci\u0119\u017ckich komponent\u00f3w w trakcie procesu produkcyjnego.<\/li>\n<li>W bran\u017cy budowlanej cylindry typu wide\u0142kowego spawane stosowane s\u0105 w d\u017awigach, koparkach i spycharkach do zasilania uk\u0142ad\u00f3w hydraulicznych podnosz\u0105cych i przemieszczaj\u0105cych ci\u0119\u017ckie \u0142adunki.<\/li>\n<\/ul>\n<\/li>\n<li><strong>Maszyny rolnicze:<\/strong> Maszyny rolnicze to jeden z najwa\u017cniejszych obszar\u00f3w zastosowania cylindr\u00f3w spawanych z wide\u0142kami. Cylindry te s\u0105 stosowane w r\u00f3\u017cnych maszynach rolniczych, w tym w ci\u0105gnikach, kombajnach i p\u0142ugach, aby zapewni\u0107 niezb\u0119dn\u0105 si\u0142\u0119 do przygotowania gleby, sadzenia i zbioru.\n<ul>\n<li>W przemy\u015ble rolniczym cylindry typu wide\u0142kowego spawane stosowane s\u0105 w p\u0142ugach, kultywatorach i siewnikach w celu zapewnienia si\u0142y niezb\u0119dnej do przygotowania gleby i sadzenia nasion.<\/li>\n<li>W przemy\u015ble \u017cniwnym si\u0142owniki te s\u0105 stosowane w maszynach \u017cniwnych, prasach i kosiarkach do zasilania uk\u0142ad\u00f3w hydraulicznych, kt\u00f3re zbieraj\u0105 i transportuj\u0105 plony.<\/li>\n<\/ul>\n<\/li>\n<li><strong>Lotnictwo i obronno\u015b\u0107:<\/strong> Cylindry typu wide\u0142kowego spawane s\u0105 r\u00f3wnie\u017c wykorzystywane w przemy\u015ble lotniczym i obronnym, gdzie wykorzystuje si\u0119 je w szerokim zakresie w samolotach, rakietach, pociskach i systemach obronnych.\n<ul>\n<li>W przemy\u015ble lotniczym cylindry typu wide\u0142kowego spawane stosowane s\u0105 w podwoziach samolot\u00f3w, klapach i hamulcach, aby zapewni\u0107 si\u0142\u0119 potrzebn\u0105 do startu i l\u0105dowania.<\/li>\n<li>W przemy\u015ble obronnym cylindry te stosuje si\u0119 w wyrzutniach rakiet, wie\u017cach dzia\u0142 i systemach czo\u0142gowych do zasilania uk\u0142ad\u00f3w hydraulicznych kontroluj\u0105cych ruch broni i amunicji.<\/li>\n<\/ul>\n<\/li>\n<li><strong>Przemys\u0142 morski:<\/strong> Cylindry typu wide\u0142kowego spawane s\u0105 r\u00f3wnie\u017c szeroko stosowane w przemy\u015ble morskim, gdzie wykorzystuje si\u0119 je w r\u00f3\u017cnych zastosowaniach na statkach, \u0142odziach i pojazdach podwodnych.\n<ul>\n<li>W przemy\u015ble stoczniowym cylindry typu wide\u0142kowego spawane stosowane s\u0105 w d\u017awigach, wyci\u0105garkach i sprz\u0119cie do prze\u0142adunku towar\u00f3w w celu zapewnienia si\u0142y niezb\u0119dnej do za\u0142adunku i roz\u0142adunku towar\u00f3w.<\/li>\n<li>W przemy\u015ble \u017ceglarskim cylindry te stosuje si\u0119 w uk\u0142adach sterowania, \u015brubach nap\u0119dowych i systemach kotwicznych, aby zapewni\u0107 si\u0142\u0119 niezb\u0119dn\u0105 do kontrolowania ruchu \u0142odzi i statk\u00f3w.<\/li>\n<li>W bran\u017cy pojazd\u00f3w podwodnych cylindry typu Welded Clevis s\u0105 stosowane w pojazdach podwodnych, pojazdach zdalnie sterowanych (ROV) i sprz\u0119cie nurkowym w celu zapewnienia si\u0142y niezb\u0119dnej do operacji podwodnych.<\/li>\n<\/ul>\n<\/li>\n<li><strong>Przemys\u0142 g\u00f3rniczy:<\/strong> Cylindry typu wide\u0142kowego spawane s\u0105 r\u00f3wnie\u017c wykorzystywane w przemy\u015ble g\u00f3rniczym, gdzie wykorzystuje si\u0119 je w r\u00f3\u017cnych zastosowaniach zwi\u0105zanych z wydobyciem minera\u0142\u00f3w i transportem materia\u0142\u00f3w.\n<ul>\n<li>W przemy\u015ble g\u00f3rniczym cylindry typu wide\u0142kowego spawane stosowane s\u0105 w systemach przeno\u015bnik\u00f3w ta\u015bmowych, maszynach wiertniczych i koparkach hydraulicznych w celu zapewnienia si\u0142y niezb\u0119dnej do wydobywania minera\u0142\u00f3w i materia\u0142\u00f3w z kopalni i kamienio\u0142om\u00f3w.<\/li>\n<\/ul>\n<\/li>\n<\/ul>\n<p><img decoding=\"async\" src=\"https:\/\/hzpt.com\/wp-content\/uploads\/2023\/12\/insert-2.webp\" alt=\"\" title=\"\"><\/p>\n<p>Autor:CX<\/p>","protected":false},"excerpt":{"rendered":"<p>Product Introduction: The 10050 Factory Price Trailer Hydraulic Ram Cylinder Hydraulic Cylinder For Sale is a reliable and efficient hydraulic cylinder designed for use in various types of trailers. With a sturdy construction and superior performance, this hydraulic cylinder is a preferred choice for many industries. Features and Benefits: &#8211; Strong and durable construction: The [&hellip;]<\/p>","protected":false},"featured_media":1127,"comment_status":"closed","ping_status":"closed","template":"","meta":{"_et_pb_use_builder":"","_et_pb_old_content":"","_et_gb_content_width":""},"product_brand":[],"product_cat":[36],"product_tag":[34,38],"class_list":{"0":"post-1058","1":"product","2":"type-product","3":"status-publish","4":"has-post-thumbnail","6":"product_cat-welded-clevis-type-cylinder","7":"product_tag-hydraulic-cylinder","8":"product_tag-welded-clevis-type-cylinder","10":"first","11":"instock","12":"product-type-simple"},"_links":{"self":[{"href":"https:\/\/fmp-components.com\/pl\/wp-json\/wp\/v2\/product\/1058","targetHints":{"allow":["GET"]}}],"collection":[{"href":"https:\/\/fmp-components.com\/pl\/wp-json\/wp\/v2\/product"}],"about":[{"href":"https:\/\/fmp-components.com\/pl\/wp-json\/wp\/v2\/types\/product"}],"replies":[{"embeddable":true,"href":"https:\/\/fmp-components.com\/pl\/wp-json\/wp\/v2\/comments?post=1058"}],"wp:featuredmedia":[{"embeddable":true,"href":"https:\/\/fmp-components.com\/pl\/wp-json\/wp\/v2\/media\/1127"}],"wp:attachment":[{"href":"https:\/\/fmp-components.com\/pl\/wp-json\/wp\/v2\/media?parent=1058"}],"wp:term":[{"taxonomy":"product_brand","embeddable":true,"href":"https:\/\/fmp-components.com\/pl\/wp-json\/wp\/v2\/product_brand?post=1058"},{"taxonomy":"product_cat","embeddable":true,"href":"https:\/\/fmp-components.com\/pl\/wp-json\/wp\/v2\/product_cat?post=1058"},{"taxonomy":"product_tag","embeddable":true,"href":"https:\/\/fmp-components.com\/pl\/wp-json\/wp\/v2\/product_tag?post=1058"}],"curies":[{"name":"wp","href":"https:\/\/api.w.org\/{rel}","templated":true}]}}