{"id":1056,"date":"2024-12-19T06:17:44","date_gmt":"2024-12-19T06:17:44","guid":{"rendered":"https:\/\/fmp-components.com\/product\/10048-hot-sale-double-acting-welded-clevis-hydraulic-cylinder\/"},"modified":"2025-03-18T00:41:40","modified_gmt":"2025-03-18T00:41:40","slug":"10048-hot-sale-double-acting-welded-clevis-hydraulic-cylinder","status":"publish","type":"product","link":"https:\/\/fmp-components.com\/pl\/product\/10048-hot-sale-double-acting-welded-clevis-hydraulic-cylinder\/","title":{"rendered":"10048 Wyprzeda\u017c, si\u0142ownik hydrauliczny dwustronnego dzia\u0142ania ze spawanym wide\u0142kiem"},"content":{"rendered":"<p>Przedstawiamy produkt nr 10048, gor\u0105co sprzedawany, hydrauliczny si\u0142ownik dwustronnego dzia\u0142ania ze spawanym wide\u0142kiem:<\/p>\n<p>Si\u0142ownik hydrauliczny dwustronnego dzia\u0142ania spawany 10048 Hot Sale to wysokiej jako\u015bci si\u0142ownik hydrauliczny zaprojektowany z my\u015bl\u0105 o doskona\u0142ej wydajno\u015bci i trwa\u0142o\u015bci. Zosta\u0142 zaprojektowany specjalnie do ci\u0119\u017ckich zastosowa\u0144 i zapewnia niezawodn\u0105 i wydajn\u0105 moc hydrauliczn\u0105.<\/p>\n<p>G\u0142\u00f3wne cechy:<br \/>\n1. Dwustronnego dzia\u0142ania: Ten si\u0142ownik hydrauliczny dzia\u0142a dwustronnie, co oznacza, \u017ce \u200b\u200bmo\u017ce generowa\u0107 si\u0142\u0119 zar\u00f3wno w kierunku wysuwania, jak i wsuwania. Ta funkcja zapewnia lepsz\u0105 kontrol\u0119 i wszechstronno\u015b\u0107 w r\u00f3\u017cnych zastosowaniach.<br \/>\n2. Konstrukcja ze spawanym \u0142\u0105cznikiem wide\u0142kowym: Cylinder posiada spawany \u0142\u0105cznik wide\u0142kowy, zapewniaj\u0105cy bezpieczne i solidne po\u0142\u0105czenie z urz\u0105dzeniem, do kt\u00f3rego jest przymocowany. Taka konstrukcja zapewnia stabilno\u015b\u0107 i minimalizuje ryzyko od\u0142\u0105czenia si\u0119 podczas pracy.<br \/>\n3. Solidna konstrukcja: Cylinder wykonany jest z wysokiej jako\u015bci materia\u0142\u00f3w, dzi\u0119ki czemu jest odporny na zu\u017cycie, korozj\u0119 i uszkodzenia. Zosta\u0142 zaprojektowany tak, aby sprosta\u0107 wymaganiom ci\u0119\u017ckich zastosowa\u0144 przemys\u0142owych i zapewni\u0107 d\u0142ugotrwa\u0142\u0105 wydajno\u015b\u0107.<br \/>\n4. Wydajna moc hydrauliczna: Dzi\u0119ki zaawansowanemu uk\u0142adowi hydraulicznemu ten si\u0142ownik zapewnia wydajn\u0105 i niezawodn\u0105 moc hydrauliczn\u0105. Gwarantuje p\u0142ynn\u0105 i precyzyjn\u0105 prac\u0119, co przek\u0142ada si\u0119 na zwi\u0119kszon\u0105 wydajno\u015b\u0107 i lepsze osi\u0105gi.<br \/>\n5. Wszechstronne zastosowania: Si\u0142ownik hydrauliczny dwustronnego dzia\u0142ania spawany 10048 Hot Sale nadaje si\u0119 do szerokiej gamy zastosowa\u0144, w tym do sprz\u0119tu budowlanego, maszyn rolniczych, transportu materia\u0142\u00f3w i innych. Oferuje wszechstronno\u015b\u0107 i mo\u017ce by\u0107 dostosowany do konkretnych wymaga\u0144.<\/p>\n<p>Podsumowuj\u0105c, si\u0142ownik hydrauliczny dwustronnego dzia\u0142ania z mocowaniem wide\u0142kowym spawanym 10048 Hot Sale to produkt najwy\u017cszej jako\u015bci, gwarantuj\u0105cy doskona\u0142\u0105 wydajno\u015b\u0107 i trwa\u0142o\u015b\u0107. Jego dwustronne dzia\u0142anie, mocowanie wide\u0142kowe spawane, solidna konstrukcja, wydajna moc hydrauliczna i wszechstronno\u015b\u0107 sprawiaj\u0105, \u017ce jest to doskona\u0142y wyb\u00f3r do r\u00f3\u017cnych zastosowa\u0144 przemys\u0142owych.<\/p>\n<h2>Wprowadzenie do produktu<\/h2>\n<p>Si\u0142ownik hydrauliczny dwustronnego dzia\u0142ania ze spawanym wide\u0142kiem to bestseller firmy FMP, za\u0142o\u017conej we W\u0142oszech w 2006 roku. Ten doskona\u0142y produkt jest dowodem zaanga\u017cowania firmy w jako\u015b\u0107 i wydajno\u015b\u0107 w bran\u017cy hydraulicznej.<\/p>\n<h2>Cechy i funkcje<\/h2>\n<p>Ten si\u0142ownik hydrauliczny zosta\u0142 zaprojektowany z funkcj\u0105 dwustronnego dzia\u0142ania, umo\u017cliwiaj\u0105c\u0105 sterowanie ruchem w dw\u00f3ch kierunkach. Wyposa\u017cony jest w spawane mocowanie wide\u0142kowe, zapewniaj\u0105ce bezpieczne i stabilne podparcie podczas pracy. Do najwa\u017cniejszych cech wyr\u00f3\u017cniaj\u0105cych ten produkt nale\u017c\u0105 energooszcz\u0119dno\u015b\u0107, wysoka wydajno\u015b\u0107 i bezpiecze\u0144stwo.<\/p>\n<p><img decoding=\"async\" src=\"https:\/\/hzpt.com\/wp-content\/uploads\/2023\/12\/insert-4.webp?v=1694163707\" alt=\"\" title=\"\"><\/p>\n<p>Jego pojemno\u015b\u0107 zosta\u0142a zaprojektowana tak, aby sprosta\u0107 ci\u0119\u017ckim zadaniom bez obni\u017cania wydajno\u015bci.<\/p>\n<h3>No\u015bno\u015b\u0107<\/h3>\n<p>No\u015bno\u015b\u0107 dwustronnego dzia\u0142ania spawanego cylindra hydraulicznego jest imponuj\u0105ca, co pozwala mu z \u0142atwo\u015bci\u0105 radzi\u0107 sobie z du\u017cymi obci\u0105\u017ceniami.<\/p>\n<h2>Zasada dzia\u0142ania i uk\u0142ady hydrauliczne<\/h2>\n<p>Zasada dzia\u0142ania si\u0142ownika hydraulicznego polega na przekszta\u0142caniu energii p\u0142ynu w energi\u0119 mechaniczn\u0105. Uk\u0142ad hydrauliczny z kolei wykorzystuje spr\u0119\u017cony p\u0142yn hydrauliczny do generowania ruchu liniowego i si\u0142y.<\/p>\n<p>Si\u0142ownik hydrauliczny dwustronnego dzia\u0142ania ze spawanym wide\u0142kiem ma bogat\u0105 histori\u0119 i szerok\u0105 klasyfikacj\u0119. Jest \u0142atwy w monta\u017cu, wymaga minimalnej konserwacji i oferuje liczne zalety, co czyni go preferowanym wyborem w bran\u017cy.<\/p>\n<h2>Wyb\u00f3r odpowiedniego produktu<\/h2>\n<p>Wyb\u00f3r odpowiedniego oleju hydraulicznego i uszczelnienia olejowego ma kluczowe znaczenie dla wydajno\u015bci i trwa\u0142o\u015bci si\u0142ownika hydraulicznego. Nasz zesp\u00f3\u0142 w FMP pomo\u017ce Ci w procesie wyboru, zapewniaj\u0105c produkt idealnie dopasowany do Twoich potrzeb.<\/p>\n<h2>FMP: Przewodzimy drodze<\/h2>\n<p>FMP szczyci si\u0119 wiod\u0105c\u0105 pozycj\u0105 na w\u0142oskim rynku si\u0142ownik\u00f3w hydraulicznych do maszyn mobilnych. Nasze produkty obejmuj\u0105 si\u0142owniki hydrauliczne do przechy\u0142u, si\u0142owniki hydrauliczne do uk\u0142adu kierowniczego i si\u0142owniki hydrauliczne do podnoszenia. Nasze moce produkcyjne wynosz\u0105 200 000 zestaw\u00f3w, w tym 300 zestaw\u00f3w wszelkiego rodzaju automatycznych urz\u0105dze\u0144 produkcyjnych CNC oraz automatycznych urz\u0105dze\u0144 do monta\u017cu si\u0142ownik\u00f3w hydraulicznych.<\/p>\n<p>Ponadto dostarczamy cylindry do podno\u015bnik\u00f3w koszowych, cylindry hydrauliczne do pojazd\u00f3w przemys\u0142owych, cylindry do wiertnic obrotowych, cylindry do d\u017awig\u00f3w samochodowych, cylindry hydrauliczne do maszyn budowlanych, <b>Cylindry hydrauliczne do w\u00f3zk\u00f3w wid\u0142owych<\/b>, cylindry do wywrotek, cylindry hydrauliczne do maszyn sanitarnych. Serdecznie zapraszamy naszych klient\u00f3w do sk\u0142adania zam\u00f3wie\u0144 na indywidualne zam\u00f3wienie.<\/p>\n<p>Wybierz FMP, je\u015bli zale\u017cy Ci na wysokiej jako\u015bci produktach, przyst\u0119pnych cenach i doskona\u0142ej obs\u0142udze.<\/p>\n<p><img decoding=\"async\" src=\"https:\/\/hzpt.com\/wp-content\/uploads\/2023\/12\/insert-5.webp\" alt=\"Fabryka FMP\" title=\"\"><\/p>\n<h2>Cz\u0119sto zadawane pytania<\/h2>\n<h3>1. Jaka jest no\u015bno\u015b\u0107 cylindra hydraulicznego dwustronnego dzia\u0142ania ze spawanym wide\u0142kiem?<\/h3>\n<p>Informacje dotycz\u0105ce \u0142adowno\u015bci zostan\u0105 podane na \u017c\u0105danie.<\/p>\n<h3>2. Jak wybra\u0107 odpowiedni olej hydrauliczny i uszczelk\u0119 olejow\u0105?<\/h3>\n<p>Nasz zesp\u00f3\u0142 w FMP mo\u017ce przeprowadzi\u0107 Ci\u0119 przez proces selekcji.<\/p>\n<h3>3. Jakie s\u0105 zastosowania cylindr\u00f3w hydraulicznych dwustronnego dzia\u0142ania ze spawanym wide\u0142kiem?<\/h3>\n<p>Jest stosowany w sprz\u0119cie budowlanym, maszynach produkcyjnych i in\u017cynierii l\u0105dowej.<\/p>\n<h3>4. Jak dzia\u0142a hydrauliczny si\u0142ownik dwustronnego dzia\u0142ania ze spawanym wide\u0142kiem?<\/h3>\n<p>Zamienia energi\u0119 p\u0142ynu na energi\u0119 mechaniczn\u0105.<\/p>\n<h2>Zalety cylindra spawanego typu wide\u0142kowego<\/h2>\n<p>Spawane cylindry wide\u0142kowe s\u0105 popularnym wyborem w wielu zastosowaniach przemys\u0142owych ze wzgl\u0119du na swoje unikalne zalety i korzy\u015bci. Oto niekt\u00f3re z kluczowych zalet spawanych cylindr\u00f3w wide\u0142kowych:<\/p>\n<h3>1. Zwi\u0119kszona wytrzyma\u0142o\u015b\u0107 i trwa\u0142o\u015b\u0107<\/h3>\n<p>Cylindry z mocowaniem wide\u0142kowym spawane s\u0105 wyposa\u017cone w spawan\u0105 za\u015blepk\u0119, co zapewnia wi\u0119ksz\u0105 wytrzyma\u0142o\u015b\u0107 i trwa\u0142o\u015b\u0107 w por\u00f3wnaniu z innymi typami cylindr\u00f3w. Dzi\u0119ki temu idealnie nadaj\u0105 si\u0119 do zastosowa\u0144 wymagaj\u0105cych du\u017cej wytrzyma\u0142o\u015bci i trwa\u0142o\u015bci.<\/p>\n<p>Dodatkowo spawana konstrukcja tych cylindr\u00f3w zmniejsza ryzyko przeciek\u00f3w lub awarii, co mo\u017ce przyczyni\u0107 si\u0119 do ograniczenia przestoj\u00f3w i koszt\u00f3w konserwacji.<\/p>\n<h3>2. Zdolno\u015b\u0107 do radzenia sobie z wysokim ci\u015bnieniem<\/h3>\n<p>Spawane si\u0142owniki wide\u0142kowe s\u0105 r\u00f3wnie\u017c w stanie wytrzyma\u0107 wysokie ci\u015bnienie, co czyni je popularnym wyborem w takich bran\u017cach jak budownictwo, g\u00f3rnictwo oraz przemys\u0142 naftowo-gazowy. Ich zdolno\u015b\u0107 do pracy w wysokich ci\u015bnieniach gwarantuje niezawodn\u0105 prac\u0119 w wymagaj\u0105cych warunkach.<\/p>\n<h3>3. Mo\u017cliwo\u015b\u0107 dostosowania projektu<\/h3>\n<p>Spawane si\u0142owniki wide\u0142kowe mog\u0105 by\u0107 projektowane na zam\u00f3wienie, aby spe\u0142ni\u0107 specyficzne wymagania danego zastosowania. Oznacza to, \u017ce mo\u017cna je dostosowa\u0107 do konkretnego rozmiaru, kszta\u0142tu lub wymaga\u0144 wydajno\u015bciowych. Mo\u017cliwo\u015b\u0107 dostosowania konstrukcji zapewnia r\u00f3wnie\u017c wi\u0119ksz\u0105 elastyczno\u015b\u0107 w procesie produkcji, co mo\u017ce prowadzi\u0107 do oszcz\u0119dno\u015bci koszt\u00f3w.<\/p>\n<h3>4. \u0141atwa instalacja<\/h3>\n<p>Spawane si\u0142owniki wide\u0142kowe s\u0105 zaprojektowane z my\u015bl\u0105 o \u0142atwej instalacji, co pozwala skr\u00f3ci\u0107 czas konfiguracji i obni\u017cy\u0107 koszty robocizny. Zazwyczaj s\u0105 one wst\u0119pnie zmontowane i gotowe do u\u017cycia od razu po wyj\u0119ciu z opakowania, co minimalizuje potrzeb\u0119 stosowania dodatkowych cz\u0119\u015bci lub podzespo\u0142\u00f3w.<\/p>\n<h3>5. Poprawiona wydajno\u015b\u0107<\/h3>\n<p>Konstrukcja spawanych si\u0142ownik\u00f3w wide\u0142kowych zapewnia lepsz\u0105 wydajno\u015b\u0107 w por\u00f3wnaniu z innymi typami si\u0142ownik\u00f3w. S\u0105 one w stanie wygenerowa\u0107 wi\u0119ksz\u0105 si\u0142\u0119 na jednostk\u0119 ci\u015bnienia, co mo\u017ce przyczyni\u0107 si\u0119 do poprawy wydajno\u015bci i produktywno\u015bci w zastosowaniach przemys\u0142owych.<\/p>\n<p>Og\u00f3lnie rzecz bior\u0105c, spawane si\u0142owniki wide\u0142kowe oferuj\u0105 szereg zalet i korzy\u015bci, kt\u00f3re czyni\u0105 je popularnym wyborem w wielu zastosowaniach przemys\u0142owych. Ich zwi\u0119kszona wytrzyma\u0142o\u015b\u0107 i trwa\u0142o\u015b\u0107, odporno\u015b\u0107 na wysokie ci\u015bnienie, mo\u017cliwo\u015b\u0107 dostosowania konstrukcji, \u0142atwo\u015b\u0107 monta\u017cu i lepsza wydajno\u015b\u0107 sprawiaj\u0105, \u017ce s\u0105 idealnym wyborem w wymagaj\u0105cych \u015brodowiskach, gdzie niezawodno\u015b\u0107 i wydajno\u015b\u0107 s\u0105 kluczowe.<\/p>\n<h2>Zastosowanie cylindra spawanego typu wide\u0142kowego<\/h2>\n<ul>\n<li><strong>Maszyny przemys\u0142owe:<\/strong> Cylindry z mocowaniem wide\u0142kowym spawane s\u0105 szeroko stosowane w r\u00f3\u017cnych maszynach przemys\u0142owych do ci\u0119\u017ckich zastosowa\u0144. Cylindry te s\u0105 w stanie wytwarza\u0107 du\u017c\u0105 si\u0142\u0119 wyj\u015bciow\u0105 do podnoszenia i dociskania element\u00f3w maszyn. Konstrukcja z mocowaniem wide\u0142kowym spawanym zapewnia \u0142atwy monta\u017c i wydajn\u0105 prac\u0119, co czyni je popularnym wyborem w\u015br\u00f3d producent\u00f3w.\n<ul>\n<li>W przemy\u015ble wytw\u00f3rczym cylindry typu wide\u0142kowego spawane stosowane s\u0105 w prasach hydraulicznych, wtryskarkach i urz\u0105dzeniach do t\u0142oczenia metali w celu zapewnienia si\u0142y niezb\u0119dnej do formowania i kszta\u0142towania arkuszy blachy.<\/li>\n<li>W przemy\u015ble motoryzacyjnym cylindry te stosuje si\u0119 w podno\u015bnikach samochodowych, windach i maszynach monta\u017cowych do podnoszenia ci\u0119\u017ckich komponent\u00f3w w trakcie procesu produkcyjnego.<\/li>\n<li>W bran\u017cy budowlanej cylindry typu wide\u0142kowego spawane stosowane s\u0105 w d\u017awigach, koparkach i spycharkach do zasilania uk\u0142ad\u00f3w hydraulicznych podnosz\u0105cych i przemieszczaj\u0105cych ci\u0119\u017ckie \u0142adunki.<\/li>\n<\/ul>\n<\/li>\n<li><strong>Maszyny rolnicze:<\/strong> Maszyny rolnicze to jeden z najwa\u017cniejszych obszar\u00f3w zastosowania cylindr\u00f3w spawanych z wide\u0142kami. Cylindry te s\u0105 stosowane w r\u00f3\u017cnych maszynach rolniczych, w tym w ci\u0105gnikach, kombajnach i p\u0142ugach, aby zapewni\u0107 niezb\u0119dn\u0105 si\u0142\u0119 do przygotowania gleby, sadzenia i zbioru.\n<ul>\n<li>W przemy\u015ble rolniczym cylindry typu wide\u0142kowego spawane stosowane s\u0105 w p\u0142ugach, kultywatorach i siewnikach w celu zapewnienia si\u0142y niezb\u0119dnej do przygotowania gleby i sadzenia nasion.<\/li>\n<li>W przemy\u015ble \u017cniwnym si\u0142owniki te s\u0105 stosowane w maszynach \u017cniwnych, prasach i kosiarkach do zasilania uk\u0142ad\u00f3w hydraulicznych, kt\u00f3re zbieraj\u0105 i transportuj\u0105 plony.<\/li>\n<\/ul>\n<\/li>\n<li><strong>Lotnictwo i obronno\u015b\u0107:<\/strong> Cylindry typu wide\u0142kowego spawane s\u0105 r\u00f3wnie\u017c wykorzystywane w przemy\u015ble lotniczym i obronnym, gdzie wykorzystuje si\u0119 je w szerokim zakresie w samolotach, rakietach, pociskach i systemach obronnych.\n<ul>\n<li>W przemy\u015ble lotniczym cylindry typu wide\u0142kowego spawane stosowane s\u0105 w podwoziach samolot\u00f3w, klapach i hamulcach, aby zapewni\u0107 si\u0142\u0119 potrzebn\u0105 do startu i l\u0105dowania.<\/li>\n<li>W przemy\u015ble obronnym cylindry te stosuje si\u0119 w wyrzutniach rakiet, wie\u017cach dzia\u0142 i systemach czo\u0142gowych do zasilania uk\u0142ad\u00f3w hydraulicznych kontroluj\u0105cych ruch broni i amunicji.<\/li>\n<\/ul>\n<\/li>\n<li><strong>Przemys\u0142 morski:<\/strong> Cylindry typu wide\u0142kowego spawane s\u0105 r\u00f3wnie\u017c szeroko stosowane w przemy\u015ble morskim, gdzie wykorzystuje si\u0119 je w r\u00f3\u017cnych zastosowaniach na statkach, \u0142odziach i pojazdach podwodnych.\n<ul>\n<li>W przemy\u015ble stoczniowym cylindry typu wide\u0142kowego spawane stosowane s\u0105 w d\u017awigach, wyci\u0105garkach i sprz\u0119cie do prze\u0142adunku towar\u00f3w w celu zapewnienia si\u0142y niezb\u0119dnej do za\u0142adunku i roz\u0142adunku towar\u00f3w.<\/li>\n<li>W przemy\u015ble \u017ceglarskim cylindry te stosuje si\u0119 w uk\u0142adach sterowania, \u015brubach nap\u0119dowych i systemach kotwicznych, aby zapewni\u0107 si\u0142\u0119 niezb\u0119dn\u0105 do kontrolowania ruchu \u0142odzi i statk\u00f3w.<\/li>\n<li>W bran\u017cy pojazd\u00f3w podwodnych cylindry typu Welded Clevis s\u0105 stosowane w pojazdach podwodnych, pojazdach zdalnie sterowanych (ROV) i sprz\u0119cie nurkowym w celu zapewnienia si\u0142y niezb\u0119dnej do operacji podwodnych.<\/li>\n<\/ul>\n<\/li>\n<li><strong>Przemys\u0142 g\u00f3rniczy:<\/strong> Cylindry typu wide\u0142kowego spawane s\u0105 r\u00f3wnie\u017c wykorzystywane w przemy\u015ble g\u00f3rniczym, gdzie wykorzystuje si\u0119 je w r\u00f3\u017cnych zastosowaniach zwi\u0105zanych z wydobyciem minera\u0142\u00f3w i transportem materia\u0142\u00f3w.\n<ul>\n<li>W przemy\u015ble g\u00f3rniczym cylindry typu wide\u0142kowego spawane stosowane s\u0105 w systemach przeno\u015bnik\u00f3w ta\u015bmowych, maszynach wiertniczych i koparkach hydraulicznych w celu zapewnienia si\u0142y niezb\u0119dnej do wydobywania minera\u0142\u00f3w i materia\u0142\u00f3w z kopalni i kamienio\u0142om\u00f3w.<\/li>\n<\/ul>\n<\/li>\n<\/ul>\n<p><img decoding=\"async\" src=\"https:\/\/hzpt.com\/wp-content\/uploads\/2023\/12\/insert-2.webp\" alt=\"\" title=\"\"><\/p>\n<p>Autor:CX<\/p>","protected":false},"excerpt":{"rendered":"<p>Introducing Product 10048 Hot Sale Double Acting Welded Clevis Hydraulic Cylinder: The 10048 Hot Sale Double Acting Welded Clevis Hydraulic Cylinder is a high-quality hydraulic cylinder designed to provide excellent performance and durability. It is specifically designed for heavy-duty applications and delivers reliable and efficient hydraulic power. Key Features: 1. Double Acting: This hydraulic cylinder [&hellip;]<\/p>","protected":false},"featured_media":1127,"comment_status":"closed","ping_status":"closed","template":"","meta":{"_et_pb_use_builder":"","_et_pb_old_content":"","_et_gb_content_width":""},"product_brand":[],"product_cat":[36],"product_tag":[34,38],"class_list":{"0":"post-1056","1":"product","2":"type-product","3":"status-publish","4":"has-post-thumbnail","6":"product_cat-welded-clevis-type-cylinder","7":"product_tag-hydraulic-cylinder","8":"product_tag-welded-clevis-type-cylinder","10":"first","11":"instock","12":"product-type-simple"},"_links":{"self":[{"href":"https:\/\/fmp-components.com\/pl\/wp-json\/wp\/v2\/product\/1056","targetHints":{"allow":["GET"]}}],"collection":[{"href":"https:\/\/fmp-components.com\/pl\/wp-json\/wp\/v2\/product"}],"about":[{"href":"https:\/\/fmp-components.com\/pl\/wp-json\/wp\/v2\/types\/product"}],"replies":[{"embeddable":true,"href":"https:\/\/fmp-components.com\/pl\/wp-json\/wp\/v2\/comments?post=1056"}],"wp:featuredmedia":[{"embeddable":true,"href":"https:\/\/fmp-components.com\/pl\/wp-json\/wp\/v2\/media\/1127"}],"wp:attachment":[{"href":"https:\/\/fmp-components.com\/pl\/wp-json\/wp\/v2\/media?parent=1056"}],"wp:term":[{"taxonomy":"product_brand","embeddable":true,"href":"https:\/\/fmp-components.com\/pl\/wp-json\/wp\/v2\/product_brand?post=1056"},{"taxonomy":"product_cat","embeddable":true,"href":"https:\/\/fmp-components.com\/pl\/wp-json\/wp\/v2\/product_cat?post=1056"},{"taxonomy":"product_tag","embeddable":true,"href":"https:\/\/fmp-components.com\/pl\/wp-json\/wp\/v2\/product_tag?post=1056"}],"curies":[{"name":"wp","href":"https:\/\/api.w.org\/{rel}","templated":true}]}}