{"id":1053,"date":"2024-12-19T06:17:44","date_gmt":"2024-12-19T06:17:44","guid":{"rendered":"https:\/\/fmp-components.com\/product\/10045-customized-mini-tractor-hydraulic-cylinder-for-trailer\/"},"modified":"2024-12-23T08:56:59","modified_gmt":"2024-12-23T08:56:59","slug":"10045-customized-mini-tractor-hydraulic-cylinder-for-trailer","status":"publish","type":"product","link":"https:\/\/fmp-components.com\/pl\/product\/10045-customized-mini-tractor-hydraulic-cylinder-for-trailer\/","title":{"rendered":"10045 Dostosowany si\u0142ownik hydrauliczny do minitraktora do przyczepy"},"content":{"rendered":"<p>Si\u0142ownik hydrauliczny do minici\u0105gnik\u00f3w 10045 Customized do przyczep to wysokiej jako\u015bci produkt zaprojektowany specjalnie do ci\u0105gnik\u00f3w z przyczepami. Dzi\u0119ki swoim spersonalizowanym funkcjom i zaawansowanej technologii hydraulicznej, si\u0142ownik ten zapewnia optymaln\u0105 wydajno\u015b\u0107 i trwa\u0142o\u015b\u0107.<\/p>\n<p>Kompaktowa konstrukcja si\u0142ownika 10045 sprawia, \u017ce \u200b\u200bidealnie nadaje si\u0119 do przyczep o ograniczonej przestrzeni. Oferuje on mocny i niezawodny uk\u0142ad hydrauliczny, kt\u00f3ry gwarantuje p\u0142ynn\u0105 prac\u0119 i wydajne przenoszenie mocy. Si\u0142ownik ten jest w stanie przenosi\u0107 du\u017ce obci\u0105\u017cenia i wytrzymuje ekstremalne warunki pracy.<\/p>\n<p>Jedn\u0105 z kluczowych zalet si\u0142ownika 10045 s\u0105 mo\u017cliwo\u015bci personalizacji. Klienci mog\u0105 wybiera\u0107 spo\u015br\u00f3d r\u00f3\u017cnych specyfikacji i konfiguracji, aby spe\u0142ni\u0107 swoje specyficzne wymagania. Obejmuje to opcje d\u0142ugo\u015bci skoku, \u015brednicy t\u0142oczyska i sposobu monta\u017cu. Dzi\u0119ki tym mo\u017cliwo\u015bciom personalizacji klienci mog\u0105 zoptymalizowa\u0107 wydajno\u015b\u0107 si\u0142ownika pod k\u0105tem swoich konkretnych zastosowa\u0144.<\/p>\n<p>Opr\u00f3cz trwa\u0142o\u015bci i mo\u017cliwo\u015bci personalizacji, cylinder 10045 posiada r\u00f3wnie\u017c zabezpieczenia gwarantuj\u0105ce niezawodn\u0105 i bezpieczn\u0105 prac\u0119. Wyposa\u017cony jest w wysokiej jako\u015bci uszczelki i solidn\u0105 konstrukcj\u0119, co minimalizuje ryzyko wycieku i innych potencjalnych problem\u00f3w.<\/p>\n<p>Niezale\u017cnie od tego, czy chodzi o zastosowania rolnicze, budowlane czy przemys\u0142owe, si\u0142ownik hydrauliczny do minici\u0105gnik\u00f3w 10045 Customed do przyczep to doskona\u0142y wyb\u00f3r. Jego doskona\u0142a wydajno\u015b\u0107, trwa\u0142o\u015b\u0107 i mo\u017cliwo\u015bci personalizacji sprawiaj\u0105, \u017ce jest to niezawodne i wszechstronne rozwi\u0105zanie do r\u00f3\u017cnych zastosowa\u0144.<\/p>\n<p><img decoding=\"async\" src=\"https:\/\/hzpt.com\/wp-content\/uploads\/2023\/12\/insert-4.webp?v=1694163707\" alt=\"\" title=\"\"><\/p>\n<h2>O dostosowanym si\u0142owniku hydraulicznym do minici\u0105gnik\u00f3w firmy FMP do przyczep<\/h2>\n<p>Firma FMP dostarcza wysokiej jako\u015bci si\u0142owniki hydrauliczne i produkty pokrewne od 2006 roku. Nasz niestandardowy si\u0142ownik hydrauliczny do minici\u0105gnik\u00f3w i przyczep to produkt najwy\u017cszej jako\u015bci, precyzyjnie zaprojektowany, aby sprosta\u0107 zr\u00f3\u017cnicowanym potrzebom naszych klient\u00f3w. Charakteryzuje si\u0119 doskona\u0142ymi wymiarami, wydajno\u015bci\u0105 i no\u015bno\u015bci\u0105.<\/p>\n<h2>Funkcja i znaczenie<\/h2>\n<p>Si\u0142ownik hydrauliczny minici\u0105gnika odgrywa kluczow\u0105 rol\u0119 w podnoszeniu, ci\u0105gni\u0119ciu i pchaniu \u0142adunk\u00f3w w przyczepach. Jest niezwykle wydajny i bezpieczny w u\u017cyciu. Ponadto jest niezb\u0119dny w zastosowaniach hydraulicznych w r\u00f3\u017cnych ga\u0142\u0119ziach przemys\u0142u.<\/p>\n<h3>Cechy i zalety<\/h3>\n<ul>\n<li>Energooszcz\u0119dny<\/li>\n<li>Wysoce wydajny<\/li>\n<li>Bezpieczny w u\u017cyciu<\/li>\n<\/ul>\n<h2>Uk\u0142ad hydrauliczny i zasada dzia\u0142ania<\/h2>\n<p>Uk\u0142ad hydrauliczny dzia\u0142a na zasadzie wywierania ci\u015bnienia. Cylinder hydrauliczny porusza si\u0119 dzi\u0119ki r\u00f3\u017cnicy ci\u015bnie\u0144 mi\u0119dzy obydwoma ko\u0144cami, co zapewnia wydajn\u0105 prac\u0119.<\/p>\n<p><img decoding=\"async\" class=\"aligncenter\" src=\"https:\/\/hzpt.com\/wp-content\/uploads\/2023\/12\/insert-1.webp\" alt=\"\" title=\"\"><\/p>\n<h2>Cz\u0119sto zadawane pytania<\/h2>\n<dl>\n<dt>P1: Jaka jest no\u015bno\u015b\u0107 si\u0142ownika hydraulicznego?<\/dt>\n<dd>A1: No\u015bno\u015b\u0107 zmienia si\u0119 w zale\u017cno\u015bci od modelu i specyfikacji cylindra.<\/dd>\n<dt>P2: Jak cz\u0119sto nale\u017cy wymienia\u0107 olej hydrauliczny?<\/dt>\n<dd>A2: Cz\u0119stotliwo\u015b\u0107 wymiany zale\u017cy od intensywno\u015bci u\u017cytkowania cylindra, ale z regu\u0142y zaleca si\u0119 wymian\u0119 oleju raz na kilka lat.<\/dd>\n<dt>P3: Jak zmierzy\u0107 cylinder hydrauliczny?<\/dt>\n<dd>A3: Pomiary mo\u017cna wykona\u0107 za pomoc\u0105 ta\u015bmy mierniczej, mierz\u0105c d\u0142ugo\u015b\u0107 skoku cylindra.<\/dd>\n<\/dl>\n<dl>\n<dt>P4: Czy mog\u0119 zaprojektowa\u0107 w\u0142asny cylinder hydrauliczny?<\/dt>\n<dd>A4: Tak, ch\u0119tnie przyjmiemy od klient\u00f3w projekty niestandardowe.<\/dd>\n<dt>P5: Jakie inne produkty oferuje FMP?<\/dt>\n<dd>A5: FMP oferuje r\u00f3wnie\u017c inne produkty, takie jak cylindry do platform roboczych, cylindry hydrauliczne do pojazd\u00f3w przemys\u0142owych, cylindry do wiertnic obrotowych i wiele innych.<\/dd>\n<\/dl>\n<h2>Zalety cylindra spawanego typu wide\u0142kowego<\/h2>\n<p>Spawane cylindry wide\u0142kowe s\u0105 popularnym wyborem w wielu zastosowaniach przemys\u0142owych ze wzgl\u0119du na swoje unikalne zalety i korzy\u015bci. Oto niekt\u00f3re z kluczowych zalet spawanych cylindr\u00f3w wide\u0142kowych:<\/p>\n<h3>1. Zwi\u0119kszona wytrzyma\u0142o\u015b\u0107 i trwa\u0142o\u015b\u0107<\/h3>\n<p>Cylindry z mocowaniem wide\u0142kowym spawane s\u0105 wyposa\u017cone w spawan\u0105 za\u015blepk\u0119, co zapewnia wi\u0119ksz\u0105 wytrzyma\u0142o\u015b\u0107 i trwa\u0142o\u015b\u0107 w por\u00f3wnaniu z innymi typami cylindr\u00f3w. Dzi\u0119ki temu idealnie nadaj\u0105 si\u0119 do zastosowa\u0144 wymagaj\u0105cych du\u017cej wytrzyma\u0142o\u015bci i trwa\u0142o\u015bci.<\/p>\n<p>Dodatkowo spawana konstrukcja tych cylindr\u00f3w zmniejsza ryzyko przeciek\u00f3w lub awarii, co mo\u017ce przyczyni\u0107 si\u0119 do ograniczenia przestoj\u00f3w i koszt\u00f3w konserwacji.<\/p>\n<h3>2. Zdolno\u015b\u0107 do radzenia sobie z wysokim ci\u015bnieniem<\/h3>\n<p>Spawane si\u0142owniki wide\u0142kowe s\u0105 r\u00f3wnie\u017c w stanie wytrzyma\u0107 wysokie ci\u015bnienie, co czyni je popularnym wyborem w takich bran\u017cach jak budownictwo, g\u00f3rnictwo oraz przemys\u0142 naftowo-gazowy. Ich zdolno\u015b\u0107 do pracy w wysokich ci\u015bnieniach gwarantuje niezawodn\u0105 prac\u0119 w wymagaj\u0105cych warunkach.<\/p>\n<h3>3. Mo\u017cliwo\u015b\u0107 dostosowania projektu<\/h3>\n<p>Spawane si\u0142owniki wide\u0142kowe mog\u0105 by\u0107 projektowane na zam\u00f3wienie, aby spe\u0142ni\u0107 specyficzne wymagania danego zastosowania. Oznacza to, \u017ce mo\u017cna je dostosowa\u0107 do konkretnego rozmiaru, kszta\u0142tu lub wymaga\u0144 wydajno\u015bciowych. Mo\u017cliwo\u015b\u0107 dostosowania konstrukcji zapewnia r\u00f3wnie\u017c wi\u0119ksz\u0105 elastyczno\u015b\u0107 w procesie produkcji, co mo\u017ce prowadzi\u0107 do oszcz\u0119dno\u015bci koszt\u00f3w.<\/p>\n<h3>4. \u0141atwa instalacja<\/h3>\n<p>Spawane si\u0142owniki wide\u0142kowe s\u0105 zaprojektowane z my\u015bl\u0105 o \u0142atwej instalacji, co pozwala skr\u00f3ci\u0107 czas konfiguracji i obni\u017cy\u0107 koszty robocizny. Zazwyczaj s\u0105 one wst\u0119pnie zmontowane i gotowe do u\u017cycia od razu po wyj\u0119ciu z opakowania, co minimalizuje potrzeb\u0119 stosowania dodatkowych cz\u0119\u015bci lub podzespo\u0142\u00f3w.<\/p>\n<h3>5. Poprawiona wydajno\u015b\u0107<\/h3>\n<p>Konstrukcja spawanych si\u0142ownik\u00f3w wide\u0142kowych zapewnia lepsz\u0105 wydajno\u015b\u0107 w por\u00f3wnaniu z innymi typami si\u0142ownik\u00f3w. S\u0105 one w stanie wygenerowa\u0107 wi\u0119ksz\u0105 si\u0142\u0119 na jednostk\u0119 ci\u015bnienia, co mo\u017ce przyczyni\u0107 si\u0119 do poprawy wydajno\u015bci i produktywno\u015bci w zastosowaniach przemys\u0142owych.<\/p>\n<p>Og\u00f3lnie rzecz bior\u0105c, spawane si\u0142owniki wide\u0142kowe oferuj\u0105 szereg zalet i korzy\u015bci, kt\u00f3re czyni\u0105 je popularnym wyborem w wielu zastosowaniach przemys\u0142owych. Ich zwi\u0119kszona wytrzyma\u0142o\u015b\u0107 i trwa\u0142o\u015b\u0107, odporno\u015b\u0107 na wysokie ci\u015bnienie, mo\u017cliwo\u015b\u0107 dostosowania konstrukcji, \u0142atwo\u015b\u0107 monta\u017cu i lepsza wydajno\u015b\u0107 sprawiaj\u0105, \u017ce s\u0105 idealnym wyborem w wymagaj\u0105cych \u015brodowiskach, gdzie niezawodno\u015b\u0107 i wydajno\u015b\u0107 s\u0105 kluczowe.<\/p>\n<h2>Zastosowanie cylindra spawanego typu wide\u0142kowego<\/h2>\n<ul>\n<li><strong>Maszyny przemys\u0142owe:<\/strong> Cylindry z mocowaniem wide\u0142kowym spawane s\u0105 szeroko stosowane w r\u00f3\u017cnych maszynach przemys\u0142owych do ci\u0119\u017ckich zastosowa\u0144. Cylindry te s\u0105 w stanie wytwarza\u0107 du\u017c\u0105 si\u0142\u0119 wyj\u015bciow\u0105 do podnoszenia i dociskania element\u00f3w maszyn. Konstrukcja z mocowaniem wide\u0142kowym spawanym zapewnia \u0142atwy monta\u017c i wydajn\u0105 prac\u0119, co czyni je popularnym wyborem w\u015br\u00f3d producent\u00f3w.\n<ul>\n<li>W przemy\u015ble wytw\u00f3rczym cylindry typu wide\u0142kowego spawane stosowane s\u0105 w prasach hydraulicznych, wtryskarkach i urz\u0105dzeniach do t\u0142oczenia metali w celu zapewnienia si\u0142y niezb\u0119dnej do formowania i kszta\u0142towania arkuszy blachy.<\/li>\n<li>W przemy\u015ble motoryzacyjnym cylindry te stosuje si\u0119 w podno\u015bnikach samochodowych, windach i maszynach monta\u017cowych do podnoszenia ci\u0119\u017ckich komponent\u00f3w w trakcie procesu produkcyjnego.<\/li>\n<li>W bran\u017cy budowlanej cylindry typu wide\u0142kowego spawane stosowane s\u0105 w d\u017awigach, koparkach i spycharkach do zasilania uk\u0142ad\u00f3w hydraulicznych podnosz\u0105cych i przemieszczaj\u0105cych ci\u0119\u017ckie \u0142adunki.<\/li>\n<\/ul>\n<\/li>\n<li><strong>Maszyny rolnicze:<\/strong> Maszyny rolnicze to jeden z najwa\u017cniejszych obszar\u00f3w zastosowania cylindr\u00f3w spawanych z wide\u0142kami. Cylindry te s\u0105 stosowane w r\u00f3\u017cnych maszynach rolniczych, w tym w ci\u0105gnikach, kombajnach i p\u0142ugach, aby zapewni\u0107 niezb\u0119dn\u0105 si\u0142\u0119 do przygotowania gleby, sadzenia i zbioru.\n<ul>\n<li>W przemy\u015ble rolniczym cylindry typu wide\u0142kowego spawane stosowane s\u0105 w p\u0142ugach, kultywatorach i siewnikach w celu zapewnienia si\u0142y niezb\u0119dnej do przygotowania gleby i sadzenia nasion.<\/li>\n<li>W przemy\u015ble \u017cniwnym si\u0142owniki te s\u0105 stosowane w maszynach \u017cniwnych, prasach i kosiarkach do zasilania uk\u0142ad\u00f3w hydraulicznych, kt\u00f3re zbieraj\u0105 i transportuj\u0105 plony.<\/li>\n<\/ul>\n<\/li>\n<li><strong>Lotnictwo i obronno\u015b\u0107:<\/strong> Cylindry typu wide\u0142kowego spawane s\u0105 r\u00f3wnie\u017c wykorzystywane w przemy\u015ble lotniczym i obronnym, gdzie wykorzystuje si\u0119 je w szerokim zakresie w samolotach, rakietach, pociskach i systemach obronnych.\n<ul>\n<li>W przemy\u015ble lotniczym cylindry typu wide\u0142kowego spawane stosowane s\u0105 w podwoziach samolot\u00f3w, klapach i hamulcach, aby zapewni\u0107 si\u0142\u0119 potrzebn\u0105 do startu i l\u0105dowania.<\/li>\n<li>W przemy\u015ble obronnym cylindry te stosuje si\u0119 w wyrzutniach rakiet, wie\u017cach dzia\u0142 i systemach czo\u0142gowych do zasilania uk\u0142ad\u00f3w hydraulicznych kontroluj\u0105cych ruch broni i amunicji.<\/li>\n<\/ul>\n<\/li>\n<li><strong>Przemys\u0142 morski:<\/strong> Cylindry typu wide\u0142kowego spawane s\u0105 r\u00f3wnie\u017c szeroko stosowane w przemy\u015ble morskim, gdzie wykorzystuje si\u0119 je w r\u00f3\u017cnych zastosowaniach na statkach, \u0142odziach i pojazdach podwodnych.\n<ul>\n<li>W przemy\u015ble stoczniowym cylindry typu wide\u0142kowego spawane stosowane s\u0105 w d\u017awigach, wyci\u0105garkach i sprz\u0119cie do prze\u0142adunku towar\u00f3w w celu zapewnienia si\u0142y niezb\u0119dnej do za\u0142adunku i roz\u0142adunku towar\u00f3w.<\/li>\n<li>W przemy\u015ble \u017ceglarskim cylindry te stosuje si\u0119 w uk\u0142adach sterowania, \u015brubach nap\u0119dowych i systemach kotwicznych, aby zapewni\u0107 si\u0142\u0119 niezb\u0119dn\u0105 do kontrolowania ruchu \u0142odzi i statk\u00f3w.<\/li>\n<li>W bran\u017cy pojazd\u00f3w podwodnych cylindry typu Welded Clevis s\u0105 stosowane w pojazdach podwodnych, pojazdach zdalnie sterowanych (ROV) i sprz\u0119cie nurkowym w celu zapewnienia si\u0142y niezb\u0119dnej do operacji podwodnych.<\/li>\n<\/ul>\n<\/li>\n<li><strong>Przemys\u0142 g\u00f3rniczy:<\/strong> Cylindry typu wide\u0142kowego spawane s\u0105 r\u00f3wnie\u017c wykorzystywane w przemy\u015ble g\u00f3rniczym, gdzie wykorzystuje si\u0119 je w r\u00f3\u017cnych zastosowaniach zwi\u0105zanych z wydobyciem minera\u0142\u00f3w i transportem materia\u0142\u00f3w.\n<ul>\n<li>W przemy\u015ble g\u00f3rniczym cylindry typu wide\u0142kowego spawane stosowane s\u0105 w systemach przeno\u015bnik\u00f3w ta\u015bmowych, maszynach wiertniczych i koparkach hydraulicznych w celu zapewnienia si\u0142y niezb\u0119dnej do wydobywania minera\u0142\u00f3w i materia\u0142\u00f3w z kopalni i kamienio\u0142om\u00f3w.<\/li>\n<\/ul>\n<\/li>\n<\/ul>\n<p><img decoding=\"async\" src=\"https:\/\/hzpt.com\/wp-content\/uploads\/2023\/12\/insert-2.webp\" alt=\"\" title=\"\"><\/p>\n<h2>O FMP<\/h2>\n<p>FMP jest wiod\u0105cym graczem na w\u0142oskim rynku si\u0142ownik\u00f3w hydraulicznych do maszyn mobilnych. Nasza oferta obejmuje si\u0142owniki hydrauliczne do przechy\u0142u, si\u0142owniki hydrauliczne do uk\u0142adu kierowniczego oraz si\u0142owniki hydrauliczne do podnoszenia. Dysponujemy moc\u0105 produkcyjn\u0105 na poziomie 200 000 zestaw\u00f3w i 300 zestawami r\u00f3\u017cnego rodzaju, w pe\u0142ni zautomatyzowanych urz\u0105dze\u0144 produkcyjnych CNC oraz w pe\u0142ni zautomatyzowanych urz\u0105dze\u0144 do monta\u017cu si\u0142ownik\u00f3w hydraulicznych.<\/p>\n<p>Dostarczamy r\u00f3wnie\u017c inne produkty, takie jak cylindry do platform roboczych, cylindry hydrauliczne do pojazd\u00f3w przemys\u0142owych, cylindry do wiertnic obrotowych, cylindry do d\u017awig\u00f3w samochodowych, cylindry hydrauliczne do maszyn budowlanych, cylindry hydrauliczne do w\u00f3zk\u00f3w wid\u0142owych, cylindry do wywrotek g\u00f3rniczych oraz cylindry hydrauliczne do maszyn sanitarnych. Zach\u0119camy klient\u00f3w do sk\u0142adania zam\u00f3wie\u0144 na indywidualne zam\u00f3wienia.<\/p>\n<p><img decoding=\"async\" src=\"https:\/\/hzpt.com\/wp-content\/uploads\/2023\/12\/insert-5.webp\" alt=\"Fabryka FMP\" title=\"\"><\/p>\n<p>Autor:CX<\/p>","protected":false},"excerpt":{"rendered":"<p>The 10045 Customized Mini Tractor Hydraulic Cylinder for Trailer is a high-quality product designed specifically for tractor trailers. With its customized features and advanced hydraulic technology, this cylinder provides optimal performance and durability. Featuring a compact design, the 10045 cylinder is perfect for trailers with limited space. It offers a strong and reliable hydraulic system [&hellip;]<\/p>","protected":false},"featured_media":1127,"comment_status":"closed","ping_status":"closed","template":"","meta":{"_et_pb_use_builder":"","_et_pb_old_content":"","_et_gb_content_width":""},"product_brand":[],"product_cat":[36],"product_tag":[34,38],"class_list":{"0":"post-1053","1":"product","2":"type-product","3":"status-publish","4":"has-post-thumbnail","6":"product_cat-welded-clevis-type-cylinder","7":"product_tag-hydraulic-cylinder","8":"product_tag-welded-clevis-type-cylinder","10":"first","11":"instock","12":"product-type-simple"},"_links":{"self":[{"href":"https:\/\/fmp-components.com\/pl\/wp-json\/wp\/v2\/product\/1053","targetHints":{"allow":["GET"]}}],"collection":[{"href":"https:\/\/fmp-components.com\/pl\/wp-json\/wp\/v2\/product"}],"about":[{"href":"https:\/\/fmp-components.com\/pl\/wp-json\/wp\/v2\/types\/product"}],"replies":[{"embeddable":true,"href":"https:\/\/fmp-components.com\/pl\/wp-json\/wp\/v2\/comments?post=1053"}],"wp:featuredmedia":[{"embeddable":true,"href":"https:\/\/fmp-components.com\/pl\/wp-json\/wp\/v2\/media\/1127"}],"wp:attachment":[{"href":"https:\/\/fmp-components.com\/pl\/wp-json\/wp\/v2\/media?parent=1053"}],"wp:term":[{"taxonomy":"product_brand","embeddable":true,"href":"https:\/\/fmp-components.com\/pl\/wp-json\/wp\/v2\/product_brand?post=1053"},{"taxonomy":"product_cat","embeddable":true,"href":"https:\/\/fmp-components.com\/pl\/wp-json\/wp\/v2\/product_cat?post=1053"},{"taxonomy":"product_tag","embeddable":true,"href":"https:\/\/fmp-components.com\/pl\/wp-json\/wp\/v2\/product_tag?post=1053"}],"curies":[{"name":"wp","href":"https:\/\/api.w.org\/{rel}","templated":true}]}}