{"id":1051,"date":"2024-12-19T06:17:44","date_gmt":"2024-12-19T06:17:44","guid":{"rendered":"https:\/\/fmp-components.com\/product\/10043-guaranteed-quality-hydraulic-ram-cylinder-hydraulic-cylinder-for-sale\/"},"modified":"2025-03-18T00:43:31","modified_gmt":"2025-03-18T00:43:31","slug":"10043-guaranteed-quality-hydraulic-ram-cylinder-hydraulic-cylinder-for-sale","status":"publish","type":"product","link":"https:\/\/fmp-components.com\/pl\/product\/10043-guaranteed-quality-hydraulic-ram-cylinder-hydraulic-cylinder-for-sale\/","title":{"rendered":"10043 Gwarantowana jako\u015b\u0107 si\u0142ownika hydraulicznego Si\u0142ownik hydrauliczny na sprzeda\u017c"},"content":{"rendered":"<h2>Wprowadzenie do produktu:<\/h2>\n<p>Cylinder hydrauliczny 10043 o gwarantowanej jako\u015bci to najwy\u017cszej klasy si\u0142ownik hydrauliczny zaprojektowany z my\u015bl\u0105 o wyj\u0105tkowej wydajno\u015bci i niezawodno\u015bci. Dzi\u0119ki najwy\u017cszej jako\u015bci i zaawansowanej technologii, ten si\u0142ownik hydrauliczny to prze\u0142om w bran\u017cy.<\/p>\n<p>Cechy:<br \/>\n1. Bezkonkurencyjna trwa\u0142o\u015b\u0107: Wykonany z wysokiej jako\u015bci materia\u0142\u00f3w si\u0142ownik hydrauliczny 10043 gwarantuje d\u0142ugotrwa\u0142\u0105 wytrzyma\u0142o\u015b\u0107, dzi\u0119ki czemu wytrzymuje nawet najtrudniejsze warunki pracy.<br \/>\n2. Gwarancja jako\u015bci: Ka\u017cdy cylinder hydrauliczny przechodzi rygorystyczn\u0105 kontrol\u0119 jako\u015bci, aby mie\u0107 pewno\u015b\u0107, \u017ce spe\u0142nia najwy\u017csze standardy bran\u017cowe, zapewniaj\u0105c Ci niezawodn\u0105 i bezproblemow\u0105 prac\u0119.<br \/>\n3. Wysoka wydajno\u015b\u0107: Wyposa\u017cony w zaawansowan\u0105 technologi\u0119 hydrauliczn\u0105, ten cylinder zapewnia wyj\u0105tkow\u0105 moc i precyzj\u0119, dzi\u0119ki czemu doskonale nadaje si\u0119 do wymagaj\u0105cych zastosowa\u0144.<br \/>\n4. P\u0142ynna praca: Si\u0142ownik hydrauliczny 10043 charakteryzuje si\u0119 p\u0142ynn\u0105 i precyzyjn\u0105 prac\u0105 dzi\u0119ki zoptymalizowanej konstrukcji i precyzyjnemu wykonaniu.<br \/>\n5. Wszechstronne zastosowanie: Ten si\u0142ownik hydrauliczny nadaje si\u0119 do szerokiej gamy zastosowa\u0144, w tym w maszynach budowlanych, rolnictwie, g\u00f3rnictwie i innych.<\/p>\n<p><img loading=\"lazy\" decoding=\"async\" class=\"alignnone size-full wp-image-1073\" src=\"https:\/\/fmp-components.com\/wp-content\/uploads\/2024\/12\/Welded-Clevis-Type-Cylinder2.webp\" alt=\"Spawany cylinder typu wide\u0142kowego\" width=\"800\" height=\"800\" title=\"\" srcset=\"https:\/\/fmp-components.com\/wp-content\/uploads\/2024\/12\/Welded-Clevis-Type-Cylinder2.webp 800w, https:\/\/fmp-components.com\/wp-content\/uploads\/2024\/12\/Welded-Clevis-Type-Cylinder2-480x480.webp 480w\" sizes=\"(min-width: 0px) and (max-width: 480px) 480px, (min-width: 481px) 800px, 100vw\" \/><\/p>\n<p>Korzy\u015bci:<br \/>\n1. Wi\u0119ksza wydajno\u015b\u0107: Doskona\u0142a wydajno\u015b\u0107 si\u0142ownika hydraulicznego 10043 pozwala na wydajn\u0105 prac\u0119, co przek\u0142ada si\u0119 na zwi\u0119kszon\u0105 produktywno\u015b\u0107 i skr\u00f3cenie przestoj\u00f3w.<br \/>\n2. Rozwi\u0105zanie ekonomiczne: Dzi\u0119ki d\u0142ugiej \u017cywotno\u015bci i niezawodnej pracy ten si\u0142ownik hydrauliczny stanowi ekonomiczne rozwi\u0105zanie, pozwalaj\u0105ce zaoszcz\u0119dzi\u0107 pieni\u0105dze w d\u0142u\u017cszej perspektywie.<br \/>\n3. \u0141atwa konserwacja: Zaprojektowany z my\u015bl\u0105 o wygodzie u\u017cytkownika si\u0142ownik hydrauliczny 10043 wymaga minimalnej konserwacji, co ogranicza przestoje i zapewnia maksymaln\u0105 wydajno\u015b\u0107.<br \/>\n4. Zwi\u0119kszone bezpiecze\u0144stwo: Si\u0142ownik hydrauliczny wyposa\u017cony jest w zaawansowane funkcje bezpiecze\u0144stwa, gwarantuj\u0105ce bezpieczn\u0105 i niezawodn\u0105 prac\u0119 w ka\u017cdym \u015brodowisku pracy.<br \/>\n5. Satysfakcja klienta: Si\u0142ownik hydrauliczny 10043 obj\u0119ty jest doskona\u0142\u0105 obs\u0142ug\u0105 klienta, co gwarantuje spe\u0142nienie Twoich potrzeb i satysfakcj\u0119.<\/p>\n<p>Podsumowuj\u0105c, si\u0142ownik hydrauliczny 10043 z gwarancj\u0105 jako\u015bci, dost\u0119pny na sprzeda\u017c, to najwy\u017cszej klasy si\u0142ownik hydrauliczny, kt\u00f3ry oferuje wyj\u0105tkow\u0105 wydajno\u015b\u0107, trwa\u0142o\u015b\u0107 i niezawodno\u015b\u0107. Dzi\u0119ki zaawansowanym funkcjom i wszechstronnym zastosowaniom, jest idealnym wyborem dla ka\u017cdej bran\u017cy wymagaj\u0105cej niezawodnego zasilania hydraulicznego.<\/p>\n<h2>Wprowadzenie do naszego si\u0142ownika hydraulicznego<\/h2>\n<p>W FMP jeste\u015bmy dumni z produkcji najwy\u017cszej jako\u015bci cylindr\u00f3w hydraulicznych. Nasze do\u015bwiadczenie i zaanga\u017cowanie w jako\u015b\u0107 gwarantuj\u0105, \u017ce nasi klienci otrzymuj\u0105 tylko to, co najlepsze. Z siedzib\u0105 we W\u0142oszech, jeste\u015bmy liderem w bran\u017cy cylindr\u00f3w hydraulicznych.<\/p>\n<h2>Cechy i zalety naszego si\u0142ownika hydraulicznego<\/h2>\n<p>Nasze si\u0142owniki hydrauliczne zosta\u0142y zaprojektowane z my\u015bl\u0105 o wydajno\u015bci i oszcz\u0119dno\u015bci energii. S\u0105 one r\u00f3wnie\u017c znane ze swoich funkcji bezpiecze\u0144stwa. Mo\u017cesz polega\u0107 na wysokiej no\u015bno\u015bci naszych si\u0142ownik\u00f3w hydraulicznych, kt\u00f3re poradz\u0105 sobie z ci\u0119\u017ckimi zadaniami. Szczeg\u00f3\u0142owe informacje na temat produktu, takie jak wymiary i ud\u017awig, znajduj\u0105 si\u0119 w sekcji parametr\u00f3w technicznych.<\/p>\n<ol>\n<li><img decoding=\"async\" src=\"https:\/\/hzpt.com\/wp-content\/uploads\/2023\/12\/insert-1.webp\" alt=\"\" title=\"\"><\/li>\n<\/ol>\n<h2>Parametry techniczne naszego cylindra hydraulicznego<\/h2>\n<ul>\n<li>Wymiary: do wype\u0142nienia<\/li>\n<li>Pojemno\u015b\u0107: do wype\u0142nienia<\/li>\n<li>No\u015bno\u015b\u0107: do wype\u0142nienia<\/li>\n<\/ul>\n<h2>Unikalne cechy naszego si\u0142ownika hydraulicznego<\/h2>\n<p>Si\u0142owniki hydrauliczne FMP s\u0105 nie tylko wydajne i bezpieczne, ale tak\u017ce zaprojektowane z my\u015bl\u0105 o ochronie \u015brodowiska. Zaprojektowano je tak, aby dzia\u0142a\u0142y pod wysokim ci\u015bnieniem bez uszczerbku dla wydajno\u015bci.<\/p>\n<h2>Zasada dzia\u0142ania uk\u0142ad\u00f3w hydraulicznych<\/h2>\n<p>Zasada dzia\u0142ania uk\u0142ad\u00f3w hydraulicznych opiera si\u0119 na prawie Pascala. Ci\u015bnienie przy\u0142o\u017cone w jednym punkcie zamkni\u0119tej cieczy jest rozprowadzane r\u00f3wnomiernie we wszystkich kierunkach, umo\u017cliwiaj\u0105c dzia\u0142anie cylindr\u00f3w hydraulicznych.<\/p>\n<h2>Wyb\u00f3r, instalacja i konserwacja naszego si\u0142ownika hydraulicznego<\/h2>\n<p>Wyb\u00f3r odpowiedniego oleju hydraulicznego i uszczelnienia olejowego ma kluczowe znaczenie dla wydajnej pracy si\u0142ownik\u00f3w hydraulicznych. Pomiary i praca si\u0142ownik\u00f3w hydraulicznych to r\u00f3wnie\u017c wa\u017cne aspekty, kt\u00f3re nale\u017cy wzi\u0105\u0107 pod uwag\u0119. Zapewniamy szczeg\u00f3\u0142owe informacje i pomoc we wszystkich tych obszarach.<\/p>\n<p>&nbsp;<\/p>\n<p><img decoding=\"async\" src=\"https:\/\/hzpt.com\/wp-content\/uploads\/2023\/12\/insert-3.webp\" alt=\"\" title=\"\"><\/p>\n<p>O: Tak, oferujemy us\u0142ugi personalizacji. Mo\u017cesz nam przekaza\u0107 swoje wymagania, a my wyprodukujemy produkt zgodnie z nimi.<\/p>\n<h2>Zalety cylindra spawanego typu wide\u0142kowego<\/h2>\n<p>Spawane cylindry wide\u0142kowe s\u0105 popularnym wyborem w wielu zastosowaniach przemys\u0142owych ze wzgl\u0119du na swoje unikalne zalety i korzy\u015bci. Oto niekt\u00f3re z kluczowych zalet spawanych cylindr\u00f3w wide\u0142kowych:<\/p>\n<h3>1. Zwi\u0119kszona wytrzyma\u0142o\u015b\u0107 i trwa\u0142o\u015b\u0107<\/h3>\n<p>Cylindry z mocowaniem wide\u0142kowym spawane s\u0105 wyposa\u017cone w spawan\u0105 za\u015blepk\u0119, co zapewnia wi\u0119ksz\u0105 wytrzyma\u0142o\u015b\u0107 i trwa\u0142o\u015b\u0107 w por\u00f3wnaniu z innymi typami cylindr\u00f3w. Dzi\u0119ki temu idealnie nadaj\u0105 si\u0119 do zastosowa\u0144 wymagaj\u0105cych du\u017cej wytrzyma\u0142o\u015bci i trwa\u0142o\u015bci.<\/p>\n<p>Dodatkowo spawana konstrukcja tych cylindr\u00f3w zmniejsza ryzyko przeciek\u00f3w lub awarii, co mo\u017ce przyczyni\u0107 si\u0119 do ograniczenia przestoj\u00f3w i koszt\u00f3w konserwacji.<\/p>\n<h3>2. Zdolno\u015b\u0107 do radzenia sobie z wysokim ci\u015bnieniem<\/h3>\n<p>Spawane si\u0142owniki wide\u0142kowe s\u0105 r\u00f3wnie\u017c w stanie wytrzyma\u0107 wysokie ci\u015bnienie, co czyni je popularnym wyborem w takich bran\u017cach jak budownictwo, g\u00f3rnictwo oraz przemys\u0142 naftowo-gazowy. Ich zdolno\u015b\u0107 do pracy w wysokich ci\u015bnieniach gwarantuje niezawodn\u0105 prac\u0119 w wymagaj\u0105cych warunkach.<\/p>\n<h3>3. Mo\u017cliwo\u015b\u0107 dostosowania projektu<\/h3>\n<p>Spawane si\u0142owniki wide\u0142kowe mog\u0105 by\u0107 projektowane na zam\u00f3wienie, aby spe\u0142ni\u0107 specyficzne wymagania danego zastosowania. Oznacza to, \u017ce mo\u017cna je dostosowa\u0107 do konkretnego rozmiaru, kszta\u0142tu lub wymaga\u0144 wydajno\u015bciowych. Mo\u017cliwo\u015b\u0107 dostosowania konstrukcji zapewnia r\u00f3wnie\u017c wi\u0119ksz\u0105 elastyczno\u015b\u0107 w procesie produkcji, co mo\u017ce prowadzi\u0107 do oszcz\u0119dno\u015bci koszt\u00f3w.<\/p>\n<h3>4. \u0141atwa instalacja<\/h3>\n<p>Spawane si\u0142owniki wide\u0142kowe s\u0105 zaprojektowane z my\u015bl\u0105 o \u0142atwej instalacji, co pozwala skr\u00f3ci\u0107 czas konfiguracji i obni\u017cy\u0107 koszty robocizny. Zazwyczaj s\u0105 one wst\u0119pnie zmontowane i gotowe do u\u017cycia od razu po wyj\u0119ciu z opakowania, co minimalizuje potrzeb\u0119 stosowania dodatkowych cz\u0119\u015bci lub podzespo\u0142\u00f3w.<\/p>\n<h3>5. Poprawiona wydajno\u015b\u0107<\/h3>\n<p>Konstrukcja spawanych si\u0142ownik\u00f3w wide\u0142kowych zapewnia lepsz\u0105 wydajno\u015b\u0107 w por\u00f3wnaniu z innymi typami si\u0142ownik\u00f3w. S\u0105 one w stanie wygenerowa\u0107 wi\u0119ksz\u0105 si\u0142\u0119 na jednostk\u0119 ci\u015bnienia, co mo\u017ce przyczyni\u0107 si\u0119 do poprawy wydajno\u015bci i produktywno\u015bci w zastosowaniach przemys\u0142owych.<\/p>\n<p>Og\u00f3lnie rzecz bior\u0105c, spawane si\u0142owniki wide\u0142kowe oferuj\u0105 szereg zalet i korzy\u015bci, kt\u00f3re czyni\u0105 je popularnym wyborem w wielu zastosowaniach przemys\u0142owych. Ich zwi\u0119kszona wytrzyma\u0142o\u015b\u0107 i trwa\u0142o\u015b\u0107, odporno\u015b\u0107 na wysokie ci\u015bnienie, mo\u017cliwo\u015b\u0107 dostosowania konstrukcji, \u0142atwo\u015b\u0107 monta\u017cu i lepsza wydajno\u015b\u0107 sprawiaj\u0105, \u017ce s\u0105 idealnym wyborem w wymagaj\u0105cych \u015brodowiskach, gdzie niezawodno\u015b\u0107 i wydajno\u015b\u0107 s\u0105 kluczowe.<\/p>\n<p><img decoding=\"async\" src=\"https:\/\/hzpt.com\/wp-content\/uploads\/2023\/12\/insert-2.webp\" alt=\"\" title=\"\"><\/p>\n<h2>Zastosowanie cylindra spawanego typu wide\u0142kowego<\/h2>\n<ul>\n<li><strong>Maszyny przemys\u0142owe:<\/strong> Cylindry z mocowaniem wide\u0142kowym spawane s\u0105 szeroko stosowane w r\u00f3\u017cnych maszynach przemys\u0142owych do ci\u0119\u017ckich zastosowa\u0144. Cylindry te s\u0105 w stanie wytwarza\u0107 du\u017c\u0105 si\u0142\u0119 wyj\u015bciow\u0105 do podnoszenia i dociskania element\u00f3w maszyn. Konstrukcja z mocowaniem wide\u0142kowym spawanym zapewnia \u0142atwy monta\u017c i wydajn\u0105 prac\u0119, co czyni je popularnym wyborem w\u015br\u00f3d producent\u00f3w.\n<ul>\n<li>W przemy\u015ble wytw\u00f3rczym cylindry typu wide\u0142kowego spawane stosowane s\u0105 w prasach hydraulicznych, wtryskarkach i urz\u0105dzeniach do t\u0142oczenia metali w celu zapewnienia si\u0142y niezb\u0119dnej do formowania i kszta\u0142towania arkuszy blachy.<\/li>\n<li>W przemy\u015ble motoryzacyjnym cylindry te stosuje si\u0119 w podno\u015bnikach samochodowych, windach i maszynach monta\u017cowych do podnoszenia ci\u0119\u017ckich komponent\u00f3w w trakcie procesu produkcyjnego.<\/li>\n<li>W bran\u017cy budowlanej cylindry typu wide\u0142kowego spawane stosowane s\u0105 w d\u017awigach, koparkach i spycharkach do zasilania uk\u0142ad\u00f3w hydraulicznych podnosz\u0105cych i przemieszczaj\u0105cych ci\u0119\u017ckie \u0142adunki.<\/li>\n<\/ul>\n<\/li>\n<li><strong>Maszyny rolnicze:<\/strong> Maszyny rolnicze to jeden z najwa\u017cniejszych obszar\u00f3w zastosowania cylindr\u00f3w spawanych z wide\u0142kami. Cylindry te s\u0105 stosowane w r\u00f3\u017cnych maszynach rolniczych, w tym w ci\u0105gnikach, kombajnach i p\u0142ugach, aby zapewni\u0107 niezb\u0119dn\u0105 si\u0142\u0119 do przygotowania gleby, sadzenia i zbioru.\n<ul>\n<li>W przemy\u015ble rolniczym cylindry typu wide\u0142kowego spawane stosowane s\u0105 w p\u0142ugach, kultywatorach i siewnikach w celu zapewnienia si\u0142y niezb\u0119dnej do przygotowania gleby i sadzenia nasion.<\/li>\n<li>W przemy\u015ble \u017cniwnym si\u0142owniki te s\u0105 stosowane w maszynach \u017cniwnych, prasach i kosiarkach do zasilania uk\u0142ad\u00f3w hydraulicznych, kt\u00f3re zbieraj\u0105 i transportuj\u0105 plony.<\/li>\n<\/ul>\n<\/li>\n<li><strong>Lotnictwo i obronno\u015b\u0107:<\/strong> Cylindry typu wide\u0142kowego spawane s\u0105 r\u00f3wnie\u017c wykorzystywane w przemy\u015ble lotniczym i obronnym, gdzie wykorzystuje si\u0119 je w szerokim zakresie w samolotach, rakietach, pociskach i systemach obronnych.\n<ul>\n<li>W przemy\u015ble lotniczym cylindry typu wide\u0142kowego spawane stosowane s\u0105 w podwoziach samolot\u00f3w, klapach i hamulcach, aby zapewni\u0107 si\u0142\u0119 potrzebn\u0105 do startu i l\u0105dowania.<\/li>\n<li>W przemy\u015ble obronnym cylindry te stosuje si\u0119 w wyrzutniach rakiet, wie\u017cach dzia\u0142 i systemach czo\u0142gowych do zasilania uk\u0142ad\u00f3w hydraulicznych kontroluj\u0105cych ruch broni i amunicji.<\/li>\n<\/ul>\n<\/li>\n<li><strong>Przemys\u0142 morski:<\/strong> Cylindry typu wide\u0142kowego spawane s\u0105 r\u00f3wnie\u017c szeroko stosowane w przemy\u015ble morskim, gdzie wykorzystuje si\u0119 je w r\u00f3\u017cnych zastosowaniach na statkach, \u0142odziach i pojazdach podwodnych.\n<ul>\n<li>W przemy\u015ble stoczniowym cylindry typu wide\u0142kowego spawane stosowane s\u0105 w d\u017awigach, wyci\u0105garkach i sprz\u0119cie do prze\u0142adunku towar\u00f3w w celu zapewnienia si\u0142y niezb\u0119dnej do za\u0142adunku i roz\u0142adunku towar\u00f3w.<\/li>\n<li>W przemy\u015ble \u017ceglarskim cylindry te stosuje si\u0119 w uk\u0142adach sterowania, \u015brubach nap\u0119dowych i systemach kotwicznych, aby zapewni\u0107 si\u0142\u0119 niezb\u0119dn\u0105 do kontrolowania ruchu \u0142odzi i statk\u00f3w.<\/li>\n<li>W bran\u017cy pojazd\u00f3w podwodnych cylindry typu Welded Clevis s\u0105 stosowane w pojazdach podwodnych, pojazdach zdalnie sterowanych (ROV) i sprz\u0119cie nurkowym w celu zapewnienia si\u0142y niezb\u0119dnej do operacji podwodnych.<\/li>\n<\/ul>\n<\/li>\n<li><strong>Przemys\u0142 g\u00f3rniczy:<\/strong> Cylindry typu wide\u0142kowego spawane s\u0105 r\u00f3wnie\u017c wykorzystywane w przemy\u015ble g\u00f3rniczym, gdzie wykorzystuje si\u0119 je w r\u00f3\u017cnych zastosowaniach zwi\u0105zanych z wydobyciem minera\u0142\u00f3w i transportem materia\u0142\u00f3w.\n<ul>\n<li>W przemy\u015ble g\u00f3rniczym cylindry typu wide\u0142kowego spawane stosowane s\u0105 w systemach przeno\u015bnik\u00f3w ta\u015bmowych, maszynach wiertniczych i koparkach hydraulicznych w celu zapewnienia si\u0142y niezb\u0119dnej do wydobywania minera\u0142\u00f3w i materia\u0142\u00f3w z kopalni i kamienio\u0142om\u00f3w.<\/li>\n<\/ul>\n<\/li>\n<\/ul>\n<h2>O FMP<\/h2>\n<p>FMP jest wiod\u0105cym producentem si\u0142ownik\u00f3w hydraulicznych we W\u0142oszech. Posiadamy moce produkcyjne na poziomie 200 000 zestaw\u00f3w i 300 zestaw\u00f3w r\u00f3\u017cnego rodzaju, w pe\u0142ni zautomatyzowanych maszyn produkcyjnych CNC. Nasza oferta obejmuje si\u0142owniki hydrauliczne przechy\u0142u, si\u0142owniki hydrauliczne uk\u0142adu kierowniczego oraz si\u0142owniki hydraulicznego podnoszenia.<\/p>\n<p>Oferujemy produkty wysokiej jako\u015bci, konkurencyjne ceny i doskona\u0142\u0105 obs\u0142ug\u0119. Oferujemy cylindry hydrauliczne, cylindry do podno\u015bnik\u00f3w koszowych, cylindry hydrauliczne do pojazd\u00f3w przemys\u0142owych, cylindry do wiertnic obrotowych, cylindry do d\u017awig\u00f3w samochodowych, cylindry hydrauliczne do maszyn budowlanych. <b>Cylindry hydrauliczne do w\u00f3zk\u00f3w wid\u0142owych<\/b>, cylindry do wywrotek g\u00f3rniczych, cylindry hydrauliczne do maszyn sanitarnych mo\u017cna dostosowa\u0107 do indywidualnych wymaga\u0144.<\/p>\n<p><img decoding=\"async\" src=\"https:\/\/hzpt.com\/wp-content\/uploads\/2023\/12\/insert-5.webp\" alt=\"Fabryka FMP\" title=\"\"><\/p>\n<p>Autor:CX<\/p>","protected":false},"excerpt":{"rendered":"<p>Product Introduction: The 10043 Guaranteed Quality Hydraulic Ram Cylinder Hydraulic Cylinder For Sale is a top-notch hydraulic cylinder designed to deliver exceptional performance and reliability. With its superior quality and advanced technology, this hydraulic cylinder is a game-changer in the industry. Features: 1. Unparalleled Durability: Built with high-quality materials, the 10043 hydraulic cylinder ensures long-lasting [&hellip;]<\/p>","protected":false},"featured_media":1127,"comment_status":"closed","ping_status":"closed","template":"","meta":{"_et_pb_use_builder":"","_et_pb_old_content":"","_et_gb_content_width":""},"product_brand":[],"product_cat":[36],"product_tag":[34,38],"class_list":{"0":"post-1051","1":"product","2":"type-product","3":"status-publish","4":"has-post-thumbnail","6":"product_cat-welded-clevis-type-cylinder","7":"product_tag-hydraulic-cylinder","8":"product_tag-welded-clevis-type-cylinder","10":"first","11":"instock","12":"product-type-simple"},"_links":{"self":[{"href":"https:\/\/fmp-components.com\/pl\/wp-json\/wp\/v2\/product\/1051","targetHints":{"allow":["GET"]}}],"collection":[{"href":"https:\/\/fmp-components.com\/pl\/wp-json\/wp\/v2\/product"}],"about":[{"href":"https:\/\/fmp-components.com\/pl\/wp-json\/wp\/v2\/types\/product"}],"replies":[{"embeddable":true,"href":"https:\/\/fmp-components.com\/pl\/wp-json\/wp\/v2\/comments?post=1051"}],"wp:featuredmedia":[{"embeddable":true,"href":"https:\/\/fmp-components.com\/pl\/wp-json\/wp\/v2\/media\/1127"}],"wp:attachment":[{"href":"https:\/\/fmp-components.com\/pl\/wp-json\/wp\/v2\/media?parent=1051"}],"wp:term":[{"taxonomy":"product_brand","embeddable":true,"href":"https:\/\/fmp-components.com\/pl\/wp-json\/wp\/v2\/product_brand?post=1051"},{"taxonomy":"product_cat","embeddable":true,"href":"https:\/\/fmp-components.com\/pl\/wp-json\/wp\/v2\/product_cat?post=1051"},{"taxonomy":"product_tag","embeddable":true,"href":"https:\/\/fmp-components.com\/pl\/wp-json\/wp\/v2\/product_tag?post=1051"}],"curies":[{"name":"wp","href":"https:\/\/api.w.org\/{rel}","templated":true}]}}