{"id":1042,"date":"2024-12-19T06:17:09","date_gmt":"2024-12-19T06:17:09","guid":{"rendered":"https:\/\/fmp-components.com\/product\/10034-professional-craftsmanship-small-trailer-hydraulic-piston-cylinder\/"},"modified":"2024-12-24T00:39:03","modified_gmt":"2024-12-24T00:39:03","slug":"10034-professional-craftsmanship-small-trailer-hydraulic-piston-cylinder","status":"publish","type":"product","link":"https:\/\/fmp-components.com\/pl\/product\/10034-professional-craftsmanship-small-trailer-hydraulic-piston-cylinder\/","title":{"rendered":"10034 Profesjonalny, rzemie\u015blniczy, ma\u0142y hydrauliczny si\u0142ownik t\u0142okowy do przyczep"},"content":{"rendered":"<h2>Przedstawiamy produkt 10034 Profesjonalny, rzemie\u015blniczy, ma\u0142y hydrauliczny si\u0142ownik t\u0142okowy do przyczep<\/h2>\n<p>Si\u0142ownik hydrauliczny do ma\u0142ych przyczep 10034 Professional Craftsmanship to wysokiej jako\u015bci element hydrauliczny zaprojektowany specjalnie do ma\u0142ych przyczep. Zosta\u0142 starannie wykonany z wykorzystaniem zaawansowanych technik produkcyjnych, co gwarantuje doskona\u0142\u0105 wydajno\u015b\u0107 i trwa\u0142o\u015b\u0107.<\/p>\n<p>Ten cylinder t\u0142okowy charakteryzuje si\u0119 kompaktow\u0105 konstrukcj\u0105, dzi\u0119ki czemu idealnie nadaje si\u0119 do zastosowa\u0144 w ograniczonej przestrzeni. Zosta\u0142 wykonany z precyzj\u0105 i dba\u0142o\u015bci\u0105 o szczeg\u00f3\u0142y, gwarantuj\u0105c bezproblemow\u0105 prac\u0119 i optymaln\u0105 wydajno\u015b\u0107.<\/p>\n<p>Dzi\u0119ki hydraulicznemu nap\u0119dowi ten si\u0142ownik t\u0142okowy zapewnia p\u0142ynne i niezawodne podnoszenie i opuszczanie ma\u0142ych przyczep. Niezale\u017cnie od tego, czy potrzebujesz transportowa\u0107 ci\u0119\u017ckie \u0142adunki, czy manewrowa\u0107 w ciasnych przestrzeniach, ten hydrauliczny si\u0142ownik t\u0142okowy to niezawodne i wydajne rozwi\u0105zanie.<\/p>\n<p>Si\u0142ownik hydrauliczny do ma\u0142ych przyczep Professional Craftsmanship zosta\u0142 zaprojektowany z my\u015bl\u0105 o trudnych warunkach i intensywnym u\u017cytkowaniu. Wykonany jest z wysokiej jako\u015bci materia\u0142\u00f3w, dzi\u0119ki czemu jest odporny na korozj\u0119, zu\u017cycie i uszkodzenia. Zapewnia to d\u0142ug\u0105 \u017cywotno\u015b\u0107 i minimalne wymagania konserwacyjne.<\/p>\n<p>Co wi\u0119cej, ten si\u0142ownik t\u0142okowy zosta\u0142 zaprojektowany z my\u015bl\u0105 o wygodzie u\u017cytkownika. Jest \u0142atwy w monta\u017cu i obs\u0142udze, co pozwala na szybk\u0105 i bezproblemow\u0105 integracj\u0119 z systemem przyczepy. Kompaktowy rozmiar u\u0142atwia r\u00f3wnie\u017c transport i przechowywanie, gdy nie jest u\u017cywany.<\/p>\n<p>Podsumowuj\u0105c, si\u0142ownik hydrauliczny do ma\u0142ych przyczep 10034 Professional Craftsmanship to najwy\u017cszej klasy komponent hydrauliczny, kt\u00f3ry oferuje wyj\u0105tkow\u0105 wydajno\u015b\u0107, trwa\u0142o\u015b\u0107 i \u0142atwo\u015b\u0107 obs\u0142ugi. Jego doskona\u0142e w\u0142a\u015bciwo\u015bci sprawiaj\u0105, \u017ce jest idealnym wyborem do ma\u0142ych przyczep, zapewniaj\u0105c wydajne podnoszenie i opuszczanie. Zainwestuj w ten si\u0142ownik, aby zwi\u0119kszy\u0107 funkcjonalno\u015b\u0107 i niezawodno\u015b\u0107 swojej ma\u0142ej przyczepy ju\u017c dzi\u015b.<\/p>\n<p><img decoding=\"async\" src=\"https:\/\/hzpt.com\/wp-content\/uploads\/2023\/12\/insert-4.webp?v=1694163707\" alt=\"\" title=\"\"><\/p>\n<h2>O cylindrze t\u0142okowym hydraulicznym<\/h2>\n<p>Hydrauliczny si\u0142ownik t\u0142okowy ma bogat\u0105 histori\u0119 i jest klasyfikowany ze wzgl\u0119du na konstrukcj\u0119, dzia\u0142anie i monta\u017c. Charakteryzuje si\u0119 wieloma zaletami, takimi jak \u0142atwo\u015b\u0107 monta\u017cu, niskie koszty konserwacji i d\u0142uga \u017cywotno\u015b\u0107.<\/p>\n<p>Wyb\u00f3r odpowiedniego oleju hydraulicznego i uszczelnienia olejowego ma kluczowe znaczenie dla wydajno\u015bci si\u0142ownika hydraulicznego. Regularna wymiana i dok\u0142adny pomiar s\u0105 r\u00f3wnie\u017c niezb\u0119dne dla jego sprawnego dzia\u0142ania.<\/p>\n<h2>Zalety cylindra spawanego typu wide\u0142kowego<\/h2>\n<p>Spawane cylindry wide\u0142kowe s\u0105 popularnym wyborem w wielu zastosowaniach przemys\u0142owych ze wzgl\u0119du na swoje unikalne zalety i korzy\u015bci. Oto niekt\u00f3re z kluczowych zalet spawanych cylindr\u00f3w wide\u0142kowych:<\/p>\n<h3>1. Zwi\u0119kszona wytrzyma\u0142o\u015b\u0107 i trwa\u0142o\u015b\u0107<\/h3>\n<p>Cylindry z mocowaniem wide\u0142kowym spawane s\u0105 wyposa\u017cone w spawan\u0105 za\u015blepk\u0119, co zapewnia wi\u0119ksz\u0105 wytrzyma\u0142o\u015b\u0107 i trwa\u0142o\u015b\u0107 w por\u00f3wnaniu z innymi typami cylindr\u00f3w. Dzi\u0119ki temu idealnie nadaj\u0105 si\u0119 do zastosowa\u0144 wymagaj\u0105cych du\u017cej wytrzyma\u0142o\u015bci i trwa\u0142o\u015bci.<\/p>\n<p>Dodatkowo spawana konstrukcja tych cylindr\u00f3w zmniejsza ryzyko przeciek\u00f3w lub awarii, co mo\u017ce przyczyni\u0107 si\u0119 do ograniczenia przestoj\u00f3w i koszt\u00f3w konserwacji.<\/p>\n<h3>2. Zdolno\u015b\u0107 do radzenia sobie z wysokim ci\u015bnieniem<\/h3>\n<p>Spawane si\u0142owniki wide\u0142kowe s\u0105 r\u00f3wnie\u017c w stanie wytrzyma\u0107 wysokie ci\u015bnienie, co czyni je popularnym wyborem w takich bran\u017cach jak budownictwo, g\u00f3rnictwo oraz przemys\u0142 naftowo-gazowy. Ich zdolno\u015b\u0107 do pracy w wysokich ci\u015bnieniach gwarantuje niezawodn\u0105 prac\u0119 w wymagaj\u0105cych warunkach.<\/p>\n<h3>3. Mo\u017cliwo\u015b\u0107 dostosowania projektu<\/h3>\n<p>Spawane si\u0142owniki wide\u0142kowe mog\u0105 by\u0107 projektowane na zam\u00f3wienie, aby spe\u0142ni\u0107 specyficzne wymagania danego zastosowania. Oznacza to, \u017ce mo\u017cna je dostosowa\u0107 do konkretnego rozmiaru, kszta\u0142tu lub wymaga\u0144 wydajno\u015bciowych. Mo\u017cliwo\u015b\u0107 dostosowania konstrukcji zapewnia r\u00f3wnie\u017c wi\u0119ksz\u0105 elastyczno\u015b\u0107 w procesie produkcji, co mo\u017ce prowadzi\u0107 do oszcz\u0119dno\u015bci koszt\u00f3w.<\/p>\n<h3>4. \u0141atwa instalacja<\/h3>\n<p>Spawane si\u0142owniki wide\u0142kowe s\u0105 zaprojektowane z my\u015bl\u0105 o \u0142atwej instalacji, co pozwala skr\u00f3ci\u0107 czas konfiguracji i obni\u017cy\u0107 koszty robocizny. Zazwyczaj s\u0105 one wst\u0119pnie zmontowane i gotowe do u\u017cycia od razu po wyj\u0119ciu z opakowania, co minimalizuje potrzeb\u0119 stosowania dodatkowych cz\u0119\u015bci lub podzespo\u0142\u00f3w.<\/p>\n<h3>5. Poprawiona wydajno\u015b\u0107<\/h3>\n<p>Konstrukcja spawanych si\u0142ownik\u00f3w wide\u0142kowych zapewnia lepsz\u0105 wydajno\u015b\u0107 w por\u00f3wnaniu z innymi typami si\u0142ownik\u00f3w. S\u0105 one w stanie wygenerowa\u0107 wi\u0119ksz\u0105 si\u0142\u0119 na jednostk\u0119 ci\u015bnienia, co mo\u017ce przyczyni\u0107 si\u0119 do poprawy wydajno\u015bci i produktywno\u015bci w zastosowaniach przemys\u0142owych.<\/p>\n<p>Og\u00f3lnie rzecz bior\u0105c, spawane si\u0142owniki wide\u0142kowe oferuj\u0105 szereg zalet i korzy\u015bci, kt\u00f3re czyni\u0105 je popularnym wyborem w wielu zastosowaniach przemys\u0142owych. Ich zwi\u0119kszona wytrzyma\u0142o\u015b\u0107 i trwa\u0142o\u015b\u0107, odporno\u015b\u0107 na wysokie ci\u015bnienie, mo\u017cliwo\u015b\u0107 dostosowania konstrukcji, \u0142atwo\u015b\u0107 monta\u017cu i lepsza wydajno\u015b\u0107 sprawiaj\u0105, \u017ce s\u0105 idealnym wyborem w wymagaj\u0105cych \u015brodowiskach, gdzie niezawodno\u015b\u0107 i wydajno\u015b\u0107 s\u0105 kluczowe.<\/p>\n<h2>Zastosowanie cylindra spawanego typu wide\u0142kowego<\/h2>\n<ul>\n<li><strong>Maszyny przemys\u0142owe:<\/strong> Cylindry z mocowaniem wide\u0142kowym spawane s\u0105 szeroko stosowane w r\u00f3\u017cnych maszynach przemys\u0142owych do ci\u0119\u017ckich zastosowa\u0144. Cylindry te s\u0105 w stanie wytwarza\u0107 du\u017c\u0105 si\u0142\u0119 wyj\u015bciow\u0105 do podnoszenia i dociskania element\u00f3w maszyn. Konstrukcja z mocowaniem wide\u0142kowym spawanym zapewnia \u0142atwy monta\u017c i wydajn\u0105 prac\u0119, co czyni je popularnym wyborem w\u015br\u00f3d producent\u00f3w.\n<ul>\n<li>W przemy\u015ble wytw\u00f3rczym cylindry typu wide\u0142kowego spawane stosowane s\u0105 w prasach hydraulicznych, wtryskarkach i urz\u0105dzeniach do t\u0142oczenia metali w celu zapewnienia si\u0142y niezb\u0119dnej do formowania i kszta\u0142towania arkuszy blachy.<\/li>\n<li>W przemy\u015ble motoryzacyjnym cylindry te stosuje si\u0119 w podno\u015bnikach samochodowych, windach i maszynach monta\u017cowych do podnoszenia ci\u0119\u017ckich komponent\u00f3w w trakcie procesu produkcyjnego.<\/li>\n<li>W bran\u017cy budowlanej cylindry typu wide\u0142kowego spawane stosowane s\u0105 w d\u017awigach, koparkach i spycharkach do zasilania uk\u0142ad\u00f3w hydraulicznych podnosz\u0105cych i przemieszczaj\u0105cych ci\u0119\u017ckie \u0142adunki.<\/li>\n<\/ul>\n<\/li>\n<li><strong>Maszyny rolnicze:<\/strong> Maszyny rolnicze to jeden z najwa\u017cniejszych obszar\u00f3w zastosowania cylindr\u00f3w spawanych z wide\u0142kami. Cylindry te s\u0105 stosowane w r\u00f3\u017cnych maszynach rolniczych, w tym w ci\u0105gnikach, kombajnach i p\u0142ugach, aby zapewni\u0107 niezb\u0119dn\u0105 si\u0142\u0119 do przygotowania gleby, sadzenia i zbioru.\n<ul>\n<li>W przemy\u015ble rolniczym cylindry typu wide\u0142kowego spawane stosowane s\u0105 w p\u0142ugach, kultywatorach i siewnikach w celu zapewnienia si\u0142y niezb\u0119dnej do przygotowania gleby i sadzenia nasion.<\/li>\n<li>W przemy\u015ble \u017cniwnym si\u0142owniki te s\u0105 stosowane w maszynach \u017cniwnych, prasach i kosiarkach do zasilania uk\u0142ad\u00f3w hydraulicznych, kt\u00f3re zbieraj\u0105 i transportuj\u0105 plony.<\/li>\n<\/ul>\n<\/li>\n<li><strong>Lotnictwo i obronno\u015b\u0107:<\/strong> Cylindry typu wide\u0142kowego spawane s\u0105 r\u00f3wnie\u017c wykorzystywane w przemy\u015ble lotniczym i obronnym, gdzie wykorzystuje si\u0119 je w szerokim zakresie w samolotach, rakietach, pociskach i systemach obronnych.\n<ul>\n<li>W przemy\u015ble lotniczym cylindry typu wide\u0142kowego spawane stosowane s\u0105 w podwoziach samolot\u00f3w, klapach i hamulcach, aby zapewni\u0107 si\u0142\u0119 potrzebn\u0105 do startu i l\u0105dowania.<\/li>\n<li>W przemy\u015ble obronnym cylindry te stosuje si\u0119 w wyrzutniach rakiet, wie\u017cach dzia\u0142 i systemach czo\u0142gowych do zasilania uk\u0142ad\u00f3w hydraulicznych kontroluj\u0105cych ruch broni i amunicji.<\/li>\n<\/ul>\n<\/li>\n<li><strong>Przemys\u0142 morski:<\/strong> Cylindry typu wide\u0142kowego spawane s\u0105 r\u00f3wnie\u017c szeroko stosowane w przemy\u015ble morskim, gdzie wykorzystuje si\u0119 je w r\u00f3\u017cnych zastosowaniach na statkach, \u0142odziach i pojazdach podwodnych.\n<ul>\n<li>W przemy\u015ble stoczniowym cylindry typu wide\u0142kowego spawane stosowane s\u0105 w d\u017awigach, wyci\u0105garkach i sprz\u0119cie do prze\u0142adunku towar\u00f3w w celu zapewnienia si\u0142y niezb\u0119dnej do za\u0142adunku i roz\u0142adunku towar\u00f3w.<\/li>\n<li>W przemy\u015ble \u017ceglarskim cylindry te stosuje si\u0119 w uk\u0142adach sterowania, \u015brubach nap\u0119dowych i systemach kotwicznych, aby zapewni\u0107 si\u0142\u0119 niezb\u0119dn\u0105 do kontrolowania ruchu \u0142odzi i statk\u00f3w.<\/li>\n<li>W bran\u017cy pojazd\u00f3w podwodnych cylindry typu Welded Clevis s\u0105 stosowane w pojazdach podwodnych, pojazdach zdalnie sterowanych (ROV) i sprz\u0119cie nurkowym w celu zapewnienia si\u0142y niezb\u0119dnej do operacji podwodnych.<\/li>\n<\/ul>\n<\/li>\n<li><strong>Przemys\u0142 g\u00f3rniczy:<\/strong> Cylindry typu wide\u0142kowego spawane s\u0105 r\u00f3wnie\u017c wykorzystywane w przemy\u015ble g\u00f3rniczym, gdzie wykorzystuje si\u0119 je w r\u00f3\u017cnych zastosowaniach zwi\u0105zanych z wydobyciem minera\u0142\u00f3w i transportem materia\u0142\u00f3w.\n<ul>\n<li>W przemy\u015ble g\u00f3rniczym cylindry typu wide\u0142kowego spawane stosowane s\u0105 w systemach przeno\u015bnik\u00f3w ta\u015bmowych, maszynach wiertniczych i koparkach hydraulicznych w celu zapewnienia si\u0142y niezb\u0119dnej do wydobywania minera\u0142\u00f3w i materia\u0142\u00f3w z kopalni i kamienio\u0142om\u00f3w.<\/li>\n<\/ul>\n<\/li>\n<\/ul>\n<h3>O FMP<\/h3>\n<p>FMP jest liderem na w\u0142oskim rynku si\u0142ownik\u00f3w hydraulicznych do maszyn mobilnych. Oferujemy szerok\u0105 gam\u0119 produkt\u00f3w, w tym si\u0142owniki hydrauliczne przechy\u0142u, si\u0142owniki hydrauliczne uk\u0142adu kierowniczego i si\u0142owniki hydraulicznego podnoszenia. Nasze moce produkcyjne wynosz\u0105 200 000 zestaw\u00f3w i dysponujemy 300 zestawami r\u00f3\u017cnego rodzaju, w pe\u0142ni zautomatyzowanych urz\u0105dze\u0144 produkcyjnych CNC, a tak\u017ce w pe\u0142ni zautomatyzowanymi urz\u0105dzeniami do monta\u017cu si\u0142ownik\u00f3w hydraulicznych.<\/p>\n<p>Opr\u00f3cz wy\u017cej wymienionych produkt\u00f3w dostarczamy r\u00f3wnie\u017c cylindry do podno\u015bnik\u00f3w koszowych, cylindry hydrauliczne do pojazd\u00f3w przemys\u0142owych, cylindry do wiertnic obrotowych, cylindry do d\u017awig\u00f3w samochodowych, cylindry hydrauliczne do maszyn budowlanych, <b>Cylindry hydrauliczne do w\u00f3zk\u00f3w wid\u0142owych<\/b>, cylindry do wywrotek g\u00f3rniczych i cylindry hydrauliczne do maszyn sanitarnych. Z przyjemno\u015bci\u0105 zrealizujemy zam\u00f3wienia dostosowane do Pa\u0144stwa specyfikacji.<\/p>\n<p><img decoding=\"async\" src=\"https:\/\/hzpt.com\/wp-content\/uploads\/2023\/12\/insert-5.webp\" alt=\"\" title=\"\"><\/p>\n<h2>Cz\u0119sto zadawane pytania<\/h2>\n<ol>\n<li>P: Jaka jest funkcja cylindra t\u0142okowego hydraulicznego? O: Jest on wykorzystywany do wytwarzania si\u0142y w linii prostej w r\u00f3\u017cnych zastosowaniach przemys\u0142owych.<\/li>\n<li>P: Jakie s\u0105 zalety tego produktu? O: Oferuje energooszcz\u0119dno\u015b\u0107, wysok\u0105 wydajno\u015b\u0107 i bezpiecze\u0144stwo.<\/li>\n<li>P: W jakich bran\u017cach mo\u017ce znale\u017a\u0107 zastosowanie ten produkt? O: Jest on wykorzystywany w r\u00f3\u017cnych ga\u0142\u0119ziach przemys\u0142u, m.in. w budownictwie, produkcji i transporcie.<\/li>\n<li>P: Jak cz\u0119sto nale\u017cy wymienia\u0107 olej hydrauliczny i uszczelk\u0119 olejow\u0105? O: Zale\u017cy to od sposobu u\u017cytkowania i warunk\u00f3w pracy.<\/li>\n<li>P: Czy mog\u0119 dostosowa\u0107 moje zam\u00f3wienie do swoich wymaga\u0144?O: Tak, ch\u0119tnie przyjmiemy pro\u015bby o dostosowanie zam\u00f3wienia.<\/li>\n<\/ol>\n<p>Autor:CX<\/p>","protected":false},"excerpt":{"rendered":"<p>Introducing Product 10034 Professional Craftsmanship Small Trailer Hydraulic Piston Cylinder The 10034 Professional Craftsmanship Small Trailer Hydraulic Piston Cylinder is a high-quality hydraulic component designed specifically for small trailers. It is meticulously crafted using advanced manufacturing techniques, ensuring superior performance and durability. This piston cylinder features a compact design that makes it perfect for use [&hellip;]<\/p>","protected":false},"featured_media":1127,"comment_status":"closed","ping_status":"closed","template":"","meta":{"_et_pb_use_builder":"","_et_pb_old_content":"","_et_gb_content_width":""},"product_brand":[],"product_cat":[36],"product_tag":[34,38],"class_list":{"0":"post-1042","1":"product","2":"type-product","3":"status-publish","4":"has-post-thumbnail","6":"product_cat-welded-clevis-type-cylinder","7":"product_tag-hydraulic-cylinder","8":"product_tag-welded-clevis-type-cylinder","10":"first","11":"instock","12":"product-type-simple"},"_links":{"self":[{"href":"https:\/\/fmp-components.com\/pl\/wp-json\/wp\/v2\/product\/1042","targetHints":{"allow":["GET"]}}],"collection":[{"href":"https:\/\/fmp-components.com\/pl\/wp-json\/wp\/v2\/product"}],"about":[{"href":"https:\/\/fmp-components.com\/pl\/wp-json\/wp\/v2\/types\/product"}],"replies":[{"embeddable":true,"href":"https:\/\/fmp-components.com\/pl\/wp-json\/wp\/v2\/comments?post=1042"}],"wp:featuredmedia":[{"embeddable":true,"href":"https:\/\/fmp-components.com\/pl\/wp-json\/wp\/v2\/media\/1127"}],"wp:attachment":[{"href":"https:\/\/fmp-components.com\/pl\/wp-json\/wp\/v2\/media?parent=1042"}],"wp:term":[{"taxonomy":"product_brand","embeddable":true,"href":"https:\/\/fmp-components.com\/pl\/wp-json\/wp\/v2\/product_brand?post=1042"},{"taxonomy":"product_cat","embeddable":true,"href":"https:\/\/fmp-components.com\/pl\/wp-json\/wp\/v2\/product_cat?post=1042"},{"taxonomy":"product_tag","embeddable":true,"href":"https:\/\/fmp-components.com\/pl\/wp-json\/wp\/v2\/product_tag?post=1042"}],"curies":[{"name":"wp","href":"https:\/\/api.w.org\/{rel}","templated":true}]}}