{"id":1040,"date":"2024-12-19T06:17:09","date_gmt":"2024-12-19T06:17:09","guid":{"rendered":"https:\/\/fmp-components.com\/product\/10032-mini-hydraulic-cylinder-tractor-hydraulic-cylinder-double-acting\/"},"modified":"2025-03-18T00:46:19","modified_gmt":"2025-03-18T00:46:19","slug":"10032-mini-hydraulic-cylinder-tractor-hydraulic-cylinder-double-acting","status":"publish","type":"product","link":"https:\/\/fmp-components.com\/pl\/product\/10032-mini-hydraulic-cylinder-tractor-hydraulic-cylinder-double-acting\/","title":{"rendered":"10032 Miniaturowy si\u0142ownik hydrauliczny do ci\u0105gnika Si\u0142ownik hydrauliczny dwustronnego dzia\u0142ania"},"content":{"rendered":"<h2>Produkt 10032 Miniaturowy si\u0142ownik hydrauliczny do ci\u0105gnika, si\u0142ownik hydrauliczny dwustronnego dzia\u0142ania:<\/h2>\n<p>Produkt 10032 Mini si\u0142ownik hydrauliczny do ci\u0105gnik\u00f3w, dwustronnego dzia\u0142ania, to wysokiej jako\u015bci si\u0142ownik hydrauliczny przeznaczony do stosowania w ci\u0105gnikach i innych maszynach rolniczych. Si\u0142ownik ten jest skonstruowany tak, aby wytrzymywa\u0142 du\u017ce obci\u0105\u017cenia i wysokie ci\u015bnienia, dzi\u0119ki czemu idealnie nadaje si\u0119 do wymagaj\u0105cych zastosowa\u0144.<\/p>\n<p>Jedn\u0105 z kluczowych cech tego si\u0142ownika hydraulicznego jest jego dwustronnego dzia\u0142ania. Oznacza to, \u017ce mo\u017ce on si\u0119 wysuwa\u0107 i wsuwa\u0107 pod wp\u0142ywem ci\u015bnienia hydraulicznego w obu kierunkach, zapewniaj\u0105c wydajn\u0105 i niezawodn\u0105 prac\u0119. Dodatkowo si\u0142ownik wykonany jest z wysokiej jako\u015bci materia\u0142\u00f3w, co gwarantuje d\u0142ugotrwa\u0142\u0105 trwa\u0142o\u015b\u0107 i wydajno\u015b\u0107.<\/p>\n<p>Kompaktowy rozmiar minicylindra hydraulicznego 10032 do ci\u0105gnik\u00f3w, dwustronnego dzia\u0142ania, sprawia, \u017ce idealnie nadaje si\u0119 do stosowania w ciasnych przestrzeniach i mniejszych maszynach. Pomimo niewielkich rozmiar\u00f3w, nadal zapewnia imponuj\u0105c\u0105 wydajno\u015b\u0107 i si\u0142\u0119 ud\u017awigu.<\/p>\n<p>Podsumowuj\u0105c, miniaturowy si\u0142ownik hydrauliczny do ci\u0105gnik\u00f3w 10032 to najwy\u017cszej jako\u015bci si\u0142ownik hydrauliczny dwustronnego dzia\u0142ania przeznaczony do stosowania w ci\u0105gnikach i innych maszynach rolniczych. Dzi\u0119ki dwustronnemu dzia\u0142aniu, trwa\u0142ej konstrukcji i kompaktowym rozmiarom, jest idealnym wyborem do wymagaj\u0105cych zastosowa\u0144, gdzie niezawodno\u015b\u0107 i wydajno\u015b\u0107 s\u0105 kluczowe.<\/p>\n<p><img loading=\"lazy\" decoding=\"async\" class=\"alignnone size-full wp-image-7061\" src=\"https:\/\/fmp-components.com\/wp-content\/uploads\/2024\/12\/hydarulic-cylinder.webp\" alt=\"si\u0142ownik hydrauliczny\" width=\"800\" height=\"800\" title=\"\" srcset=\"https:\/\/fmp-components.com\/wp-content\/uploads\/2024\/12\/hydarulic-cylinder.webp 800w, https:\/\/fmp-components.com\/wp-content\/uploads\/2024\/12\/hydarulic-cylinder-480x480.webp 480w\" sizes=\"(min-width: 0px) and (max-width: 480px) 480px, (min-width: 481px) 800px, 100vw\" \/><\/p>\n<h2>Wprowadzenie do produktu<\/h2>\n<p>Firma FMP powsta\u0142a we W\u0142oszech i od tego czasu sta\u0142a si\u0119 liderem na rynku cylindr\u00f3w hydraulicznych do maszyn mobilnych we W\u0142oszech. Nasze g\u0142\u00f3wne produkty to minicylindry hydrauliczne i cylindry hydrauliczne do ci\u0105gnik\u00f3w, oba o dzia\u0142aniu dwustronnym.<\/p>\n<h2>Funkcja i znaczenie<\/h2>\n<p>Nasze si\u0142owniki hydrauliczne s\u0105 integraln\u0105 cz\u0119\u015bci\u0105 r\u00f3\u017cnorodnych maszyn, zapewniaj\u0105c si\u0142\u0119 potrzebn\u0105 do wi\u0119kszo\u015bci rodzaj\u00f3w ruch\u00f3w mechanicznych. S\u0142u\u017c\u0105 do generowania si\u0142y w linii prostej, np. podczas pchania, ci\u0105gni\u0119cia, podnoszenia i opuszczania.<\/p>\n<h2>Szczeg\u00f3\u0142y produktu<\/h2>\n<p>Parametry techniczne naszych si\u0142ownik\u00f3w hydraulicznych r\u00f3\u017cni\u0105 si\u0119 w zale\u017cno\u015bci od konkretnych zastosowa\u0144. \u0141\u0105cz\u0105 je jednak wsp\u00f3lne cechy, takie jak wysoka wydajno\u015b\u0107, doskona\u0142a wytrzyma\u0142o\u015b\u0107 i precyzyjne wymiary.<\/p>\n<h3>Unikalne cechy i zalety<\/h3>\n<ul>\n<li>Energooszcz\u0119dny<\/li>\n<li>Wysoce skuteczny<\/li>\n<li>Gwarancja bezpiecze\u0144stwa<\/li>\n<\/ul>\n<h2>Uk\u0142ad hydrauliczny i zasada dzia\u0142ania<\/h2>\n<p>Si\u0142ownik hydrauliczny dzia\u0142a poprzez spr\u0119\u017cony p\u0142yn hydrauliczny, kt\u00f3ry powoduje ruch t\u0142oczyska w si\u0142owniku, kt\u00f3ry z kolei wykonuje prac\u0119. Ten system gwarantuje, \u017ce nasze si\u0142owniki hydrauliczne zapewniaj\u0105 optymaln\u0105 wydajno\u015b\u0107 w swoich zastosowaniach.<\/p>\n<h2>Scenariusze zastosowa\u0144<\/h2>\n<p>Nasze si\u0142owniki hydrauliczne s\u0105 powszechnie stosowane w maszynach budowlanych, g\u00f3rniczych, d\u017awigowych i innych urz\u0105dzeniach przemys\u0142owych.<\/p>\n<h2>O FMP<\/h2>\n<p>FMP mo\u017ce pochwali\u0107 si\u0119 mo\u017cliwo\u015bciami projektowymi na poziomie 200 000 zestaw\u00f3w, 300 zestawami r\u00f3\u017cnego rodzaju automatycznych urz\u0105dze\u0144 produkcyjnych CNC oraz w pe\u0142ni zautomatyzowanym sprz\u0119tem do monta\u017cu cylindr\u00f3w hydraulicznych. Oferujemy wysokiej jako\u015bci produkty, konkurencyjne ceny i doskona\u0142\u0105 obs\u0142ug\u0119.<\/p>\n<h3>Dodatkowe produkty<\/h3>\n<p>Opr\u00f3cz wymienionych cylindr\u00f3w hydraulicznych, dostarczamy r\u00f3wnie\u017c cylindry do platform roboczych na du\u017cych wysoko\u015bciach, cylindry hydrauliczne do pojazd\u00f3w przemys\u0142owych, cylindry do wiertnic obrotowych, cylindry do d\u017awig\u00f3w samochodowych, cylindry hydrauliczne do maszyn in\u017cynieryjnych, cylindry hydrauliczne do w\u00f3zk\u00f3w wid\u0142owych, cylindry do wywrotek g\u00f3rniczych oraz cylindry hydrauliczne do maszyn sanitarnych. Oferujemy r\u00f3wnie\u017c mo\u017cliwo\u015b\u0107 personalizacji na podstawie dostarczonych schemat\u00f3w i pr\u00f3bek. Wi\u0119cej informacji mo\u017cna znale\u017a\u0107 na poni\u017cszym obrazku:<\/p>\n<p><img decoding=\"async\" src=\"https:\/\/hzpt.com\/wp-content\/uploads\/2023\/12\/insert-5.webp\" alt=\"Fabryka FMP\" title=\"\"><\/p>\n<h2>Pytania i odpowiedzi<\/h2>\n<ol>\n<li>P: Jaka jest pojemno\u015b\u0107 Pa\u0144stwa cylindr\u00f3w hydraulicznych? O: Nasze cylindry hydrauliczne maj\u0105 r\u00f3\u017cn\u0105 pojemno\u015b\u0107 w zale\u017cno\u015bci od ich konkretnego zastosowania.<\/li>\n<li>P: Czy Pa\u0144stwa cylindry hydrauliczne s\u0105 energooszcz\u0119dne? O: Tak, nasze cylindry hydrauliczne s\u0105 zaprojektowane tak, aby by\u0142y energooszcz\u0119dne.<\/li>\n<li>P: W jakich typach maszyn mo\u017cna stosowa\u0107 Pa\u0144stwa cylindry hydrauliczne? O: Nasze cylindry hydrauliczne mog\u0105 by\u0107 stosowane w budownictwie, g\u00f3rnictwie, maszynach d\u017awigowych i innym sprz\u0119cie przemys\u0142owym.<\/li>\n<li>P: Czy oferujecie us\u0142ugi personalizacji? O: Tak, ch\u0119tnie skorzystamy z personalizacji na podstawie dostarczonych diagram\u00f3w i pr\u00f3bek.<\/li>\n<li>P: Jak dzia\u0142a cylinder hydrauliczny? O: Cylinder hydrauliczny dzia\u0142a dzi\u0119ki spr\u0119\u017conemu p\u0142ynowi hydraulicznemu, kt\u00f3ry powoduje ruch t\u0142oczyska w cylindrze.<\/li>\n<\/ol>\n<h2>Zalety cylindra spawanego typu wide\u0142kowego<\/h2>\n<p>Spawane cylindry wide\u0142kowe s\u0105 popularnym wyborem w wielu zastosowaniach przemys\u0142owych ze wzgl\u0119du na swoje unikalne zalety i korzy\u015bci. Oto niekt\u00f3re z kluczowych zalet spawanych cylindr\u00f3w wide\u0142kowych:<\/p>\n<h3>1. Zwi\u0119kszona wytrzyma\u0142o\u015b\u0107 i trwa\u0142o\u015b\u0107<\/h3>\n<p>Cylindry z mocowaniem wide\u0142kowym spawane s\u0105 wyposa\u017cone w spawan\u0105 za\u015blepk\u0119, co zapewnia wi\u0119ksz\u0105 wytrzyma\u0142o\u015b\u0107 i trwa\u0142o\u015b\u0107 w por\u00f3wnaniu z innymi typami cylindr\u00f3w. Dzi\u0119ki temu idealnie nadaj\u0105 si\u0119 do zastosowa\u0144 wymagaj\u0105cych du\u017cej wytrzyma\u0142o\u015bci i trwa\u0142o\u015bci.<\/p>\n<p>Dodatkowo spawana konstrukcja tych cylindr\u00f3w zmniejsza ryzyko przeciek\u00f3w lub awarii, co mo\u017ce przyczyni\u0107 si\u0119 do ograniczenia przestoj\u00f3w i koszt\u00f3w konserwacji.<\/p>\n<h3>2. Zdolno\u015b\u0107 do radzenia sobie z wysokim ci\u015bnieniem<\/h3>\n<p>Spawane si\u0142owniki wide\u0142kowe s\u0105 r\u00f3wnie\u017c w stanie wytrzyma\u0107 wysokie ci\u015bnienie, co czyni je popularnym wyborem w takich bran\u017cach jak budownictwo, g\u00f3rnictwo oraz przemys\u0142 naftowo-gazowy. Ich zdolno\u015b\u0107 do pracy w wysokich ci\u015bnieniach gwarantuje niezawodn\u0105 prac\u0119 w wymagaj\u0105cych warunkach.<\/p>\n<h3>3. Mo\u017cliwo\u015b\u0107 dostosowania projektu<\/h3>\n<p>Spawane si\u0142owniki wide\u0142kowe mog\u0105 by\u0107 projektowane na zam\u00f3wienie, aby spe\u0142ni\u0107 specyficzne wymagania danego zastosowania. Oznacza to, \u017ce mo\u017cna je dostosowa\u0107 do konkretnego rozmiaru, kszta\u0142tu lub wymaga\u0144 wydajno\u015bciowych. Mo\u017cliwo\u015b\u0107 dostosowania konstrukcji zapewnia r\u00f3wnie\u017c wi\u0119ksz\u0105 elastyczno\u015b\u0107 w procesie produkcji, co mo\u017ce prowadzi\u0107 do oszcz\u0119dno\u015bci koszt\u00f3w.<\/p>\n<h3>4. \u0141atwa instalacja<\/h3>\n<p>Spawane si\u0142owniki wide\u0142kowe s\u0105 zaprojektowane z my\u015bl\u0105 o \u0142atwej instalacji, co pozwala skr\u00f3ci\u0107 czas konfiguracji i obni\u017cy\u0107 koszty robocizny. Zazwyczaj s\u0105 one wst\u0119pnie zmontowane i gotowe do u\u017cycia od razu po wyj\u0119ciu z opakowania, co minimalizuje potrzeb\u0119 stosowania dodatkowych cz\u0119\u015bci lub podzespo\u0142\u00f3w.<\/p>\n<h3>5. Poprawiona wydajno\u015b\u0107<\/h3>\n<p>Konstrukcja spawanych si\u0142ownik\u00f3w wide\u0142kowych zapewnia lepsz\u0105 wydajno\u015b\u0107 w por\u00f3wnaniu z innymi typami si\u0142ownik\u00f3w. S\u0105 one w stanie wygenerowa\u0107 wi\u0119ksz\u0105 si\u0142\u0119 na jednostk\u0119 ci\u015bnienia, co mo\u017ce przyczyni\u0107 si\u0119 do poprawy wydajno\u015bci i produktywno\u015bci w zastosowaniach przemys\u0142owych.<\/p>\n<p>Og\u00f3lnie rzecz bior\u0105c, spawane si\u0142owniki wide\u0142kowe oferuj\u0105 szereg zalet i korzy\u015bci, kt\u00f3re czyni\u0105 je popularnym wyborem w wielu zastosowaniach przemys\u0142owych. Ich zwi\u0119kszona wytrzyma\u0142o\u015b\u0107 i trwa\u0142o\u015b\u0107, odporno\u015b\u0107 na wysokie ci\u015bnienie, mo\u017cliwo\u015b\u0107 dostosowania konstrukcji, \u0142atwo\u015b\u0107 monta\u017cu i lepsza wydajno\u015b\u0107 sprawiaj\u0105, \u017ce s\u0105 idealnym wyborem w wymagaj\u0105cych \u015brodowiskach, gdzie niezawodno\u015b\u0107 i wydajno\u015b\u0107 s\u0105 kluczowe.<\/p>\n<h2>Zastosowanie cylindra spawanego typu wide\u0142kowego<\/h2>\n<ul>\n<li><strong>Maszyny przemys\u0142owe:<\/strong> Cylindry z mocowaniem wide\u0142kowym spawane s\u0105 szeroko stosowane w r\u00f3\u017cnych maszynach przemys\u0142owych do ci\u0119\u017ckich zastosowa\u0144. Cylindry te s\u0105 w stanie wytwarza\u0107 du\u017c\u0105 si\u0142\u0119 wyj\u015bciow\u0105 do podnoszenia i dociskania element\u00f3w maszyn. Konstrukcja z mocowaniem wide\u0142kowym spawanym zapewnia \u0142atwy monta\u017c i wydajn\u0105 prac\u0119, co czyni je popularnym wyborem w\u015br\u00f3d producent\u00f3w.\n<ul>\n<li>W przemy\u015ble wytw\u00f3rczym cylindry typu wide\u0142kowego spawane stosowane s\u0105 w prasach hydraulicznych, wtryskarkach i urz\u0105dzeniach do t\u0142oczenia metali w celu zapewnienia si\u0142y niezb\u0119dnej do formowania i kszta\u0142towania arkuszy blachy.<\/li>\n<li>W przemy\u015ble motoryzacyjnym cylindry te stosuje si\u0119 w podno\u015bnikach samochodowych, windach i maszynach monta\u017cowych do podnoszenia ci\u0119\u017ckich komponent\u00f3w w trakcie procesu produkcyjnego.<\/li>\n<li>W bran\u017cy budowlanej cylindry typu wide\u0142kowego spawane stosowane s\u0105 w d\u017awigach, koparkach i spycharkach do zasilania uk\u0142ad\u00f3w hydraulicznych podnosz\u0105cych i przemieszczaj\u0105cych ci\u0119\u017ckie \u0142adunki.<\/li>\n<\/ul>\n<\/li>\n<li><strong>Maszyny rolnicze:<\/strong> Maszyny rolnicze to jeden z najwa\u017cniejszych obszar\u00f3w zastosowania cylindr\u00f3w spawanych z wide\u0142kami. Cylindry te s\u0105 stosowane w r\u00f3\u017cnych maszynach rolniczych, w tym w ci\u0105gnikach, kombajnach i p\u0142ugach, aby zapewni\u0107 niezb\u0119dn\u0105 si\u0142\u0119 do przygotowania gleby, sadzenia i zbioru.\n<ul>\n<li>W przemy\u015ble rolniczym cylindry typu wide\u0142kowego spawane stosowane s\u0105 w p\u0142ugach, kultywatorach i siewnikach w celu zapewnienia si\u0142y niezb\u0119dnej do przygotowania gleby i sadzenia nasion.<\/li>\n<li>W przemy\u015ble \u017cniwnym si\u0142owniki te s\u0105 stosowane w maszynach \u017cniwnych, prasach i kosiarkach do zasilania uk\u0142ad\u00f3w hydraulicznych, kt\u00f3re zbieraj\u0105 i transportuj\u0105 plony.<\/li>\n<\/ul>\n<\/li>\n<li><strong>Lotnictwo i obronno\u015b\u0107:<\/strong> Cylindry typu wide\u0142kowego spawane s\u0105 r\u00f3wnie\u017c wykorzystywane w przemy\u015ble lotniczym i obronnym, gdzie wykorzystuje si\u0119 je w szerokim zakresie w samolotach, rakietach, pociskach i systemach obronnych.\n<ul>\n<li>W przemy\u015ble lotniczym cylindry typu wide\u0142kowego spawane stosowane s\u0105 w podwoziach samolot\u00f3w, klapach i hamulcach, aby zapewni\u0107 si\u0142\u0119 potrzebn\u0105 do startu i l\u0105dowania.<\/li>\n<li>W przemy\u015ble obronnym cylindry te stosuje si\u0119 w wyrzutniach rakiet, wie\u017cach dzia\u0142 i systemach czo\u0142gowych do zasilania uk\u0142ad\u00f3w hydraulicznych kontroluj\u0105cych ruch broni i amunicji.<\/li>\n<\/ul>\n<\/li>\n<li><strong>Przemys\u0142 morski:<\/strong> Cylindry typu wide\u0142kowego spawane s\u0105 r\u00f3wnie\u017c szeroko stosowane w przemy\u015ble morskim, gdzie wykorzystuje si\u0119 je w r\u00f3\u017cnych zastosowaniach na statkach, \u0142odziach i pojazdach podwodnych.\n<ul>\n<li>W przemy\u015ble stoczniowym cylindry typu wide\u0142kowego spawane stosowane s\u0105 w d\u017awigach, wyci\u0105garkach i sprz\u0119cie do prze\u0142adunku towar\u00f3w w celu zapewnienia si\u0142y niezb\u0119dnej do za\u0142adunku i roz\u0142adunku towar\u00f3w.<\/li>\n<li>W przemy\u015ble \u017ceglarskim cylindry te stosuje si\u0119 w uk\u0142adach sterowania, \u015brubach nap\u0119dowych i systemach kotwicznych, aby zapewni\u0107 si\u0142\u0119 niezb\u0119dn\u0105 do kontrolowania ruchu \u0142odzi i statk\u00f3w.<\/li>\n<li>W bran\u017cy pojazd\u00f3w podwodnych cylindry typu Welded Clevis s\u0105 stosowane w pojazdach podwodnych, pojazdach zdalnie sterowanych (ROV) i sprz\u0119cie nurkowym w celu zapewnienia si\u0142y niezb\u0119dnej do operacji podwodnych.<\/li>\n<\/ul>\n<\/li>\n<li><strong>Przemys\u0142 g\u00f3rniczy:<\/strong> Cylindry typu wide\u0142kowego spawane s\u0105 r\u00f3wnie\u017c wykorzystywane w przemy\u015ble g\u00f3rniczym, gdzie wykorzystuje si\u0119 je w r\u00f3\u017cnych zastosowaniach zwi\u0105zanych z wydobyciem minera\u0142\u00f3w i transportem materia\u0142\u00f3w.\n<ul>\n<li>W przemy\u015ble g\u00f3rniczym cylindry typu wide\u0142kowego spawane stosowane s\u0105 w systemach przeno\u015bnik\u00f3w ta\u015bmowych, maszynach wiertniczych i koparkach hydraulicznych w celu zapewnienia si\u0142y niezb\u0119dnej do wydobywania minera\u0142\u00f3w i materia\u0142\u00f3w z kopalni i kamienio\u0142om\u00f3w.<\/li>\n<\/ul>\n<\/li>\n<\/ul>\n<p>Autor:CX<\/p>","protected":false},"excerpt":{"rendered":"<p>Product 10032 Mini Hydraulic Cylinder Tractor Hydraulic Cylinder Double Acting: The product 10032 Mini Hydraulic Cylinder Tractor Hydraulic Cylinder Double Acting is a high-quality hydraulic cylinder that is designed for use in tractors and other agricultural machinery. This cylinder is built to withstand heavy loads and high pressures, making it ideal for use in demanding [&hellip;]<\/p>","protected":false},"featured_media":1127,"comment_status":"closed","ping_status":"closed","template":"","meta":{"_et_pb_use_builder":"","_et_pb_old_content":"","_et_gb_content_width":""},"product_brand":[],"product_cat":[36],"product_tag":[34,38],"class_list":{"0":"post-1040","1":"product","2":"type-product","3":"status-publish","4":"has-post-thumbnail","6":"product_cat-welded-clevis-type-cylinder","7":"product_tag-hydraulic-cylinder","8":"product_tag-welded-clevis-type-cylinder","10":"first","11":"instock","12":"product-type-simple"},"_links":{"self":[{"href":"https:\/\/fmp-components.com\/pl\/wp-json\/wp\/v2\/product\/1040","targetHints":{"allow":["GET"]}}],"collection":[{"href":"https:\/\/fmp-components.com\/pl\/wp-json\/wp\/v2\/product"}],"about":[{"href":"https:\/\/fmp-components.com\/pl\/wp-json\/wp\/v2\/types\/product"}],"replies":[{"embeddable":true,"href":"https:\/\/fmp-components.com\/pl\/wp-json\/wp\/v2\/comments?post=1040"}],"wp:featuredmedia":[{"embeddable":true,"href":"https:\/\/fmp-components.com\/pl\/wp-json\/wp\/v2\/media\/1127"}],"wp:attachment":[{"href":"https:\/\/fmp-components.com\/pl\/wp-json\/wp\/v2\/media?parent=1040"}],"wp:term":[{"taxonomy":"product_brand","embeddable":true,"href":"https:\/\/fmp-components.com\/pl\/wp-json\/wp\/v2\/product_brand?post=1040"},{"taxonomy":"product_cat","embeddable":true,"href":"https:\/\/fmp-components.com\/pl\/wp-json\/wp\/v2\/product_cat?post=1040"},{"taxonomy":"product_tag","embeddable":true,"href":"https:\/\/fmp-components.com\/pl\/wp-json\/wp\/v2\/product_tag?post=1040"}],"curies":[{"name":"wp","href":"https:\/\/api.w.org\/{rel}","templated":true}]}}