{"id":1036,"date":"2024-12-19T06:17:09","date_gmt":"2024-12-19T06:17:09","guid":{"rendered":"https:\/\/fmp-components.com\/product\/10028-cost-effective-hydraulic-piston-cylinder-tractor-hydraulic-cylinder\/"},"modified":"2024-12-26T08:50:50","modified_gmt":"2024-12-26T08:50:50","slug":"10028-cost-effective-hydraulic-piston-cylinder-tractor-hydraulic-cylinder","status":"publish","type":"product","link":"https:\/\/fmp-components.com\/pl\/product\/10028-cost-effective-hydraulic-piston-cylinder-tractor-hydraulic-cylinder\/","title":{"rendered":"10028 Ekonomiczny hydrauliczny cylinder t\u0142okowy do ci\u0105gnika"},"content":{"rendered":"<p>Produkt o numerze modelu 10028, ekonomiczny si\u0142ownik hydrauliczny z t\u0142okiem hydraulicznym do ci\u0105gnik\u00f3w, to wysokiej jako\u015bci si\u0142ownik hydrauliczny zaprojektowany specjalnie do ci\u0105gnik\u00f3w. Ten si\u0142ownik hydrauliczny znany jest ze swojej op\u0142acalno\u015bci i wydajno\u015bci.<\/p>\n<p>Ekonomiczny si\u0142ownik hydrauliczny z t\u0142okiem hydraulicznym do ci\u0105gnika zosta\u0142 zaprojektowany z my\u015bl\u0105 o precyzji i trwa\u0142o\u015bci. Wykonany jest z wysokiej jako\u015bci materia\u0142\u00f3w, co gwarantuje jego trwa\u0142o\u015b\u0107 i niezawodno\u015b\u0107 nawet przy intensywnym u\u017cytkowaniu. Si\u0142ownik hydrauliczny z t\u0142okiem zapewnia p\u0142ynny i r\u00f3wnomierny ruch, umo\u017cliwiaj\u0105c wydajn\u0105 prac\u0119 ci\u0105gnika.<\/p>\n<p>Ten si\u0142ownik hydrauliczny zosta\u0142 zaprojektowany z my\u015bl\u0105 o generowaniu du\u017cej si\u0142y hydraulicznej, dzi\u0119ki czemu idealnie nadaje si\u0119 do r\u00f3\u017cnych zastosowa\u0144 rolniczych. Jest powszechnie stosowany do zada\u0144 takich jak podnoszenie ci\u0119\u017ckich \u0142adunk\u00f3w, obs\u0142uga osprz\u0119tu i wykonywanie innych funkcji hydraulicznych w ci\u0105gnikach. Dzi\u0119ki swojej doskona\u0142ej wydajno\u015bci, ekonomiczny si\u0142ownik hydrauliczny z t\u0142okiem hydraulicznym do ci\u0105gnik\u00f3w zwi\u0119ksza og\u00f3ln\u0105 wydajno\u015b\u0107 ci\u0105gnik\u00f3w, co czyni go niezb\u0119dnym elementem dla rolnik\u00f3w i pracownik\u00f3w rolnych.<\/p>\n<p><img loading=\"lazy\" decoding=\"async\" class=\"alignnone size-full wp-image-1073\" src=\"https:\/\/fmp-components.com\/wp-content\/uploads\/2024\/12\/Welded-Clevis-Type-Cylinder2.webp\" alt=\"Spawany cylinder typu wide\u0142kowego\" width=\"800\" height=\"800\" title=\"\" srcset=\"https:\/\/fmp-components.com\/wp-content\/uploads\/2024\/12\/Welded-Clevis-Type-Cylinder2.webp 800w, https:\/\/fmp-components.com\/wp-content\/uploads\/2024\/12\/Welded-Clevis-Type-Cylinder2-480x480.webp 480w\" sizes=\"(min-width: 0px) and (max-width: 480px) 480px, (min-width: 481px) 800px, 100vw\" \/><\/p>\n<p>Opr\u00f3cz wyj\u0105tkowej wydajno\u015bci, ten si\u0142ownik hydrauliczny jest r\u00f3wnie\u017c \u0142atwy w monta\u017cu i konserwacji. Zosta\u0142 zaprojektowany z my\u015bl\u0105 o wygodzie, umo\u017cliwiaj\u0105c szybki i bezproblemowy monta\u017c w ci\u0105gnikach. Co wi\u0119cej, regularna konserwacja i serwisowanie s\u0105 proste, co zapewnia p\u0142ynn\u0105 prac\u0119 i wyd\u0142u\u017ca \u017cywotno\u015b\u0107 si\u0142ownika hydraulicznego.<\/p>\n<p>Og\u00f3lnie rzecz bior\u0105c, ekonomiczny si\u0142ownik hydrauliczny do ci\u0105gnik\u00f3w to niezawodny i wydajny element hydrauliczny do ci\u0105gnik\u00f3w. Jego op\u0142acalno\u015b\u0107, trwa\u0142o\u015b\u0107 i doskona\u0142a wydajno\u015b\u0107 sprawiaj\u0105, \u017ce jest to doskona\u0142y wyb\u00f3r do zastosowa\u0144 rolniczych. Dzi\u0119ki temu si\u0142ownikowi hydraulicznemu operatorzy ci\u0105gnik\u00f3w mog\u0105 oczekiwa\u0107 zwi\u0119kszonej wydajno\u015bci i niezawodnej pracy uk\u0142adu hydraulicznego.<\/p>\n<h2>G\u0142\u00f3wne cechy i korzy\u015bci<\/h2>\n<ul>\n<li>Energooszcz\u0119dne: Zaprojektowane tak, aby zminimalizowa\u0107 zu\u017cycie energii bez obni\u017cania wydajno\u015bci.<\/li>\n<li>Wysoka wydajno\u015b\u0107: Dzia\u0142a z du\u017c\u0105 precyzj\u0105 i szybko\u015bci\u0105, co poprawia og\u00f3ln\u0105 produktywno\u015b\u0107.<\/li>\n<li>Bezpiecze\u0144stwo: Wykonane z trwa\u0142ych materia\u0142\u00f3w, aby zapewni\u0107 bezpiecze\u0144stwo podczas pracy.<\/li>\n<\/ul>\n<p><img decoding=\"async\" src=\"https:\/\/hzpt.com\/wp-content\/uploads\/2023\/12\/insert-1.webp\" alt=\"\" title=\"\"><\/p>\n<h2>Przewodnik po wyborze produkt\u00f3w<\/h2>\n<p>Oferujemy fachowe doradztwo w zakresie wyboru w\u0142a\u015bciwego oleju hydraulicznego i uszczelnie\u0144, terminu ich wymiany oraz sposobu efektywnego pomiaru cylindra hydraulicznego.<\/p>\n<h2>Zalety cylindra spawanego typu wide\u0142kowego<\/h2>\n<p>Spawane cylindry wide\u0142kowe s\u0105 popularnym wyborem w wielu zastosowaniach przemys\u0142owych ze wzgl\u0119du na swoje unikalne zalety i korzy\u015bci. Oto niekt\u00f3re z kluczowych zalet spawanych cylindr\u00f3w wide\u0142kowych:<\/p>\n<h3>1. Zwi\u0119kszona wytrzyma\u0142o\u015b\u0107 i trwa\u0142o\u015b\u0107<\/h3>\n<p>Cylindry z mocowaniem wide\u0142kowym spawane s\u0105 wyposa\u017cone w spawan\u0105 za\u015blepk\u0119, co zapewnia wi\u0119ksz\u0105 wytrzyma\u0142o\u015b\u0107 i trwa\u0142o\u015b\u0107 w por\u00f3wnaniu z innymi typami cylindr\u00f3w. Dzi\u0119ki temu idealnie nadaj\u0105 si\u0119 do zastosowa\u0144 wymagaj\u0105cych du\u017cej wytrzyma\u0142o\u015bci i trwa\u0142o\u015bci.<\/p>\n<p>Dodatkowo spawana konstrukcja tych cylindr\u00f3w zmniejsza ryzyko przeciek\u00f3w lub awarii, co mo\u017ce przyczyni\u0107 si\u0119 do ograniczenia przestoj\u00f3w i koszt\u00f3w konserwacji.<\/p>\n<h3>2. Zdolno\u015b\u0107 do radzenia sobie z wysokim ci\u015bnieniem<\/h3>\n<p>Spawane si\u0142owniki wide\u0142kowe s\u0105 r\u00f3wnie\u017c w stanie wytrzyma\u0107 wysokie ci\u015bnienie, co czyni je popularnym wyborem w takich bran\u017cach jak budownictwo, g\u00f3rnictwo oraz przemys\u0142 naftowo-gazowy. Ich zdolno\u015b\u0107 do pracy w wysokich ci\u015bnieniach gwarantuje niezawodn\u0105 prac\u0119 w wymagaj\u0105cych warunkach.<\/p>\n<h3>3. Mo\u017cliwo\u015b\u0107 dostosowania projektu<\/h3>\n<p>Spawane si\u0142owniki wide\u0142kowe mog\u0105 by\u0107 projektowane na zam\u00f3wienie, aby spe\u0142ni\u0107 specyficzne wymagania danego zastosowania. Oznacza to, \u017ce mo\u017cna je dostosowa\u0107 do konkretnego rozmiaru, kszta\u0142tu lub wymaga\u0144 wydajno\u015bciowych. Mo\u017cliwo\u015b\u0107 dostosowania konstrukcji zapewnia r\u00f3wnie\u017c wi\u0119ksz\u0105 elastyczno\u015b\u0107 w procesie produkcji, co mo\u017ce prowadzi\u0107 do oszcz\u0119dno\u015bci koszt\u00f3w.<\/p>\n<h3>4. \u0141atwa instalacja<\/h3>\n<p>Spawane si\u0142owniki wide\u0142kowe s\u0105 zaprojektowane z my\u015bl\u0105 o \u0142atwej instalacji, co pozwala skr\u00f3ci\u0107 czas konfiguracji i obni\u017cy\u0107 koszty robocizny. Zazwyczaj s\u0105 one wst\u0119pnie zmontowane i gotowe do u\u017cycia od razu po wyj\u0119ciu z opakowania, co minimalizuje potrzeb\u0119 stosowania dodatkowych cz\u0119\u015bci lub podzespo\u0142\u00f3w.<\/p>\n<h3>5. Poprawiona wydajno\u015b\u0107<\/h3>\n<p>Konstrukcja spawanych si\u0142ownik\u00f3w wide\u0142kowych zapewnia lepsz\u0105 wydajno\u015b\u0107 w por\u00f3wnaniu z innymi typami si\u0142ownik\u00f3w. S\u0105 one w stanie wygenerowa\u0107 wi\u0119ksz\u0105 si\u0142\u0119 na jednostk\u0119 ci\u015bnienia, co mo\u017ce przyczyni\u0107 si\u0119 do poprawy wydajno\u015bci i produktywno\u015bci w zastosowaniach przemys\u0142owych.<\/p>\n<p>Og\u00f3lnie rzecz bior\u0105c, spawane si\u0142owniki wide\u0142kowe oferuj\u0105 szereg zalet i korzy\u015bci, kt\u00f3re czyni\u0105 je popularnym wyborem w wielu zastosowaniach przemys\u0142owych. Ich zwi\u0119kszona wytrzyma\u0142o\u015b\u0107 i trwa\u0142o\u015b\u0107, odporno\u015b\u0107 na wysokie ci\u015bnienie, mo\u017cliwo\u015b\u0107 dostosowania konstrukcji, \u0142atwo\u015b\u0107 monta\u017cu i lepsza wydajno\u015b\u0107 sprawiaj\u0105, \u017ce s\u0105 idealnym wyborem w wymagaj\u0105cych \u015brodowiskach, gdzie niezawodno\u015b\u0107 i wydajno\u015b\u0107 s\u0105 kluczowe.<\/p>\n<p><img decoding=\"async\" src=\"https:\/\/hzpt.com\/wp-content\/uploads\/2023\/12\/insert-2.webp\" alt=\"\" title=\"\"><\/p>\n<h2>Zastosowanie cylindra spawanego typu wide\u0142kowego<\/h2>\n<ul>\n<li><strong>Maszyny przemys\u0142owe:<\/strong> Cylindry z mocowaniem wide\u0142kowym spawane s\u0105 szeroko stosowane w r\u00f3\u017cnych maszynach przemys\u0142owych do ci\u0119\u017ckich zastosowa\u0144. Cylindry te s\u0105 w stanie wytwarza\u0107 du\u017c\u0105 si\u0142\u0119 wyj\u015bciow\u0105 do podnoszenia i dociskania element\u00f3w maszyn. Konstrukcja z mocowaniem wide\u0142kowym spawanym zapewnia \u0142atwy monta\u017c i wydajn\u0105 prac\u0119, co czyni je popularnym wyborem w\u015br\u00f3d producent\u00f3w.\n<ul>\n<li>W przemy\u015ble wytw\u00f3rczym cylindry typu wide\u0142kowego spawane stosowane s\u0105 w prasach hydraulicznych, wtryskarkach i urz\u0105dzeniach do t\u0142oczenia metali w celu zapewnienia si\u0142y niezb\u0119dnej do formowania i kszta\u0142towania arkuszy blachy.<\/li>\n<li>W przemy\u015ble motoryzacyjnym cylindry te stosuje si\u0119 w podno\u015bnikach samochodowych, windach i maszynach monta\u017cowych do podnoszenia ci\u0119\u017ckich komponent\u00f3w w trakcie procesu produkcyjnego.<\/li>\n<li>W bran\u017cy budowlanej cylindry typu wide\u0142kowego spawane stosowane s\u0105 w d\u017awigach, koparkach i spycharkach do zasilania uk\u0142ad\u00f3w hydraulicznych podnosz\u0105cych i przemieszczaj\u0105cych ci\u0119\u017ckie \u0142adunki.<\/li>\n<\/ul>\n<\/li>\n<li><strong>Maszyny rolnicze:<\/strong> Maszyny rolnicze to jeden z najwa\u017cniejszych obszar\u00f3w zastosowania cylindr\u00f3w spawanych z wide\u0142kami. Cylindry te s\u0105 stosowane w r\u00f3\u017cnych maszynach rolniczych, w tym w ci\u0105gnikach, kombajnach i p\u0142ugach, aby zapewni\u0107 niezb\u0119dn\u0105 si\u0142\u0119 do przygotowania gleby, sadzenia i zbioru.\n<ul>\n<li>W przemy\u015ble rolniczym cylindry typu wide\u0142kowego spawane stosowane s\u0105 w p\u0142ugach, kultywatorach i siewnikach w celu zapewnienia si\u0142y niezb\u0119dnej do przygotowania gleby i sadzenia nasion.<\/li>\n<li>W przemy\u015ble \u017cniwnym si\u0142owniki te s\u0105 stosowane w maszynach \u017cniwnych, prasach i kosiarkach do zasilania uk\u0142ad\u00f3w hydraulicznych, kt\u00f3re zbieraj\u0105 i transportuj\u0105 plony.<\/li>\n<\/ul>\n<\/li>\n<li><strong>Lotnictwo i obronno\u015b\u0107:<\/strong> Cylindry typu wide\u0142kowego spawane s\u0105 r\u00f3wnie\u017c wykorzystywane w przemy\u015ble lotniczym i obronnym, gdzie wykorzystuje si\u0119 je w szerokim zakresie w samolotach, rakietach, pociskach i systemach obronnych.\n<ul>\n<li>W przemy\u015ble lotniczym cylindry typu wide\u0142kowego spawane stosowane s\u0105 w podwoziach samolot\u00f3w, klapach i hamulcach, aby zapewni\u0107 si\u0142\u0119 potrzebn\u0105 do startu i l\u0105dowania.<\/li>\n<li>W przemy\u015ble obronnym cylindry te stosuje si\u0119 w wyrzutniach rakiet, wie\u017cach dzia\u0142 i systemach czo\u0142gowych do zasilania uk\u0142ad\u00f3w hydraulicznych kontroluj\u0105cych ruch broni i amunicji.<\/li>\n<\/ul>\n<\/li>\n<li><strong>Przemys\u0142 morski:<\/strong> Cylindry typu wide\u0142kowego spawane s\u0105 r\u00f3wnie\u017c szeroko stosowane w przemy\u015ble morskim, gdzie wykorzystuje si\u0119 je w r\u00f3\u017cnych zastosowaniach na statkach, \u0142odziach i pojazdach podwodnych.\n<ul>\n<li>W przemy\u015ble stoczniowym cylindry typu wide\u0142kowego spawane stosowane s\u0105 w d\u017awigach, wyci\u0105garkach i sprz\u0119cie do prze\u0142adunku towar\u00f3w w celu zapewnienia si\u0142y niezb\u0119dnej do za\u0142adunku i roz\u0142adunku towar\u00f3w.<\/li>\n<li>W przemy\u015ble \u017ceglarskim cylindry te stosuje si\u0119 w uk\u0142adach sterowania, \u015brubach nap\u0119dowych i systemach kotwicznych, aby zapewni\u0107 si\u0142\u0119 niezb\u0119dn\u0105 do kontrolowania ruchu \u0142odzi i statk\u00f3w.<\/li>\n<li>W bran\u017cy pojazd\u00f3w podwodnych cylindry typu Welded Clevis s\u0105 stosowane w pojazdach podwodnych, pojazdach zdalnie sterowanych (ROV) i sprz\u0119cie nurkowym w celu zapewnienia si\u0142y niezb\u0119dnej do operacji podwodnych.<\/li>\n<\/ul>\n<\/li>\n<li><strong>Przemys\u0142 g\u00f3rniczy:<\/strong> Cylindry typu wide\u0142kowego spawane s\u0105 r\u00f3wnie\u017c wykorzystywane w przemy\u015ble g\u00f3rniczym, gdzie wykorzystuje si\u0119 je w r\u00f3\u017cnych zastosowaniach zwi\u0105zanych z wydobyciem minera\u0142\u00f3w i transportem materia\u0142\u00f3w.\n<ul>\n<li>W przemy\u015ble g\u00f3rniczym cylindry typu wide\u0142kowego spawane stosowane s\u0105 w systemach przeno\u015bnik\u00f3w ta\u015bmowych, maszynach wiertniczych i koparkach hydraulicznych w celu zapewnienia si\u0142y niezb\u0119dnej do wydobywania minera\u0142\u00f3w i materia\u0142\u00f3w z kopalni i kamienio\u0142om\u00f3w.<\/li>\n<\/ul>\n<\/li>\n<\/ul>\n<h2>O FMP<\/h2>\n<p>FMP zajmuje wiod\u0105c\u0105 pozycj\u0119 na w\u0142oskim rynku si\u0142ownik\u00f3w hydraulicznych do maszyn mobilnych. Nasza oferta obejmuje si\u0142owniki hydrauliczne przechy\u0142u, si\u0142owniki hydrauliczne uk\u0142adu kierowniczego oraz si\u0142owniki hydraulicznego podnoszenia. Dysponuj\u0105c moc\u0105 produkcyjn\u0105 na poziomie 200 000 zestaw\u00f3w, posiadamy 300 zestaw\u00f3w r\u00f3\u017cnego rodzaju, w pe\u0142ni zautomatyzowanych urz\u0105dze\u0144 produkcyjnych CNC oraz w pe\u0142ni zautomatyzowanych urz\u0105dze\u0144 do monta\u017cu si\u0142ownik\u00f3w hydraulicznych.<\/p>\n<p>Firma FMP szczyci si\u0119 oferowaniem wysokiej jako\u015bci produkt\u00f3w w konkurencyjnych cenach, a tak\u017ce doskona\u0142\u0105 obs\u0142ug\u0105 klienta. Opr\u00f3cz naszej g\u0142\u00f3wnej linii produkt\u00f3w, dostarczamy si\u0142owniki hydrauliczne do podno\u015bnik\u00f3w koszowych, pojazd\u00f3w przemys\u0142owych, wiertnic obrotowych, \u017curawi samochodowych, maszyn budowlanych, w\u00f3zk\u00f3w wid\u0142owych, wywrotek g\u00f3rniczych i maszyn sanitarnych. Oferujemy r\u00f3wnie\u017c us\u0142ugi personalizacji dla naszych klient\u00f3w.<\/p>\n<p><img decoding=\"async\" src=\"https:\/\/hzpt.com\/wp-content\/uploads\/2023\/12\/insert-5.webp\" alt=\"Fabryka FMP\" title=\"\"><\/p>\n<h2>Cz\u0119sto zadawane pytania<\/h2>\n<ol>\n<li>P: Jaka jest no\u015bno\u015b\u0107 tych cylindr\u00f3w hydraulicznych?<br \/>\nA: No\u015bno\u015b\u0107 zmienia si\u0119 w zale\u017cno\u015bci od konkretnego modelu i zastosowania.<\/li>\n<li>P: Jak cz\u0119sto nale\u017cy wymienia\u0107 olej hydrauliczny?<br \/>\nA: Zale\u017cy to od intensywno\u015bci u\u017cytkowania, ale generalnie olej hydrauliczny nale\u017cy wymienia\u0107 co 1\u20132 lata.<\/li>\n<li>P: Jak zmierzy\u0107 cylinder hydrauliczny?<br \/>\nA: Pomiary powinny obejmowa\u0107 \u015brednic\u0119 otworu cylindra, \u015brednic\u0119 t\u0142oczyska i d\u0142ugo\u015b\u0107 skoku.<\/li>\n<li>P: Jak dzia\u0142a si\u0142ownik hydrauliczny?<br \/>\nA: Si\u0142ownik hydrauliczny dzia\u0142a poprzez spr\u0119\u017canie p\u0142ynu hydraulicznego, kt\u00f3ry nast\u0119pnie nap\u0119dza t\u0142ok, generuj\u0105c si\u0142\u0119 i ruch.<\/li>\n<li>P: Czy mog\u0119 dostosowa\u0107 zam\u00f3wienie na si\u0142ownik hydrauliczny?<br \/>\nA: Tak, FMP oferuje us\u0142ugi dostosowywania, aby spe\u0142ni\u0107 szczeg\u00f3lne wymagania klient\u00f3w.<\/li>\n<\/ol>\n<p>Autor:CX<\/p>","protected":false},"excerpt":{"rendered":"<p>The product with the model number 10028, the Cost Effective Hydraulic Piston Cylinder Tractor Hydraulic Cylinder, is a high-quality hydraulic cylinder designed specifically for tractors. This hydraulic cylinder is known for its cost-effectiveness and efficient performance. The Cost Effective Hydraulic Piston Cylinder Tractor Hydraulic Cylinder is built with precision and durability in mind. It is [&hellip;]<\/p>","protected":false},"featured_media":1127,"comment_status":"closed","ping_status":"closed","template":"","meta":{"_et_pb_use_builder":"","_et_pb_old_content":"","_et_gb_content_width":""},"product_brand":[],"product_cat":[36],"product_tag":[34,38],"class_list":{"0":"post-1036","1":"product","2":"type-product","3":"status-publish","4":"has-post-thumbnail","6":"product_cat-welded-clevis-type-cylinder","7":"product_tag-hydraulic-cylinder","8":"product_tag-welded-clevis-type-cylinder","10":"first","11":"instock","12":"product-type-simple"},"_links":{"self":[{"href":"https:\/\/fmp-components.com\/pl\/wp-json\/wp\/v2\/product\/1036","targetHints":{"allow":["GET"]}}],"collection":[{"href":"https:\/\/fmp-components.com\/pl\/wp-json\/wp\/v2\/product"}],"about":[{"href":"https:\/\/fmp-components.com\/pl\/wp-json\/wp\/v2\/types\/product"}],"replies":[{"embeddable":true,"href":"https:\/\/fmp-components.com\/pl\/wp-json\/wp\/v2\/comments?post=1036"}],"wp:featuredmedia":[{"embeddable":true,"href":"https:\/\/fmp-components.com\/pl\/wp-json\/wp\/v2\/media\/1127"}],"wp:attachment":[{"href":"https:\/\/fmp-components.com\/pl\/wp-json\/wp\/v2\/media?parent=1036"}],"wp:term":[{"taxonomy":"product_brand","embeddable":true,"href":"https:\/\/fmp-components.com\/pl\/wp-json\/wp\/v2\/product_brand?post=1036"},{"taxonomy":"product_cat","embeddable":true,"href":"https:\/\/fmp-components.com\/pl\/wp-json\/wp\/v2\/product_cat?post=1036"},{"taxonomy":"product_tag","embeddable":true,"href":"https:\/\/fmp-components.com\/pl\/wp-json\/wp\/v2\/product_tag?post=1036"}],"curies":[{"name":"wp","href":"https:\/\/api.w.org\/{rel}","templated":true}]}}