{"id":1032,"date":"2024-12-19T06:17:09","date_gmt":"2024-12-19T06:17:09","guid":{"rendered":"https:\/\/fmp-components.com\/product\/10024-quality-assurance-double-acting-hydraulic-cylinder-for-agriculture\/"},"modified":"2024-12-24T00:39:37","modified_gmt":"2024-12-24T00:39:37","slug":"10024-quality-assurance-double-acting-hydraulic-cylinder-for-agriculture","status":"publish","type":"product","link":"https:\/\/fmp-components.com\/pl\/product\/10024-quality-assurance-double-acting-hydraulic-cylinder-for-agriculture\/","title":{"rendered":"10024 Zapewnienie jako\u015bci Si\u0142ownik hydrauliczny dwustronnego dzia\u0142ania do rolnictwa"},"content":{"rendered":"<h2>Wprowadzenie do produktu: 10024 Zapewnienie jako\u015bci, dwustronnego dzia\u0142ania si\u0142ownika hydraulicznego do rolnictwa<\/h2>\n<p>Si\u0142ownik hydrauliczny dwustronnego dzia\u0142ania z certyfikatem jako\u015bci 10024 do zastosowa\u0144 rolniczych to produkt najwy\u017cszej jako\u015bci, zaprojektowany specjalnie do zastosowa\u0144 rolniczych. Dzi\u0119ki wyj\u0105tkowej jako\u015bci i niezawodnej pracy, ten si\u0142ownik hydrauliczny jest niezb\u0119dny dla rolnik\u00f3w i profesjonalist\u00f3w z bran\u017cy rolniczej, kt\u00f3rzy ceni\u0105 sobie wydajno\u015b\u0107 i produktywno\u015b\u0107.<\/p>\n<p>Ten si\u0142ownik hydrauliczny charakteryzuje si\u0119 konstrukcj\u0105 dwustronnego dzia\u0142ania, oferuj\u0105c\u0105 zar\u00f3wno mo\u017cliwo\u015b\u0107 wysuwania, jak i wsuwania. Ta funkcjonalno\u015b\u0107 zapewnia p\u0142ynne i precyzyjne ruchy, umo\u017cliwiaj\u0105c u\u017cytkownikom \u0142atw\u0105 i precyzyjn\u0105 obs\u0142ug\u0119 maszyn rolniczych. Niezale\u017cnie od tego, czy jest stosowany w ci\u0105gnikach, kombajnach, czy innym sprz\u0119cie rolniczym, ten si\u0142ownik hydrauliczny zapewnia optymaln\u0105 wydajno\u015b\u0107 i produktywno\u015b\u0107.<\/p>\n<p>Jedn\u0105 z kluczowych zalet si\u0142ownika hydraulicznego dwustronnego dzia\u0142ania 10024 z certyfikatem jako\u015bci do zastosowa\u0144 rolniczych jest jego najwy\u017csza jako\u015b\u0107. Poddawany jest rygorystycznemu procesowi kontroli jako\u015bci, aby zagwarantowa\u0107, \u017ce spe\u0142nia, a nawet przewy\u017csza standardy bran\u017cowe. Gwarantuje to trwa\u0142o\u015b\u0107, niezawodno\u015b\u0107 i odporno\u015b\u0107 si\u0142ownika na trudne warunki panuj\u0105ce w rolnictwie.<\/p>\n<p>Co wi\u0119cej, ten si\u0142ownik hydrauliczny zosta\u0142 zaprojektowany z wykorzystaniem zaawansowanych rozwi\u0105za\u0144, kt\u00f3re zwi\u0119kszaj\u0105 jego wydajno\u015b\u0107. Zastosowano w nim wysokiej jako\u015bci materia\u0142y, precyzyjn\u0105 obr\u00f3bk\u0119 i innowacyjn\u0105 technologi\u0119 uszczelnie\u0144, aby zapewni\u0107 wyj\u0105tkow\u0105 funkcjonalno\u015b\u0107 i trwa\u0142o\u015b\u0107. Jego solidna konstrukcja gwarantuje odporno\u015b\u0107 na zu\u017cycie, korozj\u0119 i przecieki, dzi\u0119ki czemu nadaje si\u0119 do d\u0142ugotrwa\u0142ego u\u017cytkowania w terenie.<\/p>\n<p>Si\u0142ownik hydrauliczny dwustronnego dzia\u0142ania 10024 z gwarancj\u0105 jako\u015bci do zastosowa\u0144 rolniczych jest r\u00f3wnie\u017c niezwykle wszechstronny, oferuj\u0105c kompatybilno\u015b\u0107 z r\u00f3\u017cnymi maszynami i urz\u0105dzeniami rolniczymi. Jego standaryzowana konstrukcja umo\u017cliwia \u0142atw\u0105 integracj\u0119 z istniej\u0105cymi systemami, skracaj\u0105c czas i nak\u0142ad pracy zwi\u0105zany z instalacj\u0105. Ponadto jest dost\u0119pny w r\u00f3\u017cnych rozmiarach i konfiguracjach, co pozwala na dostosowanie go do specyficznych wymaga\u0144 rolnictwa.<\/p>\n<p>Podsumowuj\u0105c, si\u0142ownik hydrauliczny dwustronnego dzia\u0142ania 10024 z gwarancj\u0105 jako\u015bci do maszyn rolniczych to produkt najwy\u017cszej jako\u015bci, \u0142\u0105cz\u0105cy w sobie wyj\u0105tkow\u0105 jako\u015b\u0107, niezawodno\u015b\u0107 i wszechstronno\u015b\u0107. Dzi\u0119ki zaawansowanym funkcjom i solidnej konstrukcji, ten si\u0142ownik hydrauliczny jest idealnym wyborem dla rolnik\u00f3w i profesjonalist\u00f3w z bran\u017cy rolniczej poszukuj\u0105cych optymalnej wydajno\u015bci i efektywno\u015bci swoich maszyn. Przekonaj si\u0119, jak\u0105 r\u00f3\u017cnic\u0119 mo\u017ce on wnie\u015b\u0107 do Twoich prac rolniczych i przenie\u015b swoj\u0105 wydajno\u015b\u0107 na nowy poziom.<\/p>\n<p><img decoding=\"async\" src=\"https:\/\/hzpt.com\/wp-content\/uploads\/2023\/12\/insert-3.webp\" alt=\"\" title=\"\"><\/p>\n<h2>Zalety cylindra spawanego typu wide\u0142kowego<\/h2>\n<p>Spawane cylindry wide\u0142kowe s\u0105 popularnym wyborem w wielu zastosowaniach przemys\u0142owych ze wzgl\u0119du na swoje unikalne zalety i korzy\u015bci. Oto niekt\u00f3re z kluczowych zalet spawanych cylindr\u00f3w wide\u0142kowych:<\/p>\n<h3>1. Zwi\u0119kszona wytrzyma\u0142o\u015b\u0107 i trwa\u0142o\u015b\u0107<\/h3>\n<p>Cylindry z mocowaniem wide\u0142kowym spawane s\u0105 wyposa\u017cone w spawan\u0105 za\u015blepk\u0119, co zapewnia wi\u0119ksz\u0105 wytrzyma\u0142o\u015b\u0107 i trwa\u0142o\u015b\u0107 w por\u00f3wnaniu z innymi typami cylindr\u00f3w. Dzi\u0119ki temu idealnie nadaj\u0105 si\u0119 do zastosowa\u0144 wymagaj\u0105cych du\u017cej wytrzyma\u0142o\u015bci i trwa\u0142o\u015bci.<\/p>\n<p>Dodatkowo spawana konstrukcja tych cylindr\u00f3w zmniejsza ryzyko przeciek\u00f3w lub awarii, co mo\u017ce przyczyni\u0107 si\u0119 do ograniczenia przestoj\u00f3w i koszt\u00f3w konserwacji.<\/p>\n<h3>2. Zdolno\u015b\u0107 do radzenia sobie z wysokim ci\u015bnieniem<\/h3>\n<p>Spawane si\u0142owniki wide\u0142kowe s\u0105 r\u00f3wnie\u017c w stanie wytrzyma\u0107 wysokie ci\u015bnienie, co czyni je popularnym wyborem w takich bran\u017cach jak budownictwo, g\u00f3rnictwo oraz przemys\u0142 naftowo-gazowy. Ich zdolno\u015b\u0107 do pracy w wysokich ci\u015bnieniach gwarantuje niezawodn\u0105 prac\u0119 w wymagaj\u0105cych warunkach.<\/p>\n<h3>3. Mo\u017cliwo\u015b\u0107 dostosowania projektu<\/h3>\n<p>Spawane si\u0142owniki wide\u0142kowe mog\u0105 by\u0107 projektowane na zam\u00f3wienie, aby spe\u0142ni\u0107 specyficzne wymagania danego zastosowania. Oznacza to, \u017ce mo\u017cna je dostosowa\u0107 do konkretnego rozmiaru, kszta\u0142tu lub wymaga\u0144 wydajno\u015bciowych. Mo\u017cliwo\u015b\u0107 dostosowania konstrukcji zapewnia r\u00f3wnie\u017c wi\u0119ksz\u0105 elastyczno\u015b\u0107 w procesie produkcji, co mo\u017ce prowadzi\u0107 do oszcz\u0119dno\u015bci koszt\u00f3w.<\/p>\n<h3>4. \u0141atwa instalacja<\/h3>\n<p>Spawane si\u0142owniki wide\u0142kowe s\u0105 zaprojektowane z my\u015bl\u0105 o \u0142atwej instalacji, co pozwala skr\u00f3ci\u0107 czas konfiguracji i obni\u017cy\u0107 koszty robocizny. Zazwyczaj s\u0105 one wst\u0119pnie zmontowane i gotowe do u\u017cycia od razu po wyj\u0119ciu z opakowania, co minimalizuje potrzeb\u0119 stosowania dodatkowych cz\u0119\u015bci lub podzespo\u0142\u00f3w.<\/p>\n<h3>5. Poprawiona wydajno\u015b\u0107<\/h3>\n<p>Konstrukcja spawanych si\u0142ownik\u00f3w wide\u0142kowych zapewnia lepsz\u0105 wydajno\u015b\u0107 w por\u00f3wnaniu z innymi typami si\u0142ownik\u00f3w. S\u0105 one w stanie wygenerowa\u0107 wi\u0119ksz\u0105 si\u0142\u0119 na jednostk\u0119 ci\u015bnienia, co mo\u017ce przyczyni\u0107 si\u0119 do poprawy wydajno\u015bci i produktywno\u015bci w zastosowaniach przemys\u0142owych.<\/p>\n<p>Og\u00f3lnie rzecz bior\u0105c, spawane si\u0142owniki wide\u0142kowe oferuj\u0105 szereg zalet i korzy\u015bci, kt\u00f3re czyni\u0105 je popularnym wyborem w wielu zastosowaniach przemys\u0142owych. Ich zwi\u0119kszona wytrzyma\u0142o\u015b\u0107 i trwa\u0142o\u015b\u0107, odporno\u015b\u0107 na wysokie ci\u015bnienie, mo\u017cliwo\u015b\u0107 dostosowania konstrukcji, \u0142atwo\u015b\u0107 monta\u017cu i lepsza wydajno\u015b\u0107 sprawiaj\u0105, \u017ce s\u0105 idealnym wyborem w wymagaj\u0105cych \u015brodowiskach, gdzie niezawodno\u015b\u0107 i wydajno\u015b\u0107 s\u0105 kluczowe.<\/p>\n<p><img decoding=\"async\" src=\"https:\/\/hzpt.com\/wp-content\/uploads\/2023\/12\/insert-2.webp\" alt=\"\" title=\"\"><\/p>\n<h2>Zastosowanie cylindra spawanego typu wide\u0142kowego<\/h2>\n<ul>\n<li><strong>Maszyny przemys\u0142owe:<\/strong> Cylindry z mocowaniem wide\u0142kowym spawane s\u0105 szeroko stosowane w r\u00f3\u017cnych maszynach przemys\u0142owych do ci\u0119\u017ckich zastosowa\u0144. Cylindry te s\u0105 w stanie wytwarza\u0107 du\u017c\u0105 si\u0142\u0119 wyj\u015bciow\u0105 do podnoszenia i dociskania element\u00f3w maszyn. Konstrukcja z mocowaniem wide\u0142kowym spawanym zapewnia \u0142atwy monta\u017c i wydajn\u0105 prac\u0119, co czyni je popularnym wyborem w\u015br\u00f3d producent\u00f3w.\n<ul>\n<li>W przemy\u015ble wytw\u00f3rczym cylindry typu wide\u0142kowego spawane stosowane s\u0105 w prasach hydraulicznych, wtryskarkach i urz\u0105dzeniach do t\u0142oczenia metali w celu zapewnienia si\u0142y niezb\u0119dnej do formowania i kszta\u0142towania arkuszy blachy.<\/li>\n<li>W przemy\u015ble motoryzacyjnym cylindry te stosuje si\u0119 w podno\u015bnikach samochodowych, windach i maszynach monta\u017cowych do podnoszenia ci\u0119\u017ckich komponent\u00f3w w trakcie procesu produkcyjnego.<\/li>\n<li>W bran\u017cy budowlanej cylindry typu wide\u0142kowego spawane stosowane s\u0105 w d\u017awigach, koparkach i spycharkach do zasilania uk\u0142ad\u00f3w hydraulicznych podnosz\u0105cych i przemieszczaj\u0105cych ci\u0119\u017ckie \u0142adunki.<\/li>\n<\/ul>\n<\/li>\n<li><strong>Maszyny rolnicze:<\/strong> Maszyny rolnicze to jeden z najwa\u017cniejszych obszar\u00f3w zastosowania cylindr\u00f3w spawanych z wide\u0142kami. Cylindry te s\u0105 stosowane w r\u00f3\u017cnych maszynach rolniczych, w tym w ci\u0105gnikach, kombajnach i p\u0142ugach, aby zapewni\u0107 niezb\u0119dn\u0105 si\u0142\u0119 do przygotowania gleby, sadzenia i zbioru.\n<ul>\n<li>W przemy\u015ble rolniczym cylindry typu wide\u0142kowego spawane stosowane s\u0105 w p\u0142ugach, kultywatorach i siewnikach w celu zapewnienia si\u0142y niezb\u0119dnej do przygotowania gleby i sadzenia nasion.<\/li>\n<li>W przemy\u015ble \u017cniwnym si\u0142owniki te s\u0105 stosowane w maszynach \u017cniwnych, prasach i kosiarkach do zasilania uk\u0142ad\u00f3w hydraulicznych, kt\u00f3re zbieraj\u0105 i transportuj\u0105 plony.<\/li>\n<\/ul>\n<\/li>\n<li><strong>Lotnictwo i obronno\u015b\u0107:<\/strong> Cylindry typu wide\u0142kowego spawane s\u0105 r\u00f3wnie\u017c wykorzystywane w przemy\u015ble lotniczym i obronnym, gdzie wykorzystuje si\u0119 je w szerokim zakresie w samolotach, rakietach, pociskach i systemach obronnych.\n<ul>\n<li>W przemy\u015ble lotniczym cylindry typu wide\u0142kowego spawane stosowane s\u0105 w podwoziach samolot\u00f3w, klapach i hamulcach, aby zapewni\u0107 si\u0142\u0119 potrzebn\u0105 do startu i l\u0105dowania.<\/li>\n<li>W przemy\u015ble obronnym cylindry te stosuje si\u0119 w wyrzutniach rakiet, wie\u017cach dzia\u0142 i systemach czo\u0142gowych do zasilania uk\u0142ad\u00f3w hydraulicznych kontroluj\u0105cych ruch broni i amunicji.<\/li>\n<\/ul>\n<\/li>\n<li><strong>Przemys\u0142 morski:<\/strong> Cylindry typu wide\u0142kowego spawane s\u0105 r\u00f3wnie\u017c szeroko stosowane w przemy\u015ble morskim, gdzie wykorzystuje si\u0119 je w r\u00f3\u017cnych zastosowaniach na statkach, \u0142odziach i pojazdach podwodnych.\n<ul>\n<li>W przemy\u015ble stoczniowym cylindry typu wide\u0142kowego spawane stosowane s\u0105 w d\u017awigach, wyci\u0105garkach i sprz\u0119cie do prze\u0142adunku towar\u00f3w w celu zapewnienia si\u0142y niezb\u0119dnej do za\u0142adunku i roz\u0142adunku towar\u00f3w.<\/li>\n<li>W przemy\u015ble \u017ceglarskim cylindry te stosuje si\u0119 w uk\u0142adach sterowania, \u015brubach nap\u0119dowych i systemach kotwicznych, aby zapewni\u0107 si\u0142\u0119 niezb\u0119dn\u0105 do kontrolowania ruchu \u0142odzi i statk\u00f3w.<\/li>\n<li>W bran\u017cy pojazd\u00f3w podwodnych cylindry typu Welded Clevis s\u0105 stosowane w pojazdach podwodnych, pojazdach zdalnie sterowanych (ROV) i sprz\u0119cie nurkowym w celu zapewnienia si\u0142y niezb\u0119dnej do operacji podwodnych.<\/li>\n<\/ul>\n<\/li>\n<li><strong>Przemys\u0142 g\u00f3rniczy:<\/strong> Cylindry typu wide\u0142kowego spawane s\u0105 r\u00f3wnie\u017c wykorzystywane w przemy\u015ble g\u00f3rniczym, gdzie wykorzystuje si\u0119 je w r\u00f3\u017cnych zastosowaniach zwi\u0105zanych z wydobyciem minera\u0142\u00f3w i transportem materia\u0142\u00f3w.\n<ul>\n<li>W przemy\u015ble g\u00f3rniczym cylindry typu wide\u0142kowego spawane stosowane s\u0105 w systemach przeno\u015bnik\u00f3w ta\u015bmowych, maszynach wiertniczych i koparkach hydraulicznych w celu zapewnienia si\u0142y niezb\u0119dnej do wydobywania minera\u0142\u00f3w i materia\u0142\u00f3w z kopalni i kamienio\u0142om\u00f3w.<\/li>\n<\/ul>\n<\/li>\n<\/ul>\n<h2>O FMP<\/h2>\n<p>FMP zajmuje wiod\u0105c\u0105 pozycj\u0119 na w\u0142oskim rynku cylindr\u00f3w hydraulicznych. Dysponuj\u0105c moc\u0105 produkcyjn\u0105 200 000 zestaw\u00f3w i 300 zestawami w pe\u0142ni zautomatyzowanego sprz\u0119tu produkcyjnego CNC, oferujemy szerok\u0105 gam\u0119 cylindr\u00f3w hydraulicznych, w tym hydrauliczne cylindry przechylne, hydrauliczne cylindry steruj\u0105ce i hydrauliczne cylindry podnosz\u0105ce.<\/p>\n<p><img decoding=\"async\" src=\"https:\/\/hzpt.com\/wp-content\/uploads\/2023\/12\/insert-5.webp\" alt=\"Fabryka FMP\" title=\"\"><\/p>\n<h2>Cz\u0119sto zadawane pytania<\/h2>\n<ol>\n<li>Jakie s\u0105 wymiary si\u0142ownika hydraulicznego? \u2013 Mo\u017cliwo\u015b\u0107 dostosowania do dowolnego rozmiaru.<\/li>\n<li>Jaka jest no\u015bno\u015b\u0107 cylindra? \u2013 Zaprojektowany do ci\u0119\u017ckich prac rolniczych.<\/li>\n<li>Jakie s\u0105 wyj\u0105tkowe cechy si\u0142ownika hydraulicznego? \u2013 Efektywno\u015b\u0107 energetyczna, wysoka wydajno\u015b\u0107 i bezpiecze\u0144stwo.<\/li>\n<li>Jaka jest zasada dzia\u0142ania uk\u0142adu hydraulicznego? \u2013 Uk\u0142ad hydrauliczny dzia\u0142a w oparciu o zasad\u0119 mechaniki p\u0142yn\u00f3w.<\/li>\n<li>Gdzie mog\u0119 zastosowa\u0107 ten si\u0142ownik hydrauliczny? \u2013 Jest on szeroko stosowany w r\u00f3\u017cnych maszynach rolniczych.<\/li>\n<\/ol>\n<p>Autor:CX<\/p>","protected":false},"excerpt":{"rendered":"<p>Product Introduction: 10024 Quality Assurance Double Acting Hydraulic Cylinder for Agriculture The 10024 Quality Assurance Double Acting Hydraulic Cylinder for Agriculture is a top-notch product designed specifically for use in agricultural applications. With its exceptional quality and reliable performance, this hydraulic cylinder is a must-have for farmers and agricultural professionals seeking efficiency and productivity. This [&hellip;]<\/p>","protected":false},"featured_media":1127,"comment_status":"closed","ping_status":"closed","template":"","meta":{"_et_pb_use_builder":"","_et_pb_old_content":"","_et_gb_content_width":""},"product_brand":[],"product_cat":[36],"product_tag":[34,38],"class_list":{"0":"post-1032","1":"product","2":"type-product","3":"status-publish","4":"has-post-thumbnail","6":"product_cat-welded-clevis-type-cylinder","7":"product_tag-hydraulic-cylinder","8":"product_tag-welded-clevis-type-cylinder","10":"first","11":"instock","12":"product-type-simple"},"_links":{"self":[{"href":"https:\/\/fmp-components.com\/pl\/wp-json\/wp\/v2\/product\/1032","targetHints":{"allow":["GET"]}}],"collection":[{"href":"https:\/\/fmp-components.com\/pl\/wp-json\/wp\/v2\/product"}],"about":[{"href":"https:\/\/fmp-components.com\/pl\/wp-json\/wp\/v2\/types\/product"}],"replies":[{"embeddable":true,"href":"https:\/\/fmp-components.com\/pl\/wp-json\/wp\/v2\/comments?post=1032"}],"wp:featuredmedia":[{"embeddable":true,"href":"https:\/\/fmp-components.com\/pl\/wp-json\/wp\/v2\/media\/1127"}],"wp:attachment":[{"href":"https:\/\/fmp-components.com\/pl\/wp-json\/wp\/v2\/media?parent=1032"}],"wp:term":[{"taxonomy":"product_brand","embeddable":true,"href":"https:\/\/fmp-components.com\/pl\/wp-json\/wp\/v2\/product_brand?post=1032"},{"taxonomy":"product_cat","embeddable":true,"href":"https:\/\/fmp-components.com\/pl\/wp-json\/wp\/v2\/product_cat?post=1032"},{"taxonomy":"product_tag","embeddable":true,"href":"https:\/\/fmp-components.com\/pl\/wp-json\/wp\/v2\/product_tag?post=1032"}],"curies":[{"name":"wp","href":"https:\/\/api.w.org\/{rel}","templated":true}]}}