{"id":1027,"date":"2024-12-19T06:16:24","date_gmt":"2024-12-19T06:16:24","guid":{"rendered":"https:\/\/fmp-components.com\/product\/10019-high-quality-customized-hydraulic-cylinder-for-agricultural-machinery\/"},"modified":"2025-01-07T07:57:59","modified_gmt":"2025-01-07T07:57:59","slug":"10019-high-quality-customized-hydraulic-cylinder-for-agricultural-machinery","status":"publish","type":"product","link":"https:\/\/fmp-components.com\/pl\/product\/10019-high-quality-customized-hydraulic-cylinder-for-agricultural-machinery\/","title":{"rendered":"10019 Wysokiej jako\u015bci, dostosowany si\u0142ownik hydrauliczny do maszyn rolniczych"},"content":{"rendered":"<h2>Przedstawiamy wysokiej jako\u015bci, dostosowany si\u0142ownik hydrauliczny 10019 do maszyn rolniczych:<\/h2>\n<p>Wysokiej jako\u015bci, niestandardowy si\u0142ownik hydrauliczny 10019 do maszyn rolniczych to najnowocze\u015bniejszy produkt zaprojektowany z my\u015bl\u0105 o specyficznych potrzebach bran\u017cy rolniczej. Ten si\u0142ownik hydrauliczny zosta\u0142 starannie zaprojektowany, aby zapewni\u0107 wyj\u0105tkow\u0105 wydajno\u015b\u0107 i niezawodno\u015b\u0107 w r\u00f3\u017cnorodnych zastosowaniach rolniczych.<\/p>\n<p>Dzi\u0119ki wysokiej jako\u015bci konstrukcji, ten si\u0142ownik hydrauliczny gwarantuje optymaln\u0105 funkcjonalno\u015b\u0107 i trwa\u0142o\u015b\u0107, nawet w najtrudniejszych warunkach pracy. Jego specjalnie zaprojektowana konstrukcja umo\u017cliwia bezproblemow\u0105 integracj\u0119 z r\u00f3\u017cnymi typami maszyn rolniczych, zapewniaj\u0105c zwi\u0119kszon\u0105 wydajno\u015b\u0107 i produktywno\u015b\u0107.<\/p>\n<p>Wyposa\u017cony w zaawansowan\u0105 technologi\u0119 hydrauliczn\u0105, si\u0142ownik hydrauliczny 10019 zapewnia precyzyjn\u0105 kontrol\u0119 i p\u0142ynn\u0105 prac\u0119, umo\u017cliwiaj\u0105c rolnikom i pracownikom rolnym \u0142atwe i precyzyjne wykonywanie zada\u0144. Jego doskona\u0142a konstrukcja minimalizuje straty energii, co przek\u0142ada si\u0119 na lepsz\u0105 og\u00f3ln\u0105 wydajno\u015b\u0107 i ni\u017csze koszty eksploatacji.<\/p>\n<p>Si\u0142ownik hydrauliczny 10019 nie tylko oferuje doskona\u0142\u0105 funkcjonalno\u015b\u0107, ale r\u00f3wnie\u017c priorytetowo traktuje bezpiecze\u0144stwo. Jest wykonany z wytrzyma\u0142ych materia\u0142\u00f3w i przechodzi rygorystyczne testy, gwarantuj\u0105c najwy\u017cszy poziom niezawodno\u015bci i ochrony zar\u00f3wno operator\u00f3w, jak i maszyn.<\/p>\n<p><img decoding=\"async\" src=\"https:\/\/hzpt.com\/wp-content\/uploads\/2023\/12\/insert-4.webp?v=1694163707\" alt=\"\" title=\"\"><\/p>\n<ul>\n<li>Wymiary: Mo\u017cliwo\u015b\u0107 dostosowania do wymaga\u0144 maszyny<\/li>\n<li>No\u015bno\u015b\u0107: Wysoka no\u015bno\u015b\u0107<\/li>\n<li>Wydajno\u015b\u0107: energooszcz\u0119dna i wysoce efektywna praca<\/li>\n<\/ul>\n<p><img decoding=\"async\" src=\"https:\/\/hzpt.com\/wp-content\/uploads\/2023\/12\/insert-1.webp\" alt=\"\" title=\"\"><\/p>\n<h2>Cz\u0119sto zadawane pytania dotycz\u0105ce cylindr\u00f3w hydraulicznych FMP<\/h2>\n<dl>\n<dt>P1: Jaka jest no\u015bno\u015b\u0107 si\u0142ownik\u00f3w hydraulicznych FMP?<\/dt>\n<dd>A1: Nasze si\u0142owniki hydrauliczne charakteryzuj\u0105 si\u0119 du\u017c\u0105 no\u015bno\u015bci\u0105, kt\u00f3r\u0105 mo\u017cna dostosowa\u0107 do konkretnych wymaga\u0144.<\/dd>\n<dt>P2: Jak energooszcz\u0119dne s\u0105 si\u0142owniki hydrauliczne FMP?<\/dt>\n<dd>A2: Si\u0142owniki hydrauliczne FMP s\u0105 znane ze swojej energooszcz\u0119dno\u015bci i wysokiej wydajno\u015bci pracy.<\/dd>\n<dt>P3: Jakie s\u0105 wyj\u0105tkowe cechy cylindr\u00f3w hydraulicznych FMP?<\/dt>\n<dd>A3: Si\u0142owniki hydrauliczne FMP znane s\u0105 ze swoich funkcji bezpiecze\u0144stwa, trwa\u0142o\u015bci i wysokiej wydajno\u015bci.<\/dd>\n<dt>P4: W jakich maszynach stosuje si\u0119 si\u0142owniki hydrauliczne FMP?<\/dt>\n<dd>A4: S\u0105 one powszechnie stosowane w maszynach rolniczych, w tym w traktorach, kombajnach i innych maszynach ci\u0119\u017ckich.<\/dd>\n<dt>P5: Jak wybra\u0107 odpowiedni olej hydrauliczny i uszczelki do si\u0142ownika hydraulicznego FMP?<\/dt>\n<dd>A5: Wyb\u00f3r odpowiedniego oleju hydraulicznego i uszczelnie\u0144 ma kluczowe znaczenie dla wydajno\u015bci i trwa\u0142o\u015bci si\u0142ownika hydraulicznego. W FMP zawsze s\u0142u\u017cymy pomoc\u0105 w tym procesie.<\/dd>\n<\/dl>\n<h2>Zalety cylindra spawanego typu wide\u0142kowego<\/h2>\n<p>Spawane cylindry wide\u0142kowe s\u0105 popularnym wyborem w wielu zastosowaniach przemys\u0142owych ze wzgl\u0119du na swoje unikalne zalety i korzy\u015bci. Oto niekt\u00f3re z kluczowych zalet spawanych cylindr\u00f3w wide\u0142kowych:<\/p>\n<h3>1. Zwi\u0119kszona wytrzyma\u0142o\u015b\u0107 i trwa\u0142o\u015b\u0107<\/h3>\n<p>Cylindry z mocowaniem wide\u0142kowym spawane s\u0105 wyposa\u017cone w spawan\u0105 za\u015blepk\u0119, co zapewnia wi\u0119ksz\u0105 wytrzyma\u0142o\u015b\u0107 i trwa\u0142o\u015b\u0107 w por\u00f3wnaniu z innymi typami cylindr\u00f3w. Dzi\u0119ki temu idealnie nadaj\u0105 si\u0119 do zastosowa\u0144 wymagaj\u0105cych du\u017cej wytrzyma\u0142o\u015bci i trwa\u0142o\u015bci.<\/p>\n<p>Dodatkowo spawana konstrukcja tych cylindr\u00f3w zmniejsza ryzyko przeciek\u00f3w lub awarii, co mo\u017ce przyczyni\u0107 si\u0119 do ograniczenia przestoj\u00f3w i koszt\u00f3w konserwacji.<\/p>\n<h3>2. Zdolno\u015b\u0107 do radzenia sobie z wysokim ci\u015bnieniem<\/h3>\n<p>Spawane si\u0142owniki wide\u0142kowe s\u0105 r\u00f3wnie\u017c w stanie wytrzyma\u0107 wysokie ci\u015bnienie, co czyni je popularnym wyborem w takich bran\u017cach jak budownictwo, g\u00f3rnictwo oraz przemys\u0142 naftowo-gazowy. Ich zdolno\u015b\u0107 do pracy w wysokich ci\u015bnieniach gwarantuje niezawodn\u0105 prac\u0119 w wymagaj\u0105cych warunkach.<\/p>\n<h3>3. Mo\u017cliwo\u015b\u0107 dostosowania projektu<\/h3>\n<p>Spawane si\u0142owniki wide\u0142kowe mog\u0105 by\u0107 projektowane na zam\u00f3wienie, aby spe\u0142ni\u0107 specyficzne wymagania danego zastosowania. Oznacza to, \u017ce mo\u017cna je dostosowa\u0107 do konkretnego rozmiaru, kszta\u0142tu lub wymaga\u0144 wydajno\u015bciowych. Mo\u017cliwo\u015b\u0107 dostosowania konstrukcji zapewnia r\u00f3wnie\u017c wi\u0119ksz\u0105 elastyczno\u015b\u0107 w procesie produkcji, co mo\u017ce prowadzi\u0107 do oszcz\u0119dno\u015bci koszt\u00f3w.<\/p>\n<h3>4. \u0141atwa instalacja<\/h3>\n<p>Spawane si\u0142owniki wide\u0142kowe s\u0105 zaprojektowane z my\u015bl\u0105 o \u0142atwej instalacji, co pozwala skr\u00f3ci\u0107 czas konfiguracji i obni\u017cy\u0107 koszty robocizny. Zazwyczaj s\u0105 one wst\u0119pnie zmontowane i gotowe do u\u017cycia od razu po wyj\u0119ciu z opakowania, co minimalizuje potrzeb\u0119 stosowania dodatkowych cz\u0119\u015bci lub podzespo\u0142\u00f3w.<\/p>\n<h3>5. Poprawiona wydajno\u015b\u0107<\/h3>\n<p>Konstrukcja spawanych si\u0142ownik\u00f3w wide\u0142kowych zapewnia lepsz\u0105 wydajno\u015b\u0107 w por\u00f3wnaniu z innymi typami si\u0142ownik\u00f3w. S\u0105 one w stanie wygenerowa\u0107 wi\u0119ksz\u0105 si\u0142\u0119 na jednostk\u0119 ci\u015bnienia, co mo\u017ce przyczyni\u0107 si\u0119 do poprawy wydajno\u015bci i produktywno\u015bci w zastosowaniach przemys\u0142owych.<\/p>\n<p>Og\u00f3lnie rzecz bior\u0105c, spawane si\u0142owniki wide\u0142kowe oferuj\u0105 szereg zalet i korzy\u015bci, kt\u00f3re czyni\u0105 je popularnym wyborem w wielu zastosowaniach przemys\u0142owych. Ich zwi\u0119kszona wytrzyma\u0142o\u015b\u0107 i trwa\u0142o\u015b\u0107, odporno\u015b\u0107 na wysokie ci\u015bnienie, mo\u017cliwo\u015b\u0107 dostosowania konstrukcji, \u0142atwo\u015b\u0107 monta\u017cu i lepsza wydajno\u015b\u0107 sprawiaj\u0105, \u017ce s\u0105 idealnym wyborem w wymagaj\u0105cych \u015brodowiskach, gdzie niezawodno\u015b\u0107 i wydajno\u015b\u0107 s\u0105 kluczowe.<\/p>\n<h2>Zastosowanie cylindra spawanego typu wide\u0142kowego<\/h2>\n<ul>\n<li><strong>Maszyny przemys\u0142owe:<\/strong> Cylindry z mocowaniem wide\u0142kowym spawane s\u0105 szeroko stosowane w r\u00f3\u017cnych maszynach przemys\u0142owych do ci\u0119\u017ckich zastosowa\u0144. Cylindry te s\u0105 w stanie wytwarza\u0107 du\u017c\u0105 si\u0142\u0119 wyj\u015bciow\u0105 do podnoszenia i dociskania element\u00f3w maszyn. Konstrukcja z mocowaniem wide\u0142kowym spawanym zapewnia \u0142atwy monta\u017c i wydajn\u0105 prac\u0119, co czyni je popularnym wyborem w\u015br\u00f3d producent\u00f3w.\n<ul>\n<li>W przemy\u015ble wytw\u00f3rczym cylindry typu wide\u0142kowego spawane stosowane s\u0105 w prasach hydraulicznych, wtryskarkach i urz\u0105dzeniach do t\u0142oczenia metali w celu zapewnienia si\u0142y niezb\u0119dnej do formowania i kszta\u0142towania arkuszy blachy.<\/li>\n<li>W przemy\u015ble motoryzacyjnym cylindry te stosuje si\u0119 w podno\u015bnikach samochodowych, windach i maszynach monta\u017cowych do podnoszenia ci\u0119\u017ckich komponent\u00f3w w trakcie procesu produkcyjnego.<\/li>\n<li>W bran\u017cy budowlanej cylindry typu wide\u0142kowego spawane stosowane s\u0105 w d\u017awigach, koparkach i spycharkach do zasilania uk\u0142ad\u00f3w hydraulicznych podnosz\u0105cych i przemieszczaj\u0105cych ci\u0119\u017ckie \u0142adunki.<\/li>\n<\/ul>\n<\/li>\n<li><strong>Maszyny rolnicze:<\/strong> Maszyny rolnicze to jeden z najwa\u017cniejszych obszar\u00f3w zastosowania cylindr\u00f3w spawanych z wide\u0142kami. Cylindry te s\u0105 stosowane w r\u00f3\u017cnych maszynach rolniczych, w tym w ci\u0105gnikach, kombajnach i p\u0142ugach, aby zapewni\u0107 niezb\u0119dn\u0105 si\u0142\u0119 do przygotowania gleby, sadzenia i zbioru.\n<ul>\n<li>W przemy\u015ble rolniczym cylindry typu wide\u0142kowego spawane stosowane s\u0105 w p\u0142ugach, kultywatorach i siewnikach w celu zapewnienia si\u0142y niezb\u0119dnej do przygotowania gleby i sadzenia nasion.<\/li>\n<li>W przemy\u015ble \u017cniwnym si\u0142owniki te s\u0105 stosowane w maszynach \u017cniwnych, prasach i kosiarkach do zasilania uk\u0142ad\u00f3w hydraulicznych, kt\u00f3re zbieraj\u0105 i transportuj\u0105 plony.<\/li>\n<\/ul>\n<\/li>\n<li><strong>Lotnictwo i obronno\u015b\u0107:<\/strong> Cylindry typu wide\u0142kowego spawane s\u0105 r\u00f3wnie\u017c wykorzystywane w przemy\u015ble lotniczym i obronnym, gdzie wykorzystuje si\u0119 je w szerokim zakresie w samolotach, rakietach, pociskach i systemach obronnych.\n<ul>\n<li>W przemy\u015ble lotniczym cylindry typu wide\u0142kowego spawane stosowane s\u0105 w podwoziach samolot\u00f3w, klapach i hamulcach, aby zapewni\u0107 si\u0142\u0119 potrzebn\u0105 do startu i l\u0105dowania.<\/li>\n<li>W przemy\u015ble obronnym cylindry te stosuje si\u0119 w wyrzutniach rakiet, wie\u017cach dzia\u0142 i systemach czo\u0142gowych do zasilania uk\u0142ad\u00f3w hydraulicznych kontroluj\u0105cych ruch broni i amunicji.<\/li>\n<\/ul>\n<\/li>\n<li><strong>Przemys\u0142 morski:<\/strong> Cylindry typu wide\u0142kowego spawane s\u0105 r\u00f3wnie\u017c szeroko stosowane w przemy\u015ble morskim, gdzie wykorzystuje si\u0119 je w r\u00f3\u017cnych zastosowaniach na statkach, \u0142odziach i pojazdach podwodnych.\n<ul>\n<li>W przemy\u015ble stoczniowym cylindry typu wide\u0142kowego spawane stosowane s\u0105 w d\u017awigach, wyci\u0105garkach i sprz\u0119cie do prze\u0142adunku towar\u00f3w w celu zapewnienia si\u0142y niezb\u0119dnej do za\u0142adunku i roz\u0142adunku towar\u00f3w.<\/li>\n<li>W przemy\u015ble \u017ceglarskim cylindry te stosuje si\u0119 w uk\u0142adach sterowania, \u015brubach nap\u0119dowych i systemach kotwicznych, aby zapewni\u0107 si\u0142\u0119 niezb\u0119dn\u0105 do kontrolowania ruchu \u0142odzi i statk\u00f3w.<\/li>\n<li>W bran\u017cy pojazd\u00f3w podwodnych cylindry typu Welded Clevis s\u0105 stosowane w pojazdach podwodnych, pojazdach zdalnie sterowanych (ROV) i sprz\u0119cie nurkowym w celu zapewnienia si\u0142y niezb\u0119dnej do operacji podwodnych.<\/li>\n<\/ul>\n<\/li>\n<li><strong>Przemys\u0142 g\u00f3rniczy:<\/strong> Cylindry typu wide\u0142kowego spawane s\u0105 r\u00f3wnie\u017c wykorzystywane w przemy\u015ble g\u00f3rniczym, gdzie wykorzystuje si\u0119 je w r\u00f3\u017cnych zastosowaniach zwi\u0105zanych z wydobyciem minera\u0142\u00f3w i transportem materia\u0142\u00f3w.\n<ul>\n<li>W przemy\u015ble g\u00f3rniczym cylindry typu wide\u0142kowego spawane stosowane s\u0105 w systemach przeno\u015bnik\u00f3w ta\u015bmowych, maszynach wiertniczych i koparkach hydraulicznych w celu zapewnienia si\u0142y niezb\u0119dnej do wydobywania minera\u0142\u00f3w i materia\u0142\u00f3w z kopalni i kamienio\u0142om\u00f3w.<\/li>\n<\/ul>\n<\/li>\n<\/ul>\n<p>Autor:CX<\/p>","protected":false},"excerpt":{"rendered":"<p>Introducing the 10019 High Quality Customized Hydraulic Cylinder for Agricultural Machinery: The 10019 High Quality Customized Hydraulic Cylinder for Agricultural Machinery is a cutting-edge product designed to meet the specific needs of the agricultural industry. This hydraulic cylinder is meticulously engineered to deliver exceptional performance and reliability in various agricultural applications. With its high-quality construction, [&hellip;]<\/p>","protected":false},"featured_media":1127,"comment_status":"closed","ping_status":"closed","template":"","meta":{"_et_pb_use_builder":"","_et_pb_old_content":"","_et_gb_content_width":""},"product_brand":[],"product_cat":[36],"product_tag":[34,38],"class_list":{"0":"post-1027","1":"product","2":"type-product","3":"status-publish","4":"has-post-thumbnail","6":"product_cat-welded-clevis-type-cylinder","7":"product_tag-hydraulic-cylinder","8":"product_tag-welded-clevis-type-cylinder","10":"first","11":"instock","12":"product-type-simple"},"_links":{"self":[{"href":"https:\/\/fmp-components.com\/pl\/wp-json\/wp\/v2\/product\/1027","targetHints":{"allow":["GET"]}}],"collection":[{"href":"https:\/\/fmp-components.com\/pl\/wp-json\/wp\/v2\/product"}],"about":[{"href":"https:\/\/fmp-components.com\/pl\/wp-json\/wp\/v2\/types\/product"}],"replies":[{"embeddable":true,"href":"https:\/\/fmp-components.com\/pl\/wp-json\/wp\/v2\/comments?post=1027"}],"wp:featuredmedia":[{"embeddable":true,"href":"https:\/\/fmp-components.com\/pl\/wp-json\/wp\/v2\/media\/1127"}],"wp:attachment":[{"href":"https:\/\/fmp-components.com\/pl\/wp-json\/wp\/v2\/media?parent=1027"}],"wp:term":[{"taxonomy":"product_brand","embeddable":true,"href":"https:\/\/fmp-components.com\/pl\/wp-json\/wp\/v2\/product_brand?post=1027"},{"taxonomy":"product_cat","embeddable":true,"href":"https:\/\/fmp-components.com\/pl\/wp-json\/wp\/v2\/product_cat?post=1027"},{"taxonomy":"product_tag","embeddable":true,"href":"https:\/\/fmp-components.com\/pl\/wp-json\/wp\/v2\/product_tag?post=1027"}],"curies":[{"name":"wp","href":"https:\/\/api.w.org\/{rel}","templated":true}]}}