{"id":1023,"date":"2024-12-19T06:16:24","date_gmt":"2024-12-19T06:16:24","guid":{"rendered":"https:\/\/fmp-components.com\/product\/10015-hot-sale-double-effect-hydraulic-piston-cylinder-for-transplanter\/"},"modified":"2024-12-26T08:52:47","modified_gmt":"2024-12-26T08:52:47","slug":"10015-hot-sale-double-effect-hydraulic-piston-cylinder-for-transplanter","status":"publish","type":"product","link":"https:\/\/fmp-components.com\/pl\/product\/10015-hot-sale-double-effect-hydraulic-piston-cylinder-for-transplanter\/","title":{"rendered":"10015 Gor\u0105ca sprzeda\u017c Podw\u00f3jny efekt hydrauliczny si\u0142ownik t\u0142okowy do przesadzarki"},"content":{"rendered":"<h2>Produkt 10015 Gor\u0105ca sprzeda\u017c Dwufunkcyjny hydrauliczny si\u0142ownik t\u0142okowy do sadzarki Wprowadzenie:<\/h2>\n<p>Je\u015bli szukasz wysokiej jako\u015bci hydraulicznego cylindra t\u0142okowego do swojej sadzarki, dwukierunkowy cylinder t\u0142okowy 10015 to doskona\u0142y wyb\u00f3r. Ten cylinder zosta\u0142 starannie wykonany, aby zapewni\u0107 optymaln\u0105 wydajno\u015b\u0107, niezawodno\u015b\u0107 i trwa\u0142o\u015b\u0107 nawet w najtrudniejszych warunkach.<\/p>\n<p>Cylinder t\u0142okowy 10015 charakteryzuje si\u0119 konstrukcj\u0105 dwustronnego dzia\u0142ania, kt\u00f3ra zapewnia p\u0142ynniejsz\u0105 i wydajniejsz\u0105 prac\u0119. Precyzyjna konstrukcja gwarantuje sta\u0142\u0105 funkcjonalno\u015b\u0107 i wydajno\u015b\u0107, a trwa\u0142e materia\u0142y konstrukcyjne sprawiaj\u0105, \u017ce jest on wytrzyma\u0142y i trwa\u0142y.<\/p>\n<p>Dzi\u0119ki solidnej i niezawodnej konstrukcji si\u0142ownik t\u0142okowy 10015 idealnie nadaje si\u0119 do szerokiego zakresu zastosowa\u0144, w tym maszyn rolniczych, sprz\u0119tu budowlanego i wielu innych. Je\u015bli szukasz niezawodnego i wydajnego si\u0142ownika hydraulicznego t\u0142okowego, si\u0142ownik t\u0142okowy dwustronnego dzia\u0142ania 10015 to doskona\u0142y wyb\u00f3r.<\/p>\n<p><img decoding=\"async\" src=\"https:\/\/hzpt.com\/wp-content\/uploads\/2023\/12\/insert-3.webp\" alt=\"\" title=\"\"><\/p>\n<h2>Zalety cylindra spawanego typu wide\u0142kowego<\/h2>\n<p>Spawane cylindry wide\u0142kowe s\u0105 popularnym wyborem w wielu zastosowaniach przemys\u0142owych ze wzgl\u0119du na swoje unikalne zalety i korzy\u015bci. Oto niekt\u00f3re z kluczowych zalet spawanych cylindr\u00f3w wide\u0142kowych:<\/p>\n<h3>1. Zwi\u0119kszona wytrzyma\u0142o\u015b\u0107 i trwa\u0142o\u015b\u0107<\/h3>\n<p>Cylindry z mocowaniem wide\u0142kowym spawane s\u0105 wyposa\u017cone w spawan\u0105 za\u015blepk\u0119, co zapewnia wi\u0119ksz\u0105 wytrzyma\u0142o\u015b\u0107 i trwa\u0142o\u015b\u0107 w por\u00f3wnaniu z innymi typami cylindr\u00f3w. Dzi\u0119ki temu idealnie nadaj\u0105 si\u0119 do zastosowa\u0144 wymagaj\u0105cych du\u017cej wytrzyma\u0142o\u015bci i trwa\u0142o\u015bci.<\/p>\n<p>Dodatkowo spawana konstrukcja tych cylindr\u00f3w zmniejsza ryzyko przeciek\u00f3w lub awarii, co mo\u017ce przyczyni\u0107 si\u0119 do ograniczenia przestoj\u00f3w i koszt\u00f3w konserwacji.<\/p>\n<h3>2. Zdolno\u015b\u0107 do radzenia sobie z wysokim ci\u015bnieniem<\/h3>\n<p>Spawane si\u0142owniki wide\u0142kowe s\u0105 r\u00f3wnie\u017c w stanie wytrzyma\u0107 wysokie ci\u015bnienie, co czyni je popularnym wyborem w takich bran\u017cach jak budownictwo, g\u00f3rnictwo oraz przemys\u0142 naftowo-gazowy. Ich zdolno\u015b\u0107 do pracy w wysokich ci\u015bnieniach gwarantuje niezawodn\u0105 prac\u0119 w wymagaj\u0105cych warunkach.<\/p>\n<h3>3. Mo\u017cliwo\u015b\u0107 dostosowania projektu<\/h3>\n<p>Spawane si\u0142owniki wide\u0142kowe mog\u0105 by\u0107 projektowane na zam\u00f3wienie, aby spe\u0142ni\u0107 specyficzne wymagania danego zastosowania. Oznacza to, \u017ce mo\u017cna je dostosowa\u0107 do konkretnego rozmiaru, kszta\u0142tu lub wymaga\u0144 wydajno\u015bciowych. Mo\u017cliwo\u015b\u0107 dostosowania konstrukcji zapewnia r\u00f3wnie\u017c wi\u0119ksz\u0105 elastyczno\u015b\u0107 w procesie produkcji, co mo\u017ce prowadzi\u0107 do oszcz\u0119dno\u015bci koszt\u00f3w.<\/p>\n<h3>4. \u0141atwa instalacja<\/h3>\n<p>Spawane si\u0142owniki wide\u0142kowe s\u0105 zaprojektowane z my\u015bl\u0105 o \u0142atwej instalacji, co pozwala skr\u00f3ci\u0107 czas konfiguracji i obni\u017cy\u0107 koszty robocizny. Zazwyczaj s\u0105 one wst\u0119pnie zmontowane i gotowe do u\u017cycia od razu po wyj\u0119ciu z opakowania, co minimalizuje potrzeb\u0119 stosowania dodatkowych cz\u0119\u015bci lub podzespo\u0142\u00f3w.<\/p>\n<h3>5. Poprawiona wydajno\u015b\u0107<\/h3>\n<p>Konstrukcja spawanych si\u0142ownik\u00f3w wide\u0142kowych zapewnia lepsz\u0105 wydajno\u015b\u0107 w por\u00f3wnaniu z innymi typami si\u0142ownik\u00f3w. S\u0105 one w stanie wygenerowa\u0107 wi\u0119ksz\u0105 si\u0142\u0119 na jednostk\u0119 ci\u015bnienia, co mo\u017ce przyczyni\u0107 si\u0119 do poprawy wydajno\u015bci i produktywno\u015bci w zastosowaniach przemys\u0142owych.<\/p>\n<p>Og\u00f3lnie rzecz bior\u0105c, spawane si\u0142owniki wide\u0142kowe oferuj\u0105 szereg zalet i korzy\u015bci, kt\u00f3re czyni\u0105 je popularnym wyborem w wielu zastosowaniach przemys\u0142owych. Ich zwi\u0119kszona wytrzyma\u0142o\u015b\u0107 i trwa\u0142o\u015b\u0107, odporno\u015b\u0107 na wysokie ci\u015bnienie, mo\u017cliwo\u015b\u0107 dostosowania konstrukcji, \u0142atwo\u015b\u0107 monta\u017cu i lepsza wydajno\u015b\u0107 sprawiaj\u0105, \u017ce s\u0105 idealnym wyborem w wymagaj\u0105cych \u015brodowiskach, gdzie niezawodno\u015b\u0107 i wydajno\u015b\u0107 s\u0105 kluczowe.<\/p>\n<h2>Zastosowanie cylindra spawanego typu wide\u0142kowego<\/h2>\n<ul>\n<li><strong>Maszyny przemys\u0142owe:<\/strong> Cylindry z mocowaniem wide\u0142kowym spawane s\u0105 szeroko stosowane w r\u00f3\u017cnych maszynach przemys\u0142owych do ci\u0119\u017ckich zastosowa\u0144. Cylindry te s\u0105 w stanie wytwarza\u0107 du\u017c\u0105 si\u0142\u0119 wyj\u015bciow\u0105 do podnoszenia i dociskania element\u00f3w maszyn. Konstrukcja z mocowaniem wide\u0142kowym spawanym zapewnia \u0142atwy monta\u017c i wydajn\u0105 prac\u0119, co czyni je popularnym wyborem w\u015br\u00f3d producent\u00f3w.\n<ul>\n<li>W przemy\u015ble wytw\u00f3rczym cylindry typu wide\u0142kowego spawane stosowane s\u0105 w prasach hydraulicznych, wtryskarkach i urz\u0105dzeniach do t\u0142oczenia metali w celu zapewnienia si\u0142y niezb\u0119dnej do formowania i kszta\u0142towania arkuszy blachy.<\/li>\n<li>W przemy\u015ble motoryzacyjnym cylindry te stosuje si\u0119 w podno\u015bnikach samochodowych, windach i maszynach monta\u017cowych do podnoszenia ci\u0119\u017ckich komponent\u00f3w w trakcie procesu produkcyjnego.<\/li>\n<li>W bran\u017cy budowlanej cylindry typu wide\u0142kowego spawane stosowane s\u0105 w d\u017awigach, koparkach i spycharkach do zasilania uk\u0142ad\u00f3w hydraulicznych podnosz\u0105cych i przemieszczaj\u0105cych ci\u0119\u017ckie \u0142adunki.<\/li>\n<\/ul>\n<\/li>\n<li><strong>Maszyny rolnicze:<\/strong> Maszyny rolnicze to jeden z najwa\u017cniejszych obszar\u00f3w zastosowania cylindr\u00f3w spawanych z wide\u0142kami. Cylindry te s\u0105 stosowane w r\u00f3\u017cnych maszynach rolniczych, w tym w ci\u0105gnikach, kombajnach i p\u0142ugach, aby zapewni\u0107 niezb\u0119dn\u0105 si\u0142\u0119 do przygotowania gleby, sadzenia i zbioru.\n<ul>\n<li>W przemy\u015ble rolniczym cylindry typu wide\u0142kowego spawane stosowane s\u0105 w p\u0142ugach, kultywatorach i siewnikach w celu zapewnienia si\u0142y niezb\u0119dnej do przygotowania gleby i sadzenia nasion.<\/li>\n<li>W przemy\u015ble \u017cniwnym si\u0142owniki te s\u0105 stosowane w maszynach \u017cniwnych, prasach i kosiarkach do zasilania uk\u0142ad\u00f3w hydraulicznych, kt\u00f3re zbieraj\u0105 i transportuj\u0105 plony.<\/li>\n<\/ul>\n<\/li>\n<li><strong>Lotnictwo i obronno\u015b\u0107:<\/strong> Cylindry typu wide\u0142kowego spawane s\u0105 r\u00f3wnie\u017c wykorzystywane w przemy\u015ble lotniczym i obronnym, gdzie wykorzystuje si\u0119 je w szerokim zakresie w samolotach, rakietach, pociskach i systemach obronnych.\n<ul>\n<li>W przemy\u015ble lotniczym cylindry typu wide\u0142kowego spawane stosowane s\u0105 w podwoziach samolot\u00f3w, klapach i hamulcach, aby zapewni\u0107 si\u0142\u0119 potrzebn\u0105 do startu i l\u0105dowania.<\/li>\n<li>W przemy\u015ble obronnym cylindry te stosuje si\u0119 w wyrzutniach rakiet, wie\u017cach dzia\u0142 i systemach czo\u0142gowych do zasilania uk\u0142ad\u00f3w hydraulicznych kontroluj\u0105cych ruch broni i amunicji.<\/li>\n<\/ul>\n<\/li>\n<li><strong>Przemys\u0142 morski:<\/strong> Cylindry typu wide\u0142kowego spawane s\u0105 r\u00f3wnie\u017c szeroko stosowane w przemy\u015ble morskim, gdzie wykorzystuje si\u0119 je w r\u00f3\u017cnych zastosowaniach na statkach, \u0142odziach i pojazdach podwodnych.\n<ul>\n<li>W przemy\u015ble stoczniowym cylindry typu wide\u0142kowego spawane stosowane s\u0105 w d\u017awigach, wyci\u0105garkach i sprz\u0119cie do prze\u0142adunku towar\u00f3w w celu zapewnienia si\u0142y niezb\u0119dnej do za\u0142adunku i roz\u0142adunku towar\u00f3w.<\/li>\n<li>W przemy\u015ble \u017ceglarskim cylindry te stosuje si\u0119 w uk\u0142adach sterowania, \u015brubach nap\u0119dowych i systemach kotwicznych, aby zapewni\u0107 si\u0142\u0119 niezb\u0119dn\u0105 do kontrolowania ruchu \u0142odzi i statk\u00f3w.<\/li>\n<li>W bran\u017cy pojazd\u00f3w podwodnych cylindry typu Welded Clevis s\u0105 stosowane w pojazdach podwodnych, pojazdach zdalnie sterowanych (ROV) i sprz\u0119cie nurkowym w celu zapewnienia si\u0142y niezb\u0119dnej do operacji podwodnych.<\/li>\n<\/ul>\n<\/li>\n<li><strong>Przemys\u0142 g\u00f3rniczy:<\/strong> Cylindry typu wide\u0142kowego spawane s\u0105 r\u00f3wnie\u017c wykorzystywane w przemy\u015ble g\u00f3rniczym, gdzie wykorzystuje si\u0119 je w r\u00f3\u017cnych zastosowaniach zwi\u0105zanych z wydobyciem minera\u0142\u00f3w i transportem materia\u0142\u00f3w.\n<ul>\n<li>W przemy\u015ble g\u00f3rniczym cylindry typu wide\u0142kowego spawane stosowane s\u0105 w systemach przeno\u015bnik\u00f3w ta\u015bmowych, maszynach wiertniczych i koparkach hydraulicznych w celu zapewnienia si\u0142y niezb\u0119dnej do wydobywania minera\u0142\u00f3w i materia\u0142\u00f3w z kopalni i kamienio\u0142om\u00f3w.<\/li>\n<\/ul>\n<\/li>\n<\/ul>\n<h2>O FMP<\/h2>\n<p>FMP zajmuje wiod\u0105c\u0105 pozycj\u0119 w segmencie cylindr\u00f3w hydraulicznych do maszyn mobilnych we W\u0142oszech. Nasze moce produkcyjne wynosz\u0105ce 200 000 zestaw\u00f3w, w tym 300 zestaw\u00f3w z r\u00f3\u017cnymi, w pe\u0142ni zautomatyzowanymi urz\u0105dzeniami do produkcji CNC oraz w pe\u0142ni zautomatyzowanymi urz\u0105dzeniami do monta\u017cu cylindr\u00f3w hydraulicznych, gwarantuj\u0105 wysok\u0105 jako\u015b\u0107 produkt\u00f3w i doskona\u0142\u0105 obs\u0142ug\u0119.<\/p>\n<p>Opr\u00f3cz dwustronnego dzia\u0142ania si\u0142ownika hydraulicznego do przesadzarek, oferujemy r\u00f3wnie\u017c szereg innych produkt\u00f3w, w tym si\u0142owniki hydrauliczne do podest\u00f3w ruchomych, pojazd\u00f3w przemys\u0142owych, wiertnic obrotowych, d\u017awig\u00f3w samochodowych, maszyn budowlanych, w\u00f3zk\u00f3w wid\u0142owych, wywrotek kopalnianych, maszyn do oczyszczania \u015brodowiska i innych. Oferujemy r\u00f3wnie\u017c projekty niestandardowe na podstawie dostarczonych pr\u00f3bek i rysunk\u00f3w.<\/p>\n<h2>Dlaczego warto wybra\u0107 FMP?<\/h2>\n<p>W FMP oferujemy wysokiej jako\u015bci produkty w konkurencyjnych cenach i doskona\u0142\u0105 obs\u0142ug\u0119. Dok\u0142adamy wszelkich stara\u0144, aby spe\u0142nia\u0107, a nawet przekracza\u0107 oczekiwania klient\u00f3w.<\/p>\n<p><img loading=\"lazy\" decoding=\"async\" class=\"\" src=\"https:\/\/hzpt.com\/wp-content\/uploads\/2023\/12\/insert-5.webp\" alt=\"Fabryka FMP\" width=\"918\" height=\"514\" title=\"\"><\/p>\n<h2>Cz\u0119sto zadawane pytania<\/h2>\n<ol>\n<li>P: Jaka jest no\u015bno\u015b\u0107 si\u0142ownika t\u0142okowego hydraulicznego? O: Szczeg\u00f3\u0142y mo\u017cna uzyska\u0107 na \u017cyczenie.<\/li>\n<li>P: Jak cz\u0119sto nale\u017cy wymienia\u0107 olej hydrauliczny? O: To zale\u017cy od cz\u0119stotliwo\u015bci u\u017cytkowania.<\/li>\n<li>P: Czy si\u0142ownik hydrauliczny t\u0142okowy mo\u017cna stosowa\u0107 w innych maszynach? O: Tak, mo\u017cna go dostosowa\u0107 do r\u00f3\u017cnych zastosowa\u0144.<\/li>\n<li>P: Jak mog\u0119 zmierzy\u0107 cylinder hydrauliczny? O: Zapewnimy szczeg\u00f3\u0142owy przewodnik.<\/li>\n<li>P: Czy FMP oferuje us\u0142ugi instalacyjne? O: Tak. Prosimy o kontakt w celu uzyskania dalszych informacji.<\/li>\n<\/ol>\n<p>Autor:CX<\/p>","protected":false},"excerpt":{"rendered":"<p>Product 10015 Hot Sale Double Effect Hydraulic Piston Cylinder for Transplanter Introduction: If you&#8217;re looking for a high-quality hydraulic piston cylinder for your transplanter, the 10015 Double Effect Piston Cylinder is an excellent choice. This cylinder is carefully crafted to deliver optimal performance, reliability, and durability in even the toughest conditions. The 10015 piston cylinder [&hellip;]<\/p>","protected":false},"featured_media":1127,"comment_status":"closed","ping_status":"closed","template":"","meta":{"_et_pb_use_builder":"","_et_pb_old_content":"","_et_gb_content_width":""},"product_brand":[],"product_cat":[36],"product_tag":[34,38],"class_list":{"0":"post-1023","1":"product","2":"type-product","3":"status-publish","4":"has-post-thumbnail","6":"product_cat-welded-clevis-type-cylinder","7":"product_tag-hydraulic-cylinder","8":"product_tag-welded-clevis-type-cylinder","10":"first","11":"instock","12":"product-type-simple"},"_links":{"self":[{"href":"https:\/\/fmp-components.com\/pl\/wp-json\/wp\/v2\/product\/1023","targetHints":{"allow":["GET"]}}],"collection":[{"href":"https:\/\/fmp-components.com\/pl\/wp-json\/wp\/v2\/product"}],"about":[{"href":"https:\/\/fmp-components.com\/pl\/wp-json\/wp\/v2\/types\/product"}],"replies":[{"embeddable":true,"href":"https:\/\/fmp-components.com\/pl\/wp-json\/wp\/v2\/comments?post=1023"}],"wp:featuredmedia":[{"embeddable":true,"href":"https:\/\/fmp-components.com\/pl\/wp-json\/wp\/v2\/media\/1127"}],"wp:attachment":[{"href":"https:\/\/fmp-components.com\/pl\/wp-json\/wp\/v2\/media?parent=1023"}],"wp:term":[{"taxonomy":"product_brand","embeddable":true,"href":"https:\/\/fmp-components.com\/pl\/wp-json\/wp\/v2\/product_brand?post=1023"},{"taxonomy":"product_cat","embeddable":true,"href":"https:\/\/fmp-components.com\/pl\/wp-json\/wp\/v2\/product_cat?post=1023"},{"taxonomy":"product_tag","embeddable":true,"href":"https:\/\/fmp-components.com\/pl\/wp-json\/wp\/v2\/product_tag?post=1023"}],"curies":[{"name":"wp","href":"https:\/\/api.w.org\/{rel}","templated":true}]}}