{"id":1021,"date":"2024-12-19T06:16:24","date_gmt":"2024-12-19T06:16:24","guid":{"rendered":"https:\/\/fmp-components.com\/product\/10013-factory-serving-stainless-steel-double-acting-hydraulic-cylinder-for-subsoiler\/"},"modified":"2025-03-18T00:48:23","modified_gmt":"2025-03-18T00:48:23","slug":"10013-factory-serving-stainless-steel-double-acting-hydraulic-cylinder-for-subsoiler","status":"publish","type":"product","link":"https:\/\/fmp-components.com\/pl\/product\/10013-factory-serving-stainless-steel-double-acting-hydraulic-cylinder-for-subsoiler\/","title":{"rendered":"10013 Fabrycznie obs\u0142ugiwany si\u0142ownik hydrauliczny dwustronnego dzia\u0142ania ze stali nierdzewnej do g\u0142\u0119bosza"},"content":{"rendered":"<h2>Produkt 10013 Fabrycznie obs\u0142ugiwany si\u0142ownik hydrauliczny dwustronnego dzia\u0142ania ze stali nierdzewnej do g\u0142\u0119bosza<\/h2>\n<p>Produkt 10013, fabrycznie serwisowany, dwustronny si\u0142ownik hydrauliczny ze stali nierdzewnej do pog\u0142\u0119biacza, zosta\u0142 zaprojektowany z my\u015bl\u0105 o zapewnieniu wydajnej i niezawodnej pracy w pracach pog\u0142\u0119biaj\u0105cych. Wykonany z wysokiej jako\u015bci stali nierdzewnej, ten si\u0142ownik hydrauliczny charakteryzuje si\u0119 wyj\u0105tkow\u0105 trwa\u0142o\u015bci\u0105 i odporno\u015bci\u0105 na korozj\u0119, gwarantuj\u0105c d\u0142ug\u0105 \u017cywotno\u015b\u0107 nawet w trudnych warunkach.<\/p>\n<p>Ten si\u0142ownik hydrauliczny o dwustronnym dzia\u0142aniu zapewnia precyzyjn\u0105 kontrol\u0119 i wydajn\u0105 prac\u0119. Umo\u017cliwia on g\u0142\u0119boszowi \u0142atwe zag\u0142\u0119bianie si\u0119 w gleb\u0119, zwi\u0119kszaj\u0105c wydajno\u015b\u0107 procesu g\u0142\u0119boszowania. Dzi\u0119ki solidnej konstrukcji i niezawodnej pracy, si\u0142ownik ten stanowi cenne uzupe\u0142nienie ka\u017cdego g\u0142\u0119bosza.<\/p>\n<p><img decoding=\"async\" src=\"https:\/\/hzpt.com\/wp-content\/uploads\/2023\/12\/insert-4.webp?v=1694163707\" alt=\"\" title=\"\"><\/p>\n<p>Produkt 10013, fabrycznie serwisowany, dwustronny si\u0142ownik hydrauliczny ze stali nierdzewnej do g\u0142\u0119bosza, jest produkowany w naszej wyspecjalizowanej fabryce, co gwarantuje najwy\u017csz\u0105 jako\u015b\u0107 i zgodno\u015b\u0107 z surowymi normami bran\u017cowymi. Nasz zesp\u00f3\u0142 ekspert\u00f3w starannie wykonuje ka\u017cdy si\u0142ownik, zwracaj\u0105c uwag\u0119 na ka\u017cdy szczeg\u00f3\u0142, aby zagwarantowa\u0107 optymaln\u0105 wydajno\u015b\u0107 i zadowolenie klienta.<\/p>\n<p>Podsumowuj\u0105c, produkt 10013 Factory Serving Stainless Steel Double Acting Hydraulic Cylinder for Deepsoiler to niezawodny i trwa\u0142y si\u0142ownik hydrauliczny, zaprojektowany specjalnie do zastosowa\u0144 w g\u0142\u0119boszach. Wykonanie ze stali nierdzewnej, konstrukcja dwustronnego dzia\u0142ania i precyzja wykonania sprawiaj\u0105, \u017ce jest to idealny wyb\u00f3r do zwi\u0119kszenia wydajno\u015bci i efektywno\u015bci g\u0142\u0119bosz\u00f3w.<\/p>\n<h2>Przedstawiamy si\u0142ownik hydrauliczny dwustronnego dzia\u0142ania ze stali nierdzewnej firmy FMP do g\u0142\u0119boszy<\/h2>\n<p>Za\u0142o\u017cona w 2006 roku firma FMP jest wiod\u0105cym producentem si\u0142ownik\u00f3w hydraulicznych z siedzib\u0105 we W\u0142oszech. Nasze si\u0142owniki hydrauliczne dwustronnego dzia\u0142ania ze stali nierdzewnej do g\u0142\u0119boszy gwarantuj\u0105 wysok\u0105 jako\u015b\u0107 i trwa\u0142o\u015b\u0107, zaspokajaj\u0105c wszelkie potrzeby rolnicze.<\/p>\n<p><img decoding=\"async\" src=\"https:\/\/hzpt.com\/wp-content\/uploads\/2023\/12\/insert-3.webp\" alt=\"\" title=\"\"><\/p>\n<h2>Zalety cylindra spawanego typu wide\u0142kowego<\/h2>\n<p>Spawane cylindry wide\u0142kowe s\u0105 popularnym wyborem w wielu zastosowaniach przemys\u0142owych ze wzgl\u0119du na swoje unikalne zalety i korzy\u015bci. Oto niekt\u00f3re z kluczowych zalet spawanych cylindr\u00f3w wide\u0142kowych:<\/p>\n<h3>1. Zwi\u0119kszona wytrzyma\u0142o\u015b\u0107 i trwa\u0142o\u015b\u0107<\/h3>\n<p>Cylindry z mocowaniem wide\u0142kowym spawane s\u0105 wyposa\u017cone w spawan\u0105 za\u015blepk\u0119, co zapewnia wi\u0119ksz\u0105 wytrzyma\u0142o\u015b\u0107 i trwa\u0142o\u015b\u0107 w por\u00f3wnaniu z innymi typami cylindr\u00f3w. Dzi\u0119ki temu idealnie nadaj\u0105 si\u0119 do zastosowa\u0144 wymagaj\u0105cych du\u017cej wytrzyma\u0142o\u015bci i trwa\u0142o\u015bci.<\/p>\n<p>Dodatkowo spawana konstrukcja tych cylindr\u00f3w zmniejsza ryzyko przeciek\u00f3w lub awarii, co mo\u017ce przyczyni\u0107 si\u0119 do ograniczenia przestoj\u00f3w i koszt\u00f3w konserwacji.<\/p>\n<h3>2. Zdolno\u015b\u0107 do radzenia sobie z wysokim ci\u015bnieniem<\/h3>\n<p>Spawane si\u0142owniki wide\u0142kowe s\u0105 r\u00f3wnie\u017c w stanie wytrzyma\u0107 wysokie ci\u015bnienie, co czyni je popularnym wyborem w takich bran\u017cach jak budownictwo, g\u00f3rnictwo oraz przemys\u0142 naftowo-gazowy. Ich zdolno\u015b\u0107 do pracy w wysokich ci\u015bnieniach gwarantuje niezawodn\u0105 prac\u0119 w wymagaj\u0105cych warunkach.<\/p>\n<h3>3. Mo\u017cliwo\u015b\u0107 dostosowania projektu<\/h3>\n<p>Spawane si\u0142owniki wide\u0142kowe mog\u0105 by\u0107 projektowane na zam\u00f3wienie, aby spe\u0142ni\u0107 specyficzne wymagania danego zastosowania. Oznacza to, \u017ce mo\u017cna je dostosowa\u0107 do konkretnego rozmiaru, kszta\u0142tu lub wymaga\u0144 wydajno\u015bciowych. Mo\u017cliwo\u015b\u0107 dostosowania konstrukcji zapewnia r\u00f3wnie\u017c wi\u0119ksz\u0105 elastyczno\u015b\u0107 w procesie produkcji, co mo\u017ce prowadzi\u0107 do oszcz\u0119dno\u015bci koszt\u00f3w.<\/p>\n<h3>4. \u0141atwa instalacja<\/h3>\n<p>Spawane si\u0142owniki wide\u0142kowe s\u0105 zaprojektowane z my\u015bl\u0105 o \u0142atwej instalacji, co pozwala skr\u00f3ci\u0107 czas konfiguracji i obni\u017cy\u0107 koszty robocizny. Zazwyczaj s\u0105 one wst\u0119pnie zmontowane i gotowe do u\u017cycia od razu po wyj\u0119ciu z opakowania, co minimalizuje potrzeb\u0119 stosowania dodatkowych cz\u0119\u015bci lub podzespo\u0142\u00f3w.<\/p>\n<h3>5. Poprawiona wydajno\u015b\u0107<\/h3>\n<p>Konstrukcja spawanych si\u0142ownik\u00f3w wide\u0142kowych zapewnia lepsz\u0105 wydajno\u015b\u0107 w por\u00f3wnaniu z innymi typami si\u0142ownik\u00f3w. S\u0105 one w stanie wygenerowa\u0107 wi\u0119ksz\u0105 si\u0142\u0119 na jednostk\u0119 ci\u015bnienia, co mo\u017ce przyczyni\u0107 si\u0119 do poprawy wydajno\u015bci i produktywno\u015bci w zastosowaniach przemys\u0142owych.<\/p>\n<p>Og\u00f3lnie rzecz bior\u0105c, spawane si\u0142owniki wide\u0142kowe oferuj\u0105 szereg zalet i korzy\u015bci, kt\u00f3re czyni\u0105 je popularnym wyborem w wielu zastosowaniach przemys\u0142owych. Ich zwi\u0119kszona wytrzyma\u0142o\u015b\u0107 i trwa\u0142o\u015b\u0107, odporno\u015b\u0107 na wysokie ci\u015bnienie, mo\u017cliwo\u015b\u0107 dostosowania konstrukcji, \u0142atwo\u015b\u0107 monta\u017cu i lepsza wydajno\u015b\u0107 sprawiaj\u0105, \u017ce s\u0105 idealnym wyborem w wymagaj\u0105cych \u015brodowiskach, gdzie niezawodno\u015b\u0107 i wydajno\u015b\u0107 s\u0105 kluczowe.<\/p>\n<p><img loading=\"lazy\" decoding=\"async\" class=\"alignnone size-full wp-image-1072\" src=\"https:\/\/fmp-components.com\/wp-content\/uploads\/2024\/12\/Welded-Clevis-Type-Cylinder3.webp\" alt=\"Spawany cylinder typu wide\u0142kowego\" width=\"1616\" height=\"1229\" title=\"\" srcset=\"https:\/\/fmp-components.com\/wp-content\/uploads\/2024\/12\/Welded-Clevis-Type-Cylinder3.webp 1616w, https:\/\/fmp-components.com\/wp-content\/uploads\/2024\/12\/Welded-Clevis-Type-Cylinder3-1280x973.webp 1280w, https:\/\/fmp-components.com\/wp-content\/uploads\/2024\/12\/Welded-Clevis-Type-Cylinder3-980x745.webp 980w, https:\/\/fmp-components.com\/wp-content\/uploads\/2024\/12\/Welded-Clevis-Type-Cylinder3-480x365.webp 480w\" sizes=\"(min-width: 0px) and (max-width: 480px) 480px, (min-width: 481px) and (max-width: 980px) 980px, (min-width: 981px) and (max-width: 1280px) 1280px, (min-width: 1281px) 1616px, 100vw\" \/><\/p>\n<h2>Zastosowanie cylindra spawanego typu wide\u0142kowego<\/h2>\n<ul>\n<li><strong>Maszyny przemys\u0142owe:<\/strong> Cylindry z mocowaniem wide\u0142kowym spawane s\u0105 szeroko stosowane w r\u00f3\u017cnych maszynach przemys\u0142owych do ci\u0119\u017ckich zastosowa\u0144. Cylindry te s\u0105 w stanie wytwarza\u0107 du\u017c\u0105 si\u0142\u0119 wyj\u015bciow\u0105 do podnoszenia i dociskania element\u00f3w maszyn. Konstrukcja z mocowaniem wide\u0142kowym spawanym zapewnia \u0142atwy monta\u017c i wydajn\u0105 prac\u0119, co czyni je popularnym wyborem w\u015br\u00f3d producent\u00f3w.\n<ul>\n<li>W przemy\u015ble wytw\u00f3rczym cylindry typu wide\u0142kowego spawane stosowane s\u0105 w prasach hydraulicznych, wtryskarkach i urz\u0105dzeniach do t\u0142oczenia metali w celu zapewnienia si\u0142y niezb\u0119dnej do formowania i kszta\u0142towania arkuszy blachy.<\/li>\n<li>W przemy\u015ble motoryzacyjnym cylindry te stosuje si\u0119 w podno\u015bnikach samochodowych, windach i maszynach monta\u017cowych do podnoszenia ci\u0119\u017ckich komponent\u00f3w w trakcie procesu produkcyjnego.<\/li>\n<li>W bran\u017cy budowlanej cylindry typu wide\u0142kowego spawane stosowane s\u0105 w d\u017awigach, koparkach i spycharkach do zasilania uk\u0142ad\u00f3w hydraulicznych podnosz\u0105cych i przemieszczaj\u0105cych ci\u0119\u017ckie \u0142adunki.<\/li>\n<\/ul>\n<\/li>\n<li><strong>Maszyny rolnicze:<\/strong> Maszyny rolnicze to jeden z najwa\u017cniejszych obszar\u00f3w zastosowania cylindr\u00f3w spawanych z wide\u0142kami. Cylindry te s\u0105 stosowane w r\u00f3\u017cnych maszynach rolniczych, w tym w ci\u0105gnikach, kombajnach i p\u0142ugach, aby zapewni\u0107 niezb\u0119dn\u0105 si\u0142\u0119 do przygotowania gleby, sadzenia i zbioru.\n<ul>\n<li>W przemy\u015ble rolniczym cylindry typu wide\u0142kowego spawane stosowane s\u0105 w p\u0142ugach, kultywatorach i siewnikach w celu zapewnienia si\u0142y niezb\u0119dnej do przygotowania gleby i sadzenia nasion.<\/li>\n<li>W przemy\u015ble \u017cniwnym si\u0142owniki te s\u0105 stosowane w maszynach \u017cniwnych, prasach i kosiarkach do zasilania uk\u0142ad\u00f3w hydraulicznych, kt\u00f3re zbieraj\u0105 i transportuj\u0105 plony.<\/li>\n<\/ul>\n<\/li>\n<li><strong>Lotnictwo i obronno\u015b\u0107:<\/strong> Cylindry typu wide\u0142kowego spawane s\u0105 r\u00f3wnie\u017c wykorzystywane w przemy\u015ble lotniczym i obronnym, gdzie wykorzystuje si\u0119 je w szerokim zakresie w samolotach, rakietach, pociskach i systemach obronnych.\n<ul>\n<li>W przemy\u015ble lotniczym cylindry typu wide\u0142kowego spawane stosowane s\u0105 w podwoziach samolot\u00f3w, klapach i hamulcach, aby zapewni\u0107 si\u0142\u0119 potrzebn\u0105 do startu i l\u0105dowania.<\/li>\n<li>W przemy\u015ble obronnym cylindry te stosuje si\u0119 w wyrzutniach rakiet, wie\u017cach dzia\u0142 i systemach czo\u0142gowych do zasilania uk\u0142ad\u00f3w hydraulicznych kontroluj\u0105cych ruch broni i amunicji.<\/li>\n<\/ul>\n<\/li>\n<li><strong>Przemys\u0142 morski:<\/strong> Cylindry typu wide\u0142kowego spawane s\u0105 r\u00f3wnie\u017c szeroko stosowane w przemy\u015ble morskim, gdzie wykorzystuje si\u0119 je w r\u00f3\u017cnych zastosowaniach na statkach, \u0142odziach i pojazdach podwodnych.\n<ul>\n<li>W przemy\u015ble stoczniowym cylindry typu wide\u0142kowego spawane stosowane s\u0105 w d\u017awigach, wyci\u0105garkach i sprz\u0119cie do prze\u0142adunku towar\u00f3w w celu zapewnienia si\u0142y niezb\u0119dnej do za\u0142adunku i roz\u0142adunku towar\u00f3w.<\/li>\n<li>W przemy\u015ble \u017ceglarskim cylindry te stosuje si\u0119 w uk\u0142adach sterowania, \u015brubach nap\u0119dowych i systemach kotwicznych, aby zapewni\u0107 si\u0142\u0119 niezb\u0119dn\u0105 do kontrolowania ruchu \u0142odzi i statk\u00f3w.<\/li>\n<li>W bran\u017cy pojazd\u00f3w podwodnych cylindry typu Welded Clevis s\u0105 stosowane w pojazdach podwodnych, pojazdach zdalnie sterowanych (ROV) i sprz\u0119cie nurkowym w celu zapewnienia si\u0142y niezb\u0119dnej do operacji podwodnych.<\/li>\n<\/ul>\n<\/li>\n<li><strong>Przemys\u0142 g\u00f3rniczy:<\/strong> Cylindry typu wide\u0142kowego spawane s\u0105 r\u00f3wnie\u017c wykorzystywane w przemy\u015ble g\u00f3rniczym, gdzie wykorzystuje si\u0119 je w r\u00f3\u017cnych zastosowaniach zwi\u0105zanych z wydobyciem minera\u0142\u00f3w i transportem materia\u0142\u00f3w.\n<ul>\n<li>W przemy\u015ble g\u00f3rniczym cylindry typu wide\u0142kowego spawane stosowane s\u0105 w systemach przeno\u015bnik\u00f3w ta\u015bmowych, maszynach wiertniczych i koparkach hydraulicznych w celu zapewnienia si\u0142y niezb\u0119dnej do wydobywania minera\u0142\u00f3w i materia\u0142\u00f3w z kopalni i kamienio\u0142om\u00f3w.<\/li>\n<\/ul>\n<\/li>\n<\/ul>\n<h2>O produktach FMP<\/h2>\n<p>FMP oferuje szerok\u0105 gam\u0119 si\u0142ownik\u00f3w hydraulicznych, w tym si\u0142owniki hydrauliczne przechy\u0142u, si\u0142owniki hydrauliczne uk\u0142adu kierowniczego oraz si\u0142owniki hydraulicznego podnoszenia. Wszystkie nasze produkty s\u0105 wytwarzane z precyzj\u0105, co zapewnia niezawodn\u0105 wydajno\u015b\u0107 i trwa\u0142o\u015b\u0107.<\/p>\n<p>Wyb\u00f3r odpowiedniego oleju hydraulicznego i uszczelnienia ma kluczowe znaczenie dla wydajno\u015bci i trwa\u0142o\u015bci si\u0142ownika hydraulicznego. Nasz zesp\u00f3\u0142 ekspert\u00f3w pomo\u017ce Ci w wyborze odpowiedniego produktu, dostosowanego do Twoich indywidualnych potrzeb i wymaga\u0144.<\/p>\n<h2>O FMP<\/h2>\n<p>FMP jest wiod\u0105cym graczem na w\u0142oskim rynku cylindr\u00f3w hydraulicznych do maszyn mobilnych, z mocami produkcyjnymi na poziomie 200 000 zestaw\u00f3w i 300 zestawami r\u00f3\u017cnych, w pe\u0142ni zautomatyzowanych urz\u0105dze\u0144 produkcyjnych CNC. Oferujemy wysokiej jako\u015bci cylindry hydrauliczne w konkurencyjnych cenach, a tak\u017ce oferujemy personalizacj\u0119 na podstawie rysunk\u00f3w technicznych lub pr\u00f3bek.<\/p>\n<p>Oferujemy r\u00f3wnie\u017c cylindry hydrauliczne do podno\u015bnik\u00f3w koszowych, cylindry hydrauliczne do pojazd\u00f3w przemys\u0142owych, cylindry do obrotowych wiertnic, cylindry do d\u017awig\u00f3w samochodowych, cylindry hydrauliczne do maszyn budowlanych, cylindry hydrauliczne do w\u00f3zk\u00f3w wid\u0142owych, cylindry do wywrotek g\u00f3rniczych i cylindry hydrauliczne do maszyn sanitarnych.<\/p>\n<p>Zaufaj FMP i ciesz si\u0119 produktami wysokiej jako\u015bci, korzystnymi cenami oraz profesjonaln\u0105 obs\u0142ug\u0105.<\/p>\n<p><img decoding=\"async\" src=\"https:\/\/hzpt.com\/wp-content\/uploads\/2023\/12\/insert-5.webp\" alt=\"Fabryka FMP\" title=\"\"><\/p>\n<h2>Cz\u0119sto zadawane pytania<\/h2>\n<h3>P1: Jaka jest wydajno\u015b\u0107 Twojego si\u0142ownika hydraulicznego?<\/h3>\n<p>A1: Nasze cylindry hydrauliczne charakteryzuj\u0105 si\u0119 du\u017c\u0105 wytrzyma\u0142o\u015bci\u0105. Szczeg\u00f3\u0142owe specyfikacje mo\u017cemy dostarczy\u0107 na \u017cyczenie.<\/p>\n<h3>P2: Co wyr\u00f3\u017cnia produkty FMP?<\/h3>\n<p>A2: Nasze produkty s\u0142yn\u0105 z energooszcz\u0119dno\u015bci, wydajno\u015bci i bezpiecze\u0144stwa. U\u017cywamy stali nierdzewnej, aby zapewni\u0107 trwa\u0142o\u015b\u0107 i odporno\u015b\u0107 na korozj\u0119.<\/p>\n<h3>P3: Jak dzia\u0142a uk\u0142ad hydrauliczny Pa\u0144stwa produktu?<\/h3>\n<p>A3: Nasze cylindry hydrauliczne dzia\u0142aj\u0105 na zasadzie si\u0142y hydraulicznej. P\u0142yn hydrauliczny pod ci\u015bnieniem s\u0142u\u017cy do generowania ruchu liniowego i si\u0142y.<\/p>\n<h3>P4: Jakie s\u0105 zastosowania Pa\u0144stwa cylindr\u00f3w hydraulicznych?<\/h3>\n<p>A4: Nasze si\u0142owniki hydrauliczne s\u0105 stosowane g\u0142\u00f3wnie w g\u0142\u0119boszach, gdzie usprawniaj\u0105 spulchnianie gleby, co przek\u0142ada si\u0119 na lepszy wzrost upraw i plon\u00f3w.<\/p>\n<h3>P5: Jak wybra\u0107 odpowiedni olej hydrauliczny i uszczelnienie?<\/h3>\n<p>A5: Nasz zesp\u00f3\u0142 ekspert\u00f3w mo\u017ce doradzi\u0107 Pa\u0144stwu w wyborze odpowiedniego oleju hydraulicznego i uszczelnienia, bior\u0105c pod uwag\u0119 Pa\u0144stwa indywidualne potrzeby i wymagania.<\/p>\n<p>Autor:CX<\/p>","protected":false},"excerpt":{"rendered":"<p>Product 10013 Factory Serving Stainless Steel Double Acting Hydraulic Cylinder for Subsoiler The product 10013 Factory Serving Stainless Steel Double Acting Hydraulic Cylinder for Subsoiler is designed to provide efficient and reliable performance in subsoiling applications. Made from high-quality stainless steel materials, this hydraulic cylinder offers exceptional durability and resistance to corrosion, ensuring a long [&hellip;]<\/p>","protected":false},"featured_media":1127,"comment_status":"closed","ping_status":"closed","template":"","meta":{"_et_pb_use_builder":"","_et_pb_old_content":"","_et_gb_content_width":""},"product_brand":[],"product_cat":[36],"product_tag":[34,38],"class_list":{"0":"post-1021","1":"product","2":"type-product","3":"status-publish","4":"has-post-thumbnail","6":"product_cat-welded-clevis-type-cylinder","7":"product_tag-hydraulic-cylinder","8":"product_tag-welded-clevis-type-cylinder","10":"first","11":"instock","12":"product-type-simple"},"_links":{"self":[{"href":"https:\/\/fmp-components.com\/pl\/wp-json\/wp\/v2\/product\/1021","targetHints":{"allow":["GET"]}}],"collection":[{"href":"https:\/\/fmp-components.com\/pl\/wp-json\/wp\/v2\/product"}],"about":[{"href":"https:\/\/fmp-components.com\/pl\/wp-json\/wp\/v2\/types\/product"}],"replies":[{"embeddable":true,"href":"https:\/\/fmp-components.com\/pl\/wp-json\/wp\/v2\/comments?post=1021"}],"wp:featuredmedia":[{"embeddable":true,"href":"https:\/\/fmp-components.com\/pl\/wp-json\/wp\/v2\/media\/1127"}],"wp:attachment":[{"href":"https:\/\/fmp-components.com\/pl\/wp-json\/wp\/v2\/media?parent=1021"}],"wp:term":[{"taxonomy":"product_brand","embeddable":true,"href":"https:\/\/fmp-components.com\/pl\/wp-json\/wp\/v2\/product_brand?post=1021"},{"taxonomy":"product_cat","embeddable":true,"href":"https:\/\/fmp-components.com\/pl\/wp-json\/wp\/v2\/product_cat?post=1021"},{"taxonomy":"product_tag","embeddable":true,"href":"https:\/\/fmp-components.com\/pl\/wp-json\/wp\/v2\/product_tag?post=1021"}],"curies":[{"name":"wp","href":"https:\/\/api.w.org\/{rel}","templated":true}]}}